{"id":12223,"date":"2025-12-16T02:09:27","date_gmt":"2025-12-16T02:09:27","guid":{"rendered":"https:\/\/www.alovey.com\/?post_type=product&#038;p=12223"},"modified":"2025-12-16T02:36:13","modified_gmt":"2025-12-16T02:36:13","slug":"cute-eyeshadow-palette-with-key-ring","status":"publish","type":"product","link":"https:\/\/www.alovey.com\/es\/producto\/cute-eyeshadow-palette-with-key-ring\/","title":{"rendered":"Cute Eyeshadow Palette Container With Key Ring"},"content":{"rendered":"<p><strong>This cute eyeshadow palette container\u00a0with key ring \u00a0is a mini, portable cosmetic packaging solution\u00a0designed for single eyeshadow or blush.<\/strong><\/p>\n<p><strong>Featuring an attached keyring, it easily clips onto bags, keys, or backpacks\u2014perfect for on-the-go touch-ups and trendy beauty collections.<\/strong><\/p>\n<p><strong>Key Features<\/strong><\/p>\n<p><strong>Compact &amp; Lightweight Design: Ideal for single eyeshadow or blush, saving space while staying stylish.<\/strong><\/p>\n<p><strong>Built-in Keyring: Convenient to carry anywhere; doubles as a fashion accessory.<\/strong><\/p>\n<p><strong>Durable Material: Made from sturdy plastic to protect powder formulas from cracking or leakage.<\/strong><\/p>\n<p><strong>Cute &amp; Eye-Catching Look: Playful design that enhances brand appeal, especially for younger or travel-focused consumers.<\/strong><\/p>\n<p><strong>Alovey, como fabricante profesional chino de envases para cosm\u00e9ticos, produce una exquisita gama de envases personalizados para cosm\u00e9ticos, meticulosamente elaborados para elevar su marca. Nuestra variada selecci\u00f3n de materiales de primera calidad, combinada con delicadas t\u00e9cnicas de acabado superficial como la serigraf\u00eda, la estampaci\u00f3n en caliente y la pulverizaci\u00f3n mate, garantiza que cada envase sea una obra maestra \u00fanica.<\/strong><\/p>\n<p>&nbsp;<\/p>\n<p>&nbsp;<\/p>\n<p><img fetchpriority=\"high\" decoding=\"async\" class=\"size-full wp-image-12229\" src=\"https:\/\/www.alovey.com\/wp-content\/uploads\/2025\/12\/Cute-Eyeshadow-Palette-Container-With-Key-Ring-7.jpg\" alt=\"\" width=\"750\" height=\"750\" srcset=\"https:\/\/www.alovey.com\/wp-content\/uploads\/2025\/12\/Cute-Eyeshadow-Palette-Container-With-Key-Ring-7.jpg 750w, https:\/\/www.alovey.com\/wp-content\/uploads\/2025\/12\/Cute-Eyeshadow-Palette-Container-With-Key-Ring-7-300x300.jpg 300w, https:\/\/www.alovey.com\/wp-content\/uploads\/2025\/12\/Cute-Eyeshadow-Palette-Container-With-Key-Ring-7-150x150.jpg 150w, https:\/\/www.alovey.com\/wp-content\/uploads\/2025\/12\/Cute-Eyeshadow-Palette-Container-With-Key-Ring-7-12x12.jpg 12w, https:\/\/www.alovey.com\/wp-content\/uploads\/2025\/12\/Cute-Eyeshadow-Palette-Container-With-Key-Ring-7-600x600.jpg 600w, https:\/\/www.alovey.com\/wp-content\/uploads\/2025\/12\/Cute-Eyeshadow-Palette-Container-With-Key-Ring-7-100x100.jpg 100w\" sizes=\"(max-width: 750px) 100vw, 750px\" \/><\/p>\n<figure id=\"attachment_12227\" aria-describedby=\"caption-attachment-12227\" style=\"width: 750px\" class=\"wp-caption alignnone\"><img decoding=\"async\" class=\"size-full wp-image-12227\" src=\"https:\/\/www.alovey.com\/wp-content\/uploads\/2025\/12\/Cute-Eyeshadow-Palette-Container-With-Key-Ring-5.jpg\" alt=\"Eyeshadow Palette\" width=\"750\" height=\"750\" srcset=\"https:\/\/www.alovey.com\/wp-content\/uploads\/2025\/12\/Cute-Eyeshadow-Palette-Container-With-Key-Ring-5.jpg 750w, https:\/\/www.alovey.com\/wp-content\/uploads\/2025\/12\/Cute-Eyeshadow-Palette-Container-With-Key-Ring-5-300x300.jpg 300w, https:\/\/www.alovey.com\/wp-content\/uploads\/2025\/12\/Cute-Eyeshadow-Palette-Container-With-Key-Ring-5-150x150.jpg 150w, https:\/\/www.alovey.com\/wp-content\/uploads\/2025\/12\/Cute-Eyeshadow-Palette-Container-With-Key-Ring-5-12x12.jpg 12w, https:\/\/www.alovey.com\/wp-content\/uploads\/2025\/12\/Cute-Eyeshadow-Palette-Container-With-Key-Ring-5-600x600.jpg 600w, https:\/\/www.alovey.com\/wp-content\/uploads\/2025\/12\/Cute-Eyeshadow-Palette-Container-With-Key-Ring-5-100x100.jpg 100w\" sizes=\"(max-width: 750px) 100vw, 750px\" \/><figcaption id=\"caption-attachment-12227\" class=\"wp-caption-text\">\u00a0<\/figcaption><\/figure>\n<figure id=\"attachment_12226\" aria-describedby=\"caption-attachment-12226\" style=\"width: 750px\" class=\"wp-caption alignnone\"><img decoding=\"async\" class=\"size-full wp-image-12226\" src=\"https:\/\/www.alovey.com\/wp-content\/uploads\/2025\/12\/Cute-Eyeshadow-Palette-Container-With-Key-Ring-4.jpg\" alt=\"Eyeshadow Palette\" width=\"750\" height=\"750\" srcset=\"https:\/\/www.alovey.com\/wp-content\/uploads\/2025\/12\/Cute-Eyeshadow-Palette-Container-With-Key-Ring-4.jpg 750w, https:\/\/www.alovey.com\/wp-content\/uploads\/2025\/12\/Cute-Eyeshadow-Palette-Container-With-Key-Ring-4-300x300.jpg 300w, https:\/\/www.alovey.com\/wp-content\/uploads\/2025\/12\/Cute-Eyeshadow-Palette-Container-With-Key-Ring-4-150x150.jpg 150w, https:\/\/www.alovey.com\/wp-content\/uploads\/2025\/12\/Cute-Eyeshadow-Palette-Container-With-Key-Ring-4-12x12.jpg 12w, https:\/\/www.alovey.com\/wp-content\/uploads\/2025\/12\/Cute-Eyeshadow-Palette-Container-With-Key-Ring-4-600x600.jpg 600w, https:\/\/www.alovey.com\/wp-content\/uploads\/2025\/12\/Cute-Eyeshadow-Palette-Container-With-Key-Ring-4-100x100.jpg 100w\" sizes=\"(max-width: 750px) 100vw, 750px\" \/><figcaption id=\"caption-attachment-12226\" class=\"wp-caption-text\">\u00a0<\/figcaption><\/figure>\n<figure id=\"attachment_12225\" aria-describedby=\"caption-attachment-12225\" style=\"width: 750px\" class=\"wp-caption alignnone\"><img loading=\"lazy\" decoding=\"async\" class=\"size-full wp-image-12225\" src=\"https:\/\/www.alovey.com\/wp-content\/uploads\/2025\/12\/Cute-Eyeshadow-Palette-Container-With-Key-Ring-3.jpg\" alt=\"Eyeshadow Palette\" width=\"750\" height=\"750\" srcset=\"https:\/\/www.alovey.com\/wp-content\/uploads\/2025\/12\/Cute-Eyeshadow-Palette-Container-With-Key-Ring-3.jpg 750w, https:\/\/www.alovey.com\/wp-content\/uploads\/2025\/12\/Cute-Eyeshadow-Palette-Container-With-Key-Ring-3-300x300.jpg 300w, https:\/\/www.alovey.com\/wp-content\/uploads\/2025\/12\/Cute-Eyeshadow-Palette-Container-With-Key-Ring-3-150x150.jpg 150w, https:\/\/www.alovey.com\/wp-content\/uploads\/2025\/12\/Cute-Eyeshadow-Palette-Container-With-Key-Ring-3-12x12.jpg 12w, https:\/\/www.alovey.com\/wp-content\/uploads\/2025\/12\/Cute-Eyeshadow-Palette-Container-With-Key-Ring-3-600x600.jpg 600w, https:\/\/www.alovey.com\/wp-content\/uploads\/2025\/12\/Cute-Eyeshadow-Palette-Container-With-Key-Ring-3-100x100.jpg 100w\" sizes=\"(max-width: 750px) 100vw, 750px\" \/><figcaption id=\"caption-attachment-12225\" class=\"wp-caption-text\">\u00a0<\/figcaption><\/figure>\n<figure id=\"attachment_12224\" aria-describedby=\"caption-attachment-12224\" style=\"width: 750px\" class=\"wp-caption alignnone\"><img loading=\"lazy\" decoding=\"async\" class=\"size-full wp-image-12224\" src=\"https:\/\/www.alovey.com\/wp-content\/uploads\/2025\/12\/Cute-Eyeshadow-Palette-Container-With-Key-Ring-2.jpg\" alt=\"Eyeshadow Palette\" width=\"750\" height=\"750\" srcset=\"https:\/\/www.alovey.com\/wp-content\/uploads\/2025\/12\/Cute-Eyeshadow-Palette-Container-With-Key-Ring-2.jpg 750w, https:\/\/www.alovey.com\/wp-content\/uploads\/2025\/12\/Cute-Eyeshadow-Palette-Container-With-Key-Ring-2-300x300.jpg 300w, https:\/\/www.alovey.com\/wp-content\/uploads\/2025\/12\/Cute-Eyeshadow-Palette-Container-With-Key-Ring-2-150x150.jpg 150w, https:\/\/www.alovey.com\/wp-content\/uploads\/2025\/12\/Cute-Eyeshadow-Palette-Container-With-Key-Ring-2-12x12.jpg 12w, https:\/\/www.alovey.com\/wp-content\/uploads\/2025\/12\/Cute-Eyeshadow-Palette-Container-With-Key-Ring-2-600x600.jpg 600w, https:\/\/www.alovey.com\/wp-content\/uploads\/2025\/12\/Cute-Eyeshadow-Palette-Container-With-Key-Ring-2-100x100.jpg 100w\" sizes=\"(max-width: 750px) 100vw, 750px\" \/><figcaption id=\"caption-attachment-12224\" class=\"wp-caption-text\">\u00a0<\/figcaption><\/figure>\n<figure id=\"attachment_12228\" aria-describedby=\"caption-attachment-12228\" style=\"width: 630px\" class=\"wp-caption alignnone\"><img loading=\"lazy\" decoding=\"async\" class=\"size-full wp-image-12228\" src=\"https:\/\/www.alovey.com\/wp-content\/uploads\/2025\/12\/Cute-Eyeshadow-Palette-Container-With-Key-Ring-6.jpg\" alt=\"Eyeshadow Palette\" width=\"630\" height=\"630\" srcset=\"https:\/\/www.alovey.com\/wp-content\/uploads\/2025\/12\/Cute-Eyeshadow-Palette-Container-With-Key-Ring-6.jpg 630w, https:\/\/www.alovey.com\/wp-content\/uploads\/2025\/12\/Cute-Eyeshadow-Palette-Container-With-Key-Ring-6-300x300.jpg 300w, https:\/\/www.alovey.com\/wp-content\/uploads\/2025\/12\/Cute-Eyeshadow-Palette-Container-With-Key-Ring-6-150x150.jpg 150w, https:\/\/www.alovey.com\/wp-content\/uploads\/2025\/12\/Cute-Eyeshadow-Palette-Container-With-Key-Ring-6-12x12.jpg 12w, https:\/\/www.alovey.com\/wp-content\/uploads\/2025\/12\/Cute-Eyeshadow-Palette-Container-With-Key-Ring-6-600x600.jpg 600w, https:\/\/www.alovey.com\/wp-content\/uploads\/2025\/12\/Cute-Eyeshadow-Palette-Container-With-Key-Ring-6-100x100.jpg 100w\" sizes=\"(max-width: 630px) 100vw, 630px\" \/><figcaption id=\"caption-attachment-12228\" class=\"wp-caption-text\">\u00a0<\/figcaption><\/figure>\n<p>&nbsp;<\/p>\n<p>&nbsp;<\/p>\n<p>&nbsp;<\/p>\n<p>&nbsp;<\/p>\n<div class=\"mceTemp\"><\/div>\n<p>&nbsp;<\/p>\n<p>&nbsp;<\/p>\n<p>&nbsp;<\/p>\n<p>&nbsp;<\/p>\n<p>&nbsp;<\/p>\n<p>&nbsp;<\/p>\n<p>&nbsp;<\/p>\n<p>&nbsp;<\/p>\n<p>&nbsp;<\/p>\n<p>&nbsp;<\/p>\n<p>&nbsp;<\/p>\n<p>&nbsp;<\/p>\n<p>&nbsp;<\/p>\n<p>&nbsp;<\/p>\n<p>&nbsp;<\/p>\n<p>&nbsp;<\/p>\n<p>&nbsp;<\/p>\n<p>&nbsp;<\/p>\n<p>&nbsp;<\/p>\n<p>&nbsp;<\/p>\n<p>&nbsp;<\/p>\n<p>&nbsp;<\/p>\n<p>&nbsp;<\/p>\n<p>&nbsp;<\/p>\n<p>&nbsp;<\/p>\n<p>&nbsp;<\/p>\n<p>&nbsp;<\/p>\n<p>&nbsp;<\/p>\n<p>&nbsp;<\/p>\n<p>&nbsp;<\/p>\n<p>&nbsp;<\/p>\n<p>&nbsp;<\/p>\n<p>&nbsp;<\/p>\n<p>&nbsp;<\/p>\n<p>&nbsp;<\/p>\n<p>&nbsp;<\/p>\n<p>&nbsp;<\/p>\n<p>&nbsp;<\/p>\n<p>&nbsp;<\/p>\n<p>&nbsp;<\/p>\n<p>&nbsp;<\/p>\n<p>&nbsp;<\/p>\n<p>&nbsp;<\/p>\n<p>&nbsp;<\/p>\n<p>&nbsp;<\/p>\n<p>&nbsp;<\/p>\n<p>&nbsp;<\/p>\n<p>&nbsp;<\/p>\n<p>&nbsp;<\/p>\n<p>&nbsp;<\/p>\n<p>&nbsp;<\/p>\n<p>&nbsp;<\/p>\n<p>&nbsp;<\/p>\n<p>&nbsp;<\/p>\n<p>&nbsp;<\/p>\n<p>&nbsp;<\/p>\n<p>&nbsp;<\/p>\n<p>&nbsp;<\/p>\n<p>&nbsp;<\/p>\n<p>&nbsp;<\/p>\n<p>&nbsp;<\/p>\n<p>&nbsp;<\/p>\n<p>&nbsp;<\/p>\n<p>&nbsp;<\/p>\n<p>&nbsp;<\/p>\n<p>&nbsp;<\/p>\n<p>&nbsp;<\/p>\n<p>&nbsp;<\/p>\n<p>&nbsp;<\/p>\n<p>&nbsp;<\/p>\n<p>&nbsp;<\/p>\n<p>&nbsp;<\/p>\n<p>&nbsp;<\/p>\n<p>&nbsp;<\/p>\n<p>&nbsp;<\/p>\n<p>&nbsp;<\/p>\n<p>&nbsp;<\/p>\n<p>&nbsp;<\/p>\n<p>&nbsp;<\/p>\n<p>&nbsp;<\/p>\n<p>&nbsp;<\/p>\n<p>&nbsp;<\/p>\n<p>&nbsp;<\/p>\n<p>&nbsp;<\/p>\n<p>&nbsp;<\/p>\n<p>&nbsp;<\/p>\n<p>&nbsp;<\/p>\n<p>&nbsp;<\/p>\n<p>&nbsp;<\/p>\n<p>&nbsp;<\/p>\n<p>&nbsp;<\/p>\n<p>&nbsp;<\/p>\n<p>&nbsp;<\/p>\n<p>&nbsp;<\/p>\n<p>&nbsp;<\/p>\n<p>&nbsp;<\/p>\n<p>&nbsp;<\/p>\n<p>&nbsp;<\/p>\n<p>&nbsp;<\/p>\n<p>&nbsp;<\/p>\n<p>&nbsp;<\/p>\n<p>&nbsp;<\/p>\n<p>&nbsp;<\/p>\n<p>&nbsp;<\/p>\n<p>&nbsp;<\/p>\n<p>&nbsp;<\/p>\n<p>&nbsp;<\/p>\n<p>&nbsp;<\/p>\n<p>&nbsp;<\/p>\n<p>&nbsp;<\/p>\n<p>&nbsp;<\/p>\n<p>&nbsp;<\/p>\n<p>&nbsp;<\/p>","protected":false},"excerpt":{"rendered":"<ul>\n<li>Item No: E-0505A<\/li>\n<li>Material:\u00a0Plastic<\/li>\n<li>Size:\u00a0L41*33*H17mm(d21.5)<\/li>\n<li>Aplicaciones: Productos de belleza<\/li>\n<li>MOQ: 12.000 piezas<\/li>\n<li>Color: Color personalizado<\/li>\n<li>Surface treatment: Injection\/Matte\/Materialization\/UV coating<\/li>\n<li>Nombre de marca: OEM\/ODM<\/li>\n<li>Logotipo: Logotipo del cliente<\/li>\n<li>Capacidad de suministro: 100.000 piezas al mes<\/li>\n<\/ul>","protected":false},"featured_media":12226,"template":"","meta":{"_acf_changed":false},"product_brand":[],"product_cat":[378],"product_tag":[393],"class_list":{"0":"post-12223","1":"product","2":"type-product","3":"status-publish","4":"has-post-thumbnail","6":"product_cat-custom-eyeshadow-packaging","7":"product_tag-eyeshadow-case","9":"first","10":"instock","11":"shipping-taxable","12":"product-type-simple"},"acf":[],"yoast_head":"<!-- This site is optimized with the Yoast SEO plugin v24.1 - https:\/\/yoast.com\/wordpress\/plugins\/seo\/ -->\n<title>Cute Eyeshadow Palette With Key Ring<\/title>\n<meta name=\"description\" content=\"This cute eyeshadow palette container with key ring is a mini, portable cosmetic packaging solution designed for single eyeshadow or blush.\" \/>\n<meta name=\"robots\" content=\"index, follow, max-snippet:-1, max-image-preview:large, max-video-preview:-1\" \/>\n<link rel=\"canonical\" href=\"https:\/\/www.alovey.com\/es\/producto\/cute-eyeshadow-palette-with-key-ring\/\" \/>\n<meta property=\"og:locale\" content=\"es_ES\" \/>\n<meta property=\"og:type\" content=\"article\" \/>\n<meta property=\"og:title\" content=\"Cute Eyeshadow Palette With Key Ring\" \/>\n<meta property=\"og:description\" content=\"This cute eyeshadow palette container with key ring is a mini, portable cosmetic packaging solution designed for single eyeshadow or blush.\" \/>\n<meta property=\"og:url\" content=\"https:\/\/www.alovey.com\/es\/producto\/cute-eyeshadow-palette-with-key-ring\/\" \/>\n<meta property=\"og:site_name\" content=\"Best Cosmetic Packaging Manufacture\" \/>\n<meta property=\"article:modified_time\" content=\"2025-12-16T02:36:13+00:00\" \/>\n<meta property=\"og:image\" content=\"https:\/\/www.alovey.com\/wp-content\/uploads\/2025\/12\/Cute-Eyeshadow-Palette-Container-With-Key-Ring-4.jpg\" \/>\n\t<meta property=\"og:image:width\" content=\"750\" \/>\n\t<meta property=\"og:image:height\" content=\"750\" \/>\n\t<meta property=\"og:image:type\" content=\"image\/jpeg\" \/>\n<meta name=\"twitter:card\" content=\"summary_large_image\" \/>\n<meta name=\"twitter:label1\" content=\"Tiempo de lectura\" \/>\n\t<meta name=\"twitter:data1\" content=\"3 minutos\" \/>\n<script type=\"application\/ld+json\" class=\"yoast-schema-graph\">{\"@context\":\"https:\/\/schema.org\",\"@graph\":[{\"@type\":\"WebPage\",\"@id\":\"https:\/\/www.alovey.com\/product\/cute-eyeshadow-palette-with-key-ring\/\",\"url\":\"https:\/\/www.alovey.com\/product\/cute-eyeshadow-palette-with-key-ring\/\",\"name\":\"Cute Eyeshadow Palette With Key Ring\",\"isPartOf\":{\"@id\":\"https:\/\/www.alovey.com\/#website\"},\"primaryImageOfPage\":{\"@id\":\"https:\/\/www.alovey.com\/product\/cute-eyeshadow-palette-with-key-ring\/#primaryimage\"},\"image\":{\"@id\":\"https:\/\/www.alovey.com\/product\/cute-eyeshadow-palette-with-key-ring\/#primaryimage\"},\"thumbnailUrl\":\"https:\/\/www.alovey.com\/wp-content\/uploads\/2025\/12\/Cute-Eyeshadow-Palette-Container-With-Key-Ring-4.jpg\",\"datePublished\":\"2025-12-16T02:09:27+00:00\",\"dateModified\":\"2025-12-16T02:36:13+00:00\",\"description\":\"This cute eyeshadow palette container with key ring is a mini, portable cosmetic packaging solution designed for single eyeshadow or blush.\",\"breadcrumb\":{\"@id\":\"https:\/\/www.alovey.com\/product\/cute-eyeshadow-palette-with-key-ring\/#breadcrumb\"},\"inLanguage\":\"es\",\"potentialAction\":[{\"@type\":\"ReadAction\",\"target\":[\"https:\/\/www.alovey.com\/product\/cute-eyeshadow-palette-with-key-ring\/\"]}]},{\"@type\":\"ImageObject\",\"inLanguage\":\"es\",\"@id\":\"https:\/\/www.alovey.com\/product\/cute-eyeshadow-palette-with-key-ring\/#primaryimage\",\"url\":\"https:\/\/www.alovey.com\/wp-content\/uploads\/2025\/12\/Cute-Eyeshadow-Palette-Container-With-Key-Ring-4.jpg\",\"contentUrl\":\"https:\/\/www.alovey.com\/wp-content\/uploads\/2025\/12\/Cute-Eyeshadow-Palette-Container-With-Key-Ring-4.jpg\",\"width\":750,\"height\":750,\"caption\":\"Cute Eyeshadow Palette Container With Key Ring\"},{\"@type\":\"BreadcrumbList\",\"@id\":\"https:\/\/www.alovey.com\/product\/cute-eyeshadow-palette-with-key-ring\/#breadcrumb\",\"itemListElement\":[{\"@type\":\"ListItem\",\"position\":1,\"name\":\"\u9996\u9875\",\"item\":\"https:\/\/www.alovey.com\/\"},{\"@type\":\"ListItem\",\"position\":2,\"name\":\"Products\",\"item\":\"https:\/\/www.alovey.com\/products\/\"},{\"@type\":\"ListItem\",\"position\":3,\"name\":\"Cute Eyeshadow Palette Container With Key Ring\"}]},{\"@type\":\"WebSite\",\"@id\":\"https:\/\/www.alovey.com\/#website\",\"url\":\"https:\/\/www.alovey.com\/\",\"name\":\"Best Cosmetic Packaging Manufacture\",\"description\":\"Alovey Cosmetic Packaging Co.,Ltd\",\"publisher\":{\"@id\":\"https:\/\/www.alovey.com\/#organization\"},\"potentialAction\":[{\"@type\":\"SearchAction\",\"target\":{\"@type\":\"EntryPoint\",\"urlTemplate\":\"https:\/\/www.alovey.com\/?s={search_term_string}\"},\"query-input\":{\"@type\":\"PropertyValueSpecification\",\"valueRequired\":true,\"valueName\":\"search_term_string\"}}],\"inLanguage\":\"es\"},{\"@type\":\"Organization\",\"@id\":\"https:\/\/www.alovey.com\/#organization\",\"name\":\"Best Cosmetic Packaging Manufacture\",\"url\":\"https:\/\/www.alovey.com\/\",\"logo\":{\"@type\":\"ImageObject\",\"inLanguage\":\"es\",\"@id\":\"https:\/\/www.alovey.com\/#\/schema\/logo\/image\/\",\"url\":\"https:\/\/www.alovey.com\/wp-content\/uploads\/2023\/03\/logo.png\",\"contentUrl\":\"https:\/\/www.alovey.com\/wp-content\/uploads\/2023\/03\/logo.png\",\"width\":505,\"height\":180,\"caption\":\"Best  Cosmetic Packaging Manufacture\"},\"image\":{\"@id\":\"https:\/\/www.alovey.com\/#\/schema\/logo\/image\/\"}}]}<\/script>\n<!-- \/ Yoast SEO plugin. -->","yoast_head_json":{"title":"Cute Eyeshadow Palette With Key Ring","description":"This cute eyeshadow palette container with key ring is a mini, portable cosmetic packaging solution designed for single eyeshadow or blush.","robots":{"index":"index","follow":"follow","max-snippet":"max-snippet:-1","max-image-preview":"max-image-preview:large","max-video-preview":"max-video-preview:-1"},"canonical":"https:\/\/www.alovey.com\/es\/producto\/cute-eyeshadow-palette-with-key-ring\/","og_locale":"es_ES","og_type":"article","og_title":"Cute Eyeshadow Palette With Key Ring","og_description":"This cute eyeshadow palette container with key ring is a mini, portable cosmetic packaging solution designed for single eyeshadow or blush.","og_url":"https:\/\/www.alovey.com\/es\/producto\/cute-eyeshadow-palette-with-key-ring\/","og_site_name":"Best Cosmetic Packaging Manufacture","article_modified_time":"2025-12-16T02:36:13+00:00","og_image":[{"width":750,"height":750,"url":"https:\/\/www.alovey.com\/wp-content\/uploads\/2025\/12\/Cute-Eyeshadow-Palette-Container-With-Key-Ring-4.jpg","type":"image\/jpeg"}],"twitter_card":"summary_large_image","twitter_misc":{"Tiempo de lectura":"3 minutos"},"schema":{"@context":"https:\/\/schema.org","@graph":[{"@type":"WebPage","@id":"https:\/\/www.alovey.com\/product\/cute-eyeshadow-palette-with-key-ring\/","url":"https:\/\/www.alovey.com\/product\/cute-eyeshadow-palette-with-key-ring\/","name":"Cute Eyeshadow Palette With Key Ring","isPartOf":{"@id":"https:\/\/www.alovey.com\/#website"},"primaryImageOfPage":{"@id":"https:\/\/www.alovey.com\/product\/cute-eyeshadow-palette-with-key-ring\/#primaryimage"},"image":{"@id":"https:\/\/www.alovey.com\/product\/cute-eyeshadow-palette-with-key-ring\/#primaryimage"},"thumbnailUrl":"https:\/\/www.alovey.com\/wp-content\/uploads\/2025\/12\/Cute-Eyeshadow-Palette-Container-With-Key-Ring-4.jpg","datePublished":"2025-12-16T02:09:27+00:00","dateModified":"2025-12-16T02:36:13+00:00","description":"This cute eyeshadow palette container with key ring is a mini, portable cosmetic packaging solution designed for single eyeshadow or blush.","breadcrumb":{"@id":"https:\/\/www.alovey.com\/product\/cute-eyeshadow-palette-with-key-ring\/#breadcrumb"},"inLanguage":"es","potentialAction":[{"@type":"ReadAction","target":["https:\/\/www.alovey.com\/product\/cute-eyeshadow-palette-with-key-ring\/"]}]},{"@type":"ImageObject","inLanguage":"es","@id":"https:\/\/www.alovey.com\/product\/cute-eyeshadow-palette-with-key-ring\/#primaryimage","url":"https:\/\/www.alovey.com\/wp-content\/uploads\/2025\/12\/Cute-Eyeshadow-Palette-Container-With-Key-Ring-4.jpg","contentUrl":"https:\/\/www.alovey.com\/wp-content\/uploads\/2025\/12\/Cute-Eyeshadow-Palette-Container-With-Key-Ring-4.jpg","width":750,"height":750,"caption":"Cute Eyeshadow Palette Container With Key Ring"},{"@type":"BreadcrumbList","@id":"https:\/\/www.alovey.com\/product\/cute-eyeshadow-palette-with-key-ring\/#breadcrumb","itemListElement":[{"@type":"ListItem","position":1,"name":"\u9996\u9875","item":"https:\/\/www.alovey.com\/"},{"@type":"ListItem","position":2,"name":"Products","item":"https:\/\/www.alovey.com\/products\/"},{"@type":"ListItem","position":3,"name":"Cute Eyeshadow Palette Container With Key Ring"}]},{"@type":"WebSite","@id":"https:\/\/www.alovey.com\/#website","url":"https:\/\/www.alovey.com\/","name":"Best Cosmetic Packaging Manufacture","description":"Alovey Cosmetic Packaging S.L.","publisher":{"@id":"https:\/\/www.alovey.com\/#organization"},"potentialAction":[{"@type":"SearchAction","target":{"@type":"EntryPoint","urlTemplate":"https:\/\/www.alovey.com\/?s={search_term_string}"},"query-input":{"@type":"PropertyValueSpecification","valueRequired":true,"valueName":"search_term_string"}}],"inLanguage":"es"},{"@type":"Organization","@id":"https:\/\/www.alovey.com\/#organization","name":"Best Cosmetic Packaging Manufacture","url":"https:\/\/www.alovey.com\/","logo":{"@type":"ImageObject","inLanguage":"es","@id":"https:\/\/www.alovey.com\/#\/schema\/logo\/image\/","url":"https:\/\/www.alovey.com\/wp-content\/uploads\/2023\/03\/logo.png","contentUrl":"https:\/\/www.alovey.com\/wp-content\/uploads\/2023\/03\/logo.png","width":505,"height":180,"caption":"Best  Cosmetic Packaging Manufacture"},"image":{"@id":"https:\/\/www.alovey.com\/#\/schema\/logo\/image\/"}}]}},"_links":{"self":[{"href":"https:\/\/www.alovey.com\/es\/wp-json\/wp\/v2\/product\/12223"}],"collection":[{"href":"https:\/\/www.alovey.com\/es\/wp-json\/wp\/v2\/product"}],"about":[{"href":"https:\/\/www.alovey.com\/es\/wp-json\/wp\/v2\/types\/product"}],"wp:featuredmedia":[{"embeddable":true,"href":"https:\/\/www.alovey.com\/es\/wp-json\/wp\/v2\/media\/12226"}],"wp:attachment":[{"href":"https:\/\/www.alovey.com\/es\/wp-json\/wp\/v2\/media?parent=12223"}],"wp:term":[{"taxonomy":"product_brand","embeddable":true,"href":"https:\/\/www.alovey.com\/es\/wp-json\/wp\/v2\/product_brand?post=12223"},{"taxonomy":"product_cat","embeddable":true,"href":"https:\/\/www.alovey.com\/es\/wp-json\/wp\/v2\/product_cat?post=12223"},{"taxonomy":"product_tag","embeddable":true,"href":"https:\/\/www.alovey.com\/es\/wp-json\/wp\/v2\/product_tag?post=12223"}],"curies":[{"name":"wp","href":"https:\/\/api.w.org\/{rel}","templated":true}]}}