{"id":11913,"date":"2025-10-30T08:59:18","date_gmt":"2025-10-30T08:59:18","guid":{"rendered":"https:\/\/www.alovey.com\/?post_type=product&#038;p=11913"},"modified":"2025-10-30T09:12:12","modified_gmt":"2025-10-30T09:12:12","slug":"best-empty-lip-gloss-container-with-big-brush-5ml","status":"publish","type":"product","link":"https:\/\/www.alovey.com\/es\/producto\/best-empty-lip-gloss-container-with-big-brush-5ml\/","title":{"rendered":"Best empty lip gloss container with big brush 5ml"},"content":{"rendered":"<p><strong>Discover our\u00a0empty lip gloss container with \u00a0big brush\u00a0brush for smooth, even coverage in every swipe.<\/strong><\/p>\n<p><strong>Ideal for brands seeking both functionality and a luxurious look, this empty lip gloss container perfectly combines style and performance to elevate your lip product line.<\/strong><\/p>\n<p><strong>Key Features<\/strong><\/p>\n<p><strong>\u00a0Large Doe-Foot Brush \u2013 The big, soft applicator ensures effortless application and delivers a fuller, more even coat of gloss, tint, or oil.<\/strong><\/p>\n<p><strong>Elegant &amp; Transparent Design \u2013 The clear bottle body highlights your formula\u2019s true color and shimmer, making it ideal for showcasing premium lip products.<\/strong><\/p>\n<p><strong>Durable 5ml Capacity \u2013 Compact yet practical, this size is perfect for retail, samples, or travel-sized glosses.<\/strong><\/p>\n<p><strong>\u00a0Leak-Proof &amp; Refillable \u2013 Equipped with a tight-fitting stopper and secure cap to prevent leakage and maintain product freshness.<\/strong><\/p>\n<p><strong>Customizable for Your Brand \u2013 Available in various finishes\u2014clear, frosted, matte, or tinted\u2014with options for logo printing, cap color, and special coatings to match your brand style.<\/strong><\/p>\n<p><strong>Eco-Friendly Options \u2013 Can be made from recyclable PETG or PCR materials upon request, supporting sustainable beauty packaging solutions.<\/strong><\/p>\n<p><strong>Why You\u2019ll Love It<\/strong><\/p>\n<p><strong>The big brush design not only enhances the application experience but also gives a premium feel that customers love. Perfect for lip gloss, lip oil, or liquid tint products, this 5ml container helps your brand stand out with a balance of beauty, comfort, and quality.<\/strong><\/p>\n<p><strong>Alovey, como fabricante profesional chino de envases para cosm\u00e9ticos, produce una exquisita gama de envases personalizados para cosm\u00e9ticos, meticulosamente elaborados para elevar su marca. Nuestra variada selecci\u00f3n de materiales de primera calidad, combinada con delicadas t\u00e9cnicas de acabado superficial como la serigraf\u00eda, la estampaci\u00f3n en caliente y la pulverizaci\u00f3n mate, garantiza que cada envase sea una obra maestra \u00fanica.<\/strong><\/p>\n<p><img fetchpriority=\"high\" decoding=\"async\" class=\"size-full wp-image-11919\" src=\"https:\/\/www.alovey.com\/wp-content\/uploads\/2025\/10\/Best-empty-lip-gloss-container-with-big-brush-5ml-5.jpg\" alt=\"empty lip gloss container with big brush\" width=\"750\" height=\"750\" srcset=\"https:\/\/www.alovey.com\/wp-content\/uploads\/2025\/10\/Best-empty-lip-gloss-container-with-big-brush-5ml-5.jpg 750w, https:\/\/www.alovey.com\/wp-content\/uploads\/2025\/10\/Best-empty-lip-gloss-container-with-big-brush-5ml-5-300x300.jpg 300w, https:\/\/www.alovey.com\/wp-content\/uploads\/2025\/10\/Best-empty-lip-gloss-container-with-big-brush-5ml-5-150x150.jpg 150w, https:\/\/www.alovey.com\/wp-content\/uploads\/2025\/10\/Best-empty-lip-gloss-container-with-big-brush-5ml-5-12x12.jpg 12w, https:\/\/www.alovey.com\/wp-content\/uploads\/2025\/10\/Best-empty-lip-gloss-container-with-big-brush-5ml-5-600x600.jpg 600w, https:\/\/www.alovey.com\/wp-content\/uploads\/2025\/10\/Best-empty-lip-gloss-container-with-big-brush-5ml-5-100x100.jpg 100w\" sizes=\"(max-width: 750px) 100vw, 750px\" \/><\/p>\n<p><img decoding=\"async\" class=\"size-full wp-image-11918\" src=\"https:\/\/www.alovey.com\/wp-content\/uploads\/2025\/10\/Best-empty-lip-gloss-container-with-big-brush-5ml-4.jpg\" alt=\"empty lip gloss container with big brush\" width=\"750\" height=\"750\" srcset=\"https:\/\/www.alovey.com\/wp-content\/uploads\/2025\/10\/Best-empty-lip-gloss-container-with-big-brush-5ml-4.jpg 750w, https:\/\/www.alovey.com\/wp-content\/uploads\/2025\/10\/Best-empty-lip-gloss-container-with-big-brush-5ml-4-300x300.jpg 300w, https:\/\/www.alovey.com\/wp-content\/uploads\/2025\/10\/Best-empty-lip-gloss-container-with-big-brush-5ml-4-150x150.jpg 150w, https:\/\/www.alovey.com\/wp-content\/uploads\/2025\/10\/Best-empty-lip-gloss-container-with-big-brush-5ml-4-12x12.jpg 12w, https:\/\/www.alovey.com\/wp-content\/uploads\/2025\/10\/Best-empty-lip-gloss-container-with-big-brush-5ml-4-600x600.jpg 600w, https:\/\/www.alovey.com\/wp-content\/uploads\/2025\/10\/Best-empty-lip-gloss-container-with-big-brush-5ml-4-100x100.jpg 100w\" sizes=\"(max-width: 750px) 100vw, 750px\" \/><\/p>\n<p><img decoding=\"async\" class=\"size-full wp-image-11917\" src=\"https:\/\/www.alovey.com\/wp-content\/uploads\/2025\/10\/Best-empty-lip-gloss-container-with-big-brush-5ml-3.jpg\" alt=\"empty lip gloss container with big brush\" width=\"750\" height=\"750\" srcset=\"https:\/\/www.alovey.com\/wp-content\/uploads\/2025\/10\/Best-empty-lip-gloss-container-with-big-brush-5ml-3.jpg 750w, https:\/\/www.alovey.com\/wp-content\/uploads\/2025\/10\/Best-empty-lip-gloss-container-with-big-brush-5ml-3-300x300.jpg 300w, https:\/\/www.alovey.com\/wp-content\/uploads\/2025\/10\/Best-empty-lip-gloss-container-with-big-brush-5ml-3-150x150.jpg 150w, https:\/\/www.alovey.com\/wp-content\/uploads\/2025\/10\/Best-empty-lip-gloss-container-with-big-brush-5ml-3-12x12.jpg 12w, https:\/\/www.alovey.com\/wp-content\/uploads\/2025\/10\/Best-empty-lip-gloss-container-with-big-brush-5ml-3-600x600.jpg 600w, https:\/\/www.alovey.com\/wp-content\/uploads\/2025\/10\/Best-empty-lip-gloss-container-with-big-brush-5ml-3-100x100.jpg 100w\" sizes=\"(max-width: 750px) 100vw, 750px\" \/><\/p>\n<p><img loading=\"lazy\" decoding=\"async\" class=\"size-full wp-image-11916\" src=\"https:\/\/www.alovey.com\/wp-content\/uploads\/2025\/10\/Best-empty-lip-gloss-container-with-big-brush-5ml-2.jpg\" alt=\"empty lip gloss container with big brush\" width=\"750\" height=\"750\" srcset=\"https:\/\/www.alovey.com\/wp-content\/uploads\/2025\/10\/Best-empty-lip-gloss-container-with-big-brush-5ml-2.jpg 750w, https:\/\/www.alovey.com\/wp-content\/uploads\/2025\/10\/Best-empty-lip-gloss-container-with-big-brush-5ml-2-300x300.jpg 300w, https:\/\/www.alovey.com\/wp-content\/uploads\/2025\/10\/Best-empty-lip-gloss-container-with-big-brush-5ml-2-150x150.jpg 150w, https:\/\/www.alovey.com\/wp-content\/uploads\/2025\/10\/Best-empty-lip-gloss-container-with-big-brush-5ml-2-12x12.jpg 12w, https:\/\/www.alovey.com\/wp-content\/uploads\/2025\/10\/Best-empty-lip-gloss-container-with-big-brush-5ml-2-600x600.jpg 600w, https:\/\/www.alovey.com\/wp-content\/uploads\/2025\/10\/Best-empty-lip-gloss-container-with-big-brush-5ml-2-100x100.jpg 100w\" sizes=\"(max-width: 750px) 100vw, 750px\" \/><\/p>\n<p><img loading=\"lazy\" decoding=\"async\" class=\"size-full wp-image-11915\" src=\"https:\/\/www.alovey.com\/wp-content\/uploads\/2025\/10\/Best-empty-lip-gloss-container-with-big-brush-5ml-8.jpg\" alt=\"empty lip gloss container with big brush\" width=\"750\" height=\"750\" srcset=\"https:\/\/www.alovey.com\/wp-content\/uploads\/2025\/10\/Best-empty-lip-gloss-container-with-big-brush-5ml-8.jpg 750w, https:\/\/www.alovey.com\/wp-content\/uploads\/2025\/10\/Best-empty-lip-gloss-container-with-big-brush-5ml-8-300x300.jpg 300w, https:\/\/www.alovey.com\/wp-content\/uploads\/2025\/10\/Best-empty-lip-gloss-container-with-big-brush-5ml-8-150x150.jpg 150w, https:\/\/www.alovey.com\/wp-content\/uploads\/2025\/10\/Best-empty-lip-gloss-container-with-big-brush-5ml-8-12x12.jpg 12w, https:\/\/www.alovey.com\/wp-content\/uploads\/2025\/10\/Best-empty-lip-gloss-container-with-big-brush-5ml-8-600x600.jpg 600w, https:\/\/www.alovey.com\/wp-content\/uploads\/2025\/10\/Best-empty-lip-gloss-container-with-big-brush-5ml-8-100x100.jpg 100w\" sizes=\"(max-width: 750px) 100vw, 750px\" \/><\/p>\n<p><img loading=\"lazy\" decoding=\"async\" class=\"size-full wp-image-11914\" src=\"https:\/\/www.alovey.com\/wp-content\/uploads\/2025\/10\/Best-empty-lip-gloss-container-with-big-brush-5ml-7.jpg\" alt=\"empty lip gloss container with big brush\" width=\"630\" height=\"630\" srcset=\"https:\/\/www.alovey.com\/wp-content\/uploads\/2025\/10\/Best-empty-lip-gloss-container-with-big-brush-5ml-7.jpg 630w, https:\/\/www.alovey.com\/wp-content\/uploads\/2025\/10\/Best-empty-lip-gloss-container-with-big-brush-5ml-7-300x300.jpg 300w, https:\/\/www.alovey.com\/wp-content\/uploads\/2025\/10\/Best-empty-lip-gloss-container-with-big-brush-5ml-7-150x150.jpg 150w, https:\/\/www.alovey.com\/wp-content\/uploads\/2025\/10\/Best-empty-lip-gloss-container-with-big-brush-5ml-7-12x12.jpg 12w, https:\/\/www.alovey.com\/wp-content\/uploads\/2025\/10\/Best-empty-lip-gloss-container-with-big-brush-5ml-7-600x600.jpg 600w, https:\/\/www.alovey.com\/wp-content\/uploads\/2025\/10\/Best-empty-lip-gloss-container-with-big-brush-5ml-7-100x100.jpg 100w\" sizes=\"(max-width: 630px) 100vw, 630px\" \/><\/p>\n<p><img loading=\"lazy\" decoding=\"async\" class=\"size-full wp-image-11920\" src=\"https:\/\/www.alovey.com\/wp-content\/uploads\/2025\/10\/Best-empty-lip-gloss-container-with-big-brush-5ml-6.jpg\" alt=\"empty lip gloss container with big brush\" width=\"630\" height=\"630\" srcset=\"https:\/\/www.alovey.com\/wp-content\/uploads\/2025\/10\/Best-empty-lip-gloss-container-with-big-brush-5ml-6.jpg 630w, https:\/\/www.alovey.com\/wp-content\/uploads\/2025\/10\/Best-empty-lip-gloss-container-with-big-brush-5ml-6-300x300.jpg 300w, https:\/\/www.alovey.com\/wp-content\/uploads\/2025\/10\/Best-empty-lip-gloss-container-with-big-brush-5ml-6-150x150.jpg 150w, https:\/\/www.alovey.com\/wp-content\/uploads\/2025\/10\/Best-empty-lip-gloss-container-with-big-brush-5ml-6-12x12.jpg 12w, https:\/\/www.alovey.com\/wp-content\/uploads\/2025\/10\/Best-empty-lip-gloss-container-with-big-brush-5ml-6-600x600.jpg 600w, https:\/\/www.alovey.com\/wp-content\/uploads\/2025\/10\/Best-empty-lip-gloss-container-with-big-brush-5ml-6-100x100.jpg 100w\" sizes=\"(max-width: 630px) 100vw, 630px\" \/><\/p>\n<p>&nbsp;<\/p>\n<p>&nbsp;<\/p>\n<p>&nbsp;<\/p>\n<p>&nbsp;<\/p>\n<p>&nbsp;<\/p>\n<p>&nbsp;<\/p>\n<p>&nbsp;<\/p>\n<p>&nbsp;<\/p>\n<p>&nbsp;<\/p>\n<p>&nbsp;<\/p>\n<p>&nbsp;<\/p>\n<p>&nbsp;<\/p>\n<p>&nbsp;<\/p>\n<p>&nbsp;<\/p>\n<p>&nbsp;<\/p>\n<p>&nbsp;<\/p>\n<p>&nbsp;<\/p>\n<p>&nbsp;<\/p>\n<p>&nbsp;<\/p>\n<p>&nbsp;<\/p>\n<p>&nbsp;<\/p>\n<p>&nbsp;<\/p>\n<p>&nbsp;<\/p>\n<p>&nbsp;<\/p>\n<p>&nbsp;<\/p>\n<p>&nbsp;<\/p>\n<p>&nbsp;<\/p>\n<p>&nbsp;<\/p>\n<p>&nbsp;<\/p>\n<p>&nbsp;<\/p>\n<p>&nbsp;<\/p>\n<p>&nbsp;<\/p>\n<p>&nbsp;<\/p>\n<p>&nbsp;<\/p>\n<p>&nbsp;<\/p>\n<p>&nbsp;<\/p>\n<p>&nbsp;<\/p>\n<p>&nbsp;<\/p>\n<p>&nbsp;<\/p>\n<p>&nbsp;<\/p>\n<p>&nbsp;<\/p>\n<p>&nbsp;<\/p>\n<p>&nbsp;<\/p>\n<p>&nbsp;<\/p>\n<p>&nbsp;<\/p>\n<p>&nbsp;<\/p>\n<p>&nbsp;<\/p>\n<p>&nbsp;<\/p>\n<p>&nbsp;<\/p>\n<p>&nbsp;<\/p>\n<p>&nbsp;<\/p>\n<p>&nbsp;<\/p>\n<p>&nbsp;<\/p>\n<p>&nbsp;<\/p>\n<p>&nbsp;<\/p>\n<p>&nbsp;<\/p>\n<p>&nbsp;<\/p>\n<p>&nbsp;<\/p>\n<p>&nbsp;<\/p>\n<p>&nbsp;<\/p>\n<p>&nbsp;<\/p>\n<p>&nbsp;<\/p>\n<p>&nbsp;<\/p>\n<p>&nbsp;<\/p>\n<p>&nbsp;<\/p>\n<p>&nbsp;<\/p>\n<p>&nbsp;<\/p>\n<p>&nbsp;<\/p>\n<p>&nbsp;<\/p>\n<p>&nbsp;<\/p>\n<p>&nbsp;<\/p>\n<p>&nbsp;<\/p>\n<p>&nbsp;<\/p>\n<p>&nbsp;<\/p>\n<p>&nbsp;<\/p>\n<p>&nbsp;<\/p>\n<p>&nbsp;<\/p>\n<p>&nbsp;<\/p>\n<p>&nbsp;<\/p>\n<p>&nbsp;<\/p>\n<p>&nbsp;<\/p>\n<p>&nbsp;<\/p>\n<p>&nbsp;<\/p>\n<p>&nbsp;<\/p>\n<p>&nbsp;<\/p>\n<p>&nbsp;<\/p>\n<p>&nbsp;<\/p>\n<p>&nbsp;<\/p>\n<p>&nbsp;<\/p>\n<p>&nbsp;<\/p>\n<p>&nbsp;<\/p>\n<p>&nbsp;<\/p>\n<p>&nbsp;<\/p>\n<p>&nbsp;<\/p>\n<p>&nbsp;<\/p>\n<p>&nbsp;<\/p>\n<p>&nbsp;<\/p>\n<p>&nbsp;<\/p>\n<p>&nbsp;<\/p>\n<p>&nbsp;<\/p>\n<p>&nbsp;<\/p>\n<p>&nbsp;<\/p>\n<p>&nbsp;<\/p>\n<p>&nbsp;<\/p>\n<p>&nbsp;<\/p>\n<p>&nbsp;<\/p>\n<p>&nbsp;<\/p>\n<p>&nbsp;<\/p>\n<p>&nbsp;<\/p>\n<p>&nbsp;<\/p>\n<p>&nbsp;<\/p>\n<p>&nbsp;<\/p>\n<p>&nbsp;<\/p>\n<p>&nbsp;<\/p>\n<p>&nbsp;<\/p>\n<p>&nbsp;<\/p>\n<p>&nbsp;<\/p>\n<p>&nbsp;<\/p>\n<p>&nbsp;<\/p>\n<p>&nbsp;<\/p>\n<p>&nbsp;<\/p>\n<p>&nbsp;<\/p>\n<p>&nbsp;<\/p>\n<p>&nbsp;<\/p>\n<p>&nbsp;<\/p>\n<p>&nbsp;<\/p>\n<p>&nbsp;<\/p>","protected":false},"excerpt":{"rendered":"<ul>\n<li>Item No:LG-0595C<\/li>\n<li>Material:\u00a0Plastic<\/li>\n<li>Capacidad: 5 ml<\/li>\n<li>Size: D26.5*H68MM<\/li>\n<li>Aplicaciones: Productos de belleza<\/li>\n<li>MOQ: 12.000 piezas<\/li>\n<li>Color: Color personalizado<\/li>\n<li>Surface treatment: Injection\/Matte\/Metalization\/UV coating<\/li>\n<li>Nombre de marca: OEM\/ODM<\/li>\n<li>Logotipo: Logotipo del cliente<\/li>\n<li>Capacidad de suministro: 100.000 piezas al mes<\/li>\n<\/ul>\n<p>&nbsp;<\/p>","protected":false},"featured_media":11918,"template":"","meta":{"_acf_changed":false},"product_brand":[],"product_cat":[372],"product_tag":[447,388,451],"class_list":{"0":"post-11913","1":"product","2":"type-product","3":"status-publish","4":"has-post-thumbnail","6":"product_cat-lipgloss-tube","7":"product_tag-lip-gel-tube","8":"product_tag-lip-gloss-tube","9":"product_tag-unique-lip-gloss-tube","11":"first","12":"instock","13":"shipping-taxable","14":"product-type-simple"},"acf":[],"yoast_head":"<!-- This site is optimized with the Yoast SEO plugin v24.1 - https:\/\/yoast.com\/wordpress\/plugins\/seo\/ -->\n<title>Best empty lip gloss container with big brush 5ml<\/title>\n<meta name=\"description\" content=\"Discover our empty lip gloss container with big brush brush for smooth, even coverage in every swipe.\" \/>\n<meta name=\"robots\" content=\"index, follow, max-snippet:-1, max-image-preview:large, max-video-preview:-1\" \/>\n<link rel=\"canonical\" href=\"https:\/\/www.alovey.com\/es\/producto\/best-empty-lip-gloss-container-with-big-brush-5ml\/\" \/>\n<meta property=\"og:locale\" content=\"es_ES\" \/>\n<meta property=\"og:type\" content=\"article\" \/>\n<meta property=\"og:title\" content=\"Best empty lip gloss container with big brush 5ml\" \/>\n<meta property=\"og:description\" content=\"Discover our empty lip gloss container with big brush brush for smooth, even coverage in every swipe.\" \/>\n<meta property=\"og:url\" content=\"https:\/\/www.alovey.com\/es\/producto\/best-empty-lip-gloss-container-with-big-brush-5ml\/\" \/>\n<meta property=\"og:site_name\" content=\"Best Cosmetic Packaging Manufacture\" \/>\n<meta property=\"article:modified_time\" content=\"2025-10-30T09:12:12+00:00\" \/>\n<meta property=\"og:image\" content=\"https:\/\/www.alovey.com\/wp-content\/uploads\/2025\/10\/Best-empty-lip-gloss-container-with-big-brush-5ml-4.jpg\" \/>\n\t<meta property=\"og:image:width\" content=\"750\" \/>\n\t<meta property=\"og:image:height\" content=\"750\" \/>\n\t<meta property=\"og:image:type\" content=\"image\/jpeg\" \/>\n<meta name=\"twitter:card\" content=\"summary_large_image\" \/>\n<meta name=\"twitter:label1\" content=\"Tiempo de lectura\" \/>\n\t<meta name=\"twitter:data1\" content=\"3 minutos\" \/>\n<script type=\"application\/ld+json\" class=\"yoast-schema-graph\">{\"@context\":\"https:\/\/schema.org\",\"@graph\":[{\"@type\":\"WebPage\",\"@id\":\"https:\/\/www.alovey.com\/product\/best-empty-lip-gloss-container-with-big-brush-5ml\/\",\"url\":\"https:\/\/www.alovey.com\/product\/best-empty-lip-gloss-container-with-big-brush-5ml\/\",\"name\":\"Best empty lip gloss container with big brush 5ml\",\"isPartOf\":{\"@id\":\"https:\/\/www.alovey.com\/#website\"},\"primaryImageOfPage\":{\"@id\":\"https:\/\/www.alovey.com\/product\/best-empty-lip-gloss-container-with-big-brush-5ml\/#primaryimage\"},\"image\":{\"@id\":\"https:\/\/www.alovey.com\/product\/best-empty-lip-gloss-container-with-big-brush-5ml\/#primaryimage\"},\"thumbnailUrl\":\"https:\/\/www.alovey.com\/wp-content\/uploads\/2025\/10\/Best-empty-lip-gloss-container-with-big-brush-5ml-4.jpg\",\"datePublished\":\"2025-10-30T08:59:18+00:00\",\"dateModified\":\"2025-10-30T09:12:12+00:00\",\"description\":\"Discover our empty lip gloss container with big brush brush for smooth, even coverage in every swipe.\",\"breadcrumb\":{\"@id\":\"https:\/\/www.alovey.com\/product\/best-empty-lip-gloss-container-with-big-brush-5ml\/#breadcrumb\"},\"inLanguage\":\"es\",\"potentialAction\":[{\"@type\":\"ReadAction\",\"target\":[\"https:\/\/www.alovey.com\/product\/best-empty-lip-gloss-container-with-big-brush-5ml\/\"]}]},{\"@type\":\"ImageObject\",\"inLanguage\":\"es\",\"@id\":\"https:\/\/www.alovey.com\/product\/best-empty-lip-gloss-container-with-big-brush-5ml\/#primaryimage\",\"url\":\"https:\/\/www.alovey.com\/wp-content\/uploads\/2025\/10\/Best-empty-lip-gloss-container-with-big-brush-5ml-4.jpg\",\"contentUrl\":\"https:\/\/www.alovey.com\/wp-content\/uploads\/2025\/10\/Best-empty-lip-gloss-container-with-big-brush-5ml-4.jpg\",\"width\":750,\"height\":750,\"caption\":\"Best empty lip gloss container with big brush 5ml\"},{\"@type\":\"BreadcrumbList\",\"@id\":\"https:\/\/www.alovey.com\/product\/best-empty-lip-gloss-container-with-big-brush-5ml\/#breadcrumb\",\"itemListElement\":[{\"@type\":\"ListItem\",\"position\":1,\"name\":\"\u9996\u9875\",\"item\":\"https:\/\/www.alovey.com\/\"},{\"@type\":\"ListItem\",\"position\":2,\"name\":\"Products\",\"item\":\"https:\/\/www.alovey.com\/products\/\"},{\"@type\":\"ListItem\",\"position\":3,\"name\":\"Best empty lip gloss container with big brush 5ml\"}]},{\"@type\":\"WebSite\",\"@id\":\"https:\/\/www.alovey.com\/#website\",\"url\":\"https:\/\/www.alovey.com\/\",\"name\":\"Best Cosmetic Packaging Manufacture\",\"description\":\"Alovey Cosmetic Packaging Co.,Ltd\",\"publisher\":{\"@id\":\"https:\/\/www.alovey.com\/#organization\"},\"potentialAction\":[{\"@type\":\"SearchAction\",\"target\":{\"@type\":\"EntryPoint\",\"urlTemplate\":\"https:\/\/www.alovey.com\/?s={search_term_string}\"},\"query-input\":{\"@type\":\"PropertyValueSpecification\",\"valueRequired\":true,\"valueName\":\"search_term_string\"}}],\"inLanguage\":\"es\"},{\"@type\":\"Organization\",\"@id\":\"https:\/\/www.alovey.com\/#organization\",\"name\":\"Best Cosmetic Packaging Manufacture\",\"url\":\"https:\/\/www.alovey.com\/\",\"logo\":{\"@type\":\"ImageObject\",\"inLanguage\":\"es\",\"@id\":\"https:\/\/www.alovey.com\/#\/schema\/logo\/image\/\",\"url\":\"https:\/\/www.alovey.com\/wp-content\/uploads\/2023\/03\/logo.png\",\"contentUrl\":\"https:\/\/www.alovey.com\/wp-content\/uploads\/2023\/03\/logo.png\",\"width\":505,\"height\":180,\"caption\":\"Best  Cosmetic Packaging Manufacture\"},\"image\":{\"@id\":\"https:\/\/www.alovey.com\/#\/schema\/logo\/image\/\"}}]}<\/script>\n<!-- \/ Yoast SEO plugin. -->","yoast_head_json":{"title":"Best empty lip gloss container with big brush 5ml","description":"Discover our empty lip gloss container with big brush brush for smooth, even coverage in every swipe.","robots":{"index":"index","follow":"follow","max-snippet":"max-snippet:-1","max-image-preview":"max-image-preview:large","max-video-preview":"max-video-preview:-1"},"canonical":"https:\/\/www.alovey.com\/es\/producto\/best-empty-lip-gloss-container-with-big-brush-5ml\/","og_locale":"es_ES","og_type":"article","og_title":"Best empty lip gloss container with big brush 5ml","og_description":"Discover our empty lip gloss container with big brush brush for smooth, even coverage in every swipe.","og_url":"https:\/\/www.alovey.com\/es\/producto\/best-empty-lip-gloss-container-with-big-brush-5ml\/","og_site_name":"Best Cosmetic Packaging Manufacture","article_modified_time":"2025-10-30T09:12:12+00:00","og_image":[{"width":750,"height":750,"url":"https:\/\/www.alovey.com\/wp-content\/uploads\/2025\/10\/Best-empty-lip-gloss-container-with-big-brush-5ml-4.jpg","type":"image\/jpeg"}],"twitter_card":"summary_large_image","twitter_misc":{"Tiempo de lectura":"3 minutos"},"schema":{"@context":"https:\/\/schema.org","@graph":[{"@type":"WebPage","@id":"https:\/\/www.alovey.com\/product\/best-empty-lip-gloss-container-with-big-brush-5ml\/","url":"https:\/\/www.alovey.com\/product\/best-empty-lip-gloss-container-with-big-brush-5ml\/","name":"Best empty lip gloss container with big brush 5ml","isPartOf":{"@id":"https:\/\/www.alovey.com\/#website"},"primaryImageOfPage":{"@id":"https:\/\/www.alovey.com\/product\/best-empty-lip-gloss-container-with-big-brush-5ml\/#primaryimage"},"image":{"@id":"https:\/\/www.alovey.com\/product\/best-empty-lip-gloss-container-with-big-brush-5ml\/#primaryimage"},"thumbnailUrl":"https:\/\/www.alovey.com\/wp-content\/uploads\/2025\/10\/Best-empty-lip-gloss-container-with-big-brush-5ml-4.jpg","datePublished":"2025-10-30T08:59:18+00:00","dateModified":"2025-10-30T09:12:12+00:00","description":"Discover our empty lip gloss container with big brush brush for smooth, even coverage in every swipe.","breadcrumb":{"@id":"https:\/\/www.alovey.com\/product\/best-empty-lip-gloss-container-with-big-brush-5ml\/#breadcrumb"},"inLanguage":"es","potentialAction":[{"@type":"ReadAction","target":["https:\/\/www.alovey.com\/product\/best-empty-lip-gloss-container-with-big-brush-5ml\/"]}]},{"@type":"ImageObject","inLanguage":"es","@id":"https:\/\/www.alovey.com\/product\/best-empty-lip-gloss-container-with-big-brush-5ml\/#primaryimage","url":"https:\/\/www.alovey.com\/wp-content\/uploads\/2025\/10\/Best-empty-lip-gloss-container-with-big-brush-5ml-4.jpg","contentUrl":"https:\/\/www.alovey.com\/wp-content\/uploads\/2025\/10\/Best-empty-lip-gloss-container-with-big-brush-5ml-4.jpg","width":750,"height":750,"caption":"Best empty lip gloss container with big brush 5ml"},{"@type":"BreadcrumbList","@id":"https:\/\/www.alovey.com\/product\/best-empty-lip-gloss-container-with-big-brush-5ml\/#breadcrumb","itemListElement":[{"@type":"ListItem","position":1,"name":"\u9996\u9875","item":"https:\/\/www.alovey.com\/"},{"@type":"ListItem","position":2,"name":"Products","item":"https:\/\/www.alovey.com\/products\/"},{"@type":"ListItem","position":3,"name":"Best empty lip gloss container with big brush 5ml"}]},{"@type":"WebSite","@id":"https:\/\/www.alovey.com\/#website","url":"https:\/\/www.alovey.com\/","name":"Best Cosmetic Packaging Manufacture","description":"Alovey Cosmetic Packaging S.L.","publisher":{"@id":"https:\/\/www.alovey.com\/#organization"},"potentialAction":[{"@type":"SearchAction","target":{"@type":"EntryPoint","urlTemplate":"https:\/\/www.alovey.com\/?s={search_term_string}"},"query-input":{"@type":"PropertyValueSpecification","valueRequired":true,"valueName":"search_term_string"}}],"inLanguage":"es"},{"@type":"Organization","@id":"https:\/\/www.alovey.com\/#organization","name":"Best Cosmetic Packaging Manufacture","url":"https:\/\/www.alovey.com\/","logo":{"@type":"ImageObject","inLanguage":"es","@id":"https:\/\/www.alovey.com\/#\/schema\/logo\/image\/","url":"https:\/\/www.alovey.com\/wp-content\/uploads\/2023\/03\/logo.png","contentUrl":"https:\/\/www.alovey.com\/wp-content\/uploads\/2023\/03\/logo.png","width":505,"height":180,"caption":"Best  Cosmetic Packaging Manufacture"},"image":{"@id":"https:\/\/www.alovey.com\/#\/schema\/logo\/image\/"}}]}},"_links":{"self":[{"href":"https:\/\/www.alovey.com\/es\/wp-json\/wp\/v2\/product\/11913"}],"collection":[{"href":"https:\/\/www.alovey.com\/es\/wp-json\/wp\/v2\/product"}],"about":[{"href":"https:\/\/www.alovey.com\/es\/wp-json\/wp\/v2\/types\/product"}],"wp:featuredmedia":[{"embeddable":true,"href":"https:\/\/www.alovey.com\/es\/wp-json\/wp\/v2\/media\/11918"}],"wp:attachment":[{"href":"https:\/\/www.alovey.com\/es\/wp-json\/wp\/v2\/media?parent=11913"}],"wp:term":[{"taxonomy":"product_brand","embeddable":true,"href":"https:\/\/www.alovey.com\/es\/wp-json\/wp\/v2\/product_brand?post=11913"},{"taxonomy":"product_cat","embeddable":true,"href":"https:\/\/www.alovey.com\/es\/wp-json\/wp\/v2\/product_cat?post=11913"},{"taxonomy":"product_tag","embeddable":true,"href":"https:\/\/www.alovey.com\/es\/wp-json\/wp\/v2\/product_tag?post=11913"}],"curies":[{"name":"wp","href":"https:\/\/api.w.org\/{rel}","templated":true}]}}