{"id":11809,"date":"2025-10-13T02:33:34","date_gmt":"2025-10-13T02:33:34","guid":{"rendered":"https:\/\/www.alovey.com\/?post_type=product&#038;p=11809"},"modified":"2025-10-13T02:51:05","modified_gmt":"2025-10-13T02:51:05","slug":"wholesale-concealer-tube-supplier","status":"publish","type":"product","link":"https:\/\/www.alovey.com\/es\/producto\/wholesale-concealer-tube-supplier\/","title":{"rendered":"Wholesale\u2002concealer tube supplier"},"content":{"rendered":"<p><strong>We wholesale concealer tube ,as the cosmetic packaging supplier, \u00a0\u00a0this high-capacity PETG tube holds 11ml, offering more space than standard lip containers\u2014perfect for custom lip creations and multi-use cosmetics.<\/strong><\/p>\n<p><strong>Multi-purpose design\u00a0\u2013 ideal for lip gloss, lip oil, lip glaze, eyelash growth liquid, foundation, or concealer.<\/strong><\/p>\n<p><strong>Durable PETG material\u00a0\u2013 lightweight, crack-resistant, and travel-friendly.<\/strong><\/p>\n<p><strong>Leak-proof &amp; portable\u00a0\u2013 secure closure prevents spills for everyday or on-the-go use.<\/strong><\/p>\n<p><strong>Customizable options\u00a0\u2013 available with different applicators, caps, and finishes to showcase your brand identity.<\/strong><\/p>\n<p><strong>Wholesale supplier support\u00a0\u2013 reliable bulk supply with OEM\/ODM customization to meet your brand\u2019s needs.<\/strong><\/p>\n<p><strong>A versatile packaging solution for beauty brands seeking a wholesale concealer tube supplier\u00a0with both quality and flexibility.<\/strong><\/p>\n<p><strong>Alovey, como fabricante profesional chino de envases para cosm\u00e9ticos, produce una exquisita gama de envases personalizados para cosm\u00e9ticos, meticulosamente elaborados para elevar su marca. Nuestra variada selecci\u00f3n de materiales de primera calidad, combinada con delicadas t\u00e9cnicas de acabado superficial como la serigraf\u00eda, la estampaci\u00f3n en caliente y la pulverizaci\u00f3n mate, garantiza que cada envase sea una obra maestra \u00fanica.<\/strong><\/p>\n<p><img fetchpriority=\"high\" decoding=\"async\" class=\"size-full wp-image-11815\" src=\"https:\/\/www.alovey.com\/wp-content\/uploads\/2025\/10\/Wholesale\u2002concealer-tube-supplier-5.jpg\" alt=\"Wholesale\u2002concealer tube\" width=\"750\" height=\"750\" srcset=\"https:\/\/www.alovey.com\/wp-content\/uploads\/2025\/10\/Wholesale\u2002concealer-tube-supplier-5.jpg 750w, https:\/\/www.alovey.com\/wp-content\/uploads\/2025\/10\/Wholesale\u2002concealer-tube-supplier-5-300x300.jpg 300w, https:\/\/www.alovey.com\/wp-content\/uploads\/2025\/10\/Wholesale\u2002concealer-tube-supplier-5-150x150.jpg 150w, https:\/\/www.alovey.com\/wp-content\/uploads\/2025\/10\/Wholesale\u2002concealer-tube-supplier-5-12x12.jpg 12w, https:\/\/www.alovey.com\/wp-content\/uploads\/2025\/10\/Wholesale\u2002concealer-tube-supplier-5-600x600.jpg 600w, https:\/\/www.alovey.com\/wp-content\/uploads\/2025\/10\/Wholesale\u2002concealer-tube-supplier-5-100x100.jpg 100w\" sizes=\"(max-width: 750px) 100vw, 750px\" \/><\/p>\n<p><img decoding=\"async\" class=\"size-full wp-image-11814\" src=\"https:\/\/www.alovey.com\/wp-content\/uploads\/2025\/10\/Wholesale\u2002concealer-tube-supplier-4.jpg\" alt=\"Wholesale\u2002concealer tube\" width=\"750\" height=\"750\" srcset=\"https:\/\/www.alovey.com\/wp-content\/uploads\/2025\/10\/Wholesale\u2002concealer-tube-supplier-4.jpg 750w, https:\/\/www.alovey.com\/wp-content\/uploads\/2025\/10\/Wholesale\u2002concealer-tube-supplier-4-300x300.jpg 300w, https:\/\/www.alovey.com\/wp-content\/uploads\/2025\/10\/Wholesale\u2002concealer-tube-supplier-4-150x150.jpg 150w, https:\/\/www.alovey.com\/wp-content\/uploads\/2025\/10\/Wholesale\u2002concealer-tube-supplier-4-12x12.jpg 12w, https:\/\/www.alovey.com\/wp-content\/uploads\/2025\/10\/Wholesale\u2002concealer-tube-supplier-4-600x600.jpg 600w, https:\/\/www.alovey.com\/wp-content\/uploads\/2025\/10\/Wholesale\u2002concealer-tube-supplier-4-100x100.jpg 100w\" sizes=\"(max-width: 750px) 100vw, 750px\" \/><\/p>\n<p><img decoding=\"async\" class=\"size-full wp-image-11813\" src=\"https:\/\/www.alovey.com\/wp-content\/uploads\/2025\/10\/Wholesale\u2002concealer-tube-supplier-3.jpg\" alt=\"Wholesale\u2002concealer tube\" width=\"750\" height=\"750\" srcset=\"https:\/\/www.alovey.com\/wp-content\/uploads\/2025\/10\/Wholesale\u2002concealer-tube-supplier-3.jpg 750w, https:\/\/www.alovey.com\/wp-content\/uploads\/2025\/10\/Wholesale\u2002concealer-tube-supplier-3-300x300.jpg 300w, https:\/\/www.alovey.com\/wp-content\/uploads\/2025\/10\/Wholesale\u2002concealer-tube-supplier-3-150x150.jpg 150w, https:\/\/www.alovey.com\/wp-content\/uploads\/2025\/10\/Wholesale\u2002concealer-tube-supplier-3-12x12.jpg 12w, https:\/\/www.alovey.com\/wp-content\/uploads\/2025\/10\/Wholesale\u2002concealer-tube-supplier-3-600x600.jpg 600w, https:\/\/www.alovey.com\/wp-content\/uploads\/2025\/10\/Wholesale\u2002concealer-tube-supplier-3-100x100.jpg 100w\" sizes=\"(max-width: 750px) 100vw, 750px\" \/><\/p>\n<p><img loading=\"lazy\" decoding=\"async\" class=\"size-full wp-image-11812\" src=\"https:\/\/www.alovey.com\/wp-content\/uploads\/2025\/10\/Wholesale\u2002concealer-tube-supplier-2.jpg\" alt=\"Wholesale\u2002concealer tube\" width=\"750\" height=\"750\" srcset=\"https:\/\/www.alovey.com\/wp-content\/uploads\/2025\/10\/Wholesale\u2002concealer-tube-supplier-2.jpg 750w, https:\/\/www.alovey.com\/wp-content\/uploads\/2025\/10\/Wholesale\u2002concealer-tube-supplier-2-300x300.jpg 300w, https:\/\/www.alovey.com\/wp-content\/uploads\/2025\/10\/Wholesale\u2002concealer-tube-supplier-2-150x150.jpg 150w, https:\/\/www.alovey.com\/wp-content\/uploads\/2025\/10\/Wholesale\u2002concealer-tube-supplier-2-12x12.jpg 12w, https:\/\/www.alovey.com\/wp-content\/uploads\/2025\/10\/Wholesale\u2002concealer-tube-supplier-2-600x600.jpg 600w, https:\/\/www.alovey.com\/wp-content\/uploads\/2025\/10\/Wholesale\u2002concealer-tube-supplier-2-100x100.jpg 100w\" sizes=\"(max-width: 750px) 100vw, 750px\" \/><\/p>\n<p><img loading=\"lazy\" decoding=\"async\" class=\"size-full wp-image-11811\" src=\"https:\/\/www.alovey.com\/wp-content\/uploads\/2025\/10\/Wholesale\u2002concealer-tube-supplier-1.jpg\" alt=\"Wholesale\u2002concealer tube\" width=\"750\" height=\"750\" srcset=\"https:\/\/www.alovey.com\/wp-content\/uploads\/2025\/10\/Wholesale\u2002concealer-tube-supplier-1.jpg 750w, https:\/\/www.alovey.com\/wp-content\/uploads\/2025\/10\/Wholesale\u2002concealer-tube-supplier-1-300x300.jpg 300w, https:\/\/www.alovey.com\/wp-content\/uploads\/2025\/10\/Wholesale\u2002concealer-tube-supplier-1-150x150.jpg 150w, https:\/\/www.alovey.com\/wp-content\/uploads\/2025\/10\/Wholesale\u2002concealer-tube-supplier-1-12x12.jpg 12w, https:\/\/www.alovey.com\/wp-content\/uploads\/2025\/10\/Wholesale\u2002concealer-tube-supplier-1-600x600.jpg 600w, https:\/\/www.alovey.com\/wp-content\/uploads\/2025\/10\/Wholesale\u2002concealer-tube-supplier-1-100x100.jpg 100w\" sizes=\"(max-width: 750px) 100vw, 750px\" \/><\/p>\n<p><img loading=\"lazy\" decoding=\"async\" class=\"size-full wp-image-11810\" src=\"https:\/\/www.alovey.com\/wp-content\/uploads\/2025\/10\/Wholesale\u2002concealer-tube-supplier-6.jpg\" alt=\"Wholesale\u2002concealer tube\" width=\"750\" height=\"750\" srcset=\"https:\/\/www.alovey.com\/wp-content\/uploads\/2025\/10\/Wholesale\u2002concealer-tube-supplier-6.jpg 750w, https:\/\/www.alovey.com\/wp-content\/uploads\/2025\/10\/Wholesale\u2002concealer-tube-supplier-6-300x300.jpg 300w, https:\/\/www.alovey.com\/wp-content\/uploads\/2025\/10\/Wholesale\u2002concealer-tube-supplier-6-150x150.jpg 150w, https:\/\/www.alovey.com\/wp-content\/uploads\/2025\/10\/Wholesale\u2002concealer-tube-supplier-6-12x12.jpg 12w, https:\/\/www.alovey.com\/wp-content\/uploads\/2025\/10\/Wholesale\u2002concealer-tube-supplier-6-600x600.jpg 600w, https:\/\/www.alovey.com\/wp-content\/uploads\/2025\/10\/Wholesale\u2002concealer-tube-supplier-6-100x100.jpg 100w\" sizes=\"(max-width: 750px) 100vw, 750px\" \/><\/p>\n<p>&nbsp;<\/p>\n<p>&nbsp;<\/p>\n<p>&nbsp;<\/p>\n<p>&nbsp;<\/p>\n<p>&nbsp;<\/p>\n<p>&nbsp;<\/p>\n<p>&nbsp;<\/p>\n<p>&nbsp;<\/p>\n<p>&nbsp;<\/p>\n<p>&nbsp;<\/p>\n<p>&nbsp;<\/p>\n<p>&nbsp;<\/p>\n<p>&nbsp;<\/p>\n<p>&nbsp;<\/p>\n<p>&nbsp;<\/p>\n<p>&nbsp;<\/p>\n<p>&nbsp;<\/p>\n<p>&nbsp;<\/p>\n<p>&nbsp;<\/p>\n<p>&nbsp;<\/p>\n<p>&nbsp;<\/p>\n<p>&nbsp;<\/p>\n<p>&nbsp;<\/p>\n<p>&nbsp;<\/p>\n<p>&nbsp;<\/p>\n<p>&nbsp;<\/p>\n<p>&nbsp;<\/p>\n<p>&nbsp;<\/p>\n<p>&nbsp;<\/p>\n<p>&nbsp;<\/p>\n<p>&nbsp;<\/p>\n<p>&nbsp;<\/p>\n<p>&nbsp;<\/p>\n<p>&nbsp;<\/p>\n<p>&nbsp;<\/p>\n<p>&nbsp;<\/p>\n<p>&nbsp;<\/p>\n<p>&nbsp;<\/p>\n<p>&nbsp;<\/p>\n<p>&nbsp;<\/p>\n<p>&nbsp;<\/p>\n<p>&nbsp;<\/p>\n<p>&nbsp;<\/p>\n<p>&nbsp;<\/p>\n<p>&nbsp;<\/p>\n<p>&nbsp;<\/p>\n<p>&nbsp;<\/p>\n<p>&nbsp;<\/p>\n<p>&nbsp;<\/p>\n<p>&nbsp;<\/p>\n<p>&nbsp;<\/p>\n<p>&nbsp;<\/p>\n<p>&nbsp;<\/p>\n<p>&nbsp;<\/p>\n<p>&nbsp;<\/p>\n<p>&nbsp;<\/p>\n<p>&nbsp;<\/p>\n<p>&nbsp;<\/p>\n<p>&nbsp;<\/p>\n<p>&nbsp;<\/p>\n<p>&nbsp;<\/p>\n<p>&nbsp;<\/p>\n<p>&nbsp;<\/p>\n<p>&nbsp;<\/p>\n<p>&nbsp;<\/p>\n<p>&nbsp;<\/p>\n<p>&nbsp;<\/p>\n<p>&nbsp;<\/p>\n<p>&nbsp;<\/p>\n<p>&nbsp;<\/p>\n<p>&nbsp;<\/p>\n<p>&nbsp;<\/p>\n<p>&nbsp;<\/p>\n<p>&nbsp;<\/p>\n<p>&nbsp;<\/p>\n<p>&nbsp;<\/p>\n<p>&nbsp;<\/p>\n<p>&nbsp;<\/p>\n<p>&nbsp;<\/p>\n<p>&nbsp;<\/p>\n<p>&nbsp;<\/p>\n<p>&nbsp;<\/p>\n<p>&nbsp;<\/p>\n<p>&nbsp;<\/p>\n<p>&nbsp;<\/p>\n<p>&nbsp;<\/p>\n<p>&nbsp;<\/p>\n<p>&nbsp;<\/p>\n<p>&nbsp;<\/p>\n<p>&nbsp;<\/p>\n<p>&nbsp;<\/p>\n<p>&nbsp;<\/p>\n<p>&nbsp;<\/p>\n<p>&nbsp;<\/p>\n<p>&nbsp;<\/p>\n<p>&nbsp;<\/p>\n<p>&nbsp;<\/p>\n<p>&nbsp;<\/p>\n<p>&nbsp;<\/p>\n<p>&nbsp;<\/p>\n<p>&nbsp;<\/p>\n<p>&nbsp;<\/p>\n<p>&nbsp;<\/p>\n<p>&nbsp;<\/p>\n<p>&nbsp;<\/p>\n<p>&nbsp;<\/p>\n<p>&nbsp;<\/p>\n<p>&nbsp;<\/p>\n<p>&nbsp;<\/p>\n<p>&nbsp;<\/p>\n<p>&nbsp;<\/p>\n<p>&nbsp;<\/p>\n<p>&nbsp;<\/p>\n<p>&nbsp;<\/p>","protected":false},"excerpt":{"rendered":"<ul>\n<li>Item No:LG-0051A<\/li>\n<li>Material:\u00a0Plastic<\/li>\n<li>Capacity: 11ml<\/li>\n<li>Size:\u00a0D18*H94.5MM<\/li>\n<li>Aplicaciones: Productos de belleza<\/li>\n<li>MOQ: 12.000 piezas<\/li>\n<li>Color: Color personalizado<\/li>\n<li>Surface treatment: Injection\/Matte\/Metalization\/UV coating<\/li>\n<li>Nombre de marca: OEM\/ODM<\/li>\n<li>Logotipo: Logotipo del cliente<\/li>\n<li>Capacidad de suministro: 100.000 piezas al mes<\/li>\n<\/ul>","protected":false},"featured_media":11812,"template":"","meta":{"_acf_changed":false},"product_brand":[],"product_cat":[372,381],"product_tag":[408,401],"class_list":{"0":"post-11809","1":"product","2":"type-product","3":"status-publish","4":"has-post-thumbnail","6":"product_cat-lipgloss-tube","7":"product_cat-the-foundation-stick-tube-for-cosmetic","8":"product_tag-concealer-tube","9":"product_tag-lipgloss-tube","11":"first","12":"instock","13":"shipping-taxable","14":"product-type-simple"},"acf":[],"yoast_head":"<!-- This site is optimized with the Yoast SEO plugin v24.1 - https:\/\/yoast.com\/wordpress\/plugins\/seo\/ -->\n<title>Wholesale\u2002concealer tube supplierWholesale\u2002concealer tube<\/title>\n<meta name=\"description\" content=\"We wholesale concealer tube ,as the cosmetic packaging supplier, this high-capacity PETG tube holds 11ml, offering more space than standard lip containers\u2014perfect for custom lip creations and multi-use cosmetics.\" \/>\n<meta name=\"robots\" content=\"index, follow, max-snippet:-1, max-image-preview:large, max-video-preview:-1\" \/>\n<link rel=\"canonical\" href=\"https:\/\/www.alovey.com\/es\/producto\/wholesale-concealer-tube-supplier\/\" \/>\n<meta property=\"og:locale\" content=\"es_ES\" \/>\n<meta property=\"og:type\" content=\"article\" \/>\n<meta property=\"og:title\" content=\"Wholesale\u2002concealer tube supplierWholesale\u2002concealer tube\" \/>\n<meta property=\"og:description\" content=\"We wholesale concealer tube ,as the cosmetic packaging supplier, this high-capacity PETG tube holds 11ml, offering more space than standard lip containers\u2014perfect for custom lip creations and multi-use cosmetics.\" \/>\n<meta property=\"og:url\" content=\"https:\/\/www.alovey.com\/es\/producto\/wholesale-concealer-tube-supplier\/\" \/>\n<meta property=\"og:site_name\" content=\"Best Cosmetic Packaging Manufacture\" \/>\n<meta property=\"article:modified_time\" content=\"2025-10-13T02:51:05+00:00\" \/>\n<meta property=\"og:image\" content=\"https:\/\/www.alovey.com\/wp-content\/uploads\/2025\/10\/Wholesale\u2002concealer-tube-supplier-2.jpg\" \/>\n\t<meta property=\"og:image:width\" content=\"750\" \/>\n\t<meta property=\"og:image:height\" content=\"750\" \/>\n\t<meta property=\"og:image:type\" content=\"image\/jpeg\" \/>\n<meta name=\"twitter:card\" content=\"summary_large_image\" \/>\n<meta name=\"twitter:label1\" content=\"Tiempo de lectura\" \/>\n\t<meta name=\"twitter:data1\" content=\"3 minutos\" \/>\n<script type=\"application\/ld+json\" class=\"yoast-schema-graph\">{\"@context\":\"https:\/\/schema.org\",\"@graph\":[{\"@type\":\"WebPage\",\"@id\":\"https:\/\/www.alovey.com\/product\/wholesale-concealer-tube-supplier\/\",\"url\":\"https:\/\/www.alovey.com\/product\/wholesale-concealer-tube-supplier\/\",\"name\":\"Wholesale\u2002concealer tube supplierWholesale\u2002concealer tube\",\"isPartOf\":{\"@id\":\"https:\/\/www.alovey.com\/#website\"},\"primaryImageOfPage\":{\"@id\":\"https:\/\/www.alovey.com\/product\/wholesale-concealer-tube-supplier\/#primaryimage\"},\"image\":{\"@id\":\"https:\/\/www.alovey.com\/product\/wholesale-concealer-tube-supplier\/#primaryimage\"},\"thumbnailUrl\":\"https:\/\/www.alovey.com\/wp-content\/uploads\/2025\/10\/Wholesale\u2002concealer-tube-supplier-2.jpg\",\"datePublished\":\"2025-10-13T02:33:34+00:00\",\"dateModified\":\"2025-10-13T02:51:05+00:00\",\"description\":\"We wholesale concealer tube ,as the cosmetic packaging supplier, this high-capacity PETG tube holds 11ml, offering more space than standard lip containers\u2014perfect for custom lip creations and multi-use cosmetics.\",\"breadcrumb\":{\"@id\":\"https:\/\/www.alovey.com\/product\/wholesale-concealer-tube-supplier\/#breadcrumb\"},\"inLanguage\":\"es\",\"potentialAction\":[{\"@type\":\"ReadAction\",\"target\":[\"https:\/\/www.alovey.com\/product\/wholesale-concealer-tube-supplier\/\"]}]},{\"@type\":\"ImageObject\",\"inLanguage\":\"es\",\"@id\":\"https:\/\/www.alovey.com\/product\/wholesale-concealer-tube-supplier\/#primaryimage\",\"url\":\"https:\/\/www.alovey.com\/wp-content\/uploads\/2025\/10\/Wholesale\u2002concealer-tube-supplier-2.jpg\",\"contentUrl\":\"https:\/\/www.alovey.com\/wp-content\/uploads\/2025\/10\/Wholesale\u2002concealer-tube-supplier-2.jpg\",\"width\":750,\"height\":750,\"caption\":\"Wholesale\u2002concealer tube supplier\"},{\"@type\":\"BreadcrumbList\",\"@id\":\"https:\/\/www.alovey.com\/product\/wholesale-concealer-tube-supplier\/#breadcrumb\",\"itemListElement\":[{\"@type\":\"ListItem\",\"position\":1,\"name\":\"\u9996\u9875\",\"item\":\"https:\/\/www.alovey.com\/\"},{\"@type\":\"ListItem\",\"position\":2,\"name\":\"Products\",\"item\":\"https:\/\/www.alovey.com\/products\/\"},{\"@type\":\"ListItem\",\"position\":3,\"name\":\"Wholesale\u2002concealer tube supplier\"}]},{\"@type\":\"WebSite\",\"@id\":\"https:\/\/www.alovey.com\/#website\",\"url\":\"https:\/\/www.alovey.com\/\",\"name\":\"Best Cosmetic Packaging Manufacture\",\"description\":\"Alovey Cosmetic Packaging Co.,Ltd\",\"publisher\":{\"@id\":\"https:\/\/www.alovey.com\/#organization\"},\"potentialAction\":[{\"@type\":\"SearchAction\",\"target\":{\"@type\":\"EntryPoint\",\"urlTemplate\":\"https:\/\/www.alovey.com\/?s={search_term_string}\"},\"query-input\":{\"@type\":\"PropertyValueSpecification\",\"valueRequired\":true,\"valueName\":\"search_term_string\"}}],\"inLanguage\":\"es\"},{\"@type\":\"Organization\",\"@id\":\"https:\/\/www.alovey.com\/#organization\",\"name\":\"Best Cosmetic Packaging Manufacture\",\"url\":\"https:\/\/www.alovey.com\/\",\"logo\":{\"@type\":\"ImageObject\",\"inLanguage\":\"es\",\"@id\":\"https:\/\/www.alovey.com\/#\/schema\/logo\/image\/\",\"url\":\"https:\/\/www.alovey.com\/wp-content\/uploads\/2023\/03\/logo.png\",\"contentUrl\":\"https:\/\/www.alovey.com\/wp-content\/uploads\/2023\/03\/logo.png\",\"width\":505,\"height\":180,\"caption\":\"Best  Cosmetic Packaging Manufacture\"},\"image\":{\"@id\":\"https:\/\/www.alovey.com\/#\/schema\/logo\/image\/\"}}]}<\/script>\n<!-- \/ Yoast SEO plugin. -->","yoast_head_json":{"title":"Wholesale\u2002concealer tube supplierWholesale\u2002concealer tube","description":"We wholesale concealer tube ,as the cosmetic packaging supplier, this high-capacity PETG tube holds 11ml, offering more space than standard lip containers\u2014perfect for custom lip creations and multi-use cosmetics.","robots":{"index":"index","follow":"follow","max-snippet":"max-snippet:-1","max-image-preview":"max-image-preview:large","max-video-preview":"max-video-preview:-1"},"canonical":"https:\/\/www.alovey.com\/es\/producto\/wholesale-concealer-tube-supplier\/","og_locale":"es_ES","og_type":"article","og_title":"Wholesale\u2002concealer tube supplierWholesale\u2002concealer tube","og_description":"We wholesale concealer tube ,as the cosmetic packaging supplier, this high-capacity PETG tube holds 11ml, offering more space than standard lip containers\u2014perfect for custom lip creations and multi-use cosmetics.","og_url":"https:\/\/www.alovey.com\/es\/producto\/wholesale-concealer-tube-supplier\/","og_site_name":"Best Cosmetic Packaging Manufacture","article_modified_time":"2025-10-13T02:51:05+00:00","og_image":[{"width":750,"height":750,"url":"https:\/\/www.alovey.com\/wp-content\/uploads\/2025\/10\/Wholesale\u2002concealer-tube-supplier-2.jpg","type":"image\/jpeg"}],"twitter_card":"summary_large_image","twitter_misc":{"Tiempo de lectura":"3 minutos"},"schema":{"@context":"https:\/\/schema.org","@graph":[{"@type":"WebPage","@id":"https:\/\/www.alovey.com\/product\/wholesale-concealer-tube-supplier\/","url":"https:\/\/www.alovey.com\/product\/wholesale-concealer-tube-supplier\/","name":"Wholesale\u2002concealer tube supplierWholesale\u2002concealer tube","isPartOf":{"@id":"https:\/\/www.alovey.com\/#website"},"primaryImageOfPage":{"@id":"https:\/\/www.alovey.com\/product\/wholesale-concealer-tube-supplier\/#primaryimage"},"image":{"@id":"https:\/\/www.alovey.com\/product\/wholesale-concealer-tube-supplier\/#primaryimage"},"thumbnailUrl":"https:\/\/www.alovey.com\/wp-content\/uploads\/2025\/10\/Wholesale\u2002concealer-tube-supplier-2.jpg","datePublished":"2025-10-13T02:33:34+00:00","dateModified":"2025-10-13T02:51:05+00:00","description":"We wholesale concealer tube ,as the cosmetic packaging supplier, this high-capacity PETG tube holds 11ml, offering more space than standard lip containers\u2014perfect for custom lip creations and multi-use cosmetics.","breadcrumb":{"@id":"https:\/\/www.alovey.com\/product\/wholesale-concealer-tube-supplier\/#breadcrumb"},"inLanguage":"es","potentialAction":[{"@type":"ReadAction","target":["https:\/\/www.alovey.com\/product\/wholesale-concealer-tube-supplier\/"]}]},{"@type":"ImageObject","inLanguage":"es","@id":"https:\/\/www.alovey.com\/product\/wholesale-concealer-tube-supplier\/#primaryimage","url":"https:\/\/www.alovey.com\/wp-content\/uploads\/2025\/10\/Wholesale\u2002concealer-tube-supplier-2.jpg","contentUrl":"https:\/\/www.alovey.com\/wp-content\/uploads\/2025\/10\/Wholesale\u2002concealer-tube-supplier-2.jpg","width":750,"height":750,"caption":"Wholesale\u2002concealer tube supplier"},{"@type":"BreadcrumbList","@id":"https:\/\/www.alovey.com\/product\/wholesale-concealer-tube-supplier\/#breadcrumb","itemListElement":[{"@type":"ListItem","position":1,"name":"\u9996\u9875","item":"https:\/\/www.alovey.com\/"},{"@type":"ListItem","position":2,"name":"Products","item":"https:\/\/www.alovey.com\/products\/"},{"@type":"ListItem","position":3,"name":"Wholesale\u2002concealer tube supplier"}]},{"@type":"WebSite","@id":"https:\/\/www.alovey.com\/#website","url":"https:\/\/www.alovey.com\/","name":"Best Cosmetic Packaging Manufacture","description":"Alovey Cosmetic Packaging S.L.","publisher":{"@id":"https:\/\/www.alovey.com\/#organization"},"potentialAction":[{"@type":"SearchAction","target":{"@type":"EntryPoint","urlTemplate":"https:\/\/www.alovey.com\/?s={search_term_string}"},"query-input":{"@type":"PropertyValueSpecification","valueRequired":true,"valueName":"search_term_string"}}],"inLanguage":"es"},{"@type":"Organization","@id":"https:\/\/www.alovey.com\/#organization","name":"Best Cosmetic Packaging Manufacture","url":"https:\/\/www.alovey.com\/","logo":{"@type":"ImageObject","inLanguage":"es","@id":"https:\/\/www.alovey.com\/#\/schema\/logo\/image\/","url":"https:\/\/www.alovey.com\/wp-content\/uploads\/2023\/03\/logo.png","contentUrl":"https:\/\/www.alovey.com\/wp-content\/uploads\/2023\/03\/logo.png","width":505,"height":180,"caption":"Best  Cosmetic Packaging Manufacture"},"image":{"@id":"https:\/\/www.alovey.com\/#\/schema\/logo\/image\/"}}]}},"_links":{"self":[{"href":"https:\/\/www.alovey.com\/es\/wp-json\/wp\/v2\/product\/11809"}],"collection":[{"href":"https:\/\/www.alovey.com\/es\/wp-json\/wp\/v2\/product"}],"about":[{"href":"https:\/\/www.alovey.com\/es\/wp-json\/wp\/v2\/types\/product"}],"wp:featuredmedia":[{"embeddable":true,"href":"https:\/\/www.alovey.com\/es\/wp-json\/wp\/v2\/media\/11812"}],"wp:attachment":[{"href":"https:\/\/www.alovey.com\/es\/wp-json\/wp\/v2\/media?parent=11809"}],"wp:term":[{"taxonomy":"product_brand","embeddable":true,"href":"https:\/\/www.alovey.com\/es\/wp-json\/wp\/v2\/product_brand?post=11809"},{"taxonomy":"product_cat","embeddable":true,"href":"https:\/\/www.alovey.com\/es\/wp-json\/wp\/v2\/product_cat?post=11809"},{"taxonomy":"product_tag","embeddable":true,"href":"https:\/\/www.alovey.com\/es\/wp-json\/wp\/v2\/product_tag?post=11809"}],"curies":[{"name":"wp","href":"https:\/\/api.w.org\/{rel}","templated":true}]}}