{"id":11602,"date":"2025-09-17T02:03:03","date_gmt":"2025-09-17T02:03:03","guid":{"rendered":"https:\/\/www.alovey.com\/?post_type=product&#038;p=11602"},"modified":"2025-09-17T02:53:11","modified_gmt":"2025-09-17T02:53:11","slug":"pearl-lip-gloss-tube-containers-with-bullet-shape-5ml","status":"publish","type":"product","link":"https:\/\/www.alovey.com\/es\/producto\/pearl-lip-gloss-tube-containers-with-bullet-shape-5ml\/","title":{"rendered":"Pearl lip gloss tube containers with bullet shape 5ml"},"content":{"rendered":"<p><strong>These \u00a0lip gloss tube containers are \u00a0crafted from transparent material and can be customized with the manufacturer\u2019s logo. It features a pearl cap that ensures excellent tightness, keeping your product fresh and secure. With a 5ml capacity, it\u2019s ideal for storing small amounts of your favorite gloss\u2014perfect for travel, fitting easily into a purse, cosmetic bag, or even a pocket.<\/strong><\/p>\n<p><strong>Beyond personal use, it\u2019s also an excellent choice for makeup artists to provide samples to clients, or for handing out at events where cosmetic samples are shared.<\/strong><\/p>\n<p><strong>Alovey, como fabricante profesional chino de envases para cosm\u00e9ticos, produce una exquisita gama de envases personalizados para cosm\u00e9ticos, meticulosamente elaborados para elevar su marca. Nuestra variada selecci\u00f3n de materiales de primera calidad, combinada con delicadas t\u00e9cnicas de acabado superficial como la serigraf\u00eda, la estampaci\u00f3n en caliente y la pulverizaci\u00f3n mate, garantiza que cada envase sea una obra maestra \u00fanica.<\/strong><\/p>\n<p><img fetchpriority=\"high\" decoding=\"async\" class=\"size-full wp-image-11609\" src=\"https:\/\/www.alovey.com\/wp-content\/uploads\/2025\/09\/Pearl-lip-gloss-tube-containers-with-bullet-shape-5ml-4.jpg\" alt=\"lip gloss tube containers\" width=\"750\" height=\"750\" srcset=\"https:\/\/www.alovey.com\/wp-content\/uploads\/2025\/09\/Pearl-lip-gloss-tube-containers-with-bullet-shape-5ml-4.jpg 750w, https:\/\/www.alovey.com\/wp-content\/uploads\/2025\/09\/Pearl-lip-gloss-tube-containers-with-bullet-shape-5ml-4-300x300.jpg 300w, https:\/\/www.alovey.com\/wp-content\/uploads\/2025\/09\/Pearl-lip-gloss-tube-containers-with-bullet-shape-5ml-4-150x150.jpg 150w, https:\/\/www.alovey.com\/wp-content\/uploads\/2025\/09\/Pearl-lip-gloss-tube-containers-with-bullet-shape-5ml-4-12x12.jpg 12w, https:\/\/www.alovey.com\/wp-content\/uploads\/2025\/09\/Pearl-lip-gloss-tube-containers-with-bullet-shape-5ml-4-600x600.jpg 600w, https:\/\/www.alovey.com\/wp-content\/uploads\/2025\/09\/Pearl-lip-gloss-tube-containers-with-bullet-shape-5ml-4-100x100.jpg 100w\" sizes=\"(max-width: 750px) 100vw, 750px\" \/><\/p>\n<p><img decoding=\"async\" class=\"size-full wp-image-11608\" src=\"https:\/\/www.alovey.com\/wp-content\/uploads\/2025\/09\/Pearl-lip-gloss-tube-containers-with-bullet-shape-5ml-3.jpg\" alt=\"lip gloss tube containers\" width=\"750\" height=\"750\" srcset=\"https:\/\/www.alovey.com\/wp-content\/uploads\/2025\/09\/Pearl-lip-gloss-tube-containers-with-bullet-shape-5ml-3.jpg 750w, https:\/\/www.alovey.com\/wp-content\/uploads\/2025\/09\/Pearl-lip-gloss-tube-containers-with-bullet-shape-5ml-3-300x300.jpg 300w, https:\/\/www.alovey.com\/wp-content\/uploads\/2025\/09\/Pearl-lip-gloss-tube-containers-with-bullet-shape-5ml-3-150x150.jpg 150w, https:\/\/www.alovey.com\/wp-content\/uploads\/2025\/09\/Pearl-lip-gloss-tube-containers-with-bullet-shape-5ml-3-12x12.jpg 12w, https:\/\/www.alovey.com\/wp-content\/uploads\/2025\/09\/Pearl-lip-gloss-tube-containers-with-bullet-shape-5ml-3-600x600.jpg 600w, https:\/\/www.alovey.com\/wp-content\/uploads\/2025\/09\/Pearl-lip-gloss-tube-containers-with-bullet-shape-5ml-3-100x100.jpg 100w\" sizes=\"(max-width: 750px) 100vw, 750px\" \/><\/p>\n<p><img decoding=\"async\" class=\"size-full wp-image-11607\" src=\"https:\/\/www.alovey.com\/wp-content\/uploads\/2025\/09\/Pearl-lip-gloss-tube-containers-with-bullet-shape-5ml-2.jpg\" alt=\"lip gloss tube containers\" width=\"750\" height=\"750\" srcset=\"https:\/\/www.alovey.com\/wp-content\/uploads\/2025\/09\/Pearl-lip-gloss-tube-containers-with-bullet-shape-5ml-2.jpg 750w, https:\/\/www.alovey.com\/wp-content\/uploads\/2025\/09\/Pearl-lip-gloss-tube-containers-with-bullet-shape-5ml-2-300x300.jpg 300w, https:\/\/www.alovey.com\/wp-content\/uploads\/2025\/09\/Pearl-lip-gloss-tube-containers-with-bullet-shape-5ml-2-150x150.jpg 150w, https:\/\/www.alovey.com\/wp-content\/uploads\/2025\/09\/Pearl-lip-gloss-tube-containers-with-bullet-shape-5ml-2-12x12.jpg 12w, https:\/\/www.alovey.com\/wp-content\/uploads\/2025\/09\/Pearl-lip-gloss-tube-containers-with-bullet-shape-5ml-2-600x600.jpg 600w, https:\/\/www.alovey.com\/wp-content\/uploads\/2025\/09\/Pearl-lip-gloss-tube-containers-with-bullet-shape-5ml-2-100x100.jpg 100w\" sizes=\"(max-width: 750px) 100vw, 750px\" \/><\/p>\n<p><img loading=\"lazy\" decoding=\"async\" class=\"size-full wp-image-11606\" src=\"https:\/\/www.alovey.com\/wp-content\/uploads\/2025\/09\/Pearl-lip-gloss-tube-containers-with-bullet-shape-5ml-8.jpg\" alt=\"lip gloss tube containers\" width=\"750\" height=\"750\" srcset=\"https:\/\/www.alovey.com\/wp-content\/uploads\/2025\/09\/Pearl-lip-gloss-tube-containers-with-bullet-shape-5ml-8.jpg 750w, https:\/\/www.alovey.com\/wp-content\/uploads\/2025\/09\/Pearl-lip-gloss-tube-containers-with-bullet-shape-5ml-8-300x300.jpg 300w, https:\/\/www.alovey.com\/wp-content\/uploads\/2025\/09\/Pearl-lip-gloss-tube-containers-with-bullet-shape-5ml-8-150x150.jpg 150w, https:\/\/www.alovey.com\/wp-content\/uploads\/2025\/09\/Pearl-lip-gloss-tube-containers-with-bullet-shape-5ml-8-12x12.jpg 12w, https:\/\/www.alovey.com\/wp-content\/uploads\/2025\/09\/Pearl-lip-gloss-tube-containers-with-bullet-shape-5ml-8-600x600.jpg 600w, https:\/\/www.alovey.com\/wp-content\/uploads\/2025\/09\/Pearl-lip-gloss-tube-containers-with-bullet-shape-5ml-8-100x100.jpg 100w\" sizes=\"(max-width: 750px) 100vw, 750px\" \/><\/p>\n<p><img loading=\"lazy\" decoding=\"async\" class=\"size-full wp-image-11605\" src=\"https:\/\/www.alovey.com\/wp-content\/uploads\/2025\/09\/Pearl-lip-gloss-tube-containers-with-bullet-shape-5ml-7.jpg\" alt=\"lip gloss tube containers\" width=\"630\" height=\"630\" srcset=\"https:\/\/www.alovey.com\/wp-content\/uploads\/2025\/09\/Pearl-lip-gloss-tube-containers-with-bullet-shape-5ml-7.jpg 630w, https:\/\/www.alovey.com\/wp-content\/uploads\/2025\/09\/Pearl-lip-gloss-tube-containers-with-bullet-shape-5ml-7-300x300.jpg 300w, https:\/\/www.alovey.com\/wp-content\/uploads\/2025\/09\/Pearl-lip-gloss-tube-containers-with-bullet-shape-5ml-7-150x150.jpg 150w, https:\/\/www.alovey.com\/wp-content\/uploads\/2025\/09\/Pearl-lip-gloss-tube-containers-with-bullet-shape-5ml-7-12x12.jpg 12w, https:\/\/www.alovey.com\/wp-content\/uploads\/2025\/09\/Pearl-lip-gloss-tube-containers-with-bullet-shape-5ml-7-600x600.jpg 600w, https:\/\/www.alovey.com\/wp-content\/uploads\/2025\/09\/Pearl-lip-gloss-tube-containers-with-bullet-shape-5ml-7-100x100.jpg 100w\" sizes=\"(max-width: 630px) 100vw, 630px\" \/><\/p>\n<p><img loading=\"lazy\" decoding=\"async\" class=\"size-full wp-image-11604\" src=\"https:\/\/www.alovey.com\/wp-content\/uploads\/2025\/09\/Pearl-lip-gloss-tube-containers-with-bullet-shape-5ml-6.jpg\" alt=\"lip gloss tube containers\" width=\"630\" height=\"630\" srcset=\"https:\/\/www.alovey.com\/wp-content\/uploads\/2025\/09\/Pearl-lip-gloss-tube-containers-with-bullet-shape-5ml-6.jpg 630w, https:\/\/www.alovey.com\/wp-content\/uploads\/2025\/09\/Pearl-lip-gloss-tube-containers-with-bullet-shape-5ml-6-300x300.jpg 300w, https:\/\/www.alovey.com\/wp-content\/uploads\/2025\/09\/Pearl-lip-gloss-tube-containers-with-bullet-shape-5ml-6-150x150.jpg 150w, https:\/\/www.alovey.com\/wp-content\/uploads\/2025\/09\/Pearl-lip-gloss-tube-containers-with-bullet-shape-5ml-6-12x12.jpg 12w, https:\/\/www.alovey.com\/wp-content\/uploads\/2025\/09\/Pearl-lip-gloss-tube-containers-with-bullet-shape-5ml-6-600x600.jpg 600w, https:\/\/www.alovey.com\/wp-content\/uploads\/2025\/09\/Pearl-lip-gloss-tube-containers-with-bullet-shape-5ml-6-100x100.jpg 100w\" sizes=\"(max-width: 630px) 100vw, 630px\" \/><\/p>\n<p>&nbsp;<\/p>\n<p>&nbsp;<\/p>\n<p>&nbsp;<\/p>\n<p>&nbsp;<\/p>\n<p>&nbsp;<\/p>\n<p>&nbsp;<\/p>\n<p>&nbsp;<\/p>\n<p>&nbsp;<\/p>\n<p>&nbsp;<\/p>\n<p>&nbsp;<\/p>\n<p>&nbsp;<\/p>\n<p>&nbsp;<\/p>\n<p>&nbsp;<\/p>\n<p>&nbsp;<\/p>\n<p>&nbsp;<\/p>\n<p>&nbsp;<\/p>\n<p>&nbsp;<\/p>\n<p>&nbsp;<\/p>\n<p>&nbsp;<\/p>\n<p>&nbsp;<\/p>\n<p>&nbsp;<\/p>\n<p>&nbsp;<\/p>\n<p>&nbsp;<\/p>\n<p>&nbsp;<\/p>\n<p>&nbsp;<\/p>\n<p>&nbsp;<\/p>\n<p>&nbsp;<\/p>\n<p>&nbsp;<\/p>\n<p>&nbsp;<\/p>\n<p>&nbsp;<\/p>\n<p>&nbsp;<\/p>\n<p>&nbsp;<\/p>\n<p>&nbsp;<\/p>\n<p>&nbsp;<\/p>\n<p>&nbsp;<\/p>\n<p>&nbsp;<\/p>\n<p>&nbsp;<\/p>\n<p>&nbsp;<\/p>\n<p>&nbsp;<\/p>\n<p>&nbsp;<\/p>\n<p>&nbsp;<\/p>\n<p>&nbsp;<\/p>\n<p>&nbsp;<\/p>\n<p>&nbsp;<\/p>\n<p>&nbsp;<\/p>\n<p>&nbsp;<\/p>\n<p>&nbsp;<\/p>\n<p>&nbsp;<\/p>\n<p>&nbsp;<\/p>\n<p>&nbsp;<\/p>\n<p>&nbsp;<\/p>\n<p>&nbsp;<\/p>\n<p>&nbsp;<\/p>\n<p>&nbsp;<\/p>\n<p>&nbsp;<\/p>\n<p>&nbsp;<\/p>\n<p>&nbsp;<\/p>\n<p>&nbsp;<\/p>\n<p>&nbsp;<\/p>\n<p>&nbsp;<\/p>\n<p>&nbsp;<\/p>\n<p>&nbsp;<\/p>\n<p>&nbsp;<\/p>\n<p>&nbsp;<\/p>\n<p>&nbsp;<\/p>\n<p>&nbsp;<\/p>\n<p>&nbsp;<\/p>\n<p>&nbsp;<\/p>\n<p>&nbsp;<\/p>\n<p>&nbsp;<\/p>\n<p>&nbsp;<\/p>\n<p>&nbsp;<\/p>\n<p>&nbsp;<\/p>\n<p>&nbsp;<\/p>\n<p>&nbsp;<\/p>\n<p>&nbsp;<\/p>\n<p>&nbsp;<\/p>\n<p>&nbsp;<\/p>\n<p>&nbsp;<\/p>\n<p>&nbsp;<\/p>\n<p>&nbsp;<\/p>\n<p>&nbsp;<\/p>\n<p>&nbsp;<\/p>\n<p>&nbsp;<\/p>\n<p>&nbsp;<\/p>\n<p>&nbsp;<\/p>\n<p>&nbsp;<\/p>\n<p>&nbsp;<\/p>\n<p>&nbsp;<\/p>\n<p>&nbsp;<\/p>\n<p>&nbsp;<\/p>\n<p>&nbsp;<\/p>\n<p>&nbsp;<\/p>\n<p>&nbsp;<\/p>\n<p>&nbsp;<\/p>\n<p>&nbsp;<\/p>\n<p>&nbsp;<\/p>\n<p>&nbsp;<\/p>\n<p>&nbsp;<\/p>\n<p>&nbsp;<\/p>\n<p>&nbsp;<\/p>\n<p>&nbsp;<\/p>\n<p>&nbsp;<\/p>\n<p>&nbsp;<\/p>\n<p>&nbsp;<\/p>\n<p>&nbsp;<\/p>\n<p>&nbsp;<\/p>\n<p>&nbsp;<\/p>\n<p>&nbsp;<\/p>\n<p>&nbsp;<\/p>\n<p>&nbsp;<\/p>\n<p>&nbsp;<\/p>\n<p>&nbsp;<\/p>\n<p>&nbsp;<\/p>\n<p>&nbsp;<\/p>\n<p>&nbsp;<\/p>\n<p>&nbsp;<\/p>\n<p>&nbsp;<\/p>\n<p>&nbsp;<\/p>","protected":false},"excerpt":{"rendered":"<ul>\n<li>Item No: LG-0675A<\/li>\n<li>Material:\u00a0Plastic<\/li>\n<li>\u00a0Size:D22*H88MM<\/li>\n<li>Aplicaciones: Productos de belleza<\/li>\n<li>MOQ: 12.000 piezas<\/li>\n<li>Color: Color personalizado<\/li>\n<li>Surface treatment: Injection\/Matte\/Metalization\/UV coating<\/li>\n<li>Nombre de marca: OEM\/ODM<\/li>\n<li>Logotipo: Logotipo del cliente<\/li>\n<li>Capacidad de suministro: 100.000 piezas al mes<\/li>\n<\/ul>","protected":false},"featured_media":11606,"template":"","meta":{"_acf_changed":false},"product_brand":[],"product_cat":[372],"product_tag":[447,388,453],"class_list":{"0":"post-11602","1":"product","2":"type-product","3":"status-publish","4":"has-post-thumbnail","6":"product_cat-lipgloss-tube","7":"product_tag-lip-gel-tube","8":"product_tag-lip-gloss-tube","9":"product_tag-mini-cosmetic-packaging","11":"first","12":"instock","13":"shipping-taxable","14":"product-type-simple"},"acf":[],"yoast_head":"<!-- This site is optimized with the Yoast SEO plugin v24.1 - https:\/\/yoast.com\/wordpress\/plugins\/seo\/ -->\n<title>Pearl lip gloss tube containers with bullet shape 5ml<\/title>\n<meta name=\"description\" content=\"These lip gloss tube containers are crafted from transparent material and can be customized with the manufacturer\u2019s logo.\" \/>\n<meta name=\"robots\" content=\"index, follow, max-snippet:-1, max-image-preview:large, max-video-preview:-1\" \/>\n<link rel=\"canonical\" href=\"https:\/\/www.alovey.com\/es\/producto\/pearl-lip-gloss-tube-containers-with-bullet-shape-5ml\/\" \/>\n<meta property=\"og:locale\" content=\"es_ES\" \/>\n<meta property=\"og:type\" content=\"article\" \/>\n<meta property=\"og:title\" content=\"Pearl lip gloss tube containers with bullet shape 5ml\" \/>\n<meta property=\"og:description\" content=\"These lip gloss tube containers are crafted from transparent material and can be customized with the manufacturer\u2019s logo.\" \/>\n<meta property=\"og:url\" content=\"https:\/\/www.alovey.com\/es\/producto\/pearl-lip-gloss-tube-containers-with-bullet-shape-5ml\/\" \/>\n<meta property=\"og:site_name\" content=\"Best Cosmetic Packaging Manufacture\" \/>\n<meta property=\"article:modified_time\" content=\"2025-09-17T02:53:11+00:00\" \/>\n<meta property=\"og:image\" content=\"https:\/\/www.alovey.com\/wp-content\/uploads\/2025\/09\/Pearl-lip-gloss-tube-containers-with-bullet-shape-5ml-8.jpg\" \/>\n\t<meta property=\"og:image:width\" content=\"750\" \/>\n\t<meta property=\"og:image:height\" content=\"750\" \/>\n\t<meta property=\"og:image:type\" content=\"image\/jpeg\" \/>\n<meta name=\"twitter:card\" content=\"summary_large_image\" \/>\n<meta name=\"twitter:label1\" content=\"Tiempo de lectura\" \/>\n\t<meta name=\"twitter:data1\" content=\"3 minutos\" \/>\n<script type=\"application\/ld+json\" class=\"yoast-schema-graph\">{\"@context\":\"https:\/\/schema.org\",\"@graph\":[{\"@type\":\"WebPage\",\"@id\":\"https:\/\/www.alovey.com\/product\/pearl-lip-gloss-tube-containers-with-bullet-shape-5ml\/\",\"url\":\"https:\/\/www.alovey.com\/product\/pearl-lip-gloss-tube-containers-with-bullet-shape-5ml\/\",\"name\":\"Pearl lip gloss tube containers with bullet shape 5ml\",\"isPartOf\":{\"@id\":\"https:\/\/www.alovey.com\/#website\"},\"primaryImageOfPage\":{\"@id\":\"https:\/\/www.alovey.com\/product\/pearl-lip-gloss-tube-containers-with-bullet-shape-5ml\/#primaryimage\"},\"image\":{\"@id\":\"https:\/\/www.alovey.com\/product\/pearl-lip-gloss-tube-containers-with-bullet-shape-5ml\/#primaryimage\"},\"thumbnailUrl\":\"https:\/\/www.alovey.com\/wp-content\/uploads\/2025\/09\/Pearl-lip-gloss-tube-containers-with-bullet-shape-5ml-8.jpg\",\"datePublished\":\"2025-09-17T02:03:03+00:00\",\"dateModified\":\"2025-09-17T02:53:11+00:00\",\"description\":\"These lip gloss tube containers are crafted from transparent material and can be customized with the manufacturer\u2019s logo.\",\"breadcrumb\":{\"@id\":\"https:\/\/www.alovey.com\/product\/pearl-lip-gloss-tube-containers-with-bullet-shape-5ml\/#breadcrumb\"},\"inLanguage\":\"es\",\"potentialAction\":[{\"@type\":\"ReadAction\",\"target\":[\"https:\/\/www.alovey.com\/product\/pearl-lip-gloss-tube-containers-with-bullet-shape-5ml\/\"]}]},{\"@type\":\"ImageObject\",\"inLanguage\":\"es\",\"@id\":\"https:\/\/www.alovey.com\/product\/pearl-lip-gloss-tube-containers-with-bullet-shape-5ml\/#primaryimage\",\"url\":\"https:\/\/www.alovey.com\/wp-content\/uploads\/2025\/09\/Pearl-lip-gloss-tube-containers-with-bullet-shape-5ml-8.jpg\",\"contentUrl\":\"https:\/\/www.alovey.com\/wp-content\/uploads\/2025\/09\/Pearl-lip-gloss-tube-containers-with-bullet-shape-5ml-8.jpg\",\"width\":750,\"height\":750,\"caption\":\"Pearl lip gloss tube containers with bullet shape 5ml\"},{\"@type\":\"BreadcrumbList\",\"@id\":\"https:\/\/www.alovey.com\/product\/pearl-lip-gloss-tube-containers-with-bullet-shape-5ml\/#breadcrumb\",\"itemListElement\":[{\"@type\":\"ListItem\",\"position\":1,\"name\":\"\u9996\u9875\",\"item\":\"https:\/\/www.alovey.com\/\"},{\"@type\":\"ListItem\",\"position\":2,\"name\":\"Products\",\"item\":\"https:\/\/www.alovey.com\/products\/\"},{\"@type\":\"ListItem\",\"position\":3,\"name\":\"Pearl lip gloss tube containers with bullet shape 5ml\"}]},{\"@type\":\"WebSite\",\"@id\":\"https:\/\/www.alovey.com\/#website\",\"url\":\"https:\/\/www.alovey.com\/\",\"name\":\"Best Cosmetic Packaging Manufacture\",\"description\":\"Alovey Cosmetic Packaging Co.,Ltd\",\"publisher\":{\"@id\":\"https:\/\/www.alovey.com\/#organization\"},\"potentialAction\":[{\"@type\":\"SearchAction\",\"target\":{\"@type\":\"EntryPoint\",\"urlTemplate\":\"https:\/\/www.alovey.com\/?s={search_term_string}\"},\"query-input\":{\"@type\":\"PropertyValueSpecification\",\"valueRequired\":true,\"valueName\":\"search_term_string\"}}],\"inLanguage\":\"es\"},{\"@type\":\"Organization\",\"@id\":\"https:\/\/www.alovey.com\/#organization\",\"name\":\"Best Cosmetic Packaging Manufacture\",\"url\":\"https:\/\/www.alovey.com\/\",\"logo\":{\"@type\":\"ImageObject\",\"inLanguage\":\"es\",\"@id\":\"https:\/\/www.alovey.com\/#\/schema\/logo\/image\/\",\"url\":\"https:\/\/www.alovey.com\/wp-content\/uploads\/2023\/03\/logo.png\",\"contentUrl\":\"https:\/\/www.alovey.com\/wp-content\/uploads\/2023\/03\/logo.png\",\"width\":505,\"height\":180,\"caption\":\"Best  Cosmetic Packaging Manufacture\"},\"image\":{\"@id\":\"https:\/\/www.alovey.com\/#\/schema\/logo\/image\/\"}}]}<\/script>\n<!-- \/ Yoast SEO plugin. -->","yoast_head_json":{"title":"Pearl lip gloss tube containers with bullet shape 5ml","description":"These lip gloss tube containers are crafted from transparent material and can be customized with the manufacturer\u2019s logo.","robots":{"index":"index","follow":"follow","max-snippet":"max-snippet:-1","max-image-preview":"max-image-preview:large","max-video-preview":"max-video-preview:-1"},"canonical":"https:\/\/www.alovey.com\/es\/producto\/pearl-lip-gloss-tube-containers-with-bullet-shape-5ml\/","og_locale":"es_ES","og_type":"article","og_title":"Pearl lip gloss tube containers with bullet shape 5ml","og_description":"These lip gloss tube containers are crafted from transparent material and can be customized with the manufacturer\u2019s logo.","og_url":"https:\/\/www.alovey.com\/es\/producto\/pearl-lip-gloss-tube-containers-with-bullet-shape-5ml\/","og_site_name":"Best Cosmetic Packaging Manufacture","article_modified_time":"2025-09-17T02:53:11+00:00","og_image":[{"width":750,"height":750,"url":"https:\/\/www.alovey.com\/wp-content\/uploads\/2025\/09\/Pearl-lip-gloss-tube-containers-with-bullet-shape-5ml-8.jpg","type":"image\/jpeg"}],"twitter_card":"summary_large_image","twitter_misc":{"Tiempo de lectura":"3 minutos"},"schema":{"@context":"https:\/\/schema.org","@graph":[{"@type":"WebPage","@id":"https:\/\/www.alovey.com\/product\/pearl-lip-gloss-tube-containers-with-bullet-shape-5ml\/","url":"https:\/\/www.alovey.com\/product\/pearl-lip-gloss-tube-containers-with-bullet-shape-5ml\/","name":"Pearl lip gloss tube containers with bullet shape 5ml","isPartOf":{"@id":"https:\/\/www.alovey.com\/#website"},"primaryImageOfPage":{"@id":"https:\/\/www.alovey.com\/product\/pearl-lip-gloss-tube-containers-with-bullet-shape-5ml\/#primaryimage"},"image":{"@id":"https:\/\/www.alovey.com\/product\/pearl-lip-gloss-tube-containers-with-bullet-shape-5ml\/#primaryimage"},"thumbnailUrl":"https:\/\/www.alovey.com\/wp-content\/uploads\/2025\/09\/Pearl-lip-gloss-tube-containers-with-bullet-shape-5ml-8.jpg","datePublished":"2025-09-17T02:03:03+00:00","dateModified":"2025-09-17T02:53:11+00:00","description":"These lip gloss tube containers are crafted from transparent material and can be customized with the manufacturer\u2019s logo.","breadcrumb":{"@id":"https:\/\/www.alovey.com\/product\/pearl-lip-gloss-tube-containers-with-bullet-shape-5ml\/#breadcrumb"},"inLanguage":"es","potentialAction":[{"@type":"ReadAction","target":["https:\/\/www.alovey.com\/product\/pearl-lip-gloss-tube-containers-with-bullet-shape-5ml\/"]}]},{"@type":"ImageObject","inLanguage":"es","@id":"https:\/\/www.alovey.com\/product\/pearl-lip-gloss-tube-containers-with-bullet-shape-5ml\/#primaryimage","url":"https:\/\/www.alovey.com\/wp-content\/uploads\/2025\/09\/Pearl-lip-gloss-tube-containers-with-bullet-shape-5ml-8.jpg","contentUrl":"https:\/\/www.alovey.com\/wp-content\/uploads\/2025\/09\/Pearl-lip-gloss-tube-containers-with-bullet-shape-5ml-8.jpg","width":750,"height":750,"caption":"Pearl lip gloss tube containers with bullet shape 5ml"},{"@type":"BreadcrumbList","@id":"https:\/\/www.alovey.com\/product\/pearl-lip-gloss-tube-containers-with-bullet-shape-5ml\/#breadcrumb","itemListElement":[{"@type":"ListItem","position":1,"name":"\u9996\u9875","item":"https:\/\/www.alovey.com\/"},{"@type":"ListItem","position":2,"name":"Products","item":"https:\/\/www.alovey.com\/products\/"},{"@type":"ListItem","position":3,"name":"Pearl lip gloss tube containers with bullet shape 5ml"}]},{"@type":"WebSite","@id":"https:\/\/www.alovey.com\/#website","url":"https:\/\/www.alovey.com\/","name":"Best Cosmetic Packaging Manufacture","description":"Alovey Cosmetic Packaging S.L.","publisher":{"@id":"https:\/\/www.alovey.com\/#organization"},"potentialAction":[{"@type":"SearchAction","target":{"@type":"EntryPoint","urlTemplate":"https:\/\/www.alovey.com\/?s={search_term_string}"},"query-input":{"@type":"PropertyValueSpecification","valueRequired":true,"valueName":"search_term_string"}}],"inLanguage":"es"},{"@type":"Organization","@id":"https:\/\/www.alovey.com\/#organization","name":"Best Cosmetic Packaging Manufacture","url":"https:\/\/www.alovey.com\/","logo":{"@type":"ImageObject","inLanguage":"es","@id":"https:\/\/www.alovey.com\/#\/schema\/logo\/image\/","url":"https:\/\/www.alovey.com\/wp-content\/uploads\/2023\/03\/logo.png","contentUrl":"https:\/\/www.alovey.com\/wp-content\/uploads\/2023\/03\/logo.png","width":505,"height":180,"caption":"Best  Cosmetic Packaging Manufacture"},"image":{"@id":"https:\/\/www.alovey.com\/#\/schema\/logo\/image\/"}}]}},"_links":{"self":[{"href":"https:\/\/www.alovey.com\/es\/wp-json\/wp\/v2\/product\/11602"}],"collection":[{"href":"https:\/\/www.alovey.com\/es\/wp-json\/wp\/v2\/product"}],"about":[{"href":"https:\/\/www.alovey.com\/es\/wp-json\/wp\/v2\/types\/product"}],"wp:featuredmedia":[{"embeddable":true,"href":"https:\/\/www.alovey.com\/es\/wp-json\/wp\/v2\/media\/11606"}],"wp:attachment":[{"href":"https:\/\/www.alovey.com\/es\/wp-json\/wp\/v2\/media?parent=11602"}],"wp:term":[{"taxonomy":"product_brand","embeddable":true,"href":"https:\/\/www.alovey.com\/es\/wp-json\/wp\/v2\/product_brand?post=11602"},{"taxonomy":"product_cat","embeddable":true,"href":"https:\/\/www.alovey.com\/es\/wp-json\/wp\/v2\/product_cat?post=11602"},{"taxonomy":"product_tag","embeddable":true,"href":"https:\/\/www.alovey.com\/es\/wp-json\/wp\/v2\/product_tag?post=11602"}],"curies":[{"name":"wp","href":"https:\/\/api.w.org\/{rel}","templated":true}]}}