{"id":11515,"date":"2025-09-10T02:25:11","date_gmt":"2025-09-10T02:25:11","guid":{"rendered":"https:\/\/www.alovey.com\/?post_type=product&#038;p=11515"},"modified":"2025-09-10T02:38:16","modified_gmt":"2025-09-10T02:38:16","slug":"popular-2-in-1-plastic-cosmetic-tubes-for-lipgloss-and-lipliner","status":"publish","type":"product","link":"https:\/\/www.alovey.com\/es\/producto\/popular-2-in-1-plastic-cosmetic-tubes-for-lipgloss-and-lipliner\/","title":{"rendered":"Popular 2-in-1 plastic cosmetic tubes for lipgloss and lipliner  \u200b"},"content":{"rendered":"<p><strong>This innovative\u00a0\u00a0plastic cosmetic tubes\u00a0with \u00a0double-sided empty tube\u00a0combines a sleek lip gloss container on one end and a precise lip liner holder on the other.<\/strong><\/p>\n<p><strong>Designed for convenience and style, it allows users to carry two essential lip products in one compact package.<\/strong><\/p>\n<p><strong>Dual Functionality: Lip gloss + lip liner in one tube, perfect for on-the-go touch-ups.<\/strong><\/p>\n<p><strong>Customizable Options: Available in various shapes, sizes, colors, and finishes to match brand identity.<\/strong><\/p>\n<p><strong>Premium Quality: Leakproof, durable, and lightweight design ensures long-lasting use.<\/strong><\/p>\n<p><strong>Space-Saving Design: Eliminates the need for separate packaging, making it ideal for travel or handbags.<\/strong><\/p>\n<p><strong>Branding Ready: Supports logo printing, hot stamping, or special decorative effects for a high-end look.<\/strong><\/p>\n<p><strong>With this stylish and functional packaging, brands can offer customers a complete lip solution in one elegant product.<\/strong><\/p>\n<p><strong>Alovey, como fabricante profesional chino de envases para cosm\u00e9ticos, produce una exquisita gama de envases personalizados para cosm\u00e9ticos, meticulosamente elaborados para elevar su marca. Nuestra variada selecci\u00f3n de materiales de primera calidad, combinada con delicadas t\u00e9cnicas de acabado superficial como la serigraf\u00eda, la estampaci\u00f3n en caliente y la pulverizaci\u00f3n mate, garantiza que cada envase sea una obra maestra \u00fanica.<\/strong><\/p>\n<p><img fetchpriority=\"high\" decoding=\"async\" class=\"size-full wp-image-11518\" src=\"https:\/\/www.alovey.com\/wp-content\/uploads\/2025\/09\/Popular-2-in-1-plastic-cosmetic-tubes-for-lipgloss-and-lipliner-4.jpg\" alt=\"plastic cosmetic tubes\" width=\"750\" height=\"750\" srcset=\"https:\/\/www.alovey.com\/wp-content\/uploads\/2025\/09\/Popular-2-in-1-plastic-cosmetic-tubes-for-lipgloss-and-lipliner-4.jpg 750w, https:\/\/www.alovey.com\/wp-content\/uploads\/2025\/09\/Popular-2-in-1-plastic-cosmetic-tubes-for-lipgloss-and-lipliner-4-300x300.jpg 300w, https:\/\/www.alovey.com\/wp-content\/uploads\/2025\/09\/Popular-2-in-1-plastic-cosmetic-tubes-for-lipgloss-and-lipliner-4-150x150.jpg 150w, https:\/\/www.alovey.com\/wp-content\/uploads\/2025\/09\/Popular-2-in-1-plastic-cosmetic-tubes-for-lipgloss-and-lipliner-4-12x12.jpg 12w, https:\/\/www.alovey.com\/wp-content\/uploads\/2025\/09\/Popular-2-in-1-plastic-cosmetic-tubes-for-lipgloss-and-lipliner-4-600x600.jpg 600w, https:\/\/www.alovey.com\/wp-content\/uploads\/2025\/09\/Popular-2-in-1-plastic-cosmetic-tubes-for-lipgloss-and-lipliner-4-100x100.jpg 100w\" sizes=\"(max-width: 750px) 100vw, 750px\" \/><\/p>\n<p><img decoding=\"async\" class=\"size-full wp-image-11517\" src=\"https:\/\/www.alovey.com\/wp-content\/uploads\/2025\/09\/Popular-2-in-1-plastic-cosmetic-tubes-for-lipgloss-and-lipliner-3.jpg\" alt=\"plastic cosmetic tubes\" width=\"750\" height=\"750\" srcset=\"https:\/\/www.alovey.com\/wp-content\/uploads\/2025\/09\/Popular-2-in-1-plastic-cosmetic-tubes-for-lipgloss-and-lipliner-3.jpg 750w, https:\/\/www.alovey.com\/wp-content\/uploads\/2025\/09\/Popular-2-in-1-plastic-cosmetic-tubes-for-lipgloss-and-lipliner-3-300x300.jpg 300w, https:\/\/www.alovey.com\/wp-content\/uploads\/2025\/09\/Popular-2-in-1-plastic-cosmetic-tubes-for-lipgloss-and-lipliner-3-150x150.jpg 150w, https:\/\/www.alovey.com\/wp-content\/uploads\/2025\/09\/Popular-2-in-1-plastic-cosmetic-tubes-for-lipgloss-and-lipliner-3-12x12.jpg 12w, https:\/\/www.alovey.com\/wp-content\/uploads\/2025\/09\/Popular-2-in-1-plastic-cosmetic-tubes-for-lipgloss-and-lipliner-3-600x600.jpg 600w, https:\/\/www.alovey.com\/wp-content\/uploads\/2025\/09\/Popular-2-in-1-plastic-cosmetic-tubes-for-lipgloss-and-lipliner-3-100x100.jpg 100w\" sizes=\"(max-width: 750px) 100vw, 750px\" \/><\/p>\n<p><img decoding=\"async\" class=\"size-full wp-image-11516\" src=\"https:\/\/www.alovey.com\/wp-content\/uploads\/2025\/09\/Popular-2-in-1-plastic-cosmetic-tubes-for-lipgloss-and-lipliner-2.jpg\" alt=\"plastic cosmetic tubes\" width=\"750\" height=\"750\" srcset=\"https:\/\/www.alovey.com\/wp-content\/uploads\/2025\/09\/Popular-2-in-1-plastic-cosmetic-tubes-for-lipgloss-and-lipliner-2.jpg 750w, https:\/\/www.alovey.com\/wp-content\/uploads\/2025\/09\/Popular-2-in-1-plastic-cosmetic-tubes-for-lipgloss-and-lipliner-2-300x300.jpg 300w, https:\/\/www.alovey.com\/wp-content\/uploads\/2025\/09\/Popular-2-in-1-plastic-cosmetic-tubes-for-lipgloss-and-lipliner-2-150x150.jpg 150w, https:\/\/www.alovey.com\/wp-content\/uploads\/2025\/09\/Popular-2-in-1-plastic-cosmetic-tubes-for-lipgloss-and-lipliner-2-12x12.jpg 12w, https:\/\/www.alovey.com\/wp-content\/uploads\/2025\/09\/Popular-2-in-1-plastic-cosmetic-tubes-for-lipgloss-and-lipliner-2-600x600.jpg 600w, https:\/\/www.alovey.com\/wp-content\/uploads\/2025\/09\/Popular-2-in-1-plastic-cosmetic-tubes-for-lipgloss-and-lipliner-2-100x100.jpg 100w\" sizes=\"(max-width: 750px) 100vw, 750px\" \/><\/p>\n<p><img loading=\"lazy\" decoding=\"async\" class=\"size-full wp-image-11519\" src=\"https:\/\/www.alovey.com\/wp-content\/uploads\/2025\/09\/Popular-2-in-1-plastic-cosmetic-tubes-for-lipgloss-and-lipliner-5.jpg\" alt=\"plastic cosmetic tubes\" width=\"750\" height=\"750\" srcset=\"https:\/\/www.alovey.com\/wp-content\/uploads\/2025\/09\/Popular-2-in-1-plastic-cosmetic-tubes-for-lipgloss-and-lipliner-5.jpg 750w, https:\/\/www.alovey.com\/wp-content\/uploads\/2025\/09\/Popular-2-in-1-plastic-cosmetic-tubes-for-lipgloss-and-lipliner-5-300x300.jpg 300w, https:\/\/www.alovey.com\/wp-content\/uploads\/2025\/09\/Popular-2-in-1-plastic-cosmetic-tubes-for-lipgloss-and-lipliner-5-150x150.jpg 150w, https:\/\/www.alovey.com\/wp-content\/uploads\/2025\/09\/Popular-2-in-1-plastic-cosmetic-tubes-for-lipgloss-and-lipliner-5-12x12.jpg 12w, https:\/\/www.alovey.com\/wp-content\/uploads\/2025\/09\/Popular-2-in-1-plastic-cosmetic-tubes-for-lipgloss-and-lipliner-5-600x600.jpg 600w, https:\/\/www.alovey.com\/wp-content\/uploads\/2025\/09\/Popular-2-in-1-plastic-cosmetic-tubes-for-lipgloss-and-lipliner-5-100x100.jpg 100w\" sizes=\"(max-width: 750px) 100vw, 750px\" \/><\/p>\n<p><img loading=\"lazy\" decoding=\"async\" class=\"size-full wp-image-11522\" src=\"https:\/\/www.alovey.com\/wp-content\/uploads\/2025\/09\/Popular-2-in-1-plastic-cosmetic-tubes-for-lipgloss-and-lipliner-8.jpg\" alt=\"plastic cosmetic tubes\" width=\"750\" height=\"750\" srcset=\"https:\/\/www.alovey.com\/wp-content\/uploads\/2025\/09\/Popular-2-in-1-plastic-cosmetic-tubes-for-lipgloss-and-lipliner-8.jpg 750w, https:\/\/www.alovey.com\/wp-content\/uploads\/2025\/09\/Popular-2-in-1-plastic-cosmetic-tubes-for-lipgloss-and-lipliner-8-300x300.jpg 300w, https:\/\/www.alovey.com\/wp-content\/uploads\/2025\/09\/Popular-2-in-1-plastic-cosmetic-tubes-for-lipgloss-and-lipliner-8-150x150.jpg 150w, https:\/\/www.alovey.com\/wp-content\/uploads\/2025\/09\/Popular-2-in-1-plastic-cosmetic-tubes-for-lipgloss-and-lipliner-8-12x12.jpg 12w, https:\/\/www.alovey.com\/wp-content\/uploads\/2025\/09\/Popular-2-in-1-plastic-cosmetic-tubes-for-lipgloss-and-lipliner-8-600x600.jpg 600w, https:\/\/www.alovey.com\/wp-content\/uploads\/2025\/09\/Popular-2-in-1-plastic-cosmetic-tubes-for-lipgloss-and-lipliner-8-100x100.jpg 100w\" sizes=\"(max-width: 750px) 100vw, 750px\" \/><\/p>\n<p><img loading=\"lazy\" decoding=\"async\" class=\"size-full wp-image-11521\" src=\"https:\/\/www.alovey.com\/wp-content\/uploads\/2025\/09\/Popular-2-in-1-plastic-cosmetic-tubes-for-lipgloss-and-lipliner-7.jpg\" alt=\"plastic cosmetic tubes\" width=\"630\" height=\"630\" srcset=\"https:\/\/www.alovey.com\/wp-content\/uploads\/2025\/09\/Popular-2-in-1-plastic-cosmetic-tubes-for-lipgloss-and-lipliner-7.jpg 630w, https:\/\/www.alovey.com\/wp-content\/uploads\/2025\/09\/Popular-2-in-1-plastic-cosmetic-tubes-for-lipgloss-and-lipliner-7-300x300.jpg 300w, https:\/\/www.alovey.com\/wp-content\/uploads\/2025\/09\/Popular-2-in-1-plastic-cosmetic-tubes-for-lipgloss-and-lipliner-7-150x150.jpg 150w, https:\/\/www.alovey.com\/wp-content\/uploads\/2025\/09\/Popular-2-in-1-plastic-cosmetic-tubes-for-lipgloss-and-lipliner-7-12x12.jpg 12w, https:\/\/www.alovey.com\/wp-content\/uploads\/2025\/09\/Popular-2-in-1-plastic-cosmetic-tubes-for-lipgloss-and-lipliner-7-600x600.jpg 600w, https:\/\/www.alovey.com\/wp-content\/uploads\/2025\/09\/Popular-2-in-1-plastic-cosmetic-tubes-for-lipgloss-and-lipliner-7-100x100.jpg 100w\" sizes=\"(max-width: 630px) 100vw, 630px\" \/><\/p>\n<p><img loading=\"lazy\" decoding=\"async\" class=\"alignnone size-full wp-image-11522\" src=\"https:\/\/www.alovey.com\/wp-content\/uploads\/2025\/09\/Popular-2-in-1-plastic-cosmetic-tubes-for-lipgloss-and-lipliner-8.jpg\" alt=\"plastic cosmetic tubes\" width=\"750\" height=\"750\" srcset=\"https:\/\/www.alovey.com\/wp-content\/uploads\/2025\/09\/Popular-2-in-1-plastic-cosmetic-tubes-for-lipgloss-and-lipliner-8.jpg 750w, https:\/\/www.alovey.com\/wp-content\/uploads\/2025\/09\/Popular-2-in-1-plastic-cosmetic-tubes-for-lipgloss-and-lipliner-8-300x300.jpg 300w, https:\/\/www.alovey.com\/wp-content\/uploads\/2025\/09\/Popular-2-in-1-plastic-cosmetic-tubes-for-lipgloss-and-lipliner-8-150x150.jpg 150w, https:\/\/www.alovey.com\/wp-content\/uploads\/2025\/09\/Popular-2-in-1-plastic-cosmetic-tubes-for-lipgloss-and-lipliner-8-12x12.jpg 12w, https:\/\/www.alovey.com\/wp-content\/uploads\/2025\/09\/Popular-2-in-1-plastic-cosmetic-tubes-for-lipgloss-and-lipliner-8-600x600.jpg 600w, https:\/\/www.alovey.com\/wp-content\/uploads\/2025\/09\/Popular-2-in-1-plastic-cosmetic-tubes-for-lipgloss-and-lipliner-8-100x100.jpg 100w\" sizes=\"(max-width: 750px) 100vw, 750px\" \/><\/p>\n<p>&nbsp;<\/p>\n<p>&nbsp;<\/p>\n<p>&nbsp;<\/p>\n<p>&nbsp;<\/p>\n<p>&nbsp;<\/p>\n<p>&nbsp;<\/p>\n<p>&nbsp;<\/p>\n<p>&nbsp;<\/p>\n<p>&nbsp;<\/p>\n<p>&nbsp;<\/p>\n<p>&nbsp;<\/p>\n<p>&nbsp;<\/p>\n<p>&nbsp;<\/p>\n<p>&nbsp;<\/p>\n<p>&nbsp;<\/p>\n<p>&nbsp;<\/p>\n<p>&nbsp;<\/p>\n<p>&nbsp;<\/p>\n<p>&nbsp;<\/p>\n<p>&nbsp;<\/p>\n<p>&nbsp;<\/p>\n<p>&nbsp;<\/p>\n<p>&nbsp;<\/p>\n<p>&nbsp;<\/p>\n<p>&nbsp;<\/p>\n<p>&nbsp;<\/p>\n<p>&nbsp;<\/p>\n<p>&nbsp;<\/p>\n<p>&nbsp;<\/p>\n<p>&nbsp;<\/p>\n<p>&nbsp;<\/p>\n<p>&nbsp;<\/p>\n<p>&nbsp;<\/p>\n<p>&nbsp;<\/p>\n<p>&nbsp;<\/p>\n<p>&nbsp;<\/p>\n<p>&nbsp;<\/p>\n<p>&nbsp;<\/p>\n<p>&nbsp;<\/p>\n<p>&nbsp;<\/p>\n<p>&nbsp;<\/p>\n<p>&nbsp;<\/p>\n<p>&nbsp;<\/p>\n<p>&nbsp;<\/p>\n<p>&nbsp;<\/p>\n<p>&nbsp;<\/p>\n<p>&nbsp;<\/p>\n<p>&nbsp;<\/p>\n<p>&nbsp;<\/p>\n<p>&nbsp;<\/p>\n<p>&nbsp;<\/p>\n<p>&nbsp;<\/p>\n<p>&nbsp;<\/p>\n<p>&nbsp;<\/p>\n<p>&nbsp;<\/p>\n<p>&nbsp;<\/p>\n<p>&nbsp;<\/p>\n<p>&nbsp;<\/p>\n<p>&nbsp;<\/p>\n<p>&nbsp;<\/p>\n<p>&nbsp;<\/p>\n<p>&nbsp;<\/p>\n<p>&nbsp;<\/p>\n<p>&nbsp;<\/p>\n<p>&nbsp;<\/p>\n<p>&nbsp;<\/p>\n<p>&nbsp;<\/p>\n<p>&nbsp;<\/p>\n<p>&nbsp;<\/p>\n<p>&nbsp;<\/p>\n<p>&nbsp;<\/p>\n<p>&nbsp;<\/p>\n<p>&nbsp;<\/p>\n<p>&nbsp;<\/p>\n<p>&nbsp;<\/p>\n<p>&nbsp;<\/p>\n<p>&nbsp;<\/p>\n<p>&nbsp;<\/p>\n<p>&nbsp;<\/p>\n<p>&nbsp;<\/p>\n<p>&nbsp;<\/p>\n<p>&nbsp;<\/p>\n<p>&nbsp;<\/p>\n<p>&nbsp;<\/p>\n<p>&nbsp;<\/p>\n<p>&nbsp;<\/p>\n<p>&nbsp;<\/p>\n<p>&nbsp;<\/p>\n<p>&nbsp;<\/p>\n<p>&nbsp;<\/p>\n<p>&nbsp;<\/p>\n<p>&nbsp;<\/p>\n<p>&nbsp;<\/p>\n<p>&nbsp;<\/p>\n<p>&nbsp;<\/p>\n<p>&nbsp;<\/p>\n<p>&nbsp;<\/p>\n<p>&nbsp;<\/p>\n<p>&nbsp;<\/p>\n<p>&nbsp;<\/p>\n<p>&nbsp;<\/p>\n<p>&nbsp;<\/p>\n<p>&nbsp;<\/p>\n<p>&nbsp;<\/p>\n<p>&nbsp;<\/p>\n<p>&nbsp;<\/p>\n<p>&nbsp;<\/p>\n<p>&nbsp;<\/p>\n<p>&nbsp;<\/p>\n<p>&nbsp;<\/p>\n<p>&nbsp;<\/p>\n<p>&nbsp;<\/p>","protected":false},"excerpt":{"rendered":"<ul>\n<li>Item No: D-0133A<\/li>\n<li>Material:\u00a0Plastic<\/li>\n<li>Capacity: 7.5ml<\/li>\n<li>Size: D17*H131.5MM<\/li>\n<li>Aplicaciones: Productos de belleza<\/li>\n<li>MOQ: 12.000 piezas<\/li>\n<li>Color: Color personalizado<\/li>\n<li>Surface treatment: Injection\/Matte\/Metalization\/UV coating<\/li>\n<li>Nombre de marca: OEM\/ODM<\/li>\n<li>Logotipo: Logotipo del cliente<\/li>\n<li>Capacidad de suministro: 100.000 piezas al mes<\/li>\n<\/ul>","protected":false},"featured_media":11517,"template":"","meta":{"_acf_changed":false},"product_brand":[],"product_cat":[372,373],"product_tag":[425,447,388,454],"class_list":{"0":"post-11515","1":"product","2":"type-product","3":"status-publish","4":"has-post-thumbnail","6":"product_cat-lipgloss-tube","7":"product_cat-professional-lipstick-tube-supplier","8":"product_tag-dual-ended-lip-gloss-tube","9":"product_tag-lip-gel-tube","10":"product_tag-lip-gloss-tube","11":"product_tag-lipliner","13":"first","14":"instock","15":"shipping-taxable","16":"product-type-simple"},"acf":[],"yoast_head":"<!-- This site is optimized with the Yoast SEO plugin v24.1 - https:\/\/yoast.com\/wordpress\/plugins\/seo\/ -->\n<title>Popular 2-in-1 plastic cosmetic tubes for lipgloss and lipliner<\/title>\n<meta name=\"description\" content=\"This innovative\u00a0\u00a0plastic cosmetic tubes\u00a0with \u00a0double-sided empty tube\u00a0combines a sleek lip gloss container on one end and a precise lip liner holder on the other.\" \/>\n<meta name=\"robots\" content=\"index, follow, max-snippet:-1, max-image-preview:large, max-video-preview:-1\" \/>\n<link rel=\"canonical\" href=\"https:\/\/www.alovey.com\/es\/producto\/popular-2-in-1-plastic-cosmetic-tubes-for-lipgloss-and-lipliner\/\" \/>\n<meta property=\"og:locale\" content=\"es_ES\" \/>\n<meta property=\"og:type\" content=\"article\" \/>\n<meta property=\"og:title\" content=\"Popular 2-in-1 plastic cosmetic tubes for lipgloss and lipliner\" \/>\n<meta property=\"og:description\" content=\"This innovative\u00a0\u00a0plastic cosmetic tubes\u00a0with \u00a0double-sided empty tube\u00a0combines a sleek lip gloss container on one end and a precise lip liner holder on the other.\" \/>\n<meta property=\"og:url\" content=\"https:\/\/www.alovey.com\/es\/producto\/popular-2-in-1-plastic-cosmetic-tubes-for-lipgloss-and-lipliner\/\" \/>\n<meta property=\"og:site_name\" content=\"Best Cosmetic Packaging Manufacture\" \/>\n<meta property=\"article:modified_time\" content=\"2025-09-10T02:38:16+00:00\" \/>\n<meta property=\"og:image\" content=\"https:\/\/www.alovey.com\/wp-content\/uploads\/2025\/09\/Popular-2-in-1-plastic-cosmetic-tubes-for-lipgloss-and-lipliner-3.jpg\" \/>\n\t<meta property=\"og:image:width\" content=\"750\" \/>\n\t<meta property=\"og:image:height\" content=\"750\" \/>\n\t<meta property=\"og:image:type\" content=\"image\/jpeg\" \/>\n<meta name=\"twitter:card\" content=\"summary_large_image\" \/>\n<meta name=\"twitter:label1\" content=\"Tiempo de lectura\" \/>\n\t<meta name=\"twitter:data1\" content=\"3 minutos\" \/>\n<script type=\"application\/ld+json\" class=\"yoast-schema-graph\">{\"@context\":\"https:\/\/schema.org\",\"@graph\":[{\"@type\":\"WebPage\",\"@id\":\"https:\/\/www.alovey.com\/product\/popular-2-in-1-plastic-cosmetic-tubes-for-lipgloss-and-lipliner\/\",\"url\":\"https:\/\/www.alovey.com\/product\/popular-2-in-1-plastic-cosmetic-tubes-for-lipgloss-and-lipliner\/\",\"name\":\"Popular 2-in-1 plastic cosmetic tubes for lipgloss and lipliner\",\"isPartOf\":{\"@id\":\"https:\/\/www.alovey.com\/#website\"},\"primaryImageOfPage\":{\"@id\":\"https:\/\/www.alovey.com\/product\/popular-2-in-1-plastic-cosmetic-tubes-for-lipgloss-and-lipliner\/#primaryimage\"},\"image\":{\"@id\":\"https:\/\/www.alovey.com\/product\/popular-2-in-1-plastic-cosmetic-tubes-for-lipgloss-and-lipliner\/#primaryimage\"},\"thumbnailUrl\":\"https:\/\/www.alovey.com\/wp-content\/uploads\/2025\/09\/Popular-2-in-1-plastic-cosmetic-tubes-for-lipgloss-and-lipliner-3.jpg\",\"datePublished\":\"2025-09-10T02:25:11+00:00\",\"dateModified\":\"2025-09-10T02:38:16+00:00\",\"description\":\"This innovative\u00a0\u00a0plastic cosmetic tubes\u00a0with \u00a0double-sided empty tube\u00a0combines a sleek lip gloss container on one end and a precise lip liner holder on the other.\",\"breadcrumb\":{\"@id\":\"https:\/\/www.alovey.com\/product\/popular-2-in-1-plastic-cosmetic-tubes-for-lipgloss-and-lipliner\/#breadcrumb\"},\"inLanguage\":\"es\",\"potentialAction\":[{\"@type\":\"ReadAction\",\"target\":[\"https:\/\/www.alovey.com\/product\/popular-2-in-1-plastic-cosmetic-tubes-for-lipgloss-and-lipliner\/\"]}]},{\"@type\":\"ImageObject\",\"inLanguage\":\"es\",\"@id\":\"https:\/\/www.alovey.com\/product\/popular-2-in-1-plastic-cosmetic-tubes-for-lipgloss-and-lipliner\/#primaryimage\",\"url\":\"https:\/\/www.alovey.com\/wp-content\/uploads\/2025\/09\/Popular-2-in-1-plastic-cosmetic-tubes-for-lipgloss-and-lipliner-3.jpg\",\"contentUrl\":\"https:\/\/www.alovey.com\/wp-content\/uploads\/2025\/09\/Popular-2-in-1-plastic-cosmetic-tubes-for-lipgloss-and-lipliner-3.jpg\",\"width\":750,\"height\":750,\"caption\":\"Popular 2-in-1 plastic cosmetic tubes for lipgloss and lipliner\"},{\"@type\":\"BreadcrumbList\",\"@id\":\"https:\/\/www.alovey.com\/product\/popular-2-in-1-plastic-cosmetic-tubes-for-lipgloss-and-lipliner\/#breadcrumb\",\"itemListElement\":[{\"@type\":\"ListItem\",\"position\":1,\"name\":\"\u9996\u9875\",\"item\":\"https:\/\/www.alovey.com\/\"},{\"@type\":\"ListItem\",\"position\":2,\"name\":\"Products\",\"item\":\"https:\/\/www.alovey.com\/products\/\"},{\"@type\":\"ListItem\",\"position\":3,\"name\":\"Popular 2-in-1 plastic cosmetic tubes for lipgloss and lipliner \u200b\"}]},{\"@type\":\"WebSite\",\"@id\":\"https:\/\/www.alovey.com\/#website\",\"url\":\"https:\/\/www.alovey.com\/\",\"name\":\"Best Cosmetic Packaging Manufacture\",\"description\":\"Alovey Cosmetic Packaging Co.,Ltd\",\"publisher\":{\"@id\":\"https:\/\/www.alovey.com\/#organization\"},\"potentialAction\":[{\"@type\":\"SearchAction\",\"target\":{\"@type\":\"EntryPoint\",\"urlTemplate\":\"https:\/\/www.alovey.com\/?s={search_term_string}\"},\"query-input\":{\"@type\":\"PropertyValueSpecification\",\"valueRequired\":true,\"valueName\":\"search_term_string\"}}],\"inLanguage\":\"es\"},{\"@type\":\"Organization\",\"@id\":\"https:\/\/www.alovey.com\/#organization\",\"name\":\"Best Cosmetic Packaging Manufacture\",\"url\":\"https:\/\/www.alovey.com\/\",\"logo\":{\"@type\":\"ImageObject\",\"inLanguage\":\"es\",\"@id\":\"https:\/\/www.alovey.com\/#\/schema\/logo\/image\/\",\"url\":\"https:\/\/www.alovey.com\/wp-content\/uploads\/2023\/03\/logo.png\",\"contentUrl\":\"https:\/\/www.alovey.com\/wp-content\/uploads\/2023\/03\/logo.png\",\"width\":505,\"height\":180,\"caption\":\"Best  Cosmetic Packaging Manufacture\"},\"image\":{\"@id\":\"https:\/\/www.alovey.com\/#\/schema\/logo\/image\/\"}}]}<\/script>\n<!-- \/ Yoast SEO plugin. -->","yoast_head_json":{"title":"Popular 2-in-1 plastic cosmetic tubes for lipgloss and lipliner","description":"This innovative\u00a0\u00a0plastic cosmetic tubes\u00a0with \u00a0double-sided empty tube\u00a0combines a sleek lip gloss container on one end and a precise lip liner holder on the other.","robots":{"index":"index","follow":"follow","max-snippet":"max-snippet:-1","max-image-preview":"max-image-preview:large","max-video-preview":"max-video-preview:-1"},"canonical":"https:\/\/www.alovey.com\/es\/producto\/popular-2-in-1-plastic-cosmetic-tubes-for-lipgloss-and-lipliner\/","og_locale":"es_ES","og_type":"article","og_title":"Popular 2-in-1 plastic cosmetic tubes for lipgloss and lipliner","og_description":"This innovative\u00a0\u00a0plastic cosmetic tubes\u00a0with \u00a0double-sided empty tube\u00a0combines a sleek lip gloss container on one end and a precise lip liner holder on the other.","og_url":"https:\/\/www.alovey.com\/es\/producto\/popular-2-in-1-plastic-cosmetic-tubes-for-lipgloss-and-lipliner\/","og_site_name":"Best Cosmetic Packaging Manufacture","article_modified_time":"2025-09-10T02:38:16+00:00","og_image":[{"width":750,"height":750,"url":"https:\/\/www.alovey.com\/wp-content\/uploads\/2025\/09\/Popular-2-in-1-plastic-cosmetic-tubes-for-lipgloss-and-lipliner-3.jpg","type":"image\/jpeg"}],"twitter_card":"summary_large_image","twitter_misc":{"Tiempo de lectura":"3 minutos"},"schema":{"@context":"https:\/\/schema.org","@graph":[{"@type":"WebPage","@id":"https:\/\/www.alovey.com\/product\/popular-2-in-1-plastic-cosmetic-tubes-for-lipgloss-and-lipliner\/","url":"https:\/\/www.alovey.com\/product\/popular-2-in-1-plastic-cosmetic-tubes-for-lipgloss-and-lipliner\/","name":"Popular 2-in-1 plastic cosmetic tubes for lipgloss and lipliner","isPartOf":{"@id":"https:\/\/www.alovey.com\/#website"},"primaryImageOfPage":{"@id":"https:\/\/www.alovey.com\/product\/popular-2-in-1-plastic-cosmetic-tubes-for-lipgloss-and-lipliner\/#primaryimage"},"image":{"@id":"https:\/\/www.alovey.com\/product\/popular-2-in-1-plastic-cosmetic-tubes-for-lipgloss-and-lipliner\/#primaryimage"},"thumbnailUrl":"https:\/\/www.alovey.com\/wp-content\/uploads\/2025\/09\/Popular-2-in-1-plastic-cosmetic-tubes-for-lipgloss-and-lipliner-3.jpg","datePublished":"2025-09-10T02:25:11+00:00","dateModified":"2025-09-10T02:38:16+00:00","description":"This innovative\u00a0\u00a0plastic cosmetic tubes\u00a0with \u00a0double-sided empty tube\u00a0combines a sleek lip gloss container on one end and a precise lip liner holder on the other.","breadcrumb":{"@id":"https:\/\/www.alovey.com\/product\/popular-2-in-1-plastic-cosmetic-tubes-for-lipgloss-and-lipliner\/#breadcrumb"},"inLanguage":"es","potentialAction":[{"@type":"ReadAction","target":["https:\/\/www.alovey.com\/product\/popular-2-in-1-plastic-cosmetic-tubes-for-lipgloss-and-lipliner\/"]}]},{"@type":"ImageObject","inLanguage":"es","@id":"https:\/\/www.alovey.com\/product\/popular-2-in-1-plastic-cosmetic-tubes-for-lipgloss-and-lipliner\/#primaryimage","url":"https:\/\/www.alovey.com\/wp-content\/uploads\/2025\/09\/Popular-2-in-1-plastic-cosmetic-tubes-for-lipgloss-and-lipliner-3.jpg","contentUrl":"https:\/\/www.alovey.com\/wp-content\/uploads\/2025\/09\/Popular-2-in-1-plastic-cosmetic-tubes-for-lipgloss-and-lipliner-3.jpg","width":750,"height":750,"caption":"Popular 2-in-1 plastic cosmetic tubes for lipgloss and lipliner"},{"@type":"BreadcrumbList","@id":"https:\/\/www.alovey.com\/product\/popular-2-in-1-plastic-cosmetic-tubes-for-lipgloss-and-lipliner\/#breadcrumb","itemListElement":[{"@type":"ListItem","position":1,"name":"\u9996\u9875","item":"https:\/\/www.alovey.com\/"},{"@type":"ListItem","position":2,"name":"Products","item":"https:\/\/www.alovey.com\/products\/"},{"@type":"ListItem","position":3,"name":"Popular 2-in-1 plastic cosmetic tubes for lipgloss and lipliner \u200b"}]},{"@type":"WebSite","@id":"https:\/\/www.alovey.com\/#website","url":"https:\/\/www.alovey.com\/","name":"Best Cosmetic Packaging Manufacture","description":"Alovey Cosmetic Packaging S.L.","publisher":{"@id":"https:\/\/www.alovey.com\/#organization"},"potentialAction":[{"@type":"SearchAction","target":{"@type":"EntryPoint","urlTemplate":"https:\/\/www.alovey.com\/?s={search_term_string}"},"query-input":{"@type":"PropertyValueSpecification","valueRequired":true,"valueName":"search_term_string"}}],"inLanguage":"es"},{"@type":"Organization","@id":"https:\/\/www.alovey.com\/#organization","name":"Best Cosmetic Packaging Manufacture","url":"https:\/\/www.alovey.com\/","logo":{"@type":"ImageObject","inLanguage":"es","@id":"https:\/\/www.alovey.com\/#\/schema\/logo\/image\/","url":"https:\/\/www.alovey.com\/wp-content\/uploads\/2023\/03\/logo.png","contentUrl":"https:\/\/www.alovey.com\/wp-content\/uploads\/2023\/03\/logo.png","width":505,"height":180,"caption":"Best  Cosmetic Packaging Manufacture"},"image":{"@id":"https:\/\/www.alovey.com\/#\/schema\/logo\/image\/"}}]}},"_links":{"self":[{"href":"https:\/\/www.alovey.com\/es\/wp-json\/wp\/v2\/product\/11515"}],"collection":[{"href":"https:\/\/www.alovey.com\/es\/wp-json\/wp\/v2\/product"}],"about":[{"href":"https:\/\/www.alovey.com\/es\/wp-json\/wp\/v2\/types\/product"}],"wp:featuredmedia":[{"embeddable":true,"href":"https:\/\/www.alovey.com\/es\/wp-json\/wp\/v2\/media\/11517"}],"wp:attachment":[{"href":"https:\/\/www.alovey.com\/es\/wp-json\/wp\/v2\/media?parent=11515"}],"wp:term":[{"taxonomy":"product_brand","embeddable":true,"href":"https:\/\/www.alovey.com\/es\/wp-json\/wp\/v2\/product_brand?post=11515"},{"taxonomy":"product_cat","embeddable":true,"href":"https:\/\/www.alovey.com\/es\/wp-json\/wp\/v2\/product_cat?post=11515"},{"taxonomy":"product_tag","embeddable":true,"href":"https:\/\/www.alovey.com\/es\/wp-json\/wp\/v2\/product_tag?post=11515"}],"curies":[{"name":"wp","href":"https:\/\/api.w.org\/{rel}","templated":true}]}}