{"id":11498,"date":"2025-09-09T02:28:36","date_gmt":"2025-09-09T02:28:36","guid":{"rendered":"https:\/\/www.alovey.com\/?post_type=product&#038;p=11498"},"modified":"2025-09-09T03:15:56","modified_gmt":"2025-09-09T03:15:56","slug":"mini-lip-gloss-tube-1-5ml-with-hexagonal-shape","status":"publish","type":"product","link":"https:\/\/www.alovey.com\/es\/producto\/mini-lip-gloss-tube-1-5ml-with-hexagonal-shape\/","title":{"rendered":"Mini lip gloss tube 1.5ml with hexagonal shape"},"content":{"rendered":"<p><strong>This compact 1.5ml\u00a0mini\u00a0lip gloss tube\u00a0features a unique hexagonal shape\u00a0for a modern, stylish look. Designed with a wand applicator, it ensures smooth, precise, and effortless application.<\/strong><\/p>\n<p><strong>Its petite size makes it perfect for travel, samples, or limited-edition collections while still delivering a professional finish.<\/strong><\/p>\n<p><strong>Capacity:\u00a01.5ml<\/strong><\/p>\n<p><strong>Shape:\u00a0Hexagonal, mini size<\/strong><\/p>\n<p><strong>Applicator:\u00a0Wand for precision and control<\/strong><\/p>\n<p><strong>Material:\u00a0Durable, lightweight plastic<\/strong><\/p>\n<p><strong>Use:\u00a0Ideal for lip gloss, lip oils, or liquid lipsticks<\/strong><\/p>\n<p><strong>A trendy and practical packaging choice that combines elegance with functionality.<\/strong><\/p>\n<p><strong>Alovey, como fabricante profesional chino de envases para cosm\u00e9ticos, produce una exquisita gama de envases personalizados para cosm\u00e9ticos, meticulosamente elaborados para elevar su marca. Nuestra variada selecci\u00f3n de materiales de primera calidad, combinada con delicadas t\u00e9cnicas de acabado superficial como la serigraf\u00eda, la estampaci\u00f3n en caliente y la pulverizaci\u00f3n mate, garantiza que cada envase sea una obra maestra \u00fanica.<\/strong><\/p>\n<p><img fetchpriority=\"high\" decoding=\"async\" class=\"size-full wp-image-11504\" src=\"https:\/\/www.alovey.com\/wp-content\/uploads\/2025\/09\/Mini-lip-gloss-tube-1.5ml-with-hexagonal-shape-5.jpg\" alt=\"Mini lip gloss tube\" width=\"750\" height=\"750\" srcset=\"https:\/\/www.alovey.com\/wp-content\/uploads\/2025\/09\/Mini-lip-gloss-tube-1.5ml-with-hexagonal-shape-5.jpg 750w, https:\/\/www.alovey.com\/wp-content\/uploads\/2025\/09\/Mini-lip-gloss-tube-1.5ml-with-hexagonal-shape-5-300x300.jpg 300w, https:\/\/www.alovey.com\/wp-content\/uploads\/2025\/09\/Mini-lip-gloss-tube-1.5ml-with-hexagonal-shape-5-150x150.jpg 150w, https:\/\/www.alovey.com\/wp-content\/uploads\/2025\/09\/Mini-lip-gloss-tube-1.5ml-with-hexagonal-shape-5-12x12.jpg 12w, https:\/\/www.alovey.com\/wp-content\/uploads\/2025\/09\/Mini-lip-gloss-tube-1.5ml-with-hexagonal-shape-5-600x600.jpg 600w, https:\/\/www.alovey.com\/wp-content\/uploads\/2025\/09\/Mini-lip-gloss-tube-1.5ml-with-hexagonal-shape-5-100x100.jpg 100w\" sizes=\"(max-width: 750px) 100vw, 750px\" \/><\/p>\n<p><img decoding=\"async\" class=\"size-full wp-image-11503\" src=\"https:\/\/www.alovey.com\/wp-content\/uploads\/2025\/09\/Mini-lip-gloss-tube-1.5ml-with-hexagonal-shape-4.jpg\" alt=\"Mini lip gloss tube\" width=\"750\" height=\"750\" srcset=\"https:\/\/www.alovey.com\/wp-content\/uploads\/2025\/09\/Mini-lip-gloss-tube-1.5ml-with-hexagonal-shape-4.jpg 750w, https:\/\/www.alovey.com\/wp-content\/uploads\/2025\/09\/Mini-lip-gloss-tube-1.5ml-with-hexagonal-shape-4-300x300.jpg 300w, https:\/\/www.alovey.com\/wp-content\/uploads\/2025\/09\/Mini-lip-gloss-tube-1.5ml-with-hexagonal-shape-4-150x150.jpg 150w, https:\/\/www.alovey.com\/wp-content\/uploads\/2025\/09\/Mini-lip-gloss-tube-1.5ml-with-hexagonal-shape-4-12x12.jpg 12w, https:\/\/www.alovey.com\/wp-content\/uploads\/2025\/09\/Mini-lip-gloss-tube-1.5ml-with-hexagonal-shape-4-600x600.jpg 600w, https:\/\/www.alovey.com\/wp-content\/uploads\/2025\/09\/Mini-lip-gloss-tube-1.5ml-with-hexagonal-shape-4-100x100.jpg 100w\" sizes=\"(max-width: 750px) 100vw, 750px\" \/><\/p>\n<p><img decoding=\"async\" class=\"size-full wp-image-11502\" src=\"https:\/\/www.alovey.com\/wp-content\/uploads\/2025\/09\/Mini-lip-gloss-tube-1.5ml-with-hexagonal-shape-3.jpg\" alt=\"Mini lip gloss tube\" width=\"750\" height=\"750\" srcset=\"https:\/\/www.alovey.com\/wp-content\/uploads\/2025\/09\/Mini-lip-gloss-tube-1.5ml-with-hexagonal-shape-3.jpg 750w, https:\/\/www.alovey.com\/wp-content\/uploads\/2025\/09\/Mini-lip-gloss-tube-1.5ml-with-hexagonal-shape-3-300x300.jpg 300w, https:\/\/www.alovey.com\/wp-content\/uploads\/2025\/09\/Mini-lip-gloss-tube-1.5ml-with-hexagonal-shape-3-150x150.jpg 150w, https:\/\/www.alovey.com\/wp-content\/uploads\/2025\/09\/Mini-lip-gloss-tube-1.5ml-with-hexagonal-shape-3-12x12.jpg 12w, https:\/\/www.alovey.com\/wp-content\/uploads\/2025\/09\/Mini-lip-gloss-tube-1.5ml-with-hexagonal-shape-3-600x600.jpg 600w, https:\/\/www.alovey.com\/wp-content\/uploads\/2025\/09\/Mini-lip-gloss-tube-1.5ml-with-hexagonal-shape-3-100x100.jpg 100w\" sizes=\"(max-width: 750px) 100vw, 750px\" \/><\/p>\n<p><img loading=\"lazy\" decoding=\"async\" class=\"size-full wp-image-11501\" src=\"https:\/\/www.alovey.com\/wp-content\/uploads\/2025\/09\/Mini-lip-gloss-tube-1.5ml-with-hexagonal-shape-2.jpg\" alt=\"Mini lip gloss tube\" width=\"750\" height=\"750\" srcset=\"https:\/\/www.alovey.com\/wp-content\/uploads\/2025\/09\/Mini-lip-gloss-tube-1.5ml-with-hexagonal-shape-2.jpg 750w, https:\/\/www.alovey.com\/wp-content\/uploads\/2025\/09\/Mini-lip-gloss-tube-1.5ml-with-hexagonal-shape-2-300x300.jpg 300w, https:\/\/www.alovey.com\/wp-content\/uploads\/2025\/09\/Mini-lip-gloss-tube-1.5ml-with-hexagonal-shape-2-150x150.jpg 150w, https:\/\/www.alovey.com\/wp-content\/uploads\/2025\/09\/Mini-lip-gloss-tube-1.5ml-with-hexagonal-shape-2-12x12.jpg 12w, https:\/\/www.alovey.com\/wp-content\/uploads\/2025\/09\/Mini-lip-gloss-tube-1.5ml-with-hexagonal-shape-2-600x600.jpg 600w, https:\/\/www.alovey.com\/wp-content\/uploads\/2025\/09\/Mini-lip-gloss-tube-1.5ml-with-hexagonal-shape-2-100x100.jpg 100w\" sizes=\"(max-width: 750px) 100vw, 750px\" \/><\/p>\n<p><img loading=\"lazy\" decoding=\"async\" class=\"size-full wp-image-11500\" src=\"https:\/\/www.alovey.com\/wp-content\/uploads\/2025\/09\/Mini-lip-gloss-tube-1.5ml-with-hexagonal-shape-1.jpg\" alt=\"Mini lip gloss tube\" width=\"750\" height=\"750\" srcset=\"https:\/\/www.alovey.com\/wp-content\/uploads\/2025\/09\/Mini-lip-gloss-tube-1.5ml-with-hexagonal-shape-1.jpg 750w, https:\/\/www.alovey.com\/wp-content\/uploads\/2025\/09\/Mini-lip-gloss-tube-1.5ml-with-hexagonal-shape-1-300x300.jpg 300w, https:\/\/www.alovey.com\/wp-content\/uploads\/2025\/09\/Mini-lip-gloss-tube-1.5ml-with-hexagonal-shape-1-150x150.jpg 150w, https:\/\/www.alovey.com\/wp-content\/uploads\/2025\/09\/Mini-lip-gloss-tube-1.5ml-with-hexagonal-shape-1-12x12.jpg 12w, https:\/\/www.alovey.com\/wp-content\/uploads\/2025\/09\/Mini-lip-gloss-tube-1.5ml-with-hexagonal-shape-1-600x600.jpg 600w, https:\/\/www.alovey.com\/wp-content\/uploads\/2025\/09\/Mini-lip-gloss-tube-1.5ml-with-hexagonal-shape-1-100x100.jpg 100w\" sizes=\"(max-width: 750px) 100vw, 750px\" \/><\/p>\n<p><img loading=\"lazy\" decoding=\"async\" class=\"size-full wp-image-11499\" src=\"https:\/\/www.alovey.com\/wp-content\/uploads\/2025\/09\/Mini-lip-gloss-tube-1.5ml-with-hexagonal-shape-6.jpg\" alt=\"Mini lip gloss tube\" width=\"750\" height=\"750\" srcset=\"https:\/\/www.alovey.com\/wp-content\/uploads\/2025\/09\/Mini-lip-gloss-tube-1.5ml-with-hexagonal-shape-6.jpg 750w, https:\/\/www.alovey.com\/wp-content\/uploads\/2025\/09\/Mini-lip-gloss-tube-1.5ml-with-hexagonal-shape-6-300x300.jpg 300w, https:\/\/www.alovey.com\/wp-content\/uploads\/2025\/09\/Mini-lip-gloss-tube-1.5ml-with-hexagonal-shape-6-150x150.jpg 150w, https:\/\/www.alovey.com\/wp-content\/uploads\/2025\/09\/Mini-lip-gloss-tube-1.5ml-with-hexagonal-shape-6-12x12.jpg 12w, https:\/\/www.alovey.com\/wp-content\/uploads\/2025\/09\/Mini-lip-gloss-tube-1.5ml-with-hexagonal-shape-6-600x600.jpg 600w, https:\/\/www.alovey.com\/wp-content\/uploads\/2025\/09\/Mini-lip-gloss-tube-1.5ml-with-hexagonal-shape-6-100x100.jpg 100w\" sizes=\"(max-width: 750px) 100vw, 750px\" \/><\/p>\n<p>&nbsp;<\/p>\n<p>&nbsp;<\/p>\n<p>&nbsp;<\/p>\n<p>&nbsp;<\/p>\n<p>&nbsp;<\/p>\n<p>&nbsp;<\/p>\n<p>&nbsp;<\/p>\n<p>&nbsp;<\/p>\n<p>&nbsp;<\/p>\n<p>&nbsp;<\/p>\n<p>&nbsp;<\/p>\n<p>&nbsp;<\/p>\n<p>&nbsp;<\/p>\n<p>&nbsp;<\/p>\n<p>&nbsp;<\/p>\n<p>&nbsp;<\/p>\n<p>&nbsp;<\/p>\n<p>&nbsp;<\/p>\n<p>&nbsp;<\/p>\n<p>&nbsp;<\/p>\n<p>&nbsp;<\/p>\n<p>&nbsp;<\/p>\n<p>&nbsp;<\/p>\n<p>&nbsp;<\/p>\n<p>&nbsp;<\/p>\n<p>&nbsp;<\/p>\n<p>&nbsp;<\/p>\n<p>&nbsp;<\/p>\n<p>&nbsp;<\/p>\n<p>&nbsp;<\/p>\n<p>&nbsp;<\/p>\n<p>&nbsp;<\/p>\n<p>&nbsp;<\/p>\n<p>&nbsp;<\/p>\n<p>&nbsp;<\/p>\n<p>&nbsp;<\/p>\n<p>&nbsp;<\/p>\n<p>&nbsp;<\/p>\n<p>&nbsp;<\/p>\n<p>&nbsp;<\/p>\n<p>&nbsp;<\/p>\n<p>&nbsp;<\/p>\n<p>&nbsp;<\/p>\n<p>&nbsp;<\/p>\n<p>&nbsp;<\/p>\n<p>&nbsp;<\/p>\n<p>&nbsp;<\/p>\n<p>&nbsp;<\/p>\n<p>&nbsp;<\/p>\n<p>&nbsp;<\/p>\n<p>&nbsp;<\/p>\n<p>&nbsp;<\/p>\n<p>&nbsp;<\/p>\n<p>&nbsp;<\/p>\n<p>&nbsp;<\/p>\n<p>&nbsp;<\/p>\n<p>&nbsp;<\/p>\n<p>&nbsp;<\/p>\n<p>&nbsp;<\/p>\n<p>&nbsp;<\/p>\n<p>&nbsp;<\/p>\n<p>&nbsp;<\/p>\n<p>&nbsp;<\/p>\n<p>&nbsp;<\/p>\n<p>&nbsp;<\/p>\n<p>&nbsp;<\/p>\n<p>&nbsp;<\/p>\n<p>&nbsp;<\/p>\n<p>&nbsp;<\/p>\n<p>&nbsp;<\/p>\n<p>&nbsp;<\/p>\n<p>&nbsp;<\/p>\n<p>&nbsp;<\/p>\n<p>&nbsp;<\/p>\n<p>&nbsp;<\/p>\n<p>&nbsp;<\/p>\n<p>&nbsp;<\/p>\n<p>&nbsp;<\/p>\n<p>&nbsp;<\/p>\n<p>&nbsp;<\/p>\n<p>&nbsp;<\/p>\n<p>&nbsp;<\/p>\n<p>&nbsp;<\/p>\n<p>&nbsp;<\/p>\n<p>&nbsp;<\/p>\n<p>&nbsp;<\/p>\n<p>&nbsp;<\/p>\n<p>&nbsp;<\/p>\n<p>&nbsp;<\/p>\n<p>&nbsp;<\/p>\n<p>&nbsp;<\/p>\n<p>&nbsp;<\/p>\n<p>&nbsp;<\/p>\n<p>&nbsp;<\/p>\n<p>&nbsp;<\/p>\n<p>&nbsp;<\/p>\n<p>&nbsp;<\/p>\n<p>&nbsp;<\/p>\n<p>&nbsp;<\/p>\n<p>&nbsp;<\/p>\n<p>&nbsp;<\/p>\n<p>&nbsp;<\/p>\n<p>&nbsp;<\/p>\n<p>&nbsp;<\/p>\n<p>&nbsp;<\/p>","protected":false},"excerpt":{"rendered":"<ul>\n<li>Item No: LG-0038A<\/li>\n<li>Material:\u00a0Plastic<\/li>\n<li>Capacity: 1.5ml<\/li>\n<li>Size: W13.5*H87MM<\/li>\n<li>Aplicaciones: Productos de belleza<\/li>\n<li>MOQ: 12.000 piezas<\/li>\n<li>Color: Color personalizado<\/li>\n<li>Surface treatment: Injection\/Matte\/Metalization\/UV coating<\/li>\n<li>Nombre de marca: OEM\/ODM<\/li>\n<li>Logotipo: Logotipo del cliente<\/li>\n<li>Capacidad de suministro: 100.000 piezas al mes<\/li>\n<\/ul>\n<p>&nbsp;<\/p>","protected":false},"featured_media":11500,"template":"","meta":{"_acf_changed":false},"product_brand":[],"product_cat":[372],"product_tag":[447,388,453],"class_list":{"0":"post-11498","1":"product","2":"type-product","3":"status-publish","4":"has-post-thumbnail","6":"product_cat-lipgloss-tube","7":"product_tag-lip-gel-tube","8":"product_tag-lip-gloss-tube","9":"product_tag-mini-cosmetic-packaging","11":"first","12":"instock","13":"shipping-taxable","14":"product-type-simple"},"acf":[],"yoast_head":"<!-- This site is optimized with the Yoast SEO plugin v24.1 - https:\/\/yoast.com\/wordpress\/plugins\/seo\/ -->\n<title>Mini lip gloss tube 1.5ml with hexagonal shape<\/title>\n<meta name=\"description\" content=\"This compact 1.5ml mini lip gloss tube features a unique hexagonal shape for a modern, stylish look. Designed with a wand applicator, it ensures smooth, precise, and effortless application.\" \/>\n<meta name=\"robots\" content=\"index, follow, max-snippet:-1, max-image-preview:large, max-video-preview:-1\" \/>\n<link rel=\"canonical\" href=\"https:\/\/www.alovey.com\/es\/producto\/mini-lip-gloss-tube-1-5ml-with-hexagonal-shape\/\" \/>\n<meta property=\"og:locale\" content=\"es_ES\" \/>\n<meta property=\"og:type\" content=\"article\" \/>\n<meta property=\"og:title\" content=\"Mini lip gloss tube 1.5ml with hexagonal shape\" \/>\n<meta property=\"og:description\" content=\"This compact 1.5ml mini lip gloss tube features a unique hexagonal shape for a modern, stylish look. Designed with a wand applicator, it ensures smooth, precise, and effortless application.\" \/>\n<meta property=\"og:url\" content=\"https:\/\/www.alovey.com\/es\/producto\/mini-lip-gloss-tube-1-5ml-with-hexagonal-shape\/\" \/>\n<meta property=\"og:site_name\" content=\"Best Cosmetic Packaging Manufacture\" \/>\n<meta property=\"article:modified_time\" content=\"2025-09-09T03:15:56+00:00\" \/>\n<meta property=\"og:image\" content=\"https:\/\/www.alovey.com\/wp-content\/uploads\/2025\/09\/Mini-lip-gloss-tube-1.5ml-with-hexagonal-shape-1.jpg\" \/>\n\t<meta property=\"og:image:width\" content=\"750\" \/>\n\t<meta property=\"og:image:height\" content=\"750\" \/>\n\t<meta property=\"og:image:type\" content=\"image\/jpeg\" \/>\n<meta name=\"twitter:card\" content=\"summary_large_image\" \/>\n<meta name=\"twitter:label1\" content=\"Tiempo de lectura\" \/>\n\t<meta name=\"twitter:data1\" content=\"2 minutos\" \/>\n<script type=\"application\/ld+json\" class=\"yoast-schema-graph\">{\"@context\":\"https:\/\/schema.org\",\"@graph\":[{\"@type\":\"WebPage\",\"@id\":\"https:\/\/www.alovey.com\/product\/mini-lip-gloss-tube-1-5ml-with-hexagonal-shape\/\",\"url\":\"https:\/\/www.alovey.com\/product\/mini-lip-gloss-tube-1-5ml-with-hexagonal-shape\/\",\"name\":\"Mini lip gloss tube 1.5ml with hexagonal shape\",\"isPartOf\":{\"@id\":\"https:\/\/www.alovey.com\/#website\"},\"primaryImageOfPage\":{\"@id\":\"https:\/\/www.alovey.com\/product\/mini-lip-gloss-tube-1-5ml-with-hexagonal-shape\/#primaryimage\"},\"image\":{\"@id\":\"https:\/\/www.alovey.com\/product\/mini-lip-gloss-tube-1-5ml-with-hexagonal-shape\/#primaryimage\"},\"thumbnailUrl\":\"https:\/\/www.alovey.com\/wp-content\/uploads\/2025\/09\/Mini-lip-gloss-tube-1.5ml-with-hexagonal-shape-1.jpg\",\"datePublished\":\"2025-09-09T02:28:36+00:00\",\"dateModified\":\"2025-09-09T03:15:56+00:00\",\"description\":\"This compact 1.5ml mini lip gloss tube features a unique hexagonal shape for a modern, stylish look. Designed with a wand applicator, it ensures smooth, precise, and effortless application.\",\"breadcrumb\":{\"@id\":\"https:\/\/www.alovey.com\/product\/mini-lip-gloss-tube-1-5ml-with-hexagonal-shape\/#breadcrumb\"},\"inLanguage\":\"es\",\"potentialAction\":[{\"@type\":\"ReadAction\",\"target\":[\"https:\/\/www.alovey.com\/product\/mini-lip-gloss-tube-1-5ml-with-hexagonal-shape\/\"]}]},{\"@type\":\"ImageObject\",\"inLanguage\":\"es\",\"@id\":\"https:\/\/www.alovey.com\/product\/mini-lip-gloss-tube-1-5ml-with-hexagonal-shape\/#primaryimage\",\"url\":\"https:\/\/www.alovey.com\/wp-content\/uploads\/2025\/09\/Mini-lip-gloss-tube-1.5ml-with-hexagonal-shape-1.jpg\",\"contentUrl\":\"https:\/\/www.alovey.com\/wp-content\/uploads\/2025\/09\/Mini-lip-gloss-tube-1.5ml-with-hexagonal-shape-1.jpg\",\"width\":750,\"height\":750,\"caption\":\"Mini lip gloss tube 1.5ml with hexagonal shape\"},{\"@type\":\"BreadcrumbList\",\"@id\":\"https:\/\/www.alovey.com\/product\/mini-lip-gloss-tube-1-5ml-with-hexagonal-shape\/#breadcrumb\",\"itemListElement\":[{\"@type\":\"ListItem\",\"position\":1,\"name\":\"\u9996\u9875\",\"item\":\"https:\/\/www.alovey.com\/\"},{\"@type\":\"ListItem\",\"position\":2,\"name\":\"Products\",\"item\":\"https:\/\/www.alovey.com\/products\/\"},{\"@type\":\"ListItem\",\"position\":3,\"name\":\"Mini lip gloss tube 1.5ml with hexagonal shape\"}]},{\"@type\":\"WebSite\",\"@id\":\"https:\/\/www.alovey.com\/#website\",\"url\":\"https:\/\/www.alovey.com\/\",\"name\":\"Best Cosmetic Packaging Manufacture\",\"description\":\"Alovey Cosmetic Packaging Co.,Ltd\",\"publisher\":{\"@id\":\"https:\/\/www.alovey.com\/#organization\"},\"potentialAction\":[{\"@type\":\"SearchAction\",\"target\":{\"@type\":\"EntryPoint\",\"urlTemplate\":\"https:\/\/www.alovey.com\/?s={search_term_string}\"},\"query-input\":{\"@type\":\"PropertyValueSpecification\",\"valueRequired\":true,\"valueName\":\"search_term_string\"}}],\"inLanguage\":\"es\"},{\"@type\":\"Organization\",\"@id\":\"https:\/\/www.alovey.com\/#organization\",\"name\":\"Best Cosmetic Packaging Manufacture\",\"url\":\"https:\/\/www.alovey.com\/\",\"logo\":{\"@type\":\"ImageObject\",\"inLanguage\":\"es\",\"@id\":\"https:\/\/www.alovey.com\/#\/schema\/logo\/image\/\",\"url\":\"https:\/\/www.alovey.com\/wp-content\/uploads\/2023\/03\/logo.png\",\"contentUrl\":\"https:\/\/www.alovey.com\/wp-content\/uploads\/2023\/03\/logo.png\",\"width\":505,\"height\":180,\"caption\":\"Best  Cosmetic Packaging Manufacture\"},\"image\":{\"@id\":\"https:\/\/www.alovey.com\/#\/schema\/logo\/image\/\"}}]}<\/script>\n<!-- \/ Yoast SEO plugin. -->","yoast_head_json":{"title":"Mini lip gloss tube 1.5ml with hexagonal shape","description":"This compact 1.5ml mini lip gloss tube features a unique hexagonal shape for a modern, stylish look. Designed with a wand applicator, it ensures smooth, precise, and effortless application.","robots":{"index":"index","follow":"follow","max-snippet":"max-snippet:-1","max-image-preview":"max-image-preview:large","max-video-preview":"max-video-preview:-1"},"canonical":"https:\/\/www.alovey.com\/es\/producto\/mini-lip-gloss-tube-1-5ml-with-hexagonal-shape\/","og_locale":"es_ES","og_type":"article","og_title":"Mini lip gloss tube 1.5ml with hexagonal shape","og_description":"This compact 1.5ml mini lip gloss tube features a unique hexagonal shape for a modern, stylish look. Designed with a wand applicator, it ensures smooth, precise, and effortless application.","og_url":"https:\/\/www.alovey.com\/es\/producto\/mini-lip-gloss-tube-1-5ml-with-hexagonal-shape\/","og_site_name":"Best Cosmetic Packaging Manufacture","article_modified_time":"2025-09-09T03:15:56+00:00","og_image":[{"width":750,"height":750,"url":"https:\/\/www.alovey.com\/wp-content\/uploads\/2025\/09\/Mini-lip-gloss-tube-1.5ml-with-hexagonal-shape-1.jpg","type":"image\/jpeg"}],"twitter_card":"summary_large_image","twitter_misc":{"Tiempo de lectura":"2 minutos"},"schema":{"@context":"https:\/\/schema.org","@graph":[{"@type":"WebPage","@id":"https:\/\/www.alovey.com\/product\/mini-lip-gloss-tube-1-5ml-with-hexagonal-shape\/","url":"https:\/\/www.alovey.com\/product\/mini-lip-gloss-tube-1-5ml-with-hexagonal-shape\/","name":"Mini lip gloss tube 1.5ml with hexagonal shape","isPartOf":{"@id":"https:\/\/www.alovey.com\/#website"},"primaryImageOfPage":{"@id":"https:\/\/www.alovey.com\/product\/mini-lip-gloss-tube-1-5ml-with-hexagonal-shape\/#primaryimage"},"image":{"@id":"https:\/\/www.alovey.com\/product\/mini-lip-gloss-tube-1-5ml-with-hexagonal-shape\/#primaryimage"},"thumbnailUrl":"https:\/\/www.alovey.com\/wp-content\/uploads\/2025\/09\/Mini-lip-gloss-tube-1.5ml-with-hexagonal-shape-1.jpg","datePublished":"2025-09-09T02:28:36+00:00","dateModified":"2025-09-09T03:15:56+00:00","description":"This compact 1.5ml mini lip gloss tube features a unique hexagonal shape for a modern, stylish look. Designed with a wand applicator, it ensures smooth, precise, and effortless application.","breadcrumb":{"@id":"https:\/\/www.alovey.com\/product\/mini-lip-gloss-tube-1-5ml-with-hexagonal-shape\/#breadcrumb"},"inLanguage":"es","potentialAction":[{"@type":"ReadAction","target":["https:\/\/www.alovey.com\/product\/mini-lip-gloss-tube-1-5ml-with-hexagonal-shape\/"]}]},{"@type":"ImageObject","inLanguage":"es","@id":"https:\/\/www.alovey.com\/product\/mini-lip-gloss-tube-1-5ml-with-hexagonal-shape\/#primaryimage","url":"https:\/\/www.alovey.com\/wp-content\/uploads\/2025\/09\/Mini-lip-gloss-tube-1.5ml-with-hexagonal-shape-1.jpg","contentUrl":"https:\/\/www.alovey.com\/wp-content\/uploads\/2025\/09\/Mini-lip-gloss-tube-1.5ml-with-hexagonal-shape-1.jpg","width":750,"height":750,"caption":"Mini lip gloss tube 1.5ml with hexagonal shape"},{"@type":"BreadcrumbList","@id":"https:\/\/www.alovey.com\/product\/mini-lip-gloss-tube-1-5ml-with-hexagonal-shape\/#breadcrumb","itemListElement":[{"@type":"ListItem","position":1,"name":"\u9996\u9875","item":"https:\/\/www.alovey.com\/"},{"@type":"ListItem","position":2,"name":"Products","item":"https:\/\/www.alovey.com\/products\/"},{"@type":"ListItem","position":3,"name":"Mini lip gloss tube 1.5ml with hexagonal shape"}]},{"@type":"WebSite","@id":"https:\/\/www.alovey.com\/#website","url":"https:\/\/www.alovey.com\/","name":"Best Cosmetic Packaging Manufacture","description":"Alovey Cosmetic Packaging S.L.","publisher":{"@id":"https:\/\/www.alovey.com\/#organization"},"potentialAction":[{"@type":"SearchAction","target":{"@type":"EntryPoint","urlTemplate":"https:\/\/www.alovey.com\/?s={search_term_string}"},"query-input":{"@type":"PropertyValueSpecification","valueRequired":true,"valueName":"search_term_string"}}],"inLanguage":"es"},{"@type":"Organization","@id":"https:\/\/www.alovey.com\/#organization","name":"Best Cosmetic Packaging Manufacture","url":"https:\/\/www.alovey.com\/","logo":{"@type":"ImageObject","inLanguage":"es","@id":"https:\/\/www.alovey.com\/#\/schema\/logo\/image\/","url":"https:\/\/www.alovey.com\/wp-content\/uploads\/2023\/03\/logo.png","contentUrl":"https:\/\/www.alovey.com\/wp-content\/uploads\/2023\/03\/logo.png","width":505,"height":180,"caption":"Best  Cosmetic Packaging Manufacture"},"image":{"@id":"https:\/\/www.alovey.com\/#\/schema\/logo\/image\/"}}]}},"_links":{"self":[{"href":"https:\/\/www.alovey.com\/es\/wp-json\/wp\/v2\/product\/11498"}],"collection":[{"href":"https:\/\/www.alovey.com\/es\/wp-json\/wp\/v2\/product"}],"about":[{"href":"https:\/\/www.alovey.com\/es\/wp-json\/wp\/v2\/types\/product"}],"wp:featuredmedia":[{"embeddable":true,"href":"https:\/\/www.alovey.com\/es\/wp-json\/wp\/v2\/media\/11500"}],"wp:attachment":[{"href":"https:\/\/www.alovey.com\/es\/wp-json\/wp\/v2\/media?parent=11498"}],"wp:term":[{"taxonomy":"product_brand","embeddable":true,"href":"https:\/\/www.alovey.com\/es\/wp-json\/wp\/v2\/product_brand?post=11498"},{"taxonomy":"product_cat","embeddable":true,"href":"https:\/\/www.alovey.com\/es\/wp-json\/wp\/v2\/product_cat?post=11498"},{"taxonomy":"product_tag","embeddable":true,"href":"https:\/\/www.alovey.com\/es\/wp-json\/wp\/v2\/product_tag?post=11498"}],"curies":[{"name":"wp","href":"https:\/\/api.w.org\/{rel}","templated":true}]}}