{"id":11313,"date":"2025-08-21T02:32:13","date_gmt":"2025-08-21T02:32:13","guid":{"rendered":"https:\/\/www.alovey.com\/?post_type=product&#038;p=11313"},"modified":"2025-08-21T02:37:54","modified_gmt":"2025-08-21T02:37:54","slug":"wholesale-lip-gloss-containers-with-sponge-applicator","status":"publish","type":"product","link":"https:\/\/www.alovey.com\/es\/producto\/wholesale-lip-gloss-containers-with-sponge-applicator\/","title":{"rendered":"Venta al por mayor de envases para brillo de labios con forma hexagonal y aplicador de esponja"},"content":{"rendered":"<p><strong>We wholesale lip gloss containers.<\/strong><\/p>\n<p><strong>Designed in a unique hexagon shape, this luxury double-wall container features a soft, round sponge applicator that helps apply blush evenly for a flawless finish.<\/strong><\/p>\n<p><strong>Crafted from durable ABS+AS material, it ensures safe storage of your cosmetic formulations while adding a stylish and premium touch to your makeup collection.<\/strong><\/p>\n<p><strong>Alovey, como fabricante profesional chino de envases para cosm\u00e9ticos, produce una exquisita gama de envases personalizados para cosm\u00e9ticos, meticulosamente elaborados para elevar su marca. Nuestra variada selecci\u00f3n de materiales de primera calidad, combinada con delicadas t\u00e9cnicas de acabado superficial como la serigraf\u00eda, la estampaci\u00f3n en caliente y la pulverizaci\u00f3n mate, garantiza que cada envase sea una obra maestra \u00fanica.<\/strong><\/p>\n<figure id=\"attachment_11319\" aria-describedby=\"caption-attachment-11319\" style=\"width: 750px\" class=\"wp-caption alignnone\"><img fetchpriority=\"high\" decoding=\"async\" class=\"size-full wp-image-11319\" src=\"https:\/\/www.alovey.com\/wp-content\/uploads\/2025\/08\/wholesale-lip-gloss-containers-hexagon-shape-and-sponge-applicator-5.jpg\" alt=\"wholesale lip gloss containers\" width=\"750\" height=\"750\" srcset=\"https:\/\/www.alovey.com\/wp-content\/uploads\/2025\/08\/wholesale-lip-gloss-containers-hexagon-shape-and-sponge-applicator-5.jpg 750w, https:\/\/www.alovey.com\/wp-content\/uploads\/2025\/08\/wholesale-lip-gloss-containers-hexagon-shape-and-sponge-applicator-5-300x300.jpg 300w, https:\/\/www.alovey.com\/wp-content\/uploads\/2025\/08\/wholesale-lip-gloss-containers-hexagon-shape-and-sponge-applicator-5-150x150.jpg 150w, https:\/\/www.alovey.com\/wp-content\/uploads\/2025\/08\/wholesale-lip-gloss-containers-hexagon-shape-and-sponge-applicator-5-600x600.jpg 600w, https:\/\/www.alovey.com\/wp-content\/uploads\/2025\/08\/wholesale-lip-gloss-containers-hexagon-shape-and-sponge-applicator-5-100x100.jpg 100w\" sizes=\"(max-width: 750px) 100vw, 750px\" \/><figcaption id=\"caption-attachment-11319\" class=\"wp-caption-text\">\u00a0<\/figcaption><\/figure>\n<figure id=\"attachment_11318\" aria-describedby=\"caption-attachment-11318\" style=\"width: 750px\" class=\"wp-caption alignnone\"><img decoding=\"async\" class=\"size-full wp-image-11318\" src=\"https:\/\/www.alovey.com\/wp-content\/uploads\/2025\/08\/wholesale-lip-gloss-containers-hexagon-shape-and-sponge-applicator-4.jpg\" alt=\"wholesale lip gloss containers\" width=\"750\" height=\"750\" srcset=\"https:\/\/www.alovey.com\/wp-content\/uploads\/2025\/08\/wholesale-lip-gloss-containers-hexagon-shape-and-sponge-applicator-4.jpg 750w, https:\/\/www.alovey.com\/wp-content\/uploads\/2025\/08\/wholesale-lip-gloss-containers-hexagon-shape-and-sponge-applicator-4-300x300.jpg 300w, https:\/\/www.alovey.com\/wp-content\/uploads\/2025\/08\/wholesale-lip-gloss-containers-hexagon-shape-and-sponge-applicator-4-150x150.jpg 150w, https:\/\/www.alovey.com\/wp-content\/uploads\/2025\/08\/wholesale-lip-gloss-containers-hexagon-shape-and-sponge-applicator-4-600x600.jpg 600w, https:\/\/www.alovey.com\/wp-content\/uploads\/2025\/08\/wholesale-lip-gloss-containers-hexagon-shape-and-sponge-applicator-4-100x100.jpg 100w\" sizes=\"(max-width: 750px) 100vw, 750px\" \/><figcaption id=\"caption-attachment-11318\" class=\"wp-caption-text\">\u00a0<\/figcaption><\/figure>\n<figure id=\"attachment_11317\" aria-describedby=\"caption-attachment-11317\" style=\"width: 750px\" class=\"wp-caption alignnone\"><img decoding=\"async\" class=\"size-full wp-image-11317\" src=\"https:\/\/www.alovey.com\/wp-content\/uploads\/2025\/08\/wholesale-lip-gloss-containers-hexagon-shape-and-sponge-applicator-3.jpg\" alt=\"wholesale lip gloss containers\" width=\"750\" height=\"750\" srcset=\"https:\/\/www.alovey.com\/wp-content\/uploads\/2025\/08\/wholesale-lip-gloss-containers-hexagon-shape-and-sponge-applicator-3.jpg 750w, https:\/\/www.alovey.com\/wp-content\/uploads\/2025\/08\/wholesale-lip-gloss-containers-hexagon-shape-and-sponge-applicator-3-300x300.jpg 300w, https:\/\/www.alovey.com\/wp-content\/uploads\/2025\/08\/wholesale-lip-gloss-containers-hexagon-shape-and-sponge-applicator-3-150x150.jpg 150w, https:\/\/www.alovey.com\/wp-content\/uploads\/2025\/08\/wholesale-lip-gloss-containers-hexagon-shape-and-sponge-applicator-3-600x600.jpg 600w, https:\/\/www.alovey.com\/wp-content\/uploads\/2025\/08\/wholesale-lip-gloss-containers-hexagon-shape-and-sponge-applicator-3-100x100.jpg 100w\" sizes=\"(max-width: 750px) 100vw, 750px\" \/><figcaption id=\"caption-attachment-11317\" class=\"wp-caption-text\">\u00a0<\/figcaption><\/figure>\n<figure id=\"attachment_11316\" aria-describedby=\"caption-attachment-11316\" style=\"width: 750px\" class=\"wp-caption alignnone\"><img loading=\"lazy\" decoding=\"async\" class=\"size-full wp-image-11316\" src=\"https:\/\/www.alovey.com\/wp-content\/uploads\/2025\/08\/wholesale-lip-gloss-containers-hexagon-shape-and-sponge-applicator-2.jpg\" alt=\"wholesale lip gloss containers\" width=\"750\" height=\"750\" srcset=\"https:\/\/www.alovey.com\/wp-content\/uploads\/2025\/08\/wholesale-lip-gloss-containers-hexagon-shape-and-sponge-applicator-2.jpg 750w, https:\/\/www.alovey.com\/wp-content\/uploads\/2025\/08\/wholesale-lip-gloss-containers-hexagon-shape-and-sponge-applicator-2-300x300.jpg 300w, https:\/\/www.alovey.com\/wp-content\/uploads\/2025\/08\/wholesale-lip-gloss-containers-hexagon-shape-and-sponge-applicator-2-150x150.jpg 150w, https:\/\/www.alovey.com\/wp-content\/uploads\/2025\/08\/wholesale-lip-gloss-containers-hexagon-shape-and-sponge-applicator-2-600x600.jpg 600w, https:\/\/www.alovey.com\/wp-content\/uploads\/2025\/08\/wholesale-lip-gloss-containers-hexagon-shape-and-sponge-applicator-2-100x100.jpg 100w\" sizes=\"(max-width: 750px) 100vw, 750px\" \/><figcaption id=\"caption-attachment-11316\" class=\"wp-caption-text\">\u00a0<\/figcaption><\/figure>\n<figure id=\"attachment_11315\" aria-describedby=\"caption-attachment-11315\" style=\"width: 750px\" class=\"wp-caption alignnone\"><img loading=\"lazy\" decoding=\"async\" class=\"size-full wp-image-11315\" src=\"https:\/\/www.alovey.com\/wp-content\/uploads\/2025\/08\/wholesale-lip-gloss-containers-hexagon-shape-and-sponge-applicator-1.jpg\" alt=\"wholesale lip gloss containers\" width=\"750\" height=\"750\" srcset=\"https:\/\/www.alovey.com\/wp-content\/uploads\/2025\/08\/wholesale-lip-gloss-containers-hexagon-shape-and-sponge-applicator-1.jpg 750w, https:\/\/www.alovey.com\/wp-content\/uploads\/2025\/08\/wholesale-lip-gloss-containers-hexagon-shape-and-sponge-applicator-1-300x300.jpg 300w, https:\/\/www.alovey.com\/wp-content\/uploads\/2025\/08\/wholesale-lip-gloss-containers-hexagon-shape-and-sponge-applicator-1-150x150.jpg 150w, https:\/\/www.alovey.com\/wp-content\/uploads\/2025\/08\/wholesale-lip-gloss-containers-hexagon-shape-and-sponge-applicator-1-600x600.jpg 600w, https:\/\/www.alovey.com\/wp-content\/uploads\/2025\/08\/wholesale-lip-gloss-containers-hexagon-shape-and-sponge-applicator-1-100x100.jpg 100w\" sizes=\"(max-width: 750px) 100vw, 750px\" \/><figcaption id=\"caption-attachment-11315\" class=\"wp-caption-text\">\u00a0<\/figcaption><\/figure>\n<figure id=\"attachment_11314\" aria-describedby=\"caption-attachment-11314\" style=\"width: 750px\" class=\"wp-caption alignnone\"><img loading=\"lazy\" decoding=\"async\" class=\"size-full wp-image-11314\" src=\"https:\/\/www.alovey.com\/wp-content\/uploads\/2025\/08\/wholesale-lip-gloss-containers-hexagon-shape-and-sponge-applicator-6.jpg\" alt=\"wholesale lip gloss containers\" width=\"750\" height=\"750\" srcset=\"https:\/\/www.alovey.com\/wp-content\/uploads\/2025\/08\/wholesale-lip-gloss-containers-hexagon-shape-and-sponge-applicator-6.jpg 750w, https:\/\/www.alovey.com\/wp-content\/uploads\/2025\/08\/wholesale-lip-gloss-containers-hexagon-shape-and-sponge-applicator-6-300x300.jpg 300w, https:\/\/www.alovey.com\/wp-content\/uploads\/2025\/08\/wholesale-lip-gloss-containers-hexagon-shape-and-sponge-applicator-6-150x150.jpg 150w, https:\/\/www.alovey.com\/wp-content\/uploads\/2025\/08\/wholesale-lip-gloss-containers-hexagon-shape-and-sponge-applicator-6-600x600.jpg 600w, https:\/\/www.alovey.com\/wp-content\/uploads\/2025\/08\/wholesale-lip-gloss-containers-hexagon-shape-and-sponge-applicator-6-100x100.jpg 100w\" sizes=\"(max-width: 750px) 100vw, 750px\" \/><figcaption id=\"caption-attachment-11314\" class=\"wp-caption-text\">\u00a0<\/figcaption><\/figure>\n<p>&nbsp;<\/p>\n<p>&nbsp;<\/p>\n<p>&nbsp;<\/p>\n<p>&nbsp;<\/p>\n<p>&nbsp;<\/p>\n<p>&nbsp;<\/p>\n<p>&nbsp;<\/p>\n<p>&nbsp;<\/p>\n<p>&nbsp;<\/p>\n<p>&nbsp;<\/p>\n<p>&nbsp;<\/p>\n<p>&nbsp;<\/p>\n<p>&nbsp;<\/p>\n<p>&nbsp;<\/p>\n<p>&nbsp;<\/p>\n<p>&nbsp;<\/p>\n<p>&nbsp;<\/p>\n<p>&nbsp;<\/p>\n<p>&nbsp;<\/p>\n<p>&nbsp;<\/p>\n<p>&nbsp;<\/p>\n<p>&nbsp;<\/p>\n<p>&nbsp;<\/p>\n<p>&nbsp;<\/p>\n<p>&nbsp;<\/p>\n<p>&nbsp;<\/p>\n<p>&nbsp;<\/p>\n<p>&nbsp;<\/p>\n<p>&nbsp;<\/p>\n<p>&nbsp;<\/p>\n<p>&nbsp;<\/p>\n<p>&nbsp;<\/p>\n<p>&nbsp;<\/p>\n<p>&nbsp;<\/p>\n<p>&nbsp;<\/p>\n<p>&nbsp;<\/p>\n<p>&nbsp;<\/p>\n<p>&nbsp;<\/p>\n<p>&nbsp;<\/p>\n<p>&nbsp;<\/p>\n<p>&nbsp;<\/p>\n<p>&nbsp;<\/p>\n<p>&nbsp;<\/p>\n<p>&nbsp;<\/p>\n<p>&nbsp;<\/p>\n<p>&nbsp;<\/p>\n<p>&nbsp;<\/p>\n<p>&nbsp;<\/p>\n<p>&nbsp;<\/p>\n<p>&nbsp;<\/p>\n<p>&nbsp;<\/p>\n<p>&nbsp;<\/p>\n<p>&nbsp;<\/p>\n<p>&nbsp;<\/p>\n<p>&nbsp;<\/p>\n<p>&nbsp;<\/p>\n<p>&nbsp;<\/p>\n<p>&nbsp;<\/p>\n<p>&nbsp;<\/p>\n<p>&nbsp;<\/p>\n<p>&nbsp;<\/p>\n<p>&nbsp;<\/p>\n<p>&nbsp;<\/p>\n<p>&nbsp;<\/p>\n<p>&nbsp;<\/p>\n<p>&nbsp;<\/p>\n<p>&nbsp;<\/p>\n<p>&nbsp;<\/p>\n<p>&nbsp;<\/p>\n<p>&nbsp;<\/p>\n<p>&nbsp;<\/p>\n<p>&nbsp;<\/p>\n<p>&nbsp;<\/p>\n<p>&nbsp;<\/p>\n<p>&nbsp;<\/p>\n<p>&nbsp;<\/p>\n<p>&nbsp;<\/p>\n<p>&nbsp;<\/p>\n<p>&nbsp;<\/p>\n<p>&nbsp;<\/p>\n<p>&nbsp;<\/p>\n<p>&nbsp;<\/p>\n<p>&nbsp;<\/p>\n<p>&nbsp;<\/p>\n<p>&nbsp;<\/p>\n<p>&nbsp;<\/p>\n<p>&nbsp;<\/p>\n<p>&nbsp;<\/p>\n<p>&nbsp;<\/p>\n<p>&nbsp;<\/p>\n<p>&nbsp;<\/p>\n<p>&nbsp;<\/p>\n<p>&nbsp;<\/p>\n<p>&nbsp;<\/p>\n<p>&nbsp;<\/p>\n<p>&nbsp;<\/p>\n<p>&nbsp;<\/p>\n<p>&nbsp;<\/p>\n<p>&nbsp;<\/p>\n<p>&nbsp;<\/p>\n<p>&nbsp;<\/p>\n<p>&nbsp;<\/p>\n<p>&nbsp;<\/p>","protected":false},"excerpt":{"rendered":"<ul>\n<li>Item No: LG-0536A<\/li>\n<li>Material:\u00a0Plastic<\/li>\n<li>Size:\u00a0W31.5*H78MM<\/li>\n<li>Capacity: 4.5ml<\/li>\n<li>Aplicaciones: Productos de belleza<\/li>\n<li>MOQ: 12.000 piezas<\/li>\n<li>Color: Color personalizado<\/li>\n<li>Surface treatment: Injection\/Matte\/Metalization\/UV coating<\/li>\n<li>Nombre de marca: OEM\/ODM<\/li>\n<li>Logotipo: Logotipo del cliente<\/li>\n<li>Capacidad de suministro: 100.000 piezas al mes<\/li>\n<\/ul>","protected":false},"featured_media":11317,"template":"","meta":{"_acf_changed":false},"product_brand":[],"product_cat":[372],"product_tag":[408,449,388],"class_list":{"0":"post-11313","1":"product","2":"type-product","3":"status-publish","4":"has-post-thumbnail","6":"product_cat-lipgloss-tube","7":"product_tag-concealer-tube","8":"product_tag-cute-lip-gloss-tube","9":"product_tag-lip-gloss-tube","11":"first","12":"instock","13":"shipping-taxable","14":"product-type-simple"},"acf":[],"yoast_head":"<!-- This site is optimized with the Yoast SEO plugin v24.1 - https:\/\/yoast.com\/wordpress\/plugins\/seo\/ -->\n<title>wholesale lip gloss containers with sponge applicator<\/title>\n<meta name=\"description\" content=\"We wholesale lip gloss containers. Designed in a unique hexagon shape, this luxury double-wall container features a soft, round sponge applicator that helps apply blush evenly for a flawless finish.\" \/>\n<meta name=\"robots\" content=\"index, follow, max-snippet:-1, max-image-preview:large, max-video-preview:-1\" \/>\n<link rel=\"canonical\" href=\"https:\/\/www.alovey.com\/es\/producto\/wholesale-lip-gloss-containers-with-sponge-applicator\/\" \/>\n<meta property=\"og:locale\" content=\"es_ES\" \/>\n<meta property=\"og:type\" content=\"article\" \/>\n<meta property=\"og:title\" content=\"wholesale lip gloss containers with sponge applicator\" \/>\n<meta property=\"og:description\" content=\"We wholesale lip gloss containers. Designed in a unique hexagon shape, this luxury double-wall container features a soft, round sponge applicator that helps apply blush evenly for a flawless finish.\" \/>\n<meta property=\"og:url\" content=\"https:\/\/www.alovey.com\/es\/producto\/wholesale-lip-gloss-containers-with-sponge-applicator\/\" \/>\n<meta property=\"og:site_name\" content=\"Best Cosmetic Packaging Manufacture\" \/>\n<meta property=\"article:modified_time\" content=\"2025-08-21T02:37:54+00:00\" \/>\n<meta property=\"og:image\" content=\"https:\/\/www.alovey.com\/wp-content\/uploads\/2025\/08\/wholesale-lip-gloss-containers-hexagon-shape-and-sponge-applicator-3.jpg\" \/>\n\t<meta property=\"og:image:width\" content=\"750\" \/>\n\t<meta property=\"og:image:height\" content=\"750\" \/>\n\t<meta property=\"og:image:type\" content=\"image\/jpeg\" \/>\n<meta name=\"twitter:card\" content=\"summary_large_image\" \/>\n<meta name=\"twitter:label1\" content=\"Tiempo de lectura\" \/>\n\t<meta name=\"twitter:data1\" content=\"2 minutos\" \/>\n<script type=\"application\/ld+json\" class=\"yoast-schema-graph\">{\"@context\":\"https:\/\/schema.org\",\"@graph\":[{\"@type\":\"WebPage\",\"@id\":\"https:\/\/www.alovey.com\/product\/wholesale-lip-gloss-containers-with-sponge-applicator\/\",\"url\":\"https:\/\/www.alovey.com\/product\/wholesale-lip-gloss-containers-with-sponge-applicator\/\",\"name\":\"wholesale lip gloss containers with sponge applicator\",\"isPartOf\":{\"@id\":\"https:\/\/www.alovey.com\/#website\"},\"primaryImageOfPage\":{\"@id\":\"https:\/\/www.alovey.com\/product\/wholesale-lip-gloss-containers-with-sponge-applicator\/#primaryimage\"},\"image\":{\"@id\":\"https:\/\/www.alovey.com\/product\/wholesale-lip-gloss-containers-with-sponge-applicator\/#primaryimage\"},\"thumbnailUrl\":\"https:\/\/www.alovey.com\/wp-content\/uploads\/2025\/08\/wholesale-lip-gloss-containers-hexagon-shape-and-sponge-applicator-3.jpg\",\"datePublished\":\"2025-08-21T02:32:13+00:00\",\"dateModified\":\"2025-08-21T02:37:54+00:00\",\"description\":\"We wholesale lip gloss containers. Designed in a unique hexagon shape, this luxury double-wall container features a soft, round sponge applicator that helps apply blush evenly for a flawless finish.\",\"breadcrumb\":{\"@id\":\"https:\/\/www.alovey.com\/product\/wholesale-lip-gloss-containers-with-sponge-applicator\/#breadcrumb\"},\"inLanguage\":\"es\",\"potentialAction\":[{\"@type\":\"ReadAction\",\"target\":[\"https:\/\/www.alovey.com\/product\/wholesale-lip-gloss-containers-with-sponge-applicator\/\"]}]},{\"@type\":\"ImageObject\",\"inLanguage\":\"es\",\"@id\":\"https:\/\/www.alovey.com\/product\/wholesale-lip-gloss-containers-with-sponge-applicator\/#primaryimage\",\"url\":\"https:\/\/www.alovey.com\/wp-content\/uploads\/2025\/08\/wholesale-lip-gloss-containers-hexagon-shape-and-sponge-applicator-3.jpg\",\"contentUrl\":\"https:\/\/www.alovey.com\/wp-content\/uploads\/2025\/08\/wholesale-lip-gloss-containers-hexagon-shape-and-sponge-applicator-3.jpg\",\"width\":750,\"height\":750,\"caption\":\"wholesale lip gloss containers hexagon shape and sponge applicator\"},{\"@type\":\"BreadcrumbList\",\"@id\":\"https:\/\/www.alovey.com\/product\/wholesale-lip-gloss-containers-with-sponge-applicator\/#breadcrumb\",\"itemListElement\":[{\"@type\":\"ListItem\",\"position\":1,\"name\":\"\u9996\u9875\",\"item\":\"https:\/\/www.alovey.com\/\"},{\"@type\":\"ListItem\",\"position\":2,\"name\":\"Products\",\"item\":\"https:\/\/www.alovey.com\/products\/\"},{\"@type\":\"ListItem\",\"position\":3,\"name\":\"Wholesale lip gloss containers hexagon shape and sponge applicator\"}]},{\"@type\":\"WebSite\",\"@id\":\"https:\/\/www.alovey.com\/#website\",\"url\":\"https:\/\/www.alovey.com\/\",\"name\":\"Best Cosmetic Packaging Manufacture\",\"description\":\"Alovey Cosmetic Packaging Co.,Ltd\",\"publisher\":{\"@id\":\"https:\/\/www.alovey.com\/#organization\"},\"potentialAction\":[{\"@type\":\"SearchAction\",\"target\":{\"@type\":\"EntryPoint\",\"urlTemplate\":\"https:\/\/www.alovey.com\/?s={search_term_string}\"},\"query-input\":{\"@type\":\"PropertyValueSpecification\",\"valueRequired\":true,\"valueName\":\"search_term_string\"}}],\"inLanguage\":\"es\"},{\"@type\":\"Organization\",\"@id\":\"https:\/\/www.alovey.com\/#organization\",\"name\":\"Best Cosmetic Packaging Manufacture\",\"url\":\"https:\/\/www.alovey.com\/\",\"logo\":{\"@type\":\"ImageObject\",\"inLanguage\":\"es\",\"@id\":\"https:\/\/www.alovey.com\/#\/schema\/logo\/image\/\",\"url\":\"https:\/\/www.alovey.com\/wp-content\/uploads\/2023\/03\/logo.png\",\"contentUrl\":\"https:\/\/www.alovey.com\/wp-content\/uploads\/2023\/03\/logo.png\",\"width\":505,\"height\":180,\"caption\":\"Best  Cosmetic Packaging Manufacture\"},\"image\":{\"@id\":\"https:\/\/www.alovey.com\/#\/schema\/logo\/image\/\"}}]}<\/script>\n<!-- \/ Yoast SEO plugin. -->","yoast_head_json":{"title":"wholesale lip gloss containers with sponge applicator","description":"We wholesale lip gloss containers. Designed in a unique hexagon shape, this luxury double-wall container features a soft, round sponge applicator that helps apply blush evenly for a flawless finish.","robots":{"index":"index","follow":"follow","max-snippet":"max-snippet:-1","max-image-preview":"max-image-preview:large","max-video-preview":"max-video-preview:-1"},"canonical":"https:\/\/www.alovey.com\/es\/producto\/wholesale-lip-gloss-containers-with-sponge-applicator\/","og_locale":"es_ES","og_type":"article","og_title":"wholesale lip gloss containers with sponge applicator","og_description":"We wholesale lip gloss containers. Designed in a unique hexagon shape, this luxury double-wall container features a soft, round sponge applicator that helps apply blush evenly for a flawless finish.","og_url":"https:\/\/www.alovey.com\/es\/producto\/wholesale-lip-gloss-containers-with-sponge-applicator\/","og_site_name":"Best Cosmetic Packaging Manufacture","article_modified_time":"2025-08-21T02:37:54+00:00","og_image":[{"width":750,"height":750,"url":"https:\/\/www.alovey.com\/wp-content\/uploads\/2025\/08\/wholesale-lip-gloss-containers-hexagon-shape-and-sponge-applicator-3.jpg","type":"image\/jpeg"}],"twitter_card":"summary_large_image","twitter_misc":{"Tiempo de lectura":"2 minutos"},"schema":{"@context":"https:\/\/schema.org","@graph":[{"@type":"WebPage","@id":"https:\/\/www.alovey.com\/product\/wholesale-lip-gloss-containers-with-sponge-applicator\/","url":"https:\/\/www.alovey.com\/product\/wholesale-lip-gloss-containers-with-sponge-applicator\/","name":"wholesale lip gloss containers with sponge applicator","isPartOf":{"@id":"https:\/\/www.alovey.com\/#website"},"primaryImageOfPage":{"@id":"https:\/\/www.alovey.com\/product\/wholesale-lip-gloss-containers-with-sponge-applicator\/#primaryimage"},"image":{"@id":"https:\/\/www.alovey.com\/product\/wholesale-lip-gloss-containers-with-sponge-applicator\/#primaryimage"},"thumbnailUrl":"https:\/\/www.alovey.com\/wp-content\/uploads\/2025\/08\/wholesale-lip-gloss-containers-hexagon-shape-and-sponge-applicator-3.jpg","datePublished":"2025-08-21T02:32:13+00:00","dateModified":"2025-08-21T02:37:54+00:00","description":"We wholesale lip gloss containers. Designed in a unique hexagon shape, this luxury double-wall container features a soft, round sponge applicator that helps apply blush evenly for a flawless finish.","breadcrumb":{"@id":"https:\/\/www.alovey.com\/product\/wholesale-lip-gloss-containers-with-sponge-applicator\/#breadcrumb"},"inLanguage":"es","potentialAction":[{"@type":"ReadAction","target":["https:\/\/www.alovey.com\/product\/wholesale-lip-gloss-containers-with-sponge-applicator\/"]}]},{"@type":"ImageObject","inLanguage":"es","@id":"https:\/\/www.alovey.com\/product\/wholesale-lip-gloss-containers-with-sponge-applicator\/#primaryimage","url":"https:\/\/www.alovey.com\/wp-content\/uploads\/2025\/08\/wholesale-lip-gloss-containers-hexagon-shape-and-sponge-applicator-3.jpg","contentUrl":"https:\/\/www.alovey.com\/wp-content\/uploads\/2025\/08\/wholesale-lip-gloss-containers-hexagon-shape-and-sponge-applicator-3.jpg","width":750,"height":750,"caption":"wholesale lip gloss containers hexagon shape and sponge applicator"},{"@type":"BreadcrumbList","@id":"https:\/\/www.alovey.com\/product\/wholesale-lip-gloss-containers-with-sponge-applicator\/#breadcrumb","itemListElement":[{"@type":"ListItem","position":1,"name":"\u9996\u9875","item":"https:\/\/www.alovey.com\/"},{"@type":"ListItem","position":2,"name":"Products","item":"https:\/\/www.alovey.com\/products\/"},{"@type":"ListItem","position":3,"name":"Wholesale lip gloss containers hexagon shape and sponge applicator"}]},{"@type":"WebSite","@id":"https:\/\/www.alovey.com\/#website","url":"https:\/\/www.alovey.com\/","name":"Best Cosmetic Packaging Manufacture","description":"Alovey Cosmetic Packaging S.L.","publisher":{"@id":"https:\/\/www.alovey.com\/#organization"},"potentialAction":[{"@type":"SearchAction","target":{"@type":"EntryPoint","urlTemplate":"https:\/\/www.alovey.com\/?s={search_term_string}"},"query-input":{"@type":"PropertyValueSpecification","valueRequired":true,"valueName":"search_term_string"}}],"inLanguage":"es"},{"@type":"Organization","@id":"https:\/\/www.alovey.com\/#organization","name":"Best Cosmetic Packaging Manufacture","url":"https:\/\/www.alovey.com\/","logo":{"@type":"ImageObject","inLanguage":"es","@id":"https:\/\/www.alovey.com\/#\/schema\/logo\/image\/","url":"https:\/\/www.alovey.com\/wp-content\/uploads\/2023\/03\/logo.png","contentUrl":"https:\/\/www.alovey.com\/wp-content\/uploads\/2023\/03\/logo.png","width":505,"height":180,"caption":"Best  Cosmetic Packaging Manufacture"},"image":{"@id":"https:\/\/www.alovey.com\/#\/schema\/logo\/image\/"}}]}},"_links":{"self":[{"href":"https:\/\/www.alovey.com\/es\/wp-json\/wp\/v2\/product\/11313"}],"collection":[{"href":"https:\/\/www.alovey.com\/es\/wp-json\/wp\/v2\/product"}],"about":[{"href":"https:\/\/www.alovey.com\/es\/wp-json\/wp\/v2\/types\/product"}],"wp:featuredmedia":[{"embeddable":true,"href":"https:\/\/www.alovey.com\/es\/wp-json\/wp\/v2\/media\/11317"}],"wp:attachment":[{"href":"https:\/\/www.alovey.com\/es\/wp-json\/wp\/v2\/media?parent=11313"}],"wp:term":[{"taxonomy":"product_brand","embeddable":true,"href":"https:\/\/www.alovey.com\/es\/wp-json\/wp\/v2\/product_brand?post=11313"},{"taxonomy":"product_cat","embeddable":true,"href":"https:\/\/www.alovey.com\/es\/wp-json\/wp\/v2\/product_cat?post=11313"},{"taxonomy":"product_tag","embeddable":true,"href":"https:\/\/www.alovey.com\/es\/wp-json\/wp\/v2\/product_tag?post=11313"}],"curies":[{"name":"wp","href":"https:\/\/api.w.org\/{rel}","templated":true}]}}