{"id":11202,"date":"2025-08-14T07:13:15","date_gmt":"2025-08-14T07:13:15","guid":{"rendered":"https:\/\/www.alovey.com\/?post_type=product&#038;p=11202"},"modified":"2025-08-14T07:17:38","modified_gmt":"2025-08-14T07:17:38","slug":"luxury-lipstick-container-with-vertical-stripes-4g","status":"publish","type":"product","link":"https:\/\/www.alovey.com\/es\/producto\/luxury-lipstick-container-with-vertical-stripes-4g\/","title":{"rendered":"Envase de lujo para pintalabios con rayas verticales 4g"},"content":{"rendered":"<p><strong>This luxury lipstick container can elevate your brand with its special-design\u00a0. <\/strong><\/p>\n<p><strong>The modern vertical stripe pattern and elegant matte finish provide a touch of luxury. <\/strong><\/p>\n<p><strong>The included snap-on cap creates a secure seal, protecting your product from air and maintaining its integrity.<\/strong><\/p>\n<p><strong>Alovey, como fabricante profesional chino de envases para cosm\u00e9ticos, produce una exquisita gama de envases personalizados para cosm\u00e9ticos, meticulosamente elaborados para elevar su marca. Nuestra variada selecci\u00f3n de materiales de primera calidad, combinada con delicadas t\u00e9cnicas de acabado superficial como la serigraf\u00eda, la estampaci\u00f3n en caliente y la pulverizaci\u00f3n mate, garantiza que cada envase sea una obra maestra \u00fanica.<\/strong><\/p>\n<p><img fetchpriority=\"high\" decoding=\"async\" class=\"size-full wp-image-11208\" src=\"https:\/\/www.alovey.com\/wp-content\/uploads\/2025\/08\/Luxury-lipstick-container-with-vertical-stripes-4g-5.jpg\" alt=\"Luxury lipstick container\" width=\"750\" height=\"750\" srcset=\"https:\/\/www.alovey.com\/wp-content\/uploads\/2025\/08\/Luxury-lipstick-container-with-vertical-stripes-4g-5.jpg 750w, https:\/\/www.alovey.com\/wp-content\/uploads\/2025\/08\/Luxury-lipstick-container-with-vertical-stripes-4g-5-300x300.jpg 300w, https:\/\/www.alovey.com\/wp-content\/uploads\/2025\/08\/Luxury-lipstick-container-with-vertical-stripes-4g-5-150x150.jpg 150w, https:\/\/www.alovey.com\/wp-content\/uploads\/2025\/08\/Luxury-lipstick-container-with-vertical-stripes-4g-5-600x600.jpg 600w, https:\/\/www.alovey.com\/wp-content\/uploads\/2025\/08\/Luxury-lipstick-container-with-vertical-stripes-4g-5-100x100.jpg 100w\" sizes=\"(max-width: 750px) 100vw, 750px\" \/><\/p>\n<p><img decoding=\"async\" class=\"size-full wp-image-11207\" src=\"https:\/\/www.alovey.com\/wp-content\/uploads\/2025\/08\/Luxury-lipstick-container-with-vertical-stripes-4g-4.jpg\" alt=\"Luxury lipstick container\" width=\"750\" height=\"750\" srcset=\"https:\/\/www.alovey.com\/wp-content\/uploads\/2025\/08\/Luxury-lipstick-container-with-vertical-stripes-4g-4.jpg 750w, https:\/\/www.alovey.com\/wp-content\/uploads\/2025\/08\/Luxury-lipstick-container-with-vertical-stripes-4g-4-300x300.jpg 300w, https:\/\/www.alovey.com\/wp-content\/uploads\/2025\/08\/Luxury-lipstick-container-with-vertical-stripes-4g-4-150x150.jpg 150w, https:\/\/www.alovey.com\/wp-content\/uploads\/2025\/08\/Luxury-lipstick-container-with-vertical-stripes-4g-4-600x600.jpg 600w, https:\/\/www.alovey.com\/wp-content\/uploads\/2025\/08\/Luxury-lipstick-container-with-vertical-stripes-4g-4-100x100.jpg 100w\" sizes=\"(max-width: 750px) 100vw, 750px\" \/><\/p>\n<p><img decoding=\"async\" class=\"size-full wp-image-11206\" src=\"https:\/\/www.alovey.com\/wp-content\/uploads\/2025\/08\/Luxury-lipstick-container-with-vertical-stripes-4g-3.jpg\" alt=\"Luxury lipstick container\" width=\"750\" height=\"750\" srcset=\"https:\/\/www.alovey.com\/wp-content\/uploads\/2025\/08\/Luxury-lipstick-container-with-vertical-stripes-4g-3.jpg 750w, https:\/\/www.alovey.com\/wp-content\/uploads\/2025\/08\/Luxury-lipstick-container-with-vertical-stripes-4g-3-300x300.jpg 300w, https:\/\/www.alovey.com\/wp-content\/uploads\/2025\/08\/Luxury-lipstick-container-with-vertical-stripes-4g-3-150x150.jpg 150w, https:\/\/www.alovey.com\/wp-content\/uploads\/2025\/08\/Luxury-lipstick-container-with-vertical-stripes-4g-3-600x600.jpg 600w, https:\/\/www.alovey.com\/wp-content\/uploads\/2025\/08\/Luxury-lipstick-container-with-vertical-stripes-4g-3-100x100.jpg 100w\" sizes=\"(max-width: 750px) 100vw, 750px\" \/><\/p>\n<p><img loading=\"lazy\" decoding=\"async\" class=\"size-full wp-image-11205\" src=\"https:\/\/www.alovey.com\/wp-content\/uploads\/2025\/08\/Luxury-lipstick-container-with-vertical-stripes-4g-2.jpg\" alt=\"Luxury lipstick container\" width=\"750\" height=\"750\" srcset=\"https:\/\/www.alovey.com\/wp-content\/uploads\/2025\/08\/Luxury-lipstick-container-with-vertical-stripes-4g-2.jpg 750w, https:\/\/www.alovey.com\/wp-content\/uploads\/2025\/08\/Luxury-lipstick-container-with-vertical-stripes-4g-2-300x300.jpg 300w, https:\/\/www.alovey.com\/wp-content\/uploads\/2025\/08\/Luxury-lipstick-container-with-vertical-stripes-4g-2-150x150.jpg 150w, https:\/\/www.alovey.com\/wp-content\/uploads\/2025\/08\/Luxury-lipstick-container-with-vertical-stripes-4g-2-600x600.jpg 600w, https:\/\/www.alovey.com\/wp-content\/uploads\/2025\/08\/Luxury-lipstick-container-with-vertical-stripes-4g-2-100x100.jpg 100w\" sizes=\"(max-width: 750px) 100vw, 750px\" \/><\/p>\n<p><img loading=\"lazy\" decoding=\"async\" class=\"size-full wp-image-11204\" src=\"https:\/\/www.alovey.com\/wp-content\/uploads\/2025\/08\/Luxury-lipstick-container-with-vertical-stripes-4g-1.jpg\" alt=\"Luxury lipstick container\" width=\"750\" height=\"750\" srcset=\"https:\/\/www.alovey.com\/wp-content\/uploads\/2025\/08\/Luxury-lipstick-container-with-vertical-stripes-4g-1.jpg 750w, https:\/\/www.alovey.com\/wp-content\/uploads\/2025\/08\/Luxury-lipstick-container-with-vertical-stripes-4g-1-300x300.jpg 300w, https:\/\/www.alovey.com\/wp-content\/uploads\/2025\/08\/Luxury-lipstick-container-with-vertical-stripes-4g-1-150x150.jpg 150w, https:\/\/www.alovey.com\/wp-content\/uploads\/2025\/08\/Luxury-lipstick-container-with-vertical-stripes-4g-1-600x600.jpg 600w, https:\/\/www.alovey.com\/wp-content\/uploads\/2025\/08\/Luxury-lipstick-container-with-vertical-stripes-4g-1-100x100.jpg 100w\" sizes=\"(max-width: 750px) 100vw, 750px\" \/><\/p>\n<p><img loading=\"lazy\" decoding=\"async\" class=\"size-full wp-image-11203\" src=\"https:\/\/www.alovey.com\/wp-content\/uploads\/2025\/08\/Luxury-lipstick-container-with-vertical-stripes-4g-6.jpg\" alt=\"Luxury lipstick container\" width=\"750\" height=\"750\" srcset=\"https:\/\/www.alovey.com\/wp-content\/uploads\/2025\/08\/Luxury-lipstick-container-with-vertical-stripes-4g-6.jpg 750w, https:\/\/www.alovey.com\/wp-content\/uploads\/2025\/08\/Luxury-lipstick-container-with-vertical-stripes-4g-6-300x300.jpg 300w, https:\/\/www.alovey.com\/wp-content\/uploads\/2025\/08\/Luxury-lipstick-container-with-vertical-stripes-4g-6-150x150.jpg 150w, https:\/\/www.alovey.com\/wp-content\/uploads\/2025\/08\/Luxury-lipstick-container-with-vertical-stripes-4g-6-600x600.jpg 600w, https:\/\/www.alovey.com\/wp-content\/uploads\/2025\/08\/Luxury-lipstick-container-with-vertical-stripes-4g-6-100x100.jpg 100w\" sizes=\"(max-width: 750px) 100vw, 750px\" \/><\/p>\n<p>&nbsp;<\/p>\n<p>&nbsp;<\/p>\n<p>&nbsp;<\/p>\n<p>&nbsp;<\/p>\n<p>&nbsp;<\/p>\n<p>&nbsp;<\/p>\n<p>&nbsp;<\/p>\n<p>&nbsp;<\/p>\n<p>&nbsp;<\/p>\n<p>&nbsp;<\/p>\n<p>&nbsp;<\/p>\n<p>&nbsp;<\/p>\n<p>&nbsp;<\/p>\n<p>&nbsp;<\/p>\n<p>&nbsp;<\/p>\n<p>&nbsp;<\/p>\n<p>&nbsp;<\/p>\n<p>&nbsp;<\/p>\n<p>&nbsp;<\/p>\n<p>&nbsp;<\/p>\n<p>&nbsp;<\/p>\n<p>&nbsp;<\/p>\n<p>&nbsp;<\/p>\n<p>&nbsp;<\/p>\n<p>&nbsp;<\/p>\n<p>&nbsp;<\/p>\n<p>&nbsp;<\/p>\n<p>&nbsp;<\/p>\n<p>&nbsp;<\/p>\n<p>&nbsp;<\/p>\n<p>&nbsp;<\/p>\n<p>&nbsp;<\/p>\n<p>&nbsp;<\/p>\n<p>&nbsp;<\/p>\n<p>&nbsp;<\/p>\n<p>&nbsp;<\/p>\n<p>&nbsp;<\/p>\n<p>&nbsp;<\/p>\n<p>&nbsp;<\/p>\n<p>&nbsp;<\/p>\n<p>&nbsp;<\/p>\n<p>&nbsp;<\/p>\n<p>&nbsp;<\/p>\n<p>&nbsp;<\/p>\n<p>&nbsp;<\/p>\n<p>&nbsp;<\/p>\n<p>&nbsp;<\/p>\n<p>&nbsp;<\/p>\n<p>&nbsp;<\/p>\n<p>&nbsp;<\/p>\n<p>&nbsp;<\/p>\n<p>&nbsp;<\/p>\n<p>&nbsp;<\/p>\n<p>&nbsp;<\/p>\n<p>&nbsp;<\/p>\n<p>&nbsp;<\/p>\n<p>&nbsp;<\/p>\n<p>&nbsp;<\/p>\n<p>&nbsp;<\/p>\n<p>&nbsp;<\/p>\n<p>&nbsp;<\/p>\n<p>&nbsp;<\/p>\n<p>&nbsp;<\/p>\n<p>&nbsp;<\/p>\n<p>&nbsp;<\/p>\n<p>&nbsp;<\/p>\n<p>&nbsp;<\/p>\n<p>&nbsp;<\/p>\n<p>&nbsp;<\/p>\n<p>&nbsp;<\/p>\n<p>&nbsp;<\/p>\n<p>&nbsp;<\/p>\n<p>&nbsp;<\/p>\n<p>&nbsp;<\/p>\n<p>&nbsp;<\/p>\n<p>&nbsp;<\/p>\n<p>&nbsp;<\/p>\n<p>&nbsp;<\/p>\n<p>&nbsp;<\/p>\n<p>&nbsp;<\/p>\n<p>&nbsp;<\/p>\n<p>&nbsp;<\/p>\n<p>&nbsp;<\/p>\n<p>&nbsp;<\/p>\n<p>&nbsp;<\/p>\n<p>&nbsp;<\/p>\n<p>&nbsp;<\/p>\n<p>&nbsp;<\/p>\n<p>&nbsp;<\/p>\n<p>&nbsp;<\/p>\n<p>&nbsp;<\/p>\n<p>&nbsp;<\/p>\n<p>&nbsp;<\/p>\n<p>&nbsp;<\/p>","protected":false},"excerpt":{"rendered":"<ul>\n<li>Item No: LS-0614A<\/li>\n<li>Material:\u00a0Plastic<\/li>\n<li>Size:\u00a0W27*H80MM<\/li>\n<li>Aplicaciones: Productos de belleza<\/li>\n<li>MOQ: 12.000 piezas<\/li>\n<li>Color: Color personalizado<\/li>\n<li>Surface treatment: Injection\/Matte\/Metalization\/UV coating<\/li>\n<li>Nombre de marca: OEM\/ODM<\/li>\n<li>Logotipo: Logotipo del cliente<\/li>\n<li>Capacidad de suministro: 100.000 piezas al mes<\/li>\n<\/ul>","protected":false},"featured_media":11205,"template":"","meta":{"_acf_changed":false},"product_brand":[],"product_cat":[373],"product_tag":[389,404],"class_list":{"0":"post-11202","1":"product","2":"type-product","3":"status-publish","4":"has-post-thumbnail","6":"product_cat-professional-lipstick-tube-supplier","7":"product_tag-lip-stick-tube","8":"product_tag-unique-cosmetic-packaging","10":"first","11":"instock","12":"shipping-taxable","13":"product-type-simple"},"acf":[],"yoast_head":"<!-- This site is optimized with the Yoast SEO plugin v24.1 - https:\/\/yoast.com\/wordpress\/plugins\/seo\/ -->\n<title>Luxury lipstick container with vertical stripes 4g<\/title>\n<meta name=\"description\" content=\"This luxury lipstick container can elevate your brand with its special-design . The modern vertical stripe pattern and elegant matte finish provide a touch of luxury.\" \/>\n<meta name=\"robots\" content=\"index, follow, max-snippet:-1, max-image-preview:large, max-video-preview:-1\" \/>\n<link rel=\"canonical\" href=\"https:\/\/www.alovey.com\/es\/producto\/luxury-lipstick-container-with-vertical-stripes-4g\/\" \/>\n<meta property=\"og:locale\" content=\"es_ES\" \/>\n<meta property=\"og:type\" content=\"article\" \/>\n<meta property=\"og:title\" content=\"Luxury lipstick container with vertical stripes 4g\" \/>\n<meta property=\"og:description\" content=\"This luxury lipstick container can elevate your brand with its special-design . The modern vertical stripe pattern and elegant matte finish provide a touch of luxury.\" \/>\n<meta property=\"og:url\" content=\"https:\/\/www.alovey.com\/es\/producto\/luxury-lipstick-container-with-vertical-stripes-4g\/\" \/>\n<meta property=\"og:site_name\" content=\"Best Cosmetic Packaging Manufacture\" \/>\n<meta property=\"article:modified_time\" content=\"2025-08-14T07:17:38+00:00\" \/>\n<meta property=\"og:image\" content=\"https:\/\/www.alovey.com\/wp-content\/uploads\/2025\/08\/Luxury-lipstick-container-with-vertical-stripes-4g-2.jpg\" \/>\n\t<meta property=\"og:image:width\" content=\"750\" \/>\n\t<meta property=\"og:image:height\" content=\"750\" \/>\n\t<meta property=\"og:image:type\" content=\"image\/jpeg\" \/>\n<meta name=\"twitter:card\" content=\"summary_large_image\" \/>\n<meta name=\"twitter:label1\" content=\"Tiempo de lectura\" \/>\n\t<meta name=\"twitter:data1\" content=\"2 minutos\" \/>\n<script type=\"application\/ld+json\" class=\"yoast-schema-graph\">{\"@context\":\"https:\/\/schema.org\",\"@graph\":[{\"@type\":\"WebPage\",\"@id\":\"https:\/\/www.alovey.com\/product\/luxury-lipstick-container-with-vertical-stripes-4g\/\",\"url\":\"https:\/\/www.alovey.com\/product\/luxury-lipstick-container-with-vertical-stripes-4g\/\",\"name\":\"Luxury lipstick container with vertical stripes 4g\",\"isPartOf\":{\"@id\":\"https:\/\/www.alovey.com\/#website\"},\"primaryImageOfPage\":{\"@id\":\"https:\/\/www.alovey.com\/product\/luxury-lipstick-container-with-vertical-stripes-4g\/#primaryimage\"},\"image\":{\"@id\":\"https:\/\/www.alovey.com\/product\/luxury-lipstick-container-with-vertical-stripes-4g\/#primaryimage\"},\"thumbnailUrl\":\"https:\/\/www.alovey.com\/wp-content\/uploads\/2025\/08\/Luxury-lipstick-container-with-vertical-stripes-4g-2.jpg\",\"datePublished\":\"2025-08-14T07:13:15+00:00\",\"dateModified\":\"2025-08-14T07:17:38+00:00\",\"description\":\"This luxury lipstick container can elevate your brand with its special-design . The modern vertical stripe pattern and elegant matte finish provide a touch of luxury.\",\"breadcrumb\":{\"@id\":\"https:\/\/www.alovey.com\/product\/luxury-lipstick-container-with-vertical-stripes-4g\/#breadcrumb\"},\"inLanguage\":\"es\",\"potentialAction\":[{\"@type\":\"ReadAction\",\"target\":[\"https:\/\/www.alovey.com\/product\/luxury-lipstick-container-with-vertical-stripes-4g\/\"]}]},{\"@type\":\"ImageObject\",\"inLanguage\":\"es\",\"@id\":\"https:\/\/www.alovey.com\/product\/luxury-lipstick-container-with-vertical-stripes-4g\/#primaryimage\",\"url\":\"https:\/\/www.alovey.com\/wp-content\/uploads\/2025\/08\/Luxury-lipstick-container-with-vertical-stripes-4g-2.jpg\",\"contentUrl\":\"https:\/\/www.alovey.com\/wp-content\/uploads\/2025\/08\/Luxury-lipstick-container-with-vertical-stripes-4g-2.jpg\",\"width\":750,\"height\":750,\"caption\":\"Luxury lipstick container with vertical stripes 4g\"},{\"@type\":\"BreadcrumbList\",\"@id\":\"https:\/\/www.alovey.com\/product\/luxury-lipstick-container-with-vertical-stripes-4g\/#breadcrumb\",\"itemListElement\":[{\"@type\":\"ListItem\",\"position\":1,\"name\":\"\u9996\u9875\",\"item\":\"https:\/\/www.alovey.com\/\"},{\"@type\":\"ListItem\",\"position\":2,\"name\":\"Products\",\"item\":\"https:\/\/www.alovey.com\/products\/\"},{\"@type\":\"ListItem\",\"position\":3,\"name\":\"Luxury lipstick container with vertical stripes 4g\"}]},{\"@type\":\"WebSite\",\"@id\":\"https:\/\/www.alovey.com\/#website\",\"url\":\"https:\/\/www.alovey.com\/\",\"name\":\"Best Cosmetic Packaging Manufacture\",\"description\":\"Alovey Cosmetic Packaging Co.,Ltd\",\"publisher\":{\"@id\":\"https:\/\/www.alovey.com\/#organization\"},\"potentialAction\":[{\"@type\":\"SearchAction\",\"target\":{\"@type\":\"EntryPoint\",\"urlTemplate\":\"https:\/\/www.alovey.com\/?s={search_term_string}\"},\"query-input\":{\"@type\":\"PropertyValueSpecification\",\"valueRequired\":true,\"valueName\":\"search_term_string\"}}],\"inLanguage\":\"es\"},{\"@type\":\"Organization\",\"@id\":\"https:\/\/www.alovey.com\/#organization\",\"name\":\"Best Cosmetic Packaging Manufacture\",\"url\":\"https:\/\/www.alovey.com\/\",\"logo\":{\"@type\":\"ImageObject\",\"inLanguage\":\"es\",\"@id\":\"https:\/\/www.alovey.com\/#\/schema\/logo\/image\/\",\"url\":\"https:\/\/www.alovey.com\/wp-content\/uploads\/2023\/03\/logo.png\",\"contentUrl\":\"https:\/\/www.alovey.com\/wp-content\/uploads\/2023\/03\/logo.png\",\"width\":505,\"height\":180,\"caption\":\"Best  Cosmetic Packaging Manufacture\"},\"image\":{\"@id\":\"https:\/\/www.alovey.com\/#\/schema\/logo\/image\/\"}}]}<\/script>\n<!-- \/ Yoast SEO plugin. -->","yoast_head_json":{"title":"Envase de lujo para pintalabios con rayas verticales 4g","description":"This luxury lipstick container can elevate your brand with its special-design . The modern vertical stripe pattern and elegant matte finish provide a touch of luxury.","robots":{"index":"index","follow":"follow","max-snippet":"max-snippet:-1","max-image-preview":"max-image-preview:large","max-video-preview":"max-video-preview:-1"},"canonical":"https:\/\/www.alovey.com\/es\/producto\/luxury-lipstick-container-with-vertical-stripes-4g\/","og_locale":"es_ES","og_type":"article","og_title":"Luxury lipstick container with vertical stripes 4g","og_description":"This luxury lipstick container can elevate your brand with its special-design . The modern vertical stripe pattern and elegant matte finish provide a touch of luxury.","og_url":"https:\/\/www.alovey.com\/es\/producto\/luxury-lipstick-container-with-vertical-stripes-4g\/","og_site_name":"Best Cosmetic Packaging Manufacture","article_modified_time":"2025-08-14T07:17:38+00:00","og_image":[{"width":750,"height":750,"url":"https:\/\/www.alovey.com\/wp-content\/uploads\/2025\/08\/Luxury-lipstick-container-with-vertical-stripes-4g-2.jpg","type":"image\/jpeg"}],"twitter_card":"summary_large_image","twitter_misc":{"Tiempo de lectura":"2 minutos"},"schema":{"@context":"https:\/\/schema.org","@graph":[{"@type":"WebPage","@id":"https:\/\/www.alovey.com\/product\/luxury-lipstick-container-with-vertical-stripes-4g\/","url":"https:\/\/www.alovey.com\/product\/luxury-lipstick-container-with-vertical-stripes-4g\/","name":"Envase de lujo para pintalabios con rayas verticales 4g","isPartOf":{"@id":"https:\/\/www.alovey.com\/#website"},"primaryImageOfPage":{"@id":"https:\/\/www.alovey.com\/product\/luxury-lipstick-container-with-vertical-stripes-4g\/#primaryimage"},"image":{"@id":"https:\/\/www.alovey.com\/product\/luxury-lipstick-container-with-vertical-stripes-4g\/#primaryimage"},"thumbnailUrl":"https:\/\/www.alovey.com\/wp-content\/uploads\/2025\/08\/Luxury-lipstick-container-with-vertical-stripes-4g-2.jpg","datePublished":"2025-08-14T07:13:15+00:00","dateModified":"2025-08-14T07:17:38+00:00","description":"This luxury lipstick container can elevate your brand with its special-design . The modern vertical stripe pattern and elegant matte finish provide a touch of luxury.","breadcrumb":{"@id":"https:\/\/www.alovey.com\/product\/luxury-lipstick-container-with-vertical-stripes-4g\/#breadcrumb"},"inLanguage":"es","potentialAction":[{"@type":"ReadAction","target":["https:\/\/www.alovey.com\/product\/luxury-lipstick-container-with-vertical-stripes-4g\/"]}]},{"@type":"ImageObject","inLanguage":"es","@id":"https:\/\/www.alovey.com\/product\/luxury-lipstick-container-with-vertical-stripes-4g\/#primaryimage","url":"https:\/\/www.alovey.com\/wp-content\/uploads\/2025\/08\/Luxury-lipstick-container-with-vertical-stripes-4g-2.jpg","contentUrl":"https:\/\/www.alovey.com\/wp-content\/uploads\/2025\/08\/Luxury-lipstick-container-with-vertical-stripes-4g-2.jpg","width":750,"height":750,"caption":"Luxury lipstick container with vertical stripes 4g"},{"@type":"BreadcrumbList","@id":"https:\/\/www.alovey.com\/product\/luxury-lipstick-container-with-vertical-stripes-4g\/#breadcrumb","itemListElement":[{"@type":"ListItem","position":1,"name":"\u9996\u9875","item":"https:\/\/www.alovey.com\/"},{"@type":"ListItem","position":2,"name":"Products","item":"https:\/\/www.alovey.com\/products\/"},{"@type":"ListItem","position":3,"name":"Luxury lipstick container with vertical stripes 4g"}]},{"@type":"WebSite","@id":"https:\/\/www.alovey.com\/#website","url":"https:\/\/www.alovey.com\/","name":"Best Cosmetic Packaging Manufacture","description":"Alovey Cosmetic Packaging S.L.","publisher":{"@id":"https:\/\/www.alovey.com\/#organization"},"potentialAction":[{"@type":"SearchAction","target":{"@type":"EntryPoint","urlTemplate":"https:\/\/www.alovey.com\/?s={search_term_string}"},"query-input":{"@type":"PropertyValueSpecification","valueRequired":true,"valueName":"search_term_string"}}],"inLanguage":"es"},{"@type":"Organization","@id":"https:\/\/www.alovey.com\/#organization","name":"Best Cosmetic Packaging Manufacture","url":"https:\/\/www.alovey.com\/","logo":{"@type":"ImageObject","inLanguage":"es","@id":"https:\/\/www.alovey.com\/#\/schema\/logo\/image\/","url":"https:\/\/www.alovey.com\/wp-content\/uploads\/2023\/03\/logo.png","contentUrl":"https:\/\/www.alovey.com\/wp-content\/uploads\/2023\/03\/logo.png","width":505,"height":180,"caption":"Best  Cosmetic Packaging Manufacture"},"image":{"@id":"https:\/\/www.alovey.com\/#\/schema\/logo\/image\/"}}]}},"_links":{"self":[{"href":"https:\/\/www.alovey.com\/es\/wp-json\/wp\/v2\/product\/11202"}],"collection":[{"href":"https:\/\/www.alovey.com\/es\/wp-json\/wp\/v2\/product"}],"about":[{"href":"https:\/\/www.alovey.com\/es\/wp-json\/wp\/v2\/types\/product"}],"wp:featuredmedia":[{"embeddable":true,"href":"https:\/\/www.alovey.com\/es\/wp-json\/wp\/v2\/media\/11205"}],"wp:attachment":[{"href":"https:\/\/www.alovey.com\/es\/wp-json\/wp\/v2\/media?parent=11202"}],"wp:term":[{"taxonomy":"product_brand","embeddable":true,"href":"https:\/\/www.alovey.com\/es\/wp-json\/wp\/v2\/product_brand?post=11202"},{"taxonomy":"product_cat","embeddable":true,"href":"https:\/\/www.alovey.com\/es\/wp-json\/wp\/v2\/product_cat?post=11202"},{"taxonomy":"product_tag","embeddable":true,"href":"https:\/\/www.alovey.com\/es\/wp-json\/wp\/v2\/product_tag?post=11202"}],"curies":[{"name":"wp","href":"https:\/\/api.w.org\/{rel}","templated":true}]}}