{"id":11015,"date":"2025-07-24T02:10:11","date_gmt":"2025-07-24T02:10:11","guid":{"rendered":"https:\/\/www.alovey.com\/?post_type=product&#038;p=11015"},"modified":"2025-07-24T02:36:55","modified_gmt":"2025-07-24T02:36:55","slug":"hot-sale-petg-traditional-mascara-container","status":"publish","type":"product","link":"https:\/\/www.alovey.com\/es\/producto\/hot-sale-petg-traditional-mascara-container\/","title":{"rendered":"Venta caliente PETG Envase tradicional para m\u00e1scara de pesta\u00f1as"},"content":{"rendered":"<p><strong>This traditional mascara tube, made from high-quality PETG material\u00a0for tube and black ABS for cap, combines classic design\u00a0with excellent chemical resistance and durability.<\/strong><\/p>\n<p><strong>\u00a0Its sleek cylindrical shape and deep black color give it a timeless, professional look\u2014perfect for both established and emerging beauty brands.<\/strong><\/p>\n<p><strong>Material: PETG (durable, glossy, chemical-resistant)<\/strong><\/p>\n<p><strong>Color: Traditional black (custom colors available)<\/strong><\/p>\n<p><strong>Design: Classic straight tube with smooth finish<\/strong><\/p>\n<p><strong>Capacity: Common sizes range from 5ml\u201310ml (customizable)<\/strong><\/p>\n<p><strong>Applicator: Compatible with a wide range of mascara brushes (custom brush available)<\/strong><\/p>\n<p><strong>Use For: Mascara, brow gel, lash treatments<\/strong><\/p>\n<p><strong>Features: Airtight sealing, easy filling, travel-safe<\/strong><\/p>\n<p><strong>Customization: Logo printing, hot stamping, UV coating, matte\/glossy finishes<\/strong><\/p>\n<p><strong>Ideal for cosmetic brands seeking reliable and elegant mascara packaging that ensures product protection and user satisfaction.<\/strong><\/p>\n<p>\u200c<strong>Alovey, como fabricante profesional chino de envases para cosm\u00e9ticos, produce una exquisita gama de envases personalizados para cosm\u00e9ticos, meticulosamente elaborados para elevar su marca. Nuestra variada selecci\u00f3n de materiales de primera calidad, combinada con delicadas t\u00e9cnicas de acabado superficial como la serigraf\u00eda, la estampaci\u00f3n en caliente y la pulverizaci\u00f3n mate, garantiza que cada envase sea una obra maestra \u00fanica.<\/strong><\/p>\n<p><img fetchpriority=\"high\" decoding=\"async\" class=\"size-full wp-image-11022\" src=\"https:\/\/www.alovey.com\/wp-content\/uploads\/2025\/07\/Hot-sale-PETG-Traditional-Mascara-Container-4.jpg\" alt=\"Mascara Container\" width=\"750\" height=\"750\" srcset=\"https:\/\/www.alovey.com\/wp-content\/uploads\/2025\/07\/Hot-sale-PETG-Traditional-Mascara-Container-4.jpg 750w, https:\/\/www.alovey.com\/wp-content\/uploads\/2025\/07\/Hot-sale-PETG-Traditional-Mascara-Container-4-300x300.jpg 300w, https:\/\/www.alovey.com\/wp-content\/uploads\/2025\/07\/Hot-sale-PETG-Traditional-Mascara-Container-4-150x150.jpg 150w, https:\/\/www.alovey.com\/wp-content\/uploads\/2025\/07\/Hot-sale-PETG-Traditional-Mascara-Container-4-600x600.jpg 600w, https:\/\/www.alovey.com\/wp-content\/uploads\/2025\/07\/Hot-sale-PETG-Traditional-Mascara-Container-4-100x100.jpg 100w\" sizes=\"(max-width: 750px) 100vw, 750px\" \/><\/p>\n<p><img decoding=\"async\" class=\"size-full wp-image-11021\" src=\"https:\/\/www.alovey.com\/wp-content\/uploads\/2025\/07\/Hot-sale-PETG-Traditional-Mascara-Container-2.jpg\" alt=\"Mascara Container\" width=\"750\" height=\"750\" srcset=\"https:\/\/www.alovey.com\/wp-content\/uploads\/2025\/07\/Hot-sale-PETG-Traditional-Mascara-Container-2.jpg 750w, https:\/\/www.alovey.com\/wp-content\/uploads\/2025\/07\/Hot-sale-PETG-Traditional-Mascara-Container-2-300x300.jpg 300w, https:\/\/www.alovey.com\/wp-content\/uploads\/2025\/07\/Hot-sale-PETG-Traditional-Mascara-Container-2-150x150.jpg 150w, https:\/\/www.alovey.com\/wp-content\/uploads\/2025\/07\/Hot-sale-PETG-Traditional-Mascara-Container-2-600x600.jpg 600w, https:\/\/www.alovey.com\/wp-content\/uploads\/2025\/07\/Hot-sale-PETG-Traditional-Mascara-Container-2-100x100.jpg 100w\" sizes=\"(max-width: 750px) 100vw, 750px\" \/><\/p>\n<p><img decoding=\"async\" class=\"size-full wp-image-11019\" src=\"https:\/\/www.alovey.com\/wp-content\/uploads\/2025\/07\/Hot-sale-PETG-Traditional-Mascara-Container-7.jpg\" alt=\"Mascara Container\" width=\"750\" height=\"750\" srcset=\"https:\/\/www.alovey.com\/wp-content\/uploads\/2025\/07\/Hot-sale-PETG-Traditional-Mascara-Container-7.jpg 750w, https:\/\/www.alovey.com\/wp-content\/uploads\/2025\/07\/Hot-sale-PETG-Traditional-Mascara-Container-7-300x300.jpg 300w, https:\/\/www.alovey.com\/wp-content\/uploads\/2025\/07\/Hot-sale-PETG-Traditional-Mascara-Container-7-150x150.jpg 150w, https:\/\/www.alovey.com\/wp-content\/uploads\/2025\/07\/Hot-sale-PETG-Traditional-Mascara-Container-7-600x600.jpg 600w, https:\/\/www.alovey.com\/wp-content\/uploads\/2025\/07\/Hot-sale-PETG-Traditional-Mascara-Container-7-100x100.jpg 100w\" sizes=\"(max-width: 750px) 100vw, 750px\" \/><\/p>\n<p><img loading=\"lazy\" decoding=\"async\" class=\"size-full wp-image-11017\" src=\"https:\/\/www.alovey.com\/wp-content\/uploads\/2025\/07\/Hot-sale-PETG-Traditional-Mascara-Container-5.jpg\" alt=\"Mascara Container\" width=\"750\" height=\"750\" srcset=\"https:\/\/www.alovey.com\/wp-content\/uploads\/2025\/07\/Hot-sale-PETG-Traditional-Mascara-Container-5.jpg 750w, https:\/\/www.alovey.com\/wp-content\/uploads\/2025\/07\/Hot-sale-PETG-Traditional-Mascara-Container-5-300x300.jpg 300w, https:\/\/www.alovey.com\/wp-content\/uploads\/2025\/07\/Hot-sale-PETG-Traditional-Mascara-Container-5-150x150.jpg 150w, https:\/\/www.alovey.com\/wp-content\/uploads\/2025\/07\/Hot-sale-PETG-Traditional-Mascara-Container-5-600x600.jpg 600w, https:\/\/www.alovey.com\/wp-content\/uploads\/2025\/07\/Hot-sale-PETG-Traditional-Mascara-Container-5-100x100.jpg 100w\" sizes=\"(max-width: 750px) 100vw, 750px\" \/><\/p>\n<p><img loading=\"lazy\" decoding=\"async\" class=\"size-full wp-image-11018\" src=\"https:\/\/www.alovey.com\/wp-content\/uploads\/2025\/07\/Hot-sale-PETG-Traditional-Mascara-Container-6.jpg\" alt=\"Mascara Container\" width=\"750\" height=\"750\" srcset=\"https:\/\/www.alovey.com\/wp-content\/uploads\/2025\/07\/Hot-sale-PETG-Traditional-Mascara-Container-6.jpg 750w, https:\/\/www.alovey.com\/wp-content\/uploads\/2025\/07\/Hot-sale-PETG-Traditional-Mascara-Container-6-300x300.jpg 300w, https:\/\/www.alovey.com\/wp-content\/uploads\/2025\/07\/Hot-sale-PETG-Traditional-Mascara-Container-6-150x150.jpg 150w, https:\/\/www.alovey.com\/wp-content\/uploads\/2025\/07\/Hot-sale-PETG-Traditional-Mascara-Container-6-600x600.jpg 600w, https:\/\/www.alovey.com\/wp-content\/uploads\/2025\/07\/Hot-sale-PETG-Traditional-Mascara-Container-6-100x100.jpg 100w\" sizes=\"(max-width: 750px) 100vw, 750px\" \/><\/p>\n<p>&nbsp;<\/p>\n<p>&nbsp;<\/p>\n<p>&nbsp;<\/p>\n<p>&nbsp;<\/p>\n<p>&nbsp;<\/p>\n<p>&nbsp;<\/p>\n<p>&nbsp;<\/p>\n<p>&nbsp;<\/p>\n<p>&nbsp;<\/p>\n<p>&nbsp;<\/p>\n<p>&nbsp;<\/p>\n<p>&nbsp;<\/p>\n<p>&nbsp;<\/p>\n<p>&nbsp;<\/p>\n<p>&nbsp;<\/p>\n<p>&nbsp;<\/p>\n<p>&nbsp;<\/p>\n<p>&nbsp;<\/p>\n<p>&nbsp;<\/p>\n<p>&nbsp;<\/p>\n<p>&nbsp;<\/p>\n<p>&nbsp;<\/p>\n<p>&nbsp;<\/p>\n<p>&nbsp;<\/p>\n<p>&nbsp;<\/p>\n<p>&nbsp;<\/p>\n<p>&nbsp;<\/p>\n<p>&nbsp;<\/p>\n<p>&nbsp;<\/p>\n<p>&nbsp;<\/p>\n<p>&nbsp;<\/p>\n<p>&nbsp;<\/p>\n<p>&nbsp;<\/p>\n<p>&nbsp;<\/p>\n<p>&nbsp;<\/p>\n<p>&nbsp;<\/p>\n<p>&nbsp;<\/p>\n<p>&nbsp;<\/p>\n<p>&nbsp;<\/p>\n<p>&nbsp;<\/p>\n<p>&nbsp;<\/p>\n<p>&nbsp;<\/p>\n<p>&nbsp;<\/p>\n<p>&nbsp;<\/p>\n<p>&nbsp;<\/p>\n<p>&nbsp;<\/p>\n<p>&nbsp;<\/p>\n<p>&nbsp;<\/p>\n<p>&nbsp;<\/p>\n<p>&nbsp;<\/p>\n<p>&nbsp;<\/p>\n<p>&nbsp;<\/p>\n<p>&nbsp;<\/p>\n<p>&nbsp;<\/p>\n<p>&nbsp;<\/p>\n<p>&nbsp;<\/p>\n<p>&nbsp;<\/p>\n<p>&nbsp;<\/p>\n<p>&nbsp;<\/p>\n<p>&nbsp;<\/p>\n<p>&nbsp;<\/p>\n<p>&nbsp;<\/p>\n<p>&nbsp;<\/p>\n<p>&nbsp;<\/p>\n<p>&nbsp;<\/p>\n<p>&nbsp;<\/p>\n<p>&nbsp;<\/p>\n<p>&nbsp;<\/p>\n<p>&nbsp;<\/p>\n<p>&nbsp;<\/p>\n<p>&nbsp;<\/p>\n<p>&nbsp;<\/p>\n<p>&nbsp;<\/p>\n<p>&nbsp;<\/p>\n<p>&nbsp;<\/p>\n<p>&nbsp;<\/p>\n<p>&nbsp;<\/p>\n<p>&nbsp;<\/p>\n<p>&nbsp;<\/p>\n<p>&nbsp;<\/p>\n<p>&nbsp;<\/p>\n<p>&nbsp;<\/p>\n<p>&nbsp;<\/p>\n<p>&nbsp;<\/p>\n<p>&nbsp;<\/p>\n<p>&nbsp;<\/p>\n<p>&nbsp;<\/p>\n<p>&nbsp;<\/p>\n<p>&nbsp;<\/p>\n<p>&nbsp;<\/p>\n<p>&nbsp;<\/p>\n<p>&nbsp;<\/p>\n<p>&nbsp;<\/p>\n<p>&nbsp;<\/p>\n<p>&nbsp;<\/p>\n<p>&nbsp;<\/p>\n<p>&nbsp;<\/p>\n<p>&nbsp;<\/p>\n<p>&nbsp;<\/p>\n<p>&nbsp;<\/p>\n<p>&nbsp;<\/p>\n<p>&nbsp;<\/p>\n<p>&nbsp;<\/p>\n<p>&nbsp;<\/p>\n<p>&nbsp;<\/p>\n<p>&nbsp;<\/p>\n<p>&nbsp;<\/p>\n<p>&nbsp;<\/p>\n<p>&nbsp;<\/p>\n<p>&nbsp;<\/p>\n<p>&nbsp;<\/p>\n<p>&nbsp;<\/p>\n<p>&nbsp;<\/p>\n<p>&nbsp;<\/p>\n<p>&nbsp;<\/p>\n<p>&nbsp;<\/p>\n<p>&nbsp;<\/p>\n<p>&nbsp;<\/p>\n<p>&nbsp;<\/p>\n<p>&nbsp;<\/p>\n<p>&nbsp;<\/p>\n<p>&nbsp;<\/p>\n<p>&nbsp;<\/p>\n<p>&nbsp;<\/p>\n<p>&nbsp;<\/p>\n<p>&nbsp;<\/p>\n<p>&nbsp;<\/p>\n<p>&nbsp;<\/p>\n<p>&nbsp;<\/p>\n<p>&nbsp;<\/p>\n<p>&nbsp;<\/p>\n<p>&nbsp;<\/p>\n<p>&nbsp;<\/p>\n<p>&nbsp;<\/p>\n<p>&nbsp;<\/p>\n<p>&nbsp;<\/p>\n<p>&nbsp;<\/p>\n<p>&nbsp;<\/p>\n<p>&nbsp;<\/p>\n<p>&nbsp;<\/p>\n<p>&nbsp;<\/p>\n<p>&nbsp;<\/p>\n<p>&nbsp;<\/p>\n<p>&nbsp;<\/p>\n<p>&nbsp;<\/p>\n<p>&nbsp;<\/p>\n<p>&nbsp;<\/p>\n<p>&nbsp;<\/p>\n<p>&nbsp;<\/p>\n<p>&nbsp;<\/p>\n<p>&nbsp;<\/p>\n<p>&nbsp;<\/p>\n<p>&nbsp;<\/p>\n<p>&nbsp;<\/p>\n<p>&nbsp;<\/p>\n<p>&nbsp;<\/p>\n<p>&nbsp;<\/p>\n<p>&nbsp;<\/p>\n<p>&nbsp;<\/p>\n<p>&nbsp;<\/p>\n<p>&nbsp;<\/p>\n<p>&nbsp;<\/p>\n<p>&nbsp;<\/p>\n<p>&nbsp;<\/p>\n<p>&nbsp;<\/p>\n<p>&nbsp;<\/p>\n<p>&nbsp;<\/p>\n<p>&nbsp;<\/p>\n<p>&nbsp;<\/p>\n<p>&nbsp;<\/p>\n<p>&nbsp;<\/p>\n<p>&nbsp;<\/p>\n<p>&nbsp;<\/p>\n<p>&nbsp;<\/p>\n<p>&nbsp;<\/p>\n<p>&nbsp;<\/p>\n<p>&nbsp;<\/p>\n<p>&nbsp;<\/p>\n<p>&nbsp;<\/p>\n<p>&nbsp;<\/p>\n<p>&nbsp;<\/p>\n<p>&nbsp;<\/p>","protected":false},"excerpt":{"rendered":"<ul>\n<li>Item No: MA-0005A<\/li>\n<li>Material:\u00a0Plastic<\/li>\n<li>Size:D15*H105.5MM<\/li>\n<li>Aplicaciones: Productos de belleza<\/li>\n<li>MOQ: 12.000 piezas<\/li>\n<li>Color: Color personalizado<\/li>\n<li>Surface treatment: Injection\/Matte\/Metalization\/UV coating<\/li>\n<li>Nombre de marca: OEM\/ODM<\/li>\n<li>Logotipo: Logotipo del cliente<\/li>\n<\/ul>","protected":false},"featured_media":11019,"template":"","meta":{"_acf_changed":false},"product_brand":[],"product_cat":[375,376],"product_tag":[391],"class_list":{"0":"post-11015","1":"product","2":"type-product","3":"status-publish","4":"has-post-thumbnail","6":"product_cat-custom-eye-makeup-packaging","7":"product_cat-wholesale-empty-eyelash-tube","8":"product_tag-mascara-tube","10":"first","11":"instock","12":"shipping-taxable","13":"product-type-simple"},"acf":[],"yoast_head":"<!-- This site is optimized with the Yoast SEO plugin v24.1 - https:\/\/yoast.com\/wordpress\/plugins\/seo\/ -->\n<title>Hot sale PETG Traditional Mascara Container<\/title>\n<meta name=\"description\" content=\"This traditional mascara tube, made from high-quality PETG material for tube and black ABS for cap, combines classic design with excellent chemical resistance and durability.\" \/>\n<meta name=\"robots\" content=\"index, follow, max-snippet:-1, max-image-preview:large, max-video-preview:-1\" \/>\n<link rel=\"canonical\" href=\"https:\/\/www.alovey.com\/es\/producto\/hot-sale-petg-traditional-mascara-container\/\" \/>\n<meta property=\"og:locale\" content=\"es_ES\" \/>\n<meta property=\"og:type\" content=\"article\" \/>\n<meta property=\"og:title\" content=\"Hot sale PETG Traditional Mascara Container\" \/>\n<meta property=\"og:description\" content=\"This traditional mascara tube, made from high-quality PETG material for tube and black ABS for cap, combines classic design with excellent chemical resistance and durability.\" \/>\n<meta property=\"og:url\" content=\"https:\/\/www.alovey.com\/es\/producto\/hot-sale-petg-traditional-mascara-container\/\" \/>\n<meta property=\"og:site_name\" content=\"Best Cosmetic Packaging Manufacture\" \/>\n<meta property=\"article:modified_time\" content=\"2025-07-24T02:36:55+00:00\" \/>\n<meta property=\"og:image\" content=\"https:\/\/www.alovey.com\/wp-content\/uploads\/2025\/07\/Hot-sale-PETG-Traditional-Mascara-Container-7.jpg\" \/>\n\t<meta property=\"og:image:width\" content=\"750\" \/>\n\t<meta property=\"og:image:height\" content=\"750\" \/>\n\t<meta property=\"og:image:type\" content=\"image\/jpeg\" \/>\n<meta name=\"twitter:card\" content=\"summary_large_image\" \/>\n<meta name=\"twitter:label1\" content=\"Tiempo de lectura\" \/>\n\t<meta name=\"twitter:data1\" content=\"2 minutos\" \/>\n<script type=\"application\/ld+json\" class=\"yoast-schema-graph\">{\"@context\":\"https:\/\/schema.org\",\"@graph\":[{\"@type\":\"WebPage\",\"@id\":\"https:\/\/www.alovey.com\/product\/hot-sale-petg-traditional-mascara-container\/\",\"url\":\"https:\/\/www.alovey.com\/product\/hot-sale-petg-traditional-mascara-container\/\",\"name\":\"Hot sale PETG Traditional Mascara Container\",\"isPartOf\":{\"@id\":\"https:\/\/www.alovey.com\/#website\"},\"primaryImageOfPage\":{\"@id\":\"https:\/\/www.alovey.com\/product\/hot-sale-petg-traditional-mascara-container\/#primaryimage\"},\"image\":{\"@id\":\"https:\/\/www.alovey.com\/product\/hot-sale-petg-traditional-mascara-container\/#primaryimage\"},\"thumbnailUrl\":\"https:\/\/www.alovey.com\/wp-content\/uploads\/2025\/07\/Hot-sale-PETG-Traditional-Mascara-Container-7.jpg\",\"datePublished\":\"2025-07-24T02:10:11+00:00\",\"dateModified\":\"2025-07-24T02:36:55+00:00\",\"description\":\"This traditional mascara tube, made from high-quality PETG material for tube and black ABS for cap, combines classic design with excellent chemical resistance and durability.\",\"breadcrumb\":{\"@id\":\"https:\/\/www.alovey.com\/product\/hot-sale-petg-traditional-mascara-container\/#breadcrumb\"},\"inLanguage\":\"es\",\"potentialAction\":[{\"@type\":\"ReadAction\",\"target\":[\"https:\/\/www.alovey.com\/product\/hot-sale-petg-traditional-mascara-container\/\"]}]},{\"@type\":\"ImageObject\",\"inLanguage\":\"es\",\"@id\":\"https:\/\/www.alovey.com\/product\/hot-sale-petg-traditional-mascara-container\/#primaryimage\",\"url\":\"https:\/\/www.alovey.com\/wp-content\/uploads\/2025\/07\/Hot-sale-PETG-Traditional-Mascara-Container-7.jpg\",\"contentUrl\":\"https:\/\/www.alovey.com\/wp-content\/uploads\/2025\/07\/Hot-sale-PETG-Traditional-Mascara-Container-7.jpg\",\"width\":750,\"height\":750,\"caption\":\"Hot sale PETG Traditional Mascara Container\"},{\"@type\":\"BreadcrumbList\",\"@id\":\"https:\/\/www.alovey.com\/product\/hot-sale-petg-traditional-mascara-container\/#breadcrumb\",\"itemListElement\":[{\"@type\":\"ListItem\",\"position\":1,\"name\":\"\u9996\u9875\",\"item\":\"https:\/\/www.alovey.com\/\"},{\"@type\":\"ListItem\",\"position\":2,\"name\":\"Products\",\"item\":\"https:\/\/www.alovey.com\/products\/\"},{\"@type\":\"ListItem\",\"position\":3,\"name\":\"Hot sale PETG Traditional Mascara Container\"}]},{\"@type\":\"WebSite\",\"@id\":\"https:\/\/www.alovey.com\/#website\",\"url\":\"https:\/\/www.alovey.com\/\",\"name\":\"Best Cosmetic Packaging Manufacture\",\"description\":\"Alovey Cosmetic Packaging Co.,Ltd\",\"publisher\":{\"@id\":\"https:\/\/www.alovey.com\/#organization\"},\"potentialAction\":[{\"@type\":\"SearchAction\",\"target\":{\"@type\":\"EntryPoint\",\"urlTemplate\":\"https:\/\/www.alovey.com\/?s={search_term_string}\"},\"query-input\":{\"@type\":\"PropertyValueSpecification\",\"valueRequired\":true,\"valueName\":\"search_term_string\"}}],\"inLanguage\":\"es\"},{\"@type\":\"Organization\",\"@id\":\"https:\/\/www.alovey.com\/#organization\",\"name\":\"Best Cosmetic Packaging Manufacture\",\"url\":\"https:\/\/www.alovey.com\/\",\"logo\":{\"@type\":\"ImageObject\",\"inLanguage\":\"es\",\"@id\":\"https:\/\/www.alovey.com\/#\/schema\/logo\/image\/\",\"url\":\"https:\/\/www.alovey.com\/wp-content\/uploads\/2023\/03\/logo.png\",\"contentUrl\":\"https:\/\/www.alovey.com\/wp-content\/uploads\/2023\/03\/logo.png\",\"width\":505,\"height\":180,\"caption\":\"Best  Cosmetic Packaging Manufacture\"},\"image\":{\"@id\":\"https:\/\/www.alovey.com\/#\/schema\/logo\/image\/\"}}]}<\/script>\n<!-- \/ Yoast SEO plugin. -->","yoast_head_json":{"title":"Hot sale PETG Traditional Mascara Container","description":"This traditional mascara tube, made from high-quality PETG material for tube and black ABS for cap, combines classic design with excellent chemical resistance and durability.","robots":{"index":"index","follow":"follow","max-snippet":"max-snippet:-1","max-image-preview":"max-image-preview:large","max-video-preview":"max-video-preview:-1"},"canonical":"https:\/\/www.alovey.com\/es\/producto\/hot-sale-petg-traditional-mascara-container\/","og_locale":"es_ES","og_type":"article","og_title":"Hot sale PETG Traditional Mascara Container","og_description":"This traditional mascara tube, made from high-quality PETG material for tube and black ABS for cap, combines classic design with excellent chemical resistance and durability.","og_url":"https:\/\/www.alovey.com\/es\/producto\/hot-sale-petg-traditional-mascara-container\/","og_site_name":"Best Cosmetic Packaging Manufacture","article_modified_time":"2025-07-24T02:36:55+00:00","og_image":[{"width":750,"height":750,"url":"https:\/\/www.alovey.com\/wp-content\/uploads\/2025\/07\/Hot-sale-PETG-Traditional-Mascara-Container-7.jpg","type":"image\/jpeg"}],"twitter_card":"summary_large_image","twitter_misc":{"Tiempo de lectura":"2 minutos"},"schema":{"@context":"https:\/\/schema.org","@graph":[{"@type":"WebPage","@id":"https:\/\/www.alovey.com\/product\/hot-sale-petg-traditional-mascara-container\/","url":"https:\/\/www.alovey.com\/product\/hot-sale-petg-traditional-mascara-container\/","name":"Hot sale PETG Traditional Mascara Container","isPartOf":{"@id":"https:\/\/www.alovey.com\/#website"},"primaryImageOfPage":{"@id":"https:\/\/www.alovey.com\/product\/hot-sale-petg-traditional-mascara-container\/#primaryimage"},"image":{"@id":"https:\/\/www.alovey.com\/product\/hot-sale-petg-traditional-mascara-container\/#primaryimage"},"thumbnailUrl":"https:\/\/www.alovey.com\/wp-content\/uploads\/2025\/07\/Hot-sale-PETG-Traditional-Mascara-Container-7.jpg","datePublished":"2025-07-24T02:10:11+00:00","dateModified":"2025-07-24T02:36:55+00:00","description":"This traditional mascara tube, made from high-quality PETG material for tube and black ABS for cap, combines classic design with excellent chemical resistance and durability.","breadcrumb":{"@id":"https:\/\/www.alovey.com\/product\/hot-sale-petg-traditional-mascara-container\/#breadcrumb"},"inLanguage":"es","potentialAction":[{"@type":"ReadAction","target":["https:\/\/www.alovey.com\/product\/hot-sale-petg-traditional-mascara-container\/"]}]},{"@type":"ImageObject","inLanguage":"es","@id":"https:\/\/www.alovey.com\/product\/hot-sale-petg-traditional-mascara-container\/#primaryimage","url":"https:\/\/www.alovey.com\/wp-content\/uploads\/2025\/07\/Hot-sale-PETG-Traditional-Mascara-Container-7.jpg","contentUrl":"https:\/\/www.alovey.com\/wp-content\/uploads\/2025\/07\/Hot-sale-PETG-Traditional-Mascara-Container-7.jpg","width":750,"height":750,"caption":"Hot sale PETG Traditional Mascara Container"},{"@type":"BreadcrumbList","@id":"https:\/\/www.alovey.com\/product\/hot-sale-petg-traditional-mascara-container\/#breadcrumb","itemListElement":[{"@type":"ListItem","position":1,"name":"\u9996\u9875","item":"https:\/\/www.alovey.com\/"},{"@type":"ListItem","position":2,"name":"Products","item":"https:\/\/www.alovey.com\/products\/"},{"@type":"ListItem","position":3,"name":"Hot sale PETG Traditional Mascara Container"}]},{"@type":"WebSite","@id":"https:\/\/www.alovey.com\/#website","url":"https:\/\/www.alovey.com\/","name":"Best Cosmetic Packaging Manufacture","description":"Alovey Cosmetic Packaging S.L.","publisher":{"@id":"https:\/\/www.alovey.com\/#organization"},"potentialAction":[{"@type":"SearchAction","target":{"@type":"EntryPoint","urlTemplate":"https:\/\/www.alovey.com\/?s={search_term_string}"},"query-input":{"@type":"PropertyValueSpecification","valueRequired":true,"valueName":"search_term_string"}}],"inLanguage":"es"},{"@type":"Organization","@id":"https:\/\/www.alovey.com\/#organization","name":"Best Cosmetic Packaging Manufacture","url":"https:\/\/www.alovey.com\/","logo":{"@type":"ImageObject","inLanguage":"es","@id":"https:\/\/www.alovey.com\/#\/schema\/logo\/image\/","url":"https:\/\/www.alovey.com\/wp-content\/uploads\/2023\/03\/logo.png","contentUrl":"https:\/\/www.alovey.com\/wp-content\/uploads\/2023\/03\/logo.png","width":505,"height":180,"caption":"Best  Cosmetic Packaging Manufacture"},"image":{"@id":"https:\/\/www.alovey.com\/#\/schema\/logo\/image\/"}}]}},"_links":{"self":[{"href":"https:\/\/www.alovey.com\/es\/wp-json\/wp\/v2\/product\/11015"}],"collection":[{"href":"https:\/\/www.alovey.com\/es\/wp-json\/wp\/v2\/product"}],"about":[{"href":"https:\/\/www.alovey.com\/es\/wp-json\/wp\/v2\/types\/product"}],"wp:featuredmedia":[{"embeddable":true,"href":"https:\/\/www.alovey.com\/es\/wp-json\/wp\/v2\/media\/11019"}],"wp:attachment":[{"href":"https:\/\/www.alovey.com\/es\/wp-json\/wp\/v2\/media?parent=11015"}],"wp:term":[{"taxonomy":"product_brand","embeddable":true,"href":"https:\/\/www.alovey.com\/es\/wp-json\/wp\/v2\/product_brand?post=11015"},{"taxonomy":"product_cat","embeddable":true,"href":"https:\/\/www.alovey.com\/es\/wp-json\/wp\/v2\/product_cat?post=11015"},{"taxonomy":"product_tag","embeddable":true,"href":"https:\/\/www.alovey.com\/es\/wp-json\/wp\/v2\/product_tag?post=11015"}],"curies":[{"name":"wp","href":"https:\/\/api.w.org\/{rel}","templated":true}]}}