{"id":11006,"date":"2025-07-24T01:54:30","date_gmt":"2025-07-24T01:54:30","guid":{"rendered":"https:\/\/www.alovey.com\/?post_type=product&#038;p=11006"},"modified":"2025-07-24T02:00:34","modified_gmt":"2025-07-24T02:00:34","slug":"wholesale-unique-slim-lipbalm-packaging","status":"publish","type":"product","link":"https:\/\/www.alovey.com\/es\/producto\/wholesale-unique-slim-lipbalm-packaging\/","title":{"rendered":"Venta al por mayor de envases de b\u00e1lsamo labial"},"content":{"rendered":"<p><strong>Stand out on the shelf with this unique slim lip balm tube\u00a0inspired by a cigarette silhouette.<\/strong><\/p>\n<p><strong>With its sleek pearl white finish\u00a0and elegant slim design , this cosmetic \u00a0container is a fresh take on lip balm and slim lipstick packaging. The compact and lightweight design makes it ideal for pocket-size beauty essentials and minimalist cosmetic lines.<\/strong><\/p>\n<p><strong>Shape: Slim cigarette-inspired design<\/strong><\/p>\n<p><strong>Color: Elegant pearl white (custom colors available)<\/strong><\/p>\n<p><strong>Surface Finish: Smooth, satin pearl effect<\/strong><\/p>\n<p><strong>Use For: Lip balm, slim lipstick, lip treatments, or color sticks<\/strong><\/p>\n<p><strong>Features: Twist-up bottom, portable, stylish and modern<\/strong><\/p>\n<p><strong>Customization: Logo printing, hot stamping, or full-body labeling available<\/strong><\/p>\n<p><strong>This unique lip balm packaging\u00a0is perfect for brands looking to create a trendy, fashion-forward impression while keeping the product practical and travel-friendly.<\/strong><\/p>\n<p><strong>Alovey, como fabricante profesional chino de envases para cosm\u00e9ticos, produce una exquisita gama de envases personalizados para cosm\u00e9ticos, meticulosamente elaborados para elevar su marca. Nuestra variada selecci\u00f3n de materiales de primera calidad, combinada con delicadas t\u00e9cnicas de acabado superficial como la serigraf\u00eda, la estampaci\u00f3n en caliente y la pulverizaci\u00f3n mate, garantiza que cada envase sea una obra maestra \u00fanica.<\/strong><\/p>\n<p><img fetchpriority=\"high\" decoding=\"async\" class=\"size-full wp-image-11011\" src=\"https:\/\/www.alovey.com\/wp-content\/uploads\/2025\/07\/Wholesale-Unique-Slim-Lipbalm-Packaging-2.jpg\" alt=\"Unique Slim Lipbalm Packaging\" width=\"750\" height=\"750\" srcset=\"https:\/\/www.alovey.com\/wp-content\/uploads\/2025\/07\/Wholesale-Unique-Slim-Lipbalm-Packaging-2.jpg 750w, https:\/\/www.alovey.com\/wp-content\/uploads\/2025\/07\/Wholesale-Unique-Slim-Lipbalm-Packaging-2-300x300.jpg 300w, https:\/\/www.alovey.com\/wp-content\/uploads\/2025\/07\/Wholesale-Unique-Slim-Lipbalm-Packaging-2-150x150.jpg 150w, https:\/\/www.alovey.com\/wp-content\/uploads\/2025\/07\/Wholesale-Unique-Slim-Lipbalm-Packaging-2-600x600.jpg 600w, https:\/\/www.alovey.com\/wp-content\/uploads\/2025\/07\/Wholesale-Unique-Slim-Lipbalm-Packaging-2-100x100.jpg 100w\" sizes=\"(max-width: 750px) 100vw, 750px\" \/><\/p>\n<p><img decoding=\"async\" class=\"size-full wp-image-11010\" src=\"https:\/\/www.alovey.com\/wp-content\/uploads\/2025\/07\/Wholesale-Unique-Slim-Lipbalm-Packaging-7.jpg\" alt=\"Unique Slim Lipbalm Packaging\" width=\"750\" height=\"750\" srcset=\"https:\/\/www.alovey.com\/wp-content\/uploads\/2025\/07\/Wholesale-Unique-Slim-Lipbalm-Packaging-7.jpg 750w, https:\/\/www.alovey.com\/wp-content\/uploads\/2025\/07\/Wholesale-Unique-Slim-Lipbalm-Packaging-7-300x300.jpg 300w, https:\/\/www.alovey.com\/wp-content\/uploads\/2025\/07\/Wholesale-Unique-Slim-Lipbalm-Packaging-7-150x150.jpg 150w, https:\/\/www.alovey.com\/wp-content\/uploads\/2025\/07\/Wholesale-Unique-Slim-Lipbalm-Packaging-7-600x600.jpg 600w, https:\/\/www.alovey.com\/wp-content\/uploads\/2025\/07\/Wholesale-Unique-Slim-Lipbalm-Packaging-7-100x100.jpg 100w\" sizes=\"(max-width: 750px) 100vw, 750px\" \/><\/p>\n<p><img decoding=\"async\" class=\"size-full wp-image-11008\" src=\"https:\/\/www.alovey.com\/wp-content\/uploads\/2025\/07\/Wholesale-Unique-Slim-Lipbalm-Packaging-5.jpg\" alt=\"Unique Slim Lipbalm Packaging\" width=\"750\" height=\"750\" srcset=\"https:\/\/www.alovey.com\/wp-content\/uploads\/2025\/07\/Wholesale-Unique-Slim-Lipbalm-Packaging-5.jpg 750w, https:\/\/www.alovey.com\/wp-content\/uploads\/2025\/07\/Wholesale-Unique-Slim-Lipbalm-Packaging-5-300x300.jpg 300w, https:\/\/www.alovey.com\/wp-content\/uploads\/2025\/07\/Wholesale-Unique-Slim-Lipbalm-Packaging-5-150x150.jpg 150w, https:\/\/www.alovey.com\/wp-content\/uploads\/2025\/07\/Wholesale-Unique-Slim-Lipbalm-Packaging-5-600x600.jpg 600w, https:\/\/www.alovey.com\/wp-content\/uploads\/2025\/07\/Wholesale-Unique-Slim-Lipbalm-Packaging-5-100x100.jpg 100w\" sizes=\"(max-width: 750px) 100vw, 750px\" \/><\/p>\n<p><img loading=\"lazy\" decoding=\"async\" class=\"size-full wp-image-11007\" src=\"https:\/\/www.alovey.com\/wp-content\/uploads\/2025\/07\/Wholesale-Unique-Slim-Lipbalm-Packaging-4.jpg\" alt=\"Unique Slim Lipbalm Packaging\" width=\"750\" height=\"750\" srcset=\"https:\/\/www.alovey.com\/wp-content\/uploads\/2025\/07\/Wholesale-Unique-Slim-Lipbalm-Packaging-4.jpg 750w, https:\/\/www.alovey.com\/wp-content\/uploads\/2025\/07\/Wholesale-Unique-Slim-Lipbalm-Packaging-4-300x300.jpg 300w, https:\/\/www.alovey.com\/wp-content\/uploads\/2025\/07\/Wholesale-Unique-Slim-Lipbalm-Packaging-4-150x150.jpg 150w, https:\/\/www.alovey.com\/wp-content\/uploads\/2025\/07\/Wholesale-Unique-Slim-Lipbalm-Packaging-4-600x600.jpg 600w, https:\/\/www.alovey.com\/wp-content\/uploads\/2025\/07\/Wholesale-Unique-Slim-Lipbalm-Packaging-4-100x100.jpg 100w\" sizes=\"(max-width: 750px) 100vw, 750px\" \/><\/p>\n<p><img loading=\"lazy\" decoding=\"async\" class=\"size-full wp-image-11012\" src=\"https:\/\/www.alovey.com\/wp-content\/uploads\/2025\/07\/Wholesale-Unique-Slim-Lipbalm-Packaging-3.jpg\" alt=\"Unique Slim Lipbalm Packaging\" width=\"750\" height=\"750\" srcset=\"https:\/\/www.alovey.com\/wp-content\/uploads\/2025\/07\/Wholesale-Unique-Slim-Lipbalm-Packaging-3.jpg 750w, https:\/\/www.alovey.com\/wp-content\/uploads\/2025\/07\/Wholesale-Unique-Slim-Lipbalm-Packaging-3-300x300.jpg 300w, https:\/\/www.alovey.com\/wp-content\/uploads\/2025\/07\/Wholesale-Unique-Slim-Lipbalm-Packaging-3-150x150.jpg 150w, https:\/\/www.alovey.com\/wp-content\/uploads\/2025\/07\/Wholesale-Unique-Slim-Lipbalm-Packaging-3-600x600.jpg 600w, https:\/\/www.alovey.com\/wp-content\/uploads\/2025\/07\/Wholesale-Unique-Slim-Lipbalm-Packaging-3-100x100.jpg 100w\" sizes=\"(max-width: 750px) 100vw, 750px\" \/><\/p>\n<p><img loading=\"lazy\" decoding=\"async\" class=\"size-full wp-image-11009\" src=\"https:\/\/www.alovey.com\/wp-content\/uploads\/2025\/07\/Wholesale-Unique-Slim-Lipbalm-Packaging-6.jpg\" alt=\"Unique Slim Lipbalm Packaging\" width=\"630\" height=\"630\" srcset=\"https:\/\/www.alovey.com\/wp-content\/uploads\/2025\/07\/Wholesale-Unique-Slim-Lipbalm-Packaging-6.jpg 630w, https:\/\/www.alovey.com\/wp-content\/uploads\/2025\/07\/Wholesale-Unique-Slim-Lipbalm-Packaging-6-300x300.jpg 300w, https:\/\/www.alovey.com\/wp-content\/uploads\/2025\/07\/Wholesale-Unique-Slim-Lipbalm-Packaging-6-150x150.jpg 150w, https:\/\/www.alovey.com\/wp-content\/uploads\/2025\/07\/Wholesale-Unique-Slim-Lipbalm-Packaging-6-600x600.jpg 600w, https:\/\/www.alovey.com\/wp-content\/uploads\/2025\/07\/Wholesale-Unique-Slim-Lipbalm-Packaging-6-100x100.jpg 100w\" sizes=\"(max-width: 630px) 100vw, 630px\" \/><\/p>\n<p>&nbsp;<\/p>\n<p>&nbsp;<\/p>\n<p>&nbsp;<\/p>\n<p>&nbsp;<\/p>\n<p>&nbsp;<\/p>\n<p>&nbsp;<\/p>\n<p>&nbsp;<\/p>\n<p>&nbsp;<\/p>\n<p>&nbsp;<\/p>\n<p>&nbsp;<\/p>\n<p>&nbsp;<\/p>\n<p>&nbsp;<\/p>\n<p>&nbsp;<\/p>\n<p>&nbsp;<\/p>\n<p>&nbsp;<\/p>\n<p>&nbsp;<\/p>\n<p>&nbsp;<\/p>\n<p>&nbsp;<\/p>\n<p>&nbsp;<\/p>\n<p>&nbsp;<\/p>\n<p>&nbsp;<\/p>\n<p>&nbsp;<\/p>\n<p>&nbsp;<\/p>\n<p>&nbsp;<\/p>\n<p>&nbsp;<\/p>","protected":false},"excerpt":{"rendered":"<ul>\n<li>Item No:LS-X011A<\/li>\n<li>Material:\u00a0Plastic<\/li>\n<li>Size:D11*H80MM<\/li>\n<li>Aplicaciones: Productos de belleza<\/li>\n<li>MOQ: 12.000 piezas<\/li>\n<li>Color: Color personalizado<\/li>\n<li>Surface treatment: Injection\/Matte\/Metalization\/UV coating<\/li>\n<li>Nombre de marca: OEM\/ODM<\/li>\n<li>Logotipo: Logotipo del cliente<\/li>\n<li>Capacidad de suministro: 100.000 piezas al mes<\/li>\n<\/ul>\n<p>&nbsp;<\/p>","protected":false},"featured_media":11010,"template":"","meta":{"_acf_changed":false},"product_brand":[],"product_cat":[374],"product_tag":[384],"class_list":{"0":"post-11006","1":"product","2":"type-product","3":"status-publish","4":"has-post-thumbnail","6":"product_cat-china-professional-lip-balm-tube-manufacture","7":"product_tag-lip-balm-tube","9":"first","10":"instock","11":"shipping-taxable","12":"product-type-simple"},"acf":[],"yoast_head":"<!-- This site is optimized with the Yoast SEO plugin v24.1 - https:\/\/yoast.com\/wordpress\/plugins\/seo\/ -->\n<title>Wholesale Unique Slim Lipbalm Packaging<\/title>\n<meta name=\"description\" content=\"Stand out on the shelf with this unique slim lip balm tube inspired by a cigarette silhouette.\" \/>\n<meta name=\"robots\" content=\"index, follow, max-snippet:-1, max-image-preview:large, max-video-preview:-1\" \/>\n<link rel=\"canonical\" href=\"https:\/\/www.alovey.com\/es\/producto\/wholesale-unique-slim-lipbalm-packaging\/\" \/>\n<meta property=\"og:locale\" content=\"es_ES\" \/>\n<meta property=\"og:type\" content=\"article\" \/>\n<meta property=\"og:title\" content=\"Wholesale Unique Slim Lipbalm Packaging\" \/>\n<meta property=\"og:description\" content=\"Stand out on the shelf with this unique slim lip balm tube inspired by a cigarette silhouette.\" \/>\n<meta property=\"og:url\" content=\"https:\/\/www.alovey.com\/es\/producto\/wholesale-unique-slim-lipbalm-packaging\/\" \/>\n<meta property=\"og:site_name\" content=\"Best Cosmetic Packaging Manufacture\" \/>\n<meta property=\"article:modified_time\" content=\"2025-07-24T02:00:34+00:00\" \/>\n<meta property=\"og:image\" content=\"https:\/\/www.alovey.com\/wp-content\/uploads\/2025\/07\/Wholesale-Unique-Slim-Lipbalm-Packaging-7.jpg\" \/>\n\t<meta property=\"og:image:width\" content=\"750\" \/>\n\t<meta property=\"og:image:height\" content=\"750\" \/>\n\t<meta property=\"og:image:type\" content=\"image\/jpeg\" \/>\n<meta name=\"twitter:card\" content=\"summary_large_image\" \/>\n<meta name=\"twitter:label1\" content=\"Tiempo de lectura\" \/>\n\t<meta name=\"twitter:data1\" content=\"3 minutos\" \/>\n<script type=\"application\/ld+json\" class=\"yoast-schema-graph\">{\"@context\":\"https:\/\/schema.org\",\"@graph\":[{\"@type\":\"WebPage\",\"@id\":\"https:\/\/www.alovey.com\/product\/wholesale-unique-slim-lipbalm-packaging\/\",\"url\":\"https:\/\/www.alovey.com\/product\/wholesale-unique-slim-lipbalm-packaging\/\",\"name\":\"Wholesale Unique Slim Lipbalm Packaging\",\"isPartOf\":{\"@id\":\"https:\/\/www.alovey.com\/#website\"},\"primaryImageOfPage\":{\"@id\":\"https:\/\/www.alovey.com\/product\/wholesale-unique-slim-lipbalm-packaging\/#primaryimage\"},\"image\":{\"@id\":\"https:\/\/www.alovey.com\/product\/wholesale-unique-slim-lipbalm-packaging\/#primaryimage\"},\"thumbnailUrl\":\"https:\/\/www.alovey.com\/wp-content\/uploads\/2025\/07\/Wholesale-Unique-Slim-Lipbalm-Packaging-7.jpg\",\"datePublished\":\"2025-07-24T01:54:30+00:00\",\"dateModified\":\"2025-07-24T02:00:34+00:00\",\"description\":\"Stand out on the shelf with this unique slim lip balm tube inspired by a cigarette silhouette.\",\"breadcrumb\":{\"@id\":\"https:\/\/www.alovey.com\/product\/wholesale-unique-slim-lipbalm-packaging\/#breadcrumb\"},\"inLanguage\":\"es\",\"potentialAction\":[{\"@type\":\"ReadAction\",\"target\":[\"https:\/\/www.alovey.com\/product\/wholesale-unique-slim-lipbalm-packaging\/\"]}]},{\"@type\":\"ImageObject\",\"inLanguage\":\"es\",\"@id\":\"https:\/\/www.alovey.com\/product\/wholesale-unique-slim-lipbalm-packaging\/#primaryimage\",\"url\":\"https:\/\/www.alovey.com\/wp-content\/uploads\/2025\/07\/Wholesale-Unique-Slim-Lipbalm-Packaging-7.jpg\",\"contentUrl\":\"https:\/\/www.alovey.com\/wp-content\/uploads\/2025\/07\/Wholesale-Unique-Slim-Lipbalm-Packaging-7.jpg\",\"width\":750,\"height\":750,\"caption\":\"Unique Slim Lipbalm Packaging\"},{\"@type\":\"BreadcrumbList\",\"@id\":\"https:\/\/www.alovey.com\/product\/wholesale-unique-slim-lipbalm-packaging\/#breadcrumb\",\"itemListElement\":[{\"@type\":\"ListItem\",\"position\":1,\"name\":\"\u9996\u9875\",\"item\":\"https:\/\/www.alovey.com\/\"},{\"@type\":\"ListItem\",\"position\":2,\"name\":\"Products\",\"item\":\"https:\/\/www.alovey.com\/products\/\"},{\"@type\":\"ListItem\",\"position\":3,\"name\":\"Wholesale Unique Slim Lipbalm Packaging\"}]},{\"@type\":\"WebSite\",\"@id\":\"https:\/\/www.alovey.com\/#website\",\"url\":\"https:\/\/www.alovey.com\/\",\"name\":\"Best Cosmetic Packaging Manufacture\",\"description\":\"Alovey Cosmetic Packaging Co.,Ltd\",\"publisher\":{\"@id\":\"https:\/\/www.alovey.com\/#organization\"},\"potentialAction\":[{\"@type\":\"SearchAction\",\"target\":{\"@type\":\"EntryPoint\",\"urlTemplate\":\"https:\/\/www.alovey.com\/?s={search_term_string}\"},\"query-input\":{\"@type\":\"PropertyValueSpecification\",\"valueRequired\":true,\"valueName\":\"search_term_string\"}}],\"inLanguage\":\"es\"},{\"@type\":\"Organization\",\"@id\":\"https:\/\/www.alovey.com\/#organization\",\"name\":\"Best Cosmetic Packaging Manufacture\",\"url\":\"https:\/\/www.alovey.com\/\",\"logo\":{\"@type\":\"ImageObject\",\"inLanguage\":\"es\",\"@id\":\"https:\/\/www.alovey.com\/#\/schema\/logo\/image\/\",\"url\":\"https:\/\/www.alovey.com\/wp-content\/uploads\/2023\/03\/logo.png\",\"contentUrl\":\"https:\/\/www.alovey.com\/wp-content\/uploads\/2023\/03\/logo.png\",\"width\":505,\"height\":180,\"caption\":\"Best  Cosmetic Packaging Manufacture\"},\"image\":{\"@id\":\"https:\/\/www.alovey.com\/#\/schema\/logo\/image\/\"}}]}<\/script>\n<!-- \/ Yoast SEO plugin. -->","yoast_head_json":{"title":"Venta al por mayor de envases de b\u00e1lsamo labial","description":"Stand out on the shelf with this unique slim lip balm tube inspired by a cigarette silhouette.","robots":{"index":"index","follow":"follow","max-snippet":"max-snippet:-1","max-image-preview":"max-image-preview:large","max-video-preview":"max-video-preview:-1"},"canonical":"https:\/\/www.alovey.com\/es\/producto\/wholesale-unique-slim-lipbalm-packaging\/","og_locale":"es_ES","og_type":"article","og_title":"Wholesale Unique Slim Lipbalm Packaging","og_description":"Stand out on the shelf with this unique slim lip balm tube inspired by a cigarette silhouette.","og_url":"https:\/\/www.alovey.com\/es\/producto\/wholesale-unique-slim-lipbalm-packaging\/","og_site_name":"Best Cosmetic Packaging Manufacture","article_modified_time":"2025-07-24T02:00:34+00:00","og_image":[{"width":750,"height":750,"url":"https:\/\/www.alovey.com\/wp-content\/uploads\/2025\/07\/Wholesale-Unique-Slim-Lipbalm-Packaging-7.jpg","type":"image\/jpeg"}],"twitter_card":"summary_large_image","twitter_misc":{"Tiempo de lectura":"3 minutos"},"schema":{"@context":"https:\/\/schema.org","@graph":[{"@type":"WebPage","@id":"https:\/\/www.alovey.com\/product\/wholesale-unique-slim-lipbalm-packaging\/","url":"https:\/\/www.alovey.com\/product\/wholesale-unique-slim-lipbalm-packaging\/","name":"Venta al por mayor de envases de b\u00e1lsamo labial","isPartOf":{"@id":"https:\/\/www.alovey.com\/#website"},"primaryImageOfPage":{"@id":"https:\/\/www.alovey.com\/product\/wholesale-unique-slim-lipbalm-packaging\/#primaryimage"},"image":{"@id":"https:\/\/www.alovey.com\/product\/wholesale-unique-slim-lipbalm-packaging\/#primaryimage"},"thumbnailUrl":"https:\/\/www.alovey.com\/wp-content\/uploads\/2025\/07\/Wholesale-Unique-Slim-Lipbalm-Packaging-7.jpg","datePublished":"2025-07-24T01:54:30+00:00","dateModified":"2025-07-24T02:00:34+00:00","description":"Stand out on the shelf with this unique slim lip balm tube inspired by a cigarette silhouette.","breadcrumb":{"@id":"https:\/\/www.alovey.com\/product\/wholesale-unique-slim-lipbalm-packaging\/#breadcrumb"},"inLanguage":"es","potentialAction":[{"@type":"ReadAction","target":["https:\/\/www.alovey.com\/product\/wholesale-unique-slim-lipbalm-packaging\/"]}]},{"@type":"ImageObject","inLanguage":"es","@id":"https:\/\/www.alovey.com\/product\/wholesale-unique-slim-lipbalm-packaging\/#primaryimage","url":"https:\/\/www.alovey.com\/wp-content\/uploads\/2025\/07\/Wholesale-Unique-Slim-Lipbalm-Packaging-7.jpg","contentUrl":"https:\/\/www.alovey.com\/wp-content\/uploads\/2025\/07\/Wholesale-Unique-Slim-Lipbalm-Packaging-7.jpg","width":750,"height":750,"caption":"Unique Slim Lipbalm Packaging"},{"@type":"BreadcrumbList","@id":"https:\/\/www.alovey.com\/product\/wholesale-unique-slim-lipbalm-packaging\/#breadcrumb","itemListElement":[{"@type":"ListItem","position":1,"name":"\u9996\u9875","item":"https:\/\/www.alovey.com\/"},{"@type":"ListItem","position":2,"name":"Products","item":"https:\/\/www.alovey.com\/products\/"},{"@type":"ListItem","position":3,"name":"Wholesale Unique Slim Lipbalm Packaging"}]},{"@type":"WebSite","@id":"https:\/\/www.alovey.com\/#website","url":"https:\/\/www.alovey.com\/","name":"Best Cosmetic Packaging Manufacture","description":"Alovey Cosmetic Packaging S.L.","publisher":{"@id":"https:\/\/www.alovey.com\/#organization"},"potentialAction":[{"@type":"SearchAction","target":{"@type":"EntryPoint","urlTemplate":"https:\/\/www.alovey.com\/?s={search_term_string}"},"query-input":{"@type":"PropertyValueSpecification","valueRequired":true,"valueName":"search_term_string"}}],"inLanguage":"es"},{"@type":"Organization","@id":"https:\/\/www.alovey.com\/#organization","name":"Best Cosmetic Packaging Manufacture","url":"https:\/\/www.alovey.com\/","logo":{"@type":"ImageObject","inLanguage":"es","@id":"https:\/\/www.alovey.com\/#\/schema\/logo\/image\/","url":"https:\/\/www.alovey.com\/wp-content\/uploads\/2023\/03\/logo.png","contentUrl":"https:\/\/www.alovey.com\/wp-content\/uploads\/2023\/03\/logo.png","width":505,"height":180,"caption":"Best  Cosmetic Packaging Manufacture"},"image":{"@id":"https:\/\/www.alovey.com\/#\/schema\/logo\/image\/"}}]}},"_links":{"self":[{"href":"https:\/\/www.alovey.com\/es\/wp-json\/wp\/v2\/product\/11006"}],"collection":[{"href":"https:\/\/www.alovey.com\/es\/wp-json\/wp\/v2\/product"}],"about":[{"href":"https:\/\/www.alovey.com\/es\/wp-json\/wp\/v2\/types\/product"}],"wp:featuredmedia":[{"embeddable":true,"href":"https:\/\/www.alovey.com\/es\/wp-json\/wp\/v2\/media\/11010"}],"wp:attachment":[{"href":"https:\/\/www.alovey.com\/es\/wp-json\/wp\/v2\/media?parent=11006"}],"wp:term":[{"taxonomy":"product_brand","embeddable":true,"href":"https:\/\/www.alovey.com\/es\/wp-json\/wp\/v2\/product_brand?post=11006"},{"taxonomy":"product_cat","embeddable":true,"href":"https:\/\/www.alovey.com\/es\/wp-json\/wp\/v2\/product_cat?post=11006"},{"taxonomy":"product_tag","embeddable":true,"href":"https:\/\/www.alovey.com\/es\/wp-json\/wp\/v2\/product_tag?post=11006"}],"curies":[{"name":"wp","href":"https:\/\/api.w.org\/{rel}","templated":true}]}}