{"id":10997,"date":"2025-07-23T06:23:29","date_gmt":"2025-07-23T06:23:29","guid":{"rendered":"https:\/\/www.alovey.com\/?post_type=product&#038;p=10997"},"modified":"2025-07-23T06:48:03","modified_gmt":"2025-07-23T06:48:03","slug":"wholesale-square-black-press-lipstick-container","status":"publish","type":"product","link":"https:\/\/www.alovey.com\/es\/producto\/wholesale-square-black-press-lipstick-container\/","title":{"rendered":"Mayorista Recipiente para pintalabios de prensa"},"content":{"rendered":"<p><strong>Upgrade your lipstick line with this\u00a0 press lipstick container, designed with a modern, high-end aesthetic and an easy-to-use push-button release mechanism.<\/strong><\/p>\n<p><strong>The sleek square shape\u00a0adds a contemporary touch, while the\u00a0black finish\u00a0provides a luxurious look and feel. This press lipstick container is ideal for premium lipstick formulations and high-end cosmetic brands.<\/strong><\/p>\n<p><strong>Shape: Square body with clean edges<\/strong><\/p>\n<p><strong>Opening Mechanism: Innovative push-button (press to release cap)<\/strong><\/p>\n<p><strong>Color: Classic black (custom finishes available)<\/strong><\/p>\n<p><strong>Features: Secure closure, modern design, easy application<\/strong><\/p>\n<p><strong>Custom Options: Logo printing, metallic accents, UV coating, embossing<\/strong><\/p>\n<p><strong>A perfect combination of function and fashion, this container is ideal for luxury lipstick, solid balms.<\/strong><\/p>\n<p><strong>Alovey, como fabricante profesional chino de envases para cosm\u00e9ticos, produce una exquisita gama de envases personalizados para cosm\u00e9ticos, meticulosamente elaborados para elevar su marca. Nuestra variada selecci\u00f3n de materiales de primera calidad, combinada con delicadas t\u00e9cnicas de acabado superficial como la serigraf\u00eda, la estampaci\u00f3n en caliente y la pulverizaci\u00f3n mate, garantiza que cada envase sea una obra maestra \u00fanica.<\/strong><\/p>\n<p><img fetchpriority=\"high\" decoding=\"async\" class=\"size-full wp-image-11003\" src=\"https:\/\/www.alovey.com\/wp-content\/uploads\/2025\/07\/Wholesale-square-black-Press-Lipstick-Container-4.jpg\" alt=\"Press lipstick container\" width=\"750\" height=\"750\" srcset=\"https:\/\/www.alovey.com\/wp-content\/uploads\/2025\/07\/Wholesale-square-black-Press-Lipstick-Container-4.jpg 750w, https:\/\/www.alovey.com\/wp-content\/uploads\/2025\/07\/Wholesale-square-black-Press-Lipstick-Container-4-300x300.jpg 300w, https:\/\/www.alovey.com\/wp-content\/uploads\/2025\/07\/Wholesale-square-black-Press-Lipstick-Container-4-150x150.jpg 150w, https:\/\/www.alovey.com\/wp-content\/uploads\/2025\/07\/Wholesale-square-black-Press-Lipstick-Container-4-600x600.jpg 600w, https:\/\/www.alovey.com\/wp-content\/uploads\/2025\/07\/Wholesale-square-black-Press-Lipstick-Container-4-100x100.jpg 100w\" sizes=\"(max-width: 750px) 100vw, 750px\" \/><\/p>\n<p><img decoding=\"async\" class=\"size-full wp-image-11002\" src=\"https:\/\/www.alovey.com\/wp-content\/uploads\/2025\/07\/Wholesale-square-black-Press-Lipstick-Container-3.jpg\" alt=\"Press lipstick container\" width=\"750\" height=\"750\" srcset=\"https:\/\/www.alovey.com\/wp-content\/uploads\/2025\/07\/Wholesale-square-black-Press-Lipstick-Container-3.jpg 750w, https:\/\/www.alovey.com\/wp-content\/uploads\/2025\/07\/Wholesale-square-black-Press-Lipstick-Container-3-300x300.jpg 300w, https:\/\/www.alovey.com\/wp-content\/uploads\/2025\/07\/Wholesale-square-black-Press-Lipstick-Container-3-150x150.jpg 150w, https:\/\/www.alovey.com\/wp-content\/uploads\/2025\/07\/Wholesale-square-black-Press-Lipstick-Container-3-600x600.jpg 600w, https:\/\/www.alovey.com\/wp-content\/uploads\/2025\/07\/Wholesale-square-black-Press-Lipstick-Container-3-100x100.jpg 100w\" sizes=\"(max-width: 750px) 100vw, 750px\" \/><\/p>\n<p><img decoding=\"async\" class=\"size-full wp-image-11001\" src=\"https:\/\/www.alovey.com\/wp-content\/uploads\/2025\/07\/Wholesale-square-black-Press-Lipstick-Container-2.jpg\" alt=\"Press lipstick container\" width=\"750\" height=\"750\" srcset=\"https:\/\/www.alovey.com\/wp-content\/uploads\/2025\/07\/Wholesale-square-black-Press-Lipstick-Container-2.jpg 750w, https:\/\/www.alovey.com\/wp-content\/uploads\/2025\/07\/Wholesale-square-black-Press-Lipstick-Container-2-300x300.jpg 300w, https:\/\/www.alovey.com\/wp-content\/uploads\/2025\/07\/Wholesale-square-black-Press-Lipstick-Container-2-150x150.jpg 150w, https:\/\/www.alovey.com\/wp-content\/uploads\/2025\/07\/Wholesale-square-black-Press-Lipstick-Container-2-600x600.jpg 600w, https:\/\/www.alovey.com\/wp-content\/uploads\/2025\/07\/Wholesale-square-black-Press-Lipstick-Container-2-100x100.jpg 100w\" sizes=\"(max-width: 750px) 100vw, 750px\" \/><\/p>\n<p><img loading=\"lazy\" decoding=\"async\" class=\"size-full wp-image-10999\" src=\"https:\/\/www.alovey.com\/wp-content\/uploads\/2025\/07\/Wholesale-square-black-Press-Lipstick-Container-7.jpg\" alt=\"Press lipstick container\" width=\"750\" height=\"750\" srcset=\"https:\/\/www.alovey.com\/wp-content\/uploads\/2025\/07\/Wholesale-square-black-Press-Lipstick-Container-7.jpg 750w, https:\/\/www.alovey.com\/wp-content\/uploads\/2025\/07\/Wholesale-square-black-Press-Lipstick-Container-7-300x300.jpg 300w, https:\/\/www.alovey.com\/wp-content\/uploads\/2025\/07\/Wholesale-square-black-Press-Lipstick-Container-7-150x150.jpg 150w, https:\/\/www.alovey.com\/wp-content\/uploads\/2025\/07\/Wholesale-square-black-Press-Lipstick-Container-7-600x600.jpg 600w, https:\/\/www.alovey.com\/wp-content\/uploads\/2025\/07\/Wholesale-square-black-Press-Lipstick-Container-7-100x100.jpg 100w\" sizes=\"(max-width: 750px) 100vw, 750px\" \/><\/p>\n<p><img loading=\"lazy\" decoding=\"async\" class=\"size-full wp-image-10998\" src=\"https:\/\/www.alovey.com\/wp-content\/uploads\/2025\/07\/Wholesale-square-black-Press-Lipstick-Container-6.jpg\" alt=\"Press lipstick container\" width=\"750\" height=\"750\" srcset=\"https:\/\/www.alovey.com\/wp-content\/uploads\/2025\/07\/Wholesale-square-black-Press-Lipstick-Container-6.jpg 750w, https:\/\/www.alovey.com\/wp-content\/uploads\/2025\/07\/Wholesale-square-black-Press-Lipstick-Container-6-300x300.jpg 300w, https:\/\/www.alovey.com\/wp-content\/uploads\/2025\/07\/Wholesale-square-black-Press-Lipstick-Container-6-150x150.jpg 150w, https:\/\/www.alovey.com\/wp-content\/uploads\/2025\/07\/Wholesale-square-black-Press-Lipstick-Container-6-600x600.jpg 600w, https:\/\/www.alovey.com\/wp-content\/uploads\/2025\/07\/Wholesale-square-black-Press-Lipstick-Container-6-100x100.jpg 100w\" sizes=\"(max-width: 750px) 100vw, 750px\" \/><\/p>\n<p><img loading=\"lazy\" decoding=\"async\" class=\"size-full wp-image-11004\" src=\"https:\/\/www.alovey.com\/wp-content\/uploads\/2025\/07\/Wholesale-square-black-Press-Lipstick-Container-5.jpg\" alt=\"Press lipstick container\" width=\"630\" height=\"630\" srcset=\"https:\/\/www.alovey.com\/wp-content\/uploads\/2025\/07\/Wholesale-square-black-Press-Lipstick-Container-5.jpg 630w, https:\/\/www.alovey.com\/wp-content\/uploads\/2025\/07\/Wholesale-square-black-Press-Lipstick-Container-5-300x300.jpg 300w, https:\/\/www.alovey.com\/wp-content\/uploads\/2025\/07\/Wholesale-square-black-Press-Lipstick-Container-5-150x150.jpg 150w, https:\/\/www.alovey.com\/wp-content\/uploads\/2025\/07\/Wholesale-square-black-Press-Lipstick-Container-5-600x600.jpg 600w, https:\/\/www.alovey.com\/wp-content\/uploads\/2025\/07\/Wholesale-square-black-Press-Lipstick-Container-5-100x100.jpg 100w\" sizes=\"(max-width: 630px) 100vw, 630px\" \/><\/p>\n<p>&nbsp;<\/p>\n<p>&nbsp;<\/p>\n<p>&nbsp;<\/p>\n<p>&nbsp;<\/p>\n<p>&nbsp;<\/p>\n<p>&nbsp;<\/p>\n<p>&nbsp;<\/p>\n<p>&nbsp;<\/p>\n<p>&nbsp;<\/p>\n<p>&nbsp;<\/p>\n<p>&nbsp;<\/p>\n<p>&nbsp;<\/p>\n<p>&nbsp;<\/p>\n<p>&nbsp;<\/p>\n<p>&nbsp;<\/p>\n<p>&nbsp;<\/p>\n<p>&nbsp;<\/p>\n<p>&nbsp;<\/p>\n<p>&nbsp;<\/p>\n<p>&nbsp;<\/p>\n<p>&nbsp;<\/p>\n<p>&nbsp;<\/p>\n<p>&nbsp;<\/p>\n<p>&nbsp;<\/p>\n<p>&nbsp;<\/p>\n<p>&nbsp;<\/p>\n<p>&nbsp;<\/p>\n<p>&nbsp;<\/p>\n<p>&nbsp;<\/p>\n<p>&nbsp;<\/p>\n<p>&nbsp;<\/p>\n<p>&nbsp;<\/p>\n<p>&nbsp;<\/p>\n<p>&nbsp;<\/p>\n<p>&nbsp;<\/p>\n<p>&nbsp;<\/p>\n<p>&nbsp;<\/p>\n<p>&nbsp;<\/p>\n<p>&nbsp;<\/p>\n<p>&nbsp;<\/p>\n<p>&nbsp;<\/p>\n<p>&nbsp;<\/p>\n<p>&nbsp;<\/p>\n<p>&nbsp;<\/p>\n<p>&nbsp;<\/p>\n<p>&nbsp;<\/p>\n<p>&nbsp;<\/p>\n<p>&nbsp;<\/p>\n<p>&nbsp;<\/p>\n<p>&nbsp;<\/p>\n<p>&nbsp;<\/p>\n<p>&nbsp;<\/p>\n<p>&nbsp;<\/p>\n<p>&nbsp;<\/p>\n<p>&nbsp;<\/p>\n<p>&nbsp;<\/p>\n<p>&nbsp;<\/p>\n<p>&nbsp;<\/p>\n<p>&nbsp;<\/p>\n<p>&nbsp;<\/p>\n<p>&nbsp;<\/p>\n<p>&nbsp;<\/p>\n<p>&nbsp;<\/p>\n<p>&nbsp;<\/p>\n<p>&nbsp;<\/p>\n<p>&nbsp;<\/p>\n<p>&nbsp;<\/p>\n<p>&nbsp;<\/p>\n<p>&nbsp;<\/p>\n<p>&nbsp;<\/p>\n<p>&nbsp;<\/p>\n<p>&nbsp;<\/p>\n<p>&nbsp;<\/p>\n<p>&nbsp;<\/p>\n<p>&nbsp;<\/p>\n<p>&nbsp;<\/p>\n<p>&nbsp;<\/p>\n<p>&nbsp;<\/p>\n<p>&nbsp;<\/p>\n<p>&nbsp;<\/p>\n<p>&nbsp;<\/p>\n<p>&nbsp;<\/p>\n<p>&nbsp;<\/p>\n<p>&nbsp;<\/p>\n<p>&nbsp;<\/p>\n<p>&nbsp;<\/p>\n<p>&nbsp;<\/p>\n<p>&nbsp;<\/p>\n<p>&nbsp;<\/p>\n<p>&nbsp;<\/p>\n<p>&nbsp;<\/p>\n<p>&nbsp;<\/p>\n<p>&nbsp;<\/p>\n<p>&nbsp;<\/p>\n<p>&nbsp;<\/p>\n<p>&nbsp;<\/p>\n<p>&nbsp;<\/p>\n<p>&nbsp;<\/p>\n<p>&nbsp;<\/p>\n<p>&nbsp;<\/p>\n<p>&nbsp;<\/p>\n<p>&nbsp;<\/p>","protected":false},"excerpt":{"rendered":"<ul>\n<li>Item No:LS-0610A<\/li>\n<li>Material:\u00a0Plastic<\/li>\n<li>Size:W22.5*H78.5MM<\/li>\n<li>Aplicaciones: Productos de belleza<\/li>\n<li>MOQ: 12.000 piezas<\/li>\n<li>Color: Color personalizado<\/li>\n<li>Surface treatment: Injection\/Matte\/Metalization\/UV coating<\/li>\n<li>Nombre de marca: OEM\/ODM<\/li>\n<li>Logotipo: Logotipo del cliente<\/li>\n<li>Capacidad de suministro: 100.000 piezas al mes<\/li>\n<\/ul>\n<p>&nbsp;<\/p>","protected":false},"featured_media":10998,"template":"","meta":{"_acf_changed":false},"product_brand":[],"product_cat":[373],"product_tag":[389],"class_list":{"0":"post-10997","1":"product","2":"type-product","3":"status-publish","4":"has-post-thumbnail","6":"product_cat-professional-lipstick-tube-supplier","7":"product_tag-lip-stick-tube","9":"first","10":"instock","11":"shipping-taxable","12":"product-type-simple"},"acf":[],"yoast_head":"<!-- This site is optimized with the Yoast SEO plugin v24.1 - https:\/\/yoast.com\/wordpress\/plugins\/seo\/ -->\n<title>Press lipstick container<\/title>\n<meta name=\"description\" content=\"this square black press lipstick container, designed with a modern, high-end aesthetic and an easy-to-use push-button release mechanism.\" \/>\n<meta name=\"robots\" content=\"index, follow, max-snippet:-1, max-image-preview:large, max-video-preview:-1\" \/>\n<link rel=\"canonical\" href=\"https:\/\/www.alovey.com\/es\/producto\/wholesale-square-black-press-lipstick-container\/\" \/>\n<meta property=\"og:locale\" content=\"es_ES\" \/>\n<meta property=\"og:type\" content=\"article\" \/>\n<meta property=\"og:title\" content=\"Press lipstick container\" \/>\n<meta property=\"og:description\" content=\"this square black press lipstick container, designed with a modern, high-end aesthetic and an easy-to-use push-button release mechanism.\" \/>\n<meta property=\"og:url\" content=\"https:\/\/www.alovey.com\/es\/producto\/wholesale-square-black-press-lipstick-container\/\" \/>\n<meta property=\"og:site_name\" content=\"Best Cosmetic Packaging Manufacture\" \/>\n<meta property=\"article:modified_time\" content=\"2025-07-23T06:48:03+00:00\" \/>\n<meta property=\"og:image\" content=\"https:\/\/www.alovey.com\/wp-content\/uploads\/2025\/07\/Wholesale-square-black-Press-Lipstick-Container-6.jpg\" \/>\n\t<meta property=\"og:image:width\" content=\"750\" \/>\n\t<meta property=\"og:image:height\" content=\"750\" \/>\n\t<meta property=\"og:image:type\" content=\"image\/jpeg\" \/>\n<meta name=\"twitter:card\" content=\"summary_large_image\" \/>\n<meta name=\"twitter:label1\" content=\"Tiempo de lectura\" \/>\n\t<meta name=\"twitter:data1\" content=\"3 minutos\" \/>\n<script type=\"application\/ld+json\" class=\"yoast-schema-graph\">{\"@context\":\"https:\/\/schema.org\",\"@graph\":[{\"@type\":\"WebPage\",\"@id\":\"https:\/\/www.alovey.com\/product\/wholesale-square-black-press-lipstick-container\/\",\"url\":\"https:\/\/www.alovey.com\/product\/wholesale-square-black-press-lipstick-container\/\",\"name\":\"Press lipstick container\",\"isPartOf\":{\"@id\":\"https:\/\/www.alovey.com\/#website\"},\"primaryImageOfPage\":{\"@id\":\"https:\/\/www.alovey.com\/product\/wholesale-square-black-press-lipstick-container\/#primaryimage\"},\"image\":{\"@id\":\"https:\/\/www.alovey.com\/product\/wholesale-square-black-press-lipstick-container\/#primaryimage\"},\"thumbnailUrl\":\"https:\/\/www.alovey.com\/wp-content\/uploads\/2025\/07\/Wholesale-square-black-Press-Lipstick-Container-6.jpg\",\"datePublished\":\"2025-07-23T06:23:29+00:00\",\"dateModified\":\"2025-07-23T06:48:03+00:00\",\"description\":\"this square black press lipstick container, designed with a modern, high-end aesthetic and an easy-to-use push-button release mechanism.\",\"breadcrumb\":{\"@id\":\"https:\/\/www.alovey.com\/product\/wholesale-square-black-press-lipstick-container\/#breadcrumb\"},\"inLanguage\":\"es\",\"potentialAction\":[{\"@type\":\"ReadAction\",\"target\":[\"https:\/\/www.alovey.com\/product\/wholesale-square-black-press-lipstick-container\/\"]}]},{\"@type\":\"ImageObject\",\"inLanguage\":\"es\",\"@id\":\"https:\/\/www.alovey.com\/product\/wholesale-square-black-press-lipstick-container\/#primaryimage\",\"url\":\"https:\/\/www.alovey.com\/wp-content\/uploads\/2025\/07\/Wholesale-square-black-Press-Lipstick-Container-6.jpg\",\"contentUrl\":\"https:\/\/www.alovey.com\/wp-content\/uploads\/2025\/07\/Wholesale-square-black-Press-Lipstick-Container-6.jpg\",\"width\":750,\"height\":750,\"caption\":\"Wholesale square black Press Lipstick Container\"},{\"@type\":\"BreadcrumbList\",\"@id\":\"https:\/\/www.alovey.com\/product\/wholesale-square-black-press-lipstick-container\/#breadcrumb\",\"itemListElement\":[{\"@type\":\"ListItem\",\"position\":1,\"name\":\"\u9996\u9875\",\"item\":\"https:\/\/www.alovey.com\/\"},{\"@type\":\"ListItem\",\"position\":2,\"name\":\"Products\",\"item\":\"https:\/\/www.alovey.com\/products\/\"},{\"@type\":\"ListItem\",\"position\":3,\"name\":\"Wholesale Press Lipstick Container\"}]},{\"@type\":\"WebSite\",\"@id\":\"https:\/\/www.alovey.com\/#website\",\"url\":\"https:\/\/www.alovey.com\/\",\"name\":\"Best Cosmetic Packaging Manufacture\",\"description\":\"Alovey Cosmetic Packaging Co.,Ltd\",\"publisher\":{\"@id\":\"https:\/\/www.alovey.com\/#organization\"},\"potentialAction\":[{\"@type\":\"SearchAction\",\"target\":{\"@type\":\"EntryPoint\",\"urlTemplate\":\"https:\/\/www.alovey.com\/?s={search_term_string}\"},\"query-input\":{\"@type\":\"PropertyValueSpecification\",\"valueRequired\":true,\"valueName\":\"search_term_string\"}}],\"inLanguage\":\"es\"},{\"@type\":\"Organization\",\"@id\":\"https:\/\/www.alovey.com\/#organization\",\"name\":\"Best Cosmetic Packaging Manufacture\",\"url\":\"https:\/\/www.alovey.com\/\",\"logo\":{\"@type\":\"ImageObject\",\"inLanguage\":\"es\",\"@id\":\"https:\/\/www.alovey.com\/#\/schema\/logo\/image\/\",\"url\":\"https:\/\/www.alovey.com\/wp-content\/uploads\/2023\/03\/logo.png\",\"contentUrl\":\"https:\/\/www.alovey.com\/wp-content\/uploads\/2023\/03\/logo.png\",\"width\":505,\"height\":180,\"caption\":\"Best  Cosmetic Packaging Manufacture\"},\"image\":{\"@id\":\"https:\/\/www.alovey.com\/#\/schema\/logo\/image\/\"}}]}<\/script>\n<!-- \/ Yoast SEO plugin. -->","yoast_head_json":{"title":"Press lipstick container","description":"this square black press lipstick container, designed with a modern, high-end aesthetic and an easy-to-use push-button release mechanism.","robots":{"index":"index","follow":"follow","max-snippet":"max-snippet:-1","max-image-preview":"max-image-preview:large","max-video-preview":"max-video-preview:-1"},"canonical":"https:\/\/www.alovey.com\/es\/producto\/wholesale-square-black-press-lipstick-container\/","og_locale":"es_ES","og_type":"article","og_title":"Press lipstick container","og_description":"this square black press lipstick container, designed with a modern, high-end aesthetic and an easy-to-use push-button release mechanism.","og_url":"https:\/\/www.alovey.com\/es\/producto\/wholesale-square-black-press-lipstick-container\/","og_site_name":"Best Cosmetic Packaging Manufacture","article_modified_time":"2025-07-23T06:48:03+00:00","og_image":[{"width":750,"height":750,"url":"https:\/\/www.alovey.com\/wp-content\/uploads\/2025\/07\/Wholesale-square-black-Press-Lipstick-Container-6.jpg","type":"image\/jpeg"}],"twitter_card":"summary_large_image","twitter_misc":{"Tiempo de lectura":"3 minutos"},"schema":{"@context":"https:\/\/schema.org","@graph":[{"@type":"WebPage","@id":"https:\/\/www.alovey.com\/product\/wholesale-square-black-press-lipstick-container\/","url":"https:\/\/www.alovey.com\/product\/wholesale-square-black-press-lipstick-container\/","name":"Press lipstick container","isPartOf":{"@id":"https:\/\/www.alovey.com\/#website"},"primaryImageOfPage":{"@id":"https:\/\/www.alovey.com\/product\/wholesale-square-black-press-lipstick-container\/#primaryimage"},"image":{"@id":"https:\/\/www.alovey.com\/product\/wholesale-square-black-press-lipstick-container\/#primaryimage"},"thumbnailUrl":"https:\/\/www.alovey.com\/wp-content\/uploads\/2025\/07\/Wholesale-square-black-Press-Lipstick-Container-6.jpg","datePublished":"2025-07-23T06:23:29+00:00","dateModified":"2025-07-23T06:48:03+00:00","description":"this square black press lipstick container, designed with a modern, high-end aesthetic and an easy-to-use push-button release mechanism.","breadcrumb":{"@id":"https:\/\/www.alovey.com\/product\/wholesale-square-black-press-lipstick-container\/#breadcrumb"},"inLanguage":"es","potentialAction":[{"@type":"ReadAction","target":["https:\/\/www.alovey.com\/product\/wholesale-square-black-press-lipstick-container\/"]}]},{"@type":"ImageObject","inLanguage":"es","@id":"https:\/\/www.alovey.com\/product\/wholesale-square-black-press-lipstick-container\/#primaryimage","url":"https:\/\/www.alovey.com\/wp-content\/uploads\/2025\/07\/Wholesale-square-black-Press-Lipstick-Container-6.jpg","contentUrl":"https:\/\/www.alovey.com\/wp-content\/uploads\/2025\/07\/Wholesale-square-black-Press-Lipstick-Container-6.jpg","width":750,"height":750,"caption":"Wholesale square black Press Lipstick Container"},{"@type":"BreadcrumbList","@id":"https:\/\/www.alovey.com\/product\/wholesale-square-black-press-lipstick-container\/#breadcrumb","itemListElement":[{"@type":"ListItem","position":1,"name":"\u9996\u9875","item":"https:\/\/www.alovey.com\/"},{"@type":"ListItem","position":2,"name":"Products","item":"https:\/\/www.alovey.com\/products\/"},{"@type":"ListItem","position":3,"name":"Wholesale Press Lipstick Container"}]},{"@type":"WebSite","@id":"https:\/\/www.alovey.com\/#website","url":"https:\/\/www.alovey.com\/","name":"Best Cosmetic Packaging Manufacture","description":"Alovey Cosmetic Packaging S.L.","publisher":{"@id":"https:\/\/www.alovey.com\/#organization"},"potentialAction":[{"@type":"SearchAction","target":{"@type":"EntryPoint","urlTemplate":"https:\/\/www.alovey.com\/?s={search_term_string}"},"query-input":{"@type":"PropertyValueSpecification","valueRequired":true,"valueName":"search_term_string"}}],"inLanguage":"es"},{"@type":"Organization","@id":"https:\/\/www.alovey.com\/#organization","name":"Best Cosmetic Packaging Manufacture","url":"https:\/\/www.alovey.com\/","logo":{"@type":"ImageObject","inLanguage":"es","@id":"https:\/\/www.alovey.com\/#\/schema\/logo\/image\/","url":"https:\/\/www.alovey.com\/wp-content\/uploads\/2023\/03\/logo.png","contentUrl":"https:\/\/www.alovey.com\/wp-content\/uploads\/2023\/03\/logo.png","width":505,"height":180,"caption":"Best  Cosmetic Packaging Manufacture"},"image":{"@id":"https:\/\/www.alovey.com\/#\/schema\/logo\/image\/"}}]}},"_links":{"self":[{"href":"https:\/\/www.alovey.com\/es\/wp-json\/wp\/v2\/product\/10997"}],"collection":[{"href":"https:\/\/www.alovey.com\/es\/wp-json\/wp\/v2\/product"}],"about":[{"href":"https:\/\/www.alovey.com\/es\/wp-json\/wp\/v2\/types\/product"}],"wp:featuredmedia":[{"embeddable":true,"href":"https:\/\/www.alovey.com\/es\/wp-json\/wp\/v2\/media\/10998"}],"wp:attachment":[{"href":"https:\/\/www.alovey.com\/es\/wp-json\/wp\/v2\/media?parent=10997"}],"wp:term":[{"taxonomy":"product_brand","embeddable":true,"href":"https:\/\/www.alovey.com\/es\/wp-json\/wp\/v2\/product_brand?post=10997"},{"taxonomy":"product_cat","embeddable":true,"href":"https:\/\/www.alovey.com\/es\/wp-json\/wp\/v2\/product_cat?post=10997"},{"taxonomy":"product_tag","embeddable":true,"href":"https:\/\/www.alovey.com\/es\/wp-json\/wp\/v2\/product_tag?post=10997"}],"curies":[{"name":"wp","href":"https:\/\/api.w.org\/{rel}","templated":true}]}}