{"id":10932,"date":"2025-07-14T03:03:15","date_gmt":"2025-07-14T03:03:15","guid":{"rendered":"https:\/\/www.alovey.com\/?post_type=product&#038;p=10932"},"modified":"2025-07-14T03:27:51","modified_gmt":"2025-07-14T03:27:51","slug":"wholesale-square-loose-powder-case-with-sifter","status":"publish","type":"product","link":"https:\/\/www.alovey.com\/es\/producto\/wholesale-square-loose-powder-case-with-sifter\/","title":{"rendered":"Mayorista Polvera Cuadrada con Tamizador"},"content":{"rendered":"<p><strong>This square loose powder case is the perfect packaging solution for cosmetic brands seeking a modern, functional design for their face powders, setting powders, or body shimmer.<\/strong><\/p>\n<p><strong>Key Features:<\/strong><\/p>\n<p><strong>Sleek Square Design: The square shape adds a sophisticated, contemporary look, making it stand out on retail shelves.<\/strong><\/p>\n<p><strong>Built-in Sifter: Includes a secure sifter insert to control powder flow and reduce mess during application.<\/strong><\/p>\n<p><strong>Durable Plastic Construction: Made from high-quality, lightweight plastic for everyday use and easy portability.<\/strong><\/p>\n<p><strong>Tight-Fitting Cap: Ensures the powder stays sealed, preventing spills during transit or use.<\/strong><\/p>\n<p><strong>Customizable: Available for wholesale with options for logo printing, private labeling, and various finishes (matte, glossy, soft-touch, etc.).<\/strong><\/p>\n<p><strong>Ideal For:<\/strong><\/p>\n<p><strong>Loose setting powder<\/strong><\/p>\n<p><strong>Mineral powder<\/strong><\/p>\n<p><strong>Body shimmer or baby powder<\/strong><\/p>\n<p><strong>Whether you&#8217;re launching a new product line or expanding your existing range, this square loose powder jar is designed to combine style and practicality \u2014 all at a competitive wholesale price.<\/strong><\/p>\n<p><strong>Alovey, como fabricante profesional chino de envases para cosm\u00e9ticos, produce una exquisita gama de envases personalizados para cosm\u00e9ticos, meticulosamente elaborados para elevar su marca. Nuestra variada selecci\u00f3n de materiales de primera calidad, combinada con delicadas t\u00e9cnicas de acabado superficial como la serigraf\u00eda, la estampaci\u00f3n en caliente y la pulverizaci\u00f3n mate, garantiza que cada envase sea una obra maestra \u00fanica.<\/strong><\/p>\n<p><img fetchpriority=\"high\" decoding=\"async\" class=\"size-full wp-image-10937\" src=\"https:\/\/www.alovey.com\/wp-content\/uploads\/2025\/07\/4.jpg\" alt=\"square loose powder case with sifter\u2002\" width=\"750\" height=\"750\" srcset=\"https:\/\/www.alovey.com\/wp-content\/uploads\/2025\/07\/4.jpg 750w, https:\/\/www.alovey.com\/wp-content\/uploads\/2025\/07\/4-300x300.jpg 300w, https:\/\/www.alovey.com\/wp-content\/uploads\/2025\/07\/4-150x150.jpg 150w, https:\/\/www.alovey.com\/wp-content\/uploads\/2025\/07\/4-600x600.jpg 600w, https:\/\/www.alovey.com\/wp-content\/uploads\/2025\/07\/4-100x100.jpg 100w\" sizes=\"(max-width: 750px) 100vw, 750px\" \/><\/p>\n<p><img decoding=\"async\" class=\"size-full wp-image-10936\" src=\"https:\/\/www.alovey.com\/wp-content\/uploads\/2025\/07\/3.jpg\" alt=\"square loose powder case with sifter\u2002\" width=\"750\" height=\"750\" srcset=\"https:\/\/www.alovey.com\/wp-content\/uploads\/2025\/07\/3.jpg 750w, https:\/\/www.alovey.com\/wp-content\/uploads\/2025\/07\/3-300x300.jpg 300w, https:\/\/www.alovey.com\/wp-content\/uploads\/2025\/07\/3-150x150.jpg 150w, https:\/\/www.alovey.com\/wp-content\/uploads\/2025\/07\/3-600x600.jpg 600w, https:\/\/www.alovey.com\/wp-content\/uploads\/2025\/07\/3-100x100.jpg 100w\" sizes=\"(max-width: 750px) 100vw, 750px\" \/><\/p>\n<p><img decoding=\"async\" class=\"size-full wp-image-10935\" src=\"https:\/\/www.alovey.com\/wp-content\/uploads\/2025\/07\/2.jpg\" alt=\"square loose powder case with sifter\u2002\" width=\"750\" height=\"750\" srcset=\"https:\/\/www.alovey.com\/wp-content\/uploads\/2025\/07\/2.jpg 750w, https:\/\/www.alovey.com\/wp-content\/uploads\/2025\/07\/2-300x300.jpg 300w, https:\/\/www.alovey.com\/wp-content\/uploads\/2025\/07\/2-150x150.jpg 150w, https:\/\/www.alovey.com\/wp-content\/uploads\/2025\/07\/2-600x600.jpg 600w, https:\/\/www.alovey.com\/wp-content\/uploads\/2025\/07\/2-100x100.jpg 100w\" sizes=\"(max-width: 750px) 100vw, 750px\" \/><\/p>\n<p><img loading=\"lazy\" decoding=\"async\" class=\"size-full wp-image-10933\" src=\"https:\/\/www.alovey.com\/wp-content\/uploads\/2025\/07\/750.jpg\" alt=\"square loose powder case with sifter\u2002\" width=\"750\" height=\"750\" srcset=\"https:\/\/www.alovey.com\/wp-content\/uploads\/2025\/07\/750.jpg 750w, https:\/\/www.alovey.com\/wp-content\/uploads\/2025\/07\/750-300x300.jpg 300w, https:\/\/www.alovey.com\/wp-content\/uploads\/2025\/07\/750-150x150.jpg 150w, https:\/\/www.alovey.com\/wp-content\/uploads\/2025\/07\/750-600x600.jpg 600w, https:\/\/www.alovey.com\/wp-content\/uploads\/2025\/07\/750-100x100.jpg 100w\" sizes=\"(max-width: 750px) 100vw, 750px\" \/><\/p>\n<p><img loading=\"lazy\" decoding=\"async\" class=\"size-full wp-image-10938\" src=\"https:\/\/www.alovey.com\/wp-content\/uploads\/2025\/07\/5.jpg\" alt=\"square loose powder case with sifter\u2002 \" width=\"750\" height=\"750\" srcset=\"https:\/\/www.alovey.com\/wp-content\/uploads\/2025\/07\/5.jpg 750w, https:\/\/www.alovey.com\/wp-content\/uploads\/2025\/07\/5-300x300.jpg 300w, https:\/\/www.alovey.com\/wp-content\/uploads\/2025\/07\/5-150x150.jpg 150w, https:\/\/www.alovey.com\/wp-content\/uploads\/2025\/07\/5-600x600.jpg 600w, https:\/\/www.alovey.com\/wp-content\/uploads\/2025\/07\/5-100x100.jpg 100w\" sizes=\"(max-width: 750px) 100vw, 750px\" \/><\/p>\n<p><img loading=\"lazy\" decoding=\"async\" class=\"size-full wp-image-10939\" src=\"https:\/\/www.alovey.com\/wp-content\/uploads\/2025\/07\/6.jpg\" alt=\"square loose powder case with sifter\u2002 \" width=\"630\" height=\"630\" srcset=\"https:\/\/www.alovey.com\/wp-content\/uploads\/2025\/07\/6.jpg 630w, https:\/\/www.alovey.com\/wp-content\/uploads\/2025\/07\/6-300x300.jpg 300w, https:\/\/www.alovey.com\/wp-content\/uploads\/2025\/07\/6-150x150.jpg 150w, https:\/\/www.alovey.com\/wp-content\/uploads\/2025\/07\/6-600x600.jpg 600w, https:\/\/www.alovey.com\/wp-content\/uploads\/2025\/07\/6-100x100.jpg 100w\" sizes=\"(max-width: 630px) 100vw, 630px\" \/><\/p>\n<p>&nbsp;<\/p>\n<p>&nbsp;<\/p>\n<p>&nbsp;<\/p>\n<p>&nbsp;<\/p>\n<p>&nbsp;<\/p>\n<p>&nbsp;<\/p>\n<p>&nbsp;<\/p>\n<p>&nbsp;<\/p>\n<p>&nbsp;<\/p>\n<p>&nbsp;<\/p>\n<p>&nbsp;<\/p>\n<p>&nbsp;<\/p>\n<p>&nbsp;<\/p>\n<p>&nbsp;<\/p>\n<p>&nbsp;<\/p>\n<p>&nbsp;<\/p>\n<p>&nbsp;<\/p>\n<p>&nbsp;<\/p>\n<p>&nbsp;<\/p>\n<p>&nbsp;<\/p>\n<p>&nbsp;<\/p>\n<p>&nbsp;<\/p>\n<p>&nbsp;<\/p>\n<p>&nbsp;<\/p>\n<p>&nbsp;<\/p>\n<p>&nbsp;<\/p>\n<p>&nbsp;<\/p>\n<p>&nbsp;<\/p>\n<p>&nbsp;<\/p>\n<p>&nbsp;<\/p>\n<p>&nbsp;<\/p>\n<p>&nbsp;<\/p>\n<p>&nbsp;<\/p>\n<p>&nbsp;<\/p>\n<p>&nbsp;<\/p>\n<p>&nbsp;<\/p>\n<p>&nbsp;<\/p>\n<p>&nbsp;<\/p>\n<p>&nbsp;<\/p>\n<p>&nbsp;<\/p>\n<p>&nbsp;<\/p>\n<p>&nbsp;<\/p>\n<p>&nbsp;<\/p>\n<p>&nbsp;<\/p>\n<p>&nbsp;<\/p>\n<p>&nbsp;<\/p>\n<p>&nbsp;<\/p>\n<p>&nbsp;<\/p>\n<p>&nbsp;<\/p>\n<p>&nbsp;<\/p>\n<p>&nbsp;<\/p>\n<p>&nbsp;<\/p>\n<p>&nbsp;<\/p>\n<p>&nbsp;<\/p>\n<p>&nbsp;<\/p>\n<p>&nbsp;<\/p>\n<p>&nbsp;<\/p>\n<p>&nbsp;<\/p>","protected":false},"excerpt":{"rendered":"<ul>\n<li>Item No: J-W008C<\/li>\n<li>Material:\u00a0Plastic<\/li>\n<li>Size:W68*H35.5MM (10g)<\/li>\n<li>Aplicaciones: Productos de belleza<\/li>\n<li>MOQ: 12.000 piezas<\/li>\n<li>Color: Color personalizado<\/li>\n<li>Surface treatment: Injection\/Matte\/Metalization\/UV coating<\/li>\n<li>Nombre de marca: OEM\/ODM<\/li>\n<li>Logotipo: Logotipo del cliente<\/li>\n<li>Capacidad de suministro: 100.000 piezas al mes<\/li>\n<\/ul>","protected":false},"featured_media":10935,"template":"","meta":{"_acf_changed":false},"product_brand":[],"product_cat":[383],"product_tag":[444],"class_list":{"0":"post-10932","1":"product","2":"type-product","3":"status-publish","4":"has-post-thumbnail","6":"product_cat-the-best-cosmetic-jar","7":"product_tag-cream-jar","9":"first","10":"instock","11":"shipping-taxable","12":"product-type-simple"},"acf":[],"yoast_head":"<!-- This site is optimized with the Yoast SEO plugin v24.1 - https:\/\/yoast.com\/wordpress\/plugins\/seo\/ -->\n<title>Wholesale Square Loose Powder Case with Sifter<\/title>\n<meta name=\"description\" content=\"This square loose powder case is the perfect packaging solution for cosmetic brands seeking a modern, functional design for their face powders, setting powders, or body shimmer.\" \/>\n<meta name=\"robots\" content=\"index, follow, max-snippet:-1, max-image-preview:large, max-video-preview:-1\" \/>\n<link rel=\"canonical\" href=\"https:\/\/www.alovey.com\/es\/producto\/wholesale-square-loose-powder-case-with-sifter\/\" \/>\n<meta property=\"og:locale\" content=\"es_ES\" \/>\n<meta property=\"og:type\" content=\"article\" \/>\n<meta property=\"og:title\" content=\"Wholesale Square Loose Powder Case with Sifter\" \/>\n<meta property=\"og:description\" content=\"This square loose powder case is the perfect packaging solution for cosmetic brands seeking a modern, functional design for their face powders, setting powders, or body shimmer.\" \/>\n<meta property=\"og:url\" content=\"https:\/\/www.alovey.com\/es\/producto\/wholesale-square-loose-powder-case-with-sifter\/\" \/>\n<meta property=\"og:site_name\" content=\"Best Cosmetic Packaging Manufacture\" \/>\n<meta property=\"article:modified_time\" content=\"2025-07-14T03:27:51+00:00\" \/>\n<meta property=\"og:image\" content=\"https:\/\/www.alovey.com\/wp-content\/uploads\/2025\/07\/2.jpg\" \/>\n\t<meta property=\"og:image:width\" content=\"750\" \/>\n\t<meta property=\"og:image:height\" content=\"750\" \/>\n\t<meta property=\"og:image:type\" content=\"image\/jpeg\" \/>\n<meta name=\"twitter:card\" content=\"summary_large_image\" \/>\n<meta name=\"twitter:label1\" content=\"Tiempo de lectura\" \/>\n\t<meta name=\"twitter:data1\" content=\"3 minutos\" \/>\n<script type=\"application\/ld+json\" class=\"yoast-schema-graph\">{\"@context\":\"https:\/\/schema.org\",\"@graph\":[{\"@type\":\"WebPage\",\"@id\":\"https:\/\/www.alovey.com\/product\/wholesale-square-loose-powder-case-with-sifter\/\",\"url\":\"https:\/\/www.alovey.com\/product\/wholesale-square-loose-powder-case-with-sifter\/\",\"name\":\"Wholesale Square Loose Powder Case with Sifter\",\"isPartOf\":{\"@id\":\"https:\/\/www.alovey.com\/#website\"},\"primaryImageOfPage\":{\"@id\":\"https:\/\/www.alovey.com\/product\/wholesale-square-loose-powder-case-with-sifter\/#primaryimage\"},\"image\":{\"@id\":\"https:\/\/www.alovey.com\/product\/wholesale-square-loose-powder-case-with-sifter\/#primaryimage\"},\"thumbnailUrl\":\"https:\/\/www.alovey.com\/wp-content\/uploads\/2025\/07\/2.jpg\",\"datePublished\":\"2025-07-14T03:03:15+00:00\",\"dateModified\":\"2025-07-14T03:27:51+00:00\",\"description\":\"This square loose powder case is the perfect packaging solution for cosmetic brands seeking a modern, functional design for their face powders, setting powders, or body shimmer.\",\"breadcrumb\":{\"@id\":\"https:\/\/www.alovey.com\/product\/wholesale-square-loose-powder-case-with-sifter\/#breadcrumb\"},\"inLanguage\":\"es\",\"potentialAction\":[{\"@type\":\"ReadAction\",\"target\":[\"https:\/\/www.alovey.com\/product\/wholesale-square-loose-powder-case-with-sifter\/\"]}]},{\"@type\":\"ImageObject\",\"inLanguage\":\"es\",\"@id\":\"https:\/\/www.alovey.com\/product\/wholesale-square-loose-powder-case-with-sifter\/#primaryimage\",\"url\":\"https:\/\/www.alovey.com\/wp-content\/uploads\/2025\/07\/2.jpg\",\"contentUrl\":\"https:\/\/www.alovey.com\/wp-content\/uploads\/2025\/07\/2.jpg\",\"width\":750,\"height\":750,\"caption\":\"Wholesale Square Loose Powder Case with Sifter\"},{\"@type\":\"BreadcrumbList\",\"@id\":\"https:\/\/www.alovey.com\/product\/wholesale-square-loose-powder-case-with-sifter\/#breadcrumb\",\"itemListElement\":[{\"@type\":\"ListItem\",\"position\":1,\"name\":\"\u9996\u9875\",\"item\":\"https:\/\/www.alovey.com\/\"},{\"@type\":\"ListItem\",\"position\":2,\"name\":\"Products\",\"item\":\"https:\/\/www.alovey.com\/products\/\"},{\"@type\":\"ListItem\",\"position\":3,\"name\":\"Wholesale Square Loose Powder Case with Sifter\"}]},{\"@type\":\"WebSite\",\"@id\":\"https:\/\/www.alovey.com\/#website\",\"url\":\"https:\/\/www.alovey.com\/\",\"name\":\"Best Cosmetic Packaging Manufacture\",\"description\":\"Alovey Cosmetic Packaging Co.,Ltd\",\"publisher\":{\"@id\":\"https:\/\/www.alovey.com\/#organization\"},\"potentialAction\":[{\"@type\":\"SearchAction\",\"target\":{\"@type\":\"EntryPoint\",\"urlTemplate\":\"https:\/\/www.alovey.com\/?s={search_term_string}\"},\"query-input\":{\"@type\":\"PropertyValueSpecification\",\"valueRequired\":true,\"valueName\":\"search_term_string\"}}],\"inLanguage\":\"es\"},{\"@type\":\"Organization\",\"@id\":\"https:\/\/www.alovey.com\/#organization\",\"name\":\"Best Cosmetic Packaging Manufacture\",\"url\":\"https:\/\/www.alovey.com\/\",\"logo\":{\"@type\":\"ImageObject\",\"inLanguage\":\"es\",\"@id\":\"https:\/\/www.alovey.com\/#\/schema\/logo\/image\/\",\"url\":\"https:\/\/www.alovey.com\/wp-content\/uploads\/2023\/03\/logo.png\",\"contentUrl\":\"https:\/\/www.alovey.com\/wp-content\/uploads\/2023\/03\/logo.png\",\"width\":505,\"height\":180,\"caption\":\"Best  Cosmetic Packaging Manufacture\"},\"image\":{\"@id\":\"https:\/\/www.alovey.com\/#\/schema\/logo\/image\/\"}}]}<\/script>\n<!-- \/ Yoast SEO plugin. -->","yoast_head_json":{"title":"Mayorista Polvera Cuadrada con Tamizador","description":"This square loose powder case is the perfect packaging solution for cosmetic brands seeking a modern, functional design for their face powders, setting powders, or body shimmer.","robots":{"index":"index","follow":"follow","max-snippet":"max-snippet:-1","max-image-preview":"max-image-preview:large","max-video-preview":"max-video-preview:-1"},"canonical":"https:\/\/www.alovey.com\/es\/producto\/wholesale-square-loose-powder-case-with-sifter\/","og_locale":"es_ES","og_type":"article","og_title":"Wholesale Square Loose Powder Case with Sifter","og_description":"This square loose powder case is the perfect packaging solution for cosmetic brands seeking a modern, functional design for their face powders, setting powders, or body shimmer.","og_url":"https:\/\/www.alovey.com\/es\/producto\/wholesale-square-loose-powder-case-with-sifter\/","og_site_name":"Best Cosmetic Packaging Manufacture","article_modified_time":"2025-07-14T03:27:51+00:00","og_image":[{"width":750,"height":750,"url":"https:\/\/www.alovey.com\/wp-content\/uploads\/2025\/07\/2.jpg","type":"image\/jpeg"}],"twitter_card":"summary_large_image","twitter_misc":{"Tiempo de lectura":"3 minutos"},"schema":{"@context":"https:\/\/schema.org","@graph":[{"@type":"WebPage","@id":"https:\/\/www.alovey.com\/product\/wholesale-square-loose-powder-case-with-sifter\/","url":"https:\/\/www.alovey.com\/product\/wholesale-square-loose-powder-case-with-sifter\/","name":"Mayorista Polvera Cuadrada con Tamizador","isPartOf":{"@id":"https:\/\/www.alovey.com\/#website"},"primaryImageOfPage":{"@id":"https:\/\/www.alovey.com\/product\/wholesale-square-loose-powder-case-with-sifter\/#primaryimage"},"image":{"@id":"https:\/\/www.alovey.com\/product\/wholesale-square-loose-powder-case-with-sifter\/#primaryimage"},"thumbnailUrl":"https:\/\/www.alovey.com\/wp-content\/uploads\/2025\/07\/2.jpg","datePublished":"2025-07-14T03:03:15+00:00","dateModified":"2025-07-14T03:27:51+00:00","description":"This square loose powder case is the perfect packaging solution for cosmetic brands seeking a modern, functional design for their face powders, setting powders, or body shimmer.","breadcrumb":{"@id":"https:\/\/www.alovey.com\/product\/wholesale-square-loose-powder-case-with-sifter\/#breadcrumb"},"inLanguage":"es","potentialAction":[{"@type":"ReadAction","target":["https:\/\/www.alovey.com\/product\/wholesale-square-loose-powder-case-with-sifter\/"]}]},{"@type":"ImageObject","inLanguage":"es","@id":"https:\/\/www.alovey.com\/product\/wholesale-square-loose-powder-case-with-sifter\/#primaryimage","url":"https:\/\/www.alovey.com\/wp-content\/uploads\/2025\/07\/2.jpg","contentUrl":"https:\/\/www.alovey.com\/wp-content\/uploads\/2025\/07\/2.jpg","width":750,"height":750,"caption":"Wholesale Square Loose Powder Case with Sifter"},{"@type":"BreadcrumbList","@id":"https:\/\/www.alovey.com\/product\/wholesale-square-loose-powder-case-with-sifter\/#breadcrumb","itemListElement":[{"@type":"ListItem","position":1,"name":"\u9996\u9875","item":"https:\/\/www.alovey.com\/"},{"@type":"ListItem","position":2,"name":"Products","item":"https:\/\/www.alovey.com\/products\/"},{"@type":"ListItem","position":3,"name":"Wholesale Square Loose Powder Case with Sifter"}]},{"@type":"WebSite","@id":"https:\/\/www.alovey.com\/#website","url":"https:\/\/www.alovey.com\/","name":"Best Cosmetic Packaging Manufacture","description":"Alovey Cosmetic Packaging S.L.","publisher":{"@id":"https:\/\/www.alovey.com\/#organization"},"potentialAction":[{"@type":"SearchAction","target":{"@type":"EntryPoint","urlTemplate":"https:\/\/www.alovey.com\/?s={search_term_string}"},"query-input":{"@type":"PropertyValueSpecification","valueRequired":true,"valueName":"search_term_string"}}],"inLanguage":"es"},{"@type":"Organization","@id":"https:\/\/www.alovey.com\/#organization","name":"Best Cosmetic Packaging Manufacture","url":"https:\/\/www.alovey.com\/","logo":{"@type":"ImageObject","inLanguage":"es","@id":"https:\/\/www.alovey.com\/#\/schema\/logo\/image\/","url":"https:\/\/www.alovey.com\/wp-content\/uploads\/2023\/03\/logo.png","contentUrl":"https:\/\/www.alovey.com\/wp-content\/uploads\/2023\/03\/logo.png","width":505,"height":180,"caption":"Best  Cosmetic Packaging Manufacture"},"image":{"@id":"https:\/\/www.alovey.com\/#\/schema\/logo\/image\/"}}]}},"_links":{"self":[{"href":"https:\/\/www.alovey.com\/es\/wp-json\/wp\/v2\/product\/10932"}],"collection":[{"href":"https:\/\/www.alovey.com\/es\/wp-json\/wp\/v2\/product"}],"about":[{"href":"https:\/\/www.alovey.com\/es\/wp-json\/wp\/v2\/types\/product"}],"wp:featuredmedia":[{"embeddable":true,"href":"https:\/\/www.alovey.com\/es\/wp-json\/wp\/v2\/media\/10935"}],"wp:attachment":[{"href":"https:\/\/www.alovey.com\/es\/wp-json\/wp\/v2\/media?parent=10932"}],"wp:term":[{"taxonomy":"product_brand","embeddable":true,"href":"https:\/\/www.alovey.com\/es\/wp-json\/wp\/v2\/product_brand?post=10932"},{"taxonomy":"product_cat","embeddable":true,"href":"https:\/\/www.alovey.com\/es\/wp-json\/wp\/v2\/product_cat?post=10932"},{"taxonomy":"product_tag","embeddable":true,"href":"https:\/\/www.alovey.com\/es\/wp-json\/wp\/v2\/product_tag?post=10932"}],"curies":[{"name":"wp","href":"https:\/\/api.w.org\/{rel}","templated":true}]}}