{"id":10886,"date":"2025-07-05T06:56:16","date_gmt":"2025-07-05T06:56:16","guid":{"rendered":"https:\/\/www.alovey.com\/?post_type=product&#038;p=10886"},"modified":"2025-07-07T02:19:28","modified_gmt":"2025-07-07T02:19:28","slug":"wholesale-lip-gloss-squeeze-tubes-with-doe-foot-applicator-6ml","status":"publish","type":"product","link":"https:\/\/www.alovey.com\/es\/producto\/wholesale-lip-gloss-squeeze-tubes-with-doe-foot-applicator-6ml\/","title":{"rendered":"Mayorista brillo de labios tubos con aplicador 6ml"},"content":{"rendered":"<p><strong>Our lip gloss squeeze tubes with doe foot applicators offer a practical and stylish solution for beauty brands, DIY cosmetic creators, and bulk buyers.<\/strong><\/p>\n<p><strong>These lip gloss squeeze tubes are designed for easy, precise application of lip gloss, lip oil, or other liquid cosmetics, featuring a soft doe foot applicator and a leak-proof squeeze tube.<\/strong><\/p>\n<p><strong>Available in bulk, these\u00a0squeeze \u00a0tubes support extensive customization to align with your brand\u2019s vision, making them ideal for retail, promotional products, or professional cosmetic lines.<\/strong><\/p>\n<p>\u200c<strong>Alovey, como fabricante profesional chino de envases para cosm\u00e9ticos, produce una exquisita gama de envases personalizados para cosm\u00e9ticos, meticulosamente elaborados para elevar su marca. Nuestra variada selecci\u00f3n de materiales de primera calidad, combinada con delicadas t\u00e9cnicas de acabado superficial como la serigraf\u00eda, la estampaci\u00f3n en caliente y la pulverizaci\u00f3n mate, garantiza que cada envase sea una obra maestra \u00fanica.<\/strong><\/p>\n<p><img fetchpriority=\"high\" decoding=\"async\" class=\"size-full wp-image-10909\" src=\"https:\/\/www.alovey.com\/wp-content\/uploads\/2025\/07\/Wholesale-lip-gloss-squeeze-tubes-with-doe-foot-applicator-6ml-2.jpg\" alt=\"lip gloss squeeze tubes\" width=\"750\" height=\"750\" srcset=\"https:\/\/www.alovey.com\/wp-content\/uploads\/2025\/07\/Wholesale-lip-gloss-squeeze-tubes-with-doe-foot-applicator-6ml-2.jpg 750w, https:\/\/www.alovey.com\/wp-content\/uploads\/2025\/07\/Wholesale-lip-gloss-squeeze-tubes-with-doe-foot-applicator-6ml-2-300x300.jpg 300w, https:\/\/www.alovey.com\/wp-content\/uploads\/2025\/07\/Wholesale-lip-gloss-squeeze-tubes-with-doe-foot-applicator-6ml-2-150x150.jpg 150w, https:\/\/www.alovey.com\/wp-content\/uploads\/2025\/07\/Wholesale-lip-gloss-squeeze-tubes-with-doe-foot-applicator-6ml-2-600x600.jpg 600w, https:\/\/www.alovey.com\/wp-content\/uploads\/2025\/07\/Wholesale-lip-gloss-squeeze-tubes-with-doe-foot-applicator-6ml-2-100x100.jpg 100w\" sizes=\"(max-width: 750px) 100vw, 750px\" \/><\/p>\n<p><img decoding=\"async\" class=\"size-full wp-image-10910\" src=\"https:\/\/www.alovey.com\/wp-content\/uploads\/2025\/07\/Wholesale-lip-gloss-squeeze-tubes-with-doe-foot-applicator-6ml-3.jpg\" alt=\"lip gloss squeeze tubes\" width=\"750\" height=\"750\" srcset=\"https:\/\/www.alovey.com\/wp-content\/uploads\/2025\/07\/Wholesale-lip-gloss-squeeze-tubes-with-doe-foot-applicator-6ml-3.jpg 750w, https:\/\/www.alovey.com\/wp-content\/uploads\/2025\/07\/Wholesale-lip-gloss-squeeze-tubes-with-doe-foot-applicator-6ml-3-300x300.jpg 300w, https:\/\/www.alovey.com\/wp-content\/uploads\/2025\/07\/Wholesale-lip-gloss-squeeze-tubes-with-doe-foot-applicator-6ml-3-150x150.jpg 150w, https:\/\/www.alovey.com\/wp-content\/uploads\/2025\/07\/Wholesale-lip-gloss-squeeze-tubes-with-doe-foot-applicator-6ml-3-600x600.jpg 600w, https:\/\/www.alovey.com\/wp-content\/uploads\/2025\/07\/Wholesale-lip-gloss-squeeze-tubes-with-doe-foot-applicator-6ml-3-100x100.jpg 100w\" sizes=\"(max-width: 750px) 100vw, 750px\" \/><\/p>\n<p><img decoding=\"async\" class=\"size-full wp-image-10911\" src=\"https:\/\/www.alovey.com\/wp-content\/uploads\/2025\/07\/Wholesale-lip-gloss-squeeze-tubes-with-doe-foot-applicator-6ml-4.jpg\" alt=\"lip gloss squeeze tubes\" width=\"750\" height=\"750\" srcset=\"https:\/\/www.alovey.com\/wp-content\/uploads\/2025\/07\/Wholesale-lip-gloss-squeeze-tubes-with-doe-foot-applicator-6ml-4.jpg 750w, https:\/\/www.alovey.com\/wp-content\/uploads\/2025\/07\/Wholesale-lip-gloss-squeeze-tubes-with-doe-foot-applicator-6ml-4-300x300.jpg 300w, https:\/\/www.alovey.com\/wp-content\/uploads\/2025\/07\/Wholesale-lip-gloss-squeeze-tubes-with-doe-foot-applicator-6ml-4-150x150.jpg 150w, https:\/\/www.alovey.com\/wp-content\/uploads\/2025\/07\/Wholesale-lip-gloss-squeeze-tubes-with-doe-foot-applicator-6ml-4-600x600.jpg 600w, https:\/\/www.alovey.com\/wp-content\/uploads\/2025\/07\/Wholesale-lip-gloss-squeeze-tubes-with-doe-foot-applicator-6ml-4-100x100.jpg 100w\" sizes=\"(max-width: 750px) 100vw, 750px\" \/><\/p>\n<p><img loading=\"lazy\" decoding=\"async\" class=\"size-full wp-image-10912\" src=\"https:\/\/www.alovey.com\/wp-content\/uploads\/2025\/07\/Wholesale-lip-gloss-squeeze-tubes-with-doe-foot-applicator-6ml-1.jpg\" alt=\"lip gloss squeeze tubes\" width=\"750\" height=\"750\" srcset=\"https:\/\/www.alovey.com\/wp-content\/uploads\/2025\/07\/Wholesale-lip-gloss-squeeze-tubes-with-doe-foot-applicator-6ml-1.jpg 750w, https:\/\/www.alovey.com\/wp-content\/uploads\/2025\/07\/Wholesale-lip-gloss-squeeze-tubes-with-doe-foot-applicator-6ml-1-300x300.jpg 300w, https:\/\/www.alovey.com\/wp-content\/uploads\/2025\/07\/Wholesale-lip-gloss-squeeze-tubes-with-doe-foot-applicator-6ml-1-150x150.jpg 150w, https:\/\/www.alovey.com\/wp-content\/uploads\/2025\/07\/Wholesale-lip-gloss-squeeze-tubes-with-doe-foot-applicator-6ml-1-600x600.jpg 600w, https:\/\/www.alovey.com\/wp-content\/uploads\/2025\/07\/Wholesale-lip-gloss-squeeze-tubes-with-doe-foot-applicator-6ml-1-100x100.jpg 100w\" sizes=\"(max-width: 750px) 100vw, 750px\" \/><\/p>\n<p><img loading=\"lazy\" decoding=\"async\" class=\"size-full wp-image-10887\" src=\"https:\/\/www.alovey.com\/wp-content\/uploads\/2025\/07\/Wholesale-lip-gloss-squeeze-tubes-with-doe-foot-applicator-6ml-6.jpg\" alt=\"lip gloss squeeze tubes\" width=\"750\" height=\"750\" srcset=\"https:\/\/www.alovey.com\/wp-content\/uploads\/2025\/07\/Wholesale-lip-gloss-squeeze-tubes-with-doe-foot-applicator-6ml-6.jpg 750w, https:\/\/www.alovey.com\/wp-content\/uploads\/2025\/07\/Wholesale-lip-gloss-squeeze-tubes-with-doe-foot-applicator-6ml-6-300x300.jpg 300w, https:\/\/www.alovey.com\/wp-content\/uploads\/2025\/07\/Wholesale-lip-gloss-squeeze-tubes-with-doe-foot-applicator-6ml-6-150x150.jpg 150w, https:\/\/www.alovey.com\/wp-content\/uploads\/2025\/07\/Wholesale-lip-gloss-squeeze-tubes-with-doe-foot-applicator-6ml-6-600x600.jpg 600w, https:\/\/www.alovey.com\/wp-content\/uploads\/2025\/07\/Wholesale-lip-gloss-squeeze-tubes-with-doe-foot-applicator-6ml-6-100x100.jpg 100w\" sizes=\"(max-width: 750px) 100vw, 750px\" \/><\/p>\n<p>&nbsp;<\/p>\n<p>&nbsp;<\/p>\n<p>&nbsp;<\/p>\n<p>&nbsp;<\/p>\n<p>&nbsp;<\/p>\n<p>&nbsp;<\/p>\n<p>&nbsp;<\/p>\n<p>&nbsp;<\/p>\n<p>&nbsp;<\/p>\n<p>&nbsp;<\/p>\n<p>&nbsp;<\/p>\n<p>&nbsp;<\/p>\n<p>&nbsp;<\/p>\n<p>&nbsp;<\/p>\n<p>&nbsp;<\/p>\n<p>&nbsp;<\/p>\n<p>&nbsp;<\/p>\n<p>&nbsp;<\/p>\n<p>&nbsp;<\/p>\n<p>&nbsp;<\/p>\n<p>&nbsp;<\/p>\n<p>&nbsp;<\/p>\n<p>&nbsp;<\/p>\n<p>&nbsp;<\/p>\n<p>&nbsp;<\/p>\n<p>&nbsp;<\/p>\n<p>&nbsp;<\/p>\n<p>&nbsp;<\/p>\n<p>&nbsp;<\/p>\n<p>&nbsp;<\/p>\n<p>&nbsp;<\/p>\n<p>&nbsp;<\/p>\n<p>&nbsp;<\/p>\n<p>&nbsp;<\/p>\n<p>&nbsp;<\/p>\n<p>&nbsp;<\/p>\n<p>&nbsp;<\/p>\n<p>&nbsp;<\/p>\n<p>&nbsp;<\/p>\n<p>&nbsp;<\/p>\n<p>&nbsp;<\/p>\n<p>&nbsp;<\/p>\n<p>&nbsp;<\/p>\n<p>&nbsp;<\/p>\n<p>&nbsp;<\/p>\n<p>&nbsp;<\/p>\n<p>&nbsp;<\/p>\n<p>&nbsp;<\/p>\n<p>&nbsp;<\/p>\n<p>&nbsp;<\/p>\n<p>&nbsp;<\/p>\n<p>&nbsp;<\/p>\n<p>&nbsp;<\/p>\n<p>&nbsp;<\/p>\n<p>&nbsp;<\/p>\n<p>&nbsp;<\/p>\n<p>&nbsp;<\/p>\n<p>&nbsp;<\/p>\n<p>&nbsp;<\/p>\n<p>&nbsp;<\/p>\n<p>&nbsp;<\/p>\n<p>&nbsp;<\/p>\n<p>&nbsp;<\/p>\n<p>&nbsp;<\/p>\n<p>&nbsp;<\/p>\n<p>&nbsp;<\/p>\n<p>&nbsp;<\/p>\n<p>&nbsp;<\/p>\n<p>&nbsp;<\/p>\n<p>&nbsp;<\/p>\n<p>&nbsp;<\/p>\n<p>&nbsp;<\/p>\n<p>&nbsp;<\/p>\n<p>&nbsp;<\/p>\n<p>&nbsp;<\/p>\n<p>&nbsp;<\/p>\n<p>&nbsp;<\/p>\n<p>&nbsp;<\/p>\n<p>&nbsp;<\/p>\n<p>&nbsp;<\/p>\n<p>&nbsp;<\/p>\n<p>&nbsp;<\/p>\n<p>&nbsp;<\/p>\n<p>&nbsp;<\/p>\n<p>&nbsp;<\/p>\n<p>&nbsp;<\/p>\n<p>&nbsp;<\/p>\n<p>&nbsp;<\/p>\n<p>&nbsp;<\/p>\n<p>&nbsp;<\/p>\n<p>&nbsp;<\/p>\n<p>&nbsp;<\/p>\n<p>&nbsp;<\/p>\n<p>&nbsp;<\/p>\n<p>&nbsp;<\/p>\n<p>&nbsp;<\/p>\n<p>&nbsp;<\/p>\n<p>&nbsp;<\/p>\n<p>&nbsp;<\/p>\n<p>&nbsp;<\/p>\n<p>&nbsp;<\/p>\n<p>&nbsp;<\/p>\n<p>&nbsp;<\/p>\n<p>&nbsp;<\/p>\n<p>&nbsp;<\/p>\n<p>&nbsp;<\/p>\n<p>&nbsp;<\/p>\n<p>&nbsp;<\/p>\n<p>&nbsp;<\/p>\n<p>&nbsp;<\/p>\n<p>&nbsp;<\/p>\n<p>&nbsp;<\/p>\n<p>&nbsp;<\/p>\n<p>&nbsp;<\/p>\n<p>&nbsp;<\/p>\n<p>&nbsp;<\/p>\n<p>&nbsp;<\/p>\n<p>&nbsp;<\/p>\n<p>&nbsp;<\/p>\n<p>&nbsp;<\/p>\n<p>&nbsp;<\/p>\n<p>&nbsp;<\/p>\n<p>&nbsp;<\/p>\n<p>&nbsp;<\/p>\n<p>&nbsp;<\/p>\n<p>&nbsp;<\/p>\n<p>&nbsp;<\/p>\n<p>&nbsp;<\/p>\n<p>&nbsp;<\/p>\n<p>&nbsp;<\/p>\n<p>&nbsp;<\/p>\n<p>&nbsp;<\/p>\n<p>&nbsp;<\/p>\n<p>&nbsp;<\/p>\n<p>&nbsp;<\/p>\n<p>&nbsp;<\/p>\n<p>&nbsp;<\/p>\n<p>&nbsp;<\/p>\n<p>&nbsp;<\/p>\n<p>&nbsp;<\/p>\n<p>&nbsp;<\/p>\n<p>&nbsp;<\/p>\n<p>&nbsp;<\/p>\n<p>&nbsp;<\/p>\n<p>&nbsp;<\/p>\n<p>&nbsp;<\/p>\n<p>&nbsp;<\/p>\n<p>&nbsp;<\/p>\n<p>&nbsp;<\/p>\n<p>&nbsp;<\/p>\n<p>&nbsp;<\/p>\n<p>&nbsp;<\/p>\n<p>&nbsp;<\/p>\n<p>&nbsp;<\/p>\n<p>&nbsp;<\/p>\n<p>&nbsp;<\/p>\n<p>&nbsp;<\/p>\n<p>&nbsp;<\/p>\n<p>&nbsp;<\/p>\n<p>&nbsp;<\/p>\n<p>&nbsp;<\/p>\n<p>&nbsp;<\/p>\n<p>&nbsp;<\/p>\n<p>&nbsp;<\/p>\n<p>&nbsp;<\/p>\n<p>&nbsp;<\/p>\n<p>&nbsp;<\/p>\n<p>&nbsp;<\/p>\n<p>&nbsp;<\/p>\n<p>&nbsp;<\/p>\n<p>&nbsp;<\/p>\n<p>&nbsp;<\/p>\n<p>&nbsp;<\/p>\n<p>&nbsp;<\/p>\n<p>&nbsp;<\/p>\n<p>&nbsp;<\/p>\n<p>&nbsp;<\/p>\n<p>&nbsp;<\/p>\n<p>&nbsp;<\/p>\n<p>&nbsp;<\/p>\n<p>&nbsp;<\/p>\n<p>&nbsp;<\/p>\n<p>&nbsp;<\/p>\n<p>&nbsp;<\/p>","protected":false},"excerpt":{"rendered":"<ul>\n<li>Item No: LG-0526A<\/li>\n<li>Material:\u00a0Plastic<\/li>\n<li>Size:\u00a0W25*H123MM<\/li>\n<li>Capacity: 6ml<\/li>\n<li>Aplicaciones: Productos de belleza<\/li>\n<li>MOQ: 12.000 piezas<\/li>\n<li>Color: Color personalizado<\/li>\n<li>Surface treatment: Injection\/Matte\/Metalization\/UV coating<\/li>\n<li>Nombre de marca: OEM\/ODM<\/li>\n<li>Logotipo: Logotipo del cliente<\/li>\n<li>Capacidad de suministro: 100.000 piezas al mes<\/li>\n<\/ul>","protected":false},"featured_media":10911,"template":"","meta":{"_acf_changed":false},"product_brand":[],"product_cat":[372],"product_tag":[388],"class_list":{"0":"post-10886","1":"product","2":"type-product","3":"status-publish","4":"has-post-thumbnail","6":"product_cat-lipgloss-tube","7":"product_tag-lip-gloss-tube","9":"first","10":"instock","11":"shipping-taxable","12":"product-type-simple"},"acf":[],"yoast_head":"<!-- This site is optimized with the Yoast SEO plugin v24.1 - https:\/\/yoast.com\/wordpress\/plugins\/seo\/ -->\n<title>Wholesale lip gloss squeeze tubes with doe foot applicator 6ml<\/title>\n<meta name=\"description\" content=\"Our lip gloss squeeze tubes with doe foot applicators offer a practical and stylish solution for beauty brands, DIY cosmetic creators, and bulk buyers.\" \/>\n<meta name=\"robots\" content=\"index, follow, max-snippet:-1, max-image-preview:large, max-video-preview:-1\" \/>\n<link rel=\"canonical\" href=\"https:\/\/www.alovey.com\/es\/producto\/wholesale-lip-gloss-squeeze-tubes-with-doe-foot-applicator-6ml\/\" \/>\n<meta property=\"og:locale\" content=\"es_ES\" \/>\n<meta property=\"og:type\" content=\"article\" \/>\n<meta property=\"og:title\" content=\"Wholesale lip gloss squeeze tubes with doe foot applicator 6ml\" \/>\n<meta property=\"og:description\" content=\"Our lip gloss squeeze tubes with doe foot applicators offer a practical and stylish solution for beauty brands, DIY cosmetic creators, and bulk buyers.\" \/>\n<meta property=\"og:url\" content=\"https:\/\/www.alovey.com\/es\/producto\/wholesale-lip-gloss-squeeze-tubes-with-doe-foot-applicator-6ml\/\" \/>\n<meta property=\"og:site_name\" content=\"Best Cosmetic Packaging Manufacture\" \/>\n<meta property=\"article:modified_time\" content=\"2025-07-07T02:19:28+00:00\" \/>\n<meta property=\"og:image\" content=\"https:\/\/www.alovey.com\/wp-content\/uploads\/2025\/07\/Wholesale-lip-gloss-squeeze-tubes-with-doe-foot-applicator-6ml-4.jpg\" \/>\n\t<meta property=\"og:image:width\" content=\"750\" \/>\n\t<meta property=\"og:image:height\" content=\"750\" \/>\n\t<meta property=\"og:image:type\" content=\"image\/jpeg\" \/>\n<meta name=\"twitter:card\" content=\"summary_large_image\" \/>\n<meta name=\"twitter:label1\" content=\"Tiempo de lectura\" \/>\n\t<meta name=\"twitter:data1\" content=\"2 minutos\" \/>\n<script type=\"application\/ld+json\" class=\"yoast-schema-graph\">{\"@context\":\"https:\/\/schema.org\",\"@graph\":[{\"@type\":\"WebPage\",\"@id\":\"https:\/\/www.alovey.com\/product\/wholesale-lip-gloss-squeeze-tubes-with-doe-foot-applicator-6ml\/\",\"url\":\"https:\/\/www.alovey.com\/product\/wholesale-lip-gloss-squeeze-tubes-with-doe-foot-applicator-6ml\/\",\"name\":\"Wholesale lip gloss squeeze tubes with doe foot applicator 6ml\",\"isPartOf\":{\"@id\":\"https:\/\/www.alovey.com\/#website\"},\"primaryImageOfPage\":{\"@id\":\"https:\/\/www.alovey.com\/product\/wholesale-lip-gloss-squeeze-tubes-with-doe-foot-applicator-6ml\/#primaryimage\"},\"image\":{\"@id\":\"https:\/\/www.alovey.com\/product\/wholesale-lip-gloss-squeeze-tubes-with-doe-foot-applicator-6ml\/#primaryimage\"},\"thumbnailUrl\":\"https:\/\/www.alovey.com\/wp-content\/uploads\/2025\/07\/Wholesale-lip-gloss-squeeze-tubes-with-doe-foot-applicator-6ml-4.jpg\",\"datePublished\":\"2025-07-05T06:56:16+00:00\",\"dateModified\":\"2025-07-07T02:19:28+00:00\",\"description\":\"Our lip gloss squeeze tubes with doe foot applicators offer a practical and stylish solution for beauty brands, DIY cosmetic creators, and bulk buyers.\",\"breadcrumb\":{\"@id\":\"https:\/\/www.alovey.com\/product\/wholesale-lip-gloss-squeeze-tubes-with-doe-foot-applicator-6ml\/#breadcrumb\"},\"inLanguage\":\"es\",\"potentialAction\":[{\"@type\":\"ReadAction\",\"target\":[\"https:\/\/www.alovey.com\/product\/wholesale-lip-gloss-squeeze-tubes-with-doe-foot-applicator-6ml\/\"]}]},{\"@type\":\"ImageObject\",\"inLanguage\":\"es\",\"@id\":\"https:\/\/www.alovey.com\/product\/wholesale-lip-gloss-squeeze-tubes-with-doe-foot-applicator-6ml\/#primaryimage\",\"url\":\"https:\/\/www.alovey.com\/wp-content\/uploads\/2025\/07\/Wholesale-lip-gloss-squeeze-tubes-with-doe-foot-applicator-6ml-4.jpg\",\"contentUrl\":\"https:\/\/www.alovey.com\/wp-content\/uploads\/2025\/07\/Wholesale-lip-gloss-squeeze-tubes-with-doe-foot-applicator-6ml-4.jpg\",\"width\":750,\"height\":750,\"caption\":\"Wholesale lip gloss squeeze tubes with doe foot applicator 6ml\"},{\"@type\":\"BreadcrumbList\",\"@id\":\"https:\/\/www.alovey.com\/product\/wholesale-lip-gloss-squeeze-tubes-with-doe-foot-applicator-6ml\/#breadcrumb\",\"itemListElement\":[{\"@type\":\"ListItem\",\"position\":1,\"name\":\"\u9996\u9875\",\"item\":\"https:\/\/www.alovey.com\/\"},{\"@type\":\"ListItem\",\"position\":2,\"name\":\"Products\",\"item\":\"https:\/\/www.alovey.com\/products\/\"},{\"@type\":\"ListItem\",\"position\":3,\"name\":\"Wholesale lip gloss squeeze tubes with doe foot applicator 6ml\"}]},{\"@type\":\"WebSite\",\"@id\":\"https:\/\/www.alovey.com\/#website\",\"url\":\"https:\/\/www.alovey.com\/\",\"name\":\"Best Cosmetic Packaging Manufacture\",\"description\":\"Alovey Cosmetic Packaging Co.,Ltd\",\"publisher\":{\"@id\":\"https:\/\/www.alovey.com\/#organization\"},\"potentialAction\":[{\"@type\":\"SearchAction\",\"target\":{\"@type\":\"EntryPoint\",\"urlTemplate\":\"https:\/\/www.alovey.com\/?s={search_term_string}\"},\"query-input\":{\"@type\":\"PropertyValueSpecification\",\"valueRequired\":true,\"valueName\":\"search_term_string\"}}],\"inLanguage\":\"es\"},{\"@type\":\"Organization\",\"@id\":\"https:\/\/www.alovey.com\/#organization\",\"name\":\"Best Cosmetic Packaging Manufacture\",\"url\":\"https:\/\/www.alovey.com\/\",\"logo\":{\"@type\":\"ImageObject\",\"inLanguage\":\"es\",\"@id\":\"https:\/\/www.alovey.com\/#\/schema\/logo\/image\/\",\"url\":\"https:\/\/www.alovey.com\/wp-content\/uploads\/2023\/03\/logo.png\",\"contentUrl\":\"https:\/\/www.alovey.com\/wp-content\/uploads\/2023\/03\/logo.png\",\"width\":505,\"height\":180,\"caption\":\"Best  Cosmetic Packaging Manufacture\"},\"image\":{\"@id\":\"https:\/\/www.alovey.com\/#\/schema\/logo\/image\/\"}}]}<\/script>\n<!-- \/ Yoast SEO plugin. -->","yoast_head_json":{"title":"Mayorista brillo de labios tubos con aplicador 6ml","description":"Our lip gloss squeeze tubes with doe foot applicators offer a practical and stylish solution for beauty brands, DIY cosmetic creators, and bulk buyers.","robots":{"index":"index","follow":"follow","max-snippet":"max-snippet:-1","max-image-preview":"max-image-preview:large","max-video-preview":"max-video-preview:-1"},"canonical":"https:\/\/www.alovey.com\/es\/producto\/wholesale-lip-gloss-squeeze-tubes-with-doe-foot-applicator-6ml\/","og_locale":"es_ES","og_type":"article","og_title":"Wholesale lip gloss squeeze tubes with doe foot applicator 6ml","og_description":"Our lip gloss squeeze tubes with doe foot applicators offer a practical and stylish solution for beauty brands, DIY cosmetic creators, and bulk buyers.","og_url":"https:\/\/www.alovey.com\/es\/producto\/wholesale-lip-gloss-squeeze-tubes-with-doe-foot-applicator-6ml\/","og_site_name":"Best Cosmetic Packaging Manufacture","article_modified_time":"2025-07-07T02:19:28+00:00","og_image":[{"width":750,"height":750,"url":"https:\/\/www.alovey.com\/wp-content\/uploads\/2025\/07\/Wholesale-lip-gloss-squeeze-tubes-with-doe-foot-applicator-6ml-4.jpg","type":"image\/jpeg"}],"twitter_card":"summary_large_image","twitter_misc":{"Tiempo de lectura":"2 minutos"},"schema":{"@context":"https:\/\/schema.org","@graph":[{"@type":"WebPage","@id":"https:\/\/www.alovey.com\/product\/wholesale-lip-gloss-squeeze-tubes-with-doe-foot-applicator-6ml\/","url":"https:\/\/www.alovey.com\/product\/wholesale-lip-gloss-squeeze-tubes-with-doe-foot-applicator-6ml\/","name":"Mayorista brillo de labios tubos con aplicador 6ml","isPartOf":{"@id":"https:\/\/www.alovey.com\/#website"},"primaryImageOfPage":{"@id":"https:\/\/www.alovey.com\/product\/wholesale-lip-gloss-squeeze-tubes-with-doe-foot-applicator-6ml\/#primaryimage"},"image":{"@id":"https:\/\/www.alovey.com\/product\/wholesale-lip-gloss-squeeze-tubes-with-doe-foot-applicator-6ml\/#primaryimage"},"thumbnailUrl":"https:\/\/www.alovey.com\/wp-content\/uploads\/2025\/07\/Wholesale-lip-gloss-squeeze-tubes-with-doe-foot-applicator-6ml-4.jpg","datePublished":"2025-07-05T06:56:16+00:00","dateModified":"2025-07-07T02:19:28+00:00","description":"Our lip gloss squeeze tubes with doe foot applicators offer a practical and stylish solution for beauty brands, DIY cosmetic creators, and bulk buyers.","breadcrumb":{"@id":"https:\/\/www.alovey.com\/product\/wholesale-lip-gloss-squeeze-tubes-with-doe-foot-applicator-6ml\/#breadcrumb"},"inLanguage":"es","potentialAction":[{"@type":"ReadAction","target":["https:\/\/www.alovey.com\/product\/wholesale-lip-gloss-squeeze-tubes-with-doe-foot-applicator-6ml\/"]}]},{"@type":"ImageObject","inLanguage":"es","@id":"https:\/\/www.alovey.com\/product\/wholesale-lip-gloss-squeeze-tubes-with-doe-foot-applicator-6ml\/#primaryimage","url":"https:\/\/www.alovey.com\/wp-content\/uploads\/2025\/07\/Wholesale-lip-gloss-squeeze-tubes-with-doe-foot-applicator-6ml-4.jpg","contentUrl":"https:\/\/www.alovey.com\/wp-content\/uploads\/2025\/07\/Wholesale-lip-gloss-squeeze-tubes-with-doe-foot-applicator-6ml-4.jpg","width":750,"height":750,"caption":"Wholesale lip gloss squeeze tubes with doe foot applicator 6ml"},{"@type":"BreadcrumbList","@id":"https:\/\/www.alovey.com\/product\/wholesale-lip-gloss-squeeze-tubes-with-doe-foot-applicator-6ml\/#breadcrumb","itemListElement":[{"@type":"ListItem","position":1,"name":"\u9996\u9875","item":"https:\/\/www.alovey.com\/"},{"@type":"ListItem","position":2,"name":"Products","item":"https:\/\/www.alovey.com\/products\/"},{"@type":"ListItem","position":3,"name":"Wholesale lip gloss squeeze tubes with doe foot applicator 6ml"}]},{"@type":"WebSite","@id":"https:\/\/www.alovey.com\/#website","url":"https:\/\/www.alovey.com\/","name":"Best Cosmetic Packaging Manufacture","description":"Alovey Cosmetic Packaging S.L.","publisher":{"@id":"https:\/\/www.alovey.com\/#organization"},"potentialAction":[{"@type":"SearchAction","target":{"@type":"EntryPoint","urlTemplate":"https:\/\/www.alovey.com\/?s={search_term_string}"},"query-input":{"@type":"PropertyValueSpecification","valueRequired":true,"valueName":"search_term_string"}}],"inLanguage":"es"},{"@type":"Organization","@id":"https:\/\/www.alovey.com\/#organization","name":"Best Cosmetic Packaging Manufacture","url":"https:\/\/www.alovey.com\/","logo":{"@type":"ImageObject","inLanguage":"es","@id":"https:\/\/www.alovey.com\/#\/schema\/logo\/image\/","url":"https:\/\/www.alovey.com\/wp-content\/uploads\/2023\/03\/logo.png","contentUrl":"https:\/\/www.alovey.com\/wp-content\/uploads\/2023\/03\/logo.png","width":505,"height":180,"caption":"Best  Cosmetic Packaging Manufacture"},"image":{"@id":"https:\/\/www.alovey.com\/#\/schema\/logo\/image\/"}}]}},"_links":{"self":[{"href":"https:\/\/www.alovey.com\/es\/wp-json\/wp\/v2\/product\/10886"}],"collection":[{"href":"https:\/\/www.alovey.com\/es\/wp-json\/wp\/v2\/product"}],"about":[{"href":"https:\/\/www.alovey.com\/es\/wp-json\/wp\/v2\/types\/product"}],"wp:featuredmedia":[{"embeddable":true,"href":"https:\/\/www.alovey.com\/es\/wp-json\/wp\/v2\/media\/10911"}],"wp:attachment":[{"href":"https:\/\/www.alovey.com\/es\/wp-json\/wp\/v2\/media?parent=10886"}],"wp:term":[{"taxonomy":"product_brand","embeddable":true,"href":"https:\/\/www.alovey.com\/es\/wp-json\/wp\/v2\/product_brand?post=10886"},{"taxonomy":"product_cat","embeddable":true,"href":"https:\/\/www.alovey.com\/es\/wp-json\/wp\/v2\/product_cat?post=10886"},{"taxonomy":"product_tag","embeddable":true,"href":"https:\/\/www.alovey.com\/es\/wp-json\/wp\/v2\/product_tag?post=10886"}],"curies":[{"name":"wp","href":"https:\/\/api.w.org\/{rel}","templated":true}]}}