{"id":10741,"date":"2025-06-12T03:24:02","date_gmt":"2025-06-12T03:24:02","guid":{"rendered":"https:\/\/www.alovey.com\/?post_type=product&#038;p=10741"},"modified":"2025-06-12T03:37:11","modified_gmt":"2025-06-12T03:37:11","slug":"wholesale-eyelash-growth-serum-bottles","status":"publish","type":"product","link":"https:\/\/www.alovey.com\/es\/producto\/wholesale-eyelash-growth-serum-bottles\/","title":{"rendered":"Venta al por mayor frascos de suero para el crecimiento de las pesta\u00f1as 5ml"},"content":{"rendered":"<p><strong>We wholesale eyelash growth serum bottles.<\/strong><\/p>\n<p><strong>This eyelash growth serum bottles is 5ml,\u00a0designed for eyelash serum, mascara, and eyebrow serum\u00a0alike.<\/strong><\/p>\n<p><strong>\u00a0Lightweight and sturdy, it&#8217;s an ideal choice for travel, business trips, or daily on-the-go beauty routines.<\/strong><\/p>\n<p><strong>The eyelash growth serum bottles supports a variety of interchangeable applicators, allowing you to tailor it to different formulas and user preferences \u2014 from beginners practicing at home to professional makeup artists performing makeovers.<\/strong><\/p>\n<p><strong>A smart solution for brands seeking both functionality and flexibility\u00a0in sleek, portable cosmetic packaging.<\/strong><\/p>\n<p><strong>Alovey, como fabricante profesional chino de envases para cosm\u00e9ticos, produce una exquisita gama de envases personalizados para cosm\u00e9ticos, meticulosamente elaborados para elevar su marca. Nuestra variada selecci\u00f3n de materiales de primera calidad, combinada con delicadas t\u00e9cnicas de acabado superficial como la serigraf\u00eda, la estampaci\u00f3n en caliente y la pulverizaci\u00f3n mate, garantiza que cada envase sea una obra maestra \u00fanica.<\/strong><\/p>\n<p><img fetchpriority=\"high\" decoding=\"async\" class=\"size-full wp-image-10747\" src=\"https:\/\/www.alovey.com\/wp-content\/uploads\/2025\/06\/Wholesale-eyelash-growth-serum-bottles-5ml-5.jpg\" alt=\"eyelash growth serum bottles\" width=\"750\" height=\"750\" srcset=\"https:\/\/www.alovey.com\/wp-content\/uploads\/2025\/06\/Wholesale-eyelash-growth-serum-bottles-5ml-5.jpg 750w, https:\/\/www.alovey.com\/wp-content\/uploads\/2025\/06\/Wholesale-eyelash-growth-serum-bottles-5ml-5-300x300.jpg 300w, https:\/\/www.alovey.com\/wp-content\/uploads\/2025\/06\/Wholesale-eyelash-growth-serum-bottles-5ml-5-150x150.jpg 150w, https:\/\/www.alovey.com\/wp-content\/uploads\/2025\/06\/Wholesale-eyelash-growth-serum-bottles-5ml-5-600x600.jpg 600w, https:\/\/www.alovey.com\/wp-content\/uploads\/2025\/06\/Wholesale-eyelash-growth-serum-bottles-5ml-5-100x100.jpg 100w\" sizes=\"(max-width: 750px) 100vw, 750px\" \/><\/p>\n<p><img decoding=\"async\" class=\"size-full wp-image-10746\" src=\"https:\/\/www.alovey.com\/wp-content\/uploads\/2025\/06\/Wholesale-eyelash-growth-serum-bottles-5ml-4.jpg\" alt=\"eyelash growth serum bottles\" width=\"750\" height=\"750\" srcset=\"https:\/\/www.alovey.com\/wp-content\/uploads\/2025\/06\/Wholesale-eyelash-growth-serum-bottles-5ml-4.jpg 750w, https:\/\/www.alovey.com\/wp-content\/uploads\/2025\/06\/Wholesale-eyelash-growth-serum-bottles-5ml-4-300x300.jpg 300w, https:\/\/www.alovey.com\/wp-content\/uploads\/2025\/06\/Wholesale-eyelash-growth-serum-bottles-5ml-4-150x150.jpg 150w, https:\/\/www.alovey.com\/wp-content\/uploads\/2025\/06\/Wholesale-eyelash-growth-serum-bottles-5ml-4-600x600.jpg 600w, https:\/\/www.alovey.com\/wp-content\/uploads\/2025\/06\/Wholesale-eyelash-growth-serum-bottles-5ml-4-100x100.jpg 100w\" sizes=\"(max-width: 750px) 100vw, 750px\" \/><\/p>\n<p><img decoding=\"async\" class=\"size-full wp-image-10745\" src=\"https:\/\/www.alovey.com\/wp-content\/uploads\/2025\/06\/Wholesale-eyelash-growth-serum-bottles-5ml-3.jpg\" alt=\"eyelash growth serum bottles\" width=\"750\" height=\"750\" srcset=\"https:\/\/www.alovey.com\/wp-content\/uploads\/2025\/06\/Wholesale-eyelash-growth-serum-bottles-5ml-3.jpg 750w, https:\/\/www.alovey.com\/wp-content\/uploads\/2025\/06\/Wholesale-eyelash-growth-serum-bottles-5ml-3-300x300.jpg 300w, https:\/\/www.alovey.com\/wp-content\/uploads\/2025\/06\/Wholesale-eyelash-growth-serum-bottles-5ml-3-150x150.jpg 150w, https:\/\/www.alovey.com\/wp-content\/uploads\/2025\/06\/Wholesale-eyelash-growth-serum-bottles-5ml-3-600x600.jpg 600w, https:\/\/www.alovey.com\/wp-content\/uploads\/2025\/06\/Wholesale-eyelash-growth-serum-bottles-5ml-3-100x100.jpg 100w\" sizes=\"(max-width: 750px) 100vw, 750px\" \/><\/p>\n<p><img loading=\"lazy\" decoding=\"async\" class=\"size-full wp-image-10744\" src=\"https:\/\/www.alovey.com\/wp-content\/uploads\/2025\/06\/Wholesale-eyelash-growth-serum-bottles-5ml-2.jpg\" alt=\"eyelash growth serum bottles\" width=\"750\" height=\"750\" srcset=\"https:\/\/www.alovey.com\/wp-content\/uploads\/2025\/06\/Wholesale-eyelash-growth-serum-bottles-5ml-2.jpg 750w, https:\/\/www.alovey.com\/wp-content\/uploads\/2025\/06\/Wholesale-eyelash-growth-serum-bottles-5ml-2-300x300.jpg 300w, https:\/\/www.alovey.com\/wp-content\/uploads\/2025\/06\/Wholesale-eyelash-growth-serum-bottles-5ml-2-150x150.jpg 150w, https:\/\/www.alovey.com\/wp-content\/uploads\/2025\/06\/Wholesale-eyelash-growth-serum-bottles-5ml-2-600x600.jpg 600w, https:\/\/www.alovey.com\/wp-content\/uploads\/2025\/06\/Wholesale-eyelash-growth-serum-bottles-5ml-2-100x100.jpg 100w\" sizes=\"(max-width: 750px) 100vw, 750px\" \/><\/p>\n<p><img loading=\"lazy\" decoding=\"async\" class=\"size-full wp-image-10743\" src=\"https:\/\/www.alovey.com\/wp-content\/uploads\/2025\/06\/Wholesale-eyelash-growth-serum-bottles-5ml-1.jpg\" alt=\"eyelash growth serum bottles\" width=\"750\" height=\"750\" srcset=\"https:\/\/www.alovey.com\/wp-content\/uploads\/2025\/06\/Wholesale-eyelash-growth-serum-bottles-5ml-1.jpg 750w, https:\/\/www.alovey.com\/wp-content\/uploads\/2025\/06\/Wholesale-eyelash-growth-serum-bottles-5ml-1-300x300.jpg 300w, https:\/\/www.alovey.com\/wp-content\/uploads\/2025\/06\/Wholesale-eyelash-growth-serum-bottles-5ml-1-150x150.jpg 150w, https:\/\/www.alovey.com\/wp-content\/uploads\/2025\/06\/Wholesale-eyelash-growth-serum-bottles-5ml-1-600x600.jpg 600w, https:\/\/www.alovey.com\/wp-content\/uploads\/2025\/06\/Wholesale-eyelash-growth-serum-bottles-5ml-1-100x100.jpg 100w\" sizes=\"(max-width: 750px) 100vw, 750px\" \/><\/p>\n<p><img loading=\"lazy\" decoding=\"async\" class=\"size-full wp-image-10742\" src=\"https:\/\/www.alovey.com\/wp-content\/uploads\/2025\/06\/Wholesale-eyelash-growth-serum-bottles-5ml-6.jpg\" alt=\"eyelash growth serum bottles\" width=\"750\" height=\"750\" srcset=\"https:\/\/www.alovey.com\/wp-content\/uploads\/2025\/06\/Wholesale-eyelash-growth-serum-bottles-5ml-6.jpg 750w, https:\/\/www.alovey.com\/wp-content\/uploads\/2025\/06\/Wholesale-eyelash-growth-serum-bottles-5ml-6-300x300.jpg 300w, https:\/\/www.alovey.com\/wp-content\/uploads\/2025\/06\/Wholesale-eyelash-growth-serum-bottles-5ml-6-150x150.jpg 150w, https:\/\/www.alovey.com\/wp-content\/uploads\/2025\/06\/Wholesale-eyelash-growth-serum-bottles-5ml-6-600x600.jpg 600w, https:\/\/www.alovey.com\/wp-content\/uploads\/2025\/06\/Wholesale-eyelash-growth-serum-bottles-5ml-6-100x100.jpg 100w\" sizes=\"(max-width: 750px) 100vw, 750px\" \/><\/p>\n<p>&nbsp;<\/p>\n<p>&nbsp;<\/p>\n<p>&nbsp;<\/p>\n<p>&nbsp;<\/p>\n<p>&nbsp;<\/p>\n<p>&nbsp;<\/p>\n<p>&nbsp;<\/p>\n<p>&nbsp;<\/p>\n<p>&nbsp;<\/p>\n<p>&nbsp;<\/p>\n<p>&nbsp;<\/p>\n<p>&nbsp;<\/p>\n<p>&nbsp;<\/p>\n<p>&nbsp;<\/p>\n<p>&nbsp;<\/p>\n<p>&nbsp;<\/p>\n<p>&nbsp;<\/p>\n<p>&nbsp;<\/p>\n<p>&nbsp;<\/p>\n<p>&nbsp;<\/p>\n<p>&nbsp;<\/p>\n<p>&nbsp;<\/p>\n<p>&nbsp;<\/p>\n<p>&nbsp;<\/p>\n<p>&nbsp;<\/p>\n<p>&nbsp;<\/p>\n<p>&nbsp;<\/p>\n<p>&nbsp;<\/p>\n<p>&nbsp;<\/p>\n<p>&nbsp;<\/p>\n<p>&nbsp;<\/p>\n<p>&nbsp;<\/p>\n<p>&nbsp;<\/p>\n<p>&nbsp;<\/p>\n<p>&nbsp;<\/p>\n<p>&nbsp;<\/p>\n<p>&nbsp;<\/p>\n<p>&nbsp;<\/p>\n<p>&nbsp;<\/p>\n<p>&nbsp;<\/p>\n<p>&nbsp;<\/p>\n<p>&nbsp;<\/p>\n<p>&nbsp;<\/p>\n<p>&nbsp;<\/p>\n<p>&nbsp;<\/p>\n<p>&nbsp;<\/p>\n<p>&nbsp;<\/p>\n<p>&nbsp;<\/p>\n<p>&nbsp;<\/p>\n<p>&nbsp;<\/p>\n<p>&nbsp;<\/p>\n<p>&nbsp;<\/p>\n<p>&nbsp;<\/p>\n<p>&nbsp;<\/p>\n<p>&nbsp;<\/p>\n<p>&nbsp;<\/p>\n<p>&nbsp;<\/p>\n<p>&nbsp;<\/p>\n<p>&nbsp;<\/p>\n<p>&nbsp;<\/p>\n<p>&nbsp;<\/p>\n<p>&nbsp;<\/p>\n<p>&nbsp;<\/p>\n<p>&nbsp;<\/p>\n<p>&nbsp;<\/p>\n<p>&nbsp;<\/p>\n<p>&nbsp;<\/p>\n<p>&nbsp;<\/p>\n<p>&nbsp;<\/p>\n<p>&nbsp;<\/p>\n<p>&nbsp;<\/p>\n<p>&nbsp;<\/p>\n<p>&nbsp;<\/p>\n<p>&nbsp;<\/p>\n<p>&nbsp;<\/p>\n<p>&nbsp;<\/p>\n<p>&nbsp;<\/p>\n<p>&nbsp;<\/p>\n<p>&nbsp;<\/p>\n<p>&nbsp;<\/p>\n<p>&nbsp;<\/p>\n<p>&nbsp;<\/p>\n<p>&nbsp;<\/p>\n<p>&nbsp;<\/p>\n<p>&nbsp;<\/p>\n<p>&nbsp;<\/p>\n<p>&nbsp;<\/p>\n<p>&nbsp;<\/p>\n<p>&nbsp;<\/p>\n<p>&nbsp;<\/p>\n<p>&nbsp;<\/p>\n<p>&nbsp;<\/p>\n<p>&nbsp;<\/p>\n<p>&nbsp;<\/p>\n<p>&nbsp;<\/p>\n<p>&nbsp;<\/p>\n<p>&nbsp;<\/p>\n<p>&nbsp;<\/p>\n<p>&nbsp;<\/p>\n<p>&nbsp;<\/p>\n<p>&nbsp;<\/p>\n<p>&nbsp;<\/p>\n<p>&nbsp;<\/p>\n<p>&nbsp;<\/p>\n<p>&nbsp;<\/p>\n<p>&nbsp;<\/p>\n<p>&nbsp;<\/p>\n<p>&nbsp;<\/p>\n<p>&nbsp;<\/p>\n<p>&nbsp;<\/p>\n<p>&nbsp;<\/p>\n<p>&nbsp;<\/p>\n<p>&nbsp;<\/p>\n<p>&nbsp;<\/p>\n<p>&nbsp;<\/p>\n<p>&nbsp;<\/p>\n<p>&nbsp;<\/p>\n<p>&nbsp;<\/p>\n<p>&nbsp;<\/p>\n<p>&nbsp;<\/p>\n<p>&nbsp;<\/p>","protected":false},"excerpt":{"rendered":"<ul>\n<li>Item No: MA-0201A<\/li>\n<li>Material:\u00a0Plastic<\/li>\n<li>Size:\u00a0D15*H90MM<\/li>\n<li>Capacity: 5ML<\/li>\n<li>Aplicaciones: Productos de belleza<\/li>\n<li>MOQ: 12.000 piezas<\/li>\n<li>Color: Color personalizado<\/li>\n<li>Surface treatment: Injection\/Matte\/Metalization\/UV coating<\/li>\n<li>Nombre de marca: OEM\/ODM<\/li>\n<li>Logotipo: Logotipo del cliente<\/li>\n<li>Capacidad de suministro: 100.000 piezas al mes<\/li>\n<\/ul>","protected":false},"featured_media":10744,"template":"","meta":{"_acf_changed":false},"product_brand":[],"product_cat":[376],"product_tag":[446,391],"class_list":{"0":"post-10741","1":"product","2":"type-product","3":"status-publish","4":"has-post-thumbnail","6":"product_cat-wholesale-empty-eyelash-tube","7":"product_tag-eyelash-growth-tube","8":"product_tag-mascara-tube","10":"first","11":"instock","12":"shipping-taxable","13":"product-type-simple"},"acf":[],"yoast_head":"<!-- This site is optimized with the Yoast SEO plugin v24.1 - https:\/\/yoast.com\/wordpress\/plugins\/seo\/ -->\n<title>Wholesale eyelash growth serum bottles<\/title>\n<meta name=\"description\" content=\"We wholesale eyelash growth serum bottles. This eyelash growth serum bottles is 5ml, designed for eyelash serum, mascara, and eyebrow serum alike.\" \/>\n<meta name=\"robots\" content=\"index, follow, max-snippet:-1, max-image-preview:large, max-video-preview:-1\" \/>\n<link rel=\"canonical\" href=\"https:\/\/www.alovey.com\/es\/producto\/wholesale-eyelash-growth-serum-bottles\/\" \/>\n<meta property=\"og:locale\" content=\"es_ES\" \/>\n<meta property=\"og:type\" content=\"article\" \/>\n<meta property=\"og:title\" content=\"Wholesale eyelash growth serum bottles\" \/>\n<meta property=\"og:description\" content=\"We wholesale eyelash growth serum bottles. This eyelash growth serum bottles is 5ml, designed for eyelash serum, mascara, and eyebrow serum alike.\" \/>\n<meta property=\"og:url\" content=\"https:\/\/www.alovey.com\/es\/producto\/wholesale-eyelash-growth-serum-bottles\/\" \/>\n<meta property=\"og:site_name\" content=\"Best Cosmetic Packaging Manufacture\" \/>\n<meta property=\"article:modified_time\" content=\"2025-06-12T03:37:11+00:00\" \/>\n<meta property=\"og:image\" content=\"https:\/\/www.alovey.com\/wp-content\/uploads\/2025\/06\/Wholesale-eyelash-growth-serum-bottles-5ml-2.jpg\" \/>\n\t<meta property=\"og:image:width\" content=\"750\" \/>\n\t<meta property=\"og:image:height\" content=\"750\" \/>\n\t<meta property=\"og:image:type\" content=\"image\/jpeg\" \/>\n<meta name=\"twitter:card\" content=\"summary_large_image\" \/>\n<meta name=\"twitter:label1\" content=\"Tiempo de lectura\" \/>\n\t<meta name=\"twitter:data1\" content=\"2 minutos\" \/>\n<script type=\"application\/ld+json\" class=\"yoast-schema-graph\">{\"@context\":\"https:\/\/schema.org\",\"@graph\":[{\"@type\":\"WebPage\",\"@id\":\"https:\/\/www.alovey.com\/product\/wholesale-eyelash-growth-serum-bottles\/\",\"url\":\"https:\/\/www.alovey.com\/product\/wholesale-eyelash-growth-serum-bottles\/\",\"name\":\"Wholesale eyelash growth serum bottles\",\"isPartOf\":{\"@id\":\"https:\/\/www.alovey.com\/#website\"},\"primaryImageOfPage\":{\"@id\":\"https:\/\/www.alovey.com\/product\/wholesale-eyelash-growth-serum-bottles\/#primaryimage\"},\"image\":{\"@id\":\"https:\/\/www.alovey.com\/product\/wholesale-eyelash-growth-serum-bottles\/#primaryimage\"},\"thumbnailUrl\":\"https:\/\/www.alovey.com\/wp-content\/uploads\/2025\/06\/Wholesale-eyelash-growth-serum-bottles-5ml-2.jpg\",\"datePublished\":\"2025-06-12T03:24:02+00:00\",\"dateModified\":\"2025-06-12T03:37:11+00:00\",\"description\":\"We wholesale eyelash growth serum bottles. This eyelash growth serum bottles is 5ml, designed for eyelash serum, mascara, and eyebrow serum alike.\",\"breadcrumb\":{\"@id\":\"https:\/\/www.alovey.com\/product\/wholesale-eyelash-growth-serum-bottles\/#breadcrumb\"},\"inLanguage\":\"es\",\"potentialAction\":[{\"@type\":\"ReadAction\",\"target\":[\"https:\/\/www.alovey.com\/product\/wholesale-eyelash-growth-serum-bottles\/\"]}]},{\"@type\":\"ImageObject\",\"inLanguage\":\"es\",\"@id\":\"https:\/\/www.alovey.com\/product\/wholesale-eyelash-growth-serum-bottles\/#primaryimage\",\"url\":\"https:\/\/www.alovey.com\/wp-content\/uploads\/2025\/06\/Wholesale-eyelash-growth-serum-bottles-5ml-2.jpg\",\"contentUrl\":\"https:\/\/www.alovey.com\/wp-content\/uploads\/2025\/06\/Wholesale-eyelash-growth-serum-bottles-5ml-2.jpg\",\"width\":750,\"height\":750,\"caption\":\"Wholesale eyelash growth serum bottles 5ml\"},{\"@type\":\"BreadcrumbList\",\"@id\":\"https:\/\/www.alovey.com\/product\/wholesale-eyelash-growth-serum-bottles\/#breadcrumb\",\"itemListElement\":[{\"@type\":\"ListItem\",\"position\":1,\"name\":\"\u9996\u9875\",\"item\":\"https:\/\/www.alovey.com\/\"},{\"@type\":\"ListItem\",\"position\":2,\"name\":\"Products\",\"item\":\"https:\/\/www.alovey.com\/products\/\"},{\"@type\":\"ListItem\",\"position\":3,\"name\":\"Wholesale eyelash growth serum bottles 5ml\"}]},{\"@type\":\"WebSite\",\"@id\":\"https:\/\/www.alovey.com\/#website\",\"url\":\"https:\/\/www.alovey.com\/\",\"name\":\"Best Cosmetic Packaging Manufacture\",\"description\":\"Alovey Cosmetic Packaging Co.,Ltd\",\"publisher\":{\"@id\":\"https:\/\/www.alovey.com\/#organization\"},\"potentialAction\":[{\"@type\":\"SearchAction\",\"target\":{\"@type\":\"EntryPoint\",\"urlTemplate\":\"https:\/\/www.alovey.com\/?s={search_term_string}\"},\"query-input\":{\"@type\":\"PropertyValueSpecification\",\"valueRequired\":true,\"valueName\":\"search_term_string\"}}],\"inLanguage\":\"es\"},{\"@type\":\"Organization\",\"@id\":\"https:\/\/www.alovey.com\/#organization\",\"name\":\"Best Cosmetic Packaging Manufacture\",\"url\":\"https:\/\/www.alovey.com\/\",\"logo\":{\"@type\":\"ImageObject\",\"inLanguage\":\"es\",\"@id\":\"https:\/\/www.alovey.com\/#\/schema\/logo\/image\/\",\"url\":\"https:\/\/www.alovey.com\/wp-content\/uploads\/2023\/03\/logo.png\",\"contentUrl\":\"https:\/\/www.alovey.com\/wp-content\/uploads\/2023\/03\/logo.png\",\"width\":505,\"height\":180,\"caption\":\"Best  Cosmetic Packaging Manufacture\"},\"image\":{\"@id\":\"https:\/\/www.alovey.com\/#\/schema\/logo\/image\/\"}}]}<\/script>\n<!-- \/ Yoast SEO plugin. -->","yoast_head_json":{"title":"Wholesale eyelash growth serum bottles","description":"We wholesale eyelash growth serum bottles. This eyelash growth serum bottles is 5ml, designed for eyelash serum, mascara, and eyebrow serum alike.","robots":{"index":"index","follow":"follow","max-snippet":"max-snippet:-1","max-image-preview":"max-image-preview:large","max-video-preview":"max-video-preview:-1"},"canonical":"https:\/\/www.alovey.com\/es\/producto\/wholesale-eyelash-growth-serum-bottles\/","og_locale":"es_ES","og_type":"article","og_title":"Wholesale eyelash growth serum bottles","og_description":"We wholesale eyelash growth serum bottles. This eyelash growth serum bottles is 5ml, designed for eyelash serum, mascara, and eyebrow serum alike.","og_url":"https:\/\/www.alovey.com\/es\/producto\/wholesale-eyelash-growth-serum-bottles\/","og_site_name":"Best Cosmetic Packaging Manufacture","article_modified_time":"2025-06-12T03:37:11+00:00","og_image":[{"width":750,"height":750,"url":"https:\/\/www.alovey.com\/wp-content\/uploads\/2025\/06\/Wholesale-eyelash-growth-serum-bottles-5ml-2.jpg","type":"image\/jpeg"}],"twitter_card":"summary_large_image","twitter_misc":{"Tiempo de lectura":"2 minutos"},"schema":{"@context":"https:\/\/schema.org","@graph":[{"@type":"WebPage","@id":"https:\/\/www.alovey.com\/product\/wholesale-eyelash-growth-serum-bottles\/","url":"https:\/\/www.alovey.com\/product\/wholesale-eyelash-growth-serum-bottles\/","name":"Wholesale eyelash growth serum bottles","isPartOf":{"@id":"https:\/\/www.alovey.com\/#website"},"primaryImageOfPage":{"@id":"https:\/\/www.alovey.com\/product\/wholesale-eyelash-growth-serum-bottles\/#primaryimage"},"image":{"@id":"https:\/\/www.alovey.com\/product\/wholesale-eyelash-growth-serum-bottles\/#primaryimage"},"thumbnailUrl":"https:\/\/www.alovey.com\/wp-content\/uploads\/2025\/06\/Wholesale-eyelash-growth-serum-bottles-5ml-2.jpg","datePublished":"2025-06-12T03:24:02+00:00","dateModified":"2025-06-12T03:37:11+00:00","description":"We wholesale eyelash growth serum bottles. This eyelash growth serum bottles is 5ml, designed for eyelash serum, mascara, and eyebrow serum alike.","breadcrumb":{"@id":"https:\/\/www.alovey.com\/product\/wholesale-eyelash-growth-serum-bottles\/#breadcrumb"},"inLanguage":"es","potentialAction":[{"@type":"ReadAction","target":["https:\/\/www.alovey.com\/product\/wholesale-eyelash-growth-serum-bottles\/"]}]},{"@type":"ImageObject","inLanguage":"es","@id":"https:\/\/www.alovey.com\/product\/wholesale-eyelash-growth-serum-bottles\/#primaryimage","url":"https:\/\/www.alovey.com\/wp-content\/uploads\/2025\/06\/Wholesale-eyelash-growth-serum-bottles-5ml-2.jpg","contentUrl":"https:\/\/www.alovey.com\/wp-content\/uploads\/2025\/06\/Wholesale-eyelash-growth-serum-bottles-5ml-2.jpg","width":750,"height":750,"caption":"Wholesale eyelash growth serum bottles 5ml"},{"@type":"BreadcrumbList","@id":"https:\/\/www.alovey.com\/product\/wholesale-eyelash-growth-serum-bottles\/#breadcrumb","itemListElement":[{"@type":"ListItem","position":1,"name":"\u9996\u9875","item":"https:\/\/www.alovey.com\/"},{"@type":"ListItem","position":2,"name":"Products","item":"https:\/\/www.alovey.com\/products\/"},{"@type":"ListItem","position":3,"name":"Wholesale eyelash growth serum bottles 5ml"}]},{"@type":"WebSite","@id":"https:\/\/www.alovey.com\/#website","url":"https:\/\/www.alovey.com\/","name":"Best Cosmetic Packaging Manufacture","description":"Alovey Cosmetic Packaging S.L.","publisher":{"@id":"https:\/\/www.alovey.com\/#organization"},"potentialAction":[{"@type":"SearchAction","target":{"@type":"EntryPoint","urlTemplate":"https:\/\/www.alovey.com\/?s={search_term_string}"},"query-input":{"@type":"PropertyValueSpecification","valueRequired":true,"valueName":"search_term_string"}}],"inLanguage":"es"},{"@type":"Organization","@id":"https:\/\/www.alovey.com\/#organization","name":"Best Cosmetic Packaging Manufacture","url":"https:\/\/www.alovey.com\/","logo":{"@type":"ImageObject","inLanguage":"es","@id":"https:\/\/www.alovey.com\/#\/schema\/logo\/image\/","url":"https:\/\/www.alovey.com\/wp-content\/uploads\/2023\/03\/logo.png","contentUrl":"https:\/\/www.alovey.com\/wp-content\/uploads\/2023\/03\/logo.png","width":505,"height":180,"caption":"Best  Cosmetic Packaging Manufacture"},"image":{"@id":"https:\/\/www.alovey.com\/#\/schema\/logo\/image\/"}}]}},"_links":{"self":[{"href":"https:\/\/www.alovey.com\/es\/wp-json\/wp\/v2\/product\/10741"}],"collection":[{"href":"https:\/\/www.alovey.com\/es\/wp-json\/wp\/v2\/product"}],"about":[{"href":"https:\/\/www.alovey.com\/es\/wp-json\/wp\/v2\/types\/product"}],"wp:featuredmedia":[{"embeddable":true,"href":"https:\/\/www.alovey.com\/es\/wp-json\/wp\/v2\/media\/10744"}],"wp:attachment":[{"href":"https:\/\/www.alovey.com\/es\/wp-json\/wp\/v2\/media?parent=10741"}],"wp:term":[{"taxonomy":"product_brand","embeddable":true,"href":"https:\/\/www.alovey.com\/es\/wp-json\/wp\/v2\/product_brand?post=10741"},{"taxonomy":"product_cat","embeddable":true,"href":"https:\/\/www.alovey.com\/es\/wp-json\/wp\/v2\/product_cat?post=10741"},{"taxonomy":"product_tag","embeddable":true,"href":"https:\/\/www.alovey.com\/es\/wp-json\/wp\/v2\/product_tag?post=10741"}],"curies":[{"name":"wp","href":"https:\/\/api.w.org\/{rel}","templated":true}]}}