{"id":10695,"date":"2025-06-09T10:00:41","date_gmt":"2025-06-09T10:00:41","guid":{"rendered":"https:\/\/www.alovey.com\/?post_type=product&#038;p=10695"},"modified":"2025-06-09T10:06:51","modified_gmt":"2025-06-09T10:06:51","slug":"airtight-lipstick-container-with-slant-mechanism","status":"publish","type":"product","link":"https:\/\/www.alovey.com\/es\/producto\/airtight-lipstick-container-with-slant-mechanism\/","title":{"rendered":"Airtight Lipstick Container with Slant Mechanism"},"content":{"rendered":"<p><strong>This innovative airtight lipstick container features a slant mechanism, designed for optimal product presentation and smooth application. Suitable for top filling and bottom filling, it offers excellent compatibility with a wide range of formulas.<\/strong><\/p>\n<p><strong>Key Features:<\/strong><\/p>\n<p><strong>Airtight Design: Ensures minimal air exposure, preserving the integrity of long-lasting and waterproof formulations.<\/strong><\/p>\n<p><strong>Formula Compatibility: Ideal for long-wear lipsticks, waterproof lipsticks, and concealer sticks.<\/strong><\/p>\n<p><strong>Premium Aesthetic: The slant design not only enhances usability but also adds a modern, stylish touch to your packaging.<\/strong><\/p>\n<p><strong>Perfect for brands seeking advanced protection and a refined user experience, this container elevates both the functionality and appeal of your product line.<\/strong><\/p>\n<p><strong>Alovey, como fabricante profesional chino de envases para cosm\u00e9ticos, produce una exquisita gama de envases personalizados para cosm\u00e9ticos, meticulosamente elaborados para elevar su marca. Nuestra variada selecci\u00f3n de materiales de primera calidad, combinada con delicadas t\u00e9cnicas de acabado superficial como la serigraf\u00eda, la estampaci\u00f3n en caliente y la pulverizaci\u00f3n mate, garantiza que cada envase sea una obra maestra \u00fanica.<\/strong><\/p>\n<p><img fetchpriority=\"high\" decoding=\"async\" class=\"size-full wp-image-10702\" src=\"https:\/\/www.alovey.com\/wp-content\/uploads\/2025\/06\/Airtight-Lipstick-Container-with-Slant-Mechanism-5.jpg\" alt=\"Airtight lipstick container\" width=\"750\" height=\"750\" srcset=\"https:\/\/www.alovey.com\/wp-content\/uploads\/2025\/06\/Airtight-Lipstick-Container-with-Slant-Mechanism-5.jpg 750w, https:\/\/www.alovey.com\/wp-content\/uploads\/2025\/06\/Airtight-Lipstick-Container-with-Slant-Mechanism-5-300x300.jpg 300w, https:\/\/www.alovey.com\/wp-content\/uploads\/2025\/06\/Airtight-Lipstick-Container-with-Slant-Mechanism-5-150x150.jpg 150w, https:\/\/www.alovey.com\/wp-content\/uploads\/2025\/06\/Airtight-Lipstick-Container-with-Slant-Mechanism-5-600x600.jpg 600w, https:\/\/www.alovey.com\/wp-content\/uploads\/2025\/06\/Airtight-Lipstick-Container-with-Slant-Mechanism-5-100x100.jpg 100w\" sizes=\"(max-width: 750px) 100vw, 750px\" \/><\/p>\n<p><img decoding=\"async\" class=\"size-full wp-image-10701\" src=\"https:\/\/www.alovey.com\/wp-content\/uploads\/2025\/06\/Airtight-Lipstick-Container-with-Slant-Mechanism-4.jpg\" alt=\"Airtight lipstick container\" width=\"750\" height=\"750\" srcset=\"https:\/\/www.alovey.com\/wp-content\/uploads\/2025\/06\/Airtight-Lipstick-Container-with-Slant-Mechanism-4.jpg 750w, https:\/\/www.alovey.com\/wp-content\/uploads\/2025\/06\/Airtight-Lipstick-Container-with-Slant-Mechanism-4-300x300.jpg 300w, https:\/\/www.alovey.com\/wp-content\/uploads\/2025\/06\/Airtight-Lipstick-Container-with-Slant-Mechanism-4-150x150.jpg 150w, https:\/\/www.alovey.com\/wp-content\/uploads\/2025\/06\/Airtight-Lipstick-Container-with-Slant-Mechanism-4-600x600.jpg 600w, https:\/\/www.alovey.com\/wp-content\/uploads\/2025\/06\/Airtight-Lipstick-Container-with-Slant-Mechanism-4-100x100.jpg 100w\" sizes=\"(max-width: 750px) 100vw, 750px\" \/><\/p>\n<p><img decoding=\"async\" class=\"size-full wp-image-10700\" src=\"https:\/\/www.alovey.com\/wp-content\/uploads\/2025\/06\/Airtight-Lipstick-Container-with-Slant-Mechanism-3.jpg\" alt=\"Airtight lipstick container\" width=\"750\" height=\"750\" srcset=\"https:\/\/www.alovey.com\/wp-content\/uploads\/2025\/06\/Airtight-Lipstick-Container-with-Slant-Mechanism-3.jpg 750w, https:\/\/www.alovey.com\/wp-content\/uploads\/2025\/06\/Airtight-Lipstick-Container-with-Slant-Mechanism-3-300x300.jpg 300w, https:\/\/www.alovey.com\/wp-content\/uploads\/2025\/06\/Airtight-Lipstick-Container-with-Slant-Mechanism-3-150x150.jpg 150w, https:\/\/www.alovey.com\/wp-content\/uploads\/2025\/06\/Airtight-Lipstick-Container-with-Slant-Mechanism-3-600x600.jpg 600w, https:\/\/www.alovey.com\/wp-content\/uploads\/2025\/06\/Airtight-Lipstick-Container-with-Slant-Mechanism-3-100x100.jpg 100w\" sizes=\"(max-width: 750px) 100vw, 750px\" \/><\/p>\n<p><img loading=\"lazy\" decoding=\"async\" class=\"size-full wp-image-10699\" src=\"https:\/\/www.alovey.com\/wp-content\/uploads\/2025\/06\/Airtight-Lipstick-Container-with-Slant-Mechanism-2.jpg\" alt=\"Airtight lipstick container\" width=\"750\" height=\"750\" srcset=\"https:\/\/www.alovey.com\/wp-content\/uploads\/2025\/06\/Airtight-Lipstick-Container-with-Slant-Mechanism-2.jpg 750w, https:\/\/www.alovey.com\/wp-content\/uploads\/2025\/06\/Airtight-Lipstick-Container-with-Slant-Mechanism-2-300x300.jpg 300w, https:\/\/www.alovey.com\/wp-content\/uploads\/2025\/06\/Airtight-Lipstick-Container-with-Slant-Mechanism-2-150x150.jpg 150w, https:\/\/www.alovey.com\/wp-content\/uploads\/2025\/06\/Airtight-Lipstick-Container-with-Slant-Mechanism-2-600x600.jpg 600w, https:\/\/www.alovey.com\/wp-content\/uploads\/2025\/06\/Airtight-Lipstick-Container-with-Slant-Mechanism-2-100x100.jpg 100w\" sizes=\"(max-width: 750px) 100vw, 750px\" \/><\/p>\n<p><img loading=\"lazy\" decoding=\"async\" class=\"size-full wp-image-10698\" src=\"https:\/\/www.alovey.com\/wp-content\/uploads\/2025\/06\/Airtight-Lipstick-Container-with-Slant-Mechanism-1.jpg\" alt=\"Airtight lipstick container\" width=\"750\" height=\"750\" srcset=\"https:\/\/www.alovey.com\/wp-content\/uploads\/2025\/06\/Airtight-Lipstick-Container-with-Slant-Mechanism-1.jpg 750w, https:\/\/www.alovey.com\/wp-content\/uploads\/2025\/06\/Airtight-Lipstick-Container-with-Slant-Mechanism-1-300x300.jpg 300w, https:\/\/www.alovey.com\/wp-content\/uploads\/2025\/06\/Airtight-Lipstick-Container-with-Slant-Mechanism-1-150x150.jpg 150w, https:\/\/www.alovey.com\/wp-content\/uploads\/2025\/06\/Airtight-Lipstick-Container-with-Slant-Mechanism-1-600x600.jpg 600w, https:\/\/www.alovey.com\/wp-content\/uploads\/2025\/06\/Airtight-Lipstick-Container-with-Slant-Mechanism-1-100x100.jpg 100w\" sizes=\"(max-width: 750px) 100vw, 750px\" \/><\/p>\n<p><img loading=\"lazy\" decoding=\"async\" class=\"size-full wp-image-10697\" src=\"https:\/\/www.alovey.com\/wp-content\/uploads\/2025\/06\/Airtight-Lipstick-Container-with-Slant-Mechanism-7.jpg\" alt=\"Airtight lipstick container\" width=\"750\" height=\"750\" srcset=\"https:\/\/www.alovey.com\/wp-content\/uploads\/2025\/06\/Airtight-Lipstick-Container-with-Slant-Mechanism-7.jpg 750w, https:\/\/www.alovey.com\/wp-content\/uploads\/2025\/06\/Airtight-Lipstick-Container-with-Slant-Mechanism-7-300x300.jpg 300w, https:\/\/www.alovey.com\/wp-content\/uploads\/2025\/06\/Airtight-Lipstick-Container-with-Slant-Mechanism-7-150x150.jpg 150w, https:\/\/www.alovey.com\/wp-content\/uploads\/2025\/06\/Airtight-Lipstick-Container-with-Slant-Mechanism-7-600x600.jpg 600w, https:\/\/www.alovey.com\/wp-content\/uploads\/2025\/06\/Airtight-Lipstick-Container-with-Slant-Mechanism-7-100x100.jpg 100w\" sizes=\"(max-width: 750px) 100vw, 750px\" \/><\/p>\n<p><img loading=\"lazy\" decoding=\"async\" class=\"alignnone size-full wp-image-10696\" src=\"https:\/\/www.alovey.com\/wp-content\/uploads\/2025\/06\/Airtight-Lipstick-Container-with-Slant-Mechanism-6.jpg\" alt=\"Airtight lipstick container\" width=\"750\" height=\"750\" srcset=\"https:\/\/www.alovey.com\/wp-content\/uploads\/2025\/06\/Airtight-Lipstick-Container-with-Slant-Mechanism-6.jpg 750w, https:\/\/www.alovey.com\/wp-content\/uploads\/2025\/06\/Airtight-Lipstick-Container-with-Slant-Mechanism-6-300x300.jpg 300w, https:\/\/www.alovey.com\/wp-content\/uploads\/2025\/06\/Airtight-Lipstick-Container-with-Slant-Mechanism-6-150x150.jpg 150w, https:\/\/www.alovey.com\/wp-content\/uploads\/2025\/06\/Airtight-Lipstick-Container-with-Slant-Mechanism-6-600x600.jpg 600w, https:\/\/www.alovey.com\/wp-content\/uploads\/2025\/06\/Airtight-Lipstick-Container-with-Slant-Mechanism-6-100x100.jpg 100w\" sizes=\"(max-width: 750px) 100vw, 750px\" \/><\/p>\n<p>&nbsp;<\/p>\n<p>&nbsp;<\/p>\n<p>&nbsp;<\/p>\n<p>&nbsp;<\/p>\n<p>&nbsp;<\/p>\n<p>&nbsp;<\/p>\n<p>&nbsp;<\/p>\n<p>&nbsp;<\/p>\n<p>&nbsp;<\/p>\n<p>&nbsp;<\/p>\n<p>&nbsp;<\/p>\n<p>&nbsp;<\/p>\n<p>&nbsp;<\/p>\n<p>&nbsp;<\/p>\n<p>&nbsp;<\/p>\n<p>&nbsp;<\/p>\n<p>&nbsp;<\/p>\n<p>&nbsp;<\/p>\n<p>&nbsp;<\/p>\n<p>&nbsp;<\/p>\n<p>&nbsp;<\/p>\n<p>&nbsp;<\/p>\n<p>&nbsp;<\/p>\n<p>&nbsp;<\/p>\n<p>&nbsp;<\/p>\n<p>&nbsp;<\/p>\n<p>&nbsp;<\/p>\n<p>&nbsp;<\/p>\n<p>&nbsp;<\/p>\n<p>&nbsp;<\/p>\n<p>&nbsp;<\/p>\n<p>&nbsp;<\/p>\n<p>&nbsp;<\/p>\n<p>&nbsp;<\/p>\n<p>&nbsp;<\/p>\n<p>&nbsp;<\/p>\n<p>&nbsp;<\/p>\n<p>&nbsp;<\/p>\n<p>&nbsp;<\/p>\n<p>&nbsp;<\/p>\n<p>&nbsp;<\/p>\n<p>&nbsp;<\/p>\n<p>&nbsp;<\/p>\n<p>&nbsp;<\/p>\n<p>&nbsp;<\/p>\n<p>&nbsp;<\/p>\n<p>&nbsp;<\/p>\n<p>&nbsp;<\/p>\n<p>&nbsp;<\/p>\n<p>&nbsp;<\/p>\n<p>&nbsp;<\/p>\n<p>&nbsp;<\/p>\n<p>&nbsp;<\/p>\n<p>&nbsp;<\/p>\n<p>&nbsp;<\/p>\n<p>&nbsp;<\/p>\n<p>&nbsp;<\/p>\n<p>&nbsp;<\/p>\n<p>&nbsp;<\/p>\n<p>&nbsp;<\/p>\n<p>&nbsp;<\/p>\n<p>&nbsp;<\/p>\n<p>&nbsp;<\/p>\n<p>&nbsp;<\/p>\n<p>&nbsp;<\/p>\n<p>&nbsp;<\/p>\n<p>&nbsp;<\/p>\n<p>&nbsp;<\/p>\n<p>&nbsp;<\/p>\n<p>&nbsp;<\/p>\n<p>&nbsp;<\/p>\n<p>&nbsp;<\/p>\n<p>&nbsp;<\/p>\n<p>&nbsp;<\/p>\n<p>&nbsp;<\/p>\n<p>&nbsp;<\/p>\n<p>&nbsp;<\/p>\n<p>&nbsp;<\/p>\n<p>&nbsp;<\/p>\n<p>&nbsp;<\/p>\n<p>&nbsp;<\/p>\n<p>&nbsp;<\/p>\n<p>&nbsp;<\/p>\n<p>&nbsp;<\/p>\n<p>&nbsp;<\/p>\n<p>&nbsp;<\/p>\n<p>&nbsp;<\/p>\n<p>&nbsp;<\/p>\n<p>&nbsp;<\/p>\n<p>&nbsp;<\/p>\n<p>&nbsp;<\/p>\n<p>&nbsp;<\/p>\n<p>&nbsp;<\/p>\n<p>&nbsp;<\/p>\n<p>&nbsp;<\/p>\n<p>&nbsp;<\/p>\n<p>&nbsp;<\/p>\n<p>&nbsp;<\/p>\n<p>&nbsp;<\/p>\n<p>&nbsp;<\/p>\n<p>&nbsp;<\/p>\n<p>&nbsp;<\/p>\n<p>&nbsp;<\/p>\n<p>&nbsp;<\/p>\n<p>&nbsp;<\/p>\n<p>&nbsp;<\/p>\n<p>&nbsp;<\/p>\n<p>&nbsp;<\/p>\n<p>&nbsp;<\/p>\n<p>&nbsp;<\/p>\n<p>&nbsp;<\/p>\n<p>&nbsp;<\/p>\n<p>&nbsp;<\/p>\n<p>&nbsp;<\/p>\n<p>&nbsp;<\/p>\n<p>&nbsp;<\/p>\n<p>&nbsp;<\/p>\n<p>&nbsp;<\/p>\n<p>&nbsp;<\/p>\n<p>&nbsp;<\/p>\n<p>&nbsp;<\/p>\n<p>&nbsp;<\/p>\n<p>&nbsp;<\/p>\n<p>&nbsp;<\/p>\n<p>&nbsp;<\/p>\n<p>&nbsp;<\/p>\n<p>&nbsp;<\/p>\n<p>&nbsp;<\/p>\n<p>&nbsp;<\/p>\n<p>&nbsp;<\/p>\n<p>&nbsp;<\/p>\n<p>&nbsp;<\/p>\n<p>&nbsp;<\/p>\n<p>&nbsp;<\/p>\n<p>&nbsp;<\/p>\n<p>&nbsp;<\/p>\n<p>&nbsp;<\/p>\n<p>&nbsp;<\/p>\n<p>&nbsp;<\/p>\n<p>&nbsp;<\/p>\n<p>&nbsp;<\/p>\n<p>&nbsp;<\/p>\n<p>&nbsp;<\/p>\n<p>&nbsp;<\/p>\n<p>&nbsp;<\/p>\n<p>&nbsp;<\/p>\n<p>&nbsp;<\/p>\n<p>&nbsp;<\/p>\n<p>&nbsp;<\/p>\n<p>&nbsp;<\/p>\n<p>&nbsp;<\/p>\n<p>&nbsp;<\/p>\n<p>&nbsp;<\/p>\n<p>&nbsp;<\/p>\n<p>&nbsp;<\/p>\n<p>&nbsp;<\/p>\n<p>&nbsp;<\/p>\n<p>&nbsp;<\/p>\n<p>&nbsp;<\/p>\n<p>&nbsp;<\/p>\n<p>&nbsp;<\/p>\n<p>&nbsp;<\/p>\n<p>&nbsp;<\/p>\n<p>&nbsp;<\/p>\n<p>&nbsp;<\/p>","protected":false},"excerpt":{"rendered":"<ul>\n<li>Item No:LS-0281B<\/li>\n<li>Material:\u00a0Plastic<\/li>\n<li>Size:D19*H78MM<\/li>\n<li>Aplicaciones: Productos de belleza<\/li>\n<li>MOQ: 12.000 piezas<\/li>\n<li>Color: Color personalizado<\/li>\n<li>Surface treatment: Injection\/Matte\/Metalization\/UV coating<\/li>\n<li>Nombre de marca: OEM\/ODM<\/li>\n<li>Logotipo: Logotipo del cliente<\/li>\n<li>Capacidad de suministro: 100.000 piezas al mes<\/li>\n<\/ul>\n<p>&nbsp;<\/p>","protected":false},"featured_media":10700,"template":"","meta":{"_acf_changed":false},"product_brand":[],"product_cat":[373],"product_tag":[445,389],"class_list":{"0":"post-10695","1":"product","2":"type-product","3":"status-publish","4":"has-post-thumbnail","6":"product_cat-professional-lipstick-tube-supplier","7":"product_tag-airtight-lipstick-tube","8":"product_tag-lip-stick-tube","10":"first","11":"instock","12":"shipping-taxable","13":"product-type-simple"},"acf":[],"yoast_head":"<!-- This site is optimized with the Yoast SEO plugin v24.1 - https:\/\/yoast.com\/wordpress\/plugins\/seo\/ -->\n<title>Airtight Lipstick Container with Slant Mechanism<\/title>\n<meta name=\"description\" content=\"This innovative airtight lipstick container features a slant mechanism, designed for optimal product presentation and smooth application. Suitable for top filling and bottom filling, it offers excellent compatibility with a wide range of formulas.\" \/>\n<meta name=\"robots\" content=\"index, follow, max-snippet:-1, max-image-preview:large, max-video-preview:-1\" \/>\n<link rel=\"canonical\" href=\"https:\/\/www.alovey.com\/es\/producto\/airtight-lipstick-container-with-slant-mechanism\/\" \/>\n<meta property=\"og:locale\" content=\"es_ES\" \/>\n<meta property=\"og:type\" content=\"article\" \/>\n<meta property=\"og:title\" content=\"Airtight Lipstick Container with Slant Mechanism\" \/>\n<meta property=\"og:description\" content=\"This innovative airtight lipstick container features a slant mechanism, designed for optimal product presentation and smooth application. Suitable for top filling and bottom filling, it offers excellent compatibility with a wide range of formulas.\" \/>\n<meta property=\"og:url\" content=\"https:\/\/www.alovey.com\/es\/producto\/airtight-lipstick-container-with-slant-mechanism\/\" \/>\n<meta property=\"og:site_name\" content=\"Best Cosmetic Packaging Manufacture\" \/>\n<meta property=\"article:modified_time\" content=\"2025-06-09T10:06:51+00:00\" \/>\n<meta property=\"og:image\" content=\"https:\/\/www.alovey.com\/wp-content\/uploads\/2025\/06\/Airtight-Lipstick-Container-with-Slant-Mechanism-3.jpg\" \/>\n\t<meta property=\"og:image:width\" content=\"750\" \/>\n\t<meta property=\"og:image:height\" content=\"750\" \/>\n\t<meta property=\"og:image:type\" content=\"image\/jpeg\" \/>\n<meta name=\"twitter:card\" content=\"summary_large_image\" \/>\n<meta name=\"twitter:label1\" content=\"Tiempo de lectura\" \/>\n\t<meta name=\"twitter:data1\" content=\"3 minutos\" \/>\n<script type=\"application\/ld+json\" class=\"yoast-schema-graph\">{\"@context\":\"https:\/\/schema.org\",\"@graph\":[{\"@type\":\"WebPage\",\"@id\":\"https:\/\/www.alovey.com\/product\/airtight-lipstick-container-with-slant-mechanism\/\",\"url\":\"https:\/\/www.alovey.com\/product\/airtight-lipstick-container-with-slant-mechanism\/\",\"name\":\"Airtight Lipstick Container with Slant Mechanism\",\"isPartOf\":{\"@id\":\"https:\/\/www.alovey.com\/#website\"},\"primaryImageOfPage\":{\"@id\":\"https:\/\/www.alovey.com\/product\/airtight-lipstick-container-with-slant-mechanism\/#primaryimage\"},\"image\":{\"@id\":\"https:\/\/www.alovey.com\/product\/airtight-lipstick-container-with-slant-mechanism\/#primaryimage\"},\"thumbnailUrl\":\"https:\/\/www.alovey.com\/wp-content\/uploads\/2025\/06\/Airtight-Lipstick-Container-with-Slant-Mechanism-3.jpg\",\"datePublished\":\"2025-06-09T10:00:41+00:00\",\"dateModified\":\"2025-06-09T10:06:51+00:00\",\"description\":\"This innovative airtight lipstick container features a slant mechanism, designed for optimal product presentation and smooth application. Suitable for top filling and bottom filling, it offers excellent compatibility with a wide range of formulas.\",\"breadcrumb\":{\"@id\":\"https:\/\/www.alovey.com\/product\/airtight-lipstick-container-with-slant-mechanism\/#breadcrumb\"},\"inLanguage\":\"es\",\"potentialAction\":[{\"@type\":\"ReadAction\",\"target\":[\"https:\/\/www.alovey.com\/product\/airtight-lipstick-container-with-slant-mechanism\/\"]}]},{\"@type\":\"ImageObject\",\"inLanguage\":\"es\",\"@id\":\"https:\/\/www.alovey.com\/product\/airtight-lipstick-container-with-slant-mechanism\/#primaryimage\",\"url\":\"https:\/\/www.alovey.com\/wp-content\/uploads\/2025\/06\/Airtight-Lipstick-Container-with-Slant-Mechanism-3.jpg\",\"contentUrl\":\"https:\/\/www.alovey.com\/wp-content\/uploads\/2025\/06\/Airtight-Lipstick-Container-with-Slant-Mechanism-3.jpg\",\"width\":750,\"height\":750,\"caption\":\"Airtight Lipstick Container with Slant Mechanism\"},{\"@type\":\"BreadcrumbList\",\"@id\":\"https:\/\/www.alovey.com\/product\/airtight-lipstick-container-with-slant-mechanism\/#breadcrumb\",\"itemListElement\":[{\"@type\":\"ListItem\",\"position\":1,\"name\":\"\u9996\u9875\",\"item\":\"https:\/\/www.alovey.com\/\"},{\"@type\":\"ListItem\",\"position\":2,\"name\":\"Products\",\"item\":\"https:\/\/www.alovey.com\/products\/\"},{\"@type\":\"ListItem\",\"position\":3,\"name\":\"Airtight Lipstick Container with Slant Mechanism\"}]},{\"@type\":\"WebSite\",\"@id\":\"https:\/\/www.alovey.com\/#website\",\"url\":\"https:\/\/www.alovey.com\/\",\"name\":\"Best Cosmetic Packaging Manufacture\",\"description\":\"Alovey Cosmetic Packaging Co.,Ltd\",\"publisher\":{\"@id\":\"https:\/\/www.alovey.com\/#organization\"},\"potentialAction\":[{\"@type\":\"SearchAction\",\"target\":{\"@type\":\"EntryPoint\",\"urlTemplate\":\"https:\/\/www.alovey.com\/?s={search_term_string}\"},\"query-input\":{\"@type\":\"PropertyValueSpecification\",\"valueRequired\":true,\"valueName\":\"search_term_string\"}}],\"inLanguage\":\"es\"},{\"@type\":\"Organization\",\"@id\":\"https:\/\/www.alovey.com\/#organization\",\"name\":\"Best Cosmetic Packaging Manufacture\",\"url\":\"https:\/\/www.alovey.com\/\",\"logo\":{\"@type\":\"ImageObject\",\"inLanguage\":\"es\",\"@id\":\"https:\/\/www.alovey.com\/#\/schema\/logo\/image\/\",\"url\":\"https:\/\/www.alovey.com\/wp-content\/uploads\/2023\/03\/logo.png\",\"contentUrl\":\"https:\/\/www.alovey.com\/wp-content\/uploads\/2023\/03\/logo.png\",\"width\":505,\"height\":180,\"caption\":\"Best  Cosmetic Packaging Manufacture\"},\"image\":{\"@id\":\"https:\/\/www.alovey.com\/#\/schema\/logo\/image\/\"}}]}<\/script>\n<!-- \/ Yoast SEO plugin. -->","yoast_head_json":{"title":"Airtight Lipstick Container with Slant Mechanism","description":"This innovative airtight lipstick container features a slant mechanism, designed for optimal product presentation and smooth application. Suitable for top filling and bottom filling, it offers excellent compatibility with a wide range of formulas.","robots":{"index":"index","follow":"follow","max-snippet":"max-snippet:-1","max-image-preview":"max-image-preview:large","max-video-preview":"max-video-preview:-1"},"canonical":"https:\/\/www.alovey.com\/es\/producto\/airtight-lipstick-container-with-slant-mechanism\/","og_locale":"es_ES","og_type":"article","og_title":"Airtight Lipstick Container with Slant Mechanism","og_description":"This innovative airtight lipstick container features a slant mechanism, designed for optimal product presentation and smooth application. Suitable for top filling and bottom filling, it offers excellent compatibility with a wide range of formulas.","og_url":"https:\/\/www.alovey.com\/es\/producto\/airtight-lipstick-container-with-slant-mechanism\/","og_site_name":"Best Cosmetic Packaging Manufacture","article_modified_time":"2025-06-09T10:06:51+00:00","og_image":[{"width":750,"height":750,"url":"https:\/\/www.alovey.com\/wp-content\/uploads\/2025\/06\/Airtight-Lipstick-Container-with-Slant-Mechanism-3.jpg","type":"image\/jpeg"}],"twitter_card":"summary_large_image","twitter_misc":{"Tiempo de lectura":"3 minutos"},"schema":{"@context":"https:\/\/schema.org","@graph":[{"@type":"WebPage","@id":"https:\/\/www.alovey.com\/product\/airtight-lipstick-container-with-slant-mechanism\/","url":"https:\/\/www.alovey.com\/product\/airtight-lipstick-container-with-slant-mechanism\/","name":"Airtight Lipstick Container with Slant Mechanism","isPartOf":{"@id":"https:\/\/www.alovey.com\/#website"},"primaryImageOfPage":{"@id":"https:\/\/www.alovey.com\/product\/airtight-lipstick-container-with-slant-mechanism\/#primaryimage"},"image":{"@id":"https:\/\/www.alovey.com\/product\/airtight-lipstick-container-with-slant-mechanism\/#primaryimage"},"thumbnailUrl":"https:\/\/www.alovey.com\/wp-content\/uploads\/2025\/06\/Airtight-Lipstick-Container-with-Slant-Mechanism-3.jpg","datePublished":"2025-06-09T10:00:41+00:00","dateModified":"2025-06-09T10:06:51+00:00","description":"This innovative airtight lipstick container features a slant mechanism, designed for optimal product presentation and smooth application. Suitable for top filling and bottom filling, it offers excellent compatibility with a wide range of formulas.","breadcrumb":{"@id":"https:\/\/www.alovey.com\/product\/airtight-lipstick-container-with-slant-mechanism\/#breadcrumb"},"inLanguage":"es","potentialAction":[{"@type":"ReadAction","target":["https:\/\/www.alovey.com\/product\/airtight-lipstick-container-with-slant-mechanism\/"]}]},{"@type":"ImageObject","inLanguage":"es","@id":"https:\/\/www.alovey.com\/product\/airtight-lipstick-container-with-slant-mechanism\/#primaryimage","url":"https:\/\/www.alovey.com\/wp-content\/uploads\/2025\/06\/Airtight-Lipstick-Container-with-Slant-Mechanism-3.jpg","contentUrl":"https:\/\/www.alovey.com\/wp-content\/uploads\/2025\/06\/Airtight-Lipstick-Container-with-Slant-Mechanism-3.jpg","width":750,"height":750,"caption":"Airtight Lipstick Container with Slant Mechanism"},{"@type":"BreadcrumbList","@id":"https:\/\/www.alovey.com\/product\/airtight-lipstick-container-with-slant-mechanism\/#breadcrumb","itemListElement":[{"@type":"ListItem","position":1,"name":"\u9996\u9875","item":"https:\/\/www.alovey.com\/"},{"@type":"ListItem","position":2,"name":"Products","item":"https:\/\/www.alovey.com\/products\/"},{"@type":"ListItem","position":3,"name":"Airtight Lipstick Container with Slant Mechanism"}]},{"@type":"WebSite","@id":"https:\/\/www.alovey.com\/#website","url":"https:\/\/www.alovey.com\/","name":"Best Cosmetic Packaging Manufacture","description":"Alovey Cosmetic Packaging S.L.","publisher":{"@id":"https:\/\/www.alovey.com\/#organization"},"potentialAction":[{"@type":"SearchAction","target":{"@type":"EntryPoint","urlTemplate":"https:\/\/www.alovey.com\/?s={search_term_string}"},"query-input":{"@type":"PropertyValueSpecification","valueRequired":true,"valueName":"search_term_string"}}],"inLanguage":"es"},{"@type":"Organization","@id":"https:\/\/www.alovey.com\/#organization","name":"Best Cosmetic Packaging Manufacture","url":"https:\/\/www.alovey.com\/","logo":{"@type":"ImageObject","inLanguage":"es","@id":"https:\/\/www.alovey.com\/#\/schema\/logo\/image\/","url":"https:\/\/www.alovey.com\/wp-content\/uploads\/2023\/03\/logo.png","contentUrl":"https:\/\/www.alovey.com\/wp-content\/uploads\/2023\/03\/logo.png","width":505,"height":180,"caption":"Best  Cosmetic Packaging Manufacture"},"image":{"@id":"https:\/\/www.alovey.com\/#\/schema\/logo\/image\/"}}]}},"_links":{"self":[{"href":"https:\/\/www.alovey.com\/es\/wp-json\/wp\/v2\/product\/10695"}],"collection":[{"href":"https:\/\/www.alovey.com\/es\/wp-json\/wp\/v2\/product"}],"about":[{"href":"https:\/\/www.alovey.com\/es\/wp-json\/wp\/v2\/types\/product"}],"wp:featuredmedia":[{"embeddable":true,"href":"https:\/\/www.alovey.com\/es\/wp-json\/wp\/v2\/media\/10700"}],"wp:attachment":[{"href":"https:\/\/www.alovey.com\/es\/wp-json\/wp\/v2\/media?parent=10695"}],"wp:term":[{"taxonomy":"product_brand","embeddable":true,"href":"https:\/\/www.alovey.com\/es\/wp-json\/wp\/v2\/product_brand?post=10695"},{"taxonomy":"product_cat","embeddable":true,"href":"https:\/\/www.alovey.com\/es\/wp-json\/wp\/v2\/product_cat?post=10695"},{"taxonomy":"product_tag","embeddable":true,"href":"https:\/\/www.alovey.com\/es\/wp-json\/wp\/v2\/product_tag?post=10695"}],"curies":[{"name":"wp","href":"https:\/\/api.w.org\/{rel}","templated":true}]}}