{"id":10258,"date":"2025-03-27T07:37:38","date_gmt":"2025-03-27T07:37:38","guid":{"rendered":"https:\/\/www.alovey.com\/?post_type=product&#038;p=10258"},"modified":"2025-03-27T07:50:34","modified_gmt":"2025-03-27T07:50:34","slug":"unique-lipstick-tube-for-cosmetic-packaging","status":"publish","type":"product","link":"https:\/\/www.alovey.com\/es\/producto\/unique-lipstick-tube-for-cosmetic-packaging\/","title":{"rendered":"Wholesale Unique  Lipstick Tube for Cosmetic Packaging"},"content":{"rendered":"<p><strong>Our unique lipstick tube offers a bold, stylish, and distinctive design that will make your product shine on any shelf.\u00a0<\/strong><\/p>\n<p><strong>Elegant Square Shape: The sleek, modern square design sets your brand apart, offering a unique silhouette that\u2019s sure to catch the eye.<\/strong><\/p>\n<p><strong>Vibrant Purple Color: The rich purple hue exudes sophistication and luxury, perfect for premium cosmetic lines.<\/strong><\/p>\n<p><strong>Customizable: Available for custom branding, labeling, and printing to create a unique look for your cosmetic product line.<\/strong><\/p>\n<p><strong>Durability: Made from high-quality materials, ensuring both sturdiness and long-lasting performance.<\/strong><\/p>\n<p><strong>Alovey, como fabricante profesional chino de envases para cosm\u00e9ticos, produce una exquisita gama de envases personalizados para cosm\u00e9ticos, meticulosamente elaborados para elevar su marca. Nuestra variada selecci\u00f3n de materiales de primera calidad, combinada con delicadas t\u00e9cnicas de acabado superficial como la serigraf\u00eda, la estampaci\u00f3n en caliente y la pulverizaci\u00f3n mate, garantiza que cada envase sea una obra maestra \u00fanica.<\/strong><\/p>\n<p><img fetchpriority=\"high\" decoding=\"async\" class=\"size-full wp-image-10264\" src=\"https:\/\/www.alovey.com\/wp-content\/uploads\/2025\/03\/Wholesale-unique-lipstick-tubes-for-cosmetic-packaging-5.jpg\" alt=\"unique lipstick tubes\" width=\"750\" height=\"750\" srcset=\"https:\/\/www.alovey.com\/wp-content\/uploads\/2025\/03\/Wholesale-unique-lipstick-tubes-for-cosmetic-packaging-5.jpg 750w, https:\/\/www.alovey.com\/wp-content\/uploads\/2025\/03\/Wholesale-unique-lipstick-tubes-for-cosmetic-packaging-5-300x300.jpg 300w, https:\/\/www.alovey.com\/wp-content\/uploads\/2025\/03\/Wholesale-unique-lipstick-tubes-for-cosmetic-packaging-5-150x150.jpg 150w, https:\/\/www.alovey.com\/wp-content\/uploads\/2025\/03\/Wholesale-unique-lipstick-tubes-for-cosmetic-packaging-5-600x600.jpg 600w, https:\/\/www.alovey.com\/wp-content\/uploads\/2025\/03\/Wholesale-unique-lipstick-tubes-for-cosmetic-packaging-5-100x100.jpg 100w\" sizes=\"(max-width: 750px) 100vw, 750px\" \/><\/p>\n<p><img decoding=\"async\" class=\"size-full wp-image-10263\" src=\"https:\/\/www.alovey.com\/wp-content\/uploads\/2025\/03\/Wholesale-unique-lipstick-tubes-for-cosmetic-packaging-4.jpg\" alt=\"unique lipstick tubes\" width=\"750\" height=\"750\" srcset=\"https:\/\/www.alovey.com\/wp-content\/uploads\/2025\/03\/Wholesale-unique-lipstick-tubes-for-cosmetic-packaging-4.jpg 750w, https:\/\/www.alovey.com\/wp-content\/uploads\/2025\/03\/Wholesale-unique-lipstick-tubes-for-cosmetic-packaging-4-300x300.jpg 300w, https:\/\/www.alovey.com\/wp-content\/uploads\/2025\/03\/Wholesale-unique-lipstick-tubes-for-cosmetic-packaging-4-150x150.jpg 150w, https:\/\/www.alovey.com\/wp-content\/uploads\/2025\/03\/Wholesale-unique-lipstick-tubes-for-cosmetic-packaging-4-600x600.jpg 600w, https:\/\/www.alovey.com\/wp-content\/uploads\/2025\/03\/Wholesale-unique-lipstick-tubes-for-cosmetic-packaging-4-100x100.jpg 100w\" sizes=\"(max-width: 750px) 100vw, 750px\" \/><\/p>\n<p><img decoding=\"async\" class=\"size-full wp-image-10262\" src=\"https:\/\/www.alovey.com\/wp-content\/uploads\/2025\/03\/Wholesale-unique-lipstick-tubes-for-cosmetic-packaging-3.jpg\" alt=\"unique lipstick tubes\" width=\"750\" height=\"750\" srcset=\"https:\/\/www.alovey.com\/wp-content\/uploads\/2025\/03\/Wholesale-unique-lipstick-tubes-for-cosmetic-packaging-3.jpg 750w, https:\/\/www.alovey.com\/wp-content\/uploads\/2025\/03\/Wholesale-unique-lipstick-tubes-for-cosmetic-packaging-3-300x300.jpg 300w, https:\/\/www.alovey.com\/wp-content\/uploads\/2025\/03\/Wholesale-unique-lipstick-tubes-for-cosmetic-packaging-3-150x150.jpg 150w, https:\/\/www.alovey.com\/wp-content\/uploads\/2025\/03\/Wholesale-unique-lipstick-tubes-for-cosmetic-packaging-3-600x600.jpg 600w, https:\/\/www.alovey.com\/wp-content\/uploads\/2025\/03\/Wholesale-unique-lipstick-tubes-for-cosmetic-packaging-3-100x100.jpg 100w\" sizes=\"(max-width: 750px) 100vw, 750px\" \/><\/p>\n<p><img loading=\"lazy\" decoding=\"async\" class=\"size-full wp-image-10261\" src=\"https:\/\/www.alovey.com\/wp-content\/uploads\/2025\/03\/Wholesale-unique-lipstick-tubes-for-cosmetic-packaging-2.jpg\" alt=\"unique lipstick tubes\" width=\"750\" height=\"750\" srcset=\"https:\/\/www.alovey.com\/wp-content\/uploads\/2025\/03\/Wholesale-unique-lipstick-tubes-for-cosmetic-packaging-2.jpg 750w, https:\/\/www.alovey.com\/wp-content\/uploads\/2025\/03\/Wholesale-unique-lipstick-tubes-for-cosmetic-packaging-2-300x300.jpg 300w, https:\/\/www.alovey.com\/wp-content\/uploads\/2025\/03\/Wholesale-unique-lipstick-tubes-for-cosmetic-packaging-2-150x150.jpg 150w, https:\/\/www.alovey.com\/wp-content\/uploads\/2025\/03\/Wholesale-unique-lipstick-tubes-for-cosmetic-packaging-2-600x600.jpg 600w, https:\/\/www.alovey.com\/wp-content\/uploads\/2025\/03\/Wholesale-unique-lipstick-tubes-for-cosmetic-packaging-2-100x100.jpg 100w\" sizes=\"(max-width: 750px) 100vw, 750px\" \/><\/p>\n<p><img loading=\"lazy\" decoding=\"async\" class=\"size-full wp-image-10260\" src=\"https:\/\/www.alovey.com\/wp-content\/uploads\/2025\/03\/Wholesale-unique-lipstick-tubes-for-cosmetic-packaging-1.jpg\" alt=\"unique lipstick tubes\" width=\"750\" height=\"750\" srcset=\"https:\/\/www.alovey.com\/wp-content\/uploads\/2025\/03\/Wholesale-unique-lipstick-tubes-for-cosmetic-packaging-1.jpg 750w, https:\/\/www.alovey.com\/wp-content\/uploads\/2025\/03\/Wholesale-unique-lipstick-tubes-for-cosmetic-packaging-1-300x300.jpg 300w, https:\/\/www.alovey.com\/wp-content\/uploads\/2025\/03\/Wholesale-unique-lipstick-tubes-for-cosmetic-packaging-1-150x150.jpg 150w, https:\/\/www.alovey.com\/wp-content\/uploads\/2025\/03\/Wholesale-unique-lipstick-tubes-for-cosmetic-packaging-1-600x600.jpg 600w, https:\/\/www.alovey.com\/wp-content\/uploads\/2025\/03\/Wholesale-unique-lipstick-tubes-for-cosmetic-packaging-1-100x100.jpg 100w\" sizes=\"(max-width: 750px) 100vw, 750px\" \/><\/p>\n<p><img loading=\"lazy\" decoding=\"async\" class=\"size-full wp-image-10259\" src=\"https:\/\/www.alovey.com\/wp-content\/uploads\/2025\/03\/Wholesale-unique-lipstick-tubes-for-cosmetic-packaging-6.jpg\" alt=\"unique lipstick tubes\" width=\"750\" height=\"750\" srcset=\"https:\/\/www.alovey.com\/wp-content\/uploads\/2025\/03\/Wholesale-unique-lipstick-tubes-for-cosmetic-packaging-6.jpg 750w, https:\/\/www.alovey.com\/wp-content\/uploads\/2025\/03\/Wholesale-unique-lipstick-tubes-for-cosmetic-packaging-6-300x300.jpg 300w, https:\/\/www.alovey.com\/wp-content\/uploads\/2025\/03\/Wholesale-unique-lipstick-tubes-for-cosmetic-packaging-6-150x150.jpg 150w, https:\/\/www.alovey.com\/wp-content\/uploads\/2025\/03\/Wholesale-unique-lipstick-tubes-for-cosmetic-packaging-6-600x600.jpg 600w, https:\/\/www.alovey.com\/wp-content\/uploads\/2025\/03\/Wholesale-unique-lipstick-tubes-for-cosmetic-packaging-6-100x100.jpg 100w\" sizes=\"(max-width: 750px) 100vw, 750px\" \/><\/p>\n<p>&nbsp;<\/p>\n<p>&nbsp;<\/p>\n<p>&nbsp;<\/p>\n<p>&nbsp;<\/p>\n<p>&nbsp;<\/p>\n<p>&nbsp;<\/p>\n<p>&nbsp;<\/p>\n<p>&nbsp;<\/p>\n<p>&nbsp;<\/p>\n<p>&nbsp;<\/p>\n<p>&nbsp;<\/p>\n<p>&nbsp;<\/p>\n<p>&nbsp;<\/p>\n<p>&nbsp;<\/p>\n<p>&nbsp;<\/p>\n<p>&nbsp;<\/p>\n<p>&nbsp;<\/p>\n<p>&nbsp;<\/p>\n<p>&nbsp;<\/p>\n<p>&nbsp;<\/p>\n<p>&nbsp;<\/p>\n<p>&nbsp;<\/p>\n<p>&nbsp;<\/p>\n<p>&nbsp;<\/p>\n<p>&nbsp;<\/p>\n<p>&nbsp;<\/p>\n<p>&nbsp;<\/p>\n<p>&nbsp;<\/p>\n<p>&nbsp;<\/p>\n<p>&nbsp;<\/p>\n<p>&nbsp;<\/p>\n<p>&nbsp;<\/p>\n<p>&nbsp;<\/p>\n<p>&nbsp;<\/p>\n<p>&nbsp;<\/p>\n<p>&nbsp;<\/p>\n<p>&nbsp;<\/p>\n<p>&nbsp;<\/p>\n<p>&nbsp;<\/p>\n<p>&nbsp;<\/p>\n<p>&nbsp;<\/p>\n<p>&nbsp;<\/p>\n<p>&nbsp;<\/p>\n<p>&nbsp;<\/p>\n<p>&nbsp;<\/p>\n<p>&nbsp;<\/p>\n<p>&nbsp;<\/p>\n<p>&nbsp;<\/p>\n<p>&nbsp;<\/p>\n<p>&nbsp;<\/p>\n<p>&nbsp;<\/p>\n<p>&nbsp;<\/p>\n<p>&nbsp;<\/p>\n<p>&nbsp;<\/p>\n<p>&nbsp;<\/p>\n<p>&nbsp;<\/p>\n<p>&nbsp;<\/p>\n<p>&nbsp;<\/p>\n<p>&nbsp;<\/p>\n<p>&nbsp;<\/p>\n<p>&nbsp;<\/p>\n<p>&nbsp;<\/p>\n<p>&nbsp;<\/p>\n<p>&nbsp;<\/p>\n<p>&nbsp;<\/p>\n<p>&nbsp;<\/p>\n<p>&nbsp;<\/p>\n<p>&nbsp;<\/p>\n<p>&nbsp;<\/p>\n<p>&nbsp;<\/p>\n<p>&nbsp;<\/p>\n<p>&nbsp;<\/p>\n<p>&nbsp;<\/p>\n<p>&nbsp;<\/p>\n<p>&nbsp;<\/p>\n<p>&nbsp;<\/p>\n<p>&nbsp;<\/p>\n<p>&nbsp;<\/p>\n<p>&nbsp;<\/p>\n<p>&nbsp;<\/p>\n<p>&nbsp;<\/p>\n<p>&nbsp;<\/p>\n<p>&nbsp;<\/p>\n<p>&nbsp;<\/p>\n<p>&nbsp;<\/p>\n<p>&nbsp;<\/p>\n<p>&nbsp;<\/p>\n<p>&nbsp;<\/p>\n<p>&nbsp;<\/p>\n<p>&nbsp;<\/p>\n<p>&nbsp;<\/p>\n<p>&nbsp;<\/p>\n<p>&nbsp;<\/p>\n<p>&nbsp;<\/p>","protected":false},"excerpt":{"rendered":"<ul>\n<li>Item No: LS-0262A<\/li>\n<li>Size:W22*H74MM<\/li>\n<li>Material:  Pl\u00e1stico<\/li>\n<li>Aplicaciones: Productos de belleza<\/li>\n<li>MOQ: 12.000 piezas<\/li>\n<li>Color: Color personalizado<\/li>\n<li>Tratamiento superficial: Inyecci\u00f3n\/Mate\/Metalizado\/Recubrimiento UV<\/li>\n<li>Nombre de marca: OEM\/ODM<\/li>\n<li>Logotipo: Logotipo del cliente<\/li>\n<li>Capacidad de suministro: 100.000 piezas al mes<\/li>\n<\/ul>","protected":false},"featured_media":10264,"template":"","meta":{"_acf_changed":false},"product_brand":[],"product_cat":[373],"product_tag":[389],"class_list":{"0":"post-10258","1":"product","2":"type-product","3":"status-publish","4":"has-post-thumbnail","6":"product_cat-professional-lipstick-tube-supplier","7":"product_tag-lip-stick-tube","9":"first","10":"instock","11":"shipping-taxable","12":"product-type-simple"},"acf":[],"yoast_head":"<!-- This site is optimized with the Yoast SEO plugin v24.1 - https:\/\/yoast.com\/wordpress\/plugins\/seo\/ -->\n<title>Unique Lipstick Tube for Cosmetic Packaging<\/title>\n<meta name=\"description\" content=\"Our unique lipstick tube offers a bold, stylish, and distinctive design that will make your product shine on any shelf.\" \/>\n<meta name=\"robots\" content=\"index, follow, max-snippet:-1, max-image-preview:large, max-video-preview:-1\" \/>\n<link rel=\"canonical\" href=\"https:\/\/www.alovey.com\/es\/producto\/unique-lipstick-tube-for-cosmetic-packaging\/\" \/>\n<meta property=\"og:locale\" content=\"es_ES\" \/>\n<meta property=\"og:type\" content=\"article\" \/>\n<meta property=\"og:title\" content=\"Unique Lipstick Tube for Cosmetic Packaging\" \/>\n<meta property=\"og:description\" content=\"Our unique lipstick tube offers a bold, stylish, and distinctive design that will make your product shine on any shelf.\" \/>\n<meta property=\"og:url\" content=\"https:\/\/www.alovey.com\/es\/producto\/unique-lipstick-tube-for-cosmetic-packaging\/\" \/>\n<meta property=\"og:site_name\" content=\"Best Cosmetic Packaging Manufacture\" \/>\n<meta property=\"article:modified_time\" content=\"2025-03-27T07:50:34+00:00\" \/>\n<meta property=\"og:image\" content=\"https:\/\/www.alovey.com\/wp-content\/uploads\/2025\/03\/Wholesale-unique-lipstick-tubes-for-cosmetic-packaging-5.jpg\" \/>\n\t<meta property=\"og:image:width\" content=\"750\" \/>\n\t<meta property=\"og:image:height\" content=\"750\" \/>\n\t<meta property=\"og:image:type\" content=\"image\/jpeg\" \/>\n<meta name=\"twitter:card\" content=\"summary_large_image\" \/>\n<meta name=\"twitter:label1\" content=\"Tiempo de lectura\" \/>\n\t<meta name=\"twitter:data1\" content=\"2 minutos\" \/>\n<script type=\"application\/ld+json\" class=\"yoast-schema-graph\">{\"@context\":\"https:\/\/schema.org\",\"@graph\":[{\"@type\":\"WebPage\",\"@id\":\"https:\/\/www.alovey.com\/product\/unique-lipstick-tube-for-cosmetic-packaging\/\",\"url\":\"https:\/\/www.alovey.com\/product\/unique-lipstick-tube-for-cosmetic-packaging\/\",\"name\":\"Unique Lipstick Tube for Cosmetic Packaging\",\"isPartOf\":{\"@id\":\"https:\/\/www.alovey.com\/#website\"},\"primaryImageOfPage\":{\"@id\":\"https:\/\/www.alovey.com\/product\/unique-lipstick-tube-for-cosmetic-packaging\/#primaryimage\"},\"image\":{\"@id\":\"https:\/\/www.alovey.com\/product\/unique-lipstick-tube-for-cosmetic-packaging\/#primaryimage\"},\"thumbnailUrl\":\"https:\/\/www.alovey.com\/wp-content\/uploads\/2025\/03\/Wholesale-unique-lipstick-tubes-for-cosmetic-packaging-5.jpg\",\"datePublished\":\"2025-03-27T07:37:38+00:00\",\"dateModified\":\"2025-03-27T07:50:34+00:00\",\"description\":\"Our unique lipstick tube offers a bold, stylish, and distinctive design that will make your product shine on any shelf.\",\"breadcrumb\":{\"@id\":\"https:\/\/www.alovey.com\/product\/unique-lipstick-tube-for-cosmetic-packaging\/#breadcrumb\"},\"inLanguage\":\"es\",\"potentialAction\":[{\"@type\":\"ReadAction\",\"target\":[\"https:\/\/www.alovey.com\/product\/unique-lipstick-tube-for-cosmetic-packaging\/\"]}]},{\"@type\":\"ImageObject\",\"inLanguage\":\"es\",\"@id\":\"https:\/\/www.alovey.com\/product\/unique-lipstick-tube-for-cosmetic-packaging\/#primaryimage\",\"url\":\"https:\/\/www.alovey.com\/wp-content\/uploads\/2025\/03\/Wholesale-unique-lipstick-tubes-for-cosmetic-packaging-5.jpg\",\"contentUrl\":\"https:\/\/www.alovey.com\/wp-content\/uploads\/2025\/03\/Wholesale-unique-lipstick-tubes-for-cosmetic-packaging-5.jpg\",\"width\":750,\"height\":750,\"caption\":\"Wholesale unique lipstick tubes for cosmetic packaging Wholesale unique lipstick tubes for cosmetic packaging\"},{\"@type\":\"BreadcrumbList\",\"@id\":\"https:\/\/www.alovey.com\/product\/unique-lipstick-tube-for-cosmetic-packaging\/#breadcrumb\",\"itemListElement\":[{\"@type\":\"ListItem\",\"position\":1,\"name\":\"\u9996\u9875\",\"item\":\"https:\/\/www.alovey.com\/\"},{\"@type\":\"ListItem\",\"position\":2,\"name\":\"Products\",\"item\":\"https:\/\/www.alovey.com\/products\/\"},{\"@type\":\"ListItem\",\"position\":3,\"name\":\"Wholesale Unique Lipstick Tube for Cosmetic Packaging\"}]},{\"@type\":\"WebSite\",\"@id\":\"https:\/\/www.alovey.com\/#website\",\"url\":\"https:\/\/www.alovey.com\/\",\"name\":\"Best Cosmetic Packaging Manufacture\",\"description\":\"Alovey Cosmetic Packaging Co.,Ltd\",\"publisher\":{\"@id\":\"https:\/\/www.alovey.com\/#organization\"},\"potentialAction\":[{\"@type\":\"SearchAction\",\"target\":{\"@type\":\"EntryPoint\",\"urlTemplate\":\"https:\/\/www.alovey.com\/?s={search_term_string}\"},\"query-input\":{\"@type\":\"PropertyValueSpecification\",\"valueRequired\":true,\"valueName\":\"search_term_string\"}}],\"inLanguage\":\"es\"},{\"@type\":\"Organization\",\"@id\":\"https:\/\/www.alovey.com\/#organization\",\"name\":\"Best Cosmetic Packaging Manufacture\",\"url\":\"https:\/\/www.alovey.com\/\",\"logo\":{\"@type\":\"ImageObject\",\"inLanguage\":\"es\",\"@id\":\"https:\/\/www.alovey.com\/#\/schema\/logo\/image\/\",\"url\":\"https:\/\/www.alovey.com\/wp-content\/uploads\/2023\/03\/logo.png\",\"contentUrl\":\"https:\/\/www.alovey.com\/wp-content\/uploads\/2023\/03\/logo.png\",\"width\":505,\"height\":180,\"caption\":\"Best  Cosmetic Packaging Manufacture\"},\"image\":{\"@id\":\"https:\/\/www.alovey.com\/#\/schema\/logo\/image\/\"}}]}<\/script>\n<!-- \/ Yoast SEO plugin. -->","yoast_head_json":{"title":"Unique Lipstick Tube for Cosmetic Packaging","description":"Our unique lipstick tube offers a bold, stylish, and distinctive design that will make your product shine on any shelf.","robots":{"index":"index","follow":"follow","max-snippet":"max-snippet:-1","max-image-preview":"max-image-preview:large","max-video-preview":"max-video-preview:-1"},"canonical":"https:\/\/www.alovey.com\/es\/producto\/unique-lipstick-tube-for-cosmetic-packaging\/","og_locale":"es_ES","og_type":"article","og_title":"Unique Lipstick Tube for Cosmetic Packaging","og_description":"Our unique lipstick tube offers a bold, stylish, and distinctive design that will make your product shine on any shelf.","og_url":"https:\/\/www.alovey.com\/es\/producto\/unique-lipstick-tube-for-cosmetic-packaging\/","og_site_name":"Best Cosmetic Packaging Manufacture","article_modified_time":"2025-03-27T07:50:34+00:00","og_image":[{"width":750,"height":750,"url":"https:\/\/www.alovey.com\/wp-content\/uploads\/2025\/03\/Wholesale-unique-lipstick-tubes-for-cosmetic-packaging-5.jpg","type":"image\/jpeg"}],"twitter_card":"summary_large_image","twitter_misc":{"Tiempo de lectura":"2 minutos"},"schema":{"@context":"https:\/\/schema.org","@graph":[{"@type":"WebPage","@id":"https:\/\/www.alovey.com\/product\/unique-lipstick-tube-for-cosmetic-packaging\/","url":"https:\/\/www.alovey.com\/product\/unique-lipstick-tube-for-cosmetic-packaging\/","name":"Unique Lipstick Tube for Cosmetic Packaging","isPartOf":{"@id":"https:\/\/www.alovey.com\/#website"},"primaryImageOfPage":{"@id":"https:\/\/www.alovey.com\/product\/unique-lipstick-tube-for-cosmetic-packaging\/#primaryimage"},"image":{"@id":"https:\/\/www.alovey.com\/product\/unique-lipstick-tube-for-cosmetic-packaging\/#primaryimage"},"thumbnailUrl":"https:\/\/www.alovey.com\/wp-content\/uploads\/2025\/03\/Wholesale-unique-lipstick-tubes-for-cosmetic-packaging-5.jpg","datePublished":"2025-03-27T07:37:38+00:00","dateModified":"2025-03-27T07:50:34+00:00","description":"Our unique lipstick tube offers a bold, stylish, and distinctive design that will make your product shine on any shelf.","breadcrumb":{"@id":"https:\/\/www.alovey.com\/product\/unique-lipstick-tube-for-cosmetic-packaging\/#breadcrumb"},"inLanguage":"es","potentialAction":[{"@type":"ReadAction","target":["https:\/\/www.alovey.com\/product\/unique-lipstick-tube-for-cosmetic-packaging\/"]}]},{"@type":"ImageObject","inLanguage":"es","@id":"https:\/\/www.alovey.com\/product\/unique-lipstick-tube-for-cosmetic-packaging\/#primaryimage","url":"https:\/\/www.alovey.com\/wp-content\/uploads\/2025\/03\/Wholesale-unique-lipstick-tubes-for-cosmetic-packaging-5.jpg","contentUrl":"https:\/\/www.alovey.com\/wp-content\/uploads\/2025\/03\/Wholesale-unique-lipstick-tubes-for-cosmetic-packaging-5.jpg","width":750,"height":750,"caption":"Wholesale unique lipstick tubes for cosmetic packaging Wholesale unique lipstick tubes for cosmetic packaging"},{"@type":"BreadcrumbList","@id":"https:\/\/www.alovey.com\/product\/unique-lipstick-tube-for-cosmetic-packaging\/#breadcrumb","itemListElement":[{"@type":"ListItem","position":1,"name":"\u9996\u9875","item":"https:\/\/www.alovey.com\/"},{"@type":"ListItem","position":2,"name":"Products","item":"https:\/\/www.alovey.com\/products\/"},{"@type":"ListItem","position":3,"name":"Wholesale Unique Lipstick Tube for Cosmetic Packaging"}]},{"@type":"WebSite","@id":"https:\/\/www.alovey.com\/#website","url":"https:\/\/www.alovey.com\/","name":"Best Cosmetic Packaging Manufacture","description":"Alovey Cosmetic Packaging S.L.","publisher":{"@id":"https:\/\/www.alovey.com\/#organization"},"potentialAction":[{"@type":"SearchAction","target":{"@type":"EntryPoint","urlTemplate":"https:\/\/www.alovey.com\/?s={search_term_string}"},"query-input":{"@type":"PropertyValueSpecification","valueRequired":true,"valueName":"search_term_string"}}],"inLanguage":"es"},{"@type":"Organization","@id":"https:\/\/www.alovey.com\/#organization","name":"Best Cosmetic Packaging Manufacture","url":"https:\/\/www.alovey.com\/","logo":{"@type":"ImageObject","inLanguage":"es","@id":"https:\/\/www.alovey.com\/#\/schema\/logo\/image\/","url":"https:\/\/www.alovey.com\/wp-content\/uploads\/2023\/03\/logo.png","contentUrl":"https:\/\/www.alovey.com\/wp-content\/uploads\/2023\/03\/logo.png","width":505,"height":180,"caption":"Best  Cosmetic Packaging Manufacture"},"image":{"@id":"https:\/\/www.alovey.com\/#\/schema\/logo\/image\/"}}]}},"_links":{"self":[{"href":"https:\/\/www.alovey.com\/es\/wp-json\/wp\/v2\/product\/10258"}],"collection":[{"href":"https:\/\/www.alovey.com\/es\/wp-json\/wp\/v2\/product"}],"about":[{"href":"https:\/\/www.alovey.com\/es\/wp-json\/wp\/v2\/types\/product"}],"wp:featuredmedia":[{"embeddable":true,"href":"https:\/\/www.alovey.com\/es\/wp-json\/wp\/v2\/media\/10264"}],"wp:attachment":[{"href":"https:\/\/www.alovey.com\/es\/wp-json\/wp\/v2\/media?parent=10258"}],"wp:term":[{"taxonomy":"product_brand","embeddable":true,"href":"https:\/\/www.alovey.com\/es\/wp-json\/wp\/v2\/product_brand?post=10258"},{"taxonomy":"product_cat","embeddable":true,"href":"https:\/\/www.alovey.com\/es\/wp-json\/wp\/v2\/product_cat?post=10258"},{"taxonomy":"product_tag","embeddable":true,"href":"https:\/\/www.alovey.com\/es\/wp-json\/wp\/v2\/product_tag?post=10258"}],"curies":[{"name":"wp","href":"https:\/\/api.w.org\/{rel}","templated":true}]}}