{"id":10155,"date":"2025-03-21T07:24:56","date_gmt":"2025-03-21T07:24:56","guid":{"rendered":"https:\/\/www.alovey.com\/?post_type=product&#038;p=10155"},"modified":"2025-03-21T07:39:14","modified_gmt":"2025-03-21T07:39:14","slug":"empty-round-single-eyeshadow-palette-cosmetic-packaging","status":"publish","type":"product","link":"https:\/\/www.alovey.com\/es\/producto\/empty-round-single-eyeshadow-palette-cosmetic-packaging\/","title":{"rendered":"Paleta de sombras de ojos redonda vac\u00eda personalizada Embalaje cosm\u00e9tico"},"content":{"rendered":"<p><strong>Our empty round single eyeshadow palette\u00a0is designed for style and functionality\u2014sleek, durable, and customizable to match your brand!<\/strong><\/p>\n<p><strong>Alovey, como fabricante profesional chino de envases para cosm\u00e9ticos, produce una exquisita gama de envases personalizados para cosm\u00e9ticos, meticulosamente elaborados para elevar su marca. Nuestra variada selecci\u00f3n de materiales de primera calidad, combinada con delicadas t\u00e9cnicas de acabado superficial como la serigraf\u00eda, la estampaci\u00f3n en caliente y la pulverizaci\u00f3n mate, garantiza que cada envase sea una obra maestra \u00fanica.<\/strong><\/p>\n<p><img fetchpriority=\"high\" decoding=\"async\" class=\"size-full wp-image-10161\" src=\"https:\/\/www.alovey.com\/wp-content\/uploads\/2025\/03\/Custom-Empty-Round-Single-Eyeshadow-Palette-Cosmetic-Packaging-5.jpg\" alt=\"single eyeshadow palette\" width=\"750\" height=\"750\" srcset=\"https:\/\/www.alovey.com\/wp-content\/uploads\/2025\/03\/Custom-Empty-Round-Single-Eyeshadow-Palette-Cosmetic-Packaging-5.jpg 750w, https:\/\/www.alovey.com\/wp-content\/uploads\/2025\/03\/Custom-Empty-Round-Single-Eyeshadow-Palette-Cosmetic-Packaging-5-300x300.jpg 300w, https:\/\/www.alovey.com\/wp-content\/uploads\/2025\/03\/Custom-Empty-Round-Single-Eyeshadow-Palette-Cosmetic-Packaging-5-150x150.jpg 150w, https:\/\/www.alovey.com\/wp-content\/uploads\/2025\/03\/Custom-Empty-Round-Single-Eyeshadow-Palette-Cosmetic-Packaging-5-600x600.jpg 600w, https:\/\/www.alovey.com\/wp-content\/uploads\/2025\/03\/Custom-Empty-Round-Single-Eyeshadow-Palette-Cosmetic-Packaging-5-100x100.jpg 100w\" sizes=\"(max-width: 750px) 100vw, 750px\" \/><\/p>\n<p><img decoding=\"async\" class=\"size-full wp-image-10160\" src=\"https:\/\/www.alovey.com\/wp-content\/uploads\/2025\/03\/Custom-Empty-Round-Single-Eyeshadow-Palette-Cosmetic-Packaging-4.jpg\" alt=\"single eyeshadow palette\" width=\"750\" height=\"750\" srcset=\"https:\/\/www.alovey.com\/wp-content\/uploads\/2025\/03\/Custom-Empty-Round-Single-Eyeshadow-Palette-Cosmetic-Packaging-4.jpg 750w, https:\/\/www.alovey.com\/wp-content\/uploads\/2025\/03\/Custom-Empty-Round-Single-Eyeshadow-Palette-Cosmetic-Packaging-4-300x300.jpg 300w, https:\/\/www.alovey.com\/wp-content\/uploads\/2025\/03\/Custom-Empty-Round-Single-Eyeshadow-Palette-Cosmetic-Packaging-4-150x150.jpg 150w, https:\/\/www.alovey.com\/wp-content\/uploads\/2025\/03\/Custom-Empty-Round-Single-Eyeshadow-Palette-Cosmetic-Packaging-4-600x600.jpg 600w, https:\/\/www.alovey.com\/wp-content\/uploads\/2025\/03\/Custom-Empty-Round-Single-Eyeshadow-Palette-Cosmetic-Packaging-4-100x100.jpg 100w\" sizes=\"(max-width: 750px) 100vw, 750px\" \/><\/p>\n<p><img decoding=\"async\" class=\"size-full wp-image-10159\" src=\"https:\/\/www.alovey.com\/wp-content\/uploads\/2025\/03\/Custom-Empty-Round-Single-Eyeshadow-Palette-Cosmetic-Packaging-3.jpg\" alt=\"single eyeshadow palette\" width=\"750\" height=\"750\" srcset=\"https:\/\/www.alovey.com\/wp-content\/uploads\/2025\/03\/Custom-Empty-Round-Single-Eyeshadow-Palette-Cosmetic-Packaging-3.jpg 750w, https:\/\/www.alovey.com\/wp-content\/uploads\/2025\/03\/Custom-Empty-Round-Single-Eyeshadow-Palette-Cosmetic-Packaging-3-300x300.jpg 300w, https:\/\/www.alovey.com\/wp-content\/uploads\/2025\/03\/Custom-Empty-Round-Single-Eyeshadow-Palette-Cosmetic-Packaging-3-150x150.jpg 150w, https:\/\/www.alovey.com\/wp-content\/uploads\/2025\/03\/Custom-Empty-Round-Single-Eyeshadow-Palette-Cosmetic-Packaging-3-600x600.jpg 600w, https:\/\/www.alovey.com\/wp-content\/uploads\/2025\/03\/Custom-Empty-Round-Single-Eyeshadow-Palette-Cosmetic-Packaging-3-100x100.jpg 100w\" sizes=\"(max-width: 750px) 100vw, 750px\" \/><\/p>\n<p><img loading=\"lazy\" decoding=\"async\" class=\"size-full wp-image-10158\" src=\"https:\/\/www.alovey.com\/wp-content\/uploads\/2025\/03\/Custom-Empty-Round-Single-Eyeshadow-Palette-Cosmetic-Packaging-2.jpg\" alt=\"single eyeshadow palette\" width=\"750\" height=\"750\" srcset=\"https:\/\/www.alovey.com\/wp-content\/uploads\/2025\/03\/Custom-Empty-Round-Single-Eyeshadow-Palette-Cosmetic-Packaging-2.jpg 750w, https:\/\/www.alovey.com\/wp-content\/uploads\/2025\/03\/Custom-Empty-Round-Single-Eyeshadow-Palette-Cosmetic-Packaging-2-300x300.jpg 300w, https:\/\/www.alovey.com\/wp-content\/uploads\/2025\/03\/Custom-Empty-Round-Single-Eyeshadow-Palette-Cosmetic-Packaging-2-150x150.jpg 150w, https:\/\/www.alovey.com\/wp-content\/uploads\/2025\/03\/Custom-Empty-Round-Single-Eyeshadow-Palette-Cosmetic-Packaging-2-600x600.jpg 600w, https:\/\/www.alovey.com\/wp-content\/uploads\/2025\/03\/Custom-Empty-Round-Single-Eyeshadow-Palette-Cosmetic-Packaging-2-100x100.jpg 100w\" sizes=\"(max-width: 750px) 100vw, 750px\" \/><\/p>\n<p><img loading=\"lazy\" decoding=\"async\" class=\"size-full wp-image-10157\" src=\"https:\/\/www.alovey.com\/wp-content\/uploads\/2025\/03\/Custom-Empty-Round-Single-Eyeshadow-Palette-Cosmetic-Packaging.jpg\" alt=\"single eyeshadow palette\" width=\"750\" height=\"750\" srcset=\"https:\/\/www.alovey.com\/wp-content\/uploads\/2025\/03\/Custom-Empty-Round-Single-Eyeshadow-Palette-Cosmetic-Packaging.jpg 750w, https:\/\/www.alovey.com\/wp-content\/uploads\/2025\/03\/Custom-Empty-Round-Single-Eyeshadow-Palette-Cosmetic-Packaging-300x300.jpg 300w, https:\/\/www.alovey.com\/wp-content\/uploads\/2025\/03\/Custom-Empty-Round-Single-Eyeshadow-Palette-Cosmetic-Packaging-150x150.jpg 150w, https:\/\/www.alovey.com\/wp-content\/uploads\/2025\/03\/Custom-Empty-Round-Single-Eyeshadow-Palette-Cosmetic-Packaging-600x600.jpg 600w, https:\/\/www.alovey.com\/wp-content\/uploads\/2025\/03\/Custom-Empty-Round-Single-Eyeshadow-Palette-Cosmetic-Packaging-100x100.jpg 100w\" sizes=\"(max-width: 750px) 100vw, 750px\" \/><\/p>\n<p><img loading=\"lazy\" decoding=\"async\" class=\"size-full wp-image-10156\" src=\"https:\/\/www.alovey.com\/wp-content\/uploads\/2025\/03\/Custom-Empty-Round-Single-Eyeshadow-Palette-Cosmetic-Packaging-6.jpg\" alt=\"single eyeshadow palette\" width=\"750\" height=\"750\" srcset=\"https:\/\/www.alovey.com\/wp-content\/uploads\/2025\/03\/Custom-Empty-Round-Single-Eyeshadow-Palette-Cosmetic-Packaging-6.jpg 750w, https:\/\/www.alovey.com\/wp-content\/uploads\/2025\/03\/Custom-Empty-Round-Single-Eyeshadow-Palette-Cosmetic-Packaging-6-300x300.jpg 300w, https:\/\/www.alovey.com\/wp-content\/uploads\/2025\/03\/Custom-Empty-Round-Single-Eyeshadow-Palette-Cosmetic-Packaging-6-150x150.jpg 150w, https:\/\/www.alovey.com\/wp-content\/uploads\/2025\/03\/Custom-Empty-Round-Single-Eyeshadow-Palette-Cosmetic-Packaging-6-600x600.jpg 600w, https:\/\/www.alovey.com\/wp-content\/uploads\/2025\/03\/Custom-Empty-Round-Single-Eyeshadow-Palette-Cosmetic-Packaging-6-100x100.jpg 100w\" sizes=\"(max-width: 750px) 100vw, 750px\" \/><\/p>\n<p>&nbsp;<\/p>\n<p>&nbsp;<\/p>\n<p>&nbsp;<\/p>\n<p>&nbsp;<\/p>\n<p>&nbsp;<\/p>\n<p>&nbsp;<\/p>\n<p>&nbsp;<\/p>\n<p>&nbsp;<\/p>\n<p>&nbsp;<\/p>\n<p>&nbsp;<\/p>\n<p>&nbsp;<\/p>\n<p>&nbsp;<\/p>\n<p>&nbsp;<\/p>\n<p>&nbsp;<\/p>\n<p>&nbsp;<\/p>\n<p>&nbsp;<\/p>\n<p>&nbsp;<\/p>\n<p>&nbsp;<\/p>\n<p>&nbsp;<\/p>\n<p>&nbsp;<\/p>\n<p>&nbsp;<\/p>\n<p>&nbsp;<\/p>\n<p>&nbsp;<\/p>\n<p>&nbsp;<\/p>\n<p>&nbsp;<\/p>\n<p>&nbsp;<\/p>\n<p>&nbsp;<\/p>\n<p>&nbsp;<\/p>\n<p>&nbsp;<\/p>\n<p>&nbsp;<\/p>\n<p>&nbsp;<\/p>\n<p>&nbsp;<\/p>\n<p>&nbsp;<\/p>\n<p>&nbsp;<\/p>\n<p>&nbsp;<\/p>\n<p>&nbsp;<\/p>\n<p>&nbsp;<\/p>\n<p>&nbsp;<\/p>\n<p>&nbsp;<\/p>\n<p>&nbsp;<\/p>\n<p>&nbsp;<\/p>\n<p>&nbsp;<\/p>\n<p>&nbsp;<\/p>\n<p>&nbsp;<\/p>\n<p>&nbsp;<\/p>\n<p>&nbsp;<\/p>\n<p>&nbsp;<\/p>\n<p>&nbsp;<\/p>\n<p>&nbsp;<\/p>\n<p>&nbsp;<\/p>\n<p>&nbsp;<\/p>\n<p>&nbsp;<\/p>\n<p>&nbsp;<\/p>\n<p>&nbsp;<\/p>\n<p>&nbsp;<\/p>\n<p>&nbsp;<\/p>\n<p>&nbsp;<\/p>\n<p>&nbsp;<\/p>\n<p>&nbsp;<\/p>\n<p>&nbsp;<\/p>\n<p>&nbsp;<\/p>\n<p>&nbsp;<\/p>\n<p>&nbsp;<\/p>\n<p>&nbsp;<\/p>\n<p>&nbsp;<\/p>\n<p>&nbsp;<\/p>\n<p>&nbsp;<\/p>\n<p>&nbsp;<\/p>\n<p>&nbsp;<\/p>\n<p>&nbsp;<\/p>\n<p>&nbsp;<\/p>\n<p>&nbsp;<\/p>\n<p>&nbsp;<\/p>\n<p>&nbsp;<\/p>\n<p>&nbsp;<\/p>\n<p>&nbsp;<\/p>\n<p>&nbsp;<\/p>\n<p>&nbsp;<\/p>\n<p>&nbsp;<\/p>\n<p>&nbsp;<\/p>\n<p>&nbsp;<\/p>\n<p>&nbsp;<\/p>\n<p>&nbsp;<\/p>\n<p>&nbsp;<\/p>\n<p>&nbsp;<\/p>\n<p>&nbsp;<\/p>\n<p>&nbsp;<\/p>\n<p>&nbsp;<\/p>\n<p>&nbsp;<\/p>\n<p>&nbsp;<\/p>\n<p>&nbsp;<\/p>\n<p>&nbsp;<\/p>\n<p>&nbsp;<\/p>\n<p>&nbsp;<\/p>\n<p>&nbsp;<\/p>\n<p>&nbsp;<\/p>\n<p>&nbsp;<\/p>\n<p>&nbsp;<\/p>\n<p>&nbsp;<\/p>\n<p>&nbsp;<\/p>\n<p>&nbsp;<\/p>\n<p>&nbsp;<\/p>\n<p>&nbsp;<\/p>\n<p>&nbsp;<\/p>\n<p>&nbsp;<\/p>\n<p>&nbsp;<\/p>\n<p>&nbsp;<\/p>","protected":false},"excerpt":{"rendered":"<ul>\n<li>Item No:P-0575A<\/li>\n<li>Material:  Pl\u00e1stico<\/li>\n<li>Size:\u00a0D65*H17.5MM(d44.5)<\/li>\n<li>Aplicaciones: Productos de belleza<\/li>\n<li>MOQ: 12.000 piezas<\/li>\n<li>Color: Color personalizado<\/li>\n<li>Tratamiento superficial: Inyecci\u00f3n\/Mate\/Metalizado\/Recubrimiento UV<\/li>\n<li>Nombre de marca: OEM\/ODM<\/li>\n<li>Logotipo: Logotipo del cliente<\/li>\n<li>Capacidad de suministro: 100.000 piezas al mes<\/li>\n<\/ul>\n<p>&nbsp;<\/p>","protected":false},"featured_media":10158,"template":"","meta":{"_acf_changed":false},"product_brand":[],"product_cat":[378],"product_tag":[387,393],"class_list":{"0":"post-10155","1":"product","2":"type-product","3":"status-publish","4":"has-post-thumbnail","6":"product_cat-custom-eyeshadow-packaging","7":"product_tag-compact-powder-case","8":"product_tag-eyeshadow-case","10":"first","11":"instock","12":"shipping-taxable","13":"product-type-simple"},"acf":[],"yoast_head":"<!-- This site is optimized with the Yoast SEO plugin v24.1 - https:\/\/yoast.com\/wordpress\/plugins\/seo\/ -->\n<title>Empty Round Single Eyeshadow Palette Cosmetic Packaging<\/title>\n<meta name=\"description\" content=\"Our empty round single eyeshadow palette is designed for style and functionality\u2014sleek, durable, and customizable to match your brand!\" \/>\n<meta name=\"robots\" content=\"index, follow, max-snippet:-1, max-image-preview:large, max-video-preview:-1\" \/>\n<link rel=\"canonical\" href=\"https:\/\/www.alovey.com\/es\/producto\/empty-round-single-eyeshadow-palette-cosmetic-packaging\/\" \/>\n<meta property=\"og:locale\" content=\"es_ES\" \/>\n<meta property=\"og:type\" content=\"article\" \/>\n<meta property=\"og:title\" content=\"Empty Round Single Eyeshadow Palette Cosmetic Packaging\" \/>\n<meta property=\"og:description\" content=\"Our empty round single eyeshadow palette is designed for style and functionality\u2014sleek, durable, and customizable to match your brand!\" \/>\n<meta property=\"og:url\" content=\"https:\/\/www.alovey.com\/es\/producto\/empty-round-single-eyeshadow-palette-cosmetic-packaging\/\" \/>\n<meta property=\"og:site_name\" content=\"Best Cosmetic Packaging Manufacture\" \/>\n<meta property=\"article:modified_time\" content=\"2025-03-21T07:39:14+00:00\" \/>\n<meta property=\"og:image\" content=\"https:\/\/www.alovey.com\/wp-content\/uploads\/2025\/03\/Custom-Empty-Round-Single-Eyeshadow-Palette-Cosmetic-Packaging-2.jpg\" \/>\n\t<meta property=\"og:image:width\" content=\"750\" \/>\n\t<meta property=\"og:image:height\" content=\"750\" \/>\n\t<meta property=\"og:image:type\" content=\"image\/jpeg\" \/>\n<meta name=\"twitter:card\" content=\"summary_large_image\" \/>\n<meta name=\"twitter:label1\" content=\"Tiempo de lectura\" \/>\n\t<meta name=\"twitter:data1\" content=\"2 minutos\" \/>\n<script type=\"application\/ld+json\" class=\"yoast-schema-graph\">{\"@context\":\"https:\/\/schema.org\",\"@graph\":[{\"@type\":\"WebPage\",\"@id\":\"https:\/\/www.alovey.com\/product\/empty-round-single-eyeshadow-palette-cosmetic-packaging\/\",\"url\":\"https:\/\/www.alovey.com\/product\/empty-round-single-eyeshadow-palette-cosmetic-packaging\/\",\"name\":\"Empty Round Single Eyeshadow Palette Cosmetic Packaging\",\"isPartOf\":{\"@id\":\"https:\/\/www.alovey.com\/#website\"},\"primaryImageOfPage\":{\"@id\":\"https:\/\/www.alovey.com\/product\/empty-round-single-eyeshadow-palette-cosmetic-packaging\/#primaryimage\"},\"image\":{\"@id\":\"https:\/\/www.alovey.com\/product\/empty-round-single-eyeshadow-palette-cosmetic-packaging\/#primaryimage\"},\"thumbnailUrl\":\"https:\/\/www.alovey.com\/wp-content\/uploads\/2025\/03\/Custom-Empty-Round-Single-Eyeshadow-Palette-Cosmetic-Packaging-2.jpg\",\"datePublished\":\"2025-03-21T07:24:56+00:00\",\"dateModified\":\"2025-03-21T07:39:14+00:00\",\"description\":\"Our empty round single eyeshadow palette is designed for style and functionality\u2014sleek, durable, and customizable to match your brand!\",\"breadcrumb\":{\"@id\":\"https:\/\/www.alovey.com\/product\/empty-round-single-eyeshadow-palette-cosmetic-packaging\/#breadcrumb\"},\"inLanguage\":\"es\",\"potentialAction\":[{\"@type\":\"ReadAction\",\"target\":[\"https:\/\/www.alovey.com\/product\/empty-round-single-eyeshadow-palette-cosmetic-packaging\/\"]}]},{\"@type\":\"ImageObject\",\"inLanguage\":\"es\",\"@id\":\"https:\/\/www.alovey.com\/product\/empty-round-single-eyeshadow-palette-cosmetic-packaging\/#primaryimage\",\"url\":\"https:\/\/www.alovey.com\/wp-content\/uploads\/2025\/03\/Custom-Empty-Round-Single-Eyeshadow-Palette-Cosmetic-Packaging-2.jpg\",\"contentUrl\":\"https:\/\/www.alovey.com\/wp-content\/uploads\/2025\/03\/Custom-Empty-Round-Single-Eyeshadow-Palette-Cosmetic-Packaging-2.jpg\",\"width\":750,\"height\":750,\"caption\":\"Custom Empty Round Single Eyeshadow Palette Cosmetic Packaging\"},{\"@type\":\"BreadcrumbList\",\"@id\":\"https:\/\/www.alovey.com\/product\/empty-round-single-eyeshadow-palette-cosmetic-packaging\/#breadcrumb\",\"itemListElement\":[{\"@type\":\"ListItem\",\"position\":1,\"name\":\"\u9996\u9875\",\"item\":\"https:\/\/www.alovey.com\/\"},{\"@type\":\"ListItem\",\"position\":2,\"name\":\"Products\",\"item\":\"https:\/\/www.alovey.com\/products\/\"},{\"@type\":\"ListItem\",\"position\":3,\"name\":\"Custom Empty Round Single Eyeshadow Palette Cosmetic Packaging\"}]},{\"@type\":\"WebSite\",\"@id\":\"https:\/\/www.alovey.com\/#website\",\"url\":\"https:\/\/www.alovey.com\/\",\"name\":\"Best Cosmetic Packaging Manufacture\",\"description\":\"Alovey Cosmetic Packaging Co.,Ltd\",\"publisher\":{\"@id\":\"https:\/\/www.alovey.com\/#organization\"},\"potentialAction\":[{\"@type\":\"SearchAction\",\"target\":{\"@type\":\"EntryPoint\",\"urlTemplate\":\"https:\/\/www.alovey.com\/?s={search_term_string}\"},\"query-input\":{\"@type\":\"PropertyValueSpecification\",\"valueRequired\":true,\"valueName\":\"search_term_string\"}}],\"inLanguage\":\"es\"},{\"@type\":\"Organization\",\"@id\":\"https:\/\/www.alovey.com\/#organization\",\"name\":\"Best Cosmetic Packaging Manufacture\",\"url\":\"https:\/\/www.alovey.com\/\",\"logo\":{\"@type\":\"ImageObject\",\"inLanguage\":\"es\",\"@id\":\"https:\/\/www.alovey.com\/#\/schema\/logo\/image\/\",\"url\":\"https:\/\/www.alovey.com\/wp-content\/uploads\/2023\/03\/logo.png\",\"contentUrl\":\"https:\/\/www.alovey.com\/wp-content\/uploads\/2023\/03\/logo.png\",\"width\":505,\"height\":180,\"caption\":\"Best  Cosmetic Packaging Manufacture\"},\"image\":{\"@id\":\"https:\/\/www.alovey.com\/#\/schema\/logo\/image\/\"}}]}<\/script>\n<!-- \/ Yoast SEO plugin. -->","yoast_head_json":{"title":"Empty Round Single Eyeshadow Palette Cosmetic Packaging","description":"Our empty round single eyeshadow palette is designed for style and functionality\u2014sleek, durable, and customizable to match your brand!","robots":{"index":"index","follow":"follow","max-snippet":"max-snippet:-1","max-image-preview":"max-image-preview:large","max-video-preview":"max-video-preview:-1"},"canonical":"https:\/\/www.alovey.com\/es\/producto\/empty-round-single-eyeshadow-palette-cosmetic-packaging\/","og_locale":"es_ES","og_type":"article","og_title":"Empty Round Single Eyeshadow Palette Cosmetic Packaging","og_description":"Our empty round single eyeshadow palette is designed for style and functionality\u2014sleek, durable, and customizable to match your brand!","og_url":"https:\/\/www.alovey.com\/es\/producto\/empty-round-single-eyeshadow-palette-cosmetic-packaging\/","og_site_name":"Best Cosmetic Packaging Manufacture","article_modified_time":"2025-03-21T07:39:14+00:00","og_image":[{"width":750,"height":750,"url":"https:\/\/www.alovey.com\/wp-content\/uploads\/2025\/03\/Custom-Empty-Round-Single-Eyeshadow-Palette-Cosmetic-Packaging-2.jpg","type":"image\/jpeg"}],"twitter_card":"summary_large_image","twitter_misc":{"Tiempo de lectura":"2 minutos"},"schema":{"@context":"https:\/\/schema.org","@graph":[{"@type":"WebPage","@id":"https:\/\/www.alovey.com\/product\/empty-round-single-eyeshadow-palette-cosmetic-packaging\/","url":"https:\/\/www.alovey.com\/product\/empty-round-single-eyeshadow-palette-cosmetic-packaging\/","name":"Empty Round Single Eyeshadow Palette Cosmetic Packaging","isPartOf":{"@id":"https:\/\/www.alovey.com\/#website"},"primaryImageOfPage":{"@id":"https:\/\/www.alovey.com\/product\/empty-round-single-eyeshadow-palette-cosmetic-packaging\/#primaryimage"},"image":{"@id":"https:\/\/www.alovey.com\/product\/empty-round-single-eyeshadow-palette-cosmetic-packaging\/#primaryimage"},"thumbnailUrl":"https:\/\/www.alovey.com\/wp-content\/uploads\/2025\/03\/Custom-Empty-Round-Single-Eyeshadow-Palette-Cosmetic-Packaging-2.jpg","datePublished":"2025-03-21T07:24:56+00:00","dateModified":"2025-03-21T07:39:14+00:00","description":"Our empty round single eyeshadow palette is designed for style and functionality\u2014sleek, durable, and customizable to match your brand!","breadcrumb":{"@id":"https:\/\/www.alovey.com\/product\/empty-round-single-eyeshadow-palette-cosmetic-packaging\/#breadcrumb"},"inLanguage":"es","potentialAction":[{"@type":"ReadAction","target":["https:\/\/www.alovey.com\/product\/empty-round-single-eyeshadow-palette-cosmetic-packaging\/"]}]},{"@type":"ImageObject","inLanguage":"es","@id":"https:\/\/www.alovey.com\/product\/empty-round-single-eyeshadow-palette-cosmetic-packaging\/#primaryimage","url":"https:\/\/www.alovey.com\/wp-content\/uploads\/2025\/03\/Custom-Empty-Round-Single-Eyeshadow-Palette-Cosmetic-Packaging-2.jpg","contentUrl":"https:\/\/www.alovey.com\/wp-content\/uploads\/2025\/03\/Custom-Empty-Round-Single-Eyeshadow-Palette-Cosmetic-Packaging-2.jpg","width":750,"height":750,"caption":"Custom Empty Round Single Eyeshadow Palette Cosmetic Packaging"},{"@type":"BreadcrumbList","@id":"https:\/\/www.alovey.com\/product\/empty-round-single-eyeshadow-palette-cosmetic-packaging\/#breadcrumb","itemListElement":[{"@type":"ListItem","position":1,"name":"\u9996\u9875","item":"https:\/\/www.alovey.com\/"},{"@type":"ListItem","position":2,"name":"Products","item":"https:\/\/www.alovey.com\/products\/"},{"@type":"ListItem","position":3,"name":"Custom Empty Round Single Eyeshadow Palette Cosmetic Packaging"}]},{"@type":"WebSite","@id":"https:\/\/www.alovey.com\/#website","url":"https:\/\/www.alovey.com\/","name":"Best Cosmetic Packaging Manufacture","description":"Alovey Cosmetic Packaging S.L.","publisher":{"@id":"https:\/\/www.alovey.com\/#organization"},"potentialAction":[{"@type":"SearchAction","target":{"@type":"EntryPoint","urlTemplate":"https:\/\/www.alovey.com\/?s={search_term_string}"},"query-input":{"@type":"PropertyValueSpecification","valueRequired":true,"valueName":"search_term_string"}}],"inLanguage":"es"},{"@type":"Organization","@id":"https:\/\/www.alovey.com\/#organization","name":"Best Cosmetic Packaging Manufacture","url":"https:\/\/www.alovey.com\/","logo":{"@type":"ImageObject","inLanguage":"es","@id":"https:\/\/www.alovey.com\/#\/schema\/logo\/image\/","url":"https:\/\/www.alovey.com\/wp-content\/uploads\/2023\/03\/logo.png","contentUrl":"https:\/\/www.alovey.com\/wp-content\/uploads\/2023\/03\/logo.png","width":505,"height":180,"caption":"Best  Cosmetic Packaging Manufacture"},"image":{"@id":"https:\/\/www.alovey.com\/#\/schema\/logo\/image\/"}}]}},"_links":{"self":[{"href":"https:\/\/www.alovey.com\/es\/wp-json\/wp\/v2\/product\/10155"}],"collection":[{"href":"https:\/\/www.alovey.com\/es\/wp-json\/wp\/v2\/product"}],"about":[{"href":"https:\/\/www.alovey.com\/es\/wp-json\/wp\/v2\/types\/product"}],"wp:featuredmedia":[{"embeddable":true,"href":"https:\/\/www.alovey.com\/es\/wp-json\/wp\/v2\/media\/10158"}],"wp:attachment":[{"href":"https:\/\/www.alovey.com\/es\/wp-json\/wp\/v2\/media?parent=10155"}],"wp:term":[{"taxonomy":"product_brand","embeddable":true,"href":"https:\/\/www.alovey.com\/es\/wp-json\/wp\/v2\/product_brand?post=10155"},{"taxonomy":"product_cat","embeddable":true,"href":"https:\/\/www.alovey.com\/es\/wp-json\/wp\/v2\/product_cat?post=10155"},{"taxonomy":"product_tag","embeddable":true,"href":"https:\/\/www.alovey.com\/es\/wp-json\/wp\/v2\/product_tag?post=10155"}],"curies":[{"name":"wp","href":"https:\/\/api.w.org\/{rel}","templated":true}]}}