{"id":10050,"date":"2025-03-13T01:54:41","date_gmt":"2025-03-13T01:54:41","guid":{"rendered":"https:\/\/www.alovey.com\/?post_type=product&#038;p=10050"},"modified":"2025-03-13T02:02:11","modified_gmt":"2025-03-13T02:02:11","slug":"cute-oval-magnetic-lipstick-container","status":"publish","type":"product","link":"https:\/\/www.alovey.com\/es\/producto\/cute-oval-magnetic-lipstick-container\/","title":{"rendered":"Cute oval magnetic lipstick container"},"content":{"rendered":"<p><strong>Featuring a charming oval design,\u00a0this\u00a0magnetic lipstick container\u00a0is\u00a0for effortless opening and secure closure.<\/strong><\/p>\n<p><strong>Built-in tamper-evident seals\u00a0ensure product hygiene and safety.<\/strong><\/p>\n<p><strong>Designed for use with lipstick molds, it is compatible with 12.1mm and 12.7mm inner diameter molds, making it ideal for professional lipstick production.<\/strong><\/p>\n<p><strong>Alovey, como fabricante profesional chino de envases para cosm\u00e9ticos, produce una exquisita gama de envases personalizados para cosm\u00e9ticos, meticulosamente elaborados para elevar su marca. Nuestra variada selecci\u00f3n de materiales de primera calidad, combinada con delicadas t\u00e9cnicas de acabado superficial como la serigraf\u00eda, la estampaci\u00f3n en caliente y la pulverizaci\u00f3n mate, garantiza que cada envase sea una obra maestra \u00fanica.<\/strong><\/p>\n<p><img fetchpriority=\"high\" decoding=\"async\" class=\"size-full wp-image-10056\" src=\"https:\/\/www.alovey.com\/wp-content\/uploads\/2025\/03\/Cute-oval-magnetic-lipstick-container-5.jpg\" alt=\"Cute oval magnetic lipstick container\" width=\"750\" height=\"750\" srcset=\"https:\/\/www.alovey.com\/wp-content\/uploads\/2025\/03\/Cute-oval-magnetic-lipstick-container-5.jpg 750w, https:\/\/www.alovey.com\/wp-content\/uploads\/2025\/03\/Cute-oval-magnetic-lipstick-container-5-300x300.jpg 300w, https:\/\/www.alovey.com\/wp-content\/uploads\/2025\/03\/Cute-oval-magnetic-lipstick-container-5-150x150.jpg 150w, https:\/\/www.alovey.com\/wp-content\/uploads\/2025\/03\/Cute-oval-magnetic-lipstick-container-5-600x600.jpg 600w, https:\/\/www.alovey.com\/wp-content\/uploads\/2025\/03\/Cute-oval-magnetic-lipstick-container-5-100x100.jpg 100w\" sizes=\"(max-width: 750px) 100vw, 750px\" \/><\/p>\n<p><img decoding=\"async\" class=\"size-full wp-image-10055\" src=\"https:\/\/www.alovey.com\/wp-content\/uploads\/2025\/03\/Cute-oval-magnetic-lipstick-container-4.jpg\" alt=\"Cute oval magnetic lipstick container\" width=\"750\" height=\"750\" srcset=\"https:\/\/www.alovey.com\/wp-content\/uploads\/2025\/03\/Cute-oval-magnetic-lipstick-container-4.jpg 750w, https:\/\/www.alovey.com\/wp-content\/uploads\/2025\/03\/Cute-oval-magnetic-lipstick-container-4-300x300.jpg 300w, https:\/\/www.alovey.com\/wp-content\/uploads\/2025\/03\/Cute-oval-magnetic-lipstick-container-4-150x150.jpg 150w, https:\/\/www.alovey.com\/wp-content\/uploads\/2025\/03\/Cute-oval-magnetic-lipstick-container-4-600x600.jpg 600w, https:\/\/www.alovey.com\/wp-content\/uploads\/2025\/03\/Cute-oval-magnetic-lipstick-container-4-100x100.jpg 100w\" sizes=\"(max-width: 750px) 100vw, 750px\" \/><\/p>\n<p><img decoding=\"async\" class=\"size-full wp-image-10054\" src=\"https:\/\/www.alovey.com\/wp-content\/uploads\/2025\/03\/Cute-oval-magnetic-lipstick-container-3.jpg\" alt=\"Cute oval magnetic lipstick container\" width=\"750\" height=\"750\" srcset=\"https:\/\/www.alovey.com\/wp-content\/uploads\/2025\/03\/Cute-oval-magnetic-lipstick-container-3.jpg 750w, https:\/\/www.alovey.com\/wp-content\/uploads\/2025\/03\/Cute-oval-magnetic-lipstick-container-3-300x300.jpg 300w, https:\/\/www.alovey.com\/wp-content\/uploads\/2025\/03\/Cute-oval-magnetic-lipstick-container-3-150x150.jpg 150w, https:\/\/www.alovey.com\/wp-content\/uploads\/2025\/03\/Cute-oval-magnetic-lipstick-container-3-600x600.jpg 600w, https:\/\/www.alovey.com\/wp-content\/uploads\/2025\/03\/Cute-oval-magnetic-lipstick-container-3-100x100.jpg 100w\" sizes=\"(max-width: 750px) 100vw, 750px\" \/><\/p>\n<p><img loading=\"lazy\" decoding=\"async\" class=\"size-full wp-image-10053\" src=\"https:\/\/www.alovey.com\/wp-content\/uploads\/2025\/03\/Cute-oval-magnetic-lipstick-container-2.jpg\" alt=\"Cute oval magnetic lipstick container\" width=\"750\" height=\"750\" srcset=\"https:\/\/www.alovey.com\/wp-content\/uploads\/2025\/03\/Cute-oval-magnetic-lipstick-container-2.jpg 750w, https:\/\/www.alovey.com\/wp-content\/uploads\/2025\/03\/Cute-oval-magnetic-lipstick-container-2-300x300.jpg 300w, https:\/\/www.alovey.com\/wp-content\/uploads\/2025\/03\/Cute-oval-magnetic-lipstick-container-2-150x150.jpg 150w, https:\/\/www.alovey.com\/wp-content\/uploads\/2025\/03\/Cute-oval-magnetic-lipstick-container-2-600x600.jpg 600w, https:\/\/www.alovey.com\/wp-content\/uploads\/2025\/03\/Cute-oval-magnetic-lipstick-container-2-100x100.jpg 100w\" sizes=\"(max-width: 750px) 100vw, 750px\" \/><\/p>\n<p><img loading=\"lazy\" decoding=\"async\" class=\"size-full wp-image-10052\" src=\"https:\/\/www.alovey.com\/wp-content\/uploads\/2025\/03\/Cute-oval-magnetic-lipstick-container-1.jpg\" alt=\"Cute oval magnetic lipstick container\" width=\"750\" height=\"750\" srcset=\"https:\/\/www.alovey.com\/wp-content\/uploads\/2025\/03\/Cute-oval-magnetic-lipstick-container-1.jpg 750w, https:\/\/www.alovey.com\/wp-content\/uploads\/2025\/03\/Cute-oval-magnetic-lipstick-container-1-300x300.jpg 300w, https:\/\/www.alovey.com\/wp-content\/uploads\/2025\/03\/Cute-oval-magnetic-lipstick-container-1-150x150.jpg 150w, https:\/\/www.alovey.com\/wp-content\/uploads\/2025\/03\/Cute-oval-magnetic-lipstick-container-1-600x600.jpg 600w, https:\/\/www.alovey.com\/wp-content\/uploads\/2025\/03\/Cute-oval-magnetic-lipstick-container-1-100x100.jpg 100w\" sizes=\"(max-width: 750px) 100vw, 750px\" \/><\/p>\n<p><img loading=\"lazy\" decoding=\"async\" class=\"size-full wp-image-10051\" src=\"https:\/\/www.alovey.com\/wp-content\/uploads\/2025\/03\/Cute-oval-magnetic-lipstick-container-6.jpg\" alt=\"Cute oval magnetic lipstick container\" width=\"750\" height=\"750\" srcset=\"https:\/\/www.alovey.com\/wp-content\/uploads\/2025\/03\/Cute-oval-magnetic-lipstick-container-6.jpg 750w, https:\/\/www.alovey.com\/wp-content\/uploads\/2025\/03\/Cute-oval-magnetic-lipstick-container-6-300x300.jpg 300w, https:\/\/www.alovey.com\/wp-content\/uploads\/2025\/03\/Cute-oval-magnetic-lipstick-container-6-150x150.jpg 150w, https:\/\/www.alovey.com\/wp-content\/uploads\/2025\/03\/Cute-oval-magnetic-lipstick-container-6-600x600.jpg 600w, https:\/\/www.alovey.com\/wp-content\/uploads\/2025\/03\/Cute-oval-magnetic-lipstick-container-6-100x100.jpg 100w\" sizes=\"(max-width: 750px) 100vw, 750px\" \/><\/p>\n<p>&nbsp;<\/p>\n<p>&nbsp;<\/p>\n<p>&nbsp;<\/p>\n<p>&nbsp;<\/p>\n<p>&nbsp;<\/p>\n<p>&nbsp;<\/p>\n<p>&nbsp;<\/p>\n<p>&nbsp;<\/p>\n<p>&nbsp;<\/p>\n<p>&nbsp;<\/p>\n<p>&nbsp;<\/p>\n<p>&nbsp;<\/p>\n<p>&nbsp;<\/p>\n<p>&nbsp;<\/p>\n<p>&nbsp;<\/p>\n<p>&nbsp;<\/p>\n<p>&nbsp;<\/p>\n<p>&nbsp;<\/p>\n<p>&nbsp;<\/p>\n<p>&nbsp;<\/p>\n<p>&nbsp;<\/p>\n<p>&nbsp;<\/p>\n<p>&nbsp;<\/p>\n<p>&nbsp;<\/p>\n<p>&nbsp;<\/p>\n<p>&nbsp;<\/p>\n<p>&nbsp;<\/p>\n<p>&nbsp;<\/p>\n<p>&nbsp;<\/p>\n<p>&nbsp;<\/p>\n<p>&nbsp;<\/p>\n<p>&nbsp;<\/p>\n<p>&nbsp;<\/p>\n<p>&nbsp;<\/p>\n<p>&nbsp;<\/p>\n<p>&nbsp;<\/p>\n<p>&nbsp;<\/p>\n<p>&nbsp;<\/p>\n<p>&nbsp;<\/p>\n<p>&nbsp;<\/p>\n<p>&nbsp;<\/p>\n<p>&nbsp;<\/p>\n<p>&nbsp;<\/p>\n<p>&nbsp;<\/p>\n<p>&nbsp;<\/p>\n<p>&nbsp;<\/p>\n<p>&nbsp;<\/p>\n<p>&nbsp;<\/p>\n<p>&nbsp;<\/p>\n<p>&nbsp;<\/p>\n<p>&nbsp;<\/p>\n<p>&nbsp;<\/p>\n<p>&nbsp;<\/p>\n<p>&nbsp;<\/p>\n<p>&nbsp;<\/p>\n<p>&nbsp;<\/p>\n<p>&nbsp;<\/p>\n<p>&nbsp;<\/p>\n<p>&nbsp;<\/p>\n<p>&nbsp;<\/p>\n<p>&nbsp;<\/p>\n<p>&nbsp;<\/p>\n<p>&nbsp;<\/p>\n<p>&nbsp;<\/p>\n<p>&nbsp;<\/p>\n<p>&nbsp;<\/p>\n<p>&nbsp;<\/p>\n<p>&nbsp;<\/p>\n<p>&nbsp;<\/p>\n<p>&nbsp;<\/p>\n<p>&nbsp;<\/p>\n<p>&nbsp;<\/p>\n<p>&nbsp;<\/p>\n<p>&nbsp;<\/p>\n<p>&nbsp;<\/p>\n<p>&nbsp;<\/p>\n<p>&nbsp;<\/p>\n<p>&nbsp;<\/p>\n<p>&nbsp;<\/p>","protected":false},"excerpt":{"rendered":"<ul>\n<li>Item No: LS-0260A<\/li>\n<li>Material:\u00a0Plastic<\/li>\n<li>Size:\u00a0W26*H82.5MM<\/li>\n<li>Aplicaciones: Productos de belleza<\/li>\n<li>MOQ: 12.000 piezas<\/li>\n<li>Color: Color personalizado<\/li>\n<li>Surface treatment: Injection\/Matte\/Metalization\/UV coating<\/li>\n<li>Nombre de marca: OEM\/ODM<\/li>\n<li>Logotipo: Logotipo del cliente<\/li>\n<li>Capacidad de suministro: 100.000 piezas al mes<\/li>\n<\/ul>","protected":false},"featured_media":10054,"template":"","meta":{"_acf_changed":false},"product_brand":[],"product_cat":[373],"product_tag":[389,435],"class_list":{"0":"post-10050","1":"product","2":"type-product","3":"status-publish","4":"has-post-thumbnail","6":"product_cat-professional-lipstick-tube-supplier","7":"product_tag-lip-stick-tube","8":"product_tag-magnetic-lipstick-tube","10":"first","11":"instock","12":"shipping-taxable","13":"product-type-simple"},"acf":[],"yoast_head":"<!-- This site is optimized with the Yoast SEO plugin v24.1 - https:\/\/yoast.com\/wordpress\/plugins\/seo\/ -->\n<title>Cute oval magnetic lipstick container<\/title>\n<meta name=\"description\" content=\"This magnetic lipstick container is for effortless opening and secure closure. Built-in tamper-evident seals ensure product hygiene and safety.\" \/>\n<meta name=\"robots\" content=\"index, follow, max-snippet:-1, max-image-preview:large, max-video-preview:-1\" \/>\n<link rel=\"canonical\" href=\"https:\/\/www.alovey.com\/es\/producto\/cute-oval-magnetic-lipstick-container\/\" \/>\n<meta property=\"og:locale\" content=\"es_ES\" \/>\n<meta property=\"og:type\" content=\"article\" \/>\n<meta property=\"og:title\" content=\"Cute oval magnetic lipstick container\" \/>\n<meta property=\"og:description\" content=\"This magnetic lipstick container is for effortless opening and secure closure. Built-in tamper-evident seals ensure product hygiene and safety.\" \/>\n<meta property=\"og:url\" content=\"https:\/\/www.alovey.com\/es\/producto\/cute-oval-magnetic-lipstick-container\/\" \/>\n<meta property=\"og:site_name\" content=\"Best Cosmetic Packaging Manufacture\" \/>\n<meta property=\"article:modified_time\" content=\"2025-03-13T02:02:11+00:00\" \/>\n<meta property=\"og:image\" content=\"https:\/\/www.alovey.com\/wp-content\/uploads\/2025\/03\/Cute-oval-magnetic-lipstick-container-3.jpg\" \/>\n\t<meta property=\"og:image:width\" content=\"750\" \/>\n\t<meta property=\"og:image:height\" content=\"750\" \/>\n\t<meta property=\"og:image:type\" content=\"image\/jpeg\" \/>\n<meta name=\"twitter:card\" content=\"summary_large_image\" \/>\n<meta name=\"twitter:label1\" content=\"Tiempo de lectura\" \/>\n\t<meta name=\"twitter:data1\" content=\"2 minutos\" \/>\n<script type=\"application\/ld+json\" class=\"yoast-schema-graph\">{\"@context\":\"https:\/\/schema.org\",\"@graph\":[{\"@type\":\"WebPage\",\"@id\":\"https:\/\/www.alovey.com\/product\/cute-oval-magnetic-lipstick-container\/\",\"url\":\"https:\/\/www.alovey.com\/product\/cute-oval-magnetic-lipstick-container\/\",\"name\":\"Cute oval magnetic lipstick container\",\"isPartOf\":{\"@id\":\"https:\/\/www.alovey.com\/#website\"},\"primaryImageOfPage\":{\"@id\":\"https:\/\/www.alovey.com\/product\/cute-oval-magnetic-lipstick-container\/#primaryimage\"},\"image\":{\"@id\":\"https:\/\/www.alovey.com\/product\/cute-oval-magnetic-lipstick-container\/#primaryimage\"},\"thumbnailUrl\":\"https:\/\/www.alovey.com\/wp-content\/uploads\/2025\/03\/Cute-oval-magnetic-lipstick-container-3.jpg\",\"datePublished\":\"2025-03-13T01:54:41+00:00\",\"dateModified\":\"2025-03-13T02:02:11+00:00\",\"description\":\"This magnetic lipstick container is for effortless opening and secure closure. Built-in tamper-evident seals ensure product hygiene and safety.\",\"breadcrumb\":{\"@id\":\"https:\/\/www.alovey.com\/product\/cute-oval-magnetic-lipstick-container\/#breadcrumb\"},\"inLanguage\":\"es\",\"potentialAction\":[{\"@type\":\"ReadAction\",\"target\":[\"https:\/\/www.alovey.com\/product\/cute-oval-magnetic-lipstick-container\/\"]}]},{\"@type\":\"ImageObject\",\"inLanguage\":\"es\",\"@id\":\"https:\/\/www.alovey.com\/product\/cute-oval-magnetic-lipstick-container\/#primaryimage\",\"url\":\"https:\/\/www.alovey.com\/wp-content\/uploads\/2025\/03\/Cute-oval-magnetic-lipstick-container-3.jpg\",\"contentUrl\":\"https:\/\/www.alovey.com\/wp-content\/uploads\/2025\/03\/Cute-oval-magnetic-lipstick-container-3.jpg\",\"width\":750,\"height\":750,\"caption\":\"Cute oval magnetic lipstick container\"},{\"@type\":\"BreadcrumbList\",\"@id\":\"https:\/\/www.alovey.com\/product\/cute-oval-magnetic-lipstick-container\/#breadcrumb\",\"itemListElement\":[{\"@type\":\"ListItem\",\"position\":1,\"name\":\"\u9996\u9875\",\"item\":\"https:\/\/www.alovey.com\/\"},{\"@type\":\"ListItem\",\"position\":2,\"name\":\"Products\",\"item\":\"https:\/\/www.alovey.com\/products\/\"},{\"@type\":\"ListItem\",\"position\":3,\"name\":\"Cute oval magnetic lipstick container\"}]},{\"@type\":\"WebSite\",\"@id\":\"https:\/\/www.alovey.com\/#website\",\"url\":\"https:\/\/www.alovey.com\/\",\"name\":\"Best Cosmetic Packaging Manufacture\",\"description\":\"Alovey Cosmetic Packaging Co.,Ltd\",\"publisher\":{\"@id\":\"https:\/\/www.alovey.com\/#organization\"},\"potentialAction\":[{\"@type\":\"SearchAction\",\"target\":{\"@type\":\"EntryPoint\",\"urlTemplate\":\"https:\/\/www.alovey.com\/?s={search_term_string}\"},\"query-input\":{\"@type\":\"PropertyValueSpecification\",\"valueRequired\":true,\"valueName\":\"search_term_string\"}}],\"inLanguage\":\"es\"},{\"@type\":\"Organization\",\"@id\":\"https:\/\/www.alovey.com\/#organization\",\"name\":\"Best Cosmetic Packaging Manufacture\",\"url\":\"https:\/\/www.alovey.com\/\",\"logo\":{\"@type\":\"ImageObject\",\"inLanguage\":\"es\",\"@id\":\"https:\/\/www.alovey.com\/#\/schema\/logo\/image\/\",\"url\":\"https:\/\/www.alovey.com\/wp-content\/uploads\/2023\/03\/logo.png\",\"contentUrl\":\"https:\/\/www.alovey.com\/wp-content\/uploads\/2023\/03\/logo.png\",\"width\":505,\"height\":180,\"caption\":\"Best  Cosmetic Packaging Manufacture\"},\"image\":{\"@id\":\"https:\/\/www.alovey.com\/#\/schema\/logo\/image\/\"}}]}<\/script>\n<!-- \/ Yoast SEO plugin. -->","yoast_head_json":{"title":"Cute oval magnetic lipstick container","description":"This magnetic lipstick container is for effortless opening and secure closure. Built-in tamper-evident seals ensure product hygiene and safety.","robots":{"index":"index","follow":"follow","max-snippet":"max-snippet:-1","max-image-preview":"max-image-preview:large","max-video-preview":"max-video-preview:-1"},"canonical":"https:\/\/www.alovey.com\/es\/producto\/cute-oval-magnetic-lipstick-container\/","og_locale":"es_ES","og_type":"article","og_title":"Cute oval magnetic lipstick container","og_description":"This magnetic lipstick container is for effortless opening and secure closure. Built-in tamper-evident seals ensure product hygiene and safety.","og_url":"https:\/\/www.alovey.com\/es\/producto\/cute-oval-magnetic-lipstick-container\/","og_site_name":"Best Cosmetic Packaging Manufacture","article_modified_time":"2025-03-13T02:02:11+00:00","og_image":[{"width":750,"height":750,"url":"https:\/\/www.alovey.com\/wp-content\/uploads\/2025\/03\/Cute-oval-magnetic-lipstick-container-3.jpg","type":"image\/jpeg"}],"twitter_card":"summary_large_image","twitter_misc":{"Tiempo de lectura":"2 minutos"},"schema":{"@context":"https:\/\/schema.org","@graph":[{"@type":"WebPage","@id":"https:\/\/www.alovey.com\/product\/cute-oval-magnetic-lipstick-container\/","url":"https:\/\/www.alovey.com\/product\/cute-oval-magnetic-lipstick-container\/","name":"Cute oval magnetic lipstick container","isPartOf":{"@id":"https:\/\/www.alovey.com\/#website"},"primaryImageOfPage":{"@id":"https:\/\/www.alovey.com\/product\/cute-oval-magnetic-lipstick-container\/#primaryimage"},"image":{"@id":"https:\/\/www.alovey.com\/product\/cute-oval-magnetic-lipstick-container\/#primaryimage"},"thumbnailUrl":"https:\/\/www.alovey.com\/wp-content\/uploads\/2025\/03\/Cute-oval-magnetic-lipstick-container-3.jpg","datePublished":"2025-03-13T01:54:41+00:00","dateModified":"2025-03-13T02:02:11+00:00","description":"This magnetic lipstick container is for effortless opening and secure closure. Built-in tamper-evident seals ensure product hygiene and safety.","breadcrumb":{"@id":"https:\/\/www.alovey.com\/product\/cute-oval-magnetic-lipstick-container\/#breadcrumb"},"inLanguage":"es","potentialAction":[{"@type":"ReadAction","target":["https:\/\/www.alovey.com\/product\/cute-oval-magnetic-lipstick-container\/"]}]},{"@type":"ImageObject","inLanguage":"es","@id":"https:\/\/www.alovey.com\/product\/cute-oval-magnetic-lipstick-container\/#primaryimage","url":"https:\/\/www.alovey.com\/wp-content\/uploads\/2025\/03\/Cute-oval-magnetic-lipstick-container-3.jpg","contentUrl":"https:\/\/www.alovey.com\/wp-content\/uploads\/2025\/03\/Cute-oval-magnetic-lipstick-container-3.jpg","width":750,"height":750,"caption":"Cute oval magnetic lipstick container"},{"@type":"BreadcrumbList","@id":"https:\/\/www.alovey.com\/product\/cute-oval-magnetic-lipstick-container\/#breadcrumb","itemListElement":[{"@type":"ListItem","position":1,"name":"\u9996\u9875","item":"https:\/\/www.alovey.com\/"},{"@type":"ListItem","position":2,"name":"Products","item":"https:\/\/www.alovey.com\/products\/"},{"@type":"ListItem","position":3,"name":"Cute oval magnetic lipstick container"}]},{"@type":"WebSite","@id":"https:\/\/www.alovey.com\/#website","url":"https:\/\/www.alovey.com\/","name":"Best Cosmetic Packaging Manufacture","description":"Alovey Cosmetic Packaging S.L.","publisher":{"@id":"https:\/\/www.alovey.com\/#organization"},"potentialAction":[{"@type":"SearchAction","target":{"@type":"EntryPoint","urlTemplate":"https:\/\/www.alovey.com\/?s={search_term_string}"},"query-input":{"@type":"PropertyValueSpecification","valueRequired":true,"valueName":"search_term_string"}}],"inLanguage":"es"},{"@type":"Organization","@id":"https:\/\/www.alovey.com\/#organization","name":"Best Cosmetic Packaging Manufacture","url":"https:\/\/www.alovey.com\/","logo":{"@type":"ImageObject","inLanguage":"es","@id":"https:\/\/www.alovey.com\/#\/schema\/logo\/image\/","url":"https:\/\/www.alovey.com\/wp-content\/uploads\/2023\/03\/logo.png","contentUrl":"https:\/\/www.alovey.com\/wp-content\/uploads\/2023\/03\/logo.png","width":505,"height":180,"caption":"Best  Cosmetic Packaging Manufacture"},"image":{"@id":"https:\/\/www.alovey.com\/#\/schema\/logo\/image\/"}}]}},"_links":{"self":[{"href":"https:\/\/www.alovey.com\/es\/wp-json\/wp\/v2\/product\/10050"}],"collection":[{"href":"https:\/\/www.alovey.com\/es\/wp-json\/wp\/v2\/product"}],"about":[{"href":"https:\/\/www.alovey.com\/es\/wp-json\/wp\/v2\/types\/product"}],"wp:featuredmedia":[{"embeddable":true,"href":"https:\/\/www.alovey.com\/es\/wp-json\/wp\/v2\/media\/10054"}],"wp:attachment":[{"href":"https:\/\/www.alovey.com\/es\/wp-json\/wp\/v2\/media?parent=10050"}],"wp:term":[{"taxonomy":"product_brand","embeddable":true,"href":"https:\/\/www.alovey.com\/es\/wp-json\/wp\/v2\/product_brand?post=10050"},{"taxonomy":"product_cat","embeddable":true,"href":"https:\/\/www.alovey.com\/es\/wp-json\/wp\/v2\/product_cat?post=10050"},{"taxonomy":"product_tag","embeddable":true,"href":"https:\/\/www.alovey.com\/es\/wp-json\/wp\/v2\/product_tag?post=10050"}],"curies":[{"name":"wp","href":"https:\/\/api.w.org\/{rel}","templated":true}]}}