{"id":9531,"date":"2025-02-11T02:16:55","date_gmt":"2025-02-11T02:16:55","guid":{"rendered":"https:\/\/www.alovey.com\/?post_type=product&#038;p=9531"},"modified":"2025-02-11T02:24:26","modified_gmt":"2025-02-11T02:24:26","slug":"luxury-magnetic-lipstick-tube-with-slim-triangle-shape","status":"publish","type":"product","link":"https:\/\/www.alovey.com\/de\/produkt\/luxury-magnetic-lipstick-tube-with-slim-triangle-shape\/","title":{"rendered":"Luxury magnetic lipstick tube with slim triangle shape"},"content":{"rendered":"<p><strong>This luxury magnetic lipstick tube with slim triangle shape\u00a0 has the diameter \u00a011.8mm. It can be used for filling natural lip balms, chapstick, crayon lipstick, etc. With the feature of small size, lightweight, good for travel, conveniently,it fits to take in your purse.<\/strong><\/p>\n<p><strong>Alovey, ein professioneller chinesischer Hersteller von Kosmetikverpackungen, produziert eine exquisite Auswahl an kundenspezifischen Kosmetikverpackungen, die sorgf\u00e4ltig hergestellt werden, um Ihre Marke aufzuwerten. Unsere vielf\u00e4ltige Auswahl an Premium-Materialien, kombiniert mit feinen Oberfl\u00e4chenveredelungstechniken wie Siebdruck, Hei\u00dfpr\u00e4gung und mattem Spr\u00fchen, macht jede Verpackung zu einem einzigartigen Meisterwerk.<\/strong><\/p>\n<p><img fetchpriority=\"high\" decoding=\"async\" class=\"size-full wp-image-9534\" src=\"https:\/\/www.alovey.com\/wp-content\/uploads\/2025\/02\/Luxury-magnetic-lipstick-tube-with-slim-triangle-shape-2.jpg\" alt=\"Luxury magnetic lipstick tube with slim triangle shape\" width=\"750\" height=\"750\" srcset=\"https:\/\/www.alovey.com\/wp-content\/uploads\/2025\/02\/Luxury-magnetic-lipstick-tube-with-slim-triangle-shape-2.jpg 750w, https:\/\/www.alovey.com\/wp-content\/uploads\/2025\/02\/Luxury-magnetic-lipstick-tube-with-slim-triangle-shape-2-300x300.jpg 300w, https:\/\/www.alovey.com\/wp-content\/uploads\/2025\/02\/Luxury-magnetic-lipstick-tube-with-slim-triangle-shape-2-150x150.jpg 150w, https:\/\/www.alovey.com\/wp-content\/uploads\/2025\/02\/Luxury-magnetic-lipstick-tube-with-slim-triangle-shape-2-600x600.jpg 600w, https:\/\/www.alovey.com\/wp-content\/uploads\/2025\/02\/Luxury-magnetic-lipstick-tube-with-slim-triangle-shape-2-100x100.jpg 100w\" sizes=\"(max-width: 750px) 100vw, 750px\" \/><\/p>\n<p><img decoding=\"async\" class=\"size-full wp-image-9535\" src=\"https:\/\/www.alovey.com\/wp-content\/uploads\/2025\/02\/Luxury-magnetic-lipstick-tube-with-slim-triangle-shape-3.jpg\" alt=\"Luxury magnetic lipstick tube with slim triangle shape\" width=\"750\" height=\"750\" srcset=\"https:\/\/www.alovey.com\/wp-content\/uploads\/2025\/02\/Luxury-magnetic-lipstick-tube-with-slim-triangle-shape-3.jpg 750w, https:\/\/www.alovey.com\/wp-content\/uploads\/2025\/02\/Luxury-magnetic-lipstick-tube-with-slim-triangle-shape-3-300x300.jpg 300w, https:\/\/www.alovey.com\/wp-content\/uploads\/2025\/02\/Luxury-magnetic-lipstick-tube-with-slim-triangle-shape-3-150x150.jpg 150w, https:\/\/www.alovey.com\/wp-content\/uploads\/2025\/02\/Luxury-magnetic-lipstick-tube-with-slim-triangle-shape-3-600x600.jpg 600w, https:\/\/www.alovey.com\/wp-content\/uploads\/2025\/02\/Luxury-magnetic-lipstick-tube-with-slim-triangle-shape-3-100x100.jpg 100w\" sizes=\"(max-width: 750px) 100vw, 750px\" \/><\/p>\n<p><img decoding=\"async\" class=\"size-full wp-image-9536\" src=\"https:\/\/www.alovey.com\/wp-content\/uploads\/2025\/02\/Luxury-magnetic-lipstick-tube-with-slim-triangle-shape-4.jpg\" alt=\"Luxury magnetic lipstick tube with slim triangle shape\" width=\"750\" height=\"750\" srcset=\"https:\/\/www.alovey.com\/wp-content\/uploads\/2025\/02\/Luxury-magnetic-lipstick-tube-with-slim-triangle-shape-4.jpg 750w, https:\/\/www.alovey.com\/wp-content\/uploads\/2025\/02\/Luxury-magnetic-lipstick-tube-with-slim-triangle-shape-4-300x300.jpg 300w, https:\/\/www.alovey.com\/wp-content\/uploads\/2025\/02\/Luxury-magnetic-lipstick-tube-with-slim-triangle-shape-4-150x150.jpg 150w, https:\/\/www.alovey.com\/wp-content\/uploads\/2025\/02\/Luxury-magnetic-lipstick-tube-with-slim-triangle-shape-4-600x600.jpg 600w, https:\/\/www.alovey.com\/wp-content\/uploads\/2025\/02\/Luxury-magnetic-lipstick-tube-with-slim-triangle-shape-4-100x100.jpg 100w\" sizes=\"(max-width: 750px) 100vw, 750px\" \/><\/p>\n<p><img loading=\"lazy\" decoding=\"async\" class=\"alignnone size-full wp-image-9537\" src=\"https:\/\/www.alovey.com\/wp-content\/uploads\/2025\/02\/Luxury-magnetic-lipstick-tube-with-slim-triangle-shape-5.jpg\" alt=\"\" width=\"750\" height=\"750\" srcset=\"https:\/\/www.alovey.com\/wp-content\/uploads\/2025\/02\/Luxury-magnetic-lipstick-tube-with-slim-triangle-shape-5.jpg 750w, https:\/\/www.alovey.com\/wp-content\/uploads\/2025\/02\/Luxury-magnetic-lipstick-tube-with-slim-triangle-shape-5-300x300.jpg 300w, https:\/\/www.alovey.com\/wp-content\/uploads\/2025\/02\/Luxury-magnetic-lipstick-tube-with-slim-triangle-shape-5-150x150.jpg 150w, https:\/\/www.alovey.com\/wp-content\/uploads\/2025\/02\/Luxury-magnetic-lipstick-tube-with-slim-triangle-shape-5-600x600.jpg 600w, https:\/\/www.alovey.com\/wp-content\/uploads\/2025\/02\/Luxury-magnetic-lipstick-tube-with-slim-triangle-shape-5-100x100.jpg 100w\" sizes=\"(max-width: 750px) 100vw, 750px\" \/><\/p>\n<p><img loading=\"lazy\" decoding=\"async\" class=\"alignnone size-full wp-image-9533\" src=\"https:\/\/www.alovey.com\/wp-content\/uploads\/2025\/02\/Luxury-magnetic-lipstick-tube-with-slim-triangle-shape-1.jpg\" alt=\"Luxury magnetic lipstick tube with slim triangle shape\" width=\"750\" height=\"750\" srcset=\"https:\/\/www.alovey.com\/wp-content\/uploads\/2025\/02\/Luxury-magnetic-lipstick-tube-with-slim-triangle-shape-1.jpg 750w, https:\/\/www.alovey.com\/wp-content\/uploads\/2025\/02\/Luxury-magnetic-lipstick-tube-with-slim-triangle-shape-1-300x300.jpg 300w, https:\/\/www.alovey.com\/wp-content\/uploads\/2025\/02\/Luxury-magnetic-lipstick-tube-with-slim-triangle-shape-1-150x150.jpg 150w, https:\/\/www.alovey.com\/wp-content\/uploads\/2025\/02\/Luxury-magnetic-lipstick-tube-with-slim-triangle-shape-1-600x600.jpg 600w, https:\/\/www.alovey.com\/wp-content\/uploads\/2025\/02\/Luxury-magnetic-lipstick-tube-with-slim-triangle-shape-1-100x100.jpg 100w\" sizes=\"(max-width: 750px) 100vw, 750px\" \/><\/p>\n<p><img loading=\"lazy\" decoding=\"async\" class=\"size-full wp-image-9532\" src=\"https:\/\/www.alovey.com\/wp-content\/uploads\/2025\/02\/Luxury-magnetic-lipstick-tube-with-slim-triangle-shape-6.jpg\" alt=\"Luxury magnetic lipstick tube with slim triangle shape\" width=\"750\" height=\"750\" srcset=\"https:\/\/www.alovey.com\/wp-content\/uploads\/2025\/02\/Luxury-magnetic-lipstick-tube-with-slim-triangle-shape-6.jpg 750w, https:\/\/www.alovey.com\/wp-content\/uploads\/2025\/02\/Luxury-magnetic-lipstick-tube-with-slim-triangle-shape-6-300x300.jpg 300w, https:\/\/www.alovey.com\/wp-content\/uploads\/2025\/02\/Luxury-magnetic-lipstick-tube-with-slim-triangle-shape-6-150x150.jpg 150w, https:\/\/www.alovey.com\/wp-content\/uploads\/2025\/02\/Luxury-magnetic-lipstick-tube-with-slim-triangle-shape-6-600x600.jpg 600w, https:\/\/www.alovey.com\/wp-content\/uploads\/2025\/02\/Luxury-magnetic-lipstick-tube-with-slim-triangle-shape-6-100x100.jpg 100w\" sizes=\"(max-width: 750px) 100vw, 750px\" \/><\/p>\n<p>&nbsp;<\/p>\n<p>&nbsp;<\/p>\n<p>&nbsp;<\/p>\n<p>&nbsp;<\/p>\n<p>&nbsp;<\/p>\n<p>&nbsp;<\/p>\n<p>&nbsp;<\/p>\n<p>&nbsp;<\/p>\n<p>&nbsp;<\/p>\n<p>&nbsp;<\/p>\n<p>&nbsp;<\/p>\n<p>&nbsp;<\/p>\n<p>&nbsp;<\/p>\n<p>&nbsp;<\/p>\n<p>&nbsp;<\/p>\n<p>&nbsp;<\/p>\n<p>&nbsp;<\/p>\n<p>&nbsp;<\/p>\n<p>&nbsp;<\/p>\n<p>&nbsp;<\/p>\n<p>&nbsp;<\/p>\n<p>&nbsp;<\/p>\n<p>&nbsp;<\/p>\n<p>&nbsp;<\/p>\n<p>&nbsp;<\/p>\n<p>&nbsp;<\/p>\n<p>&nbsp;<\/p>\n<p>&nbsp;<\/p>\n<p>&nbsp;<\/p>\n<p>&nbsp;<\/p>\n<p>&nbsp;<\/p>\n<p>&nbsp;<\/p>\n<p>&nbsp;<\/p>\n<p>&nbsp;<\/p>\n<p>&nbsp;<\/p>\n<p>&nbsp;<\/p>\n<p>&nbsp;<\/p>\n<p>&nbsp;<\/p>\n<p>&nbsp;<\/p>\n<p>&nbsp;<\/p>\n<p>&nbsp;<\/p>\n<p>&nbsp;<\/p>\n<p>&nbsp;<\/p>\n<p>&nbsp;<\/p>\n<p>&nbsp;<\/p>\n<p>&nbsp;<\/p>\n<p>&nbsp;<\/p>\n<p>&nbsp;<\/p>\n<p>&nbsp;<\/p>\n<p>&nbsp;<\/p>\n<p>&nbsp;<\/p>\n<p>&nbsp;<\/p>\n<p>&nbsp;<\/p>\n<p>&nbsp;<\/p>\n<p>&nbsp;<\/p>\n<p>&nbsp;<\/p>\n<p>&nbsp;<\/p>\n<p>&nbsp;<\/p>\n<p>&nbsp;<\/p>\n<p>&nbsp;<\/p>\n<p>&nbsp;<\/p>\n<p>&nbsp;<\/p>\n<p>&nbsp;<\/p>\n<p>&nbsp;<\/p>\n<p>&nbsp;<\/p>\n<p>&nbsp;<\/p>\n<p>&nbsp;<\/p>\n<p>&nbsp;<\/p>\n<p>&nbsp;<\/p>\n<p>&nbsp;<\/p>\n<p>&nbsp;<\/p>\n<p>&nbsp;<\/p>\n<p>&nbsp;<\/p>\n<p>&nbsp;<\/p>\n<p>&nbsp;<\/p>\n<p>&nbsp;<\/p>\n<p>&nbsp;<\/p>\n<p>&nbsp;<\/p>\n<p>&nbsp;<\/p>\n<p>&nbsp;<\/p>\n<p>&nbsp;<\/p>\n<p>&nbsp;<\/p>\n<p>&nbsp;<\/p>\n<p>&nbsp;<\/p>\n<p>&nbsp;<\/p>\n<p>&nbsp;<\/p>\n<p>&nbsp;<\/p>\n<p>&nbsp;<\/p>\n<p>&nbsp;<\/p>\n<p>&nbsp;<\/p>\n<p>&nbsp;<\/p>\n<p>&nbsp;<\/p>\n<p>&nbsp;<\/p>\n<p>&nbsp;<\/p>\n<p>&nbsp;<\/p>\n<p>&nbsp;<\/p>\n<p>&nbsp;<\/p>\n<p>&nbsp;<\/p>\n<p>&nbsp;<\/p>\n<p>&nbsp;<\/p>\n<p>&nbsp;<\/p>\n<p>&nbsp;<\/p>\n<p>&nbsp;<\/p>\n<p>&nbsp;<\/p>\n<p>&nbsp;<\/p>\n<p>&nbsp;<\/p>\n<p>&nbsp;<\/p>\n<p>&nbsp;<\/p>\n<p>&nbsp;<\/p>\n<p>&nbsp;<\/p>\n<p>&nbsp;<\/p>\n<p>&nbsp;<\/p>\n<p>&nbsp;<\/p>\n<p>&nbsp;<\/p>\n<p>&nbsp;<\/p>\n<p>&nbsp;<\/p>\n<p>&nbsp;<\/p>\n<p>&nbsp;<\/p>\n<p>&nbsp;<\/p>\n<p>&nbsp;<\/p>\n<p>&nbsp;<\/p>\n<p>&nbsp;<\/p>\n<p>&nbsp;<\/p>\n<p>&nbsp;<\/p>\n<p>&nbsp;<\/p>\n<p>&nbsp;<\/p>\n<p>&nbsp;<\/p>\n<p>&nbsp;<\/p>\n<p>&nbsp;<\/p>\n<p>&nbsp;<\/p>\n<p>&nbsp;<\/p>\n<p>&nbsp;<\/p>\n<p>&nbsp;<\/p>\n<p>&nbsp;<\/p>\n<p>&nbsp;<\/p>\n<p>&nbsp;<\/p>\n<p>&nbsp;<\/p>\n<p>&nbsp;<\/p>\n<p>&nbsp;<\/p>","protected":false},"excerpt":{"rendered":"<ul>\n<li>Item No: LS-0270H<\/li>\n<li>Material:\u00a0Plastic<\/li>\n<li>Size:\u00a0W21*H92MM<\/li>\n<li>Anwendungen: Sch\u00f6nheitsprodukte<\/li>\n<li>MOQ: 12,000 pcs<\/li>\n<li>Farbe: Benutzerdefinierte Farbe<\/li>\n<li>Surface treatment: Injection\/Matte\/Metalization\/UV coating<\/li>\n<li>Markenname: OEM\/ODM<\/li>\n<li>Logo: Logo des Kunden<\/li>\n<li>Lieferf\u00e4higkeit: 100.000 St\u00fcck pro Monat<\/li>\n<li><\/li>\n<\/ul>","protected":false},"featured_media":9534,"template":"","meta":{"_acf_changed":false},"product_brand":[],"product_cat":[373],"product_tag":[389],"class_list":{"0":"post-9531","1":"product","2":"type-product","3":"status-publish","4":"has-post-thumbnail","6":"product_cat-professional-lipstick-tube-supplier","7":"product_tag-lip-stick-tube","9":"first","10":"instock","11":"shipping-taxable","12":"product-type-simple"},"acf":[],"yoast_head":"<!-- This site is optimized with the Yoast SEO plugin v24.1 - https:\/\/yoast.com\/wordpress\/plugins\/seo\/ -->\n<title>Luxury magnetic lipstick tube with slim triangle shape<\/title>\n<meta name=\"description\" content=\"This luxury magnetic lipstick tube with slim triangle shape\u00a0 has the diameter \u00a011.8mm. It can be used for filling natural lip balms, chapstick, crayon lipstick, etc\" \/>\n<meta name=\"robots\" content=\"index, follow, max-snippet:-1, max-image-preview:large, max-video-preview:-1\" \/>\n<link rel=\"canonical\" href=\"https:\/\/www.alovey.com\/de\/produkt\/luxury-magnetic-lipstick-tube-with-slim-triangle-shape\/\" \/>\n<meta property=\"og:locale\" content=\"de_DE\" \/>\n<meta property=\"og:type\" content=\"article\" \/>\n<meta property=\"og:title\" content=\"Luxury magnetic lipstick tube with slim triangle shape\" \/>\n<meta property=\"og:description\" content=\"This luxury magnetic lipstick tube with slim triangle shape\u00a0 has the diameter \u00a011.8mm. It can be used for filling natural lip balms, chapstick, crayon lipstick, etc\" \/>\n<meta property=\"og:url\" content=\"https:\/\/www.alovey.com\/de\/produkt\/luxury-magnetic-lipstick-tube-with-slim-triangle-shape\/\" \/>\n<meta property=\"og:site_name\" content=\"Best Cosmetic Packaging Manufacture\" \/>\n<meta property=\"article:modified_time\" content=\"2025-02-11T02:24:26+00:00\" \/>\n<meta property=\"og:image\" content=\"https:\/\/www.alovey.com\/wp-content\/uploads\/2025\/02\/Luxury-magnetic-lipstick-tube-with-slim-triangle-shape-2.jpg\" \/>\n\t<meta property=\"og:image:width\" content=\"750\" \/>\n\t<meta property=\"og:image:height\" content=\"750\" \/>\n\t<meta property=\"og:image:type\" content=\"image\/jpeg\" \/>\n<meta name=\"twitter:card\" content=\"summary_large_image\" \/>\n<meta name=\"twitter:label1\" content=\"Gesch\u00e4tzte Lesezeit\" \/>\n\t<meta name=\"twitter:data1\" content=\"2\u00a0Minuten\" \/>\n<script type=\"application\/ld+json\" class=\"yoast-schema-graph\">{\"@context\":\"https:\/\/schema.org\",\"@graph\":[{\"@type\":\"WebPage\",\"@id\":\"https:\/\/www.alovey.com\/product\/luxury-magnetic-lipstick-tube-with-slim-triangle-shape\/\",\"url\":\"https:\/\/www.alovey.com\/product\/luxury-magnetic-lipstick-tube-with-slim-triangle-shape\/\",\"name\":\"Luxury magnetic lipstick tube with slim triangle shape\",\"isPartOf\":{\"@id\":\"https:\/\/www.alovey.com\/#website\"},\"primaryImageOfPage\":{\"@id\":\"https:\/\/www.alovey.com\/product\/luxury-magnetic-lipstick-tube-with-slim-triangle-shape\/#primaryimage\"},\"image\":{\"@id\":\"https:\/\/www.alovey.com\/product\/luxury-magnetic-lipstick-tube-with-slim-triangle-shape\/#primaryimage\"},\"thumbnailUrl\":\"https:\/\/www.alovey.com\/wp-content\/uploads\/2025\/02\/Luxury-magnetic-lipstick-tube-with-slim-triangle-shape-2.jpg\",\"datePublished\":\"2025-02-11T02:16:55+00:00\",\"dateModified\":\"2025-02-11T02:24:26+00:00\",\"description\":\"This luxury magnetic lipstick tube with slim triangle shape\u00a0 has the diameter \u00a011.8mm. It can be used for filling natural lip balms, chapstick, crayon lipstick, etc\",\"breadcrumb\":{\"@id\":\"https:\/\/www.alovey.com\/product\/luxury-magnetic-lipstick-tube-with-slim-triangle-shape\/#breadcrumb\"},\"inLanguage\":\"de\",\"potentialAction\":[{\"@type\":\"ReadAction\",\"target\":[\"https:\/\/www.alovey.com\/product\/luxury-magnetic-lipstick-tube-with-slim-triangle-shape\/\"]}]},{\"@type\":\"ImageObject\",\"inLanguage\":\"de\",\"@id\":\"https:\/\/www.alovey.com\/product\/luxury-magnetic-lipstick-tube-with-slim-triangle-shape\/#primaryimage\",\"url\":\"https:\/\/www.alovey.com\/wp-content\/uploads\/2025\/02\/Luxury-magnetic-lipstick-tube-with-slim-triangle-shape-2.jpg\",\"contentUrl\":\"https:\/\/www.alovey.com\/wp-content\/uploads\/2025\/02\/Luxury-magnetic-lipstick-tube-with-slim-triangle-shape-2.jpg\",\"width\":750,\"height\":750,\"caption\":\"Luxury magnetic lipstick tube with slim triangle shape\"},{\"@type\":\"BreadcrumbList\",\"@id\":\"https:\/\/www.alovey.com\/product\/luxury-magnetic-lipstick-tube-with-slim-triangle-shape\/#breadcrumb\",\"itemListElement\":[{\"@type\":\"ListItem\",\"position\":1,\"name\":\"\u9996\u9875\",\"item\":\"https:\/\/www.alovey.com\/\"},{\"@type\":\"ListItem\",\"position\":2,\"name\":\"Products\",\"item\":\"https:\/\/www.alovey.com\/products\/\"},{\"@type\":\"ListItem\",\"position\":3,\"name\":\"Luxury magnetic lipstick tube with slim triangle shape\"}]},{\"@type\":\"WebSite\",\"@id\":\"https:\/\/www.alovey.com\/#website\",\"url\":\"https:\/\/www.alovey.com\/\",\"name\":\"Best Cosmetic Packaging Manufacture\",\"description\":\"Alovey Cosmetic Packaging Co.,Ltd\",\"publisher\":{\"@id\":\"https:\/\/www.alovey.com\/#organization\"},\"potentialAction\":[{\"@type\":\"SearchAction\",\"target\":{\"@type\":\"EntryPoint\",\"urlTemplate\":\"https:\/\/www.alovey.com\/?s={search_term_string}\"},\"query-input\":{\"@type\":\"PropertyValueSpecification\",\"valueRequired\":true,\"valueName\":\"search_term_string\"}}],\"inLanguage\":\"de\"},{\"@type\":\"Organization\",\"@id\":\"https:\/\/www.alovey.com\/#organization\",\"name\":\"Best Cosmetic Packaging Manufacture\",\"url\":\"https:\/\/www.alovey.com\/\",\"logo\":{\"@type\":\"ImageObject\",\"inLanguage\":\"de\",\"@id\":\"https:\/\/www.alovey.com\/#\/schema\/logo\/image\/\",\"url\":\"https:\/\/www.alovey.com\/wp-content\/uploads\/2023\/03\/logo.png\",\"contentUrl\":\"https:\/\/www.alovey.com\/wp-content\/uploads\/2023\/03\/logo.png\",\"width\":505,\"height\":180,\"caption\":\"Best  Cosmetic Packaging Manufacture\"},\"image\":{\"@id\":\"https:\/\/www.alovey.com\/#\/schema\/logo\/image\/\"}}]}<\/script>\n<!-- \/ Yoast SEO plugin. -->","yoast_head_json":{"title":"Luxury magnetic lipstick tube with slim triangle shape","description":"This luxury magnetic lipstick tube with slim triangle shape\u00a0 has the diameter \u00a011.8mm. It can be used for filling natural lip balms, chapstick, crayon lipstick, etc","robots":{"index":"index","follow":"follow","max-snippet":"max-snippet:-1","max-image-preview":"max-image-preview:large","max-video-preview":"max-video-preview:-1"},"canonical":"https:\/\/www.alovey.com\/de\/produkt\/luxury-magnetic-lipstick-tube-with-slim-triangle-shape\/","og_locale":"de_DE","og_type":"article","og_title":"Luxury magnetic lipstick tube with slim triangle shape","og_description":"This luxury magnetic lipstick tube with slim triangle shape\u00a0 has the diameter \u00a011.8mm. It can be used for filling natural lip balms, chapstick, crayon lipstick, etc","og_url":"https:\/\/www.alovey.com\/de\/produkt\/luxury-magnetic-lipstick-tube-with-slim-triangle-shape\/","og_site_name":"Best Cosmetic Packaging Manufacture","article_modified_time":"2025-02-11T02:24:26+00:00","og_image":[{"width":750,"height":750,"url":"https:\/\/www.alovey.com\/wp-content\/uploads\/2025\/02\/Luxury-magnetic-lipstick-tube-with-slim-triangle-shape-2.jpg","type":"image\/jpeg"}],"twitter_card":"summary_large_image","twitter_misc":{"Gesch\u00e4tzte Lesezeit":"2\u00a0Minuten"},"schema":{"@context":"https:\/\/schema.org","@graph":[{"@type":"WebPage","@id":"https:\/\/www.alovey.com\/product\/luxury-magnetic-lipstick-tube-with-slim-triangle-shape\/","url":"https:\/\/www.alovey.com\/product\/luxury-magnetic-lipstick-tube-with-slim-triangle-shape\/","name":"Luxury magnetic lipstick tube with slim triangle shape","isPartOf":{"@id":"https:\/\/www.alovey.com\/#website"},"primaryImageOfPage":{"@id":"https:\/\/www.alovey.com\/product\/luxury-magnetic-lipstick-tube-with-slim-triangle-shape\/#primaryimage"},"image":{"@id":"https:\/\/www.alovey.com\/product\/luxury-magnetic-lipstick-tube-with-slim-triangle-shape\/#primaryimage"},"thumbnailUrl":"https:\/\/www.alovey.com\/wp-content\/uploads\/2025\/02\/Luxury-magnetic-lipstick-tube-with-slim-triangle-shape-2.jpg","datePublished":"2025-02-11T02:16:55+00:00","dateModified":"2025-02-11T02:24:26+00:00","description":"This luxury magnetic lipstick tube with slim triangle shape\u00a0 has the diameter \u00a011.8mm. It can be used for filling natural lip balms, chapstick, crayon lipstick, etc","breadcrumb":{"@id":"https:\/\/www.alovey.com\/product\/luxury-magnetic-lipstick-tube-with-slim-triangle-shape\/#breadcrumb"},"inLanguage":"de","potentialAction":[{"@type":"ReadAction","target":["https:\/\/www.alovey.com\/product\/luxury-magnetic-lipstick-tube-with-slim-triangle-shape\/"]}]},{"@type":"ImageObject","inLanguage":"de","@id":"https:\/\/www.alovey.com\/product\/luxury-magnetic-lipstick-tube-with-slim-triangle-shape\/#primaryimage","url":"https:\/\/www.alovey.com\/wp-content\/uploads\/2025\/02\/Luxury-magnetic-lipstick-tube-with-slim-triangle-shape-2.jpg","contentUrl":"https:\/\/www.alovey.com\/wp-content\/uploads\/2025\/02\/Luxury-magnetic-lipstick-tube-with-slim-triangle-shape-2.jpg","width":750,"height":750,"caption":"Luxury magnetic lipstick tube with slim triangle shape"},{"@type":"BreadcrumbList","@id":"https:\/\/www.alovey.com\/product\/luxury-magnetic-lipstick-tube-with-slim-triangle-shape\/#breadcrumb","itemListElement":[{"@type":"ListItem","position":1,"name":"\u9996\u9875","item":"https:\/\/www.alovey.com\/"},{"@type":"ListItem","position":2,"name":"Products","item":"https:\/\/www.alovey.com\/products\/"},{"@type":"ListItem","position":3,"name":"Luxury magnetic lipstick tube with slim triangle shape"}]},{"@type":"WebSite","@id":"https:\/\/www.alovey.com\/#website","url":"https:\/\/www.alovey.com\/","name":"Best Cosmetic Packaging Manufacture","description":"Alovey Cosmetic Packaging Co.,Ltd","publisher":{"@id":"https:\/\/www.alovey.com\/#organization"},"potentialAction":[{"@type":"SearchAction","target":{"@type":"EntryPoint","urlTemplate":"https:\/\/www.alovey.com\/?s={search_term_string}"},"query-input":{"@type":"PropertyValueSpecification","valueRequired":true,"valueName":"search_term_string"}}],"inLanguage":"de"},{"@type":"Organization","@id":"https:\/\/www.alovey.com\/#organization","name":"Best Cosmetic Packaging Manufacture","url":"https:\/\/www.alovey.com\/","logo":{"@type":"ImageObject","inLanguage":"de","@id":"https:\/\/www.alovey.com\/#\/schema\/logo\/image\/","url":"https:\/\/www.alovey.com\/wp-content\/uploads\/2023\/03\/logo.png","contentUrl":"https:\/\/www.alovey.com\/wp-content\/uploads\/2023\/03\/logo.png","width":505,"height":180,"caption":"Best  Cosmetic Packaging Manufacture"},"image":{"@id":"https:\/\/www.alovey.com\/#\/schema\/logo\/image\/"}}]}},"_links":{"self":[{"href":"https:\/\/www.alovey.com\/de\/wp-json\/wp\/v2\/product\/9531"}],"collection":[{"href":"https:\/\/www.alovey.com\/de\/wp-json\/wp\/v2\/product"}],"about":[{"href":"https:\/\/www.alovey.com\/de\/wp-json\/wp\/v2\/types\/product"}],"wp:featuredmedia":[{"embeddable":true,"href":"https:\/\/www.alovey.com\/de\/wp-json\/wp\/v2\/media\/9534"}],"wp:attachment":[{"href":"https:\/\/www.alovey.com\/de\/wp-json\/wp\/v2\/media?parent=9531"}],"wp:term":[{"taxonomy":"product_brand","embeddable":true,"href":"https:\/\/www.alovey.com\/de\/wp-json\/wp\/v2\/product_brand?post=9531"},{"taxonomy":"product_cat","embeddable":true,"href":"https:\/\/www.alovey.com\/de\/wp-json\/wp\/v2\/product_cat?post=9531"},{"taxonomy":"product_tag","embeddable":true,"href":"https:\/\/www.alovey.com\/de\/wp-json\/wp\/v2\/product_tag?post=9531"}],"curies":[{"name":"wp","href":"https:\/\/api.w.org\/{rel}","templated":true}]}}