{"id":9333,"date":"2025-01-09T09:26:57","date_gmt":"2025-01-09T09:26:57","guid":{"rendered":"https:\/\/www.alovey.com\/?post_type=product&#038;p=9333"},"modified":"2025-01-23T08:46:56","modified_gmt":"2025-01-23T08:46:56","slug":"round-facial-mask-cosmetic-jar-with-spatula-100g","status":"publish","type":"product","link":"https:\/\/www.alovey.com\/de\/produkt\/round-facial-mask-cosmetic-jar-with-spatula-100g\/","title":{"rendered":"Runde Gesichtsmaske Kosmetiktopf mit Spatel 100g"},"content":{"rendered":"<p><strong>This round facial mask cosmetic jar with spatula 100g can be filled \u00a0face skin gel\/cream\/clean face mud and scrub. This body scrub jar is made of PP plastic.<\/strong><\/p>\n<p><strong>Alovey, ein professioneller chinesischer Hersteller von Kosmetikverpackungen, produziert eine exquisite Auswahl an kundenspezifischen Kosmetikverpackungen, die sorgf\u00e4ltig hergestellt werden, um Ihre Marke aufzuwerten. Unsere vielf\u00e4ltige Auswahl an Premium-Materialien, kombiniert mit feinen Oberfl\u00e4chenveredelungstechniken wie Siebdruck, Hei\u00dfpr\u00e4gung und mattem Spr\u00fchen, macht jede Verpackung zu einem einzigartigen Meisterwerk.<\/strong><\/p>\n<p><img fetchpriority=\"high\" decoding=\"async\" class=\"size-full wp-image-9339\" src=\"https:\/\/www.alovey.com\/wp-content\/uploads\/2025\/01\/Round-facial-Mask-Cosmetic-Jar-With-Spatula-100g-5.jpg\" alt=\"Round facial Mask Cosmetic Jar With Spatula 100g\" width=\"750\" height=\"750\" srcset=\"https:\/\/www.alovey.com\/wp-content\/uploads\/2025\/01\/Round-facial-Mask-Cosmetic-Jar-With-Spatula-100g-5.jpg 750w, https:\/\/www.alovey.com\/wp-content\/uploads\/2025\/01\/Round-facial-Mask-Cosmetic-Jar-With-Spatula-100g-5-300x300.jpg 300w, https:\/\/www.alovey.com\/wp-content\/uploads\/2025\/01\/Round-facial-Mask-Cosmetic-Jar-With-Spatula-100g-5-150x150.jpg 150w, https:\/\/www.alovey.com\/wp-content\/uploads\/2025\/01\/Round-facial-Mask-Cosmetic-Jar-With-Spatula-100g-5-600x600.jpg 600w, https:\/\/www.alovey.com\/wp-content\/uploads\/2025\/01\/Round-facial-Mask-Cosmetic-Jar-With-Spatula-100g-5-100x100.jpg 100w\" sizes=\"(max-width: 750px) 100vw, 750px\" \/><\/p>\n<p><img decoding=\"async\" class=\"size-full wp-image-9338\" src=\"https:\/\/www.alovey.com\/wp-content\/uploads\/2025\/01\/Round-facial-Mask-Cosmetic-Jar-With-Spatula-100g-4.jpg\" alt=\"Round facial Mask Cosmetic Jar With Spatula 100g\" width=\"750\" height=\"750\" srcset=\"https:\/\/www.alovey.com\/wp-content\/uploads\/2025\/01\/Round-facial-Mask-Cosmetic-Jar-With-Spatula-100g-4.jpg 750w, https:\/\/www.alovey.com\/wp-content\/uploads\/2025\/01\/Round-facial-Mask-Cosmetic-Jar-With-Spatula-100g-4-300x300.jpg 300w, https:\/\/www.alovey.com\/wp-content\/uploads\/2025\/01\/Round-facial-Mask-Cosmetic-Jar-With-Spatula-100g-4-150x150.jpg 150w, https:\/\/www.alovey.com\/wp-content\/uploads\/2025\/01\/Round-facial-Mask-Cosmetic-Jar-With-Spatula-100g-4-600x600.jpg 600w, https:\/\/www.alovey.com\/wp-content\/uploads\/2025\/01\/Round-facial-Mask-Cosmetic-Jar-With-Spatula-100g-4-100x100.jpg 100w\" sizes=\"(max-width: 750px) 100vw, 750px\" \/><\/p>\n<p><img decoding=\"async\" class=\"alignnone size-full wp-image-9337\" src=\"https:\/\/www.alovey.com\/wp-content\/uploads\/2025\/01\/Round-facial-Mask-Cosmetic-Jar-With-Spatula-100g-3.jpg\" alt=\"Round facial Mask Cosmetic Jar With Spatula 100g\" width=\"750\" height=\"750\" srcset=\"https:\/\/www.alovey.com\/wp-content\/uploads\/2025\/01\/Round-facial-Mask-Cosmetic-Jar-With-Spatula-100g-3.jpg 750w, https:\/\/www.alovey.com\/wp-content\/uploads\/2025\/01\/Round-facial-Mask-Cosmetic-Jar-With-Spatula-100g-3-300x300.jpg 300w, https:\/\/www.alovey.com\/wp-content\/uploads\/2025\/01\/Round-facial-Mask-Cosmetic-Jar-With-Spatula-100g-3-150x150.jpg 150w, https:\/\/www.alovey.com\/wp-content\/uploads\/2025\/01\/Round-facial-Mask-Cosmetic-Jar-With-Spatula-100g-3-600x600.jpg 600w, https:\/\/www.alovey.com\/wp-content\/uploads\/2025\/01\/Round-facial-Mask-Cosmetic-Jar-With-Spatula-100g-3-100x100.jpg 100w\" sizes=\"(max-width: 750px) 100vw, 750px\" \/><\/p>\n<p><img loading=\"lazy\" decoding=\"async\" class=\"alignnone size-full wp-image-9336\" src=\"https:\/\/www.alovey.com\/wp-content\/uploads\/2025\/01\/Round-facial-Mask-Cosmetic-Jar-With-Spatula-100g-2.jpg\" alt=\"Round facial Mask Cosmetic Jar With Spatula 100g\" width=\"750\" height=\"750\" srcset=\"https:\/\/www.alovey.com\/wp-content\/uploads\/2025\/01\/Round-facial-Mask-Cosmetic-Jar-With-Spatula-100g-2.jpg 750w, https:\/\/www.alovey.com\/wp-content\/uploads\/2025\/01\/Round-facial-Mask-Cosmetic-Jar-With-Spatula-100g-2-300x300.jpg 300w, https:\/\/www.alovey.com\/wp-content\/uploads\/2025\/01\/Round-facial-Mask-Cosmetic-Jar-With-Spatula-100g-2-150x150.jpg 150w, https:\/\/www.alovey.com\/wp-content\/uploads\/2025\/01\/Round-facial-Mask-Cosmetic-Jar-With-Spatula-100g-2-600x600.jpg 600w, https:\/\/www.alovey.com\/wp-content\/uploads\/2025\/01\/Round-facial-Mask-Cosmetic-Jar-With-Spatula-100g-2-100x100.jpg 100w\" sizes=\"(max-width: 750px) 100vw, 750px\" \/><\/p>\n<p><img loading=\"lazy\" decoding=\"async\" class=\"size-full wp-image-9341\" src=\"https:\/\/www.alovey.com\/wp-content\/uploads\/2025\/01\/Round-facial-Mask-Cosmetic-Jar-With-Spatula-100g.jpg\" alt=\"Round-facial-Mask-Cosmetic-Jar-With-Spatula-100g\" width=\"800\" height=\"800\" srcset=\"https:\/\/www.alovey.com\/wp-content\/uploads\/2025\/01\/Round-facial-Mask-Cosmetic-Jar-With-Spatula-100g.jpg 800w, https:\/\/www.alovey.com\/wp-content\/uploads\/2025\/01\/Round-facial-Mask-Cosmetic-Jar-With-Spatula-100g-300x300.jpg 300w, https:\/\/www.alovey.com\/wp-content\/uploads\/2025\/01\/Round-facial-Mask-Cosmetic-Jar-With-Spatula-100g-150x150.jpg 150w, https:\/\/www.alovey.com\/wp-content\/uploads\/2025\/01\/Round-facial-Mask-Cosmetic-Jar-With-Spatula-100g-768x768.jpg 768w, https:\/\/www.alovey.com\/wp-content\/uploads\/2025\/01\/Round-facial-Mask-Cosmetic-Jar-With-Spatula-100g-600x600.jpg 600w, https:\/\/www.alovey.com\/wp-content\/uploads\/2025\/01\/Round-facial-Mask-Cosmetic-Jar-With-Spatula-100g-100x100.jpg 100w\" sizes=\"(max-width: 800px) 100vw, 800px\" \/><\/p>\n<p><img loading=\"lazy\" decoding=\"async\" class=\"size-full wp-image-9334\" src=\"https:\/\/www.alovey.com\/wp-content\/uploads\/2025\/01\/Round-facial-Mask-Cosmetic-Jar-With-Spatula-100g-6.jpg\" alt=\"Round facial Mask Cosmetic Jar With Spatula 100g\" width=\"630\" height=\"630\" srcset=\"https:\/\/www.alovey.com\/wp-content\/uploads\/2025\/01\/Round-facial-Mask-Cosmetic-Jar-With-Spatula-100g-6.jpg 630w, https:\/\/www.alovey.com\/wp-content\/uploads\/2025\/01\/Round-facial-Mask-Cosmetic-Jar-With-Spatula-100g-6-300x300.jpg 300w, https:\/\/www.alovey.com\/wp-content\/uploads\/2025\/01\/Round-facial-Mask-Cosmetic-Jar-With-Spatula-100g-6-150x150.jpg 150w, https:\/\/www.alovey.com\/wp-content\/uploads\/2025\/01\/Round-facial-Mask-Cosmetic-Jar-With-Spatula-100g-6-600x600.jpg 600w, https:\/\/www.alovey.com\/wp-content\/uploads\/2025\/01\/Round-facial-Mask-Cosmetic-Jar-With-Spatula-100g-6-100x100.jpg 100w\" sizes=\"(max-width: 630px) 100vw, 630px\" \/><\/p>\n<p>&nbsp;<\/p>\n<p>&nbsp;<\/p>\n<p>&nbsp;<\/p>\n<p>&nbsp;<\/p>\n<p>&nbsp;<\/p>\n<p>&nbsp;<\/p>\n<p>&nbsp;<\/p>\n<p>&nbsp;<\/p>\n<p>&nbsp;<\/p>\n<p>&nbsp;<\/p>\n<p>&nbsp;<\/p>\n<p>&nbsp;<\/p>\n<p>&nbsp;<\/p>\n<p>&nbsp;<\/p>\n<p>&nbsp;<\/p>\n<p>&nbsp;<\/p>\n<p>&nbsp;<\/p>\n<p>&nbsp;<\/p>\n<p>&nbsp;<\/p>\n<p>&nbsp;<\/p>\n<p>&nbsp;<\/p>\n<p>&nbsp;<\/p>\n<p>&nbsp;<\/p>\n<p>&nbsp;<\/p>\n<p>&nbsp;<\/p>\n<p>&nbsp;<\/p>\n<p>&nbsp;<\/p>\n<p>&nbsp;<\/p>\n<p>&nbsp;<\/p>\n<p>&nbsp;<\/p>\n<p>&nbsp;<\/p>\n<p>&nbsp;<\/p>\n<p>&nbsp;<\/p>\n<p>&nbsp;<\/p>\n<p>&nbsp;<\/p>\n<p>&nbsp;<\/p>\n<p>&nbsp;<\/p>\n<p>&nbsp;<\/p>\n<p>&nbsp;<\/p>\n<p>&nbsp;<\/p>\n<p>&nbsp;<\/p>","protected":false},"excerpt":{"rendered":"<ul>\n<li>Item No: J-0065A<\/li>\n<li>Material:\u00a0Plastic<\/li>\n<li>Capacity: 100g<\/li>\n<li>Size:\u00a0D79*H40MM<\/li>\n<li>Anwendungen: Sch\u00f6nheitsprodukte<\/li>\n<li>MOQ: 12,000 pcs<\/li>\n<li>Farbe: Benutzerdefinierte Farbe<\/li>\n<li>Oberfl\u00e4chen-Behandlung: Einspritzung\/Mattierung\/Metallisierung\/UV-Beschichtung<\/li>\n<li>Markenname: OEM\/ODM<\/li>\n<li>Logo: Logo des Kunden<\/li>\n<li>Lieferf\u00e4higkeit: 100.000 St\u00fcck pro Monat<\/li>\n<\/ul>\n<p>&nbsp;<\/p>","protected":false},"featured_media":9337,"template":"","meta":{"_acf_changed":false},"product_brand":[],"product_cat":[383],"product_tag":[387,405],"class_list":{"0":"post-9333","1":"product","2":"type-product","3":"status-publish","4":"has-post-thumbnail","6":"product_cat-the-best-cosmetic-jar","7":"product_tag-compact-powder-case","8":"product_tag-loose-powder-case-with-sifter","10":"first","11":"instock","12":"shipping-taxable","13":"product-type-simple"},"acf":[],"yoast_head":"<!-- This site is optimized with the Yoast SEO plugin v24.1 - https:\/\/yoast.com\/wordpress\/plugins\/seo\/ -->\n<title>Round facial Mask Cosmetic Jar With Spatula 100g<\/title>\n<meta name=\"description\" content=\"This round facial mask cosmetic jar with spatula 100g can be filled face skin gel\/cream\/clean face mud and scrub. This body scrub jar is made of PP plastic.\" \/>\n<meta name=\"robots\" content=\"index, follow, max-snippet:-1, max-image-preview:large, max-video-preview:-1\" \/>\n<link rel=\"canonical\" href=\"https:\/\/www.alovey.com\/de\/produkt\/round-facial-mask-cosmetic-jar-with-spatula-100g\/\" \/>\n<meta property=\"og:locale\" content=\"de_DE\" \/>\n<meta property=\"og:type\" content=\"article\" \/>\n<meta property=\"og:title\" content=\"Round facial Mask Cosmetic Jar With Spatula 100g\" \/>\n<meta property=\"og:description\" content=\"This round facial mask cosmetic jar with spatula 100g can be filled face skin gel\/cream\/clean face mud and scrub. This body scrub jar is made of PP plastic.\" \/>\n<meta property=\"og:url\" content=\"https:\/\/www.alovey.com\/de\/produkt\/round-facial-mask-cosmetic-jar-with-spatula-100g\/\" \/>\n<meta property=\"og:site_name\" content=\"Best Cosmetic Packaging Manufacture\" \/>\n<meta property=\"article:modified_time\" content=\"2025-01-23T08:46:56+00:00\" \/>\n<meta property=\"og:image\" content=\"https:\/\/www.alovey.com\/wp-content\/uploads\/2025\/01\/Round-facial-Mask-Cosmetic-Jar-With-Spatula-100g-3.jpg\" \/>\n\t<meta property=\"og:image:width\" content=\"750\" \/>\n\t<meta property=\"og:image:height\" content=\"750\" \/>\n\t<meta property=\"og:image:type\" content=\"image\/jpeg\" \/>\n<meta name=\"twitter:card\" content=\"summary_large_image\" \/>\n<meta name=\"twitter:label1\" content=\"Gesch\u00e4tzte Lesezeit\" \/>\n\t<meta name=\"twitter:data1\" content=\"2\u00a0Minuten\" \/>\n<script type=\"application\/ld+json\" class=\"yoast-schema-graph\">{\"@context\":\"https:\/\/schema.org\",\"@graph\":[{\"@type\":\"WebPage\",\"@id\":\"https:\/\/www.alovey.com\/product\/round-facial-mask-cosmetic-jar-with-spatula-100g\/\",\"url\":\"https:\/\/www.alovey.com\/product\/round-facial-mask-cosmetic-jar-with-spatula-100g\/\",\"name\":\"Round facial Mask Cosmetic Jar With Spatula 100g\",\"isPartOf\":{\"@id\":\"https:\/\/www.alovey.com\/#website\"},\"primaryImageOfPage\":{\"@id\":\"https:\/\/www.alovey.com\/product\/round-facial-mask-cosmetic-jar-with-spatula-100g\/#primaryimage\"},\"image\":{\"@id\":\"https:\/\/www.alovey.com\/product\/round-facial-mask-cosmetic-jar-with-spatula-100g\/#primaryimage\"},\"thumbnailUrl\":\"https:\/\/www.alovey.com\/wp-content\/uploads\/2025\/01\/Round-facial-Mask-Cosmetic-Jar-With-Spatula-100g-3.jpg\",\"datePublished\":\"2025-01-09T09:26:57+00:00\",\"dateModified\":\"2025-01-23T08:46:56+00:00\",\"description\":\"This round facial mask cosmetic jar with spatula 100g can be filled face skin gel\/cream\/clean face mud and scrub. This body scrub jar is made of PP plastic.\",\"breadcrumb\":{\"@id\":\"https:\/\/www.alovey.com\/product\/round-facial-mask-cosmetic-jar-with-spatula-100g\/#breadcrumb\"},\"inLanguage\":\"de\",\"potentialAction\":[{\"@type\":\"ReadAction\",\"target\":[\"https:\/\/www.alovey.com\/product\/round-facial-mask-cosmetic-jar-with-spatula-100g\/\"]}]},{\"@type\":\"ImageObject\",\"inLanguage\":\"de\",\"@id\":\"https:\/\/www.alovey.com\/product\/round-facial-mask-cosmetic-jar-with-spatula-100g\/#primaryimage\",\"url\":\"https:\/\/www.alovey.com\/wp-content\/uploads\/2025\/01\/Round-facial-Mask-Cosmetic-Jar-With-Spatula-100g-3.jpg\",\"contentUrl\":\"https:\/\/www.alovey.com\/wp-content\/uploads\/2025\/01\/Round-facial-Mask-Cosmetic-Jar-With-Spatula-100g-3.jpg\",\"width\":750,\"height\":750,\"caption\":\"Round facial Mask Cosmetic Jar With Spatula 100g\"},{\"@type\":\"BreadcrumbList\",\"@id\":\"https:\/\/www.alovey.com\/product\/round-facial-mask-cosmetic-jar-with-spatula-100g\/#breadcrumb\",\"itemListElement\":[{\"@type\":\"ListItem\",\"position\":1,\"name\":\"\u9996\u9875\",\"item\":\"https:\/\/www.alovey.com\/\"},{\"@type\":\"ListItem\",\"position\":2,\"name\":\"Products\",\"item\":\"https:\/\/www.alovey.com\/products\/\"},{\"@type\":\"ListItem\",\"position\":3,\"name\":\"Round facial Mask Cosmetic Jar With Spatula 100g\"}]},{\"@type\":\"WebSite\",\"@id\":\"https:\/\/www.alovey.com\/#website\",\"url\":\"https:\/\/www.alovey.com\/\",\"name\":\"Best Cosmetic Packaging Manufacture\",\"description\":\"Alovey Cosmetic Packaging Co.,Ltd\",\"publisher\":{\"@id\":\"https:\/\/www.alovey.com\/#organization\"},\"potentialAction\":[{\"@type\":\"SearchAction\",\"target\":{\"@type\":\"EntryPoint\",\"urlTemplate\":\"https:\/\/www.alovey.com\/?s={search_term_string}\"},\"query-input\":{\"@type\":\"PropertyValueSpecification\",\"valueRequired\":true,\"valueName\":\"search_term_string\"}}],\"inLanguage\":\"de\"},{\"@type\":\"Organization\",\"@id\":\"https:\/\/www.alovey.com\/#organization\",\"name\":\"Best Cosmetic Packaging Manufacture\",\"url\":\"https:\/\/www.alovey.com\/\",\"logo\":{\"@type\":\"ImageObject\",\"inLanguage\":\"de\",\"@id\":\"https:\/\/www.alovey.com\/#\/schema\/logo\/image\/\",\"url\":\"https:\/\/www.alovey.com\/wp-content\/uploads\/2023\/03\/logo.png\",\"contentUrl\":\"https:\/\/www.alovey.com\/wp-content\/uploads\/2023\/03\/logo.png\",\"width\":505,\"height\":180,\"caption\":\"Best  Cosmetic Packaging Manufacture\"},\"image\":{\"@id\":\"https:\/\/www.alovey.com\/#\/schema\/logo\/image\/\"}}]}<\/script>\n<!-- \/ Yoast SEO plugin. -->","yoast_head_json":{"title":"Runde Gesichtsmaske Kosmetiktopf mit Spatel 100g","description":"This round facial mask cosmetic jar with spatula 100g can be filled face skin gel\/cream\/clean face mud and scrub. This body scrub jar is made of PP plastic.","robots":{"index":"index","follow":"follow","max-snippet":"max-snippet:-1","max-image-preview":"max-image-preview:large","max-video-preview":"max-video-preview:-1"},"canonical":"https:\/\/www.alovey.com\/de\/produkt\/round-facial-mask-cosmetic-jar-with-spatula-100g\/","og_locale":"de_DE","og_type":"article","og_title":"Round facial Mask Cosmetic Jar With Spatula 100g","og_description":"This round facial mask cosmetic jar with spatula 100g can be filled face skin gel\/cream\/clean face mud and scrub. This body scrub jar is made of PP plastic.","og_url":"https:\/\/www.alovey.com\/de\/produkt\/round-facial-mask-cosmetic-jar-with-spatula-100g\/","og_site_name":"Best Cosmetic Packaging Manufacture","article_modified_time":"2025-01-23T08:46:56+00:00","og_image":[{"width":750,"height":750,"url":"https:\/\/www.alovey.com\/wp-content\/uploads\/2025\/01\/Round-facial-Mask-Cosmetic-Jar-With-Spatula-100g-3.jpg","type":"image\/jpeg"}],"twitter_card":"summary_large_image","twitter_misc":{"Gesch\u00e4tzte Lesezeit":"2\u00a0Minuten"},"schema":{"@context":"https:\/\/schema.org","@graph":[{"@type":"WebPage","@id":"https:\/\/www.alovey.com\/product\/round-facial-mask-cosmetic-jar-with-spatula-100g\/","url":"https:\/\/www.alovey.com\/product\/round-facial-mask-cosmetic-jar-with-spatula-100g\/","name":"Runde Gesichtsmaske Kosmetiktopf mit Spatel 100g","isPartOf":{"@id":"https:\/\/www.alovey.com\/#website"},"primaryImageOfPage":{"@id":"https:\/\/www.alovey.com\/product\/round-facial-mask-cosmetic-jar-with-spatula-100g\/#primaryimage"},"image":{"@id":"https:\/\/www.alovey.com\/product\/round-facial-mask-cosmetic-jar-with-spatula-100g\/#primaryimage"},"thumbnailUrl":"https:\/\/www.alovey.com\/wp-content\/uploads\/2025\/01\/Round-facial-Mask-Cosmetic-Jar-With-Spatula-100g-3.jpg","datePublished":"2025-01-09T09:26:57+00:00","dateModified":"2025-01-23T08:46:56+00:00","description":"This round facial mask cosmetic jar with spatula 100g can be filled face skin gel\/cream\/clean face mud and scrub. This body scrub jar is made of PP plastic.","breadcrumb":{"@id":"https:\/\/www.alovey.com\/product\/round-facial-mask-cosmetic-jar-with-spatula-100g\/#breadcrumb"},"inLanguage":"de","potentialAction":[{"@type":"ReadAction","target":["https:\/\/www.alovey.com\/product\/round-facial-mask-cosmetic-jar-with-spatula-100g\/"]}]},{"@type":"ImageObject","inLanguage":"de","@id":"https:\/\/www.alovey.com\/product\/round-facial-mask-cosmetic-jar-with-spatula-100g\/#primaryimage","url":"https:\/\/www.alovey.com\/wp-content\/uploads\/2025\/01\/Round-facial-Mask-Cosmetic-Jar-With-Spatula-100g-3.jpg","contentUrl":"https:\/\/www.alovey.com\/wp-content\/uploads\/2025\/01\/Round-facial-Mask-Cosmetic-Jar-With-Spatula-100g-3.jpg","width":750,"height":750,"caption":"Round facial Mask Cosmetic Jar With Spatula 100g"},{"@type":"BreadcrumbList","@id":"https:\/\/www.alovey.com\/product\/round-facial-mask-cosmetic-jar-with-spatula-100g\/#breadcrumb","itemListElement":[{"@type":"ListItem","position":1,"name":"\u9996\u9875","item":"https:\/\/www.alovey.com\/"},{"@type":"ListItem","position":2,"name":"Products","item":"https:\/\/www.alovey.com\/products\/"},{"@type":"ListItem","position":3,"name":"Round facial Mask Cosmetic Jar With Spatula 100g"}]},{"@type":"WebSite","@id":"https:\/\/www.alovey.com\/#website","url":"https:\/\/www.alovey.com\/","name":"Best Cosmetic Packaging Manufacture","description":"Alovey Cosmetic Packaging Co.,Ltd","publisher":{"@id":"https:\/\/www.alovey.com\/#organization"},"potentialAction":[{"@type":"SearchAction","target":{"@type":"EntryPoint","urlTemplate":"https:\/\/www.alovey.com\/?s={search_term_string}"},"query-input":{"@type":"PropertyValueSpecification","valueRequired":true,"valueName":"search_term_string"}}],"inLanguage":"de"},{"@type":"Organization","@id":"https:\/\/www.alovey.com\/#organization","name":"Best Cosmetic Packaging Manufacture","url":"https:\/\/www.alovey.com\/","logo":{"@type":"ImageObject","inLanguage":"de","@id":"https:\/\/www.alovey.com\/#\/schema\/logo\/image\/","url":"https:\/\/www.alovey.com\/wp-content\/uploads\/2023\/03\/logo.png","contentUrl":"https:\/\/www.alovey.com\/wp-content\/uploads\/2023\/03\/logo.png","width":505,"height":180,"caption":"Best  Cosmetic Packaging Manufacture"},"image":{"@id":"https:\/\/www.alovey.com\/#\/schema\/logo\/image\/"}}]}},"_links":{"self":[{"href":"https:\/\/www.alovey.com\/de\/wp-json\/wp\/v2\/product\/9333"}],"collection":[{"href":"https:\/\/www.alovey.com\/de\/wp-json\/wp\/v2\/product"}],"about":[{"href":"https:\/\/www.alovey.com\/de\/wp-json\/wp\/v2\/types\/product"}],"wp:featuredmedia":[{"embeddable":true,"href":"https:\/\/www.alovey.com\/de\/wp-json\/wp\/v2\/media\/9337"}],"wp:attachment":[{"href":"https:\/\/www.alovey.com\/de\/wp-json\/wp\/v2\/media?parent=9333"}],"wp:term":[{"taxonomy":"product_brand","embeddable":true,"href":"https:\/\/www.alovey.com\/de\/wp-json\/wp\/v2\/product_brand?post=9333"},{"taxonomy":"product_cat","embeddable":true,"href":"https:\/\/www.alovey.com\/de\/wp-json\/wp\/v2\/product_cat?post=9333"},{"taxonomy":"product_tag","embeddable":true,"href":"https:\/\/www.alovey.com\/de\/wp-json\/wp\/v2\/product_tag?post=9333"}],"curies":[{"name":"wp","href":"https:\/\/api.w.org\/{rel}","templated":true}]}}