{"id":7504,"date":"2024-11-18T05:58:31","date_gmt":"2024-11-18T05:58:31","guid":{"rendered":"https:\/\/alovey.com\/?post_type=product&#038;p=7504"},"modified":"2024-11-18T06:23:37","modified_gmt":"2024-11-18T06:23:37","slug":"1-5ml-mini-round-multi-layer-empty-stackable-lip-gloss-tube","status":"publish","type":"product","link":"https:\/\/www.alovey.com\/de\/produkt\/1-5ml-mini-round-multi-layer-empty-stackable-lip-gloss-tube\/","title":{"rendered":"1.5ml Mini-Runde mehrschichtiger stapelbarer leerer Lipgloss-Beh\u00e4lter"},"content":{"rendered":"<p><strong>1.5ml mini round multi-layer stackable empty lip gloss container<\/strong><strong>\u00a0can be free combination of building lipgloss tube.<\/strong><\/p>\n<p><strong>Alovey, ein professioneller chinesischer Hersteller von Kosmetikverpackungen, produziert eine exquisite Auswahl an kundenspezifischen Kosmetikverpackungen, die sorgf\u00e4ltig hergestellt werden, um Ihre Marke aufzuwerten. Unsere vielf\u00e4ltige Auswahl an Premium-Materialien, kombiniert mit feinen Oberfl\u00e4chenveredelungstechniken wie Siebdruck, Hei\u00dfpr\u00e4gung und mattem Spr\u00fchen, macht jede Verpackung zu einem einzigartigen Meisterwerk.<\/strong><\/p>\n<p><img fetchpriority=\"high\" decoding=\"async\" class=\"size-full wp-image-7510\" src=\"https:\/\/alovey.com\/wp-content\/uploads\/2024\/11\/1.5ml-mini-round-multi-layer-empty-stackable-lip-gloss-tube-5.jpg\" alt=\"1.5ml mini round multi-layer empty stackable lip gloss tube\" width=\"750\" height=\"750\" srcset=\"https:\/\/www.alovey.com\/wp-content\/uploads\/2024\/11\/1.5ml-mini-round-multi-layer-empty-stackable-lip-gloss-tube-5.jpg 750w, https:\/\/www.alovey.com\/wp-content\/uploads\/2024\/11\/1.5ml-mini-round-multi-layer-empty-stackable-lip-gloss-tube-5-300x300.jpg 300w, https:\/\/www.alovey.com\/wp-content\/uploads\/2024\/11\/1.5ml-mini-round-multi-layer-empty-stackable-lip-gloss-tube-5-150x150.jpg 150w, https:\/\/www.alovey.com\/wp-content\/uploads\/2024\/11\/1.5ml-mini-round-multi-layer-empty-stackable-lip-gloss-tube-5-600x600.jpg 600w, https:\/\/www.alovey.com\/wp-content\/uploads\/2024\/11\/1.5ml-mini-round-multi-layer-empty-stackable-lip-gloss-tube-5-100x100.jpg 100w\" sizes=\"(max-width: 750px) 100vw, 750px\" \/><\/p>\n<p><img decoding=\"async\" class=\"size-full wp-image-7509\" src=\"https:\/\/alovey.com\/wp-content\/uploads\/2024\/11\/1.5ml-mini-round-multi-layer-empty-stackable-lip-gloss-tube-4.jpg\" alt=\"1.5ml mini round multi-layer empty stackable lip gloss tube\" width=\"750\" height=\"750\" srcset=\"https:\/\/www.alovey.com\/wp-content\/uploads\/2024\/11\/1.5ml-mini-round-multi-layer-empty-stackable-lip-gloss-tube-4.jpg 750w, https:\/\/www.alovey.com\/wp-content\/uploads\/2024\/11\/1.5ml-mini-round-multi-layer-empty-stackable-lip-gloss-tube-4-300x300.jpg 300w, https:\/\/www.alovey.com\/wp-content\/uploads\/2024\/11\/1.5ml-mini-round-multi-layer-empty-stackable-lip-gloss-tube-4-150x150.jpg 150w, https:\/\/www.alovey.com\/wp-content\/uploads\/2024\/11\/1.5ml-mini-round-multi-layer-empty-stackable-lip-gloss-tube-4-600x600.jpg 600w, https:\/\/www.alovey.com\/wp-content\/uploads\/2024\/11\/1.5ml-mini-round-multi-layer-empty-stackable-lip-gloss-tube-4-100x100.jpg 100w\" sizes=\"(max-width: 750px) 100vw, 750px\" \/><\/p>\n<p><img decoding=\"async\" class=\"size-full wp-image-7508\" src=\"https:\/\/alovey.com\/wp-content\/uploads\/2024\/11\/1.5ml-mini-round-multi-layer-empty-stackable-lip-gloss-tube-3.jpg\" alt=\"1.5ml mini round multi-layer empty stackable lip gloss tube\" width=\"750\" height=\"750\" srcset=\"https:\/\/www.alovey.com\/wp-content\/uploads\/2024\/11\/1.5ml-mini-round-multi-layer-empty-stackable-lip-gloss-tube-3.jpg 750w, https:\/\/www.alovey.com\/wp-content\/uploads\/2024\/11\/1.5ml-mini-round-multi-layer-empty-stackable-lip-gloss-tube-3-300x300.jpg 300w, https:\/\/www.alovey.com\/wp-content\/uploads\/2024\/11\/1.5ml-mini-round-multi-layer-empty-stackable-lip-gloss-tube-3-150x150.jpg 150w, https:\/\/www.alovey.com\/wp-content\/uploads\/2024\/11\/1.5ml-mini-round-multi-layer-empty-stackable-lip-gloss-tube-3-600x600.jpg 600w, https:\/\/www.alovey.com\/wp-content\/uploads\/2024\/11\/1.5ml-mini-round-multi-layer-empty-stackable-lip-gloss-tube-3-100x100.jpg 100w\" sizes=\"(max-width: 750px) 100vw, 750px\" \/><\/p>\n<p><img loading=\"lazy\" decoding=\"async\" class=\"size-full wp-image-7507\" src=\"https:\/\/alovey.com\/wp-content\/uploads\/2024\/11\/1.5ml-mini-round-multi-layer-empty-stackable-lip-gloss-tube-2.jpg\" alt=\"1.5ml mini round multi-layer empty stackable lip gloss tube\" width=\"750\" height=\"750\" srcset=\"https:\/\/www.alovey.com\/wp-content\/uploads\/2024\/11\/1.5ml-mini-round-multi-layer-empty-stackable-lip-gloss-tube-2.jpg 750w, https:\/\/www.alovey.com\/wp-content\/uploads\/2024\/11\/1.5ml-mini-round-multi-layer-empty-stackable-lip-gloss-tube-2-300x300.jpg 300w, https:\/\/www.alovey.com\/wp-content\/uploads\/2024\/11\/1.5ml-mini-round-multi-layer-empty-stackable-lip-gloss-tube-2-150x150.jpg 150w, https:\/\/www.alovey.com\/wp-content\/uploads\/2024\/11\/1.5ml-mini-round-multi-layer-empty-stackable-lip-gloss-tube-2-600x600.jpg 600w, https:\/\/www.alovey.com\/wp-content\/uploads\/2024\/11\/1.5ml-mini-round-multi-layer-empty-stackable-lip-gloss-tube-2-100x100.jpg 100w\" sizes=\"(max-width: 750px) 100vw, 750px\" \/><\/p>\n<p><img loading=\"lazy\" decoding=\"async\" class=\"size-full wp-image-7506\" src=\"https:\/\/alovey.com\/wp-content\/uploads\/2024\/11\/1.5ml-mini-round-multi-layer-empty-stackable-lip-gloss-tube-1.jpg\" alt=\"1.5ml mini round multi-layer empty stackable lip gloss tube\" width=\"750\" height=\"750\" srcset=\"https:\/\/www.alovey.com\/wp-content\/uploads\/2024\/11\/1.5ml-mini-round-multi-layer-empty-stackable-lip-gloss-tube-1.jpg 750w, https:\/\/www.alovey.com\/wp-content\/uploads\/2024\/11\/1.5ml-mini-round-multi-layer-empty-stackable-lip-gloss-tube-1-300x300.jpg 300w, https:\/\/www.alovey.com\/wp-content\/uploads\/2024\/11\/1.5ml-mini-round-multi-layer-empty-stackable-lip-gloss-tube-1-150x150.jpg 150w, https:\/\/www.alovey.com\/wp-content\/uploads\/2024\/11\/1.5ml-mini-round-multi-layer-empty-stackable-lip-gloss-tube-1-600x600.jpg 600w, https:\/\/www.alovey.com\/wp-content\/uploads\/2024\/11\/1.5ml-mini-round-multi-layer-empty-stackable-lip-gloss-tube-1-100x100.jpg 100w\" sizes=\"(max-width: 750px) 100vw, 750px\" \/><\/p>\n<p><img loading=\"lazy\" decoding=\"async\" class=\"size-full wp-image-7505\" src=\"https:\/\/alovey.com\/wp-content\/uploads\/2024\/11\/1.5ml-mini-round-multi-layer-empty-stackable-lip-gloss-tube-6.jpg\" alt=\"1.5ml mini round multi-layer empty stackable lip gloss tube\" width=\"750\" height=\"750\" srcset=\"https:\/\/www.alovey.com\/wp-content\/uploads\/2024\/11\/1.5ml-mini-round-multi-layer-empty-stackable-lip-gloss-tube-6.jpg 750w, https:\/\/www.alovey.com\/wp-content\/uploads\/2024\/11\/1.5ml-mini-round-multi-layer-empty-stackable-lip-gloss-tube-6-300x300.jpg 300w, https:\/\/www.alovey.com\/wp-content\/uploads\/2024\/11\/1.5ml-mini-round-multi-layer-empty-stackable-lip-gloss-tube-6-150x150.jpg 150w, https:\/\/www.alovey.com\/wp-content\/uploads\/2024\/11\/1.5ml-mini-round-multi-layer-empty-stackable-lip-gloss-tube-6-600x600.jpg 600w, https:\/\/www.alovey.com\/wp-content\/uploads\/2024\/11\/1.5ml-mini-round-multi-layer-empty-stackable-lip-gloss-tube-6-100x100.jpg 100w\" sizes=\"(max-width: 750px) 100vw, 750px\" \/><\/p>\n<p>&nbsp;<\/p>\n<p>&nbsp;<\/p>\n<p>&nbsp;<\/p>\n<p>&nbsp;<\/p>\n<p>&nbsp;<\/p>\n<p>&nbsp;<\/p>\n<p>&nbsp;<\/p>\n<p>&nbsp;<\/p>\n<p>&nbsp;<\/p>\n<p>&nbsp;<\/p>\n<p>&nbsp;<\/p>\n<p>&nbsp;<\/p>\n<p>&nbsp;<\/p>\n<p>&nbsp;<\/p>\n<p>&nbsp;<\/p>\n<p>&nbsp;<\/p>\n<p>&nbsp;<\/p>\n<p>&nbsp;<\/p>\n<p>&nbsp;<\/p>\n<p>&nbsp;<\/p>\n<p>&nbsp;<\/p>\n<p>&nbsp;<\/p>\n<p>&nbsp;<\/p>\n<p>&nbsp;<\/p>\n<p>&nbsp;<\/p>\n<p>&nbsp;<\/p>\n<p>&nbsp;<\/p>\n<p>&nbsp;<\/p>\n<p>&nbsp;<\/p>\n<p>&nbsp;<\/p>\n<p>&nbsp;<\/p>\n<p>&nbsp;<\/p>\n<p>&nbsp;<\/p>\n<p>&nbsp;<\/p>\n<p>&nbsp;<\/p>\n<p>&nbsp;<\/p>\n<p>&nbsp;<\/p>\n<p>&nbsp;<\/p>\n<p>&nbsp;<\/p>\n<p>&nbsp;<\/p>\n<p>&nbsp;<\/p>\n<p>&nbsp;<\/p>\n<p>&nbsp;<\/p>\n<p>&nbsp;<\/p>\n<p>&nbsp;<\/p>\n<p>&nbsp;<\/p>\n<p>&nbsp;<\/p>\n<p>&nbsp;<\/p>\n<p>&nbsp;<\/p>\n<p>&nbsp;<\/p>\n<p>&nbsp;<\/p>\n<p>&nbsp;<\/p>\n<p>&nbsp;<\/p>\n<p>&nbsp;<\/p>\n<p>&nbsp;<\/p>\n<p>&nbsp;<\/p>\n<p>&nbsp;<\/p>\n<p>&nbsp;<\/p>\n<p>&nbsp;<\/p>\n<p>&nbsp;<\/p>\n<p>&nbsp;<\/p>\n<p>&nbsp;<\/p>\n<p>&nbsp;<\/p>\n<p>&nbsp;<\/p>\n<p>&nbsp;<\/p>\n<p>&nbsp;<\/p>\n<p>&nbsp;<\/p>\n<p>&nbsp;<\/p>\n<p>&nbsp;<\/p>\n<p>&nbsp;<\/p>\n<p>&nbsp;<\/p>\n<p>&nbsp;<\/p>\n<p>&nbsp;<\/p>\n<p>&nbsp;<\/p>\n<p>&nbsp;<\/p>\n<p>&nbsp;<\/p>\n<p>&nbsp;<\/p>\n<p>&nbsp;<\/p>\n<p>&nbsp;<\/p>\n<p>&nbsp;<\/p>\n<p>&nbsp;<\/p>\n<p>&nbsp;<\/p>\n<p>&nbsp;<\/p>\n<p>&nbsp;<\/p>\n<p>&nbsp;<\/p>\n<p>&nbsp;<\/p>\n<p>&nbsp;<\/p>\n<p>&nbsp;<\/p>\n<p>&nbsp;<\/p>\n<p>&nbsp;<\/p>\n<p>&nbsp;<\/p>\n<p>&nbsp;<\/p>\n<p>&nbsp;<\/p>\n<p>&nbsp;<\/p>\n<p>&nbsp;<\/p>\n<p>&nbsp;<\/p>\n<p>&nbsp;<\/p>\n<p>&nbsp;<\/p>\n<p>&nbsp;<\/p>\n<p>&nbsp;<\/p>\n<p>&nbsp;<\/p>\n<p>&nbsp;<\/p>\n<p>&nbsp;<\/p>\n<p>&nbsp;<\/p>\n<p>&nbsp;<\/p>\n<p>&nbsp;<\/p>\n<p>&nbsp;<\/p>\n<p>&nbsp;<\/p>","protected":false},"excerpt":{"rendered":"<ul>\n<li>Item No: D-0111A<\/li>\n<li>Material:  Kunststoff<\/li>\n<li>Capacity:\u00a01.5ML<\/li>\n<li>Size:\u00a0D17*H89MM<\/li>\n<li>Anwendungen: Sch\u00f6nheitsprodukte<\/li>\n<li>MOQ: 12,000 pcs<\/li>\n<li>Farbe: Benutzerdefinierte Farbe<\/li>\n<li>Oberfl\u00e4chen-Behandlung: Einspritzung\/Mattierung\/Metallisierung\/UV-Beschichtung<\/li>\n<li>Markenname: OEM\/ODM<\/li>\n<li>Logo: Logo des Kunden<\/li>\n<li>Lieferf\u00e4higkeit: 100.000 St\u00fcck pro Monat<\/li>\n<\/ul>","protected":false},"featured_media":7510,"template":"","meta":{"_acf_changed":false},"product_brand":[],"product_cat":[372],"product_tag":[388],"class_list":{"0":"post-7504","1":"product","2":"type-product","3":"status-publish","4":"has-post-thumbnail","6":"product_cat-lipgloss-tube","7":"product_tag-lip-gloss-tube","9":"first","10":"instock","11":"shipping-taxable","12":"product-type-simple"},"acf":[],"yoast_head":"<!-- This site is optimized with the Yoast SEO plugin v24.1 - https:\/\/yoast.com\/wordpress\/plugins\/seo\/ -->\n<title>1.5ml mini round multi-layer empty stackable lip gloss tube<\/title>\n<meta name=\"description\" content=\"1.5ml mini round multi-layer stackable empty lip gloss container can be free combination of building lipgloss tube\" \/>\n<meta name=\"robots\" content=\"index, follow, max-snippet:-1, max-image-preview:large, max-video-preview:-1\" \/>\n<link rel=\"canonical\" href=\"https:\/\/www.alovey.com\/de\/produkt\/1-5ml-mini-round-multi-layer-empty-stackable-lip-gloss-tube\/\" \/>\n<meta property=\"og:locale\" content=\"de_DE\" \/>\n<meta property=\"og:type\" content=\"article\" \/>\n<meta property=\"og:title\" content=\"1.5ml mini round multi-layer empty stackable lip gloss tube\" \/>\n<meta property=\"og:description\" content=\"1.5ml mini round multi-layer stackable empty lip gloss container can be free combination of building lipgloss tube\" \/>\n<meta property=\"og:url\" content=\"https:\/\/www.alovey.com\/de\/produkt\/1-5ml-mini-round-multi-layer-empty-stackable-lip-gloss-tube\/\" \/>\n<meta property=\"og:site_name\" content=\"Best Cosmetic Packaging Manufacture\" \/>\n<meta property=\"article:modified_time\" content=\"2024-11-18T06:23:37+00:00\" \/>\n<meta property=\"og:image\" content=\"https:\/\/www.alovey.com\/wp-content\/uploads\/2024\/11\/1.5ml-mini-round-multi-layer-empty-stackable-lip-gloss-tube-5.jpg\" \/>\n\t<meta property=\"og:image:width\" content=\"750\" \/>\n\t<meta property=\"og:image:height\" content=\"750\" \/>\n\t<meta property=\"og:image:type\" content=\"image\/jpeg\" \/>\n<meta name=\"twitter:card\" content=\"summary_large_image\" \/>\n<meta name=\"twitter:label1\" content=\"Gesch\u00e4tzte Lesezeit\" \/>\n\t<meta name=\"twitter:data1\" content=\"2\u00a0Minuten\" \/>\n<script type=\"application\/ld+json\" class=\"yoast-schema-graph\">{\"@context\":\"https:\/\/schema.org\",\"@graph\":[{\"@type\":\"WebPage\",\"@id\":\"https:\/\/www.alovey.com\/product\/1-5ml-mini-round-multi-layer-empty-stackable-lip-gloss-tube\/\",\"url\":\"https:\/\/www.alovey.com\/product\/1-5ml-mini-round-multi-layer-empty-stackable-lip-gloss-tube\/\",\"name\":\"1.5ml mini round multi-layer empty stackable lip gloss tube\",\"isPartOf\":{\"@id\":\"https:\/\/www.alovey.com\/#website\"},\"primaryImageOfPage\":{\"@id\":\"https:\/\/www.alovey.com\/product\/1-5ml-mini-round-multi-layer-empty-stackable-lip-gloss-tube\/#primaryimage\"},\"image\":{\"@id\":\"https:\/\/www.alovey.com\/product\/1-5ml-mini-round-multi-layer-empty-stackable-lip-gloss-tube\/#primaryimage\"},\"thumbnailUrl\":\"https:\/\/www.alovey.com\/wp-content\/uploads\/2024\/11\/1.5ml-mini-round-multi-layer-empty-stackable-lip-gloss-tube-5.jpg\",\"datePublished\":\"2024-11-18T05:58:31+00:00\",\"dateModified\":\"2024-11-18T06:23:37+00:00\",\"description\":\"1.5ml mini round multi-layer stackable empty lip gloss container can be free combination of building lipgloss tube\",\"breadcrumb\":{\"@id\":\"https:\/\/www.alovey.com\/product\/1-5ml-mini-round-multi-layer-empty-stackable-lip-gloss-tube\/#breadcrumb\"},\"inLanguage\":\"de\",\"potentialAction\":[{\"@type\":\"ReadAction\",\"target\":[\"https:\/\/www.alovey.com\/product\/1-5ml-mini-round-multi-layer-empty-stackable-lip-gloss-tube\/\"]}]},{\"@type\":\"ImageObject\",\"inLanguage\":\"de\",\"@id\":\"https:\/\/www.alovey.com\/product\/1-5ml-mini-round-multi-layer-empty-stackable-lip-gloss-tube\/#primaryimage\",\"url\":\"https:\/\/www.alovey.com\/wp-content\/uploads\/2024\/11\/1.5ml-mini-round-multi-layer-empty-stackable-lip-gloss-tube-5.jpg\",\"contentUrl\":\"https:\/\/www.alovey.com\/wp-content\/uploads\/2024\/11\/1.5ml-mini-round-multi-layer-empty-stackable-lip-gloss-tube-5.jpg\",\"width\":750,\"height\":750,\"caption\":\"1.5ml mini round multi-layer empty stackable lip gloss tube\"},{\"@type\":\"BreadcrumbList\",\"@id\":\"https:\/\/www.alovey.com\/product\/1-5ml-mini-round-multi-layer-empty-stackable-lip-gloss-tube\/#breadcrumb\",\"itemListElement\":[{\"@type\":\"ListItem\",\"position\":1,\"name\":\"\u9996\u9875\",\"item\":\"https:\/\/www.alovey.com\/\"},{\"@type\":\"ListItem\",\"position\":2,\"name\":\"Products\",\"item\":\"https:\/\/www.alovey.com\/products\/\"},{\"@type\":\"ListItem\",\"position\":3,\"name\":\"1.5ml mini round multi layer stackable empty lip gloss container\"}]},{\"@type\":\"WebSite\",\"@id\":\"https:\/\/www.alovey.com\/#website\",\"url\":\"https:\/\/www.alovey.com\/\",\"name\":\"Best Cosmetic Packaging Manufacture\",\"description\":\"Alovey Cosmetic Packaging Co.,Ltd\",\"publisher\":{\"@id\":\"https:\/\/www.alovey.com\/#organization\"},\"potentialAction\":[{\"@type\":\"SearchAction\",\"target\":{\"@type\":\"EntryPoint\",\"urlTemplate\":\"https:\/\/www.alovey.com\/?s={search_term_string}\"},\"query-input\":{\"@type\":\"PropertyValueSpecification\",\"valueRequired\":true,\"valueName\":\"search_term_string\"}}],\"inLanguage\":\"de\"},{\"@type\":\"Organization\",\"@id\":\"https:\/\/www.alovey.com\/#organization\",\"name\":\"Best Cosmetic Packaging Manufacture\",\"url\":\"https:\/\/www.alovey.com\/\",\"logo\":{\"@type\":\"ImageObject\",\"inLanguage\":\"de\",\"@id\":\"https:\/\/www.alovey.com\/#\/schema\/logo\/image\/\",\"url\":\"https:\/\/www.alovey.com\/wp-content\/uploads\/2023\/03\/logo.png\",\"contentUrl\":\"https:\/\/www.alovey.com\/wp-content\/uploads\/2023\/03\/logo.png\",\"width\":505,\"height\":180,\"caption\":\"Best  Cosmetic Packaging Manufacture\"},\"image\":{\"@id\":\"https:\/\/www.alovey.com\/#\/schema\/logo\/image\/\"}}]}<\/script>\n<!-- \/ Yoast SEO plugin. -->","yoast_head_json":{"title":"1.5ml mini round multi-layer empty stackable lip gloss tube","description":"1.5ml mini round multi-layer stackable empty lip gloss container can be free combination of building lipgloss tube","robots":{"index":"index","follow":"follow","max-snippet":"max-snippet:-1","max-image-preview":"max-image-preview:large","max-video-preview":"max-video-preview:-1"},"canonical":"https:\/\/www.alovey.com\/de\/produkt\/1-5ml-mini-round-multi-layer-empty-stackable-lip-gloss-tube\/","og_locale":"de_DE","og_type":"article","og_title":"1.5ml mini round multi-layer empty stackable lip gloss tube","og_description":"1.5ml mini round multi-layer stackable empty lip gloss container can be free combination of building lipgloss tube","og_url":"https:\/\/www.alovey.com\/de\/produkt\/1-5ml-mini-round-multi-layer-empty-stackable-lip-gloss-tube\/","og_site_name":"Best Cosmetic Packaging Manufacture","article_modified_time":"2024-11-18T06:23:37+00:00","og_image":[{"width":750,"height":750,"url":"https:\/\/www.alovey.com\/wp-content\/uploads\/2024\/11\/1.5ml-mini-round-multi-layer-empty-stackable-lip-gloss-tube-5.jpg","type":"image\/jpeg"}],"twitter_card":"summary_large_image","twitter_misc":{"Gesch\u00e4tzte Lesezeit":"2\u00a0Minuten"},"schema":{"@context":"https:\/\/schema.org","@graph":[{"@type":"WebPage","@id":"https:\/\/www.alovey.com\/product\/1-5ml-mini-round-multi-layer-empty-stackable-lip-gloss-tube\/","url":"https:\/\/www.alovey.com\/product\/1-5ml-mini-round-multi-layer-empty-stackable-lip-gloss-tube\/","name":"1.5ml mini round multi-layer empty stackable lip gloss tube","isPartOf":{"@id":"https:\/\/www.alovey.com\/#website"},"primaryImageOfPage":{"@id":"https:\/\/www.alovey.com\/product\/1-5ml-mini-round-multi-layer-empty-stackable-lip-gloss-tube\/#primaryimage"},"image":{"@id":"https:\/\/www.alovey.com\/product\/1-5ml-mini-round-multi-layer-empty-stackable-lip-gloss-tube\/#primaryimage"},"thumbnailUrl":"https:\/\/www.alovey.com\/wp-content\/uploads\/2024\/11\/1.5ml-mini-round-multi-layer-empty-stackable-lip-gloss-tube-5.jpg","datePublished":"2024-11-18T05:58:31+00:00","dateModified":"2024-11-18T06:23:37+00:00","description":"1.5ml mini round multi-layer stackable empty lip gloss container can be free combination of building lipgloss tube","breadcrumb":{"@id":"https:\/\/www.alovey.com\/product\/1-5ml-mini-round-multi-layer-empty-stackable-lip-gloss-tube\/#breadcrumb"},"inLanguage":"de","potentialAction":[{"@type":"ReadAction","target":["https:\/\/www.alovey.com\/product\/1-5ml-mini-round-multi-layer-empty-stackable-lip-gloss-tube\/"]}]},{"@type":"ImageObject","inLanguage":"de","@id":"https:\/\/www.alovey.com\/product\/1-5ml-mini-round-multi-layer-empty-stackable-lip-gloss-tube\/#primaryimage","url":"https:\/\/www.alovey.com\/wp-content\/uploads\/2024\/11\/1.5ml-mini-round-multi-layer-empty-stackable-lip-gloss-tube-5.jpg","contentUrl":"https:\/\/www.alovey.com\/wp-content\/uploads\/2024\/11\/1.5ml-mini-round-multi-layer-empty-stackable-lip-gloss-tube-5.jpg","width":750,"height":750,"caption":"1.5ml mini round multi-layer empty stackable lip gloss tube"},{"@type":"BreadcrumbList","@id":"https:\/\/www.alovey.com\/product\/1-5ml-mini-round-multi-layer-empty-stackable-lip-gloss-tube\/#breadcrumb","itemListElement":[{"@type":"ListItem","position":1,"name":"\u9996\u9875","item":"https:\/\/www.alovey.com\/"},{"@type":"ListItem","position":2,"name":"Products","item":"https:\/\/www.alovey.com\/products\/"},{"@type":"ListItem","position":3,"name":"1.5ml mini round multi layer stackable empty lip gloss container"}]},{"@type":"WebSite","@id":"https:\/\/www.alovey.com\/#website","url":"https:\/\/www.alovey.com\/","name":"Best Cosmetic Packaging Manufacture","description":"Alovey Cosmetic Packaging Co.,Ltd","publisher":{"@id":"https:\/\/www.alovey.com\/#organization"},"potentialAction":[{"@type":"SearchAction","target":{"@type":"EntryPoint","urlTemplate":"https:\/\/www.alovey.com\/?s={search_term_string}"},"query-input":{"@type":"PropertyValueSpecification","valueRequired":true,"valueName":"search_term_string"}}],"inLanguage":"de"},{"@type":"Organization","@id":"https:\/\/www.alovey.com\/#organization","name":"Best Cosmetic Packaging Manufacture","url":"https:\/\/www.alovey.com\/","logo":{"@type":"ImageObject","inLanguage":"de","@id":"https:\/\/www.alovey.com\/#\/schema\/logo\/image\/","url":"https:\/\/www.alovey.com\/wp-content\/uploads\/2023\/03\/logo.png","contentUrl":"https:\/\/www.alovey.com\/wp-content\/uploads\/2023\/03\/logo.png","width":505,"height":180,"caption":"Best  Cosmetic Packaging Manufacture"},"image":{"@id":"https:\/\/www.alovey.com\/#\/schema\/logo\/image\/"}}]}},"_links":{"self":[{"href":"https:\/\/www.alovey.com\/de\/wp-json\/wp\/v2\/product\/7504"}],"collection":[{"href":"https:\/\/www.alovey.com\/de\/wp-json\/wp\/v2\/product"}],"about":[{"href":"https:\/\/www.alovey.com\/de\/wp-json\/wp\/v2\/types\/product"}],"wp:featuredmedia":[{"embeddable":true,"href":"https:\/\/www.alovey.com\/de\/wp-json\/wp\/v2\/media\/7510"}],"wp:attachment":[{"href":"https:\/\/www.alovey.com\/de\/wp-json\/wp\/v2\/media?parent=7504"}],"wp:term":[{"taxonomy":"product_brand","embeddable":true,"href":"https:\/\/www.alovey.com\/de\/wp-json\/wp\/v2\/product_brand?post=7504"},{"taxonomy":"product_cat","embeddable":true,"href":"https:\/\/www.alovey.com\/de\/wp-json\/wp\/v2\/product_cat?post=7504"},{"taxonomy":"product_tag","embeddable":true,"href":"https:\/\/www.alovey.com\/de\/wp-json\/wp\/v2\/product_tag?post=7504"}],"curies":[{"name":"wp","href":"https:\/\/api.w.org\/{rel}","templated":true}]}}