{"id":7380,"date":"2024-11-15T08:49:19","date_gmt":"2024-11-15T08:49:19","guid":{"rendered":"https:\/\/alovey.com\/?post_type=product&#038;p=7380"},"modified":"2024-11-16T02:20:00","modified_gmt":"2024-11-16T02:20:00","slug":"luxury-square-compact-powder-case-with-big-inner-pan-and-mirror","status":"publish","type":"product","link":"https:\/\/www.alovey.com\/de\/produkt\/luxury-square-compact-powder-case-with-big-inner-pan-and-mirror\/","title":{"rendered":"Luxuri\u00f6se quadratische Puderdose mit gro\u00dfer Innenschale und Spiegel"},"content":{"rendered":"<p><strong>Luxury square compact powder case with big inner pan and mirror has inner diameter inner \u00a081mm. We also offer inner godet for the pressed powder cas<\/strong>e.<\/p>\n<p><strong>Alovey, ein professioneller chinesischer Hersteller von Kosmetikverpackungen, produziert eine exquisite Auswahl an kundenspezifischen Kosmetikverpackungen, die sorgf\u00e4ltig hergestellt werden, um Ihre Marke aufzuwerten. Unsere vielf\u00e4ltige Auswahl an Premium-Materialien, kombiniert mit feinen Oberfl\u00e4chenveredelungstechniken wie Siebdruck, Hei\u00dfpr\u00e4gung und mattem Spr\u00fchen, macht jede Verpackung zu einem einzigartigen Meisterwerk.<\/strong><\/p>\n<p><img fetchpriority=\"high\" decoding=\"async\" class=\"size-full wp-image-7386\" src=\"https:\/\/alovey.com\/wp-content\/uploads\/2024\/11\/Luxury-square-compact-powder-case-with-big-inner-pan-and-mirror-5.jpg\" alt=\"Luxury square compact powder case with big inner pan and mirror\" width=\"750\" height=\"750\" srcset=\"https:\/\/www.alovey.com\/wp-content\/uploads\/2024\/11\/Luxury-square-compact-powder-case-with-big-inner-pan-and-mirror-5.jpg 750w, https:\/\/www.alovey.com\/wp-content\/uploads\/2024\/11\/Luxury-square-compact-powder-case-with-big-inner-pan-and-mirror-5-300x300.jpg 300w, https:\/\/www.alovey.com\/wp-content\/uploads\/2024\/11\/Luxury-square-compact-powder-case-with-big-inner-pan-and-mirror-5-150x150.jpg 150w, https:\/\/www.alovey.com\/wp-content\/uploads\/2024\/11\/Luxury-square-compact-powder-case-with-big-inner-pan-and-mirror-5-600x600.jpg 600w, https:\/\/www.alovey.com\/wp-content\/uploads\/2024\/11\/Luxury-square-compact-powder-case-with-big-inner-pan-and-mirror-5-100x100.jpg 100w\" sizes=\"(max-width: 750px) 100vw, 750px\" \/><\/p>\n<p><img decoding=\"async\" class=\"size-full wp-image-7385\" src=\"https:\/\/alovey.com\/wp-content\/uploads\/2024\/11\/Luxury-square-compact-powder-case-with-big-inner-pan-and-mirror-4.jpg\" alt=\"Luxury square compact powder case with big inner pan and mirror\" width=\"750\" height=\"750\" srcset=\"https:\/\/www.alovey.com\/wp-content\/uploads\/2024\/11\/Luxury-square-compact-powder-case-with-big-inner-pan-and-mirror-4.jpg 750w, https:\/\/www.alovey.com\/wp-content\/uploads\/2024\/11\/Luxury-square-compact-powder-case-with-big-inner-pan-and-mirror-4-300x300.jpg 300w, https:\/\/www.alovey.com\/wp-content\/uploads\/2024\/11\/Luxury-square-compact-powder-case-with-big-inner-pan-and-mirror-4-150x150.jpg 150w, https:\/\/www.alovey.com\/wp-content\/uploads\/2024\/11\/Luxury-square-compact-powder-case-with-big-inner-pan-and-mirror-4-600x600.jpg 600w, https:\/\/www.alovey.com\/wp-content\/uploads\/2024\/11\/Luxury-square-compact-powder-case-with-big-inner-pan-and-mirror-4-100x100.jpg 100w\" sizes=\"(max-width: 750px) 100vw, 750px\" \/><\/p>\n<p><img decoding=\"async\" class=\"size-full wp-image-7384\" src=\"https:\/\/alovey.com\/wp-content\/uploads\/2024\/11\/Luxury-square-compact-powder-case-with-big-inner-pan-and-mirror-3.jpg\" alt=\"Luxury square compact powder case with big inner pan and mirror\" width=\"750\" height=\"750\" srcset=\"https:\/\/www.alovey.com\/wp-content\/uploads\/2024\/11\/Luxury-square-compact-powder-case-with-big-inner-pan-and-mirror-3.jpg 750w, https:\/\/www.alovey.com\/wp-content\/uploads\/2024\/11\/Luxury-square-compact-powder-case-with-big-inner-pan-and-mirror-3-300x300.jpg 300w, https:\/\/www.alovey.com\/wp-content\/uploads\/2024\/11\/Luxury-square-compact-powder-case-with-big-inner-pan-and-mirror-3-150x150.jpg 150w, https:\/\/www.alovey.com\/wp-content\/uploads\/2024\/11\/Luxury-square-compact-powder-case-with-big-inner-pan-and-mirror-3-600x600.jpg 600w, https:\/\/www.alovey.com\/wp-content\/uploads\/2024\/11\/Luxury-square-compact-powder-case-with-big-inner-pan-and-mirror-3-100x100.jpg 100w\" sizes=\"(max-width: 750px) 100vw, 750px\" \/><\/p>\n<p><img loading=\"lazy\" decoding=\"async\" class=\"size-full wp-image-7383\" src=\"https:\/\/alovey.com\/wp-content\/uploads\/2024\/11\/Luxury-square-compact-powder-case-with-big-inner-pan-and-mirror-2.jpg\" alt=\"Luxury square compact powder case with big inner pan and mirror\" width=\"750\" height=\"750\" srcset=\"https:\/\/www.alovey.com\/wp-content\/uploads\/2024\/11\/Luxury-square-compact-powder-case-with-big-inner-pan-and-mirror-2.jpg 750w, https:\/\/www.alovey.com\/wp-content\/uploads\/2024\/11\/Luxury-square-compact-powder-case-with-big-inner-pan-and-mirror-2-300x300.jpg 300w, https:\/\/www.alovey.com\/wp-content\/uploads\/2024\/11\/Luxury-square-compact-powder-case-with-big-inner-pan-and-mirror-2-150x150.jpg 150w, https:\/\/www.alovey.com\/wp-content\/uploads\/2024\/11\/Luxury-square-compact-powder-case-with-big-inner-pan-and-mirror-2-600x600.jpg 600w, https:\/\/www.alovey.com\/wp-content\/uploads\/2024\/11\/Luxury-square-compact-powder-case-with-big-inner-pan-and-mirror-2-100x100.jpg 100w\" sizes=\"(max-width: 750px) 100vw, 750px\" \/><\/p>\n<p><img loading=\"lazy\" decoding=\"async\" class=\"size-full wp-image-7382\" src=\"https:\/\/alovey.com\/wp-content\/uploads\/2024\/11\/Luxury-square-compact-powder-case-with-big-inner-pan-and-mirror-1.jpg\" alt=\"Luxury square compact powder case with big inner pan and mirror\" width=\"750\" height=\"750\" srcset=\"https:\/\/www.alovey.com\/wp-content\/uploads\/2024\/11\/Luxury-square-compact-powder-case-with-big-inner-pan-and-mirror-1.jpg 750w, https:\/\/www.alovey.com\/wp-content\/uploads\/2024\/11\/Luxury-square-compact-powder-case-with-big-inner-pan-and-mirror-1-300x300.jpg 300w, https:\/\/www.alovey.com\/wp-content\/uploads\/2024\/11\/Luxury-square-compact-powder-case-with-big-inner-pan-and-mirror-1-150x150.jpg 150w, https:\/\/www.alovey.com\/wp-content\/uploads\/2024\/11\/Luxury-square-compact-powder-case-with-big-inner-pan-and-mirror-1-600x600.jpg 600w, https:\/\/www.alovey.com\/wp-content\/uploads\/2024\/11\/Luxury-square-compact-powder-case-with-big-inner-pan-and-mirror-1-100x100.jpg 100w\" sizes=\"(max-width: 750px) 100vw, 750px\" \/><\/p>\n<p><img loading=\"lazy\" decoding=\"async\" class=\"size-full wp-image-7381\" src=\"https:\/\/alovey.com\/wp-content\/uploads\/2024\/11\/Luxury-square-compact-powder-case-with-big-inner-pan-and-mirror-6.jpg\" alt=\"Luxury square compact powder case with big inner pan and mirror\" width=\"750\" height=\"750\" srcset=\"https:\/\/www.alovey.com\/wp-content\/uploads\/2024\/11\/Luxury-square-compact-powder-case-with-big-inner-pan-and-mirror-6.jpg 750w, https:\/\/www.alovey.com\/wp-content\/uploads\/2024\/11\/Luxury-square-compact-powder-case-with-big-inner-pan-and-mirror-6-300x300.jpg 300w, https:\/\/www.alovey.com\/wp-content\/uploads\/2024\/11\/Luxury-square-compact-powder-case-with-big-inner-pan-and-mirror-6-150x150.jpg 150w, https:\/\/www.alovey.com\/wp-content\/uploads\/2024\/11\/Luxury-square-compact-powder-case-with-big-inner-pan-and-mirror-6-600x600.jpg 600w, https:\/\/www.alovey.com\/wp-content\/uploads\/2024\/11\/Luxury-square-compact-powder-case-with-big-inner-pan-and-mirror-6-100x100.jpg 100w\" sizes=\"(max-width: 750px) 100vw, 750px\" \/><\/p>\n<p>&nbsp;<\/p>\n<p>&nbsp;<\/p>\n<p>&nbsp;<\/p>\n<p>&nbsp;<\/p>\n<p>&nbsp;<\/p>\n<p>&nbsp;<\/p>\n<p>&nbsp;<\/p>\n<p>&nbsp;<\/p>\n<p>&nbsp;<\/p>\n<p>&nbsp;<\/p>\n<p>&nbsp;<\/p>\n<p>&nbsp;<\/p>\n<p>&nbsp;<\/p>\n<p>&nbsp;<\/p>\n<p>&nbsp;<\/p>\n<p>&nbsp;<\/p>\n<p>&nbsp;<\/p>\n<p>&nbsp;<\/p>\n<p>&nbsp;<\/p>\n<p>&nbsp;<\/p>\n<p>&nbsp;<\/p>\n<p>&nbsp;<\/p>\n<p>&nbsp;<\/p>\n<p>&nbsp;<\/p>\n<p>&nbsp;<\/p>\n<p>&nbsp;<\/p>\n<p>&nbsp;<\/p>\n<p>&nbsp;<\/p>\n<p>&nbsp;<\/p>\n<p>&nbsp;<\/p>\n<p>&nbsp;<\/p>\n<p>&nbsp;<\/p>\n<p>&nbsp;<\/p>\n<p>&nbsp;<\/p>\n<p>&nbsp;<\/p>\n<p>&nbsp;<\/p>\n<p>&nbsp;<\/p>\n<p>&nbsp;<\/p>\n<p>&nbsp;<\/p>\n<p>&nbsp;<\/p>\n<p>&nbsp;<\/p>\n<p>&nbsp;<\/p>\n<p>&nbsp;<\/p>\n<p>&nbsp;<\/p>\n<p>&nbsp;<\/p>\n<p>&nbsp;<\/p>\n<p>&nbsp;<\/p>\n<p>&nbsp;<\/p>\n<p>&nbsp;<\/p>\n<p>&nbsp;<\/p>\n<p>&nbsp;<\/p>\n<p>&nbsp;<\/p>\n<p>&nbsp;<\/p>\n<p>&nbsp;<\/p>\n<p>&nbsp;<\/p>\n<p>&nbsp;<\/p>\n<p>&nbsp;<\/p>\n<p>&nbsp;<\/p>\n<p>&nbsp;<\/p>\n<p>&nbsp;<\/p>\n<p>&nbsp;<\/p>\n<p>&nbsp;<\/p>\n<p>&nbsp;<\/p>\n<p>&nbsp;<\/p>\n<p>&nbsp;<\/p>\n<p>&nbsp;<\/p>\n<p>&nbsp;<\/p>\n<p>&nbsp;<\/p>\n<p>&nbsp;<\/p>\n<p>&nbsp;<\/p>\n<p>&nbsp;<\/p>\n<p>&nbsp;<\/p>\n<p>&nbsp;<\/p>\n<p>&nbsp;<\/p>\n<p>&nbsp;<\/p>\n<p>&nbsp;<\/p>\n<p>&nbsp;<\/p>\n<p>&nbsp;<\/p>\n<p>&nbsp;<\/p>\n<p>&nbsp;<\/p>\n<p>&nbsp;<\/p>\n<p>&nbsp;<\/p>\n<p>&nbsp;<\/p>\n<p>&nbsp;<\/p>\n<p>&nbsp;<\/p>\n<p>&nbsp;<\/p>\n<p>&nbsp;<\/p>\n<p>&nbsp;<\/p>\n<p>&nbsp;<\/p>\n<p>&nbsp;<\/p>\n<p>&nbsp;<\/p>\n<p>&nbsp;<\/p>\n<p>&nbsp;<\/p>\n<p>&nbsp;<\/p>\n<p>&nbsp;<\/p>\n<p>&nbsp;<\/p>\n<p>&nbsp;<\/p>\n<p>&nbsp;<\/p>\n<p>&nbsp;<\/p>\n<p>&nbsp;<\/p>\n<p>&nbsp;<\/p>\n<p>&nbsp;<\/p>\n<p>&nbsp;<\/p>\n<p>&nbsp;<\/p>\n<p>&nbsp;<\/p>\n<p>&nbsp;<\/p>\n<p>&nbsp;<\/p>\n<p>&nbsp;<\/p>\n<p>&nbsp;<\/p>\n<p>&nbsp;<\/p>\n<p>&nbsp;<\/p>\n<p>&nbsp;<\/p>\n<p>&nbsp;<\/p>\n<p>&nbsp;<\/p>","protected":false},"excerpt":{"rendered":"<ul>\n<li>Item No: P-0526A<\/li>\n<li>Material:  Kunststoff<\/li>\n<li>Size:\u00a0W97*H19.5MM (d81mm)<\/li>\n<li>Anwendungen: Sch\u00f6nheitsprodukte<\/li>\n<li>MOQ: 10.000 St\u00fcck<\/li>\n<li>Farbe: Benutzerdefinierte Farbe<\/li>\n<li>Oberfl\u00e4chen-Behandlung: Einspritzung\/Mattierung\/Metallisierung\/UV-Beschichtung<\/li>\n<li>Markenname: OEM\/ODM<\/li>\n<li>Logo: Logo des Kunden<\/li>\n<li>Lieferf\u00e4higkeit: 100.000 St\u00fcck pro Monat<\/li>\n<\/ul>\n<p>&nbsp;<\/p>","protected":false},"featured_media":7382,"template":"","meta":{"_acf_changed":false},"product_brand":[],"product_cat":[380],"product_tag":[387],"class_list":{"0":"post-7380","1":"product","2":"type-product","3":"status-publish","4":"has-post-thumbnail","6":"product_cat-cosmetic-compact-powder-cases","7":"product_tag-compact-powder-case","9":"first","10":"instock","11":"shipping-taxable","12":"product-type-simple"},"acf":[],"yoast_head":"<!-- This site is optimized with the Yoast SEO plugin v24.1 - https:\/\/yoast.com\/wordpress\/plugins\/seo\/ -->\n<title>Luxury square compact powder case with big inner pan and mirror<\/title>\n<meta name=\"description\" content=\"Luxury square compact powder case with big inner pan and mirror has inner diameter inner 81mm. We offer inner godet for the pressed powder case.\" \/>\n<meta name=\"robots\" content=\"index, follow, max-snippet:-1, max-image-preview:large, max-video-preview:-1\" \/>\n<link rel=\"canonical\" href=\"https:\/\/www.alovey.com\/de\/produkt\/luxury-square-compact-powder-case-with-big-inner-pan-and-mirror\/\" \/>\n<meta property=\"og:locale\" content=\"de_DE\" \/>\n<meta property=\"og:type\" content=\"article\" \/>\n<meta property=\"og:title\" content=\"Luxury square compact powder case with big inner pan and mirror\" \/>\n<meta property=\"og:description\" content=\"Luxury square compact powder case with big inner pan and mirror has inner diameter inner 81mm. We offer inner godet for the pressed powder case.\" \/>\n<meta property=\"og:url\" content=\"https:\/\/www.alovey.com\/de\/produkt\/luxury-square-compact-powder-case-with-big-inner-pan-and-mirror\/\" \/>\n<meta property=\"og:site_name\" content=\"Best Cosmetic Packaging Manufacture\" \/>\n<meta property=\"article:modified_time\" content=\"2024-11-16T02:20:00+00:00\" \/>\n<meta property=\"og:image\" content=\"https:\/\/www.alovey.com\/wp-content\/uploads\/2024\/11\/Luxury-square-compact-powder-case-with-big-inner-pan-and-mirror-1.jpg\" \/>\n\t<meta property=\"og:image:width\" content=\"750\" \/>\n\t<meta property=\"og:image:height\" content=\"750\" \/>\n\t<meta property=\"og:image:type\" content=\"image\/jpeg\" \/>\n<meta name=\"twitter:card\" content=\"summary_large_image\" \/>\n<meta name=\"twitter:label1\" content=\"Gesch\u00e4tzte Lesezeit\" \/>\n\t<meta name=\"twitter:data1\" content=\"2\u00a0Minuten\" \/>\n<script type=\"application\/ld+json\" class=\"yoast-schema-graph\">{\"@context\":\"https:\/\/schema.org\",\"@graph\":[{\"@type\":\"WebPage\",\"@id\":\"https:\/\/www.alovey.com\/product\/luxury-square-compact-powder-case-with-big-inner-pan-and-mirror\/\",\"url\":\"https:\/\/www.alovey.com\/product\/luxury-square-compact-powder-case-with-big-inner-pan-and-mirror\/\",\"name\":\"Luxury square compact powder case with big inner pan and mirror\",\"isPartOf\":{\"@id\":\"https:\/\/www.alovey.com\/#website\"},\"primaryImageOfPage\":{\"@id\":\"https:\/\/www.alovey.com\/product\/luxury-square-compact-powder-case-with-big-inner-pan-and-mirror\/#primaryimage\"},\"image\":{\"@id\":\"https:\/\/www.alovey.com\/product\/luxury-square-compact-powder-case-with-big-inner-pan-and-mirror\/#primaryimage\"},\"thumbnailUrl\":\"https:\/\/www.alovey.com\/wp-content\/uploads\/2024\/11\/Luxury-square-compact-powder-case-with-big-inner-pan-and-mirror-1.jpg\",\"datePublished\":\"2024-11-15T08:49:19+00:00\",\"dateModified\":\"2024-11-16T02:20:00+00:00\",\"description\":\"Luxury square compact powder case with big inner pan and mirror has inner diameter inner 81mm. We offer inner godet for the pressed powder case.\",\"breadcrumb\":{\"@id\":\"https:\/\/www.alovey.com\/product\/luxury-square-compact-powder-case-with-big-inner-pan-and-mirror\/#breadcrumb\"},\"inLanguage\":\"de\",\"potentialAction\":[{\"@type\":\"ReadAction\",\"target\":[\"https:\/\/www.alovey.com\/product\/luxury-square-compact-powder-case-with-big-inner-pan-and-mirror\/\"]}]},{\"@type\":\"ImageObject\",\"inLanguage\":\"de\",\"@id\":\"https:\/\/www.alovey.com\/product\/luxury-square-compact-powder-case-with-big-inner-pan-and-mirror\/#primaryimage\",\"url\":\"https:\/\/www.alovey.com\/wp-content\/uploads\/2024\/11\/Luxury-square-compact-powder-case-with-big-inner-pan-and-mirror-1.jpg\",\"contentUrl\":\"https:\/\/www.alovey.com\/wp-content\/uploads\/2024\/11\/Luxury-square-compact-powder-case-with-big-inner-pan-and-mirror-1.jpg\",\"width\":750,\"height\":750,\"caption\":\"Luxury square compact powder case with big inner pan and mirror\"},{\"@type\":\"BreadcrumbList\",\"@id\":\"https:\/\/www.alovey.com\/product\/luxury-square-compact-powder-case-with-big-inner-pan-and-mirror\/#breadcrumb\",\"itemListElement\":[{\"@type\":\"ListItem\",\"position\":1,\"name\":\"\u9996\u9875\",\"item\":\"https:\/\/www.alovey.com\/\"},{\"@type\":\"ListItem\",\"position\":2,\"name\":\"Products\",\"item\":\"https:\/\/www.alovey.com\/products\/\"},{\"@type\":\"ListItem\",\"position\":3,\"name\":\"Luxury square compact powder case with big inner pan and mirror\"}]},{\"@type\":\"WebSite\",\"@id\":\"https:\/\/www.alovey.com\/#website\",\"url\":\"https:\/\/www.alovey.com\/\",\"name\":\"Best Cosmetic Packaging Manufacture\",\"description\":\"Alovey Cosmetic Packaging Co.,Ltd\",\"publisher\":{\"@id\":\"https:\/\/www.alovey.com\/#organization\"},\"potentialAction\":[{\"@type\":\"SearchAction\",\"target\":{\"@type\":\"EntryPoint\",\"urlTemplate\":\"https:\/\/www.alovey.com\/?s={search_term_string}\"},\"query-input\":{\"@type\":\"PropertyValueSpecification\",\"valueRequired\":true,\"valueName\":\"search_term_string\"}}],\"inLanguage\":\"de\"},{\"@type\":\"Organization\",\"@id\":\"https:\/\/www.alovey.com\/#organization\",\"name\":\"Best Cosmetic Packaging Manufacture\",\"url\":\"https:\/\/www.alovey.com\/\",\"logo\":{\"@type\":\"ImageObject\",\"inLanguage\":\"de\",\"@id\":\"https:\/\/www.alovey.com\/#\/schema\/logo\/image\/\",\"url\":\"https:\/\/www.alovey.com\/wp-content\/uploads\/2023\/03\/logo.png\",\"contentUrl\":\"https:\/\/www.alovey.com\/wp-content\/uploads\/2023\/03\/logo.png\",\"width\":505,\"height\":180,\"caption\":\"Best  Cosmetic Packaging Manufacture\"},\"image\":{\"@id\":\"https:\/\/www.alovey.com\/#\/schema\/logo\/image\/\"}}]}<\/script>\n<!-- \/ Yoast SEO plugin. -->","yoast_head_json":{"title":"Luxuri\u00f6se quadratische Puderdose mit gro\u00dfer Innenschale und Spiegel","description":"Luxury square compact powder case with big inner pan and mirror has inner diameter inner 81mm. We offer inner godet for the pressed powder case.","robots":{"index":"index","follow":"follow","max-snippet":"max-snippet:-1","max-image-preview":"max-image-preview:large","max-video-preview":"max-video-preview:-1"},"canonical":"https:\/\/www.alovey.com\/de\/produkt\/luxury-square-compact-powder-case-with-big-inner-pan-and-mirror\/","og_locale":"de_DE","og_type":"article","og_title":"Luxury square compact powder case with big inner pan and mirror","og_description":"Luxury square compact powder case with big inner pan and mirror has inner diameter inner 81mm. We offer inner godet for the pressed powder case.","og_url":"https:\/\/www.alovey.com\/de\/produkt\/luxury-square-compact-powder-case-with-big-inner-pan-and-mirror\/","og_site_name":"Best Cosmetic Packaging Manufacture","article_modified_time":"2024-11-16T02:20:00+00:00","og_image":[{"width":750,"height":750,"url":"https:\/\/www.alovey.com\/wp-content\/uploads\/2024\/11\/Luxury-square-compact-powder-case-with-big-inner-pan-and-mirror-1.jpg","type":"image\/jpeg"}],"twitter_card":"summary_large_image","twitter_misc":{"Gesch\u00e4tzte Lesezeit":"2\u00a0Minuten"},"schema":{"@context":"https:\/\/schema.org","@graph":[{"@type":"WebPage","@id":"https:\/\/www.alovey.com\/product\/luxury-square-compact-powder-case-with-big-inner-pan-and-mirror\/","url":"https:\/\/www.alovey.com\/product\/luxury-square-compact-powder-case-with-big-inner-pan-and-mirror\/","name":"Luxuri\u00f6se quadratische Puderdose mit gro\u00dfer Innenschale und Spiegel","isPartOf":{"@id":"https:\/\/www.alovey.com\/#website"},"primaryImageOfPage":{"@id":"https:\/\/www.alovey.com\/product\/luxury-square-compact-powder-case-with-big-inner-pan-and-mirror\/#primaryimage"},"image":{"@id":"https:\/\/www.alovey.com\/product\/luxury-square-compact-powder-case-with-big-inner-pan-and-mirror\/#primaryimage"},"thumbnailUrl":"https:\/\/www.alovey.com\/wp-content\/uploads\/2024\/11\/Luxury-square-compact-powder-case-with-big-inner-pan-and-mirror-1.jpg","datePublished":"2024-11-15T08:49:19+00:00","dateModified":"2024-11-16T02:20:00+00:00","description":"Luxury square compact powder case with big inner pan and mirror has inner diameter inner 81mm. We offer inner godet for the pressed powder case.","breadcrumb":{"@id":"https:\/\/www.alovey.com\/product\/luxury-square-compact-powder-case-with-big-inner-pan-and-mirror\/#breadcrumb"},"inLanguage":"de","potentialAction":[{"@type":"ReadAction","target":["https:\/\/www.alovey.com\/product\/luxury-square-compact-powder-case-with-big-inner-pan-and-mirror\/"]}]},{"@type":"ImageObject","inLanguage":"de","@id":"https:\/\/www.alovey.com\/product\/luxury-square-compact-powder-case-with-big-inner-pan-and-mirror\/#primaryimage","url":"https:\/\/www.alovey.com\/wp-content\/uploads\/2024\/11\/Luxury-square-compact-powder-case-with-big-inner-pan-and-mirror-1.jpg","contentUrl":"https:\/\/www.alovey.com\/wp-content\/uploads\/2024\/11\/Luxury-square-compact-powder-case-with-big-inner-pan-and-mirror-1.jpg","width":750,"height":750,"caption":"Luxury square compact powder case with big inner pan and mirror"},{"@type":"BreadcrumbList","@id":"https:\/\/www.alovey.com\/product\/luxury-square-compact-powder-case-with-big-inner-pan-and-mirror\/#breadcrumb","itemListElement":[{"@type":"ListItem","position":1,"name":"\u9996\u9875","item":"https:\/\/www.alovey.com\/"},{"@type":"ListItem","position":2,"name":"Products","item":"https:\/\/www.alovey.com\/products\/"},{"@type":"ListItem","position":3,"name":"Luxury square compact powder case with big inner pan and mirror"}]},{"@type":"WebSite","@id":"https:\/\/www.alovey.com\/#website","url":"https:\/\/www.alovey.com\/","name":"Best Cosmetic Packaging Manufacture","description":"Alovey Cosmetic Packaging Co.,Ltd","publisher":{"@id":"https:\/\/www.alovey.com\/#organization"},"potentialAction":[{"@type":"SearchAction","target":{"@type":"EntryPoint","urlTemplate":"https:\/\/www.alovey.com\/?s={search_term_string}"},"query-input":{"@type":"PropertyValueSpecification","valueRequired":true,"valueName":"search_term_string"}}],"inLanguage":"de"},{"@type":"Organization","@id":"https:\/\/www.alovey.com\/#organization","name":"Best Cosmetic Packaging Manufacture","url":"https:\/\/www.alovey.com\/","logo":{"@type":"ImageObject","inLanguage":"de","@id":"https:\/\/www.alovey.com\/#\/schema\/logo\/image\/","url":"https:\/\/www.alovey.com\/wp-content\/uploads\/2023\/03\/logo.png","contentUrl":"https:\/\/www.alovey.com\/wp-content\/uploads\/2023\/03\/logo.png","width":505,"height":180,"caption":"Best  Cosmetic Packaging Manufacture"},"image":{"@id":"https:\/\/www.alovey.com\/#\/schema\/logo\/image\/"}}]}},"_links":{"self":[{"href":"https:\/\/www.alovey.com\/de\/wp-json\/wp\/v2\/product\/7380"}],"collection":[{"href":"https:\/\/www.alovey.com\/de\/wp-json\/wp\/v2\/product"}],"about":[{"href":"https:\/\/www.alovey.com\/de\/wp-json\/wp\/v2\/types\/product"}],"wp:featuredmedia":[{"embeddable":true,"href":"https:\/\/www.alovey.com\/de\/wp-json\/wp\/v2\/media\/7382"}],"wp:attachment":[{"href":"https:\/\/www.alovey.com\/de\/wp-json\/wp\/v2\/media?parent=7380"}],"wp:term":[{"taxonomy":"product_brand","embeddable":true,"href":"https:\/\/www.alovey.com\/de\/wp-json\/wp\/v2\/product_brand?post=7380"},{"taxonomy":"product_cat","embeddable":true,"href":"https:\/\/www.alovey.com\/de\/wp-json\/wp\/v2\/product_cat?post=7380"},{"taxonomy":"product_tag","embeddable":true,"href":"https:\/\/www.alovey.com\/de\/wp-json\/wp\/v2\/product_tag?post=7380"}],"curies":[{"name":"wp","href":"https:\/\/api.w.org\/{rel}","templated":true}]}}