{"id":7105,"date":"2024-11-05T03:23:48","date_gmt":"2024-11-05T03:23:48","guid":{"rendered":"https:\/\/alovey.com\/?post_type=product&#038;p=7105"},"modified":"2024-11-16T03:46:12","modified_gmt":"2024-11-16T03:46:12","slug":"best-round-silver-lip-stick-tube-with-private-label-printed","status":"publish","type":"product","link":"https:\/\/www.alovey.com\/de\/produkt\/best-round-silver-lip-stick-tube-with-private-label-printed\/","title":{"rendered":"Best Round Silver Lip Stick Tube With Private Label Printed"},"content":{"rendered":"<p><strong>Alovey round silver\u00a0lip stick\u00a0tube looks more luxury and popular with the markets.It is available in white, black, clear, pink, and purple\u00a0etc .As the professional lip stick tube\u00a0manufacturer\u00a0in china, we\u00a0support any private label printed.<\/strong><\/p>\n<p><strong>Alovey, ein professioneller chinesischer Hersteller von Kosmetikverpackungen, produziert eine exquisite Auswahl an kundenspezifischen Kosmetikverpackungen, die sorgf\u00e4ltig hergestellt werden, um Ihre Marke aufzuwerten. Unsere vielf\u00e4ltige Auswahl an Premium-Materialien, kombiniert mit feinen Oberfl\u00e4chenveredelungstechniken wie Siebdruck, Hei\u00dfpr\u00e4gung und mattem Spr\u00fchen, macht jede Verpackung zu einem einzigartigen Meisterwerk.<\/strong><\/p>\n<p><img fetchpriority=\"high\" decoding=\"async\" class=\"size-full wp-image-7112\" src=\"https:\/\/alovey.com\/wp-content\/uploads\/2024\/11\/Round-Silver-Lip-Stick-Tube-With-Private-Label-Printed-LS-P0065B-8.jpg\" alt=\"Round Silver Lip Stick Tube With Private Label Printed LS-P0065B\" width=\"750\" height=\"750\" srcset=\"https:\/\/www.alovey.com\/wp-content\/uploads\/2024\/11\/Round-Silver-Lip-Stick-Tube-With-Private-Label-Printed-LS-P0065B-8.jpg 750w, https:\/\/www.alovey.com\/wp-content\/uploads\/2024\/11\/Round-Silver-Lip-Stick-Tube-With-Private-Label-Printed-LS-P0065B-8-300x300.jpg 300w, https:\/\/www.alovey.com\/wp-content\/uploads\/2024\/11\/Round-Silver-Lip-Stick-Tube-With-Private-Label-Printed-LS-P0065B-8-150x150.jpg 150w, https:\/\/www.alovey.com\/wp-content\/uploads\/2024\/11\/Round-Silver-Lip-Stick-Tube-With-Private-Label-Printed-LS-P0065B-8-600x600.jpg 600w, https:\/\/www.alovey.com\/wp-content\/uploads\/2024\/11\/Round-Silver-Lip-Stick-Tube-With-Private-Label-Printed-LS-P0065B-8-100x100.jpg 100w\" sizes=\"(max-width: 750px) 100vw, 750px\" \/><\/p>\n<p><img decoding=\"async\" class=\"size-full wp-image-7111\" src=\"https:\/\/alovey.com\/wp-content\/uploads\/2024\/11\/Round-Silver-Lip-Stick-Tube-With-Private-Label-Printed-LS-P0065B-7.jpg\" alt=\"Round Silver Lip Stick Tube With Private Label Printed LS-P0065B\" width=\"750\" height=\"750\" srcset=\"https:\/\/www.alovey.com\/wp-content\/uploads\/2024\/11\/Round-Silver-Lip-Stick-Tube-With-Private-Label-Printed-LS-P0065B-7.jpg 750w, https:\/\/www.alovey.com\/wp-content\/uploads\/2024\/11\/Round-Silver-Lip-Stick-Tube-With-Private-Label-Printed-LS-P0065B-7-300x300.jpg 300w, https:\/\/www.alovey.com\/wp-content\/uploads\/2024\/11\/Round-Silver-Lip-Stick-Tube-With-Private-Label-Printed-LS-P0065B-7-150x150.jpg 150w, https:\/\/www.alovey.com\/wp-content\/uploads\/2024\/11\/Round-Silver-Lip-Stick-Tube-With-Private-Label-Printed-LS-P0065B-7-600x600.jpg 600w, https:\/\/www.alovey.com\/wp-content\/uploads\/2024\/11\/Round-Silver-Lip-Stick-Tube-With-Private-Label-Printed-LS-P0065B-7-100x100.jpg 100w\" sizes=\"(max-width: 750px) 100vw, 750px\" \/><\/p>\n<p><img decoding=\"async\" class=\"size-full wp-image-7110\" src=\"https:\/\/alovey.com\/wp-content\/uploads\/2024\/11\/Round-Silver-Lip-Stick-Tube-With-Private-Label-Printed-LS-P0065B-6.jpg\" alt=\"Round Silver Lip Stick Tube With Private Label Printed LS-P0065B\" width=\"750\" height=\"750\" srcset=\"https:\/\/www.alovey.com\/wp-content\/uploads\/2024\/11\/Round-Silver-Lip-Stick-Tube-With-Private-Label-Printed-LS-P0065B-6.jpg 750w, https:\/\/www.alovey.com\/wp-content\/uploads\/2024\/11\/Round-Silver-Lip-Stick-Tube-With-Private-Label-Printed-LS-P0065B-6-300x300.jpg 300w, https:\/\/www.alovey.com\/wp-content\/uploads\/2024\/11\/Round-Silver-Lip-Stick-Tube-With-Private-Label-Printed-LS-P0065B-6-150x150.jpg 150w, https:\/\/www.alovey.com\/wp-content\/uploads\/2024\/11\/Round-Silver-Lip-Stick-Tube-With-Private-Label-Printed-LS-P0065B-6-600x600.jpg 600w, https:\/\/www.alovey.com\/wp-content\/uploads\/2024\/11\/Round-Silver-Lip-Stick-Tube-With-Private-Label-Printed-LS-P0065B-6-100x100.jpg 100w\" sizes=\"(max-width: 750px) 100vw, 750px\" \/><\/p>\n<p><img loading=\"lazy\" decoding=\"async\" class=\"size-full wp-image-7109\" src=\"https:\/\/alovey.com\/wp-content\/uploads\/2024\/11\/Round-Silver-Lip-Stick-Tube-With-Private-Label-Printed-LS-P0065B-5.jpg\" alt=\"Round Silver Lip Stick Tube With Private Label Printed LS-P0065B\" width=\"750\" height=\"750\" srcset=\"https:\/\/www.alovey.com\/wp-content\/uploads\/2024\/11\/Round-Silver-Lip-Stick-Tube-With-Private-Label-Printed-LS-P0065B-5.jpg 750w, https:\/\/www.alovey.com\/wp-content\/uploads\/2024\/11\/Round-Silver-Lip-Stick-Tube-With-Private-Label-Printed-LS-P0065B-5-300x300.jpg 300w, https:\/\/www.alovey.com\/wp-content\/uploads\/2024\/11\/Round-Silver-Lip-Stick-Tube-With-Private-Label-Printed-LS-P0065B-5-150x150.jpg 150w, https:\/\/www.alovey.com\/wp-content\/uploads\/2024\/11\/Round-Silver-Lip-Stick-Tube-With-Private-Label-Printed-LS-P0065B-5-600x600.jpg 600w, https:\/\/www.alovey.com\/wp-content\/uploads\/2024\/11\/Round-Silver-Lip-Stick-Tube-With-Private-Label-Printed-LS-P0065B-5-100x100.jpg 100w\" sizes=\"(max-width: 750px) 100vw, 750px\" \/><\/p>\n<p><img loading=\"lazy\" decoding=\"async\" class=\"size-full wp-image-7108\" src=\"https:\/\/alovey.com\/wp-content\/uploads\/2024\/11\/Round-Silver-Lip-Stick-Tube-With-Private-Label-Printed-LS-P0065B-4.jpg\" alt=\"Round Silver Lip Stick Tube With Private Label Printed LS-P0065B\" width=\"750\" height=\"750\" srcset=\"https:\/\/www.alovey.com\/wp-content\/uploads\/2024\/11\/Round-Silver-Lip-Stick-Tube-With-Private-Label-Printed-LS-P0065B-4.jpg 750w, https:\/\/www.alovey.com\/wp-content\/uploads\/2024\/11\/Round-Silver-Lip-Stick-Tube-With-Private-Label-Printed-LS-P0065B-4-300x300.jpg 300w, https:\/\/www.alovey.com\/wp-content\/uploads\/2024\/11\/Round-Silver-Lip-Stick-Tube-With-Private-Label-Printed-LS-P0065B-4-150x150.jpg 150w, https:\/\/www.alovey.com\/wp-content\/uploads\/2024\/11\/Round-Silver-Lip-Stick-Tube-With-Private-Label-Printed-LS-P0065B-4-600x600.jpg 600w, https:\/\/www.alovey.com\/wp-content\/uploads\/2024\/11\/Round-Silver-Lip-Stick-Tube-With-Private-Label-Printed-LS-P0065B-4-100x100.jpg 100w\" sizes=\"(max-width: 750px) 100vw, 750px\" \/><\/p>\n<p><img loading=\"lazy\" decoding=\"async\" class=\"size-full wp-image-7107\" src=\"https:\/\/alovey.com\/wp-content\/uploads\/2024\/11\/Round-Silver-Lip-Stick-Tube-With-Private-Label-Printed-LS-P0065B-1.jpg\" alt=\"Round Silver Lip Stick Tube With Private Label Printed LS-P0065B\" width=\"750\" height=\"750\" srcset=\"https:\/\/www.alovey.com\/wp-content\/uploads\/2024\/11\/Round-Silver-Lip-Stick-Tube-With-Private-Label-Printed-LS-P0065B-1.jpg 750w, https:\/\/www.alovey.com\/wp-content\/uploads\/2024\/11\/Round-Silver-Lip-Stick-Tube-With-Private-Label-Printed-LS-P0065B-1-300x300.jpg 300w, https:\/\/www.alovey.com\/wp-content\/uploads\/2024\/11\/Round-Silver-Lip-Stick-Tube-With-Private-Label-Printed-LS-P0065B-1-150x150.jpg 150w, https:\/\/www.alovey.com\/wp-content\/uploads\/2024\/11\/Round-Silver-Lip-Stick-Tube-With-Private-Label-Printed-LS-P0065B-1-600x600.jpg 600w, https:\/\/www.alovey.com\/wp-content\/uploads\/2024\/11\/Round-Silver-Lip-Stick-Tube-With-Private-Label-Printed-LS-P0065B-1-100x100.jpg 100w\" sizes=\"(max-width: 750px) 100vw, 750px\" \/><\/p>\n<p>&nbsp;<\/p>\n<p>&nbsp;<\/p>\n<p>&nbsp;<\/p>\n<p>&nbsp;<\/p>\n<p>&nbsp;<\/p>\n<p>&nbsp;<\/p>\n<p>&nbsp;<\/p>\n<p>&nbsp;<\/p>\n<p>&nbsp;<\/p>\n<p>&nbsp;<\/p>\n<p>&nbsp;<\/p>\n<p>&nbsp;<\/p>\n<p>&nbsp;<\/p>\n<p>&nbsp;<\/p>\n<p>&nbsp;<\/p>\n<p>&nbsp;<\/p>\n<p>&nbsp;<\/p>\n<p>&nbsp;<\/p>\n<p>&nbsp;<\/p>\n<p>&nbsp;<\/p>\n<p>&nbsp;<\/p>\n<p>&nbsp;<\/p>\n<p>&nbsp;<\/p>\n<p>&nbsp;<\/p>\n<p>&nbsp;<\/p>\n<p>&nbsp;<\/p>\n<p>&nbsp;<\/p>\n<p>&nbsp;<\/p>\n<p>&nbsp;<\/p>\n<p>&nbsp;<\/p>\n<p>&nbsp;<\/p>\n<p>&nbsp;<\/p>\n<p>&nbsp;<\/p>\n<p>&nbsp;<\/p>\n<p>&nbsp;<\/p>\n<p>&nbsp;<\/p>\n<p>&nbsp;<\/p>\n<p>&nbsp;<\/p>\n<p>&nbsp;<\/p>\n<p>&nbsp;<\/p>\n<p>&nbsp;<\/p>\n<p>&nbsp;<\/p>\n<p>&nbsp;<\/p>\n<p>&nbsp;<\/p>\n<p>&nbsp;<\/p>\n<p>&nbsp;<\/p>\n<p>&nbsp;<\/p>\n<p>&nbsp;<\/p>\n<p>&nbsp;<\/p>\n<p>&nbsp;<\/p>\n<p>&nbsp;<\/p>\n<p>&nbsp;<\/p>\n<p>&nbsp;<\/p>\n<p>&nbsp;<\/p>\n<p>&nbsp;<\/p>\n<p>&nbsp;<\/p>\n<p>&nbsp;<\/p>\n<p>&nbsp;<\/p>\n<p>&nbsp;<\/p>\n<p>&nbsp;<\/p>\n<p>&nbsp;<\/p>\n<p>&nbsp;<\/p>\n<p>&nbsp;<\/p>\n<p>&nbsp;<\/p>\n<p>&nbsp;<\/p>\n<p>&nbsp;<\/p>\n<p>&nbsp;<\/p>\n<p>&nbsp;<\/p>\n<p>&nbsp;<\/p>\n<p>&nbsp;<\/p>\n<p>&nbsp;<\/p>\n<p>&nbsp;<\/p>\n<p>&nbsp;<\/p>\n<p>&nbsp;<\/p>\n<p>&nbsp;<\/p>\n<p>&nbsp;<\/p>\n<p>&nbsp;<\/p>\n<p>&nbsp;<\/p>\n<p>&nbsp;<\/p>\n<p>&nbsp;<\/p>\n<p>&nbsp;<\/p>\n<p>&nbsp;<\/p>\n<p>&nbsp;<\/p>\n<p>&nbsp;<\/p>\n<p>&nbsp;<\/p>\n<p>&nbsp;<\/p>\n<p>&nbsp;<\/p>\n<p>&nbsp;<\/p>\n<p>&nbsp;<\/p>\n<p>&nbsp;<\/p>\n<p>&nbsp;<\/p>\n<p>&nbsp;<\/p>\n<p>&nbsp;<\/p>\n<p>&nbsp;<\/p>","protected":false},"excerpt":{"rendered":"<ul>\n<li>Item No: LS-P0065B<\/li>\n<li>Material:  Kunststoff<\/li>\n<li>Size:D17*H84mm<\/li>\n<li>Anwendungen: Sch\u00f6nheitsprodukte<\/li>\n<li>MOQ: 10.000 St\u00fcck<\/li>\n<li>Farbe: Benutzerdefinierte Farbe<\/li>\n<li>Oberfl\u00e4chen-Behandlung: Einspritzung\/Mattierung\/Metallisierung\/UV-Beschichtung<\/li>\n<li>Markenname: OEM\/ODM<\/li>\n<li>Logo: Logo des Kunden<\/li>\n<li>Lieferf\u00e4higkeit: 100.000 St\u00fcck pro Monat<\/li>\n<\/ul>","protected":false},"featured_media":7110,"template":"","meta":{"_acf_changed":false},"product_brand":[],"product_cat":[373],"product_tag":[389],"class_list":{"0":"post-7105","1":"product","2":"type-product","3":"status-publish","4":"has-post-thumbnail","6":"product_cat-professional-lipstick-tube-supplier","7":"product_tag-lip-stick-tube","9":"first","10":"instock","11":"shipping-taxable","12":"product-type-simple"},"acf":[],"yoast_head":"<!-- This site is optimized with the Yoast SEO plugin v24.1 - https:\/\/yoast.com\/wordpress\/plugins\/seo\/ -->\n<title>Best round silver lipstick tube with private label printed<\/title>\n<meta name=\"description\" content=\"This best round silver lip stick tube with private label printed looks luxury. and popular with the markets.Welcome customized it\" \/>\n<meta name=\"robots\" content=\"index, follow, max-snippet:-1, max-image-preview:large, max-video-preview:-1\" \/>\n<link rel=\"canonical\" href=\"https:\/\/www.alovey.com\/de\/produkt\/best-round-silver-lip-stick-tube-with-private-label-printed\/\" \/>\n<meta property=\"og:locale\" content=\"de_DE\" \/>\n<meta property=\"og:type\" content=\"article\" \/>\n<meta property=\"og:title\" content=\"Best round silver lipstick tube with private label printed\" \/>\n<meta property=\"og:description\" content=\"This best round silver lip stick tube with private label printed looks luxury. and popular with the markets.Welcome customized it\" \/>\n<meta property=\"og:url\" content=\"https:\/\/www.alovey.com\/de\/produkt\/best-round-silver-lip-stick-tube-with-private-label-printed\/\" \/>\n<meta property=\"og:site_name\" content=\"Best Cosmetic Packaging Manufacture\" \/>\n<meta property=\"article:modified_time\" content=\"2024-11-16T03:46:12+00:00\" \/>\n<meta property=\"og:image\" content=\"https:\/\/www.alovey.com\/wp-content\/uploads\/2024\/11\/Round-Silver-Lip-Stick-Tube-With-Private-Label-Printed-LS-P0065B-6.jpg\" \/>\n\t<meta property=\"og:image:width\" content=\"750\" \/>\n\t<meta property=\"og:image:height\" content=\"750\" \/>\n\t<meta property=\"og:image:type\" content=\"image\/jpeg\" \/>\n<meta name=\"twitter:card\" content=\"summary_large_image\" \/>\n<meta name=\"twitter:label1\" content=\"Gesch\u00e4tzte Lesezeit\" \/>\n\t<meta name=\"twitter:data1\" content=\"2\u00a0Minuten\" \/>\n<script type=\"application\/ld+json\" class=\"yoast-schema-graph\">{\"@context\":\"https:\/\/schema.org\",\"@graph\":[{\"@type\":\"WebPage\",\"@id\":\"https:\/\/www.alovey.com\/product\/best-round-silver-lip-stick-tube-with-private-label-printed\/\",\"url\":\"https:\/\/www.alovey.com\/product\/best-round-silver-lip-stick-tube-with-private-label-printed\/\",\"name\":\"Best round silver lipstick tube with private label printed\",\"isPartOf\":{\"@id\":\"https:\/\/www.alovey.com\/#website\"},\"primaryImageOfPage\":{\"@id\":\"https:\/\/www.alovey.com\/product\/best-round-silver-lip-stick-tube-with-private-label-printed\/#primaryimage\"},\"image\":{\"@id\":\"https:\/\/www.alovey.com\/product\/best-round-silver-lip-stick-tube-with-private-label-printed\/#primaryimage\"},\"thumbnailUrl\":\"https:\/\/www.alovey.com\/wp-content\/uploads\/2024\/11\/Round-Silver-Lip-Stick-Tube-With-Private-Label-Printed-LS-P0065B-6.jpg\",\"datePublished\":\"2024-11-05T03:23:48+00:00\",\"dateModified\":\"2024-11-16T03:46:12+00:00\",\"description\":\"This best round silver lip stick tube with private label printed looks luxury. and popular with the markets.Welcome customized it\",\"breadcrumb\":{\"@id\":\"https:\/\/www.alovey.com\/product\/best-round-silver-lip-stick-tube-with-private-label-printed\/#breadcrumb\"},\"inLanguage\":\"de\",\"potentialAction\":[{\"@type\":\"ReadAction\",\"target\":[\"https:\/\/www.alovey.com\/product\/best-round-silver-lip-stick-tube-with-private-label-printed\/\"]}]},{\"@type\":\"ImageObject\",\"inLanguage\":\"de\",\"@id\":\"https:\/\/www.alovey.com\/product\/best-round-silver-lip-stick-tube-with-private-label-printed\/#primaryimage\",\"url\":\"https:\/\/www.alovey.com\/wp-content\/uploads\/2024\/11\/Round-Silver-Lip-Stick-Tube-With-Private-Label-Printed-LS-P0065B-6.jpg\",\"contentUrl\":\"https:\/\/www.alovey.com\/wp-content\/uploads\/2024\/11\/Round-Silver-Lip-Stick-Tube-With-Private-Label-Printed-LS-P0065B-6.jpg\",\"width\":750,\"height\":750,\"caption\":\"Round Silver Lip Stick Tube With Private Label Printed LS-P0065B\"},{\"@type\":\"BreadcrumbList\",\"@id\":\"https:\/\/www.alovey.com\/product\/best-round-silver-lip-stick-tube-with-private-label-printed\/#breadcrumb\",\"itemListElement\":[{\"@type\":\"ListItem\",\"position\":1,\"name\":\"\u9996\u9875\",\"item\":\"https:\/\/www.alovey.com\/\"},{\"@type\":\"ListItem\",\"position\":2,\"name\":\"Products\",\"item\":\"https:\/\/www.alovey.com\/products\/\"},{\"@type\":\"ListItem\",\"position\":3,\"name\":\"Best Round Silver Lip Stick Tube With Private Label Printed\"}]},{\"@type\":\"WebSite\",\"@id\":\"https:\/\/www.alovey.com\/#website\",\"url\":\"https:\/\/www.alovey.com\/\",\"name\":\"Best Cosmetic Packaging Manufacture\",\"description\":\"Alovey Cosmetic Packaging Co.,Ltd\",\"publisher\":{\"@id\":\"https:\/\/www.alovey.com\/#organization\"},\"potentialAction\":[{\"@type\":\"SearchAction\",\"target\":{\"@type\":\"EntryPoint\",\"urlTemplate\":\"https:\/\/www.alovey.com\/?s={search_term_string}\"},\"query-input\":{\"@type\":\"PropertyValueSpecification\",\"valueRequired\":true,\"valueName\":\"search_term_string\"}}],\"inLanguage\":\"de\"},{\"@type\":\"Organization\",\"@id\":\"https:\/\/www.alovey.com\/#organization\",\"name\":\"Best Cosmetic Packaging Manufacture\",\"url\":\"https:\/\/www.alovey.com\/\",\"logo\":{\"@type\":\"ImageObject\",\"inLanguage\":\"de\",\"@id\":\"https:\/\/www.alovey.com\/#\/schema\/logo\/image\/\",\"url\":\"https:\/\/www.alovey.com\/wp-content\/uploads\/2023\/03\/logo.png\",\"contentUrl\":\"https:\/\/www.alovey.com\/wp-content\/uploads\/2023\/03\/logo.png\",\"width\":505,\"height\":180,\"caption\":\"Best  Cosmetic Packaging Manufacture\"},\"image\":{\"@id\":\"https:\/\/www.alovey.com\/#\/schema\/logo\/image\/\"}}]}<\/script>\n<!-- \/ Yoast SEO plugin. -->","yoast_head_json":{"title":"Best round silver lipstick tube with private label printed","description":"This best round silver lip stick tube with private label printed looks luxury. and popular with the markets.Welcome customized it","robots":{"index":"index","follow":"follow","max-snippet":"max-snippet:-1","max-image-preview":"max-image-preview:large","max-video-preview":"max-video-preview:-1"},"canonical":"https:\/\/www.alovey.com\/de\/produkt\/best-round-silver-lip-stick-tube-with-private-label-printed\/","og_locale":"de_DE","og_type":"article","og_title":"Best round silver lipstick tube with private label printed","og_description":"This best round silver lip stick tube with private label printed looks luxury. and popular with the markets.Welcome customized it","og_url":"https:\/\/www.alovey.com\/de\/produkt\/best-round-silver-lip-stick-tube-with-private-label-printed\/","og_site_name":"Best Cosmetic Packaging Manufacture","article_modified_time":"2024-11-16T03:46:12+00:00","og_image":[{"width":750,"height":750,"url":"https:\/\/www.alovey.com\/wp-content\/uploads\/2024\/11\/Round-Silver-Lip-Stick-Tube-With-Private-Label-Printed-LS-P0065B-6.jpg","type":"image\/jpeg"}],"twitter_card":"summary_large_image","twitter_misc":{"Gesch\u00e4tzte Lesezeit":"2\u00a0Minuten"},"schema":{"@context":"https:\/\/schema.org","@graph":[{"@type":"WebPage","@id":"https:\/\/www.alovey.com\/product\/best-round-silver-lip-stick-tube-with-private-label-printed\/","url":"https:\/\/www.alovey.com\/product\/best-round-silver-lip-stick-tube-with-private-label-printed\/","name":"Best round silver lipstick tube with private label printed","isPartOf":{"@id":"https:\/\/www.alovey.com\/#website"},"primaryImageOfPage":{"@id":"https:\/\/www.alovey.com\/product\/best-round-silver-lip-stick-tube-with-private-label-printed\/#primaryimage"},"image":{"@id":"https:\/\/www.alovey.com\/product\/best-round-silver-lip-stick-tube-with-private-label-printed\/#primaryimage"},"thumbnailUrl":"https:\/\/www.alovey.com\/wp-content\/uploads\/2024\/11\/Round-Silver-Lip-Stick-Tube-With-Private-Label-Printed-LS-P0065B-6.jpg","datePublished":"2024-11-05T03:23:48+00:00","dateModified":"2024-11-16T03:46:12+00:00","description":"This best round silver lip stick tube with private label printed looks luxury. and popular with the markets.Welcome customized it","breadcrumb":{"@id":"https:\/\/www.alovey.com\/product\/best-round-silver-lip-stick-tube-with-private-label-printed\/#breadcrumb"},"inLanguage":"de","potentialAction":[{"@type":"ReadAction","target":["https:\/\/www.alovey.com\/product\/best-round-silver-lip-stick-tube-with-private-label-printed\/"]}]},{"@type":"ImageObject","inLanguage":"de","@id":"https:\/\/www.alovey.com\/product\/best-round-silver-lip-stick-tube-with-private-label-printed\/#primaryimage","url":"https:\/\/www.alovey.com\/wp-content\/uploads\/2024\/11\/Round-Silver-Lip-Stick-Tube-With-Private-Label-Printed-LS-P0065B-6.jpg","contentUrl":"https:\/\/www.alovey.com\/wp-content\/uploads\/2024\/11\/Round-Silver-Lip-Stick-Tube-With-Private-Label-Printed-LS-P0065B-6.jpg","width":750,"height":750,"caption":"Round Silver Lip Stick Tube With Private Label Printed LS-P0065B"},{"@type":"BreadcrumbList","@id":"https:\/\/www.alovey.com\/product\/best-round-silver-lip-stick-tube-with-private-label-printed\/#breadcrumb","itemListElement":[{"@type":"ListItem","position":1,"name":"\u9996\u9875","item":"https:\/\/www.alovey.com\/"},{"@type":"ListItem","position":2,"name":"Products","item":"https:\/\/www.alovey.com\/products\/"},{"@type":"ListItem","position":3,"name":"Best Round Silver Lip Stick Tube With Private Label Printed"}]},{"@type":"WebSite","@id":"https:\/\/www.alovey.com\/#website","url":"https:\/\/www.alovey.com\/","name":"Best Cosmetic Packaging Manufacture","description":"Alovey Cosmetic Packaging Co.,Ltd","publisher":{"@id":"https:\/\/www.alovey.com\/#organization"},"potentialAction":[{"@type":"SearchAction","target":{"@type":"EntryPoint","urlTemplate":"https:\/\/www.alovey.com\/?s={search_term_string}"},"query-input":{"@type":"PropertyValueSpecification","valueRequired":true,"valueName":"search_term_string"}}],"inLanguage":"de"},{"@type":"Organization","@id":"https:\/\/www.alovey.com\/#organization","name":"Best Cosmetic Packaging Manufacture","url":"https:\/\/www.alovey.com\/","logo":{"@type":"ImageObject","inLanguage":"de","@id":"https:\/\/www.alovey.com\/#\/schema\/logo\/image\/","url":"https:\/\/www.alovey.com\/wp-content\/uploads\/2023\/03\/logo.png","contentUrl":"https:\/\/www.alovey.com\/wp-content\/uploads\/2023\/03\/logo.png","width":505,"height":180,"caption":"Best  Cosmetic Packaging Manufacture"},"image":{"@id":"https:\/\/www.alovey.com\/#\/schema\/logo\/image\/"}}]}},"_links":{"self":[{"href":"https:\/\/www.alovey.com\/de\/wp-json\/wp\/v2\/product\/7105"}],"collection":[{"href":"https:\/\/www.alovey.com\/de\/wp-json\/wp\/v2\/product"}],"about":[{"href":"https:\/\/www.alovey.com\/de\/wp-json\/wp\/v2\/types\/product"}],"wp:featuredmedia":[{"embeddable":true,"href":"https:\/\/www.alovey.com\/de\/wp-json\/wp\/v2\/media\/7110"}],"wp:attachment":[{"href":"https:\/\/www.alovey.com\/de\/wp-json\/wp\/v2\/media?parent=7105"}],"wp:term":[{"taxonomy":"product_brand","embeddable":true,"href":"https:\/\/www.alovey.com\/de\/wp-json\/wp\/v2\/product_brand?post=7105"},{"taxonomy":"product_cat","embeddable":true,"href":"https:\/\/www.alovey.com\/de\/wp-json\/wp\/v2\/product_cat?post=7105"},{"taxonomy":"product_tag","embeddable":true,"href":"https:\/\/www.alovey.com\/de\/wp-json\/wp\/v2\/product_tag?post=7105"}],"curies":[{"name":"wp","href":"https:\/\/api.w.org\/{rel}","templated":true}]}}