{"id":12743,"date":"2026-03-20T06:05:31","date_gmt":"2026-03-20T06:05:31","guid":{"rendered":"https:\/\/www.alovey.com\/?post_type=product&#038;p=12743"},"modified":"2026-03-20T06:13:09","modified_gmt":"2026-03-20T06:13:09","slug":"custom-lip-mud-tube-with-metallic-gold-and-double-layer-6ml","status":"publish","type":"product","link":"https:\/\/www.alovey.com\/de\/produkt\/custom-lip-mud-tube-with-metallic-gold-and-double-layer-6ml\/","title":{"rendered":"Custom  Lip Mud Tube With Metallic Gold and Double Layer 6ml"},"content":{"rendered":"<p><strong>This\u00a0lip mud tube with metallized gold and double wall combines luxury design with practicality, perfect for personal use or cosmetic brand packaging. The double-layer construction\u00a0adds a premium feel while protecting the product inside.<\/strong><\/p>\n<p><strong>The container can be customized with any color and logo, allowing brands to create unique packaging that fits their identity. Its size and design make it easy to fill with different lip gloss colors, enabling you to refine your lip color to match various outfits and styles.<\/strong><\/p>\n<h3><strong>Product Features<\/strong><\/h3>\n<p><strong>Capacity: 6ml<\/strong><\/p>\n<p><strong>Square luxury design with gold double-layer finish<\/strong><\/p>\n<p><strong>Customizable color and logo\u00a0for private label<\/strong><\/p>\n<p><strong>Suitable for lip gloss, lip oil, lip mud, lip glaze<\/strong><\/p>\n<p><strong>Easy to fill and refill multiple colors<\/strong><\/p>\n<p><strong>Elegant and portable for daily use or travel<\/strong><\/p>\n<p><strong>Perfect for personalized cosmetic branding or DIY samples<\/strong><\/p>\n<p><strong>Alovey, ein professioneller chinesischer Hersteller von Kosmetikverpackungen, produziert eine exquisite Auswahl an kundenspezifischen Kosmetikverpackungen, die sorgf\u00e4ltig hergestellt werden, um Ihre Marke aufzuwerten. Unsere vielf\u00e4ltige Auswahl an Premium-Materialien, kombiniert mit feinen Oberfl\u00e4chenveredelungstechniken wie Siebdruck, Hei\u00dfpr\u00e4gung und mattem Spr\u00fchen, macht jede Verpackung zu einem einzigartigen Meisterwerk.<\/strong><\/p>\n<figure id=\"attachment_12749\" aria-describedby=\"caption-attachment-12749\" style=\"width: 750px\" class=\"wp-caption alignnone\"><img fetchpriority=\"high\" decoding=\"async\" class=\"size-full wp-image-12749\" src=\"https:\/\/www.alovey.com\/wp-content\/uploads\/2026\/03\/Custom-Lip-Mud-Tube-With-Metallic-Gold-and-Double-Layer-6ml-5.jpg\" alt=\"Lip mud tube\" width=\"750\" height=\"750\" srcset=\"https:\/\/www.alovey.com\/wp-content\/uploads\/2026\/03\/Custom-Lip-Mud-Tube-With-Metallic-Gold-and-Double-Layer-6ml-5.jpg 750w, https:\/\/www.alovey.com\/wp-content\/uploads\/2026\/03\/Custom-Lip-Mud-Tube-With-Metallic-Gold-and-Double-Layer-6ml-5-300x300.jpg 300w, https:\/\/www.alovey.com\/wp-content\/uploads\/2026\/03\/Custom-Lip-Mud-Tube-With-Metallic-Gold-and-Double-Layer-6ml-5-150x150.jpg 150w, https:\/\/www.alovey.com\/wp-content\/uploads\/2026\/03\/Custom-Lip-Mud-Tube-With-Metallic-Gold-and-Double-Layer-6ml-5-12x12.jpg 12w, https:\/\/www.alovey.com\/wp-content\/uploads\/2026\/03\/Custom-Lip-Mud-Tube-With-Metallic-Gold-and-Double-Layer-6ml-5-600x600.jpg 600w, https:\/\/www.alovey.com\/wp-content\/uploads\/2026\/03\/Custom-Lip-Mud-Tube-With-Metallic-Gold-and-Double-Layer-6ml-5-100x100.jpg 100w\" sizes=\"(max-width: 750px) 100vw, 750px\" \/><figcaption id=\"caption-attachment-12749\" class=\"wp-caption-text\">\u00a0<\/figcaption><\/figure>\n<figure id=\"attachment_12748\" aria-describedby=\"caption-attachment-12748\" style=\"width: 750px\" class=\"wp-caption alignnone\"><img decoding=\"async\" class=\"size-full wp-image-12748\" src=\"https:\/\/www.alovey.com\/wp-content\/uploads\/2026\/03\/Custom-Lip-Mud-Tube-With-Metallic-Gold-and-Double-Layer-6ml-4.jpg\" alt=\"Lip mud tube\" width=\"750\" height=\"750\" srcset=\"https:\/\/www.alovey.com\/wp-content\/uploads\/2026\/03\/Custom-Lip-Mud-Tube-With-Metallic-Gold-and-Double-Layer-6ml-4.jpg 750w, https:\/\/www.alovey.com\/wp-content\/uploads\/2026\/03\/Custom-Lip-Mud-Tube-With-Metallic-Gold-and-Double-Layer-6ml-4-300x300.jpg 300w, https:\/\/www.alovey.com\/wp-content\/uploads\/2026\/03\/Custom-Lip-Mud-Tube-With-Metallic-Gold-and-Double-Layer-6ml-4-150x150.jpg 150w, https:\/\/www.alovey.com\/wp-content\/uploads\/2026\/03\/Custom-Lip-Mud-Tube-With-Metallic-Gold-and-Double-Layer-6ml-4-12x12.jpg 12w, https:\/\/www.alovey.com\/wp-content\/uploads\/2026\/03\/Custom-Lip-Mud-Tube-With-Metallic-Gold-and-Double-Layer-6ml-4-600x600.jpg 600w, https:\/\/www.alovey.com\/wp-content\/uploads\/2026\/03\/Custom-Lip-Mud-Tube-With-Metallic-Gold-and-Double-Layer-6ml-4-100x100.jpg 100w\" sizes=\"(max-width: 750px) 100vw, 750px\" \/><figcaption id=\"caption-attachment-12748\" class=\"wp-caption-text\">\u00a0<\/figcaption><\/figure>\n<figure id=\"attachment_12747\" aria-describedby=\"caption-attachment-12747\" style=\"width: 750px\" class=\"wp-caption alignnone\"><img decoding=\"async\" class=\"size-full wp-image-12747\" src=\"https:\/\/www.alovey.com\/wp-content\/uploads\/2026\/03\/Custom-Lip-Mud-Tube-With-Metallic-Gold-and-Double-Layer-6ml-3.jpg\" alt=\"Lip mud tube\" width=\"750\" height=\"750\" srcset=\"https:\/\/www.alovey.com\/wp-content\/uploads\/2026\/03\/Custom-Lip-Mud-Tube-With-Metallic-Gold-and-Double-Layer-6ml-3.jpg 750w, https:\/\/www.alovey.com\/wp-content\/uploads\/2026\/03\/Custom-Lip-Mud-Tube-With-Metallic-Gold-and-Double-Layer-6ml-3-300x300.jpg 300w, https:\/\/www.alovey.com\/wp-content\/uploads\/2026\/03\/Custom-Lip-Mud-Tube-With-Metallic-Gold-and-Double-Layer-6ml-3-150x150.jpg 150w, https:\/\/www.alovey.com\/wp-content\/uploads\/2026\/03\/Custom-Lip-Mud-Tube-With-Metallic-Gold-and-Double-Layer-6ml-3-12x12.jpg 12w, https:\/\/www.alovey.com\/wp-content\/uploads\/2026\/03\/Custom-Lip-Mud-Tube-With-Metallic-Gold-and-Double-Layer-6ml-3-600x600.jpg 600w, https:\/\/www.alovey.com\/wp-content\/uploads\/2026\/03\/Custom-Lip-Mud-Tube-With-Metallic-Gold-and-Double-Layer-6ml-3-100x100.jpg 100w\" sizes=\"(max-width: 750px) 100vw, 750px\" \/><figcaption id=\"caption-attachment-12747\" class=\"wp-caption-text\">\u00a0<\/figcaption><\/figure>\n<figure id=\"attachment_12746\" aria-describedby=\"caption-attachment-12746\" style=\"width: 750px\" class=\"wp-caption alignnone\"><img loading=\"lazy\" decoding=\"async\" class=\"size-full wp-image-12746\" src=\"https:\/\/www.alovey.com\/wp-content\/uploads\/2026\/03\/Custom-Lip-Mud-Tube-With-Metallic-Gold-and-Double-Layer-6ml-2.jpg\" alt=\"Lip mud tube\" width=\"750\" height=\"750\" srcset=\"https:\/\/www.alovey.com\/wp-content\/uploads\/2026\/03\/Custom-Lip-Mud-Tube-With-Metallic-Gold-and-Double-Layer-6ml-2.jpg 750w, https:\/\/www.alovey.com\/wp-content\/uploads\/2026\/03\/Custom-Lip-Mud-Tube-With-Metallic-Gold-and-Double-Layer-6ml-2-300x300.jpg 300w, https:\/\/www.alovey.com\/wp-content\/uploads\/2026\/03\/Custom-Lip-Mud-Tube-With-Metallic-Gold-and-Double-Layer-6ml-2-150x150.jpg 150w, https:\/\/www.alovey.com\/wp-content\/uploads\/2026\/03\/Custom-Lip-Mud-Tube-With-Metallic-Gold-and-Double-Layer-6ml-2-12x12.jpg 12w, https:\/\/www.alovey.com\/wp-content\/uploads\/2026\/03\/Custom-Lip-Mud-Tube-With-Metallic-Gold-and-Double-Layer-6ml-2-600x600.jpg 600w, https:\/\/www.alovey.com\/wp-content\/uploads\/2026\/03\/Custom-Lip-Mud-Tube-With-Metallic-Gold-and-Double-Layer-6ml-2-100x100.jpg 100w\" sizes=\"(max-width: 750px) 100vw, 750px\" \/><figcaption id=\"caption-attachment-12746\" class=\"wp-caption-text\">\u00a0<\/figcaption><\/figure>\n<figure id=\"attachment_12745\" aria-describedby=\"caption-attachment-12745\" style=\"width: 750px\" class=\"wp-caption alignnone\"><img loading=\"lazy\" decoding=\"async\" class=\"size-full wp-image-12745\" src=\"https:\/\/www.alovey.com\/wp-content\/uploads\/2026\/03\/Custom-Lip-Mud-Tube-With-Metallic-Gold-and-Double-Layer-6ml-1.jpg\" alt=\"Lip mud tube\" width=\"750\" height=\"750\" srcset=\"https:\/\/www.alovey.com\/wp-content\/uploads\/2026\/03\/Custom-Lip-Mud-Tube-With-Metallic-Gold-and-Double-Layer-6ml-1.jpg 750w, https:\/\/www.alovey.com\/wp-content\/uploads\/2026\/03\/Custom-Lip-Mud-Tube-With-Metallic-Gold-and-Double-Layer-6ml-1-300x300.jpg 300w, https:\/\/www.alovey.com\/wp-content\/uploads\/2026\/03\/Custom-Lip-Mud-Tube-With-Metallic-Gold-and-Double-Layer-6ml-1-150x150.jpg 150w, https:\/\/www.alovey.com\/wp-content\/uploads\/2026\/03\/Custom-Lip-Mud-Tube-With-Metallic-Gold-and-Double-Layer-6ml-1-12x12.jpg 12w, https:\/\/www.alovey.com\/wp-content\/uploads\/2026\/03\/Custom-Lip-Mud-Tube-With-Metallic-Gold-and-Double-Layer-6ml-1-600x600.jpg 600w, https:\/\/www.alovey.com\/wp-content\/uploads\/2026\/03\/Custom-Lip-Mud-Tube-With-Metallic-Gold-and-Double-Layer-6ml-1-100x100.jpg 100w\" sizes=\"(max-width: 750px) 100vw, 750px\" \/><figcaption id=\"caption-attachment-12745\" class=\"wp-caption-text\">\u00a0<\/figcaption><\/figure>\n<figure id=\"attachment_12744\" aria-describedby=\"caption-attachment-12744\" style=\"width: 750px\" class=\"wp-caption alignnone\"><img loading=\"lazy\" decoding=\"async\" class=\"size-full wp-image-12744\" src=\"https:\/\/www.alovey.com\/wp-content\/uploads\/2026\/03\/Custom-Lip-Mud-Tube-With-Metallic-Gold-and-Double-Layer-6ml-6.jpg\" alt=\"Lip mud tube\" width=\"750\" height=\"750\" srcset=\"https:\/\/www.alovey.com\/wp-content\/uploads\/2026\/03\/Custom-Lip-Mud-Tube-With-Metallic-Gold-and-Double-Layer-6ml-6.jpg 750w, https:\/\/www.alovey.com\/wp-content\/uploads\/2026\/03\/Custom-Lip-Mud-Tube-With-Metallic-Gold-and-Double-Layer-6ml-6-300x300.jpg 300w, https:\/\/www.alovey.com\/wp-content\/uploads\/2026\/03\/Custom-Lip-Mud-Tube-With-Metallic-Gold-and-Double-Layer-6ml-6-150x150.jpg 150w, https:\/\/www.alovey.com\/wp-content\/uploads\/2026\/03\/Custom-Lip-Mud-Tube-With-Metallic-Gold-and-Double-Layer-6ml-6-12x12.jpg 12w, https:\/\/www.alovey.com\/wp-content\/uploads\/2026\/03\/Custom-Lip-Mud-Tube-With-Metallic-Gold-and-Double-Layer-6ml-6-600x600.jpg 600w, https:\/\/www.alovey.com\/wp-content\/uploads\/2026\/03\/Custom-Lip-Mud-Tube-With-Metallic-Gold-and-Double-Layer-6ml-6-100x100.jpg 100w\" sizes=\"(max-width: 750px) 100vw, 750px\" \/><figcaption id=\"caption-attachment-12744\" class=\"wp-caption-text\">\u00a0<\/figcaption><\/figure>\n<p>&nbsp;<\/p>\n<p>&nbsp;<\/p>\n<p>&nbsp;<\/p>\n<p>&nbsp;<\/p>\n<p>&nbsp;<\/p>\n<p>&nbsp;<\/p>\n<p>&nbsp;<\/p>\n<p>&nbsp;<\/p>\n<p>&nbsp;<\/p>\n<p>&nbsp;<\/p>\n<p>&nbsp;<\/p>\n<p>&nbsp;<\/p>\n<p>&nbsp;<\/p>\n<p>&nbsp;<\/p>\n<p>&nbsp;<\/p>\n<p>&nbsp;<\/p>\n<p>&nbsp;<\/p>\n<p>&nbsp;<\/p>\n<p>&nbsp;<\/p>\n<p>&nbsp;<\/p>\n<p>&nbsp;<\/p>\n<p>&nbsp;<\/p>\n<p>&nbsp;<\/p>\n<p>&nbsp;<\/p>\n<p>&nbsp;<\/p>\n<p>&nbsp;<\/p>\n<p>&nbsp;<\/p>\n<p>&nbsp;<\/p>\n<p>&nbsp;<\/p>\n<p>&nbsp;<\/p>\n<p>&nbsp;<\/p>\n<p>&nbsp;<\/p>\n<p>&nbsp;<\/p>\n<p>&nbsp;<\/p>\n<p>&nbsp;<\/p>\n<p>&nbsp;<\/p>\n<p>&nbsp;<\/p>\n<p>&nbsp;<\/p>\n<p>&nbsp;<\/p>\n<p>&nbsp;<\/p>\n<p>&nbsp;<\/p>\n<p>&nbsp;<\/p>\n<p>&nbsp;<\/p>\n<p>&nbsp;<\/p>\n<p>&nbsp;<\/p>\n<p>&nbsp;<\/p>\n<p>&nbsp;<\/p>\n<p>&nbsp;<\/p>\n<p>&nbsp;<\/p>\n<p>&nbsp;<\/p>\n<p>&nbsp;<\/p>\n<p>&nbsp;<\/p>\n<p>&nbsp;<\/p>\n<p>&nbsp;<\/p>\n<p>&nbsp;<\/p>\n<p>&nbsp;<\/p>\n<p>&nbsp;<\/p>\n<p>&nbsp;<\/p>\n<p>&nbsp;<\/p>\n<p>&nbsp;<\/p>\n<p>&nbsp;<\/p>\n<p>&nbsp;<\/p>\n<p>&nbsp;<\/p>\n<p>&nbsp;<\/p>\n<p>&nbsp;<\/p>\n<p>&nbsp;<\/p>\n<p>&nbsp;<\/p>\n<p>&nbsp;<\/p>\n<p>&nbsp;<\/p>\n<p>&nbsp;<\/p>\n<p>&nbsp;<\/p>\n<p>&nbsp;<\/p>\n<p>&nbsp;<\/p>\n<p>&nbsp;<\/p>\n<p>&nbsp;<\/p>\n<p>&nbsp;<\/p>\n<p>&nbsp;<\/p>\n<p>&nbsp;<\/p>\n<p>&nbsp;<\/p>\n<p>&nbsp;<\/p>\n<p>&nbsp;<\/p>\n<p>&nbsp;<\/p>\n<p>&nbsp;<\/p>\n<p>&nbsp;<\/p>\n<p>&nbsp;<\/p>\n<p>&nbsp;<\/p>\n<p>&nbsp;<\/p>\n<p>&nbsp;<\/p>\n<p>&nbsp;<\/p>\n<p>&nbsp;<\/p>\n<p>&nbsp;<\/p>\n<p>&nbsp;<\/p>\n<p>&nbsp;<\/p>\n<p>&nbsp;<\/p>\n<p>&nbsp;<\/p>\n<p>&nbsp;<\/p>\n<p>&nbsp;<\/p>\n<p>&nbsp;<\/p>\n<p>&nbsp;<\/p>\n<p>&nbsp;<\/p>\n<p>&nbsp;<\/p>\n<p>&nbsp;<\/p>\n<p>&nbsp;<\/p>\n<p>&nbsp;<\/p>\n<p>&nbsp;<\/p>\n<p>&nbsp;<\/p>\n<p>&nbsp;<\/p>\n<p>&nbsp;<\/p>\n<p>&nbsp;<\/p>\n<p>&nbsp;<\/p>\n<p>&nbsp;<\/p>\n<p>&nbsp;<\/p>\n<p>&nbsp;<\/p>\n<p>&nbsp;<\/p>\n<p>&nbsp;<\/p>\n<p>&nbsp;<\/p>\n<p>&nbsp;<\/p>\n<p>&nbsp;<\/p>\n<p>&nbsp;<\/p>\n<p>&nbsp;<\/p>\n<p>&nbsp;<\/p>\n<p>&nbsp;<\/p>\n<p>&nbsp;<\/p>\n<p>&nbsp;<\/p>\n<p>&nbsp;<\/p>\n<p>&nbsp;<\/p>\n<p>&nbsp;<\/p>\n<p>&nbsp;<\/p>\n<p>&nbsp;<\/p>\n<p>&nbsp;<\/p>\n<p>&nbsp;<\/p>\n<p>&nbsp;<\/p>\n<p>&nbsp;<\/p>\n<p>&nbsp;<\/p>\n<p>&nbsp;<\/p>\n<p>&nbsp;<\/p>\n<p>&nbsp;<\/p>\n<p>&nbsp;<\/p>","protected":false},"excerpt":{"rendered":"<ul>\n<li>Item No:LG-0614A<\/li>\n<li>Material:\u00a0Plastic<\/li>\n<li>Size:W20.5*H101MM<\/li>\n<li>Anwendungen: Sch\u00f6nheitsprodukte<\/li>\n<li>MOQ: 12,000 pcs<\/li>\n<li>Farbe: Benutzerdefinierte Farbe<\/li>\n<li>Surface treatment: Injection\/Matte\/Metalization\/UV coating<\/li>\n<li>Markenname: OEM\/ODM<\/li>\n<li>Logo: Logo des Kunden<\/li>\n<li>Lieferf\u00e4higkeit: 100.000 St\u00fcck pro Monat<\/li>\n<\/ul>\n<p>&nbsp;<\/p>","protected":false},"featured_media":12745,"template":"","meta":{"_acf_changed":false},"product_brand":[],"product_cat":[15,372],"product_tag":[388,453],"class_list":{"0":"post-12743","1":"product","2":"type-product","3":"status-publish","4":"has-post-thumbnail","6":"product_cat-wholesale-lip-cosmetic-packaging","7":"product_cat-lipgloss-tube","8":"product_tag-lip-gloss-tube","9":"product_tag-mini-cosmetic-packaging","11":"first","12":"instock","13":"shipping-taxable","14":"product-type-simple"},"acf":[],"yoast_head":"<!-- This site is optimized with the Yoast SEO plugin v24.1 - https:\/\/yoast.com\/wordpress\/plugins\/seo\/ -->\n<title>Custom Lip Mud Tube With Metallic Gold and Double Layer 6ml<\/title>\n<meta name=\"description\" content=\"This lip mud tube with metallized gold and double wall combines luxury design with practicality, perfect for personal use or cosmetic brand packaging.\" \/>\n<meta name=\"robots\" content=\"index, follow, max-snippet:-1, max-image-preview:large, max-video-preview:-1\" \/>\n<link rel=\"canonical\" href=\"https:\/\/www.alovey.com\/de\/produkt\/custom-lip-mud-tube-with-metallic-gold-and-double-layer-6ml\/\" \/>\n<meta property=\"og:locale\" content=\"de_DE\" \/>\n<meta property=\"og:type\" content=\"article\" \/>\n<meta property=\"og:title\" content=\"Custom Lip Mud Tube With Metallic Gold and Double Layer 6ml\" \/>\n<meta property=\"og:description\" content=\"This lip mud tube with metallized gold and double wall combines luxury design with practicality, perfect for personal use or cosmetic brand packaging.\" \/>\n<meta property=\"og:url\" content=\"https:\/\/www.alovey.com\/de\/produkt\/custom-lip-mud-tube-with-metallic-gold-and-double-layer-6ml\/\" \/>\n<meta property=\"og:site_name\" content=\"Best Cosmetic Packaging Manufacture\" \/>\n<meta property=\"article:modified_time\" content=\"2026-03-20T06:13:09+00:00\" \/>\n<meta property=\"og:image\" content=\"https:\/\/www.alovey.com\/wp-content\/uploads\/2026\/03\/Custom-Lip-Mud-Tube-With-Metallic-Gold-and-Double-Layer-6ml-1.jpg\" \/>\n\t<meta property=\"og:image:width\" content=\"750\" \/>\n\t<meta property=\"og:image:height\" content=\"750\" \/>\n\t<meta property=\"og:image:type\" content=\"image\/jpeg\" \/>\n<meta name=\"twitter:card\" content=\"summary_large_image\" \/>\n<meta name=\"twitter:label1\" content=\"Gesch\u00e4tzte Lesezeit\" \/>\n\t<meta name=\"twitter:data1\" content=\"3\u00a0Minuten\" \/>\n<script type=\"application\/ld+json\" class=\"yoast-schema-graph\">{\"@context\":\"https:\/\/schema.org\",\"@graph\":[{\"@type\":\"WebPage\",\"@id\":\"https:\/\/www.alovey.com\/product\/custom-lip-mud-tube-with-metallic-gold-and-double-layer-6ml\/\",\"url\":\"https:\/\/www.alovey.com\/product\/custom-lip-mud-tube-with-metallic-gold-and-double-layer-6ml\/\",\"name\":\"Custom Lip Mud Tube With Metallic Gold and Double Layer 6ml\",\"isPartOf\":{\"@id\":\"https:\/\/www.alovey.com\/#website\"},\"primaryImageOfPage\":{\"@id\":\"https:\/\/www.alovey.com\/product\/custom-lip-mud-tube-with-metallic-gold-and-double-layer-6ml\/#primaryimage\"},\"image\":{\"@id\":\"https:\/\/www.alovey.com\/product\/custom-lip-mud-tube-with-metallic-gold-and-double-layer-6ml\/#primaryimage\"},\"thumbnailUrl\":\"https:\/\/www.alovey.com\/wp-content\/uploads\/2026\/03\/Custom-Lip-Mud-Tube-With-Metallic-Gold-and-Double-Layer-6ml-1.jpg\",\"datePublished\":\"2026-03-20T06:05:31+00:00\",\"dateModified\":\"2026-03-20T06:13:09+00:00\",\"description\":\"This lip mud tube with metallized gold and double wall combines luxury design with practicality, perfect for personal use or cosmetic brand packaging.\",\"breadcrumb\":{\"@id\":\"https:\/\/www.alovey.com\/product\/custom-lip-mud-tube-with-metallic-gold-and-double-layer-6ml\/#breadcrumb\"},\"inLanguage\":\"de\",\"potentialAction\":[{\"@type\":\"ReadAction\",\"target\":[\"https:\/\/www.alovey.com\/product\/custom-lip-mud-tube-with-metallic-gold-and-double-layer-6ml\/\"]}]},{\"@type\":\"ImageObject\",\"inLanguage\":\"de\",\"@id\":\"https:\/\/www.alovey.com\/product\/custom-lip-mud-tube-with-metallic-gold-and-double-layer-6ml\/#primaryimage\",\"url\":\"https:\/\/www.alovey.com\/wp-content\/uploads\/2026\/03\/Custom-Lip-Mud-Tube-With-Metallic-Gold-and-Double-Layer-6ml-1.jpg\",\"contentUrl\":\"https:\/\/www.alovey.com\/wp-content\/uploads\/2026\/03\/Custom-Lip-Mud-Tube-With-Metallic-Gold-and-Double-Layer-6ml-1.jpg\",\"width\":750,\"height\":750,\"caption\":\"Custom Lip Mud Tube With Metallic Gold and Double Layer 6ml\"},{\"@type\":\"BreadcrumbList\",\"@id\":\"https:\/\/www.alovey.com\/product\/custom-lip-mud-tube-with-metallic-gold-and-double-layer-6ml\/#breadcrumb\",\"itemListElement\":[{\"@type\":\"ListItem\",\"position\":1,\"name\":\"\u9996\u9875\",\"item\":\"https:\/\/www.alovey.com\/\"},{\"@type\":\"ListItem\",\"position\":2,\"name\":\"Products\",\"item\":\"https:\/\/www.alovey.com\/products\/\"},{\"@type\":\"ListItem\",\"position\":3,\"name\":\"Custom Lip Mud Tube With Metallic Gold and Double Layer 6ml\"}]},{\"@type\":\"WebSite\",\"@id\":\"https:\/\/www.alovey.com\/#website\",\"url\":\"https:\/\/www.alovey.com\/\",\"name\":\"Best Cosmetic Packaging Manufacture\",\"description\":\"Alovey Cosmetic Packaging Co.,Ltd\",\"publisher\":{\"@id\":\"https:\/\/www.alovey.com\/#organization\"},\"potentialAction\":[{\"@type\":\"SearchAction\",\"target\":{\"@type\":\"EntryPoint\",\"urlTemplate\":\"https:\/\/www.alovey.com\/?s={search_term_string}\"},\"query-input\":{\"@type\":\"PropertyValueSpecification\",\"valueRequired\":true,\"valueName\":\"search_term_string\"}}],\"inLanguage\":\"de\"},{\"@type\":\"Organization\",\"@id\":\"https:\/\/www.alovey.com\/#organization\",\"name\":\"Best Cosmetic Packaging Manufacture\",\"url\":\"https:\/\/www.alovey.com\/\",\"logo\":{\"@type\":\"ImageObject\",\"inLanguage\":\"de\",\"@id\":\"https:\/\/www.alovey.com\/#\/schema\/logo\/image\/\",\"url\":\"https:\/\/www.alovey.com\/wp-content\/uploads\/2023\/03\/logo.png\",\"contentUrl\":\"https:\/\/www.alovey.com\/wp-content\/uploads\/2023\/03\/logo.png\",\"width\":505,\"height\":180,\"caption\":\"Best  Cosmetic Packaging Manufacture\"},\"image\":{\"@id\":\"https:\/\/www.alovey.com\/#\/schema\/logo\/image\/\"}}]}<\/script>\n<!-- \/ Yoast SEO plugin. -->","yoast_head_json":{"title":"Custom Lip Mud Tube With Metallic Gold and Double Layer 6ml","description":"This lip mud tube with metallized gold and double wall combines luxury design with practicality, perfect for personal use or cosmetic brand packaging.","robots":{"index":"index","follow":"follow","max-snippet":"max-snippet:-1","max-image-preview":"max-image-preview:large","max-video-preview":"max-video-preview:-1"},"canonical":"https:\/\/www.alovey.com\/de\/produkt\/custom-lip-mud-tube-with-metallic-gold-and-double-layer-6ml\/","og_locale":"de_DE","og_type":"article","og_title":"Custom Lip Mud Tube With Metallic Gold and Double Layer 6ml","og_description":"This lip mud tube with metallized gold and double wall combines luxury design with practicality, perfect for personal use or cosmetic brand packaging.","og_url":"https:\/\/www.alovey.com\/de\/produkt\/custom-lip-mud-tube-with-metallic-gold-and-double-layer-6ml\/","og_site_name":"Best Cosmetic Packaging Manufacture","article_modified_time":"2026-03-20T06:13:09+00:00","og_image":[{"width":750,"height":750,"url":"https:\/\/www.alovey.com\/wp-content\/uploads\/2026\/03\/Custom-Lip-Mud-Tube-With-Metallic-Gold-and-Double-Layer-6ml-1.jpg","type":"image\/jpeg"}],"twitter_card":"summary_large_image","twitter_misc":{"Gesch\u00e4tzte Lesezeit":"3\u00a0Minuten"},"schema":{"@context":"https:\/\/schema.org","@graph":[{"@type":"WebPage","@id":"https:\/\/www.alovey.com\/product\/custom-lip-mud-tube-with-metallic-gold-and-double-layer-6ml\/","url":"https:\/\/www.alovey.com\/product\/custom-lip-mud-tube-with-metallic-gold-and-double-layer-6ml\/","name":"Custom Lip Mud Tube With Metallic Gold and Double Layer 6ml","isPartOf":{"@id":"https:\/\/www.alovey.com\/#website"},"primaryImageOfPage":{"@id":"https:\/\/www.alovey.com\/product\/custom-lip-mud-tube-with-metallic-gold-and-double-layer-6ml\/#primaryimage"},"image":{"@id":"https:\/\/www.alovey.com\/product\/custom-lip-mud-tube-with-metallic-gold-and-double-layer-6ml\/#primaryimage"},"thumbnailUrl":"https:\/\/www.alovey.com\/wp-content\/uploads\/2026\/03\/Custom-Lip-Mud-Tube-With-Metallic-Gold-and-Double-Layer-6ml-1.jpg","datePublished":"2026-03-20T06:05:31+00:00","dateModified":"2026-03-20T06:13:09+00:00","description":"This lip mud tube with metallized gold and double wall combines luxury design with practicality, perfect for personal use or cosmetic brand packaging.","breadcrumb":{"@id":"https:\/\/www.alovey.com\/product\/custom-lip-mud-tube-with-metallic-gold-and-double-layer-6ml\/#breadcrumb"},"inLanguage":"de","potentialAction":[{"@type":"ReadAction","target":["https:\/\/www.alovey.com\/product\/custom-lip-mud-tube-with-metallic-gold-and-double-layer-6ml\/"]}]},{"@type":"ImageObject","inLanguage":"de","@id":"https:\/\/www.alovey.com\/product\/custom-lip-mud-tube-with-metallic-gold-and-double-layer-6ml\/#primaryimage","url":"https:\/\/www.alovey.com\/wp-content\/uploads\/2026\/03\/Custom-Lip-Mud-Tube-With-Metallic-Gold-and-Double-Layer-6ml-1.jpg","contentUrl":"https:\/\/www.alovey.com\/wp-content\/uploads\/2026\/03\/Custom-Lip-Mud-Tube-With-Metallic-Gold-and-Double-Layer-6ml-1.jpg","width":750,"height":750,"caption":"Custom Lip Mud Tube With Metallic Gold and Double Layer 6ml"},{"@type":"BreadcrumbList","@id":"https:\/\/www.alovey.com\/product\/custom-lip-mud-tube-with-metallic-gold-and-double-layer-6ml\/#breadcrumb","itemListElement":[{"@type":"ListItem","position":1,"name":"\u9996\u9875","item":"https:\/\/www.alovey.com\/"},{"@type":"ListItem","position":2,"name":"Products","item":"https:\/\/www.alovey.com\/products\/"},{"@type":"ListItem","position":3,"name":"Custom Lip Mud Tube With Metallic Gold and Double Layer 6ml"}]},{"@type":"WebSite","@id":"https:\/\/www.alovey.com\/#website","url":"https:\/\/www.alovey.com\/","name":"Best Cosmetic Packaging Manufacture","description":"Alovey Cosmetic Packaging Co.,Ltd","publisher":{"@id":"https:\/\/www.alovey.com\/#organization"},"potentialAction":[{"@type":"SearchAction","target":{"@type":"EntryPoint","urlTemplate":"https:\/\/www.alovey.com\/?s={search_term_string}"},"query-input":{"@type":"PropertyValueSpecification","valueRequired":true,"valueName":"search_term_string"}}],"inLanguage":"de"},{"@type":"Organization","@id":"https:\/\/www.alovey.com\/#organization","name":"Best Cosmetic Packaging Manufacture","url":"https:\/\/www.alovey.com\/","logo":{"@type":"ImageObject","inLanguage":"de","@id":"https:\/\/www.alovey.com\/#\/schema\/logo\/image\/","url":"https:\/\/www.alovey.com\/wp-content\/uploads\/2023\/03\/logo.png","contentUrl":"https:\/\/www.alovey.com\/wp-content\/uploads\/2023\/03\/logo.png","width":505,"height":180,"caption":"Best  Cosmetic Packaging Manufacture"},"image":{"@id":"https:\/\/www.alovey.com\/#\/schema\/logo\/image\/"}}]}},"_links":{"self":[{"href":"https:\/\/www.alovey.com\/de\/wp-json\/wp\/v2\/product\/12743"}],"collection":[{"href":"https:\/\/www.alovey.com\/de\/wp-json\/wp\/v2\/product"}],"about":[{"href":"https:\/\/www.alovey.com\/de\/wp-json\/wp\/v2\/types\/product"}],"wp:featuredmedia":[{"embeddable":true,"href":"https:\/\/www.alovey.com\/de\/wp-json\/wp\/v2\/media\/12745"}],"wp:attachment":[{"href":"https:\/\/www.alovey.com\/de\/wp-json\/wp\/v2\/media?parent=12743"}],"wp:term":[{"taxonomy":"product_brand","embeddable":true,"href":"https:\/\/www.alovey.com\/de\/wp-json\/wp\/v2\/product_brand?post=12743"},{"taxonomy":"product_cat","embeddable":true,"href":"https:\/\/www.alovey.com\/de\/wp-json\/wp\/v2\/product_cat?post=12743"},{"taxonomy":"product_tag","embeddable":true,"href":"https:\/\/www.alovey.com\/de\/wp-json\/wp\/v2\/product_tag?post=12743"}],"curies":[{"name":"wp","href":"https:\/\/api.w.org\/{rel}","templated":true}]}}