{"id":12722,"date":"2026-03-19T09:00:49","date_gmt":"2026-03-19T09:00:49","guid":{"rendered":"https:\/\/www.alovey.com\/?post_type=product&#038;p=12722"},"modified":"2026-03-19T09:17:09","modified_gmt":"2026-03-19T09:17:09","slug":"mini-cute-lip-gloss-tube-with-middle-ring-3ml","status":"publish","type":"product","link":"https:\/\/www.alovey.com\/de\/produkt\/mini-cute-lip-gloss-tube-with-middle-ring-3ml\/","title":{"rendered":"Mini Cute Lip Gloss Tube With Middle Ring 3ml"},"content":{"rendered":"<p><strong>This mini cute lip gloss tube 3ml\u00a0features a unique middle ring design, giving the packaging a stylish and modern appearance. The compact size makes it easy to carry and perfect for travel, fitting conveniently in handbags, makeup bags, or pockets.<\/strong><\/p>\n<p><strong>The\u00a0cut lip gloss tube is designed with a leak-proof and well-sealed structure, helping prevent cosmetic liquids from spilling. Made from durable plastic material, it is reusable and suitable for filling various lip products.<\/strong><\/p>\n<p><strong>Its mini capacity saves luggage space, making it ideal for travel, business trips, vacations, and daily use. It is widely used for lip gloss, lip oil, lip serum, and other liquid cosmetics.<\/strong><\/p>\n<h3><strong>Product Features<\/strong><\/h3>\n<p><strong>Capacity: 3ml mini size<\/strong><\/p>\n<p><strong>Cute round design with decorative middle ring<\/strong><\/p>\n<p><strong>Leak-proof and good sealing\u00a0to prevent spills<\/strong><\/p>\n<p><strong>Portable and lightweight for travel<\/strong><\/p>\n<p><strong>Refillable and reusable cosmetic container<\/strong><\/p>\n<p><strong>Suitable for lip gloss, lip oil, lip serum, and liquid cosmetics<\/strong><\/p>\n<p><strong>Custom logo and private label available<\/strong><\/p>\n<p><strong>Alovey, ein professioneller chinesischer Hersteller von Kosmetikverpackungen, produziert eine exquisite Auswahl an kundenspezifischen Kosmetikverpackungen, die sorgf\u00e4ltig hergestellt werden, um Ihre Marke aufzuwerten. Unsere vielf\u00e4ltige Auswahl an Premium-Materialien, kombiniert mit feinen Oberfl\u00e4chenveredelungstechniken wie Siebdruck, Hei\u00dfpr\u00e4gung und mattem Spr\u00fchen, macht jede Verpackung zu einem einzigartigen Meisterwerk.<\/strong><\/p>\n<p>&nbsp;<\/p>\n<p><img fetchpriority=\"high\" decoding=\"async\" class=\"size-full wp-image-12728\" src=\"https:\/\/www.alovey.com\/wp-content\/uploads\/2026\/03\/Mini-Cute-Lip-Gloss-Tube-With-Middle-Ring-3ml-5.jpg\" alt=\"Mini Cute Lip Gloss\" width=\"750\" height=\"750\" srcset=\"https:\/\/www.alovey.com\/wp-content\/uploads\/2026\/03\/Mini-Cute-Lip-Gloss-Tube-With-Middle-Ring-3ml-5.jpg 750w, https:\/\/www.alovey.com\/wp-content\/uploads\/2026\/03\/Mini-Cute-Lip-Gloss-Tube-With-Middle-Ring-3ml-5-300x300.jpg 300w, https:\/\/www.alovey.com\/wp-content\/uploads\/2026\/03\/Mini-Cute-Lip-Gloss-Tube-With-Middle-Ring-3ml-5-150x150.jpg 150w, https:\/\/www.alovey.com\/wp-content\/uploads\/2026\/03\/Mini-Cute-Lip-Gloss-Tube-With-Middle-Ring-3ml-5-12x12.jpg 12w, https:\/\/www.alovey.com\/wp-content\/uploads\/2026\/03\/Mini-Cute-Lip-Gloss-Tube-With-Middle-Ring-3ml-5-600x600.jpg 600w, https:\/\/www.alovey.com\/wp-content\/uploads\/2026\/03\/Mini-Cute-Lip-Gloss-Tube-With-Middle-Ring-3ml-5-100x100.jpg 100w\" sizes=\"(max-width: 750px) 100vw, 750px\" \/><\/p>\n<p><img decoding=\"async\" class=\"size-full wp-image-12727\" src=\"https:\/\/www.alovey.com\/wp-content\/uploads\/2026\/03\/Mini-Cute-Lip-Gloss-Tube-With-Middle-Ring-3ml-4.jpg\" alt=\"Mini Cute Lip Gloss\" width=\"750\" height=\"750\" srcset=\"https:\/\/www.alovey.com\/wp-content\/uploads\/2026\/03\/Mini-Cute-Lip-Gloss-Tube-With-Middle-Ring-3ml-4.jpg 750w, https:\/\/www.alovey.com\/wp-content\/uploads\/2026\/03\/Mini-Cute-Lip-Gloss-Tube-With-Middle-Ring-3ml-4-300x300.jpg 300w, https:\/\/www.alovey.com\/wp-content\/uploads\/2026\/03\/Mini-Cute-Lip-Gloss-Tube-With-Middle-Ring-3ml-4-150x150.jpg 150w, https:\/\/www.alovey.com\/wp-content\/uploads\/2026\/03\/Mini-Cute-Lip-Gloss-Tube-With-Middle-Ring-3ml-4-12x12.jpg 12w, https:\/\/www.alovey.com\/wp-content\/uploads\/2026\/03\/Mini-Cute-Lip-Gloss-Tube-With-Middle-Ring-3ml-4-600x600.jpg 600w, https:\/\/www.alovey.com\/wp-content\/uploads\/2026\/03\/Mini-Cute-Lip-Gloss-Tube-With-Middle-Ring-3ml-4-100x100.jpg 100w\" sizes=\"(max-width: 750px) 100vw, 750px\" \/><\/p>\n<p><img decoding=\"async\" class=\"size-full wp-image-12726\" src=\"https:\/\/www.alovey.com\/wp-content\/uploads\/2026\/03\/Mini-Cute-Lip-Gloss-Tube-With-Middle-Ring-3ml-3.jpg\" alt=\"Mini Cute Lip Gloss\" width=\"750\" height=\"750\" srcset=\"https:\/\/www.alovey.com\/wp-content\/uploads\/2026\/03\/Mini-Cute-Lip-Gloss-Tube-With-Middle-Ring-3ml-3.jpg 750w, https:\/\/www.alovey.com\/wp-content\/uploads\/2026\/03\/Mini-Cute-Lip-Gloss-Tube-With-Middle-Ring-3ml-3-300x300.jpg 300w, https:\/\/www.alovey.com\/wp-content\/uploads\/2026\/03\/Mini-Cute-Lip-Gloss-Tube-With-Middle-Ring-3ml-3-150x150.jpg 150w, https:\/\/www.alovey.com\/wp-content\/uploads\/2026\/03\/Mini-Cute-Lip-Gloss-Tube-With-Middle-Ring-3ml-3-12x12.jpg 12w, https:\/\/www.alovey.com\/wp-content\/uploads\/2026\/03\/Mini-Cute-Lip-Gloss-Tube-With-Middle-Ring-3ml-3-600x600.jpg 600w, https:\/\/www.alovey.com\/wp-content\/uploads\/2026\/03\/Mini-Cute-Lip-Gloss-Tube-With-Middle-Ring-3ml-3-100x100.jpg 100w\" sizes=\"(max-width: 750px) 100vw, 750px\" \/><\/p>\n<p><img loading=\"lazy\" decoding=\"async\" class=\"size-full wp-image-12725\" src=\"https:\/\/www.alovey.com\/wp-content\/uploads\/2026\/03\/Mini-Cute-Lip-Gloss-Tube-With-Middle-Ring-3ml-2.jpg\" alt=\"Mini Cute Lip Gloss\" width=\"750\" height=\"750\" srcset=\"https:\/\/www.alovey.com\/wp-content\/uploads\/2026\/03\/Mini-Cute-Lip-Gloss-Tube-With-Middle-Ring-3ml-2.jpg 750w, https:\/\/www.alovey.com\/wp-content\/uploads\/2026\/03\/Mini-Cute-Lip-Gloss-Tube-With-Middle-Ring-3ml-2-300x300.jpg 300w, https:\/\/www.alovey.com\/wp-content\/uploads\/2026\/03\/Mini-Cute-Lip-Gloss-Tube-With-Middle-Ring-3ml-2-150x150.jpg 150w, https:\/\/www.alovey.com\/wp-content\/uploads\/2026\/03\/Mini-Cute-Lip-Gloss-Tube-With-Middle-Ring-3ml-2-12x12.jpg 12w, https:\/\/www.alovey.com\/wp-content\/uploads\/2026\/03\/Mini-Cute-Lip-Gloss-Tube-With-Middle-Ring-3ml-2-600x600.jpg 600w, https:\/\/www.alovey.com\/wp-content\/uploads\/2026\/03\/Mini-Cute-Lip-Gloss-Tube-With-Middle-Ring-3ml-2-100x100.jpg 100w\" sizes=\"(max-width: 750px) 100vw, 750px\" \/><\/p>\n<p><img loading=\"lazy\" decoding=\"async\" class=\"size-full wp-image-12724\" src=\"https:\/\/www.alovey.com\/wp-content\/uploads\/2026\/03\/Mini-Cute-Lip-Gloss-Tube-With-Middle-Ring-3ml-1.jpg\" alt=\"Mini Cute Lip Gloss\" width=\"750\" height=\"750\" srcset=\"https:\/\/www.alovey.com\/wp-content\/uploads\/2026\/03\/Mini-Cute-Lip-Gloss-Tube-With-Middle-Ring-3ml-1.jpg 750w, https:\/\/www.alovey.com\/wp-content\/uploads\/2026\/03\/Mini-Cute-Lip-Gloss-Tube-With-Middle-Ring-3ml-1-300x300.jpg 300w, https:\/\/www.alovey.com\/wp-content\/uploads\/2026\/03\/Mini-Cute-Lip-Gloss-Tube-With-Middle-Ring-3ml-1-150x150.jpg 150w, https:\/\/www.alovey.com\/wp-content\/uploads\/2026\/03\/Mini-Cute-Lip-Gloss-Tube-With-Middle-Ring-3ml-1-12x12.jpg 12w, https:\/\/www.alovey.com\/wp-content\/uploads\/2026\/03\/Mini-Cute-Lip-Gloss-Tube-With-Middle-Ring-3ml-1-600x600.jpg 600w, https:\/\/www.alovey.com\/wp-content\/uploads\/2026\/03\/Mini-Cute-Lip-Gloss-Tube-With-Middle-Ring-3ml-1-100x100.jpg 100w\" sizes=\"(max-width: 750px) 100vw, 750px\" \/><\/p>\n<p><img loading=\"lazy\" decoding=\"async\" class=\"size-full wp-image-12723\" src=\"https:\/\/www.alovey.com\/wp-content\/uploads\/2026\/03\/Mini-Cute-Lip-Gloss-Tube-With-Middle-Ring-3ml-6.jpg\" alt=\"Mini Cute Lip Gloss\" width=\"750\" height=\"750\" srcset=\"https:\/\/www.alovey.com\/wp-content\/uploads\/2026\/03\/Mini-Cute-Lip-Gloss-Tube-With-Middle-Ring-3ml-6.jpg 750w, https:\/\/www.alovey.com\/wp-content\/uploads\/2026\/03\/Mini-Cute-Lip-Gloss-Tube-With-Middle-Ring-3ml-6-300x300.jpg 300w, https:\/\/www.alovey.com\/wp-content\/uploads\/2026\/03\/Mini-Cute-Lip-Gloss-Tube-With-Middle-Ring-3ml-6-150x150.jpg 150w, https:\/\/www.alovey.com\/wp-content\/uploads\/2026\/03\/Mini-Cute-Lip-Gloss-Tube-With-Middle-Ring-3ml-6-12x12.jpg 12w, https:\/\/www.alovey.com\/wp-content\/uploads\/2026\/03\/Mini-Cute-Lip-Gloss-Tube-With-Middle-Ring-3ml-6-600x600.jpg 600w, https:\/\/www.alovey.com\/wp-content\/uploads\/2026\/03\/Mini-Cute-Lip-Gloss-Tube-With-Middle-Ring-3ml-6-100x100.jpg 100w\" sizes=\"(max-width: 750px) 100vw, 750px\" \/><\/p>\n<p>&nbsp;<\/p>\n<p>&nbsp;<\/p>\n<p>&nbsp;<\/p>\n<p>&nbsp;<\/p>\n<p>&nbsp;<\/p>\n<p>&nbsp;<\/p>\n<p>&nbsp;<\/p>\n<p>&nbsp;<\/p>\n<p>&nbsp;<\/p>\n<p>&nbsp;<\/p>\n<p>&nbsp;<\/p>\n<p>&nbsp;<\/p>\n<p>&nbsp;<\/p>\n<p>&nbsp;<\/p>\n<p>&nbsp;<\/p>\n<p>&nbsp;<\/p>\n<p>&nbsp;<\/p>\n<p>&nbsp;<\/p>\n<p>&nbsp;<\/p>\n<p>&nbsp;<\/p>\n<p>&nbsp;<\/p>\n<p>&nbsp;<\/p>\n<p>&nbsp;<\/p>\n<p>&nbsp;<\/p>\n<p>&nbsp;<\/p>\n<p>&nbsp;<\/p>\n<p>&nbsp;<\/p>\n<p>&nbsp;<\/p>\n<p>&nbsp;<\/p>\n<p>&nbsp;<\/p>\n<p>&nbsp;<\/p>\n<p>&nbsp;<\/p>\n<p>&nbsp;<\/p>\n<p>&nbsp;<\/p>\n<p>&nbsp;<\/p>\n<p>&nbsp;<\/p>\n<p>&nbsp;<\/p>\n<p>&nbsp;<\/p>\n<p>&nbsp;<\/p>\n<p>&nbsp;<\/p>\n<p>&nbsp;<\/p>\n<p>&nbsp;<\/p>\n<p>&nbsp;<\/p>\n<p>&nbsp;<\/p>\n<p>&nbsp;<\/p>\n<p>&nbsp;<\/p>\n<p>&nbsp;<\/p>\n<p>&nbsp;<\/p>\n<p>&nbsp;<\/p>\n<p>&nbsp;<\/p>\n<p>&nbsp;<\/p>\n<p>&nbsp;<\/p>\n<p>&nbsp;<\/p>\n<p>&nbsp;<\/p>\n<p>&nbsp;<\/p>\n<p>&nbsp;<\/p>\n<p>&nbsp;<\/p>\n<p>&nbsp;<\/p>\n<p>&nbsp;<\/p>\n<p>&nbsp;<\/p>\n<p>&nbsp;<\/p>\n<p>&nbsp;<\/p>\n<p>&nbsp;<\/p>\n<p>&nbsp;<\/p>\n<p>&nbsp;<\/p>\n<p>&nbsp;<\/p>\n<p>&nbsp;<\/p>\n<p>&nbsp;<\/p>\n<p>&nbsp;<\/p>\n<p>&nbsp;<\/p>\n<p>&nbsp;<\/p>\n<p>&nbsp;<\/p>\n<p>&nbsp;<\/p>\n<p>&nbsp;<\/p>\n<p>&nbsp;<\/p>\n<p>&nbsp;<\/p>\n<p>&nbsp;<\/p>\n<p>&nbsp;<\/p>\n<p>&nbsp;<\/p>\n<p>&nbsp;<\/p>\n<p>&nbsp;<\/p>\n<p>&nbsp;<\/p>\n<p>&nbsp;<\/p>\n<p>&nbsp;<\/p>\n<p>&nbsp;<\/p>\n<p>&nbsp;<\/p>\n<p>&nbsp;<\/p>\n<p>&nbsp;<\/p>\n<p>&nbsp;<\/p>\n<p>&nbsp;<\/p>\n<p>&nbsp;<\/p>\n<p>&nbsp;<\/p>\n<p>&nbsp;<\/p>\n<p>&nbsp;<\/p>\n<p>&nbsp;<\/p>\n<p>&nbsp;<\/p>\n<p>&nbsp;<\/p>\n<p>&nbsp;<\/p>\n<p>&nbsp;<\/p>\n<p>&nbsp;<\/p>\n<p>&nbsp;<\/p>\n<p>&nbsp;<\/p>\n<p>&nbsp;<\/p>\n<p>&nbsp;<\/p>\n<p>&nbsp;<\/p>\n<p>&nbsp;<\/p>\n<p>&nbsp;<\/p>\n<p>&nbsp;<\/p>\n<p>&nbsp;<\/p>\n<p>&nbsp;<\/p>\n<p>&nbsp;<\/p>\n<p>&nbsp;<\/p>\n<p>&nbsp;<\/p>\n<p>&nbsp;<\/p>\n<p>&nbsp;<\/p>\n<p>&nbsp;<\/p>\n<p>&nbsp;<\/p>\n<p>&nbsp;<\/p>\n<p>&nbsp;<\/p>\n<p>&nbsp;<\/p>\n<p>&nbsp;<\/p>\n<p>&nbsp;<\/p>\n<p>&nbsp;<\/p>\n<p>&nbsp;<\/p>\n<p>&nbsp;<\/p>\n<p>&nbsp;<\/p>\n<p>&nbsp;<\/p>\n<p>&nbsp;<\/p>\n<p>&nbsp;<\/p>\n<p>&nbsp;<\/p>\n<p>&nbsp;<\/p>\n<p>&nbsp;<\/p>\n<p>&nbsp;<\/p>\n<p>&nbsp;<\/p>\n<p>&nbsp;<\/p>\n<p>&nbsp;<\/p>\n<p>&nbsp;<\/p>\n<p>&nbsp;<\/p>","protected":false},"excerpt":{"rendered":"<ul>\n<li>Item No: LG-0221A<\/li>\n<li>Material:\u00a0Plastic<\/li>\n<li>Fassungsverm\u00f6gen: 3ml<\/li>\n<li>Size:\u00a0D19.5*H76MM<\/li>\n<li>Capacity:3ml<\/li>\n<li>Anwendungen: Sch\u00f6nheitsprodukte<\/li>\n<li>MOQ: 12,000 pcs<\/li>\n<li>Farbe: Benutzerdefinierte Farbe<\/li>\n<li>Surface treatment: Injection\/Matte\/Metalization\/UV coating<\/li>\n<li>Markenname: OEM\/ODM<\/li>\n<li>Logo: Logo des Kunden<\/li>\n<li>Lieferf\u00e4higkeit: 100.000 St\u00fcck pro Monat<\/li>\n<\/ul>\n<p>&nbsp;<\/p>\n<p>&nbsp;<\/p>\n<p>&nbsp;<\/p>","protected":false},"featured_media":12725,"template":"","meta":{"_acf_changed":false},"product_brand":[],"product_cat":[15,372],"product_tag":[388,453],"class_list":{"0":"post-12722","1":"product","2":"type-product","3":"status-publish","4":"has-post-thumbnail","6":"product_cat-wholesale-lip-cosmetic-packaging","7":"product_cat-lipgloss-tube","8":"product_tag-lip-gloss-tube","9":"product_tag-mini-cosmetic-packaging","11":"first","12":"instock","13":"shipping-taxable","14":"product-type-simple"},"acf":[],"yoast_head":"<!-- This site is optimized with the Yoast SEO plugin v24.1 - https:\/\/yoast.com\/wordpress\/plugins\/seo\/ -->\n<title>Mini Cute Lip Gloss Tube With Middle Ring 3ml<\/title>\n<meta name=\"description\" content=\"This mini cute lip gloss tube 3ml features a unique middle ring design, giving the packaging a stylish and modern appearance.\" \/>\n<meta name=\"robots\" content=\"index, follow, max-snippet:-1, max-image-preview:large, max-video-preview:-1\" \/>\n<link rel=\"canonical\" href=\"https:\/\/www.alovey.com\/de\/produkt\/mini-cute-lip-gloss-tube-with-middle-ring-3ml\/\" \/>\n<meta property=\"og:locale\" content=\"de_DE\" \/>\n<meta property=\"og:type\" content=\"article\" \/>\n<meta property=\"og:title\" content=\"Mini Cute Lip Gloss Tube With Middle Ring 3ml\" \/>\n<meta property=\"og:description\" content=\"This mini cute lip gloss tube 3ml features a unique middle ring design, giving the packaging a stylish and modern appearance.\" \/>\n<meta property=\"og:url\" content=\"https:\/\/www.alovey.com\/de\/produkt\/mini-cute-lip-gloss-tube-with-middle-ring-3ml\/\" \/>\n<meta property=\"og:site_name\" content=\"Best Cosmetic Packaging Manufacture\" \/>\n<meta property=\"article:modified_time\" content=\"2026-03-19T09:17:09+00:00\" \/>\n<meta property=\"og:image\" content=\"https:\/\/www.alovey.com\/wp-content\/uploads\/2026\/03\/Mini-Cute-Lip-Gloss-Tube-With-Middle-Ring-3ml-2.jpg\" \/>\n\t<meta property=\"og:image:width\" content=\"750\" \/>\n\t<meta property=\"og:image:height\" content=\"750\" \/>\n\t<meta property=\"og:image:type\" content=\"image\/jpeg\" \/>\n<meta name=\"twitter:card\" content=\"summary_large_image\" \/>\n<meta name=\"twitter:label1\" content=\"Gesch\u00e4tzte Lesezeit\" \/>\n\t<meta name=\"twitter:data1\" content=\"3\u00a0Minuten\" \/>\n<script type=\"application\/ld+json\" class=\"yoast-schema-graph\">{\"@context\":\"https:\/\/schema.org\",\"@graph\":[{\"@type\":\"WebPage\",\"@id\":\"https:\/\/www.alovey.com\/product\/mini-cute-lip-gloss-tube-with-middle-ring-3ml\/\",\"url\":\"https:\/\/www.alovey.com\/product\/mini-cute-lip-gloss-tube-with-middle-ring-3ml\/\",\"name\":\"Mini Cute Lip Gloss Tube With Middle Ring 3ml\",\"isPartOf\":{\"@id\":\"https:\/\/www.alovey.com\/#website\"},\"primaryImageOfPage\":{\"@id\":\"https:\/\/www.alovey.com\/product\/mini-cute-lip-gloss-tube-with-middle-ring-3ml\/#primaryimage\"},\"image\":{\"@id\":\"https:\/\/www.alovey.com\/product\/mini-cute-lip-gloss-tube-with-middle-ring-3ml\/#primaryimage\"},\"thumbnailUrl\":\"https:\/\/www.alovey.com\/wp-content\/uploads\/2026\/03\/Mini-Cute-Lip-Gloss-Tube-With-Middle-Ring-3ml-2.jpg\",\"datePublished\":\"2026-03-19T09:00:49+00:00\",\"dateModified\":\"2026-03-19T09:17:09+00:00\",\"description\":\"This mini cute lip gloss tube 3ml features a unique middle ring design, giving the packaging a stylish and modern appearance.\",\"breadcrumb\":{\"@id\":\"https:\/\/www.alovey.com\/product\/mini-cute-lip-gloss-tube-with-middle-ring-3ml\/#breadcrumb\"},\"inLanguage\":\"de\",\"potentialAction\":[{\"@type\":\"ReadAction\",\"target\":[\"https:\/\/www.alovey.com\/product\/mini-cute-lip-gloss-tube-with-middle-ring-3ml\/\"]}]},{\"@type\":\"ImageObject\",\"inLanguage\":\"de\",\"@id\":\"https:\/\/www.alovey.com\/product\/mini-cute-lip-gloss-tube-with-middle-ring-3ml\/#primaryimage\",\"url\":\"https:\/\/www.alovey.com\/wp-content\/uploads\/2026\/03\/Mini-Cute-Lip-Gloss-Tube-With-Middle-Ring-3ml-2.jpg\",\"contentUrl\":\"https:\/\/www.alovey.com\/wp-content\/uploads\/2026\/03\/Mini-Cute-Lip-Gloss-Tube-With-Middle-Ring-3ml-2.jpg\",\"width\":750,\"height\":750,\"caption\":\"Mini Cute Lip Gloss Tube With Middle Ring 3ml\"},{\"@type\":\"BreadcrumbList\",\"@id\":\"https:\/\/www.alovey.com\/product\/mini-cute-lip-gloss-tube-with-middle-ring-3ml\/#breadcrumb\",\"itemListElement\":[{\"@type\":\"ListItem\",\"position\":1,\"name\":\"\u9996\u9875\",\"item\":\"https:\/\/www.alovey.com\/\"},{\"@type\":\"ListItem\",\"position\":2,\"name\":\"Products\",\"item\":\"https:\/\/www.alovey.com\/products\/\"},{\"@type\":\"ListItem\",\"position\":3,\"name\":\"Mini Cute Lip Gloss Tube With Middle Ring 3ml\"}]},{\"@type\":\"WebSite\",\"@id\":\"https:\/\/www.alovey.com\/#website\",\"url\":\"https:\/\/www.alovey.com\/\",\"name\":\"Best Cosmetic Packaging Manufacture\",\"description\":\"Alovey Cosmetic Packaging Co.,Ltd\",\"publisher\":{\"@id\":\"https:\/\/www.alovey.com\/#organization\"},\"potentialAction\":[{\"@type\":\"SearchAction\",\"target\":{\"@type\":\"EntryPoint\",\"urlTemplate\":\"https:\/\/www.alovey.com\/?s={search_term_string}\"},\"query-input\":{\"@type\":\"PropertyValueSpecification\",\"valueRequired\":true,\"valueName\":\"search_term_string\"}}],\"inLanguage\":\"de\"},{\"@type\":\"Organization\",\"@id\":\"https:\/\/www.alovey.com\/#organization\",\"name\":\"Best Cosmetic Packaging Manufacture\",\"url\":\"https:\/\/www.alovey.com\/\",\"logo\":{\"@type\":\"ImageObject\",\"inLanguage\":\"de\",\"@id\":\"https:\/\/www.alovey.com\/#\/schema\/logo\/image\/\",\"url\":\"https:\/\/www.alovey.com\/wp-content\/uploads\/2023\/03\/logo.png\",\"contentUrl\":\"https:\/\/www.alovey.com\/wp-content\/uploads\/2023\/03\/logo.png\",\"width\":505,\"height\":180,\"caption\":\"Best  Cosmetic Packaging Manufacture\"},\"image\":{\"@id\":\"https:\/\/www.alovey.com\/#\/schema\/logo\/image\/\"}}]}<\/script>\n<!-- \/ Yoast SEO plugin. -->","yoast_head_json":{"title":"Mini Cute Lip Gloss Tube With Middle Ring 3ml","description":"This mini cute lip gloss tube 3ml features a unique middle ring design, giving the packaging a stylish and modern appearance.","robots":{"index":"index","follow":"follow","max-snippet":"max-snippet:-1","max-image-preview":"max-image-preview:large","max-video-preview":"max-video-preview:-1"},"canonical":"https:\/\/www.alovey.com\/de\/produkt\/mini-cute-lip-gloss-tube-with-middle-ring-3ml\/","og_locale":"de_DE","og_type":"article","og_title":"Mini Cute Lip Gloss Tube With Middle Ring 3ml","og_description":"This mini cute lip gloss tube 3ml features a unique middle ring design, giving the packaging a stylish and modern appearance.","og_url":"https:\/\/www.alovey.com\/de\/produkt\/mini-cute-lip-gloss-tube-with-middle-ring-3ml\/","og_site_name":"Best Cosmetic Packaging Manufacture","article_modified_time":"2026-03-19T09:17:09+00:00","og_image":[{"width":750,"height":750,"url":"https:\/\/www.alovey.com\/wp-content\/uploads\/2026\/03\/Mini-Cute-Lip-Gloss-Tube-With-Middle-Ring-3ml-2.jpg","type":"image\/jpeg"}],"twitter_card":"summary_large_image","twitter_misc":{"Gesch\u00e4tzte Lesezeit":"3\u00a0Minuten"},"schema":{"@context":"https:\/\/schema.org","@graph":[{"@type":"WebPage","@id":"https:\/\/www.alovey.com\/product\/mini-cute-lip-gloss-tube-with-middle-ring-3ml\/","url":"https:\/\/www.alovey.com\/product\/mini-cute-lip-gloss-tube-with-middle-ring-3ml\/","name":"Mini Cute Lip Gloss Tube With Middle Ring 3ml","isPartOf":{"@id":"https:\/\/www.alovey.com\/#website"},"primaryImageOfPage":{"@id":"https:\/\/www.alovey.com\/product\/mini-cute-lip-gloss-tube-with-middle-ring-3ml\/#primaryimage"},"image":{"@id":"https:\/\/www.alovey.com\/product\/mini-cute-lip-gloss-tube-with-middle-ring-3ml\/#primaryimage"},"thumbnailUrl":"https:\/\/www.alovey.com\/wp-content\/uploads\/2026\/03\/Mini-Cute-Lip-Gloss-Tube-With-Middle-Ring-3ml-2.jpg","datePublished":"2026-03-19T09:00:49+00:00","dateModified":"2026-03-19T09:17:09+00:00","description":"This mini cute lip gloss tube 3ml features a unique middle ring design, giving the packaging a stylish and modern appearance.","breadcrumb":{"@id":"https:\/\/www.alovey.com\/product\/mini-cute-lip-gloss-tube-with-middle-ring-3ml\/#breadcrumb"},"inLanguage":"de","potentialAction":[{"@type":"ReadAction","target":["https:\/\/www.alovey.com\/product\/mini-cute-lip-gloss-tube-with-middle-ring-3ml\/"]}]},{"@type":"ImageObject","inLanguage":"de","@id":"https:\/\/www.alovey.com\/product\/mini-cute-lip-gloss-tube-with-middle-ring-3ml\/#primaryimage","url":"https:\/\/www.alovey.com\/wp-content\/uploads\/2026\/03\/Mini-Cute-Lip-Gloss-Tube-With-Middle-Ring-3ml-2.jpg","contentUrl":"https:\/\/www.alovey.com\/wp-content\/uploads\/2026\/03\/Mini-Cute-Lip-Gloss-Tube-With-Middle-Ring-3ml-2.jpg","width":750,"height":750,"caption":"Mini Cute Lip Gloss Tube With Middle Ring 3ml"},{"@type":"BreadcrumbList","@id":"https:\/\/www.alovey.com\/product\/mini-cute-lip-gloss-tube-with-middle-ring-3ml\/#breadcrumb","itemListElement":[{"@type":"ListItem","position":1,"name":"\u9996\u9875","item":"https:\/\/www.alovey.com\/"},{"@type":"ListItem","position":2,"name":"Products","item":"https:\/\/www.alovey.com\/products\/"},{"@type":"ListItem","position":3,"name":"Mini Cute Lip Gloss Tube With Middle Ring 3ml"}]},{"@type":"WebSite","@id":"https:\/\/www.alovey.com\/#website","url":"https:\/\/www.alovey.com\/","name":"Best Cosmetic Packaging Manufacture","description":"Alovey Cosmetic Packaging Co.,Ltd","publisher":{"@id":"https:\/\/www.alovey.com\/#organization"},"potentialAction":[{"@type":"SearchAction","target":{"@type":"EntryPoint","urlTemplate":"https:\/\/www.alovey.com\/?s={search_term_string}"},"query-input":{"@type":"PropertyValueSpecification","valueRequired":true,"valueName":"search_term_string"}}],"inLanguage":"de"},{"@type":"Organization","@id":"https:\/\/www.alovey.com\/#organization","name":"Best Cosmetic Packaging Manufacture","url":"https:\/\/www.alovey.com\/","logo":{"@type":"ImageObject","inLanguage":"de","@id":"https:\/\/www.alovey.com\/#\/schema\/logo\/image\/","url":"https:\/\/www.alovey.com\/wp-content\/uploads\/2023\/03\/logo.png","contentUrl":"https:\/\/www.alovey.com\/wp-content\/uploads\/2023\/03\/logo.png","width":505,"height":180,"caption":"Best  Cosmetic Packaging Manufacture"},"image":{"@id":"https:\/\/www.alovey.com\/#\/schema\/logo\/image\/"}}]}},"_links":{"self":[{"href":"https:\/\/www.alovey.com\/de\/wp-json\/wp\/v2\/product\/12722"}],"collection":[{"href":"https:\/\/www.alovey.com\/de\/wp-json\/wp\/v2\/product"}],"about":[{"href":"https:\/\/www.alovey.com\/de\/wp-json\/wp\/v2\/types\/product"}],"wp:featuredmedia":[{"embeddable":true,"href":"https:\/\/www.alovey.com\/de\/wp-json\/wp\/v2\/media\/12725"}],"wp:attachment":[{"href":"https:\/\/www.alovey.com\/de\/wp-json\/wp\/v2\/media?parent=12722"}],"wp:term":[{"taxonomy":"product_brand","embeddable":true,"href":"https:\/\/www.alovey.com\/de\/wp-json\/wp\/v2\/product_brand?post=12722"},{"taxonomy":"product_cat","embeddable":true,"href":"https:\/\/www.alovey.com\/de\/wp-json\/wp\/v2\/product_cat?post=12722"},{"taxonomy":"product_tag","embeddable":true,"href":"https:\/\/www.alovey.com\/de\/wp-json\/wp\/v2\/product_tag?post=12722"}],"curies":[{"name":"wp","href":"https:\/\/api.w.org\/{rel}","templated":true}]}}