{"id":12468,"date":"2026-01-22T04:04:02","date_gmt":"2026-01-22T04:04:02","guid":{"rendered":"https:\/\/www.alovey.com\/?post_type=product&#038;p=12468"},"modified":"2026-01-27T03:09:22","modified_gmt":"2026-01-27T03:09:22","slug":"diamond-lipstick-tube-with-metallic-finish-and-magnetic-function","status":"publish","type":"product","link":"https:\/\/www.alovey.com\/de\/produkt\/diamond-lipstick-tube-with-metallic-finish-and-magnetic-function\/","title":{"rendered":"Diamond Lipstick Tube With Metallic Finish and Magnetic Function"},"content":{"rendered":"<p><strong>Diamond Lipstick Tube With Metallic Finish\u00a0and\u00a0Magnetic\u00a0Function<\/strong><\/p>\n<p><strong>This diamond lipstick tube is \u00a0designed with a diamond-inspired structure\u00a0that reflects light beautifully and elevates shelf appeal.<\/strong><\/p>\n<p><strong>The magnetic closure\u00a0delivers a smooth, secure snap, enhancing both user experience and perceived luxury.<\/strong><\/p>\n<p><strong>Crafted for high-end lipstick collections, this unique diamond lipstick tube combines modern geometry, premium metallic finish, and functional elegance, making it ideal for luxury, designer, and private-label beauty brands.<\/strong><\/p>\n<p><strong>Key Features:<\/strong><\/p>\n<p><strong>\u00a0Diamond-Inspired Square Design\u00a0\u2014 eye-catching and distinctive<\/strong><\/p>\n<p><strong>\u00a0Metallic Finish\u00a0\u2014 luxury look with strong brand presence<\/strong><\/p>\n<p><strong>Magnetic Closure\u00a0\u2014 secure, smooth, and premium feel<\/strong><\/p>\n<p><strong>\u00a0Compatible with Standard Lipstick Bullets<\/strong><\/p>\n<p><strong>\u00a0Customizable\u00a0\u2014 logo branding, color plating, and finish options available<\/strong><\/p>\n<p><strong>Perfect for luxury lipstick lines, OEM\/ODM projects, and brands seeking a unique, high-end lipstick container\u00a0that stands out in a competitive market.<\/strong><\/p>\n<p><strong>Alovey, ein professioneller chinesischer Hersteller von Kosmetikverpackungen, produziert eine exquisite Auswahl an kundenspezifischen Kosmetikverpackungen, die sorgf\u00e4ltig hergestellt werden, um Ihre Marke aufzuwerten. Unsere vielf\u00e4ltige Auswahl an Premium-Materialien, kombiniert mit feinen Oberfl\u00e4chenveredelungstechniken wie Siebdruck, Hei\u00dfpr\u00e4gung und mattem Spr\u00fchen, macht jede Verpackung zu einem einzigartigen Meisterwerk.<\/strong><\/p>\n<p><img fetchpriority=\"high\" decoding=\"async\" class=\"size-full wp-image-12471\" src=\"https:\/\/www.alovey.com\/wp-content\/uploads\/2026\/01\/Diamond-Lipstick-Tube-With-Metallic-Finish-and-Magnetic-Function-4.jpg\" alt=\"diamond lipstick tube\" width=\"750\" height=\"750\" srcset=\"https:\/\/www.alovey.com\/wp-content\/uploads\/2026\/01\/Diamond-Lipstick-Tube-With-Metallic-Finish-and-Magnetic-Function-4.jpg 750w, https:\/\/www.alovey.com\/wp-content\/uploads\/2026\/01\/Diamond-Lipstick-Tube-With-Metallic-Finish-and-Magnetic-Function-4-300x300.jpg 300w, https:\/\/www.alovey.com\/wp-content\/uploads\/2026\/01\/Diamond-Lipstick-Tube-With-Metallic-Finish-and-Magnetic-Function-4-150x150.jpg 150w, https:\/\/www.alovey.com\/wp-content\/uploads\/2026\/01\/Diamond-Lipstick-Tube-With-Metallic-Finish-and-Magnetic-Function-4-12x12.jpg 12w, https:\/\/www.alovey.com\/wp-content\/uploads\/2026\/01\/Diamond-Lipstick-Tube-With-Metallic-Finish-and-Magnetic-Function-4-600x600.jpg 600w, https:\/\/www.alovey.com\/wp-content\/uploads\/2026\/01\/Diamond-Lipstick-Tube-With-Metallic-Finish-and-Magnetic-Function-4-100x100.jpg 100w\" sizes=\"(max-width: 750px) 100vw, 750px\" \/><\/p>\n<p><img decoding=\"async\" class=\"size-full wp-image-12472\" src=\"https:\/\/www.alovey.com\/wp-content\/uploads\/2026\/01\/Diamond-Lipstick-Tube-With-Metallic-Finish-and-Magnetic-Function-5.jpg\" alt=\"diamond lipstick tube\" width=\"750\" height=\"750\" srcset=\"https:\/\/www.alovey.com\/wp-content\/uploads\/2026\/01\/Diamond-Lipstick-Tube-With-Metallic-Finish-and-Magnetic-Function-5.jpg 750w, https:\/\/www.alovey.com\/wp-content\/uploads\/2026\/01\/Diamond-Lipstick-Tube-With-Metallic-Finish-and-Magnetic-Function-5-300x300.jpg 300w, https:\/\/www.alovey.com\/wp-content\/uploads\/2026\/01\/Diamond-Lipstick-Tube-With-Metallic-Finish-and-Magnetic-Function-5-150x150.jpg 150w, https:\/\/www.alovey.com\/wp-content\/uploads\/2026\/01\/Diamond-Lipstick-Tube-With-Metallic-Finish-and-Magnetic-Function-5-12x12.jpg 12w, https:\/\/www.alovey.com\/wp-content\/uploads\/2026\/01\/Diamond-Lipstick-Tube-With-Metallic-Finish-and-Magnetic-Function-5-600x600.jpg 600w, https:\/\/www.alovey.com\/wp-content\/uploads\/2026\/01\/Diamond-Lipstick-Tube-With-Metallic-Finish-and-Magnetic-Function-5-100x100.jpg 100w\" sizes=\"(max-width: 750px) 100vw, 750px\" \/><\/p>\n<p><img decoding=\"async\" class=\"size-full wp-image-12470\" src=\"https:\/\/www.alovey.com\/wp-content\/uploads\/2026\/01\/Diamond-Lipstick-Tube-With-Metallic-Finish-and-Magnetic-Function-3.jpg\" alt=\"diamond lipstick tube\" width=\"750\" height=\"750\" srcset=\"https:\/\/www.alovey.com\/wp-content\/uploads\/2026\/01\/Diamond-Lipstick-Tube-With-Metallic-Finish-and-Magnetic-Function-3.jpg 750w, https:\/\/www.alovey.com\/wp-content\/uploads\/2026\/01\/Diamond-Lipstick-Tube-With-Metallic-Finish-and-Magnetic-Function-3-300x300.jpg 300w, https:\/\/www.alovey.com\/wp-content\/uploads\/2026\/01\/Diamond-Lipstick-Tube-With-Metallic-Finish-and-Magnetic-Function-3-150x150.jpg 150w, https:\/\/www.alovey.com\/wp-content\/uploads\/2026\/01\/Diamond-Lipstick-Tube-With-Metallic-Finish-and-Magnetic-Function-3-12x12.jpg 12w, https:\/\/www.alovey.com\/wp-content\/uploads\/2026\/01\/Diamond-Lipstick-Tube-With-Metallic-Finish-and-Magnetic-Function-3-600x600.jpg 600w, https:\/\/www.alovey.com\/wp-content\/uploads\/2026\/01\/Diamond-Lipstick-Tube-With-Metallic-Finish-and-Magnetic-Function-3-100x100.jpg 100w\" sizes=\"(max-width: 750px) 100vw, 750px\" \/><\/p>\n<p><img loading=\"lazy\" decoding=\"async\" class=\"size-full wp-image-12469\" src=\"https:\/\/www.alovey.com\/wp-content\/uploads\/2026\/01\/Diamond-Lipstick-Tube-With-Metallic-Finish-and-Magnetic-Function-2.jpg\" alt=\"diamond lipstick tube\" width=\"750\" height=\"750\" srcset=\"https:\/\/www.alovey.com\/wp-content\/uploads\/2026\/01\/Diamond-Lipstick-Tube-With-Metallic-Finish-and-Magnetic-Function-2.jpg 750w, https:\/\/www.alovey.com\/wp-content\/uploads\/2026\/01\/Diamond-Lipstick-Tube-With-Metallic-Finish-and-Magnetic-Function-2-300x300.jpg 300w, https:\/\/www.alovey.com\/wp-content\/uploads\/2026\/01\/Diamond-Lipstick-Tube-With-Metallic-Finish-and-Magnetic-Function-2-150x150.jpg 150w, https:\/\/www.alovey.com\/wp-content\/uploads\/2026\/01\/Diamond-Lipstick-Tube-With-Metallic-Finish-and-Magnetic-Function-2-12x12.jpg 12w, https:\/\/www.alovey.com\/wp-content\/uploads\/2026\/01\/Diamond-Lipstick-Tube-With-Metallic-Finish-and-Magnetic-Function-2-600x600.jpg 600w, https:\/\/www.alovey.com\/wp-content\/uploads\/2026\/01\/Diamond-Lipstick-Tube-With-Metallic-Finish-and-Magnetic-Function-2-100x100.jpg 100w\" sizes=\"(max-width: 750px) 100vw, 750px\" \/><\/p>\n<p><img loading=\"lazy\" decoding=\"async\" class=\"size-full wp-image-12474\" src=\"https:\/\/www.alovey.com\/wp-content\/uploads\/2026\/01\/Diamond-Lipstick-Tube-With-Metallic-Finish-and-Magnetic-Function-7.jpg\" alt=\"diamond lipstick tube\" width=\"750\" height=\"750\" srcset=\"https:\/\/www.alovey.com\/wp-content\/uploads\/2026\/01\/Diamond-Lipstick-Tube-With-Metallic-Finish-and-Magnetic-Function-7.jpg 750w, https:\/\/www.alovey.com\/wp-content\/uploads\/2026\/01\/Diamond-Lipstick-Tube-With-Metallic-Finish-and-Magnetic-Function-7-300x300.jpg 300w, https:\/\/www.alovey.com\/wp-content\/uploads\/2026\/01\/Diamond-Lipstick-Tube-With-Metallic-Finish-and-Magnetic-Function-7-150x150.jpg 150w, https:\/\/www.alovey.com\/wp-content\/uploads\/2026\/01\/Diamond-Lipstick-Tube-With-Metallic-Finish-and-Magnetic-Function-7-12x12.jpg 12w, https:\/\/www.alovey.com\/wp-content\/uploads\/2026\/01\/Diamond-Lipstick-Tube-With-Metallic-Finish-and-Magnetic-Function-7-600x600.jpg 600w, https:\/\/www.alovey.com\/wp-content\/uploads\/2026\/01\/Diamond-Lipstick-Tube-With-Metallic-Finish-and-Magnetic-Function-7-100x100.jpg 100w\" sizes=\"(max-width: 750px) 100vw, 750px\" \/><\/p>\n<p><img loading=\"lazy\" decoding=\"async\" class=\"size-full wp-image-12473\" src=\"https:\/\/www.alovey.com\/wp-content\/uploads\/2026\/01\/Diamond-Lipstick-Tube-With-Metallic-Finish-and-Magnetic-Function-6.jpg\" alt=\"diamond lipstick tube\" width=\"630\" height=\"630\" srcset=\"https:\/\/www.alovey.com\/wp-content\/uploads\/2026\/01\/Diamond-Lipstick-Tube-With-Metallic-Finish-and-Magnetic-Function-6.jpg 630w, https:\/\/www.alovey.com\/wp-content\/uploads\/2026\/01\/Diamond-Lipstick-Tube-With-Metallic-Finish-and-Magnetic-Function-6-300x300.jpg 300w, https:\/\/www.alovey.com\/wp-content\/uploads\/2026\/01\/Diamond-Lipstick-Tube-With-Metallic-Finish-and-Magnetic-Function-6-150x150.jpg 150w, https:\/\/www.alovey.com\/wp-content\/uploads\/2026\/01\/Diamond-Lipstick-Tube-With-Metallic-Finish-and-Magnetic-Function-6-12x12.jpg 12w, https:\/\/www.alovey.com\/wp-content\/uploads\/2026\/01\/Diamond-Lipstick-Tube-With-Metallic-Finish-and-Magnetic-Function-6-600x600.jpg 600w, https:\/\/www.alovey.com\/wp-content\/uploads\/2026\/01\/Diamond-Lipstick-Tube-With-Metallic-Finish-and-Magnetic-Function-6-100x100.jpg 100w\" sizes=\"(max-width: 630px) 100vw, 630px\" \/><\/p>\n<p>&nbsp;<\/p>\n<p>&nbsp;<\/p>\n<p>&nbsp;<\/p>\n<p>&nbsp;<\/p>\n<p>&nbsp;<\/p>\n<p>&nbsp;<\/p>\n<p>&nbsp;<\/p>\n<p>&nbsp;<\/p>\n<p>&nbsp;<\/p>\n<p>&nbsp;<\/p>\n<p>&nbsp;<\/p>\n<p>&nbsp;<\/p>\n<p>&nbsp;<\/p>\n<p>&nbsp;<\/p>\n<p>&nbsp;<\/p>\n<p>&nbsp;<\/p>\n<p>&nbsp;<\/p>\n<p>&nbsp;<\/p>\n<p>&nbsp;<\/p>\n<p>&nbsp;<\/p>\n<p>&nbsp;<\/p>\n<p>&nbsp;<\/p>\n<p>&nbsp;<\/p>\n<p>&nbsp;<\/p>\n<p>&nbsp;<\/p>\n<p>&nbsp;<\/p>\n<p>&nbsp;<\/p>\n<p>&nbsp;<\/p>\n<p>&nbsp;<\/p>\n<p>&nbsp;<\/p>\n<p>&nbsp;<\/p>\n<p>&nbsp;<\/p>\n<p>&nbsp;<\/p>\n<p>&nbsp;<\/p>\n<p>&nbsp;<\/p>\n<p>&nbsp;<\/p>\n<p>&nbsp;<\/p>\n<p>&nbsp;<\/p>\n<p>&nbsp;<\/p>\n<p>&nbsp;<\/p>\n<p>&nbsp;<\/p>\n<p>&nbsp;<\/p>\n<p>&nbsp;<\/p>\n<p>&nbsp;<\/p>\n<p>&nbsp;<\/p>\n<p>&nbsp;<\/p>\n<p>&nbsp;<\/p>\n<p>&nbsp;<\/p>\n<p>&nbsp;<\/p>\n<p>&nbsp;<\/p>\n<p>&nbsp;<\/p>\n<p>&nbsp;<\/p>\n<p>&nbsp;<\/p>\n<p>&nbsp;<\/p>\n<p>&nbsp;<\/p>\n<p>&nbsp;<\/p>\n<p>&nbsp;<\/p>\n<p>&nbsp;<\/p>\n<p>&nbsp;<\/p>\n<p>&nbsp;<\/p>\n<p>&nbsp;<\/p>\n<p>&nbsp;<\/p>\n<p>&nbsp;<\/p>\n<p>&nbsp;<\/p>\n<p>&nbsp;<\/p>\n<p>&nbsp;<\/p>\n<p>&nbsp;<\/p>\n<p>&nbsp;<\/p>\n<p>&nbsp;<\/p>\n<p>&nbsp;<\/p>\n<p>&nbsp;<\/p>\n<p>&nbsp;<\/p>\n<p>&nbsp;<\/p>\n<p>&nbsp;<\/p>\n<p>&nbsp;<\/p>\n<p>&nbsp;<\/p>\n<p>&nbsp;<\/p>\n<p>&nbsp;<\/p>\n<p>&nbsp;<\/p>\n<p>&nbsp;<\/p>\n<p>&nbsp;<\/p>\n<p>&nbsp;<\/p>\n<p>&nbsp;<\/p>\n<p>&nbsp;<\/p>\n<p>&nbsp;<\/p>\n<p>&nbsp;<\/p>\n<p>&nbsp;<\/p>\n<p>&nbsp;<\/p>\n<p>&nbsp;<\/p>\n<p>&nbsp;<\/p>\n<p>&nbsp;<\/p>\n<p>&nbsp;<\/p>\n<p>&nbsp;<\/p>\n<p>&nbsp;<\/p>","protected":false},"excerpt":{"rendered":"<ul>\n<li>Item No: LS-0524A<\/li>\n<li>Material:\u00a0Plastic<\/li>\n<li>Capacity: 8ml<\/li>\n<li>Size:\u00a0W23 *H828 MM<\/li>\n<li>Anwendungen: Sch\u00f6nheitsprodukte<\/li>\n<li>MOQ: 12,000 pcs<\/li>\n<li>Farbe: Benutzerdefinierte Farbe<\/li>\n<li>Surface treatment: Injection\/Matte\/Materialization\/UV coating<\/li>\n<li>Markenname: OEM\/ODM<\/li>\n<li>Logo: Logo des Kunden<\/li>\n<li>Lieferf\u00e4higkeit: 100.000 St\u00fcck pro Monat<\/li>\n<\/ul>\n<p>&nbsp;<\/p>\n<p>&nbsp;<\/p>","protected":false},"featured_media":12471,"template":"","meta":{"_acf_changed":false},"product_brand":[],"product_cat":[373],"product_tag":[389,404],"class_list":{"0":"post-12468","1":"product","2":"type-product","3":"status-publish","4":"has-post-thumbnail","6":"product_cat-professional-lipstick-tube-supplier","7":"product_tag-lip-stick-tube","8":"product_tag-unique-cosmetic-packaging","10":"first","11":"instock","12":"shipping-taxable","13":"product-type-simple"},"acf":[],"yoast_head":"<!-- This site is optimized with the Yoast SEO plugin v24.1 - https:\/\/yoast.com\/wordpress\/plugins\/seo\/ -->\n<title>Diamond Lipstick Tube With Metallic Finish and Magnetic Function<\/title>\n<meta name=\"description\" content=\"This diamond lipstick tube is designed with a diamond-inspired structure that reflects light beautifully and elevates shelf appeal.\" \/>\n<meta name=\"robots\" content=\"index, follow, max-snippet:-1, max-image-preview:large, max-video-preview:-1\" \/>\n<link rel=\"canonical\" href=\"https:\/\/www.alovey.com\/de\/produkt\/diamond-lipstick-tube-with-metallic-finish-and-magnetic-function\/\" \/>\n<meta property=\"og:locale\" content=\"de_DE\" \/>\n<meta property=\"og:type\" content=\"article\" \/>\n<meta property=\"og:title\" content=\"Diamond Lipstick Tube With Metallic Finish and Magnetic Function\" \/>\n<meta property=\"og:description\" content=\"This diamond lipstick tube is designed with a diamond-inspired structure that reflects light beautifully and elevates shelf appeal.\" \/>\n<meta property=\"og:url\" content=\"https:\/\/www.alovey.com\/de\/produkt\/diamond-lipstick-tube-with-metallic-finish-and-magnetic-function\/\" \/>\n<meta property=\"og:site_name\" content=\"Best Cosmetic Packaging Manufacture\" \/>\n<meta property=\"article:modified_time\" content=\"2026-01-27T03:09:22+00:00\" \/>\n<meta property=\"og:image\" content=\"https:\/\/www.alovey.com\/wp-content\/uploads\/2026\/01\/Diamond-Lipstick-Tube-With-Metallic-Finish-and-Magnetic-Function-4.jpg\" \/>\n\t<meta property=\"og:image:width\" content=\"750\" \/>\n\t<meta property=\"og:image:height\" content=\"750\" \/>\n\t<meta property=\"og:image:type\" content=\"image\/jpeg\" \/>\n<meta name=\"twitter:card\" content=\"summary_large_image\" \/>\n<meta name=\"twitter:label1\" content=\"Gesch\u00e4tzte Lesezeit\" \/>\n\t<meta name=\"twitter:data1\" content=\"3\u00a0Minuten\" \/>\n<script type=\"application\/ld+json\" class=\"yoast-schema-graph\">{\"@context\":\"https:\/\/schema.org\",\"@graph\":[{\"@type\":\"WebPage\",\"@id\":\"https:\/\/www.alovey.com\/product\/diamond-lipstick-tube-with-metallic-finish-and-magnetic-function\/\",\"url\":\"https:\/\/www.alovey.com\/product\/diamond-lipstick-tube-with-metallic-finish-and-magnetic-function\/\",\"name\":\"Diamond Lipstick Tube With Metallic Finish and Magnetic Function\",\"isPartOf\":{\"@id\":\"https:\/\/www.alovey.com\/#website\"},\"primaryImageOfPage\":{\"@id\":\"https:\/\/www.alovey.com\/product\/diamond-lipstick-tube-with-metallic-finish-and-magnetic-function\/#primaryimage\"},\"image\":{\"@id\":\"https:\/\/www.alovey.com\/product\/diamond-lipstick-tube-with-metallic-finish-and-magnetic-function\/#primaryimage\"},\"thumbnailUrl\":\"https:\/\/www.alovey.com\/wp-content\/uploads\/2026\/01\/Diamond-Lipstick-Tube-With-Metallic-Finish-and-Magnetic-Function-4.jpg\",\"datePublished\":\"2026-01-22T04:04:02+00:00\",\"dateModified\":\"2026-01-27T03:09:22+00:00\",\"description\":\"This diamond lipstick tube is designed with a diamond-inspired structure that reflects light beautifully and elevates shelf appeal.\",\"breadcrumb\":{\"@id\":\"https:\/\/www.alovey.com\/product\/diamond-lipstick-tube-with-metallic-finish-and-magnetic-function\/#breadcrumb\"},\"inLanguage\":\"de\",\"potentialAction\":[{\"@type\":\"ReadAction\",\"target\":[\"https:\/\/www.alovey.com\/product\/diamond-lipstick-tube-with-metallic-finish-and-magnetic-function\/\"]}]},{\"@type\":\"ImageObject\",\"inLanguage\":\"de\",\"@id\":\"https:\/\/www.alovey.com\/product\/diamond-lipstick-tube-with-metallic-finish-and-magnetic-function\/#primaryimage\",\"url\":\"https:\/\/www.alovey.com\/wp-content\/uploads\/2026\/01\/Diamond-Lipstick-Tube-With-Metallic-Finish-and-Magnetic-Function-4.jpg\",\"contentUrl\":\"https:\/\/www.alovey.com\/wp-content\/uploads\/2026\/01\/Diamond-Lipstick-Tube-With-Metallic-Finish-and-Magnetic-Function-4.jpg\",\"width\":750,\"height\":750,\"caption\":\"Diamond Lipstick Tube With Metallic Finish and Magnetic Function\"},{\"@type\":\"BreadcrumbList\",\"@id\":\"https:\/\/www.alovey.com\/product\/diamond-lipstick-tube-with-metallic-finish-and-magnetic-function\/#breadcrumb\",\"itemListElement\":[{\"@type\":\"ListItem\",\"position\":1,\"name\":\"\u9996\u9875\",\"item\":\"https:\/\/www.alovey.com\/\"},{\"@type\":\"ListItem\",\"position\":2,\"name\":\"Products\",\"item\":\"https:\/\/www.alovey.com\/products\/\"},{\"@type\":\"ListItem\",\"position\":3,\"name\":\"Diamond Lipstick Tube With Metallic Finish and Magnetic Function\"}]},{\"@type\":\"WebSite\",\"@id\":\"https:\/\/www.alovey.com\/#website\",\"url\":\"https:\/\/www.alovey.com\/\",\"name\":\"Best Cosmetic Packaging Manufacture\",\"description\":\"Alovey Cosmetic Packaging Co.,Ltd\",\"publisher\":{\"@id\":\"https:\/\/www.alovey.com\/#organization\"},\"potentialAction\":[{\"@type\":\"SearchAction\",\"target\":{\"@type\":\"EntryPoint\",\"urlTemplate\":\"https:\/\/www.alovey.com\/?s={search_term_string}\"},\"query-input\":{\"@type\":\"PropertyValueSpecification\",\"valueRequired\":true,\"valueName\":\"search_term_string\"}}],\"inLanguage\":\"de\"},{\"@type\":\"Organization\",\"@id\":\"https:\/\/www.alovey.com\/#organization\",\"name\":\"Best Cosmetic Packaging Manufacture\",\"url\":\"https:\/\/www.alovey.com\/\",\"logo\":{\"@type\":\"ImageObject\",\"inLanguage\":\"de\",\"@id\":\"https:\/\/www.alovey.com\/#\/schema\/logo\/image\/\",\"url\":\"https:\/\/www.alovey.com\/wp-content\/uploads\/2023\/03\/logo.png\",\"contentUrl\":\"https:\/\/www.alovey.com\/wp-content\/uploads\/2023\/03\/logo.png\",\"width\":505,\"height\":180,\"caption\":\"Best  Cosmetic Packaging Manufacture\"},\"image\":{\"@id\":\"https:\/\/www.alovey.com\/#\/schema\/logo\/image\/\"}}]}<\/script>\n<!-- \/ Yoast SEO plugin. -->","yoast_head_json":{"title":"Diamond Lipstick Tube With Metallic Finish and Magnetic Function","description":"This diamond lipstick tube is designed with a diamond-inspired structure that reflects light beautifully and elevates shelf appeal.","robots":{"index":"index","follow":"follow","max-snippet":"max-snippet:-1","max-image-preview":"max-image-preview:large","max-video-preview":"max-video-preview:-1"},"canonical":"https:\/\/www.alovey.com\/de\/produkt\/diamond-lipstick-tube-with-metallic-finish-and-magnetic-function\/","og_locale":"de_DE","og_type":"article","og_title":"Diamond Lipstick Tube With Metallic Finish and Magnetic Function","og_description":"This diamond lipstick tube is designed with a diamond-inspired structure that reflects light beautifully and elevates shelf appeal.","og_url":"https:\/\/www.alovey.com\/de\/produkt\/diamond-lipstick-tube-with-metallic-finish-and-magnetic-function\/","og_site_name":"Best Cosmetic Packaging Manufacture","article_modified_time":"2026-01-27T03:09:22+00:00","og_image":[{"width":750,"height":750,"url":"https:\/\/www.alovey.com\/wp-content\/uploads\/2026\/01\/Diamond-Lipstick-Tube-With-Metallic-Finish-and-Magnetic-Function-4.jpg","type":"image\/jpeg"}],"twitter_card":"summary_large_image","twitter_misc":{"Gesch\u00e4tzte Lesezeit":"3\u00a0Minuten"},"schema":{"@context":"https:\/\/schema.org","@graph":[{"@type":"WebPage","@id":"https:\/\/www.alovey.com\/product\/diamond-lipstick-tube-with-metallic-finish-and-magnetic-function\/","url":"https:\/\/www.alovey.com\/product\/diamond-lipstick-tube-with-metallic-finish-and-magnetic-function\/","name":"Diamond Lipstick Tube With Metallic Finish and Magnetic Function","isPartOf":{"@id":"https:\/\/www.alovey.com\/#website"},"primaryImageOfPage":{"@id":"https:\/\/www.alovey.com\/product\/diamond-lipstick-tube-with-metallic-finish-and-magnetic-function\/#primaryimage"},"image":{"@id":"https:\/\/www.alovey.com\/product\/diamond-lipstick-tube-with-metallic-finish-and-magnetic-function\/#primaryimage"},"thumbnailUrl":"https:\/\/www.alovey.com\/wp-content\/uploads\/2026\/01\/Diamond-Lipstick-Tube-With-Metallic-Finish-and-Magnetic-Function-4.jpg","datePublished":"2026-01-22T04:04:02+00:00","dateModified":"2026-01-27T03:09:22+00:00","description":"This diamond lipstick tube is designed with a diamond-inspired structure that reflects light beautifully and elevates shelf appeal.","breadcrumb":{"@id":"https:\/\/www.alovey.com\/product\/diamond-lipstick-tube-with-metallic-finish-and-magnetic-function\/#breadcrumb"},"inLanguage":"de","potentialAction":[{"@type":"ReadAction","target":["https:\/\/www.alovey.com\/product\/diamond-lipstick-tube-with-metallic-finish-and-magnetic-function\/"]}]},{"@type":"ImageObject","inLanguage":"de","@id":"https:\/\/www.alovey.com\/product\/diamond-lipstick-tube-with-metallic-finish-and-magnetic-function\/#primaryimage","url":"https:\/\/www.alovey.com\/wp-content\/uploads\/2026\/01\/Diamond-Lipstick-Tube-With-Metallic-Finish-and-Magnetic-Function-4.jpg","contentUrl":"https:\/\/www.alovey.com\/wp-content\/uploads\/2026\/01\/Diamond-Lipstick-Tube-With-Metallic-Finish-and-Magnetic-Function-4.jpg","width":750,"height":750,"caption":"Diamond Lipstick Tube With Metallic Finish and Magnetic Function"},{"@type":"BreadcrumbList","@id":"https:\/\/www.alovey.com\/product\/diamond-lipstick-tube-with-metallic-finish-and-magnetic-function\/#breadcrumb","itemListElement":[{"@type":"ListItem","position":1,"name":"\u9996\u9875","item":"https:\/\/www.alovey.com\/"},{"@type":"ListItem","position":2,"name":"Products","item":"https:\/\/www.alovey.com\/products\/"},{"@type":"ListItem","position":3,"name":"Diamond Lipstick Tube With Metallic Finish and Magnetic Function"}]},{"@type":"WebSite","@id":"https:\/\/www.alovey.com\/#website","url":"https:\/\/www.alovey.com\/","name":"Best Cosmetic Packaging Manufacture","description":"Alovey Cosmetic Packaging Co.,Ltd","publisher":{"@id":"https:\/\/www.alovey.com\/#organization"},"potentialAction":[{"@type":"SearchAction","target":{"@type":"EntryPoint","urlTemplate":"https:\/\/www.alovey.com\/?s={search_term_string}"},"query-input":{"@type":"PropertyValueSpecification","valueRequired":true,"valueName":"search_term_string"}}],"inLanguage":"de"},{"@type":"Organization","@id":"https:\/\/www.alovey.com\/#organization","name":"Best Cosmetic Packaging Manufacture","url":"https:\/\/www.alovey.com\/","logo":{"@type":"ImageObject","inLanguage":"de","@id":"https:\/\/www.alovey.com\/#\/schema\/logo\/image\/","url":"https:\/\/www.alovey.com\/wp-content\/uploads\/2023\/03\/logo.png","contentUrl":"https:\/\/www.alovey.com\/wp-content\/uploads\/2023\/03\/logo.png","width":505,"height":180,"caption":"Best  Cosmetic Packaging Manufacture"},"image":{"@id":"https:\/\/www.alovey.com\/#\/schema\/logo\/image\/"}}]}},"_links":{"self":[{"href":"https:\/\/www.alovey.com\/de\/wp-json\/wp\/v2\/product\/12468"}],"collection":[{"href":"https:\/\/www.alovey.com\/de\/wp-json\/wp\/v2\/product"}],"about":[{"href":"https:\/\/www.alovey.com\/de\/wp-json\/wp\/v2\/types\/product"}],"wp:featuredmedia":[{"embeddable":true,"href":"https:\/\/www.alovey.com\/de\/wp-json\/wp\/v2\/media\/12471"}],"wp:attachment":[{"href":"https:\/\/www.alovey.com\/de\/wp-json\/wp\/v2\/media?parent=12468"}],"wp:term":[{"taxonomy":"product_brand","embeddable":true,"href":"https:\/\/www.alovey.com\/de\/wp-json\/wp\/v2\/product_brand?post=12468"},{"taxonomy":"product_cat","embeddable":true,"href":"https:\/\/www.alovey.com\/de\/wp-json\/wp\/v2\/product_cat?post=12468"},{"taxonomy":"product_tag","embeddable":true,"href":"https:\/\/www.alovey.com\/de\/wp-json\/wp\/v2\/product_tag?post=12468"}],"curies":[{"name":"wp","href":"https:\/\/api.w.org\/{rel}","templated":true}]}}