{"id":12283,"date":"2025-12-24T04:10:45","date_gmt":"2025-12-24T04:10:45","guid":{"rendered":"https:\/\/www.alovey.com\/?post_type=product&#038;p=12283"},"modified":"2025-12-24T04:36:25","modified_gmt":"2025-12-24T04:36:25","slug":"crystal-square-lipstick-empty-tube","status":"publish","type":"product","link":"https:\/\/www.alovey.com\/de\/produkt\/crystal-square-lipstick-empty-tube\/","title":{"rendered":"\u00a0Crystal square lipstick empty tube"},"content":{"rendered":"<p><strong>Elevate your lipstick line with our Crystal Square Luxury Lipstick Empty Tube, designed to deliver a high-end, jewelry-like appearance\u00a0with solid, reliable functionality\u2014perfect for premium and luxury cosmetic brands.<\/strong><\/p>\n<h3><strong>Key Features<\/strong><\/h3>\n<p><strong>Design:\u00a0Crystal\u00a0pink\u00a0square shape\u00a0with sharp, elegant lines<\/strong><\/p>\n<p><strong>Look &amp; Feel:\u00a0Luxury, weighty appearance with high transparency<\/strong><\/p>\n<p><strong>Capacity:\u00a0Standard lipstick sizes (customizable)<\/strong><\/p>\n<p><strong>Mechanism:\u00a0Smooth twist-up system with stable structure<\/strong><\/p>\n<p><strong>Closure:\u00a0Secure snap like \u00a0<\/strong><\/p>\n<h3><strong>OEM \/ Customization Options<\/strong><\/h3>\n<p><strong>Custom colors (clear, smoky, gradient, or tinted crystal)<\/strong><\/p>\n<p><strong>Logo branding (hot stamping, silk screen)<\/strong><\/p>\n<p><strong>Surface finishes (high-gloss, frosted, partial matte)<\/strong><\/p>\n<p><strong>Inner cup color matching<\/strong><\/p>\n<p><strong>Decoration options (metallic accents, custom engraving effect)<\/strong><\/p>\n<h3><strong>Ideal For<\/strong><\/h3>\n<h3><strong>Luxury lipstick<\/strong><\/h3>\n<p><strong>Satin \/ matte bullet lipstick<\/strong><\/p>\n<p><strong>Limited edition or gift collections<\/strong><\/p>\n<h3><strong>Why Brands Choose This Tube<\/strong><\/h3>\n<p><strong>Crystal square design\u00a0creates instant premium shelf impact<\/strong><\/p>\n<p><strong>Strong differentiation for luxury positioning<\/strong><\/p>\n<p><strong>Alovey, ein professioneller chinesischer Hersteller von Kosmetikverpackungen, produziert eine exquisite Auswahl an kundenspezifischen Kosmetikverpackungen, die sorgf\u00e4ltig hergestellt werden, um Ihre Marke aufzuwerten. Unsere vielf\u00e4ltige Auswahl an Premium-Materialien, kombiniert mit feinen Oberfl\u00e4chenveredelungstechniken wie Siebdruck, Hei\u00dfpr\u00e4gung und mattem Spr\u00fchen, macht jede Verpackung zu einem einzigartigen Meisterwerk.<\/strong><\/p>\n<p><img fetchpriority=\"high\" decoding=\"async\" class=\"size-full wp-image-12289\" src=\"https:\/\/www.alovey.com\/wp-content\/uploads\/2025\/12\/Crystal-square-lipstick-empty-tube-7.jpg\" alt=\"square lipstick empty tube\" width=\"750\" height=\"750\" srcset=\"https:\/\/www.alovey.com\/wp-content\/uploads\/2025\/12\/Crystal-square-lipstick-empty-tube-7.jpg 750w, https:\/\/www.alovey.com\/wp-content\/uploads\/2025\/12\/Crystal-square-lipstick-empty-tube-7-300x300.jpg 300w, https:\/\/www.alovey.com\/wp-content\/uploads\/2025\/12\/Crystal-square-lipstick-empty-tube-7-150x150.jpg 150w, https:\/\/www.alovey.com\/wp-content\/uploads\/2025\/12\/Crystal-square-lipstick-empty-tube-7-12x12.jpg 12w, https:\/\/www.alovey.com\/wp-content\/uploads\/2025\/12\/Crystal-square-lipstick-empty-tube-7-600x600.jpg 600w, https:\/\/www.alovey.com\/wp-content\/uploads\/2025\/12\/Crystal-square-lipstick-empty-tube-7-100x100.jpg 100w\" sizes=\"(max-width: 750px) 100vw, 750px\" \/> <img decoding=\"async\" class=\"size-full wp-image-12287\" src=\"https:\/\/www.alovey.com\/wp-content\/uploads\/2025\/12\/Crystal-square-lipstick-empty-tube-5.jpg\" alt=\"square lipstick empty tube\" width=\"750\" height=\"750\" srcset=\"https:\/\/www.alovey.com\/wp-content\/uploads\/2025\/12\/Crystal-square-lipstick-empty-tube-5.jpg 750w, https:\/\/www.alovey.com\/wp-content\/uploads\/2025\/12\/Crystal-square-lipstick-empty-tube-5-300x300.jpg 300w, https:\/\/www.alovey.com\/wp-content\/uploads\/2025\/12\/Crystal-square-lipstick-empty-tube-5-150x150.jpg 150w, https:\/\/www.alovey.com\/wp-content\/uploads\/2025\/12\/Crystal-square-lipstick-empty-tube-5-12x12.jpg 12w, https:\/\/www.alovey.com\/wp-content\/uploads\/2025\/12\/Crystal-square-lipstick-empty-tube-5-600x600.jpg 600w, https:\/\/www.alovey.com\/wp-content\/uploads\/2025\/12\/Crystal-square-lipstick-empty-tube-5-100x100.jpg 100w\" sizes=\"(max-width: 750px) 100vw, 750px\" \/> <img decoding=\"async\" class=\"size-full wp-image-12286\" src=\"https:\/\/www.alovey.com\/wp-content\/uploads\/2025\/12\/Crystal-square-lipstick-empty-tube-4.jpg\" alt=\"square lipstick empty tube\" width=\"750\" height=\"750\" srcset=\"https:\/\/www.alovey.com\/wp-content\/uploads\/2025\/12\/Crystal-square-lipstick-empty-tube-4.jpg 750w, https:\/\/www.alovey.com\/wp-content\/uploads\/2025\/12\/Crystal-square-lipstick-empty-tube-4-300x300.jpg 300w, https:\/\/www.alovey.com\/wp-content\/uploads\/2025\/12\/Crystal-square-lipstick-empty-tube-4-150x150.jpg 150w, https:\/\/www.alovey.com\/wp-content\/uploads\/2025\/12\/Crystal-square-lipstick-empty-tube-4-12x12.jpg 12w, https:\/\/www.alovey.com\/wp-content\/uploads\/2025\/12\/Crystal-square-lipstick-empty-tube-4-600x600.jpg 600w, https:\/\/www.alovey.com\/wp-content\/uploads\/2025\/12\/Crystal-square-lipstick-empty-tube-4-100x100.jpg 100w\" sizes=\"(max-width: 750px) 100vw, 750px\" \/> <img loading=\"lazy\" decoding=\"async\" class=\"size-full wp-image-12285\" src=\"https:\/\/www.alovey.com\/wp-content\/uploads\/2025\/12\/Crystal-square-lipstick-empty-tube-3.jpg\" alt=\"square lipstick empty tube\" width=\"750\" height=\"750\" srcset=\"https:\/\/www.alovey.com\/wp-content\/uploads\/2025\/12\/Crystal-square-lipstick-empty-tube-3.jpg 750w, https:\/\/www.alovey.com\/wp-content\/uploads\/2025\/12\/Crystal-square-lipstick-empty-tube-3-300x300.jpg 300w, https:\/\/www.alovey.com\/wp-content\/uploads\/2025\/12\/Crystal-square-lipstick-empty-tube-3-150x150.jpg 150w, https:\/\/www.alovey.com\/wp-content\/uploads\/2025\/12\/Crystal-square-lipstick-empty-tube-3-12x12.jpg 12w, https:\/\/www.alovey.com\/wp-content\/uploads\/2025\/12\/Crystal-square-lipstick-empty-tube-3-600x600.jpg 600w, https:\/\/www.alovey.com\/wp-content\/uploads\/2025\/12\/Crystal-square-lipstick-empty-tube-3-100x100.jpg 100w\" sizes=\"(max-width: 750px) 100vw, 750px\" \/> <img loading=\"lazy\" decoding=\"async\" class=\"size-full wp-image-12284\" src=\"https:\/\/www.alovey.com\/wp-content\/uploads\/2025\/12\/Crystal-square-lipstick-empty-tube-2.jpg\" alt=\"\" width=\"750\" height=\"750\" srcset=\"https:\/\/www.alovey.com\/wp-content\/uploads\/2025\/12\/Crystal-square-lipstick-empty-tube-2.jpg 750w, https:\/\/www.alovey.com\/wp-content\/uploads\/2025\/12\/Crystal-square-lipstick-empty-tube-2-300x300.jpg 300w, https:\/\/www.alovey.com\/wp-content\/uploads\/2025\/12\/Crystal-square-lipstick-empty-tube-2-150x150.jpg 150w, https:\/\/www.alovey.com\/wp-content\/uploads\/2025\/12\/Crystal-square-lipstick-empty-tube-2-12x12.jpg 12w, https:\/\/www.alovey.com\/wp-content\/uploads\/2025\/12\/Crystal-square-lipstick-empty-tube-2-600x600.jpg 600w, https:\/\/www.alovey.com\/wp-content\/uploads\/2025\/12\/Crystal-square-lipstick-empty-tube-2-100x100.jpg 100w\" sizes=\"(max-width: 750px) 100vw, 750px\" \/> <img loading=\"lazy\" decoding=\"async\" class=\"size-full wp-image-12282\" src=\"https:\/\/www.alovey.com\/wp-content\/uploads\/2025\/12\/New-Arrival-Empty-Lipgloss-Container-With-Water-Drop-Top-4.jpg\" alt=\"Empty Lipgloss Container\" width=\"750\" height=\"750\" srcset=\"https:\/\/www.alovey.com\/wp-content\/uploads\/2025\/12\/New-Arrival-Empty-Lipgloss-Container-With-Water-Drop-Top-4.jpg 750w, https:\/\/www.alovey.com\/wp-content\/uploads\/2025\/12\/New-Arrival-Empty-Lipgloss-Container-With-Water-Drop-Top-4-300x300.jpg 300w, https:\/\/www.alovey.com\/wp-content\/uploads\/2025\/12\/New-Arrival-Empty-Lipgloss-Container-With-Water-Drop-Top-4-150x150.jpg 150w, https:\/\/www.alovey.com\/wp-content\/uploads\/2025\/12\/New-Arrival-Empty-Lipgloss-Container-With-Water-Drop-Top-4-12x12.jpg 12w, https:\/\/www.alovey.com\/wp-content\/uploads\/2025\/12\/New-Arrival-Empty-Lipgloss-Container-With-Water-Drop-Top-4-600x600.jpg 600w, https:\/\/www.alovey.com\/wp-content\/uploads\/2025\/12\/New-Arrival-Empty-Lipgloss-Container-With-Water-Drop-Top-4-100x100.jpg 100w\" sizes=\"(max-width: 750px) 100vw, 750px\" \/> <img loading=\"lazy\" decoding=\"async\" class=\"size-full wp-image-12288\" src=\"https:\/\/www.alovey.com\/wp-content\/uploads\/2025\/12\/Crystal-square-lipstick-empty-tube-6.jpg\" alt=\"square lipstick empty tube\" width=\"630\" height=\"630\" srcset=\"https:\/\/www.alovey.com\/wp-content\/uploads\/2025\/12\/Crystal-square-lipstick-empty-tube-6.jpg 630w, https:\/\/www.alovey.com\/wp-content\/uploads\/2025\/12\/Crystal-square-lipstick-empty-tube-6-300x300.jpg 300w, https:\/\/www.alovey.com\/wp-content\/uploads\/2025\/12\/Crystal-square-lipstick-empty-tube-6-150x150.jpg 150w, https:\/\/www.alovey.com\/wp-content\/uploads\/2025\/12\/Crystal-square-lipstick-empty-tube-6-12x12.jpg 12w, https:\/\/www.alovey.com\/wp-content\/uploads\/2025\/12\/Crystal-square-lipstick-empty-tube-6-600x600.jpg 600w, https:\/\/www.alovey.com\/wp-content\/uploads\/2025\/12\/Crystal-square-lipstick-empty-tube-6-100x100.jpg 100w\" sizes=\"(max-width: 630px) 100vw, 630px\" \/><\/p>\n<p>&nbsp;<\/p>\n<p>&nbsp;<\/p>\n<p>&nbsp;<\/p>\n<p>&nbsp;<\/p>\n<p>&nbsp;<\/p>\n<p>&nbsp;<\/p>\n<p>&nbsp;<\/p>\n<p>&nbsp;<\/p>\n<p>&nbsp;<\/p>\n<p>&nbsp;<\/p>\n<p>&nbsp;<\/p>\n<p>&nbsp;<\/p>\n<p>&nbsp;<\/p>\n<p>&nbsp;<\/p>\n<p>&nbsp;<\/p>\n<p>&nbsp;<\/p>\n<p>&nbsp;<\/p>\n<p>&nbsp;<\/p>\n<p>&nbsp;<\/p>\n<p>&nbsp;<\/p>\n<p>&nbsp;<\/p>\n<p>&nbsp;<\/p>\n<p>&nbsp;<\/p>\n<p>&nbsp;<\/p>\n<p>&nbsp;<\/p>\n<p>&nbsp;<\/p>\n<p>&nbsp;<\/p>\n<p>&nbsp;<\/p>\n<p>&nbsp;<\/p>\n<p>&nbsp;<\/p>\n<p>&nbsp;<\/p>\n<p>&nbsp;<\/p>\n<p>&nbsp;<\/p>\n<p>&nbsp;<\/p>\n<p>&nbsp;<\/p>\n<p>&nbsp;<\/p>\n<p>&nbsp;<\/p>\n<p>&nbsp;<\/p>\n<p>&nbsp;<\/p>\n<p>&nbsp;<\/p>\n<p>&nbsp;<\/p>\n<p>&nbsp;<\/p>\n<p>&nbsp;<\/p>\n<p>&nbsp;<\/p>\n<p>&nbsp;<\/p>\n<p>&nbsp;<\/p>\n<p>&nbsp;<\/p>\n<p>&nbsp;<\/p>\n<p>&nbsp;<\/p>\n<p>&nbsp;<\/p>\n<p>&nbsp;<\/p>\n<p>&nbsp;<\/p>\n<p>&nbsp;<\/p>\n<p>&nbsp;<\/p>\n<p>&nbsp;<\/p>\n<p>&nbsp;<\/p>\n<p>&nbsp;<\/p>\n<p>&nbsp;<\/p>\n<p>&nbsp;<\/p>\n<p>&nbsp;<\/p>\n<p>&nbsp;<\/p>\n<p>&nbsp;<\/p>\n<p>&nbsp;<\/p>\n<p>&nbsp;<\/p>\n<p>&nbsp;<\/p>\n<p>&nbsp;<\/p>\n<p>&nbsp;<\/p>\n<p>&nbsp;<\/p>\n<p>&nbsp;<\/p>\n<p>&nbsp;<\/p>\n<p>&nbsp;<\/p>\n<p>&nbsp;<\/p>\n<p>&nbsp;<\/p>\n<p>&nbsp;<\/p>\n<p>&nbsp;<\/p>\n<p>&nbsp;<\/p>\n<p>&nbsp;<\/p>\n<p>&nbsp;<\/p>\n<p>&nbsp;<\/p>\n<p>&nbsp;<\/p>\n<p>&nbsp;<\/p>\n<p>&nbsp;<\/p>\n<p>&nbsp;<\/p>\n<p>&nbsp;<\/p>\n<p>&nbsp;<\/p>\n<p>&nbsp;<\/p>\n<p>&nbsp;<\/p>\n<p>&nbsp;<\/p>\n<p>&nbsp;<\/p>\n<p>&nbsp;<\/p>\n<p>&nbsp;<\/p>\n<p>&nbsp;<\/p>\n<p>&nbsp;<\/p>\n<p>&nbsp;<\/p>\n<p>&nbsp;<\/p>\n<p>&nbsp;<\/p>\n<p>&nbsp;<\/p>\n<p>&nbsp;<\/p>\n<p>&nbsp;<\/p>\n<p>&nbsp;<\/p>\n<p>&nbsp;<\/p>\n<p>&nbsp;<\/p>\n<p>&nbsp;<\/p>\n<p>&nbsp;<\/p>","protected":false},"excerpt":{"rendered":"<ul>\n<li>Item No: LS-0514B<\/li>\n<li>Material:\u00a0Plastic<\/li>\n<li>Size:\u00a0W23*H84.5MM<\/li>\n<li>Anwendungen: Sch\u00f6nheitsprodukte<\/li>\n<li>MOQ: 12,000 pcs<\/li>\n<li>Farbe: Benutzerdefinierte Farbe<\/li>\n<li>Surface treatment: Injection\/Matte\/Materialization\/UV coating<\/li>\n<li>Markenname: OEM\/ODM<\/li>\n<li>Logo: Logo des Kunden<\/li>\n<li>Lieferf\u00e4higkeit: 100.000 St\u00fcck pro Monat<\/li>\n<\/ul>\n<p>&nbsp;<\/p>\n<p>&nbsp;<\/p>","protected":false},"featured_media":12285,"template":"","meta":{"_acf_changed":false},"product_brand":[],"product_cat":[373],"product_tag":[389],"class_list":{"0":"post-12283","1":"product","2":"type-product","3":"status-publish","4":"has-post-thumbnail","6":"product_cat-professional-lipstick-tube-supplier","7":"product_tag-lip-stick-tube","9":"first","10":"instock","11":"shipping-taxable","12":"product-type-simple"},"acf":[],"yoast_head":"<!-- This site is optimized with the Yoast SEO plugin v24.1 - https:\/\/yoast.com\/wordpress\/plugins\/seo\/ -->\n<title>\u00a0Crystal square lipstick empty tube<\/title>\n<meta name=\"description\" content=\"Adopt our Crystal Square Luxury Lipstick Empty Tube to elevate your lipstick line designed to deliver a high end, jewelry- like appearance\" \/>\n<meta name=\"robots\" content=\"index, follow, max-snippet:-1, max-image-preview:large, max-video-preview:-1\" \/>\n<link rel=\"canonical\" href=\"https:\/\/www.alovey.com\/de\/produkt\/crystal-square-lipstick-empty-tube\/\" \/>\n<meta property=\"og:locale\" content=\"de_DE\" \/>\n<meta property=\"og:type\" content=\"article\" \/>\n<meta property=\"og:title\" content=\"\u00a0Crystal square lipstick empty tube\" \/>\n<meta property=\"og:description\" content=\"Adopt our Crystal Square Luxury Lipstick Empty Tube to elevate your lipstick line designed to deliver a high end, jewelry- like appearance\" \/>\n<meta property=\"og:url\" content=\"https:\/\/www.alovey.com\/de\/produkt\/crystal-square-lipstick-empty-tube\/\" \/>\n<meta property=\"og:site_name\" content=\"Best Cosmetic Packaging Manufacture\" \/>\n<meta property=\"article:modified_time\" content=\"2025-12-24T04:36:25+00:00\" \/>\n<meta property=\"og:image\" content=\"https:\/\/www.alovey.com\/wp-content\/uploads\/2025\/12\/Crystal-square-lipstick-empty-tube-3.jpg\" \/>\n\t<meta property=\"og:image:width\" content=\"750\" \/>\n\t<meta property=\"og:image:height\" content=\"750\" \/>\n\t<meta property=\"og:image:type\" content=\"image\/jpeg\" \/>\n<meta name=\"twitter:card\" content=\"summary_large_image\" \/>\n<meta name=\"twitter:label1\" content=\"Gesch\u00e4tzte Lesezeit\" \/>\n\t<meta name=\"twitter:data1\" content=\"3\u00a0Minuten\" \/>\n<script type=\"application\/ld+json\" class=\"yoast-schema-graph\">{\"@context\":\"https:\/\/schema.org\",\"@graph\":[{\"@type\":\"WebPage\",\"@id\":\"https:\/\/www.alovey.com\/product\/crystal-square-lipstick-empty-tube\/\",\"url\":\"https:\/\/www.alovey.com\/product\/crystal-square-lipstick-empty-tube\/\",\"name\":\"\u00a0Crystal square lipstick empty tube\",\"isPartOf\":{\"@id\":\"https:\/\/www.alovey.com\/#website\"},\"primaryImageOfPage\":{\"@id\":\"https:\/\/www.alovey.com\/product\/crystal-square-lipstick-empty-tube\/#primaryimage\"},\"image\":{\"@id\":\"https:\/\/www.alovey.com\/product\/crystal-square-lipstick-empty-tube\/#primaryimage\"},\"thumbnailUrl\":\"https:\/\/www.alovey.com\/wp-content\/uploads\/2025\/12\/Crystal-square-lipstick-empty-tube-3.jpg\",\"datePublished\":\"2025-12-24T04:10:45+00:00\",\"dateModified\":\"2025-12-24T04:36:25+00:00\",\"description\":\"Adopt our Crystal Square Luxury Lipstick Empty Tube to elevate your lipstick line designed to deliver a high end, jewelry- like appearance\",\"breadcrumb\":{\"@id\":\"https:\/\/www.alovey.com\/product\/crystal-square-lipstick-empty-tube\/#breadcrumb\"},\"inLanguage\":\"de\",\"potentialAction\":[{\"@type\":\"ReadAction\",\"target\":[\"https:\/\/www.alovey.com\/product\/crystal-square-lipstick-empty-tube\/\"]}]},{\"@type\":\"ImageObject\",\"inLanguage\":\"de\",\"@id\":\"https:\/\/www.alovey.com\/product\/crystal-square-lipstick-empty-tube\/#primaryimage\",\"url\":\"https:\/\/www.alovey.com\/wp-content\/uploads\/2025\/12\/Crystal-square-lipstick-empty-tube-3.jpg\",\"contentUrl\":\"https:\/\/www.alovey.com\/wp-content\/uploads\/2025\/12\/Crystal-square-lipstick-empty-tube-3.jpg\",\"width\":750,\"height\":750,\"caption\":\"Crystal square lipstick empty tube\"},{\"@type\":\"BreadcrumbList\",\"@id\":\"https:\/\/www.alovey.com\/product\/crystal-square-lipstick-empty-tube\/#breadcrumb\",\"itemListElement\":[{\"@type\":\"ListItem\",\"position\":1,\"name\":\"\u9996\u9875\",\"item\":\"https:\/\/www.alovey.com\/\"},{\"@type\":\"ListItem\",\"position\":2,\"name\":\"Products\",\"item\":\"https:\/\/www.alovey.com\/products\/\"},{\"@type\":\"ListItem\",\"position\":3,\"name\":\"\u00a0Crystal square lipstick empty tube\"}]},{\"@type\":\"WebSite\",\"@id\":\"https:\/\/www.alovey.com\/#website\",\"url\":\"https:\/\/www.alovey.com\/\",\"name\":\"Best Cosmetic Packaging Manufacture\",\"description\":\"Alovey Cosmetic Packaging Co.,Ltd\",\"publisher\":{\"@id\":\"https:\/\/www.alovey.com\/#organization\"},\"potentialAction\":[{\"@type\":\"SearchAction\",\"target\":{\"@type\":\"EntryPoint\",\"urlTemplate\":\"https:\/\/www.alovey.com\/?s={search_term_string}\"},\"query-input\":{\"@type\":\"PropertyValueSpecification\",\"valueRequired\":true,\"valueName\":\"search_term_string\"}}],\"inLanguage\":\"de\"},{\"@type\":\"Organization\",\"@id\":\"https:\/\/www.alovey.com\/#organization\",\"name\":\"Best Cosmetic Packaging Manufacture\",\"url\":\"https:\/\/www.alovey.com\/\",\"logo\":{\"@type\":\"ImageObject\",\"inLanguage\":\"de\",\"@id\":\"https:\/\/www.alovey.com\/#\/schema\/logo\/image\/\",\"url\":\"https:\/\/www.alovey.com\/wp-content\/uploads\/2023\/03\/logo.png\",\"contentUrl\":\"https:\/\/www.alovey.com\/wp-content\/uploads\/2023\/03\/logo.png\",\"width\":505,\"height\":180,\"caption\":\"Best  Cosmetic Packaging Manufacture\"},\"image\":{\"@id\":\"https:\/\/www.alovey.com\/#\/schema\/logo\/image\/\"}}]}<\/script>\n<!-- \/ Yoast SEO plugin. -->","yoast_head_json":{"title":"\u00a0Crystal square lipstick empty tube","description":"Adopt our Crystal Square Luxury Lipstick Empty Tube to elevate your lipstick line designed to deliver a high end, jewelry- like appearance","robots":{"index":"index","follow":"follow","max-snippet":"max-snippet:-1","max-image-preview":"max-image-preview:large","max-video-preview":"max-video-preview:-1"},"canonical":"https:\/\/www.alovey.com\/de\/produkt\/crystal-square-lipstick-empty-tube\/","og_locale":"de_DE","og_type":"article","og_title":"\u00a0Crystal square lipstick empty tube","og_description":"Adopt our Crystal Square Luxury Lipstick Empty Tube to elevate your lipstick line designed to deliver a high end, jewelry- like appearance","og_url":"https:\/\/www.alovey.com\/de\/produkt\/crystal-square-lipstick-empty-tube\/","og_site_name":"Best Cosmetic Packaging Manufacture","article_modified_time":"2025-12-24T04:36:25+00:00","og_image":[{"width":750,"height":750,"url":"https:\/\/www.alovey.com\/wp-content\/uploads\/2025\/12\/Crystal-square-lipstick-empty-tube-3.jpg","type":"image\/jpeg"}],"twitter_card":"summary_large_image","twitter_misc":{"Gesch\u00e4tzte Lesezeit":"3\u00a0Minuten"},"schema":{"@context":"https:\/\/schema.org","@graph":[{"@type":"WebPage","@id":"https:\/\/www.alovey.com\/product\/crystal-square-lipstick-empty-tube\/","url":"https:\/\/www.alovey.com\/product\/crystal-square-lipstick-empty-tube\/","name":"\u00a0Crystal square lipstick empty tube","isPartOf":{"@id":"https:\/\/www.alovey.com\/#website"},"primaryImageOfPage":{"@id":"https:\/\/www.alovey.com\/product\/crystal-square-lipstick-empty-tube\/#primaryimage"},"image":{"@id":"https:\/\/www.alovey.com\/product\/crystal-square-lipstick-empty-tube\/#primaryimage"},"thumbnailUrl":"https:\/\/www.alovey.com\/wp-content\/uploads\/2025\/12\/Crystal-square-lipstick-empty-tube-3.jpg","datePublished":"2025-12-24T04:10:45+00:00","dateModified":"2025-12-24T04:36:25+00:00","description":"Adopt our Crystal Square Luxury Lipstick Empty Tube to elevate your lipstick line designed to deliver a high end, jewelry- like appearance","breadcrumb":{"@id":"https:\/\/www.alovey.com\/product\/crystal-square-lipstick-empty-tube\/#breadcrumb"},"inLanguage":"de","potentialAction":[{"@type":"ReadAction","target":["https:\/\/www.alovey.com\/product\/crystal-square-lipstick-empty-tube\/"]}]},{"@type":"ImageObject","inLanguage":"de","@id":"https:\/\/www.alovey.com\/product\/crystal-square-lipstick-empty-tube\/#primaryimage","url":"https:\/\/www.alovey.com\/wp-content\/uploads\/2025\/12\/Crystal-square-lipstick-empty-tube-3.jpg","contentUrl":"https:\/\/www.alovey.com\/wp-content\/uploads\/2025\/12\/Crystal-square-lipstick-empty-tube-3.jpg","width":750,"height":750,"caption":"Crystal square lipstick empty tube"},{"@type":"BreadcrumbList","@id":"https:\/\/www.alovey.com\/product\/crystal-square-lipstick-empty-tube\/#breadcrumb","itemListElement":[{"@type":"ListItem","position":1,"name":"\u9996\u9875","item":"https:\/\/www.alovey.com\/"},{"@type":"ListItem","position":2,"name":"Products","item":"https:\/\/www.alovey.com\/products\/"},{"@type":"ListItem","position":3,"name":"\u00a0Crystal square lipstick empty tube"}]},{"@type":"WebSite","@id":"https:\/\/www.alovey.com\/#website","url":"https:\/\/www.alovey.com\/","name":"Best Cosmetic Packaging Manufacture","description":"Alovey Cosmetic Packaging Co.,Ltd","publisher":{"@id":"https:\/\/www.alovey.com\/#organization"},"potentialAction":[{"@type":"SearchAction","target":{"@type":"EntryPoint","urlTemplate":"https:\/\/www.alovey.com\/?s={search_term_string}"},"query-input":{"@type":"PropertyValueSpecification","valueRequired":true,"valueName":"search_term_string"}}],"inLanguage":"de"},{"@type":"Organization","@id":"https:\/\/www.alovey.com\/#organization","name":"Best Cosmetic Packaging Manufacture","url":"https:\/\/www.alovey.com\/","logo":{"@type":"ImageObject","inLanguage":"de","@id":"https:\/\/www.alovey.com\/#\/schema\/logo\/image\/","url":"https:\/\/www.alovey.com\/wp-content\/uploads\/2023\/03\/logo.png","contentUrl":"https:\/\/www.alovey.com\/wp-content\/uploads\/2023\/03\/logo.png","width":505,"height":180,"caption":"Best  Cosmetic Packaging Manufacture"},"image":{"@id":"https:\/\/www.alovey.com\/#\/schema\/logo\/image\/"}}]}},"_links":{"self":[{"href":"https:\/\/www.alovey.com\/de\/wp-json\/wp\/v2\/product\/12283"}],"collection":[{"href":"https:\/\/www.alovey.com\/de\/wp-json\/wp\/v2\/product"}],"about":[{"href":"https:\/\/www.alovey.com\/de\/wp-json\/wp\/v2\/types\/product"}],"wp:featuredmedia":[{"embeddable":true,"href":"https:\/\/www.alovey.com\/de\/wp-json\/wp\/v2\/media\/12285"}],"wp:attachment":[{"href":"https:\/\/www.alovey.com\/de\/wp-json\/wp\/v2\/media?parent=12283"}],"wp:term":[{"taxonomy":"product_brand","embeddable":true,"href":"https:\/\/www.alovey.com\/de\/wp-json\/wp\/v2\/product_brand?post=12283"},{"taxonomy":"product_cat","embeddable":true,"href":"https:\/\/www.alovey.com\/de\/wp-json\/wp\/v2\/product_cat?post=12283"},{"taxonomy":"product_tag","embeddable":true,"href":"https:\/\/www.alovey.com\/de\/wp-json\/wp\/v2\/product_tag?post=12283"}],"curies":[{"name":"wp","href":"https:\/\/api.w.org\/{rel}","templated":true}]}}