{"id":12024,"date":"2025-11-19T07:18:08","date_gmt":"2025-11-19T07:18:08","guid":{"rendered":"https:\/\/www.alovey.com\/?post_type=product&#038;p=12024"},"modified":"2025-11-19T07:50:29","modified_gmt":"2025-11-19T07:50:29","slug":"empty-plastic-lip-gloss-tube-concealer-tube-11ml","status":"publish","type":"product","link":"https:\/\/www.alovey.com\/de\/produkt\/empty-plastic-lip-gloss-tube-concealer-tube-11ml\/","title":{"rendered":"Empty plastic lip gloss tube concealer tube 11ml"},"content":{"rendered":"<p><strong>This empty plastic lip gloss tube 11ml is crafted from durable PETG plastic and is suitable for filling foundation, concealer, lip gloss, and other liquid cosmetic formulas.<\/strong><\/p>\n<p><strong>\u00a0The transparent body allows you to clearly see the remaining product inside, ensuring easy monitoring of usage.<\/strong><\/p>\n<p><strong>With its larger capacity and elegant gold cap, this empty plastic lip gloss tube\u00a0 container is perfect for high-viscosity formulas such as concealer and liquid foundation.<\/strong><\/p>\n<p><strong>Alovey, ein professioneller chinesischer Hersteller von Kosmetikverpackungen, produziert eine exquisite Auswahl an kundenspezifischen Kosmetikverpackungen, die sorgf\u00e4ltig hergestellt werden, um Ihre Marke aufzuwerten. Unsere vielf\u00e4ltige Auswahl an Premium-Materialien, kombiniert mit feinen Oberfl\u00e4chenveredelungstechniken wie Siebdruck, Hei\u00dfpr\u00e4gung und mattem Spr\u00fchen, macht jede Verpackung zu einem einzigartigen Meisterwerk.<\/strong><\/p>\n<p><img fetchpriority=\"high\" decoding=\"async\" class=\"size-full wp-image-12034\" src=\"https:\/\/www.alovey.com\/wp-content\/uploads\/2025\/11\/3.jpg\" alt=\"empty plastic lip gloss tube\" width=\"750\" height=\"750\" srcset=\"https:\/\/www.alovey.com\/wp-content\/uploads\/2025\/11\/3.jpg 750w, https:\/\/www.alovey.com\/wp-content\/uploads\/2025\/11\/3-300x300.jpg 300w, https:\/\/www.alovey.com\/wp-content\/uploads\/2025\/11\/3-150x150.jpg 150w, https:\/\/www.alovey.com\/wp-content\/uploads\/2025\/11\/3-12x12.jpg 12w, https:\/\/www.alovey.com\/wp-content\/uploads\/2025\/11\/3-600x600.jpg 600w, https:\/\/www.alovey.com\/wp-content\/uploads\/2025\/11\/3-100x100.jpg 100w\" sizes=\"(max-width: 750px) 100vw, 750px\" \/><\/p>\n<p><img decoding=\"async\" class=\"size-full wp-image-12035\" src=\"https:\/\/www.alovey.com\/wp-content\/uploads\/2025\/11\/4.jpg\" alt=\"empty plastic lip gloss tube\" width=\"750\" height=\"750\" srcset=\"https:\/\/www.alovey.com\/wp-content\/uploads\/2025\/11\/4.jpg 750w, https:\/\/www.alovey.com\/wp-content\/uploads\/2025\/11\/4-300x300.jpg 300w, https:\/\/www.alovey.com\/wp-content\/uploads\/2025\/11\/4-150x150.jpg 150w, https:\/\/www.alovey.com\/wp-content\/uploads\/2025\/11\/4-12x12.jpg 12w, https:\/\/www.alovey.com\/wp-content\/uploads\/2025\/11\/4-600x600.jpg 600w, https:\/\/www.alovey.com\/wp-content\/uploads\/2025\/11\/4-100x100.jpg 100w\" sizes=\"(max-width: 750px) 100vw, 750px\" \/><\/p>\n<p><img decoding=\"async\" class=\"size-full wp-image-12033\" src=\"https:\/\/www.alovey.com\/wp-content\/uploads\/2025\/11\/2.jpg\" alt=\"empty plastic lip gloss tube\" width=\"750\" height=\"750\" srcset=\"https:\/\/www.alovey.com\/wp-content\/uploads\/2025\/11\/2.jpg 750w, https:\/\/www.alovey.com\/wp-content\/uploads\/2025\/11\/2-300x300.jpg 300w, https:\/\/www.alovey.com\/wp-content\/uploads\/2025\/11\/2-150x150.jpg 150w, https:\/\/www.alovey.com\/wp-content\/uploads\/2025\/11\/2-12x12.jpg 12w, https:\/\/www.alovey.com\/wp-content\/uploads\/2025\/11\/2-600x600.jpg 600w, https:\/\/www.alovey.com\/wp-content\/uploads\/2025\/11\/2-100x100.jpg 100w\" sizes=\"(max-width: 750px) 100vw, 750px\" \/><\/p>\n<p><img loading=\"lazy\" decoding=\"async\" class=\"size-full wp-image-12032\" src=\"https:\/\/www.alovey.com\/wp-content\/uploads\/2025\/11\/1.jpg\" alt=\"empty plastic lip gloss tube\" width=\"750\" height=\"750\" srcset=\"https:\/\/www.alovey.com\/wp-content\/uploads\/2025\/11\/1.jpg 750w, https:\/\/www.alovey.com\/wp-content\/uploads\/2025\/11\/1-300x300.jpg 300w, https:\/\/www.alovey.com\/wp-content\/uploads\/2025\/11\/1-150x150.jpg 150w, https:\/\/www.alovey.com\/wp-content\/uploads\/2025\/11\/1-12x12.jpg 12w, https:\/\/www.alovey.com\/wp-content\/uploads\/2025\/11\/1-600x600.jpg 600w, https:\/\/www.alovey.com\/wp-content\/uploads\/2025\/11\/1-100x100.jpg 100w\" sizes=\"(max-width: 750px) 100vw, 750px\" \/><\/p>\n<p><img loading=\"lazy\" decoding=\"async\" class=\"size-full wp-image-12030\" src=\"https:\/\/www.alovey.com\/wp-content\/uploads\/2025\/11\/5.jpg\" alt=\"empty plastic lip gloss tube\" width=\"750\" height=\"750\" srcset=\"https:\/\/www.alovey.com\/wp-content\/uploads\/2025\/11\/5.jpg 750w, https:\/\/www.alovey.com\/wp-content\/uploads\/2025\/11\/5-300x300.jpg 300w, https:\/\/www.alovey.com\/wp-content\/uploads\/2025\/11\/5-150x150.jpg 150w, https:\/\/www.alovey.com\/wp-content\/uploads\/2025\/11\/5-12x12.jpg 12w, https:\/\/www.alovey.com\/wp-content\/uploads\/2025\/11\/5-600x600.jpg 600w, https:\/\/www.alovey.com\/wp-content\/uploads\/2025\/11\/5-100x100.jpg 100w\" sizes=\"(max-width: 750px) 100vw, 750px\" \/><\/p>\n<p><img loading=\"lazy\" decoding=\"async\" class=\"size-full wp-image-12031\" src=\"https:\/\/www.alovey.com\/wp-content\/uploads\/2025\/11\/6.jpg\" alt=\"empty plastic lip gloss tube\" width=\"750\" height=\"750\" srcset=\"https:\/\/www.alovey.com\/wp-content\/uploads\/2025\/11\/6.jpg 750w, https:\/\/www.alovey.com\/wp-content\/uploads\/2025\/11\/6-300x300.jpg 300w, https:\/\/www.alovey.com\/wp-content\/uploads\/2025\/11\/6-150x150.jpg 150w, https:\/\/www.alovey.com\/wp-content\/uploads\/2025\/11\/6-12x12.jpg 12w, https:\/\/www.alovey.com\/wp-content\/uploads\/2025\/11\/6-600x600.jpg 600w, https:\/\/www.alovey.com\/wp-content\/uploads\/2025\/11\/6-100x100.jpg 100w\" sizes=\"(max-width: 750px) 100vw, 750px\" \/><\/p>\n<p>&nbsp;<\/p>\n<p>&nbsp;<\/p>\n<p>&nbsp;<\/p>\n<p>&nbsp;<\/p>\n<p>&nbsp;<\/p>\n<p>&nbsp;<\/p>\n<p>&nbsp;<\/p>\n<p>&nbsp;<\/p>\n<p>&nbsp;<\/p>\n<p>&nbsp;<\/p>\n<p>&nbsp;<\/p>\n<p>&nbsp;<\/p>\n<p>&nbsp;<\/p>\n<p>&nbsp;<\/p>\n<p>&nbsp;<\/p>\n<p>&nbsp;<\/p>\n<p>&nbsp;<\/p>\n<p>&nbsp;<\/p>\n<p>&nbsp;<\/p>\n<p>&nbsp;<\/p>\n<p>&nbsp;<\/p>\n<p>&nbsp;<\/p>\n<p>&nbsp;<\/p>\n<p>&nbsp;<\/p>\n<p>&nbsp;<\/p>\n<p>&nbsp;<\/p>\n<p>&nbsp;<\/p>\n<p>&nbsp;<\/p>\n<p>&nbsp;<\/p>\n<p>&nbsp;<\/p>\n<p>&nbsp;<\/p>\n<p>&nbsp;<\/p>\n<p>&nbsp;<\/p>\n<p>&nbsp;<\/p>\n<p>&nbsp;<\/p>\n<p>&nbsp;<\/p>\n<p>&nbsp;<\/p>\n<p>&nbsp;<\/p>\n<p>&nbsp;<\/p>\n<p>&nbsp;<\/p>\n<p>&nbsp;<\/p>\n<p>&nbsp;<\/p>\n<p>&nbsp;<\/p>\n<p>&nbsp;<\/p>\n<p>&nbsp;<\/p>\n<p>&nbsp;<\/p>\n<p>&nbsp;<\/p>\n<p>&nbsp;<\/p>\n<p>&nbsp;<\/p>\n<p>&nbsp;<\/p>\n<p>&nbsp;<\/p>\n<p>&nbsp;<\/p>\n<p>&nbsp;<\/p>\n<p>&nbsp;<\/p>\n<p>&nbsp;<\/p>\n<p>&nbsp;<\/p>\n<p>&nbsp;<\/p>\n<p>&nbsp;<\/p>\n<p>&nbsp;<\/p>\n<p>&nbsp;<\/p>\n<p>&nbsp;<\/p>\n<p>&nbsp;<\/p>\n<p>&nbsp;<\/p>\n<p>&nbsp;<\/p>\n<p>&nbsp;<\/p>\n<p>&nbsp;<\/p>\n<p>&nbsp;<\/p>\n<p>&nbsp;<\/p>\n<p>&nbsp;<\/p>\n<p>&nbsp;<\/p>\n<p>&nbsp;<\/p>\n<p>&nbsp;<\/p>\n<p>&nbsp;<\/p>\n<p>&nbsp;<\/p>\n<p>&nbsp;<\/p>\n<p>&nbsp;<\/p>\n<p>&nbsp;<\/p>\n<p>&nbsp;<\/p>\n<p>&nbsp;<\/p>\n<p>&nbsp;<\/p>\n<p>&nbsp;<\/p>\n<p>&nbsp;<\/p>\n<p>&nbsp;<\/p>\n<p>&nbsp;<\/p>\n<p>&nbsp;<\/p>\n<p>&nbsp;<\/p>\n<p>&nbsp;<\/p>\n<p>&nbsp;<\/p>\n<p>&nbsp;<\/p>\n<p>&nbsp;<\/p>\n<p>&nbsp;<\/p>\n<p>&nbsp;<\/p>\n<p>&nbsp;<\/p>\n<p>&nbsp;<\/p>\n<p>&nbsp;<\/p>\n<p>&nbsp;<\/p>\n<p>&nbsp;<\/p>\n<p>&nbsp;<\/p>\n<p>&nbsp;<\/p>\n<p>&nbsp;<\/p>\n<p>&nbsp;<\/p>\n<p>&nbsp;<\/p>\n<p>&nbsp;<\/p>\n<p>&nbsp;<\/p>\n<p>&nbsp;<\/p>\n<p>&nbsp;<\/p>\n<p>&nbsp;<\/p>\n<p>&nbsp;<\/p>\n<p>&nbsp;<\/p>\n<p>&nbsp;<\/p>\n<p>&nbsp;<\/p>\n<p>&nbsp;<\/p>\n<p>&nbsp;<\/p>\n<p>&nbsp;<\/p>\n<p>&nbsp;<\/p>\n<p>&nbsp;<\/p>\n<p>&nbsp;<\/p>\n<p>&nbsp;<\/p>\n<p>&nbsp;<\/p>\n<p>&nbsp;<\/p>\n<p>&nbsp;<\/p>\n<p>&nbsp;<\/p>\n<p>&nbsp;<\/p>\n<p>&nbsp;<\/p>\n<p>&nbsp;<\/p>\n<p>&nbsp;<\/p>\n<p>&nbsp;<\/p>\n<p>&nbsp;<\/p>\n<p>&nbsp;<\/p>\n<p>&nbsp;<\/p>\n<p>&nbsp;<\/p>\n<p>&nbsp;<\/p>\n<p>&nbsp;<\/p>\n<p>&nbsp;<\/p>\n<p>&nbsp;<\/p>","protected":false},"excerpt":{"rendered":"<ul>\n<li><strong>Item No: LG-0051A<\/strong><\/li>\n<li><strong>Material:\u00a0Plastic<\/strong><\/li>\n<li><strong>Capacity: 11ml<\/strong><\/li>\n<li><strong>Size:\u00a0D18*H94.5MM<\/strong><\/li>\n<li><strong>Anwendungen: Sch\u00f6nheitsprodukte<\/strong><\/li>\n<li><strong>MOQ: 12,000 pcs<\/strong><\/li>\n<li><strong>Farbe: Benutzerdefinierte Farbe<\/strong><\/li>\n<li><strong>Surface treatment: Injection\/Matte\/Metalization\/UV coating<\/strong><\/li>\n<li><strong>Markenname: OEM\/ODM<\/strong><\/li>\n<li><strong>Logo: Logo des Kunden<\/strong><\/li>\n<li><strong>Lieferf\u00e4higkeit: 100.000 St\u00fcck pro Monat<\/strong><\/li>\n<\/ul>","protected":false},"featured_media":12032,"template":"","meta":{"_acf_changed":false},"product_brand":[],"product_cat":[372],"product_tag":[457,447,388,451],"class_list":{"0":"post-12024","1":"product","2":"type-product","3":"status-publish","4":"has-post-thumbnail","6":"product_cat-lipgloss-tube","7":"product_tag-large-lip-gloss-tube","8":"product_tag-lip-gel-tube","9":"product_tag-lip-gloss-tube","10":"product_tag-unique-lip-gloss-tube","12":"first","13":"instock","14":"shipping-taxable","15":"product-type-simple"},"acf":[],"yoast_head":"<!-- This site is optimized with the Yoast SEO plugin v24.1 - https:\/\/yoast.com\/wordpress\/plugins\/seo\/ -->\n<title>empty plastic lip gloss tube concealer tube 11ml<\/title>\n<meta name=\"description\" content=\"This empty plastic lip gloss tube is crafted from durable PETG plastic and suitable for filling foundation, concealer, lip gloss, and other liquid .\" \/>\n<meta name=\"robots\" content=\"index, follow, max-snippet:-1, max-image-preview:large, max-video-preview:-1\" \/>\n<link rel=\"canonical\" href=\"https:\/\/www.alovey.com\/de\/produkt\/empty-plastic-lip-gloss-tube-concealer-tube-11ml\/\" \/>\n<meta property=\"og:locale\" content=\"de_DE\" \/>\n<meta property=\"og:type\" content=\"article\" \/>\n<meta property=\"og:title\" content=\"empty plastic lip gloss tube concealer tube 11ml\" \/>\n<meta property=\"og:description\" content=\"This empty plastic lip gloss tube is crafted from durable PETG plastic and suitable for filling foundation, concealer, lip gloss, and other liquid .\" \/>\n<meta property=\"og:url\" content=\"https:\/\/www.alovey.com\/de\/produkt\/empty-plastic-lip-gloss-tube-concealer-tube-11ml\/\" \/>\n<meta property=\"og:site_name\" content=\"Best Cosmetic Packaging Manufacture\" \/>\n<meta property=\"article:modified_time\" content=\"2025-11-19T07:50:29+00:00\" \/>\n<meta property=\"og:image\" content=\"https:\/\/www.alovey.com\/wp-content\/uploads\/2025\/11\/1.jpg\" \/>\n\t<meta property=\"og:image:width\" content=\"750\" \/>\n\t<meta property=\"og:image:height\" content=\"750\" \/>\n\t<meta property=\"og:image:type\" content=\"image\/jpeg\" \/>\n<meta name=\"twitter:card\" content=\"summary_large_image\" \/>\n<meta name=\"twitter:label1\" content=\"Gesch\u00e4tzte Lesezeit\" \/>\n\t<meta name=\"twitter:data1\" content=\"2\u00a0Minuten\" \/>\n<script type=\"application\/ld+json\" class=\"yoast-schema-graph\">{\"@context\":\"https:\/\/schema.org\",\"@graph\":[{\"@type\":\"WebPage\",\"@id\":\"https:\/\/www.alovey.com\/product\/empty-plastic-lip-gloss-tube-concealer-tube-11ml\/\",\"url\":\"https:\/\/www.alovey.com\/product\/empty-plastic-lip-gloss-tube-concealer-tube-11ml\/\",\"name\":\"empty plastic lip gloss tube concealer tube 11ml\",\"isPartOf\":{\"@id\":\"https:\/\/www.alovey.com\/#website\"},\"primaryImageOfPage\":{\"@id\":\"https:\/\/www.alovey.com\/product\/empty-plastic-lip-gloss-tube-concealer-tube-11ml\/#primaryimage\"},\"image\":{\"@id\":\"https:\/\/www.alovey.com\/product\/empty-plastic-lip-gloss-tube-concealer-tube-11ml\/#primaryimage\"},\"thumbnailUrl\":\"https:\/\/www.alovey.com\/wp-content\/uploads\/2025\/11\/1.jpg\",\"datePublished\":\"2025-11-19T07:18:08+00:00\",\"dateModified\":\"2025-11-19T07:50:29+00:00\",\"description\":\"This empty plastic lip gloss tube is crafted from durable PETG plastic and suitable for filling foundation, concealer, lip gloss, and other liquid .\",\"breadcrumb\":{\"@id\":\"https:\/\/www.alovey.com\/product\/empty-plastic-lip-gloss-tube-concealer-tube-11ml\/#breadcrumb\"},\"inLanguage\":\"de\",\"potentialAction\":[{\"@type\":\"ReadAction\",\"target\":[\"https:\/\/www.alovey.com\/product\/empty-plastic-lip-gloss-tube-concealer-tube-11ml\/\"]}]},{\"@type\":\"ImageObject\",\"inLanguage\":\"de\",\"@id\":\"https:\/\/www.alovey.com\/product\/empty-plastic-lip-gloss-tube-concealer-tube-11ml\/#primaryimage\",\"url\":\"https:\/\/www.alovey.com\/wp-content\/uploads\/2025\/11\/1.jpg\",\"contentUrl\":\"https:\/\/www.alovey.com\/wp-content\/uploads\/2025\/11\/1.jpg\",\"width\":750,\"height\":750,\"caption\":\"empty plastic lip gloss tube concealer tube 11ml\"},{\"@type\":\"BreadcrumbList\",\"@id\":\"https:\/\/www.alovey.com\/product\/empty-plastic-lip-gloss-tube-concealer-tube-11ml\/#breadcrumb\",\"itemListElement\":[{\"@type\":\"ListItem\",\"position\":1,\"name\":\"\u9996\u9875\",\"item\":\"https:\/\/www.alovey.com\/\"},{\"@type\":\"ListItem\",\"position\":2,\"name\":\"Products\",\"item\":\"https:\/\/www.alovey.com\/products\/\"},{\"@type\":\"ListItem\",\"position\":3,\"name\":\"Empty plastic lip gloss tube concealer tube 11ml\"}]},{\"@type\":\"WebSite\",\"@id\":\"https:\/\/www.alovey.com\/#website\",\"url\":\"https:\/\/www.alovey.com\/\",\"name\":\"Best Cosmetic Packaging Manufacture\",\"description\":\"Alovey Cosmetic Packaging Co.,Ltd\",\"publisher\":{\"@id\":\"https:\/\/www.alovey.com\/#organization\"},\"potentialAction\":[{\"@type\":\"SearchAction\",\"target\":{\"@type\":\"EntryPoint\",\"urlTemplate\":\"https:\/\/www.alovey.com\/?s={search_term_string}\"},\"query-input\":{\"@type\":\"PropertyValueSpecification\",\"valueRequired\":true,\"valueName\":\"search_term_string\"}}],\"inLanguage\":\"de\"},{\"@type\":\"Organization\",\"@id\":\"https:\/\/www.alovey.com\/#organization\",\"name\":\"Best Cosmetic Packaging Manufacture\",\"url\":\"https:\/\/www.alovey.com\/\",\"logo\":{\"@type\":\"ImageObject\",\"inLanguage\":\"de\",\"@id\":\"https:\/\/www.alovey.com\/#\/schema\/logo\/image\/\",\"url\":\"https:\/\/www.alovey.com\/wp-content\/uploads\/2023\/03\/logo.png\",\"contentUrl\":\"https:\/\/www.alovey.com\/wp-content\/uploads\/2023\/03\/logo.png\",\"width\":505,\"height\":180,\"caption\":\"Best  Cosmetic Packaging Manufacture\"},\"image\":{\"@id\":\"https:\/\/www.alovey.com\/#\/schema\/logo\/image\/\"}}]}<\/script>\n<!-- \/ Yoast SEO plugin. -->","yoast_head_json":{"title":"empty plastic lip gloss tube concealer tube 11ml","description":"This empty plastic lip gloss tube is crafted from durable PETG plastic and suitable for filling foundation, concealer, lip gloss, and other liquid .","robots":{"index":"index","follow":"follow","max-snippet":"max-snippet:-1","max-image-preview":"max-image-preview:large","max-video-preview":"max-video-preview:-1"},"canonical":"https:\/\/www.alovey.com\/de\/produkt\/empty-plastic-lip-gloss-tube-concealer-tube-11ml\/","og_locale":"de_DE","og_type":"article","og_title":"empty plastic lip gloss tube concealer tube 11ml","og_description":"This empty plastic lip gloss tube is crafted from durable PETG plastic and suitable for filling foundation, concealer, lip gloss, and other liquid .","og_url":"https:\/\/www.alovey.com\/de\/produkt\/empty-plastic-lip-gloss-tube-concealer-tube-11ml\/","og_site_name":"Best Cosmetic Packaging Manufacture","article_modified_time":"2025-11-19T07:50:29+00:00","og_image":[{"width":750,"height":750,"url":"https:\/\/www.alovey.com\/wp-content\/uploads\/2025\/11\/1.jpg","type":"image\/jpeg"}],"twitter_card":"summary_large_image","twitter_misc":{"Gesch\u00e4tzte Lesezeit":"2\u00a0Minuten"},"schema":{"@context":"https:\/\/schema.org","@graph":[{"@type":"WebPage","@id":"https:\/\/www.alovey.com\/product\/empty-plastic-lip-gloss-tube-concealer-tube-11ml\/","url":"https:\/\/www.alovey.com\/product\/empty-plastic-lip-gloss-tube-concealer-tube-11ml\/","name":"empty plastic lip gloss tube concealer tube 11ml","isPartOf":{"@id":"https:\/\/www.alovey.com\/#website"},"primaryImageOfPage":{"@id":"https:\/\/www.alovey.com\/product\/empty-plastic-lip-gloss-tube-concealer-tube-11ml\/#primaryimage"},"image":{"@id":"https:\/\/www.alovey.com\/product\/empty-plastic-lip-gloss-tube-concealer-tube-11ml\/#primaryimage"},"thumbnailUrl":"https:\/\/www.alovey.com\/wp-content\/uploads\/2025\/11\/1.jpg","datePublished":"2025-11-19T07:18:08+00:00","dateModified":"2025-11-19T07:50:29+00:00","description":"This empty plastic lip gloss tube is crafted from durable PETG plastic and suitable for filling foundation, concealer, lip gloss, and other liquid .","breadcrumb":{"@id":"https:\/\/www.alovey.com\/product\/empty-plastic-lip-gloss-tube-concealer-tube-11ml\/#breadcrumb"},"inLanguage":"de","potentialAction":[{"@type":"ReadAction","target":["https:\/\/www.alovey.com\/product\/empty-plastic-lip-gloss-tube-concealer-tube-11ml\/"]}]},{"@type":"ImageObject","inLanguage":"de","@id":"https:\/\/www.alovey.com\/product\/empty-plastic-lip-gloss-tube-concealer-tube-11ml\/#primaryimage","url":"https:\/\/www.alovey.com\/wp-content\/uploads\/2025\/11\/1.jpg","contentUrl":"https:\/\/www.alovey.com\/wp-content\/uploads\/2025\/11\/1.jpg","width":750,"height":750,"caption":"empty plastic lip gloss tube concealer tube 11ml"},{"@type":"BreadcrumbList","@id":"https:\/\/www.alovey.com\/product\/empty-plastic-lip-gloss-tube-concealer-tube-11ml\/#breadcrumb","itemListElement":[{"@type":"ListItem","position":1,"name":"\u9996\u9875","item":"https:\/\/www.alovey.com\/"},{"@type":"ListItem","position":2,"name":"Products","item":"https:\/\/www.alovey.com\/products\/"},{"@type":"ListItem","position":3,"name":"Empty plastic lip gloss tube concealer tube 11ml"}]},{"@type":"WebSite","@id":"https:\/\/www.alovey.com\/#website","url":"https:\/\/www.alovey.com\/","name":"Best Cosmetic Packaging Manufacture","description":"Alovey Cosmetic Packaging Co.,Ltd","publisher":{"@id":"https:\/\/www.alovey.com\/#organization"},"potentialAction":[{"@type":"SearchAction","target":{"@type":"EntryPoint","urlTemplate":"https:\/\/www.alovey.com\/?s={search_term_string}"},"query-input":{"@type":"PropertyValueSpecification","valueRequired":true,"valueName":"search_term_string"}}],"inLanguage":"de"},{"@type":"Organization","@id":"https:\/\/www.alovey.com\/#organization","name":"Best Cosmetic Packaging Manufacture","url":"https:\/\/www.alovey.com\/","logo":{"@type":"ImageObject","inLanguage":"de","@id":"https:\/\/www.alovey.com\/#\/schema\/logo\/image\/","url":"https:\/\/www.alovey.com\/wp-content\/uploads\/2023\/03\/logo.png","contentUrl":"https:\/\/www.alovey.com\/wp-content\/uploads\/2023\/03\/logo.png","width":505,"height":180,"caption":"Best  Cosmetic Packaging Manufacture"},"image":{"@id":"https:\/\/www.alovey.com\/#\/schema\/logo\/image\/"}}]}},"_links":{"self":[{"href":"https:\/\/www.alovey.com\/de\/wp-json\/wp\/v2\/product\/12024"}],"collection":[{"href":"https:\/\/www.alovey.com\/de\/wp-json\/wp\/v2\/product"}],"about":[{"href":"https:\/\/www.alovey.com\/de\/wp-json\/wp\/v2\/types\/product"}],"wp:featuredmedia":[{"embeddable":true,"href":"https:\/\/www.alovey.com\/de\/wp-json\/wp\/v2\/media\/12032"}],"wp:attachment":[{"href":"https:\/\/www.alovey.com\/de\/wp-json\/wp\/v2\/media?parent=12024"}],"wp:term":[{"taxonomy":"product_brand","embeddable":true,"href":"https:\/\/www.alovey.com\/de\/wp-json\/wp\/v2\/product_brand?post=12024"},{"taxonomy":"product_cat","embeddable":true,"href":"https:\/\/www.alovey.com\/de\/wp-json\/wp\/v2\/product_cat?post=12024"},{"taxonomy":"product_tag","embeddable":true,"href":"https:\/\/www.alovey.com\/de\/wp-json\/wp\/v2\/product_tag?post=12024"}],"curies":[{"name":"wp","href":"https:\/\/api.w.org\/{rel}","templated":true}]}}