{"id":11702,"date":"2025-09-23T03:24:14","date_gmt":"2025-09-23T03:24:14","guid":{"rendered":"https:\/\/www.alovey.com\/?post_type=product&#038;p=11702"},"modified":"2025-09-23T03:36:31","modified_gmt":"2025-09-23T03:36:31","slug":"new-design-lotion-squeeze-bottles-with-polygon-shape-35ml","status":"publish","type":"product","link":"https:\/\/www.alovey.com\/de\/produkt\/new-design-lotion-squeeze-bottles-with-polygon-shape-35ml\/","title":{"rendered":"New design lotion squeeze bottles with  polygon shape 35ml"},"content":{"rendered":"<p><strong>This unique\u00a0lotion squeeze bottle\u00a0with designed polygon-shaped\u00a0offers both style and functionality, making it a standout choice for modern cosmetic packaging. With a 35ml capacity, it is perfect for lotions, serums, sunscreens, and travel-size skincare products.<\/strong><\/p>\n<p><strong>\u00a0Key Features:<\/strong><\/p>\n<p><strong>Capacity:\u00a035ml \u2013 ideal for skincare and cosmetic formulas<\/strong><\/p>\n<p><strong>Design:\u00a0Sleek polygon shape for a modern and premium look<\/strong><\/p>\n<p><strong>Material:\u00a0Durable and lightweight plastic, easy to squeeze<\/strong><\/p>\n<p><strong>Portability:\u00a0Compact size, convenient for travel or sampling<\/strong><\/p>\n<p><strong>Customization:\u00a0Available with logo printing, color matching, and surface finishes<\/strong><\/p>\n<p><strong>This innovative bottle combines practicality with a unique geometric design, helping your brand stand out on the shelf.<\/strong><\/p>\n<p><strong>Alovey, ein professioneller chinesischer Hersteller von Kosmetikverpackungen, produziert eine exquisite Auswahl an kundenspezifischen Kosmetikverpackungen, die sorgf\u00e4ltig hergestellt werden, um Ihre Marke aufzuwerten. Unsere vielf\u00e4ltige Auswahl an Premium-Materialien, kombiniert mit feinen Oberfl\u00e4chenveredelungstechniken wie Siebdruck, Hei\u00dfpr\u00e4gung und mattem Spr\u00fchen, macht jede Verpackung zu einem einzigartigen Meisterwerk.<\/strong><\/p>\n<p><img fetchpriority=\"high\" decoding=\"async\" class=\"size-full wp-image-11704\" src=\"https:\/\/www.alovey.com\/wp-content\/uploads\/2025\/09\/New-design-lotion-squeeze-bottles-with-polygon-shape-35ml-2.jpg\" alt=\"lotion squeeze bottles\" width=\"750\" height=\"750\" srcset=\"https:\/\/www.alovey.com\/wp-content\/uploads\/2025\/09\/New-design-lotion-squeeze-bottles-with-polygon-shape-35ml-2.jpg 750w, https:\/\/www.alovey.com\/wp-content\/uploads\/2025\/09\/New-design-lotion-squeeze-bottles-with-polygon-shape-35ml-2-300x300.jpg 300w, https:\/\/www.alovey.com\/wp-content\/uploads\/2025\/09\/New-design-lotion-squeeze-bottles-with-polygon-shape-35ml-2-150x150.jpg 150w, https:\/\/www.alovey.com\/wp-content\/uploads\/2025\/09\/New-design-lotion-squeeze-bottles-with-polygon-shape-35ml-2-12x12.jpg 12w, https:\/\/www.alovey.com\/wp-content\/uploads\/2025\/09\/New-design-lotion-squeeze-bottles-with-polygon-shape-35ml-2-600x600.jpg 600w, https:\/\/www.alovey.com\/wp-content\/uploads\/2025\/09\/New-design-lotion-squeeze-bottles-with-polygon-shape-35ml-2-100x100.jpg 100w\" sizes=\"(max-width: 750px) 100vw, 750px\" \/><\/p>\n<p><img decoding=\"async\" class=\"size-full wp-image-11705\" src=\"https:\/\/www.alovey.com\/wp-content\/uploads\/2025\/09\/New-design-lotion-squeeze-bottles-with-polygon-shape-35ml-3.jpg\" alt=\"lotion squeeze bottles\" width=\"750\" height=\"750\" srcset=\"https:\/\/www.alovey.com\/wp-content\/uploads\/2025\/09\/New-design-lotion-squeeze-bottles-with-polygon-shape-35ml-3.jpg 750w, https:\/\/www.alovey.com\/wp-content\/uploads\/2025\/09\/New-design-lotion-squeeze-bottles-with-polygon-shape-35ml-3-300x300.jpg 300w, https:\/\/www.alovey.com\/wp-content\/uploads\/2025\/09\/New-design-lotion-squeeze-bottles-with-polygon-shape-35ml-3-150x150.jpg 150w, https:\/\/www.alovey.com\/wp-content\/uploads\/2025\/09\/New-design-lotion-squeeze-bottles-with-polygon-shape-35ml-3-12x12.jpg 12w, https:\/\/www.alovey.com\/wp-content\/uploads\/2025\/09\/New-design-lotion-squeeze-bottles-with-polygon-shape-35ml-3-600x600.jpg 600w, https:\/\/www.alovey.com\/wp-content\/uploads\/2025\/09\/New-design-lotion-squeeze-bottles-with-polygon-shape-35ml-3-100x100.jpg 100w\" sizes=\"(max-width: 750px) 100vw, 750px\" \/><\/p>\n<p><img decoding=\"async\" class=\"size-full wp-image-11706\" src=\"https:\/\/www.alovey.com\/wp-content\/uploads\/2025\/09\/New-design-lotion-squeeze-bottles-with-polygon-shape-35ml-4.jpg\" alt=\"lotion squeeze bottles\" width=\"750\" height=\"750\" srcset=\"https:\/\/www.alovey.com\/wp-content\/uploads\/2025\/09\/New-design-lotion-squeeze-bottles-with-polygon-shape-35ml-4.jpg 750w, https:\/\/www.alovey.com\/wp-content\/uploads\/2025\/09\/New-design-lotion-squeeze-bottles-with-polygon-shape-35ml-4-300x300.jpg 300w, https:\/\/www.alovey.com\/wp-content\/uploads\/2025\/09\/New-design-lotion-squeeze-bottles-with-polygon-shape-35ml-4-150x150.jpg 150w, https:\/\/www.alovey.com\/wp-content\/uploads\/2025\/09\/New-design-lotion-squeeze-bottles-with-polygon-shape-35ml-4-12x12.jpg 12w, https:\/\/www.alovey.com\/wp-content\/uploads\/2025\/09\/New-design-lotion-squeeze-bottles-with-polygon-shape-35ml-4-600x600.jpg 600w, https:\/\/www.alovey.com\/wp-content\/uploads\/2025\/09\/New-design-lotion-squeeze-bottles-with-polygon-shape-35ml-4-100x100.jpg 100w\" sizes=\"(max-width: 750px) 100vw, 750px\" \/><\/p>\n<p><img loading=\"lazy\" decoding=\"async\" class=\"size-full wp-image-11707\" src=\"https:\/\/www.alovey.com\/wp-content\/uploads\/2025\/09\/New-design-lotion-squeeze-bottles-with-polygon-shape-35ml-5.jpg\" alt=\"lotion squeeze bottles\" width=\"750\" height=\"750\" srcset=\"https:\/\/www.alovey.com\/wp-content\/uploads\/2025\/09\/New-design-lotion-squeeze-bottles-with-polygon-shape-35ml-5.jpg 750w, https:\/\/www.alovey.com\/wp-content\/uploads\/2025\/09\/New-design-lotion-squeeze-bottles-with-polygon-shape-35ml-5-300x300.jpg 300w, https:\/\/www.alovey.com\/wp-content\/uploads\/2025\/09\/New-design-lotion-squeeze-bottles-with-polygon-shape-35ml-5-150x150.jpg 150w, https:\/\/www.alovey.com\/wp-content\/uploads\/2025\/09\/New-design-lotion-squeeze-bottles-with-polygon-shape-35ml-5-12x12.jpg 12w, https:\/\/www.alovey.com\/wp-content\/uploads\/2025\/09\/New-design-lotion-squeeze-bottles-with-polygon-shape-35ml-5-600x600.jpg 600w, https:\/\/www.alovey.com\/wp-content\/uploads\/2025\/09\/New-design-lotion-squeeze-bottles-with-polygon-shape-35ml-5-100x100.jpg 100w\" sizes=\"(max-width: 750px) 100vw, 750px\" \/><\/p>\n<p><img loading=\"lazy\" decoding=\"async\" class=\"size-full wp-image-11708\" src=\"https:\/\/www.alovey.com\/wp-content\/uploads\/2025\/09\/New-design-lotion-squeeze-bottles-with-polygon-shape-35ml-6.jpg\" alt=\"lotion squeeze bottles\" width=\"750\" height=\"750\" srcset=\"https:\/\/www.alovey.com\/wp-content\/uploads\/2025\/09\/New-design-lotion-squeeze-bottles-with-polygon-shape-35ml-6.jpg 750w, https:\/\/www.alovey.com\/wp-content\/uploads\/2025\/09\/New-design-lotion-squeeze-bottles-with-polygon-shape-35ml-6-300x300.jpg 300w, https:\/\/www.alovey.com\/wp-content\/uploads\/2025\/09\/New-design-lotion-squeeze-bottles-with-polygon-shape-35ml-6-150x150.jpg 150w, https:\/\/www.alovey.com\/wp-content\/uploads\/2025\/09\/New-design-lotion-squeeze-bottles-with-polygon-shape-35ml-6-12x12.jpg 12w, https:\/\/www.alovey.com\/wp-content\/uploads\/2025\/09\/New-design-lotion-squeeze-bottles-with-polygon-shape-35ml-6-600x600.jpg 600w, https:\/\/www.alovey.com\/wp-content\/uploads\/2025\/09\/New-design-lotion-squeeze-bottles-with-polygon-shape-35ml-6-100x100.jpg 100w\" sizes=\"(max-width: 750px) 100vw, 750px\" \/><\/p>\n<p><img loading=\"lazy\" decoding=\"async\" class=\"size-full wp-image-11709\" src=\"https:\/\/www.alovey.com\/wp-content\/uploads\/2025\/09\/New-design-lotion-squeeze-bottles-with-polygon-shape-35ml-7.jpg\" alt=\"lotion squeeze bottles\" width=\"750\" height=\"750\" srcset=\"https:\/\/www.alovey.com\/wp-content\/uploads\/2025\/09\/New-design-lotion-squeeze-bottles-with-polygon-shape-35ml-7.jpg 750w, https:\/\/www.alovey.com\/wp-content\/uploads\/2025\/09\/New-design-lotion-squeeze-bottles-with-polygon-shape-35ml-7-300x300.jpg 300w, https:\/\/www.alovey.com\/wp-content\/uploads\/2025\/09\/New-design-lotion-squeeze-bottles-with-polygon-shape-35ml-7-150x150.jpg 150w, https:\/\/www.alovey.com\/wp-content\/uploads\/2025\/09\/New-design-lotion-squeeze-bottles-with-polygon-shape-35ml-7-12x12.jpg 12w, https:\/\/www.alovey.com\/wp-content\/uploads\/2025\/09\/New-design-lotion-squeeze-bottles-with-polygon-shape-35ml-7-600x600.jpg 600w, https:\/\/www.alovey.com\/wp-content\/uploads\/2025\/09\/New-design-lotion-squeeze-bottles-with-polygon-shape-35ml-7-100x100.jpg 100w\" sizes=\"(max-width: 750px) 100vw, 750px\" \/><\/p>\n<p>&nbsp;<\/p>\n<p>&nbsp;<\/p>\n<p>&nbsp;<\/p>\n<p>&nbsp;<\/p>\n<p>&nbsp;<\/p>\n<p>&nbsp;<\/p>\n<p>&nbsp;<\/p>\n<p>&nbsp;<\/p>\n<p>&nbsp;<\/p>\n<p>&nbsp;<\/p>\n<p>&nbsp;<\/p>\n<p>&nbsp;<\/p>\n<p>&nbsp;<\/p>\n<p>&nbsp;<\/p>\n<p>&nbsp;<\/p>\n<p>&nbsp;<\/p>\n<p>&nbsp;<\/p>\n<p>&nbsp;<\/p>\n<p>&nbsp;<\/p>\n<p>&nbsp;<\/p>\n<p>&nbsp;<\/p>\n<p>&nbsp;<\/p>\n<p>&nbsp;<\/p>\n<p>&nbsp;<\/p>\n<p>&nbsp;<\/p>\n<p>&nbsp;<\/p>\n<p>&nbsp;<\/p>\n<p>&nbsp;<\/p>\n<p>&nbsp;<\/p>\n<p>&nbsp;<\/p>\n<p>&nbsp;<\/p>\n<p>&nbsp;<\/p>\n<p>&nbsp;<\/p>\n<p>&nbsp;<\/p>\n<p>&nbsp;<\/p>\n<p>&nbsp;<\/p>\n<p>&nbsp;<\/p>\n<p>&nbsp;<\/p>\n<p>&nbsp;<\/p>\n<p>&nbsp;<\/p>\n<p>&nbsp;<\/p>\n<p>&nbsp;<\/p>\n<p>&nbsp;<\/p>\n<p>&nbsp;<\/p>\n<p>&nbsp;<\/p>\n<p>&nbsp;<\/p>\n<p>&nbsp;<\/p>\n<p>&nbsp;<\/p>\n<p>&nbsp;<\/p>\n<p>&nbsp;<\/p>\n<p>&nbsp;<\/p>\n<p>&nbsp;<\/p>\n<p>&nbsp;<\/p>\n<p>&nbsp;<\/p>\n<p>&nbsp;<\/p>\n<p>&nbsp;<\/p>\n<p>&nbsp;<\/p>\n<p>&nbsp;<\/p>\n<p>&nbsp;<\/p>\n<p>&nbsp;<\/p>\n<p>&nbsp;<\/p>\n<p>&nbsp;<\/p>\n<p>&nbsp;<\/p>\n<p>&nbsp;<\/p>\n<p>&nbsp;<\/p>\n<p>&nbsp;<\/p>\n<p>&nbsp;<\/p>\n<p>&nbsp;<\/p>\n<p>&nbsp;<\/p>\n<p>&nbsp;<\/p>\n<p>&nbsp;<\/p>\n<p>&nbsp;<\/p>\n<p>&nbsp;<\/p>\n<p>&nbsp;<\/p>\n<p>&nbsp;<\/p>\n<p>&nbsp;<\/p>\n<p>&nbsp;<\/p>\n<p>&nbsp;<\/p>\n<p>&nbsp;<\/p>\n<p>&nbsp;<\/p>\n<p>&nbsp;<\/p>\n<p>&nbsp;<\/p>\n<p>&nbsp;<\/p>\n<p>&nbsp;<\/p>\n<p>&nbsp;<\/p>\n<p>&nbsp;<\/p>\n<p>&nbsp;<\/p>\n<p>&nbsp;<\/p>\n<p>&nbsp;<\/p>\n<p>&nbsp;<\/p>\n<p>&nbsp;<\/p>\n<p>&nbsp;<\/p>\n<p>&nbsp;<\/p>\n<p>&nbsp;<\/p>\n<p>&nbsp;<\/p>\n<p>&nbsp;<\/p>\n<p>&nbsp;<\/p>\n<p>&nbsp;<\/p>\n<p>&nbsp;<\/p>\n<p>&nbsp;<\/p>\n<p>&nbsp;<\/p>\n<p>&nbsp;<\/p>\n<p>&nbsp;<\/p>","protected":false},"excerpt":{"rendered":"<ul>\n<li>Item No: B-P006A<\/li>\n<li>Material:\u00a0Plastic<\/li>\n<li>Capacity: 35ml<\/li>\n<li>Size:\u00a0L49*22.5*H91.5MM<\/li>\n<li>Anwendungen: Sch\u00f6nheitsprodukte<\/li>\n<li>MOQ: 12,000 pcs<\/li>\n<li>Farbe: Benutzerdefinierte Farbe<\/li>\n<li>Surface treatment: Injection\/Matte\/Metalization\/UV coating<\/li>\n<li>Markenname: OEM\/ODM<\/li>\n<li>Logo: Logo des Kunden<\/li>\n<li>Lieferf\u00e4higkeit: 100.000 St\u00fcck pro Monat<\/li>\n<\/ul>\n<p>&nbsp;<\/p>","protected":false},"featured_media":11706,"template":"","meta":{"_acf_changed":false},"product_brand":[],"product_cat":[382],"product_tag":[390,436],"class_list":{"0":"post-11702","1":"product","2":"type-product","3":"status-publish","4":"has-post-thumbnail","6":"product_cat-wholesale-cosmetic-bottles-containers","7":"product_tag-cosmetic-bottle","8":"product_tag-squeeze-bottle","10":"first","11":"instock","12":"shipping-taxable","13":"product-type-simple"},"acf":[],"yoast_head":"<!-- This site is optimized with the Yoast SEO plugin v24.1 - https:\/\/yoast.com\/wordpress\/plugins\/seo\/ -->\n<title>New design lotion squeeze bottles with polygon shape 35ml<\/title>\n<meta name=\"description\" content=\"This unique lotion squeeze bottle with designed polygon-shaped offers both style and functionality, making it a standout choice for cosmetic packaging.\" \/>\n<meta name=\"robots\" content=\"index, follow, max-snippet:-1, max-image-preview:large, max-video-preview:-1\" \/>\n<link rel=\"canonical\" href=\"https:\/\/www.alovey.com\/de\/produkt\/new-design-lotion-squeeze-bottles-with-polygon-shape-35ml\/\" \/>\n<meta property=\"og:locale\" content=\"de_DE\" \/>\n<meta property=\"og:type\" content=\"article\" \/>\n<meta property=\"og:title\" content=\"New design lotion squeeze bottles with polygon shape 35ml\" \/>\n<meta property=\"og:description\" content=\"This unique lotion squeeze bottle with designed polygon-shaped offers both style and functionality, making it a standout choice for cosmetic packaging.\" \/>\n<meta property=\"og:url\" content=\"https:\/\/www.alovey.com\/de\/produkt\/new-design-lotion-squeeze-bottles-with-polygon-shape-35ml\/\" \/>\n<meta property=\"og:site_name\" content=\"Best Cosmetic Packaging Manufacture\" \/>\n<meta property=\"article:modified_time\" content=\"2025-09-23T03:36:31+00:00\" \/>\n<meta property=\"og:image\" content=\"https:\/\/www.alovey.com\/wp-content\/uploads\/2025\/09\/New-design-lotion-squeeze-bottles-with-polygon-shape-35ml-4.jpg\" \/>\n\t<meta property=\"og:image:width\" content=\"750\" \/>\n\t<meta property=\"og:image:height\" content=\"750\" \/>\n\t<meta property=\"og:image:type\" content=\"image\/jpeg\" \/>\n<meta name=\"twitter:card\" content=\"summary_large_image\" \/>\n<meta name=\"twitter:label1\" content=\"Gesch\u00e4tzte Lesezeit\" \/>\n\t<meta name=\"twitter:data1\" content=\"3\u00a0Minuten\" \/>\n<script type=\"application\/ld+json\" class=\"yoast-schema-graph\">{\"@context\":\"https:\/\/schema.org\",\"@graph\":[{\"@type\":\"WebPage\",\"@id\":\"https:\/\/www.alovey.com\/product\/new-design-lotion-squeeze-bottles-with-polygon-shape-35ml\/\",\"url\":\"https:\/\/www.alovey.com\/product\/new-design-lotion-squeeze-bottles-with-polygon-shape-35ml\/\",\"name\":\"New design lotion squeeze bottles with polygon shape 35ml\",\"isPartOf\":{\"@id\":\"https:\/\/www.alovey.com\/#website\"},\"primaryImageOfPage\":{\"@id\":\"https:\/\/www.alovey.com\/product\/new-design-lotion-squeeze-bottles-with-polygon-shape-35ml\/#primaryimage\"},\"image\":{\"@id\":\"https:\/\/www.alovey.com\/product\/new-design-lotion-squeeze-bottles-with-polygon-shape-35ml\/#primaryimage\"},\"thumbnailUrl\":\"https:\/\/www.alovey.com\/wp-content\/uploads\/2025\/09\/New-design-lotion-squeeze-bottles-with-polygon-shape-35ml-4.jpg\",\"datePublished\":\"2025-09-23T03:24:14+00:00\",\"dateModified\":\"2025-09-23T03:36:31+00:00\",\"description\":\"This unique lotion squeeze bottle with designed polygon-shaped offers both style and functionality, making it a standout choice for cosmetic packaging.\",\"breadcrumb\":{\"@id\":\"https:\/\/www.alovey.com\/product\/new-design-lotion-squeeze-bottles-with-polygon-shape-35ml\/#breadcrumb\"},\"inLanguage\":\"de\",\"potentialAction\":[{\"@type\":\"ReadAction\",\"target\":[\"https:\/\/www.alovey.com\/product\/new-design-lotion-squeeze-bottles-with-polygon-shape-35ml\/\"]}]},{\"@type\":\"ImageObject\",\"inLanguage\":\"de\",\"@id\":\"https:\/\/www.alovey.com\/product\/new-design-lotion-squeeze-bottles-with-polygon-shape-35ml\/#primaryimage\",\"url\":\"https:\/\/www.alovey.com\/wp-content\/uploads\/2025\/09\/New-design-lotion-squeeze-bottles-with-polygon-shape-35ml-4.jpg\",\"contentUrl\":\"https:\/\/www.alovey.com\/wp-content\/uploads\/2025\/09\/New-design-lotion-squeeze-bottles-with-polygon-shape-35ml-4.jpg\",\"width\":750,\"height\":750,\"caption\":\"New design lotion squeeze bottles with polygon shape 35ml\"},{\"@type\":\"BreadcrumbList\",\"@id\":\"https:\/\/www.alovey.com\/product\/new-design-lotion-squeeze-bottles-with-polygon-shape-35ml\/#breadcrumb\",\"itemListElement\":[{\"@type\":\"ListItem\",\"position\":1,\"name\":\"\u9996\u9875\",\"item\":\"https:\/\/www.alovey.com\/\"},{\"@type\":\"ListItem\",\"position\":2,\"name\":\"Products\",\"item\":\"https:\/\/www.alovey.com\/products\/\"},{\"@type\":\"ListItem\",\"position\":3,\"name\":\"New design lotion squeeze bottles with polygon shape 35ml\"}]},{\"@type\":\"WebSite\",\"@id\":\"https:\/\/www.alovey.com\/#website\",\"url\":\"https:\/\/www.alovey.com\/\",\"name\":\"Best Cosmetic Packaging Manufacture\",\"description\":\"Alovey Cosmetic Packaging Co.,Ltd\",\"publisher\":{\"@id\":\"https:\/\/www.alovey.com\/#organization\"},\"potentialAction\":[{\"@type\":\"SearchAction\",\"target\":{\"@type\":\"EntryPoint\",\"urlTemplate\":\"https:\/\/www.alovey.com\/?s={search_term_string}\"},\"query-input\":{\"@type\":\"PropertyValueSpecification\",\"valueRequired\":true,\"valueName\":\"search_term_string\"}}],\"inLanguage\":\"de\"},{\"@type\":\"Organization\",\"@id\":\"https:\/\/www.alovey.com\/#organization\",\"name\":\"Best Cosmetic Packaging Manufacture\",\"url\":\"https:\/\/www.alovey.com\/\",\"logo\":{\"@type\":\"ImageObject\",\"inLanguage\":\"de\",\"@id\":\"https:\/\/www.alovey.com\/#\/schema\/logo\/image\/\",\"url\":\"https:\/\/www.alovey.com\/wp-content\/uploads\/2023\/03\/logo.png\",\"contentUrl\":\"https:\/\/www.alovey.com\/wp-content\/uploads\/2023\/03\/logo.png\",\"width\":505,\"height\":180,\"caption\":\"Best  Cosmetic Packaging Manufacture\"},\"image\":{\"@id\":\"https:\/\/www.alovey.com\/#\/schema\/logo\/image\/\"}}]}<\/script>\n<!-- \/ Yoast SEO plugin. -->","yoast_head_json":{"title":"New design lotion squeeze bottles with polygon shape 35ml","description":"This unique lotion squeeze bottle with designed polygon-shaped offers both style and functionality, making it a standout choice for cosmetic packaging.","robots":{"index":"index","follow":"follow","max-snippet":"max-snippet:-1","max-image-preview":"max-image-preview:large","max-video-preview":"max-video-preview:-1"},"canonical":"https:\/\/www.alovey.com\/de\/produkt\/new-design-lotion-squeeze-bottles-with-polygon-shape-35ml\/","og_locale":"de_DE","og_type":"article","og_title":"New design lotion squeeze bottles with polygon shape 35ml","og_description":"This unique lotion squeeze bottle with designed polygon-shaped offers both style and functionality, making it a standout choice for cosmetic packaging.","og_url":"https:\/\/www.alovey.com\/de\/produkt\/new-design-lotion-squeeze-bottles-with-polygon-shape-35ml\/","og_site_name":"Best Cosmetic Packaging Manufacture","article_modified_time":"2025-09-23T03:36:31+00:00","og_image":[{"width":750,"height":750,"url":"https:\/\/www.alovey.com\/wp-content\/uploads\/2025\/09\/New-design-lotion-squeeze-bottles-with-polygon-shape-35ml-4.jpg","type":"image\/jpeg"}],"twitter_card":"summary_large_image","twitter_misc":{"Gesch\u00e4tzte Lesezeit":"3\u00a0Minuten"},"schema":{"@context":"https:\/\/schema.org","@graph":[{"@type":"WebPage","@id":"https:\/\/www.alovey.com\/product\/new-design-lotion-squeeze-bottles-with-polygon-shape-35ml\/","url":"https:\/\/www.alovey.com\/product\/new-design-lotion-squeeze-bottles-with-polygon-shape-35ml\/","name":"New design lotion squeeze bottles with polygon shape 35ml","isPartOf":{"@id":"https:\/\/www.alovey.com\/#website"},"primaryImageOfPage":{"@id":"https:\/\/www.alovey.com\/product\/new-design-lotion-squeeze-bottles-with-polygon-shape-35ml\/#primaryimage"},"image":{"@id":"https:\/\/www.alovey.com\/product\/new-design-lotion-squeeze-bottles-with-polygon-shape-35ml\/#primaryimage"},"thumbnailUrl":"https:\/\/www.alovey.com\/wp-content\/uploads\/2025\/09\/New-design-lotion-squeeze-bottles-with-polygon-shape-35ml-4.jpg","datePublished":"2025-09-23T03:24:14+00:00","dateModified":"2025-09-23T03:36:31+00:00","description":"This unique lotion squeeze bottle with designed polygon-shaped offers both style and functionality, making it a standout choice for cosmetic packaging.","breadcrumb":{"@id":"https:\/\/www.alovey.com\/product\/new-design-lotion-squeeze-bottles-with-polygon-shape-35ml\/#breadcrumb"},"inLanguage":"de","potentialAction":[{"@type":"ReadAction","target":["https:\/\/www.alovey.com\/product\/new-design-lotion-squeeze-bottles-with-polygon-shape-35ml\/"]}]},{"@type":"ImageObject","inLanguage":"de","@id":"https:\/\/www.alovey.com\/product\/new-design-lotion-squeeze-bottles-with-polygon-shape-35ml\/#primaryimage","url":"https:\/\/www.alovey.com\/wp-content\/uploads\/2025\/09\/New-design-lotion-squeeze-bottles-with-polygon-shape-35ml-4.jpg","contentUrl":"https:\/\/www.alovey.com\/wp-content\/uploads\/2025\/09\/New-design-lotion-squeeze-bottles-with-polygon-shape-35ml-4.jpg","width":750,"height":750,"caption":"New design lotion squeeze bottles with polygon shape 35ml"},{"@type":"BreadcrumbList","@id":"https:\/\/www.alovey.com\/product\/new-design-lotion-squeeze-bottles-with-polygon-shape-35ml\/#breadcrumb","itemListElement":[{"@type":"ListItem","position":1,"name":"\u9996\u9875","item":"https:\/\/www.alovey.com\/"},{"@type":"ListItem","position":2,"name":"Products","item":"https:\/\/www.alovey.com\/products\/"},{"@type":"ListItem","position":3,"name":"New design lotion squeeze bottles with polygon shape 35ml"}]},{"@type":"WebSite","@id":"https:\/\/www.alovey.com\/#website","url":"https:\/\/www.alovey.com\/","name":"Best Cosmetic Packaging Manufacture","description":"Alovey Cosmetic Packaging Co.,Ltd","publisher":{"@id":"https:\/\/www.alovey.com\/#organization"},"potentialAction":[{"@type":"SearchAction","target":{"@type":"EntryPoint","urlTemplate":"https:\/\/www.alovey.com\/?s={search_term_string}"},"query-input":{"@type":"PropertyValueSpecification","valueRequired":true,"valueName":"search_term_string"}}],"inLanguage":"de"},{"@type":"Organization","@id":"https:\/\/www.alovey.com\/#organization","name":"Best Cosmetic Packaging Manufacture","url":"https:\/\/www.alovey.com\/","logo":{"@type":"ImageObject","inLanguage":"de","@id":"https:\/\/www.alovey.com\/#\/schema\/logo\/image\/","url":"https:\/\/www.alovey.com\/wp-content\/uploads\/2023\/03\/logo.png","contentUrl":"https:\/\/www.alovey.com\/wp-content\/uploads\/2023\/03\/logo.png","width":505,"height":180,"caption":"Best  Cosmetic Packaging Manufacture"},"image":{"@id":"https:\/\/www.alovey.com\/#\/schema\/logo\/image\/"}}]}},"_links":{"self":[{"href":"https:\/\/www.alovey.com\/de\/wp-json\/wp\/v2\/product\/11702"}],"collection":[{"href":"https:\/\/www.alovey.com\/de\/wp-json\/wp\/v2\/product"}],"about":[{"href":"https:\/\/www.alovey.com\/de\/wp-json\/wp\/v2\/types\/product"}],"wp:featuredmedia":[{"embeddable":true,"href":"https:\/\/www.alovey.com\/de\/wp-json\/wp\/v2\/media\/11706"}],"wp:attachment":[{"href":"https:\/\/www.alovey.com\/de\/wp-json\/wp\/v2\/media?parent=11702"}],"wp:term":[{"taxonomy":"product_brand","embeddable":true,"href":"https:\/\/www.alovey.com\/de\/wp-json\/wp\/v2\/product_brand?post=11702"},{"taxonomy":"product_cat","embeddable":true,"href":"https:\/\/www.alovey.com\/de\/wp-json\/wp\/v2\/product_cat?post=11702"},{"taxonomy":"product_tag","embeddable":true,"href":"https:\/\/www.alovey.com\/de\/wp-json\/wp\/v2\/product_tag?post=11702"}],"curies":[{"name":"wp","href":"https:\/\/api.w.org\/{rel}","templated":true}]}}