{"id":11642,"date":"2025-09-20T06:11:25","date_gmt":"2025-09-20T06:11:25","guid":{"rendered":"https:\/\/www.alovey.com\/?post_type=product&#038;p=11642"},"modified":"2025-09-20T08:10:00","modified_gmt":"2025-09-20T08:10:00","slug":"octagonal-mini-flip-makeup-compact-mirror-custom-logo","status":"publish","type":"product","link":"https:\/\/www.alovey.com\/de\/produkt\/octagonal-mini-flip-makeup-compact-mirror-custom-logo\/","title":{"rendered":"Octagonal  Mini Flip Makeup Compact Mirror Custom Logo"},"content":{"rendered":"<p><strong>Custom Press Powder Case With Octagonal Shape<\/strong><\/p>\n<p><strong>\u200bThis unique pressed powder case stands out with its modern octagonal design, giving your makeup line a touch of elegance and individuality.<\/strong><\/p>\n<p><strong>\u00a0The compact is designed for\u00a0facial pressed powder formulas, with options for single or divided pans.<\/strong><\/p>\n<p><strong>Shape: Stylish octagonal case<\/strong><\/p>\n<p><strong>Function: Suitable for pressed powder, setting powder, or compact foundation<\/strong><\/p>\n<p><strong>Customization: Colors, finishes (matte, glossy, metallic), logo printing, hot stamping, or metallization available<\/strong><\/p>\n<p><strong>Mirror Option: With or without inner mirror for convenience<\/strong><\/p>\n<p><strong>Closure: Secure snap , designed for long-lasting use<\/strong><\/p>\n<p><strong>Perfect for brands seeking customized powder compacts\u00a0that combine practicality with a standout luxury design.<\/strong><\/p>\n<p><strong>Alovey, ein professioneller chinesischer Hersteller von Kosmetikverpackungen, produziert eine exquisite Auswahl an kundenspezifischen Kosmetikverpackungen, die sorgf\u00e4ltig hergestellt werden, um Ihre Marke aufzuwerten. Unsere vielf\u00e4ltige Auswahl an Premium-Materialien, kombiniert mit feinen Oberfl\u00e4chenveredelungstechniken wie Siebdruck, Hei\u00dfpr\u00e4gung und mattem Spr\u00fchen, macht jede Verpackung zu einem einzigartigen Meisterwerk.<\/strong><\/p>\n<figure id=\"attachment_11648\" aria-describedby=\"caption-attachment-11648\" style=\"width: 750px\" class=\"wp-caption alignnone\"><img fetchpriority=\"high\" decoding=\"async\" class=\"size-full wp-image-11648\" src=\"https:\/\/www.alovey.com\/wp-content\/uploads\/2025\/09\/Octagonal-Mini-Flip-Makeup-Compact-Mirror-Custom-Logo-7.jpg\" alt=\"Press Powder Case\" width=\"750\" height=\"750\" srcset=\"https:\/\/www.alovey.com\/wp-content\/uploads\/2025\/09\/Octagonal-Mini-Flip-Makeup-Compact-Mirror-Custom-Logo-7.jpg 750w, https:\/\/www.alovey.com\/wp-content\/uploads\/2025\/09\/Octagonal-Mini-Flip-Makeup-Compact-Mirror-Custom-Logo-7-300x300.jpg 300w, https:\/\/www.alovey.com\/wp-content\/uploads\/2025\/09\/Octagonal-Mini-Flip-Makeup-Compact-Mirror-Custom-Logo-7-150x150.jpg 150w, https:\/\/www.alovey.com\/wp-content\/uploads\/2025\/09\/Octagonal-Mini-Flip-Makeup-Compact-Mirror-Custom-Logo-7-12x12.jpg 12w, https:\/\/www.alovey.com\/wp-content\/uploads\/2025\/09\/Octagonal-Mini-Flip-Makeup-Compact-Mirror-Custom-Logo-7-600x600.jpg 600w, https:\/\/www.alovey.com\/wp-content\/uploads\/2025\/09\/Octagonal-Mini-Flip-Makeup-Compact-Mirror-Custom-Logo-7-100x100.jpg 100w\" sizes=\"(max-width: 750px) 100vw, 750px\" \/><figcaption id=\"caption-attachment-11648\" class=\"wp-caption-text\">\u00a0<\/figcaption><\/figure>\n<figure id=\"attachment_11647\" aria-describedby=\"caption-attachment-11647\" style=\"width: 630px\" class=\"wp-caption alignnone\"><img decoding=\"async\" class=\"size-full wp-image-11647\" src=\"https:\/\/www.alovey.com\/wp-content\/uploads\/2025\/09\/Octagonal-Mini-Flip-Makeup-Compact-Mirror-Custom-Logo-6.jpg\" alt=\"Press Powder Case\" width=\"630\" height=\"630\" srcset=\"https:\/\/www.alovey.com\/wp-content\/uploads\/2025\/09\/Octagonal-Mini-Flip-Makeup-Compact-Mirror-Custom-Logo-6.jpg 630w, https:\/\/www.alovey.com\/wp-content\/uploads\/2025\/09\/Octagonal-Mini-Flip-Makeup-Compact-Mirror-Custom-Logo-6-300x300.jpg 300w, https:\/\/www.alovey.com\/wp-content\/uploads\/2025\/09\/Octagonal-Mini-Flip-Makeup-Compact-Mirror-Custom-Logo-6-150x150.jpg 150w, https:\/\/www.alovey.com\/wp-content\/uploads\/2025\/09\/Octagonal-Mini-Flip-Makeup-Compact-Mirror-Custom-Logo-6-12x12.jpg 12w, https:\/\/www.alovey.com\/wp-content\/uploads\/2025\/09\/Octagonal-Mini-Flip-Makeup-Compact-Mirror-Custom-Logo-6-600x600.jpg 600w, https:\/\/www.alovey.com\/wp-content\/uploads\/2025\/09\/Octagonal-Mini-Flip-Makeup-Compact-Mirror-Custom-Logo-6-100x100.jpg 100w\" sizes=\"(max-width: 630px) 100vw, 630px\" \/><figcaption id=\"caption-attachment-11647\" class=\"wp-caption-text\">\u00a0<\/figcaption><\/figure>\n<figure id=\"attachment_11646\" aria-describedby=\"caption-attachment-11646\" style=\"width: 750px\" class=\"wp-caption alignnone\"><img decoding=\"async\" class=\"size-full wp-image-11646\" src=\"https:\/\/www.alovey.com\/wp-content\/uploads\/2025\/09\/Octagonal-Mini-Flip-Makeup-Compact-Mirror-Custom-Logo-5.jpg\" alt=\"Press Powder Case\" width=\"750\" height=\"750\" srcset=\"https:\/\/www.alovey.com\/wp-content\/uploads\/2025\/09\/Octagonal-Mini-Flip-Makeup-Compact-Mirror-Custom-Logo-5.jpg 750w, https:\/\/www.alovey.com\/wp-content\/uploads\/2025\/09\/Octagonal-Mini-Flip-Makeup-Compact-Mirror-Custom-Logo-5-300x300.jpg 300w, https:\/\/www.alovey.com\/wp-content\/uploads\/2025\/09\/Octagonal-Mini-Flip-Makeup-Compact-Mirror-Custom-Logo-5-150x150.jpg 150w, https:\/\/www.alovey.com\/wp-content\/uploads\/2025\/09\/Octagonal-Mini-Flip-Makeup-Compact-Mirror-Custom-Logo-5-12x12.jpg 12w, https:\/\/www.alovey.com\/wp-content\/uploads\/2025\/09\/Octagonal-Mini-Flip-Makeup-Compact-Mirror-Custom-Logo-5-600x600.jpg 600w, https:\/\/www.alovey.com\/wp-content\/uploads\/2025\/09\/Octagonal-Mini-Flip-Makeup-Compact-Mirror-Custom-Logo-5-100x100.jpg 100w\" sizes=\"(max-width: 750px) 100vw, 750px\" \/><figcaption id=\"caption-attachment-11646\" class=\"wp-caption-text\">\u00a0<\/figcaption><\/figure>\n<figure id=\"attachment_11645\" aria-describedby=\"caption-attachment-11645\" style=\"width: 750px\" class=\"wp-caption alignnone\"><img loading=\"lazy\" decoding=\"async\" class=\"size-full wp-image-11645\" src=\"https:\/\/www.alovey.com\/wp-content\/uploads\/2025\/09\/Octagonal-Mini-Flip-Makeup-Compact-Mirror-Custom-Logo-4.jpg\" alt=\"Press Powder Case\" width=\"750\" height=\"750\" srcset=\"https:\/\/www.alovey.com\/wp-content\/uploads\/2025\/09\/Octagonal-Mini-Flip-Makeup-Compact-Mirror-Custom-Logo-4.jpg 750w, https:\/\/www.alovey.com\/wp-content\/uploads\/2025\/09\/Octagonal-Mini-Flip-Makeup-Compact-Mirror-Custom-Logo-4-300x300.jpg 300w, https:\/\/www.alovey.com\/wp-content\/uploads\/2025\/09\/Octagonal-Mini-Flip-Makeup-Compact-Mirror-Custom-Logo-4-150x150.jpg 150w, https:\/\/www.alovey.com\/wp-content\/uploads\/2025\/09\/Octagonal-Mini-Flip-Makeup-Compact-Mirror-Custom-Logo-4-12x12.jpg 12w, https:\/\/www.alovey.com\/wp-content\/uploads\/2025\/09\/Octagonal-Mini-Flip-Makeup-Compact-Mirror-Custom-Logo-4-600x600.jpg 600w, https:\/\/www.alovey.com\/wp-content\/uploads\/2025\/09\/Octagonal-Mini-Flip-Makeup-Compact-Mirror-Custom-Logo-4-100x100.jpg 100w\" sizes=\"(max-width: 750px) 100vw, 750px\" \/><figcaption id=\"caption-attachment-11645\" class=\"wp-caption-text\">\u00a0<\/figcaption><\/figure>\n<figure id=\"attachment_11644\" aria-describedby=\"caption-attachment-11644\" style=\"width: 750px\" class=\"wp-caption alignnone\"><img loading=\"lazy\" decoding=\"async\" class=\"size-full wp-image-11644\" src=\"https:\/\/www.alovey.com\/wp-content\/uploads\/2025\/09\/Octagonal-Mini-Flip-Makeup-Compact-Mirror-Custom-Logo-3.jpg\" alt=\"Press Powder Case\" width=\"750\" height=\"750\" srcset=\"https:\/\/www.alovey.com\/wp-content\/uploads\/2025\/09\/Octagonal-Mini-Flip-Makeup-Compact-Mirror-Custom-Logo-3.jpg 750w, https:\/\/www.alovey.com\/wp-content\/uploads\/2025\/09\/Octagonal-Mini-Flip-Makeup-Compact-Mirror-Custom-Logo-3-300x300.jpg 300w, https:\/\/www.alovey.com\/wp-content\/uploads\/2025\/09\/Octagonal-Mini-Flip-Makeup-Compact-Mirror-Custom-Logo-3-150x150.jpg 150w, https:\/\/www.alovey.com\/wp-content\/uploads\/2025\/09\/Octagonal-Mini-Flip-Makeup-Compact-Mirror-Custom-Logo-3-12x12.jpg 12w, https:\/\/www.alovey.com\/wp-content\/uploads\/2025\/09\/Octagonal-Mini-Flip-Makeup-Compact-Mirror-Custom-Logo-3-600x600.jpg 600w, https:\/\/www.alovey.com\/wp-content\/uploads\/2025\/09\/Octagonal-Mini-Flip-Makeup-Compact-Mirror-Custom-Logo-3-100x100.jpg 100w\" sizes=\"(max-width: 750px) 100vw, 750px\" \/><figcaption id=\"caption-attachment-11644\" class=\"wp-caption-text\">\u00a0<\/figcaption><\/figure>\n<figure id=\"attachment_11643\" aria-describedby=\"caption-attachment-11643\" style=\"width: 750px\" class=\"wp-caption alignnone\"><img loading=\"lazy\" decoding=\"async\" class=\"size-full wp-image-11643\" src=\"https:\/\/www.alovey.com\/wp-content\/uploads\/2025\/09\/Octagonal-Mini-Flip-Makeup-Compact-Mirror-Custom-Logo-2.jpg\" alt=\"Press Powder Case\" width=\"750\" height=\"750\" srcset=\"https:\/\/www.alovey.com\/wp-content\/uploads\/2025\/09\/Octagonal-Mini-Flip-Makeup-Compact-Mirror-Custom-Logo-2.jpg 750w, https:\/\/www.alovey.com\/wp-content\/uploads\/2025\/09\/Octagonal-Mini-Flip-Makeup-Compact-Mirror-Custom-Logo-2-300x300.jpg 300w, https:\/\/www.alovey.com\/wp-content\/uploads\/2025\/09\/Octagonal-Mini-Flip-Makeup-Compact-Mirror-Custom-Logo-2-150x150.jpg 150w, https:\/\/www.alovey.com\/wp-content\/uploads\/2025\/09\/Octagonal-Mini-Flip-Makeup-Compact-Mirror-Custom-Logo-2-12x12.jpg 12w, https:\/\/www.alovey.com\/wp-content\/uploads\/2025\/09\/Octagonal-Mini-Flip-Makeup-Compact-Mirror-Custom-Logo-2-600x600.jpg 600w, https:\/\/www.alovey.com\/wp-content\/uploads\/2025\/09\/Octagonal-Mini-Flip-Makeup-Compact-Mirror-Custom-Logo-2-100x100.jpg 100w\" sizes=\"(max-width: 750px) 100vw, 750px\" \/><figcaption id=\"caption-attachment-11643\" class=\"wp-caption-text\">\u00a0<\/figcaption><\/figure>\n<p>&nbsp;<\/p>\n<p>&nbsp;<\/p>\n<p>&nbsp;<\/p>\n<p>&nbsp;<\/p>\n<p>&nbsp;<\/p>\n<p>&nbsp;<\/p>\n<p>&nbsp;<\/p>\n<p>&nbsp;<\/p>\n<p>&nbsp;<\/p>\n<p>&nbsp;<\/p>\n<p>&nbsp;<\/p>\n<p>&nbsp;<\/p>\n<p>&nbsp;<\/p>\n<p>&nbsp;<\/p>\n<p>&nbsp;<\/p>\n<p>&nbsp;<\/p>\n<p>&nbsp;<\/p>\n<p>&nbsp;<\/p>\n<p>&nbsp;<\/p>\n<p>&nbsp;<\/p>\n<p>&nbsp;<\/p>\n<p>&nbsp;<\/p>\n<p>&nbsp;<\/p>\n<p>&nbsp;<\/p>\n<p>&nbsp;<\/p>\n<p>&nbsp;<\/p>\n<p>&nbsp;<\/p>\n<p>&nbsp;<\/p>\n<p>&nbsp;<\/p>\n<p>&nbsp;<\/p>\n<p>&nbsp;<\/p>\n<p>&nbsp;<\/p>\n<p>&nbsp;<\/p>\n<p>&nbsp;<\/p>\n<p>&nbsp;<\/p>\n<p>&nbsp;<\/p>\n<p>&nbsp;<\/p>\n<p>&nbsp;<\/p>\n<p>&nbsp;<\/p>\n<p>&nbsp;<\/p>\n<p>&nbsp;<\/p>\n<p>&nbsp;<\/p>\n<p>&nbsp;<\/p>\n<p>&nbsp;<\/p>\n<p>&nbsp;<\/p>\n<p>&nbsp;<\/p>\n<p>&nbsp;<\/p>\n<p>&nbsp;<\/p>\n<p>&nbsp;<\/p>\n<p>&nbsp;<\/p>\n<p>&nbsp;<\/p>\n<p>&nbsp;<\/p>\n<p>&nbsp;<\/p>\n<p>&nbsp;<\/p>\n<p>&nbsp;<\/p>\n<p>&nbsp;<\/p>\n<p>&nbsp;<\/p>\n<p>&nbsp;<\/p>\n<p>&nbsp;<\/p>\n<p>&nbsp;<\/p>\n<p>&nbsp;<\/p>\n<p>&nbsp;<\/p>\n<p>&nbsp;<\/p>\n<p>&nbsp;<\/p>\n<p>&nbsp;<\/p>\n<p>&nbsp;<\/p>\n<p>&nbsp;<\/p>\n<p>&nbsp;<\/p>\n<p>&nbsp;<\/p>\n<p>&nbsp;<\/p>\n<p>&nbsp;<\/p>\n<p>&nbsp;<\/p>\n<p>&nbsp;<\/p>\n<p>&nbsp;<\/p>\n<p>&nbsp;<\/p>\n<p>&nbsp;<\/p>\n<p>&nbsp;<\/p>\n<p>&nbsp;<\/p>\n<p>&nbsp;<\/p>\n<p>&nbsp;<\/p>\n<p>&nbsp;<\/p>\n<p>&nbsp;<\/p>\n<p>&nbsp;<\/p>\n<p>&nbsp;<\/p>\n<p>&nbsp;<\/p>\n<p>&nbsp;<\/p>\n<p>&nbsp;<\/p>\n<p>&nbsp;<\/p>\n<p>&nbsp;<\/p>\n<p>&nbsp;<\/p>\n<p>&nbsp;<\/p>\n<p>&nbsp;<\/p>\n<p>&nbsp;<\/p>\n<p>&nbsp;<\/p>\n<p>&nbsp;<\/p>\n<p>&nbsp;<\/p>\n<p>&nbsp;<\/p>\n<p>&nbsp;<\/p>\n<p>&nbsp;<\/p>\n<p>&nbsp;<\/p>\n<p>&nbsp;<\/p>\n<p>&nbsp;<\/p>\n<p>&nbsp;<\/p>\n<p>&nbsp;<\/p>\n<p>&nbsp;<\/p>\n<p>&nbsp;<\/p>\n<p>&nbsp;<\/p>\n<p>&nbsp;<\/p>\n<p>&nbsp;<\/p>\n<p>&nbsp;<\/p>\n<p>&nbsp;<\/p>\n<p>&nbsp;<\/p>\n<p>&nbsp;<\/p>\n<p>&nbsp;<\/p>\n<p>&nbsp;<\/p>\n<p>&nbsp;<\/p>\n<p>&nbsp;<\/p>\n<p>&nbsp;<\/p>\n<p>&nbsp;<\/p>\n<p>&nbsp;<\/p>\n<p>&nbsp;<\/p>\n<p>&nbsp;<\/p>\n<p>&nbsp;<\/p>\n<p>&nbsp;<\/p>\n<p>&nbsp;<\/p>\n<p>&nbsp;<\/p>\n<p>&nbsp;<\/p>\n<p>&nbsp;<\/p>\n<p>&nbsp;<\/p>\n<p>&nbsp;<\/p>","protected":false},"excerpt":{"rendered":"<ul>\n<li>Item No: P-0188A<\/li>\n<li>Material:\u00a0Plastic<\/li>\n<li>\u00a0Size:W56*H15MM (d44)<\/li>\n<li>Anwendungen: Sch\u00f6nheitsprodukte<\/li>\n<li>MOQ: 12,000 pcs<\/li>\n<li>Farbe: Benutzerdefinierte Farbe<\/li>\n<li>Surface treatment: Injection\/Matte\/Metalization\/UV coating<\/li>\n<li>Markenname: OEM\/ODM<\/li>\n<li>Logo: Logo des Kunden<\/li>\n<li>Lieferf\u00e4higkeit: 100.000 St\u00fcck pro Monat<\/li>\n<\/ul>","protected":false},"featured_media":11645,"template":"","meta":{"_acf_changed":false},"product_brand":[],"product_cat":[380],"product_tag":[387],"class_list":{"0":"post-11642","1":"product","2":"type-product","3":"status-publish","4":"has-post-thumbnail","6":"product_cat-cosmetic-compact-powder-cases","7":"product_tag-compact-powder-case","9":"first","10":"instock","11":"shipping-taxable","12":"product-type-simple"},"acf":[],"yoast_head":"<!-- This site is optimized with the Yoast SEO plugin v24.1 - https:\/\/yoast.com\/wordpress\/plugins\/seo\/ -->\n<title>Octagonal Mini Flip Makeup Compact Mirror Custom Logo<\/title>\n<meta name=\"description\" content=\"This unique pressed powder case stands out with its modern octagonal design, giving your makeup line a touch of elegance and individuality.\" \/>\n<meta name=\"robots\" content=\"index, follow, max-snippet:-1, max-image-preview:large, max-video-preview:-1\" \/>\n<link rel=\"canonical\" href=\"https:\/\/www.alovey.com\/de\/produkt\/octagonal-mini-flip-makeup-compact-mirror-custom-logo\/\" \/>\n<meta property=\"og:locale\" content=\"de_DE\" \/>\n<meta property=\"og:type\" content=\"article\" \/>\n<meta property=\"og:title\" content=\"Octagonal Mini Flip Makeup Compact Mirror Custom Logo\" \/>\n<meta property=\"og:description\" content=\"This unique pressed powder case stands out with its modern octagonal design, giving your makeup line a touch of elegance and individuality.\" \/>\n<meta property=\"og:url\" content=\"https:\/\/www.alovey.com\/de\/produkt\/octagonal-mini-flip-makeup-compact-mirror-custom-logo\/\" \/>\n<meta property=\"og:site_name\" content=\"Best Cosmetic Packaging Manufacture\" \/>\n<meta property=\"article:modified_time\" content=\"2025-09-20T08:10:00+00:00\" \/>\n<meta property=\"og:image\" content=\"https:\/\/www.alovey.com\/wp-content\/uploads\/2025\/09\/Octagonal-Mini-Flip-Makeup-Compact-Mirror-Custom-Logo-4.jpg\" \/>\n\t<meta property=\"og:image:width\" content=\"750\" \/>\n\t<meta property=\"og:image:height\" content=\"750\" \/>\n\t<meta property=\"og:image:type\" content=\"image\/jpeg\" \/>\n<meta name=\"twitter:card\" content=\"summary_large_image\" \/>\n<meta name=\"twitter:label1\" content=\"Gesch\u00e4tzte Lesezeit\" \/>\n\t<meta name=\"twitter:data1\" content=\"3\u00a0Minuten\" \/>\n<script type=\"application\/ld+json\" class=\"yoast-schema-graph\">{\"@context\":\"https:\/\/schema.org\",\"@graph\":[{\"@type\":\"WebPage\",\"@id\":\"https:\/\/www.alovey.com\/product\/octagonal-mini-flip-makeup-compact-mirror-custom-logo\/\",\"url\":\"https:\/\/www.alovey.com\/product\/octagonal-mini-flip-makeup-compact-mirror-custom-logo\/\",\"name\":\"Octagonal Mini Flip Makeup Compact Mirror Custom Logo\",\"isPartOf\":{\"@id\":\"https:\/\/www.alovey.com\/#website\"},\"primaryImageOfPage\":{\"@id\":\"https:\/\/www.alovey.com\/product\/octagonal-mini-flip-makeup-compact-mirror-custom-logo\/#primaryimage\"},\"image\":{\"@id\":\"https:\/\/www.alovey.com\/product\/octagonal-mini-flip-makeup-compact-mirror-custom-logo\/#primaryimage\"},\"thumbnailUrl\":\"https:\/\/www.alovey.com\/wp-content\/uploads\/2025\/09\/Octagonal-Mini-Flip-Makeup-Compact-Mirror-Custom-Logo-4.jpg\",\"datePublished\":\"2025-09-20T06:11:25+00:00\",\"dateModified\":\"2025-09-20T08:10:00+00:00\",\"description\":\"This unique pressed powder case stands out with its modern octagonal design, giving your makeup line a touch of elegance and individuality.\",\"breadcrumb\":{\"@id\":\"https:\/\/www.alovey.com\/product\/octagonal-mini-flip-makeup-compact-mirror-custom-logo\/#breadcrumb\"},\"inLanguage\":\"de\",\"potentialAction\":[{\"@type\":\"ReadAction\",\"target\":[\"https:\/\/www.alovey.com\/product\/octagonal-mini-flip-makeup-compact-mirror-custom-logo\/\"]}]},{\"@type\":\"ImageObject\",\"inLanguage\":\"de\",\"@id\":\"https:\/\/www.alovey.com\/product\/octagonal-mini-flip-makeup-compact-mirror-custom-logo\/#primaryimage\",\"url\":\"https:\/\/www.alovey.com\/wp-content\/uploads\/2025\/09\/Octagonal-Mini-Flip-Makeup-Compact-Mirror-Custom-Logo-4.jpg\",\"contentUrl\":\"https:\/\/www.alovey.com\/wp-content\/uploads\/2025\/09\/Octagonal-Mini-Flip-Makeup-Compact-Mirror-Custom-Logo-4.jpg\",\"width\":750,\"height\":750,\"caption\":\"Octagonal Mini Flip Makeup Compact Mirror Custom Logo\"},{\"@type\":\"BreadcrumbList\",\"@id\":\"https:\/\/www.alovey.com\/product\/octagonal-mini-flip-makeup-compact-mirror-custom-logo\/#breadcrumb\",\"itemListElement\":[{\"@type\":\"ListItem\",\"position\":1,\"name\":\"\u9996\u9875\",\"item\":\"https:\/\/www.alovey.com\/\"},{\"@type\":\"ListItem\",\"position\":2,\"name\":\"Products\",\"item\":\"https:\/\/www.alovey.com\/products\/\"},{\"@type\":\"ListItem\",\"position\":3,\"name\":\"Octagonal Mini Flip Makeup Compact Mirror Custom Logo\"}]},{\"@type\":\"WebSite\",\"@id\":\"https:\/\/www.alovey.com\/#website\",\"url\":\"https:\/\/www.alovey.com\/\",\"name\":\"Best Cosmetic Packaging Manufacture\",\"description\":\"Alovey Cosmetic Packaging Co.,Ltd\",\"publisher\":{\"@id\":\"https:\/\/www.alovey.com\/#organization\"},\"potentialAction\":[{\"@type\":\"SearchAction\",\"target\":{\"@type\":\"EntryPoint\",\"urlTemplate\":\"https:\/\/www.alovey.com\/?s={search_term_string}\"},\"query-input\":{\"@type\":\"PropertyValueSpecification\",\"valueRequired\":true,\"valueName\":\"search_term_string\"}}],\"inLanguage\":\"de\"},{\"@type\":\"Organization\",\"@id\":\"https:\/\/www.alovey.com\/#organization\",\"name\":\"Best Cosmetic Packaging Manufacture\",\"url\":\"https:\/\/www.alovey.com\/\",\"logo\":{\"@type\":\"ImageObject\",\"inLanguage\":\"de\",\"@id\":\"https:\/\/www.alovey.com\/#\/schema\/logo\/image\/\",\"url\":\"https:\/\/www.alovey.com\/wp-content\/uploads\/2023\/03\/logo.png\",\"contentUrl\":\"https:\/\/www.alovey.com\/wp-content\/uploads\/2023\/03\/logo.png\",\"width\":505,\"height\":180,\"caption\":\"Best  Cosmetic Packaging Manufacture\"},\"image\":{\"@id\":\"https:\/\/www.alovey.com\/#\/schema\/logo\/image\/\"}}]}<\/script>\n<!-- \/ Yoast SEO plugin. -->","yoast_head_json":{"title":"Octagonal Mini Flip Makeup Compact Mirror Custom Logo","description":"This unique pressed powder case stands out with its modern octagonal design, giving your makeup line a touch of elegance and individuality.","robots":{"index":"index","follow":"follow","max-snippet":"max-snippet:-1","max-image-preview":"max-image-preview:large","max-video-preview":"max-video-preview:-1"},"canonical":"https:\/\/www.alovey.com\/de\/produkt\/octagonal-mini-flip-makeup-compact-mirror-custom-logo\/","og_locale":"de_DE","og_type":"article","og_title":"Octagonal Mini Flip Makeup Compact Mirror Custom Logo","og_description":"This unique pressed powder case stands out with its modern octagonal design, giving your makeup line a touch of elegance and individuality.","og_url":"https:\/\/www.alovey.com\/de\/produkt\/octagonal-mini-flip-makeup-compact-mirror-custom-logo\/","og_site_name":"Best Cosmetic Packaging Manufacture","article_modified_time":"2025-09-20T08:10:00+00:00","og_image":[{"width":750,"height":750,"url":"https:\/\/www.alovey.com\/wp-content\/uploads\/2025\/09\/Octagonal-Mini-Flip-Makeup-Compact-Mirror-Custom-Logo-4.jpg","type":"image\/jpeg"}],"twitter_card":"summary_large_image","twitter_misc":{"Gesch\u00e4tzte Lesezeit":"3\u00a0Minuten"},"schema":{"@context":"https:\/\/schema.org","@graph":[{"@type":"WebPage","@id":"https:\/\/www.alovey.com\/product\/octagonal-mini-flip-makeup-compact-mirror-custom-logo\/","url":"https:\/\/www.alovey.com\/product\/octagonal-mini-flip-makeup-compact-mirror-custom-logo\/","name":"Octagonal Mini Flip Makeup Compact Mirror Custom Logo","isPartOf":{"@id":"https:\/\/www.alovey.com\/#website"},"primaryImageOfPage":{"@id":"https:\/\/www.alovey.com\/product\/octagonal-mini-flip-makeup-compact-mirror-custom-logo\/#primaryimage"},"image":{"@id":"https:\/\/www.alovey.com\/product\/octagonal-mini-flip-makeup-compact-mirror-custom-logo\/#primaryimage"},"thumbnailUrl":"https:\/\/www.alovey.com\/wp-content\/uploads\/2025\/09\/Octagonal-Mini-Flip-Makeup-Compact-Mirror-Custom-Logo-4.jpg","datePublished":"2025-09-20T06:11:25+00:00","dateModified":"2025-09-20T08:10:00+00:00","description":"This unique pressed powder case stands out with its modern octagonal design, giving your makeup line a touch of elegance and individuality.","breadcrumb":{"@id":"https:\/\/www.alovey.com\/product\/octagonal-mini-flip-makeup-compact-mirror-custom-logo\/#breadcrumb"},"inLanguage":"de","potentialAction":[{"@type":"ReadAction","target":["https:\/\/www.alovey.com\/product\/octagonal-mini-flip-makeup-compact-mirror-custom-logo\/"]}]},{"@type":"ImageObject","inLanguage":"de","@id":"https:\/\/www.alovey.com\/product\/octagonal-mini-flip-makeup-compact-mirror-custom-logo\/#primaryimage","url":"https:\/\/www.alovey.com\/wp-content\/uploads\/2025\/09\/Octagonal-Mini-Flip-Makeup-Compact-Mirror-Custom-Logo-4.jpg","contentUrl":"https:\/\/www.alovey.com\/wp-content\/uploads\/2025\/09\/Octagonal-Mini-Flip-Makeup-Compact-Mirror-Custom-Logo-4.jpg","width":750,"height":750,"caption":"Octagonal Mini Flip Makeup Compact Mirror Custom Logo"},{"@type":"BreadcrumbList","@id":"https:\/\/www.alovey.com\/product\/octagonal-mini-flip-makeup-compact-mirror-custom-logo\/#breadcrumb","itemListElement":[{"@type":"ListItem","position":1,"name":"\u9996\u9875","item":"https:\/\/www.alovey.com\/"},{"@type":"ListItem","position":2,"name":"Products","item":"https:\/\/www.alovey.com\/products\/"},{"@type":"ListItem","position":3,"name":"Octagonal Mini Flip Makeup Compact Mirror Custom Logo"}]},{"@type":"WebSite","@id":"https:\/\/www.alovey.com\/#website","url":"https:\/\/www.alovey.com\/","name":"Best Cosmetic Packaging Manufacture","description":"Alovey Cosmetic Packaging Co.,Ltd","publisher":{"@id":"https:\/\/www.alovey.com\/#organization"},"potentialAction":[{"@type":"SearchAction","target":{"@type":"EntryPoint","urlTemplate":"https:\/\/www.alovey.com\/?s={search_term_string}"},"query-input":{"@type":"PropertyValueSpecification","valueRequired":true,"valueName":"search_term_string"}}],"inLanguage":"de"},{"@type":"Organization","@id":"https:\/\/www.alovey.com\/#organization","name":"Best Cosmetic Packaging Manufacture","url":"https:\/\/www.alovey.com\/","logo":{"@type":"ImageObject","inLanguage":"de","@id":"https:\/\/www.alovey.com\/#\/schema\/logo\/image\/","url":"https:\/\/www.alovey.com\/wp-content\/uploads\/2023\/03\/logo.png","contentUrl":"https:\/\/www.alovey.com\/wp-content\/uploads\/2023\/03\/logo.png","width":505,"height":180,"caption":"Best  Cosmetic Packaging Manufacture"},"image":{"@id":"https:\/\/www.alovey.com\/#\/schema\/logo\/image\/"}}]}},"_links":{"self":[{"href":"https:\/\/www.alovey.com\/de\/wp-json\/wp\/v2\/product\/11642"}],"collection":[{"href":"https:\/\/www.alovey.com\/de\/wp-json\/wp\/v2\/product"}],"about":[{"href":"https:\/\/www.alovey.com\/de\/wp-json\/wp\/v2\/types\/product"}],"wp:featuredmedia":[{"embeddable":true,"href":"https:\/\/www.alovey.com\/de\/wp-json\/wp\/v2\/media\/11645"}],"wp:attachment":[{"href":"https:\/\/www.alovey.com\/de\/wp-json\/wp\/v2\/media?parent=11642"}],"wp:term":[{"taxonomy":"product_brand","embeddable":true,"href":"https:\/\/www.alovey.com\/de\/wp-json\/wp\/v2\/product_brand?post=11642"},{"taxonomy":"product_cat","embeddable":true,"href":"https:\/\/www.alovey.com\/de\/wp-json\/wp\/v2\/product_cat?post=11642"},{"taxonomy":"product_tag","embeddable":true,"href":"https:\/\/www.alovey.com\/de\/wp-json\/wp\/v2\/product_tag?post=11642"}],"curies":[{"name":"wp","href":"https:\/\/api.w.org\/{rel}","templated":true}]}}