{"id":11585,"date":"2025-09-16T06:28:48","date_gmt":"2025-09-16T06:28:48","guid":{"rendered":"https:\/\/www.alovey.com\/?post_type=product&#038;p=11585"},"modified":"2025-09-18T01:34:28","modified_gmt":"2025-09-18T01:34:28","slug":"customized-empty-diamond-lip-gloss-tubes-with-your-logo","status":"publish","type":"product","link":"https:\/\/www.alovey.com\/de\/produkt\/customized-empty-diamond-lip-gloss-tubes-with-your-logo\/","title":{"rendered":"Customized Empty Diamond Lip Gloss Tubes with Your Logo"},"content":{"rendered":"<p><strong>Showcase your brand in style with our luxury diamond lip gloss tubes.<\/strong><\/p>\n<p><strong>These elegant containers are available for full customization and feature direct logo printing\u00a0(not stickers), ensuring a sleek, durable, and professional finish.<\/strong><\/p>\n<p><strong>Unique Diamond Design:<\/strong><\/p>\n<p><strong>Eye-catching shape that adds a touch of luxury to your lip gloss line.<\/strong><\/p>\n<p><strong>Direct Logo Printing: Long-lasting branding that won\u2019t peel or fade, unlike stickers.<\/strong><\/p>\n<p><strong>Premium Quality: Made from durable, leakproof materials to protect your formula.<\/strong><\/p>\n<p><strong>Custom Options: Choose from various colors, finishes, and applicator styles.<\/strong><\/p>\n<p><strong>Perfect for Branding: A standout packaging solution to elevate your cosmetic collection.<\/strong><\/p>\n<p><strong>Give your products the luxurious cosmetic packaging they deserve, with a customized diamond lip gloss tube that makes your brand unforgettable.<\/strong><\/p>\n<p><strong>\u00a0diamond lip gloss tube<\/strong><\/p>\n<p><strong>Alovey, ein professioneller chinesischer Hersteller von Kosmetikverpackungen, produziert eine exquisite Auswahl an kundenspezifischen Kosmetikverpackungen, die sorgf\u00e4ltig hergestellt werden, um Ihre Marke aufzuwerten. Unsere vielf\u00e4ltige Auswahl an Premium-Materialien, kombiniert mit feinen Oberfl\u00e4chenveredelungstechniken wie Siebdruck, Hei\u00dfpr\u00e4gung und mattem Spr\u00fchen, macht jede Verpackung zu einem einzigartigen Meisterwerk.<\/strong><\/p>\n<p><img fetchpriority=\"high\" decoding=\"async\" class=\"size-full wp-image-11586\" src=\"https:\/\/www.alovey.com\/wp-content\/uploads\/2025\/09\/Customized-Empty-Diamond-Lip-Gloss-Tubes-with-Your-Logo-4.jpg\" alt=\"diamond lip gloss tube\" width=\"750\" height=\"750\" srcset=\"https:\/\/www.alovey.com\/wp-content\/uploads\/2025\/09\/Customized-Empty-Diamond-Lip-Gloss-Tubes-with-Your-Logo-4.jpg 750w, https:\/\/www.alovey.com\/wp-content\/uploads\/2025\/09\/Customized-Empty-Diamond-Lip-Gloss-Tubes-with-Your-Logo-4-300x300.jpg 300w, https:\/\/www.alovey.com\/wp-content\/uploads\/2025\/09\/Customized-Empty-Diamond-Lip-Gloss-Tubes-with-Your-Logo-4-150x150.jpg 150w, https:\/\/www.alovey.com\/wp-content\/uploads\/2025\/09\/Customized-Empty-Diamond-Lip-Gloss-Tubes-with-Your-Logo-4-12x12.jpg 12w, https:\/\/www.alovey.com\/wp-content\/uploads\/2025\/09\/Customized-Empty-Diamond-Lip-Gloss-Tubes-with-Your-Logo-4-600x600.jpg 600w, https:\/\/www.alovey.com\/wp-content\/uploads\/2025\/09\/Customized-Empty-Diamond-Lip-Gloss-Tubes-with-Your-Logo-4-100x100.jpg 100w\" sizes=\"(max-width: 750px) 100vw, 750px\" \/><\/p>\n<p><img decoding=\"async\" class=\"size-full wp-image-11587\" src=\"https:\/\/www.alovey.com\/wp-content\/uploads\/2025\/09\/Customized-Empty-Diamond-Lip-Gloss-Tubes-with-Your-Logo-5.jpg\" alt=\"diamond lip gloss tube\" width=\"750\" height=\"750\" srcset=\"https:\/\/www.alovey.com\/wp-content\/uploads\/2025\/09\/Customized-Empty-Diamond-Lip-Gloss-Tubes-with-Your-Logo-5.jpg 750w, https:\/\/www.alovey.com\/wp-content\/uploads\/2025\/09\/Customized-Empty-Diamond-Lip-Gloss-Tubes-with-Your-Logo-5-300x300.jpg 300w, https:\/\/www.alovey.com\/wp-content\/uploads\/2025\/09\/Customized-Empty-Diamond-Lip-Gloss-Tubes-with-Your-Logo-5-150x150.jpg 150w, https:\/\/www.alovey.com\/wp-content\/uploads\/2025\/09\/Customized-Empty-Diamond-Lip-Gloss-Tubes-with-Your-Logo-5-12x12.jpg 12w, https:\/\/www.alovey.com\/wp-content\/uploads\/2025\/09\/Customized-Empty-Diamond-Lip-Gloss-Tubes-with-Your-Logo-5-600x600.jpg 600w, https:\/\/www.alovey.com\/wp-content\/uploads\/2025\/09\/Customized-Empty-Diamond-Lip-Gloss-Tubes-with-Your-Logo-5-100x100.jpg 100w\" sizes=\"(max-width: 750px) 100vw, 750px\" \/><\/p>\n<p><img decoding=\"async\" class=\"size-full wp-image-11588\" src=\"https:\/\/www.alovey.com\/wp-content\/uploads\/2025\/09\/Customized-Empty-Diamond-Lip-Gloss-Tubes-with-Your-Logo-6.jpg\" alt=\"diamond lip gloss tube\" width=\"750\" height=\"750\" srcset=\"https:\/\/www.alovey.com\/wp-content\/uploads\/2025\/09\/Customized-Empty-Diamond-Lip-Gloss-Tubes-with-Your-Logo-6.jpg 750w, https:\/\/www.alovey.com\/wp-content\/uploads\/2025\/09\/Customized-Empty-Diamond-Lip-Gloss-Tubes-with-Your-Logo-6-300x300.jpg 300w, https:\/\/www.alovey.com\/wp-content\/uploads\/2025\/09\/Customized-Empty-Diamond-Lip-Gloss-Tubes-with-Your-Logo-6-150x150.jpg 150w, https:\/\/www.alovey.com\/wp-content\/uploads\/2025\/09\/Customized-Empty-Diamond-Lip-Gloss-Tubes-with-Your-Logo-6-12x12.jpg 12w, https:\/\/www.alovey.com\/wp-content\/uploads\/2025\/09\/Customized-Empty-Diamond-Lip-Gloss-Tubes-with-Your-Logo-6-600x600.jpg 600w, https:\/\/www.alovey.com\/wp-content\/uploads\/2025\/09\/Customized-Empty-Diamond-Lip-Gloss-Tubes-with-Your-Logo-6-100x100.jpg 100w\" sizes=\"(max-width: 750px) 100vw, 750px\" \/><\/p>\n<p><img loading=\"lazy\" decoding=\"async\" class=\"size-full wp-image-11589\" src=\"https:\/\/www.alovey.com\/wp-content\/uploads\/2025\/09\/Customized-Empty-Diamond-Lip-Gloss-Tubes-with-Your-Logo-7.jpg\" alt=\"diamond lip gloss tube\" width=\"750\" height=\"750\" srcset=\"https:\/\/www.alovey.com\/wp-content\/uploads\/2025\/09\/Customized-Empty-Diamond-Lip-Gloss-Tubes-with-Your-Logo-7.jpg 750w, https:\/\/www.alovey.com\/wp-content\/uploads\/2025\/09\/Customized-Empty-Diamond-Lip-Gloss-Tubes-with-Your-Logo-7-300x300.jpg 300w, https:\/\/www.alovey.com\/wp-content\/uploads\/2025\/09\/Customized-Empty-Diamond-Lip-Gloss-Tubes-with-Your-Logo-7-150x150.jpg 150w, https:\/\/www.alovey.com\/wp-content\/uploads\/2025\/09\/Customized-Empty-Diamond-Lip-Gloss-Tubes-with-Your-Logo-7-12x12.jpg 12w, https:\/\/www.alovey.com\/wp-content\/uploads\/2025\/09\/Customized-Empty-Diamond-Lip-Gloss-Tubes-with-Your-Logo-7-600x600.jpg 600w, https:\/\/www.alovey.com\/wp-content\/uploads\/2025\/09\/Customized-Empty-Diamond-Lip-Gloss-Tubes-with-Your-Logo-7-100x100.jpg 100w\" sizes=\"(max-width: 750px) 100vw, 750px\" \/><\/p>\n<p><img loading=\"lazy\" decoding=\"async\" class=\"size-full wp-image-11590\" src=\"https:\/\/www.alovey.com\/wp-content\/uploads\/2025\/09\/Customized-Empty-Diamond-Lip-Gloss-Tubes-with-Your-Logo-8.jpg\" alt=\"diamond lip gloss tube\" width=\"630\" height=\"630\" srcset=\"https:\/\/www.alovey.com\/wp-content\/uploads\/2025\/09\/Customized-Empty-Diamond-Lip-Gloss-Tubes-with-Your-Logo-8.jpg 630w, https:\/\/www.alovey.com\/wp-content\/uploads\/2025\/09\/Customized-Empty-Diamond-Lip-Gloss-Tubes-with-Your-Logo-8-300x300.jpg 300w, https:\/\/www.alovey.com\/wp-content\/uploads\/2025\/09\/Customized-Empty-Diamond-Lip-Gloss-Tubes-with-Your-Logo-8-150x150.jpg 150w, https:\/\/www.alovey.com\/wp-content\/uploads\/2025\/09\/Customized-Empty-Diamond-Lip-Gloss-Tubes-with-Your-Logo-8-12x12.jpg 12w, https:\/\/www.alovey.com\/wp-content\/uploads\/2025\/09\/Customized-Empty-Diamond-Lip-Gloss-Tubes-with-Your-Logo-8-600x600.jpg 600w, https:\/\/www.alovey.com\/wp-content\/uploads\/2025\/09\/Customized-Empty-Diamond-Lip-Gloss-Tubes-with-Your-Logo-8-100x100.jpg 100w\" sizes=\"(max-width: 630px) 100vw, 630px\" \/><\/p>\n<p><img loading=\"lazy\" decoding=\"async\" class=\"size-full wp-image-11591\" src=\"https:\/\/www.alovey.com\/wp-content\/uploads\/2025\/09\/Customized-Empty-Diamond-Lip-Gloss-Tubes-with-Your-Logo-2.jpg\" alt=\"diamond lip gloss tube\" width=\"750\" height=\"750\" srcset=\"https:\/\/www.alovey.com\/wp-content\/uploads\/2025\/09\/Customized-Empty-Diamond-Lip-Gloss-Tubes-with-Your-Logo-2.jpg 750w, https:\/\/www.alovey.com\/wp-content\/uploads\/2025\/09\/Customized-Empty-Diamond-Lip-Gloss-Tubes-with-Your-Logo-2-300x300.jpg 300w, https:\/\/www.alovey.com\/wp-content\/uploads\/2025\/09\/Customized-Empty-Diamond-Lip-Gloss-Tubes-with-Your-Logo-2-150x150.jpg 150w, https:\/\/www.alovey.com\/wp-content\/uploads\/2025\/09\/Customized-Empty-Diamond-Lip-Gloss-Tubes-with-Your-Logo-2-12x12.jpg 12w, https:\/\/www.alovey.com\/wp-content\/uploads\/2025\/09\/Customized-Empty-Diamond-Lip-Gloss-Tubes-with-Your-Logo-2-600x600.jpg 600w, https:\/\/www.alovey.com\/wp-content\/uploads\/2025\/09\/Customized-Empty-Diamond-Lip-Gloss-Tubes-with-Your-Logo-2-100x100.jpg 100w\" sizes=\"(max-width: 750px) 100vw, 750px\" \/><\/p>\n<p><img loading=\"lazy\" decoding=\"async\" class=\"size-full wp-image-11593\" src=\"https:\/\/www.alovey.com\/wp-content\/uploads\/2025\/09\/Customized-Empty-Diamond-Lip-Gloss-Tubes-with-Your-Logo-1.jpg\" alt=\"diamond lip gloss tube\" width=\"630\" height=\"630\" srcset=\"https:\/\/www.alovey.com\/wp-content\/uploads\/2025\/09\/Customized-Empty-Diamond-Lip-Gloss-Tubes-with-Your-Logo-1.jpg 630w, https:\/\/www.alovey.com\/wp-content\/uploads\/2025\/09\/Customized-Empty-Diamond-Lip-Gloss-Tubes-with-Your-Logo-1-300x300.jpg 300w, https:\/\/www.alovey.com\/wp-content\/uploads\/2025\/09\/Customized-Empty-Diamond-Lip-Gloss-Tubes-with-Your-Logo-1-150x150.jpg 150w, https:\/\/www.alovey.com\/wp-content\/uploads\/2025\/09\/Customized-Empty-Diamond-Lip-Gloss-Tubes-with-Your-Logo-1-12x12.jpg 12w, https:\/\/www.alovey.com\/wp-content\/uploads\/2025\/09\/Customized-Empty-Diamond-Lip-Gloss-Tubes-with-Your-Logo-1-600x600.jpg 600w, https:\/\/www.alovey.com\/wp-content\/uploads\/2025\/09\/Customized-Empty-Diamond-Lip-Gloss-Tubes-with-Your-Logo-1-100x100.jpg 100w\" sizes=\"(max-width: 630px) 100vw, 630px\" \/><\/p>\n<p>&nbsp;<\/p>\n<p>&nbsp;<\/p>\n<p>&nbsp;<\/p>\n<p>&nbsp;<\/p>\n<p>&nbsp;<\/p>\n<p>&nbsp;<\/p>\n<p>&nbsp;<\/p>\n<p>&nbsp;<\/p>\n<p>&nbsp;<\/p>\n<p>&nbsp;<\/p>\n<p>&nbsp;<\/p>\n<p>&nbsp;<\/p>\n<p>&nbsp;<\/p>\n<p>&nbsp;<\/p>\n<p>&nbsp;<\/p>\n<p>&nbsp;<\/p>\n<p>&nbsp;<\/p>\n<p>&nbsp;<\/p>\n<p>&nbsp;<\/p>\n<p>&nbsp;<\/p>\n<p>&nbsp;<\/p>\n<p>&nbsp;<\/p>\n<p>&nbsp;<\/p>\n<p>&nbsp;<\/p>\n<p>&nbsp;<\/p>\n<p>&nbsp;<\/p>\n<p>&nbsp;<\/p>\n<p>&nbsp;<\/p>\n<p>&nbsp;<\/p>\n<p>&nbsp;<\/p>\n<p>&nbsp;<\/p>\n<p>&nbsp;<\/p>\n<p>&nbsp;<\/p>\n<p>&nbsp;<\/p>\n<p>&nbsp;<\/p>\n<p>&nbsp;<\/p>\n<p>&nbsp;<\/p>\n<p>&nbsp;<\/p>\n<p>&nbsp;<\/p>\n<p>&nbsp;<\/p>\n<p>&nbsp;<\/p>\n<p>&nbsp;<\/p>\n<p>&nbsp;<\/p>\n<p>&nbsp;<\/p>\n<p>&nbsp;<\/p>\n<p>&nbsp;<\/p>\n<p>&nbsp;<\/p>\n<p>&nbsp;<\/p>\n<p>&nbsp;<\/p>\n<p>&nbsp;<\/p>\n<p>&nbsp;<\/p>\n<p>&nbsp;<\/p>\n<p>&nbsp;<\/p>\n<p>&nbsp;<\/p>\n<p>&nbsp;<\/p>\n<p>&nbsp;<\/p>\n<p>&nbsp;<\/p>\n<p>&nbsp;<\/p>\n<p>&nbsp;<\/p>\n<p>&nbsp;<\/p>\n<p>&nbsp;<\/p>\n<p>&nbsp;<\/p>\n<p>&nbsp;<\/p>\n<p>&nbsp;<\/p>\n<p>&nbsp;<\/p>\n<p>&nbsp;<\/p>\n<p>&nbsp;<\/p>\n<p>&nbsp;<\/p>\n<p>&nbsp;<\/p>\n<p>&nbsp;<\/p>\n<p>&nbsp;<\/p>\n<p>&nbsp;<\/p>\n<p>&nbsp;<\/p>\n<p>&nbsp;<\/p>\n<p>&nbsp;<\/p>\n<p>&nbsp;<\/p>\n<p>&nbsp;<\/p>\n<p>&nbsp;<\/p>\n<p>&nbsp;<\/p>\n<p>&nbsp;<\/p>\n<p>&nbsp;<\/p>\n<p>&nbsp;<\/p>\n<p>&nbsp;<\/p>\n<p>&nbsp;<\/p>\n<p>&nbsp;<\/p>\n<p>&nbsp;<\/p>\n<p>&nbsp;<\/p>\n<p>&nbsp;<\/p>\n<p>&nbsp;<\/p>\n<p>&nbsp;<\/p>\n<p>&nbsp;<\/p>\n<p>&nbsp;<\/p>\n<p>&nbsp;<\/p>\n<p>&nbsp;<\/p>\n<p>&nbsp;<\/p>\n<p>&nbsp;<\/p>\n<p>&nbsp;<\/p>\n<p>&nbsp;<\/p>\n<p>&nbsp;<\/p>\n<p>&nbsp;<\/p>\n<p>&nbsp;<\/p>\n<p>&nbsp;<\/p>\n<p>&nbsp;<\/p>\n<p>&nbsp;<\/p>\n<p>&nbsp;<\/p>\n<p>&nbsp;<\/p>\n<p>&nbsp;<\/p>\n<p>&nbsp;<\/p>\n<p>&nbsp;<\/p>\n<p>&nbsp;<\/p>\n<p>&nbsp;<\/p>\n<p>&nbsp;<\/p>\n<p>&nbsp;<\/p>\n<p>&nbsp;<\/p>\n<p>&nbsp;<\/p>\n<p>&nbsp;<\/p>\n<p>&nbsp;<\/p>\n<p>&nbsp;<\/p>\n<p>&nbsp;<\/p>\n<p>&nbsp;<\/p>","protected":false},"excerpt":{"rendered":"<ul>\n<li>Item No: LG-0415B<\/li>\n<li>Material:\u00a0Plastic<\/li>\n<li>\u00a0Size: D27*H106.5MM<\/li>\n<li>Anwendungen: Sch\u00f6nheitsprodukte<\/li>\n<li>MOQ: 12,000 pcs<\/li>\n<li>Farbe: Benutzerdefinierte Farbe<\/li>\n<li>Surface treatment: Injection\/Matte\/Metalization\/UV coating<\/li>\n<li>Markenname: OEM\/ODM<\/li>\n<li>Logo: Logo des Kunden<\/li>\n<li>Lieferf\u00e4higkeit: 100.000 St\u00fcck pro Monat<\/li>\n<li><\/li>\n<\/ul>\n<p>&nbsp;<\/p>","protected":false},"featured_media":11586,"template":"","meta":{"_acf_changed":false},"product_brand":[],"product_cat":[372],"product_tag":[388,404],"class_list":{"0":"post-11585","1":"product","2":"type-product","3":"status-publish","4":"has-post-thumbnail","6":"product_cat-lipgloss-tube","7":"product_tag-lip-gloss-tube","8":"product_tag-unique-cosmetic-packaging","10":"first","11":"instock","12":"shipping-taxable","13":"product-type-simple"},"acf":[],"yoast_head":"<!-- This site is optimized with the Yoast SEO plugin v24.1 - https:\/\/yoast.com\/wordpress\/plugins\/seo\/ -->\n<title>Customized Empty Diamond Lip Gloss Tubes with Your Logo<\/title>\n<meta name=\"description\" content=\"Our luxury diamond lip gloss tubes can help your cosmetic products stand out ,it is a unique cosmetic lip gloss tube.\" \/>\n<meta name=\"robots\" content=\"index, follow, max-snippet:-1, max-image-preview:large, max-video-preview:-1\" \/>\n<link rel=\"canonical\" href=\"https:\/\/www.alovey.com\/de\/produkt\/customized-empty-diamond-lip-gloss-tubes-with-your-logo\/\" \/>\n<meta property=\"og:locale\" content=\"de_DE\" \/>\n<meta property=\"og:type\" content=\"article\" \/>\n<meta property=\"og:title\" content=\"Customized Empty Diamond Lip Gloss Tubes with Your Logo\" \/>\n<meta property=\"og:description\" content=\"Our luxury diamond lip gloss tubes can help your cosmetic products stand out ,it is a unique cosmetic lip gloss tube.\" \/>\n<meta property=\"og:url\" content=\"https:\/\/www.alovey.com\/de\/produkt\/customized-empty-diamond-lip-gloss-tubes-with-your-logo\/\" \/>\n<meta property=\"og:site_name\" content=\"Best Cosmetic Packaging Manufacture\" \/>\n<meta property=\"article:modified_time\" content=\"2025-09-18T01:34:28+00:00\" \/>\n<meta property=\"og:image\" content=\"https:\/\/www.alovey.com\/wp-content\/uploads\/2025\/09\/Customized-Empty-Diamond-Lip-Gloss-Tubes-with-Your-Logo-4.jpg\" \/>\n\t<meta property=\"og:image:width\" content=\"750\" \/>\n\t<meta property=\"og:image:height\" content=\"750\" \/>\n\t<meta property=\"og:image:type\" content=\"image\/jpeg\" \/>\n<meta name=\"twitter:card\" content=\"summary_large_image\" \/>\n<meta name=\"twitter:label1\" content=\"Gesch\u00e4tzte Lesezeit\" \/>\n\t<meta name=\"twitter:data1\" content=\"3\u00a0Minuten\" \/>\n<script type=\"application\/ld+json\" class=\"yoast-schema-graph\">{\"@context\":\"https:\/\/schema.org\",\"@graph\":[{\"@type\":\"WebPage\",\"@id\":\"https:\/\/www.alovey.com\/product\/customized-empty-diamond-lip-gloss-tubes-with-your-logo\/\",\"url\":\"https:\/\/www.alovey.com\/product\/customized-empty-diamond-lip-gloss-tubes-with-your-logo\/\",\"name\":\"Customized Empty Diamond Lip Gloss Tubes with Your Logo\",\"isPartOf\":{\"@id\":\"https:\/\/www.alovey.com\/#website\"},\"primaryImageOfPage\":{\"@id\":\"https:\/\/www.alovey.com\/product\/customized-empty-diamond-lip-gloss-tubes-with-your-logo\/#primaryimage\"},\"image\":{\"@id\":\"https:\/\/www.alovey.com\/product\/customized-empty-diamond-lip-gloss-tubes-with-your-logo\/#primaryimage\"},\"thumbnailUrl\":\"https:\/\/www.alovey.com\/wp-content\/uploads\/2025\/09\/Customized-Empty-Diamond-Lip-Gloss-Tubes-with-Your-Logo-4.jpg\",\"datePublished\":\"2025-09-16T06:28:48+00:00\",\"dateModified\":\"2025-09-18T01:34:28+00:00\",\"description\":\"Our luxury diamond lip gloss tubes can help your cosmetic products stand out ,it is a unique cosmetic lip gloss tube.\",\"breadcrumb\":{\"@id\":\"https:\/\/www.alovey.com\/product\/customized-empty-diamond-lip-gloss-tubes-with-your-logo\/#breadcrumb\"},\"inLanguage\":\"de\",\"potentialAction\":[{\"@type\":\"ReadAction\",\"target\":[\"https:\/\/www.alovey.com\/product\/customized-empty-diamond-lip-gloss-tubes-with-your-logo\/\"]}]},{\"@type\":\"ImageObject\",\"inLanguage\":\"de\",\"@id\":\"https:\/\/www.alovey.com\/product\/customized-empty-diamond-lip-gloss-tubes-with-your-logo\/#primaryimage\",\"url\":\"https:\/\/www.alovey.com\/wp-content\/uploads\/2025\/09\/Customized-Empty-Diamond-Lip-Gloss-Tubes-with-Your-Logo-4.jpg\",\"contentUrl\":\"https:\/\/www.alovey.com\/wp-content\/uploads\/2025\/09\/Customized-Empty-Diamond-Lip-Gloss-Tubes-with-Your-Logo-4.jpg\",\"width\":750,\"height\":750,\"caption\":\"diamond lip gloss tube\"},{\"@type\":\"BreadcrumbList\",\"@id\":\"https:\/\/www.alovey.com\/product\/customized-empty-diamond-lip-gloss-tubes-with-your-logo\/#breadcrumb\",\"itemListElement\":[{\"@type\":\"ListItem\",\"position\":1,\"name\":\"\u9996\u9875\",\"item\":\"https:\/\/www.alovey.com\/\"},{\"@type\":\"ListItem\",\"position\":2,\"name\":\"Products\",\"item\":\"https:\/\/www.alovey.com\/products\/\"},{\"@type\":\"ListItem\",\"position\":3,\"name\":\"Customized Empty Diamond Lip Gloss Tubes with Your Logo\"}]},{\"@type\":\"WebSite\",\"@id\":\"https:\/\/www.alovey.com\/#website\",\"url\":\"https:\/\/www.alovey.com\/\",\"name\":\"Best Cosmetic Packaging Manufacture\",\"description\":\"Alovey Cosmetic Packaging Co.,Ltd\",\"publisher\":{\"@id\":\"https:\/\/www.alovey.com\/#organization\"},\"potentialAction\":[{\"@type\":\"SearchAction\",\"target\":{\"@type\":\"EntryPoint\",\"urlTemplate\":\"https:\/\/www.alovey.com\/?s={search_term_string}\"},\"query-input\":{\"@type\":\"PropertyValueSpecification\",\"valueRequired\":true,\"valueName\":\"search_term_string\"}}],\"inLanguage\":\"de\"},{\"@type\":\"Organization\",\"@id\":\"https:\/\/www.alovey.com\/#organization\",\"name\":\"Best Cosmetic Packaging Manufacture\",\"url\":\"https:\/\/www.alovey.com\/\",\"logo\":{\"@type\":\"ImageObject\",\"inLanguage\":\"de\",\"@id\":\"https:\/\/www.alovey.com\/#\/schema\/logo\/image\/\",\"url\":\"https:\/\/www.alovey.com\/wp-content\/uploads\/2023\/03\/logo.png\",\"contentUrl\":\"https:\/\/www.alovey.com\/wp-content\/uploads\/2023\/03\/logo.png\",\"width\":505,\"height\":180,\"caption\":\"Best  Cosmetic Packaging Manufacture\"},\"image\":{\"@id\":\"https:\/\/www.alovey.com\/#\/schema\/logo\/image\/\"}}]}<\/script>\n<!-- \/ Yoast SEO plugin. -->","yoast_head_json":{"title":"Customized Empty Diamond Lip Gloss Tubes with Your Logo","description":"Our luxury diamond lip gloss tubes can help your cosmetic products stand out ,it is a unique cosmetic lip gloss tube.","robots":{"index":"index","follow":"follow","max-snippet":"max-snippet:-1","max-image-preview":"max-image-preview:large","max-video-preview":"max-video-preview:-1"},"canonical":"https:\/\/www.alovey.com\/de\/produkt\/customized-empty-diamond-lip-gloss-tubes-with-your-logo\/","og_locale":"de_DE","og_type":"article","og_title":"Customized Empty Diamond Lip Gloss Tubes with Your Logo","og_description":"Our luxury diamond lip gloss tubes can help your cosmetic products stand out ,it is a unique cosmetic lip gloss tube.","og_url":"https:\/\/www.alovey.com\/de\/produkt\/customized-empty-diamond-lip-gloss-tubes-with-your-logo\/","og_site_name":"Best Cosmetic Packaging Manufacture","article_modified_time":"2025-09-18T01:34:28+00:00","og_image":[{"width":750,"height":750,"url":"https:\/\/www.alovey.com\/wp-content\/uploads\/2025\/09\/Customized-Empty-Diamond-Lip-Gloss-Tubes-with-Your-Logo-4.jpg","type":"image\/jpeg"}],"twitter_card":"summary_large_image","twitter_misc":{"Gesch\u00e4tzte Lesezeit":"3\u00a0Minuten"},"schema":{"@context":"https:\/\/schema.org","@graph":[{"@type":"WebPage","@id":"https:\/\/www.alovey.com\/product\/customized-empty-diamond-lip-gloss-tubes-with-your-logo\/","url":"https:\/\/www.alovey.com\/product\/customized-empty-diamond-lip-gloss-tubes-with-your-logo\/","name":"Customized Empty Diamond Lip Gloss Tubes with Your Logo","isPartOf":{"@id":"https:\/\/www.alovey.com\/#website"},"primaryImageOfPage":{"@id":"https:\/\/www.alovey.com\/product\/customized-empty-diamond-lip-gloss-tubes-with-your-logo\/#primaryimage"},"image":{"@id":"https:\/\/www.alovey.com\/product\/customized-empty-diamond-lip-gloss-tubes-with-your-logo\/#primaryimage"},"thumbnailUrl":"https:\/\/www.alovey.com\/wp-content\/uploads\/2025\/09\/Customized-Empty-Diamond-Lip-Gloss-Tubes-with-Your-Logo-4.jpg","datePublished":"2025-09-16T06:28:48+00:00","dateModified":"2025-09-18T01:34:28+00:00","description":"Our luxury diamond lip gloss tubes can help your cosmetic products stand out ,it is a unique cosmetic lip gloss tube.","breadcrumb":{"@id":"https:\/\/www.alovey.com\/product\/customized-empty-diamond-lip-gloss-tubes-with-your-logo\/#breadcrumb"},"inLanguage":"de","potentialAction":[{"@type":"ReadAction","target":["https:\/\/www.alovey.com\/product\/customized-empty-diamond-lip-gloss-tubes-with-your-logo\/"]}]},{"@type":"ImageObject","inLanguage":"de","@id":"https:\/\/www.alovey.com\/product\/customized-empty-diamond-lip-gloss-tubes-with-your-logo\/#primaryimage","url":"https:\/\/www.alovey.com\/wp-content\/uploads\/2025\/09\/Customized-Empty-Diamond-Lip-Gloss-Tubes-with-Your-Logo-4.jpg","contentUrl":"https:\/\/www.alovey.com\/wp-content\/uploads\/2025\/09\/Customized-Empty-Diamond-Lip-Gloss-Tubes-with-Your-Logo-4.jpg","width":750,"height":750,"caption":"diamond lip gloss tube"},{"@type":"BreadcrumbList","@id":"https:\/\/www.alovey.com\/product\/customized-empty-diamond-lip-gloss-tubes-with-your-logo\/#breadcrumb","itemListElement":[{"@type":"ListItem","position":1,"name":"\u9996\u9875","item":"https:\/\/www.alovey.com\/"},{"@type":"ListItem","position":2,"name":"Products","item":"https:\/\/www.alovey.com\/products\/"},{"@type":"ListItem","position":3,"name":"Customized Empty Diamond Lip Gloss Tubes with Your Logo"}]},{"@type":"WebSite","@id":"https:\/\/www.alovey.com\/#website","url":"https:\/\/www.alovey.com\/","name":"Best Cosmetic Packaging Manufacture","description":"Alovey Cosmetic Packaging Co.,Ltd","publisher":{"@id":"https:\/\/www.alovey.com\/#organization"},"potentialAction":[{"@type":"SearchAction","target":{"@type":"EntryPoint","urlTemplate":"https:\/\/www.alovey.com\/?s={search_term_string}"},"query-input":{"@type":"PropertyValueSpecification","valueRequired":true,"valueName":"search_term_string"}}],"inLanguage":"de"},{"@type":"Organization","@id":"https:\/\/www.alovey.com\/#organization","name":"Best Cosmetic Packaging Manufacture","url":"https:\/\/www.alovey.com\/","logo":{"@type":"ImageObject","inLanguage":"de","@id":"https:\/\/www.alovey.com\/#\/schema\/logo\/image\/","url":"https:\/\/www.alovey.com\/wp-content\/uploads\/2023\/03\/logo.png","contentUrl":"https:\/\/www.alovey.com\/wp-content\/uploads\/2023\/03\/logo.png","width":505,"height":180,"caption":"Best  Cosmetic Packaging Manufacture"},"image":{"@id":"https:\/\/www.alovey.com\/#\/schema\/logo\/image\/"}}]}},"_links":{"self":[{"href":"https:\/\/www.alovey.com\/de\/wp-json\/wp\/v2\/product\/11585"}],"collection":[{"href":"https:\/\/www.alovey.com\/de\/wp-json\/wp\/v2\/product"}],"about":[{"href":"https:\/\/www.alovey.com\/de\/wp-json\/wp\/v2\/types\/product"}],"wp:featuredmedia":[{"embeddable":true,"href":"https:\/\/www.alovey.com\/de\/wp-json\/wp\/v2\/media\/11586"}],"wp:attachment":[{"href":"https:\/\/www.alovey.com\/de\/wp-json\/wp\/v2\/media?parent=11585"}],"wp:term":[{"taxonomy":"product_brand","embeddable":true,"href":"https:\/\/www.alovey.com\/de\/wp-json\/wp\/v2\/product_brand?post=11585"},{"taxonomy":"product_cat","embeddable":true,"href":"https:\/\/www.alovey.com\/de\/wp-json\/wp\/v2\/product_cat?post=11585"},{"taxonomy":"product_tag","embeddable":true,"href":"https:\/\/www.alovey.com\/de\/wp-json\/wp\/v2\/product_tag?post=11585"}],"curies":[{"name":"wp","href":"https:\/\/api.w.org\/{rel}","templated":true}]}}