{"id":10784,"date":"2025-06-19T09:16:24","date_gmt":"2025-06-19T09:16:24","guid":{"rendered":"https:\/\/www.alovey.com\/?post_type=product&#038;p=10784"},"modified":"2025-06-19T09:38:14","modified_gmt":"2025-06-19T09:38:14","slug":"10-girds-empty-eyeshadow-container-with-brush-position","status":"publish","type":"product","link":"https:\/\/www.alovey.com\/de\/produkt\/10-girds-empty-eyeshadow-container-with-brush-position\/","title":{"rendered":"10 girds empty eyeshadow container with brush position"},"content":{"rendered":"<p><strong>This empty eyeshadow container is designed with both safety and functionality in mind\u00a0and crafted from high-quality, durable, and non-toxic material.<\/strong><\/p>\n<p><strong>\u00a0It features 10 separate pans\u00a0for customized color combinations and a dedicated brush position\u00a0for added convenience.<\/strong><\/p>\n<p><strong>The clear lid allows you to easily see and identify the colors\u00a0inside at a glance, making it perfect for both professional makeup artists and personal use.<\/strong><\/p>\n<p><strong>Alovey, ein professioneller chinesischer Hersteller von Kosmetikverpackungen, produziert eine exquisite Auswahl an kundenspezifischen Kosmetikverpackungen, die sorgf\u00e4ltig hergestellt werden, um Ihre Marke aufzuwerten. Unsere vielf\u00e4ltige Auswahl an Premium-Materialien, kombiniert mit feinen Oberfl\u00e4chenveredelungstechniken wie Siebdruck, Hei\u00dfpr\u00e4gung und mattem Spr\u00fchen, macht jede Verpackung zu einem einzigartigen Meisterwerk.<\/strong><\/p>\n<p><img fetchpriority=\"high\" decoding=\"async\" class=\"size-full wp-image-10790\" src=\"https:\/\/www.alovey.com\/wp-content\/uploads\/2025\/06\/10-girds-empty-eyeshadow-container-with-brush-position-5.jpg\" alt=\"Empty eyeshadow container\" width=\"750\" height=\"750\" srcset=\"https:\/\/www.alovey.com\/wp-content\/uploads\/2025\/06\/10-girds-empty-eyeshadow-container-with-brush-position-5.jpg 750w, https:\/\/www.alovey.com\/wp-content\/uploads\/2025\/06\/10-girds-empty-eyeshadow-container-with-brush-position-5-300x300.jpg 300w, https:\/\/www.alovey.com\/wp-content\/uploads\/2025\/06\/10-girds-empty-eyeshadow-container-with-brush-position-5-150x150.jpg 150w, https:\/\/www.alovey.com\/wp-content\/uploads\/2025\/06\/10-girds-empty-eyeshadow-container-with-brush-position-5-600x600.jpg 600w, https:\/\/www.alovey.com\/wp-content\/uploads\/2025\/06\/10-girds-empty-eyeshadow-container-with-brush-position-5-100x100.jpg 100w\" sizes=\"(max-width: 750px) 100vw, 750px\" \/><\/p>\n<p><img decoding=\"async\" class=\"size-full wp-image-10789\" src=\"https:\/\/www.alovey.com\/wp-content\/uploads\/2025\/06\/10-girds-empty-eyeshadow-container-with-brush-position-4.jpg\" alt=\"Empty eyeshadow container\" width=\"750\" height=\"750\" srcset=\"https:\/\/www.alovey.com\/wp-content\/uploads\/2025\/06\/10-girds-empty-eyeshadow-container-with-brush-position-4.jpg 750w, https:\/\/www.alovey.com\/wp-content\/uploads\/2025\/06\/10-girds-empty-eyeshadow-container-with-brush-position-4-300x300.jpg 300w, https:\/\/www.alovey.com\/wp-content\/uploads\/2025\/06\/10-girds-empty-eyeshadow-container-with-brush-position-4-150x150.jpg 150w, https:\/\/www.alovey.com\/wp-content\/uploads\/2025\/06\/10-girds-empty-eyeshadow-container-with-brush-position-4-600x600.jpg 600w, https:\/\/www.alovey.com\/wp-content\/uploads\/2025\/06\/10-girds-empty-eyeshadow-container-with-brush-position-4-100x100.jpg 100w\" sizes=\"(max-width: 750px) 100vw, 750px\" \/><\/p>\n<p><img decoding=\"async\" class=\"size-full wp-image-10788\" src=\"https:\/\/www.alovey.com\/wp-content\/uploads\/2025\/06\/10-girds-empty-eyeshadow-container-with-brush-position-3.jpg\" alt=\"Empty eyeshadow container\" width=\"750\" height=\"750\" srcset=\"https:\/\/www.alovey.com\/wp-content\/uploads\/2025\/06\/10-girds-empty-eyeshadow-container-with-brush-position-3.jpg 750w, https:\/\/www.alovey.com\/wp-content\/uploads\/2025\/06\/10-girds-empty-eyeshadow-container-with-brush-position-3-300x300.jpg 300w, https:\/\/www.alovey.com\/wp-content\/uploads\/2025\/06\/10-girds-empty-eyeshadow-container-with-brush-position-3-150x150.jpg 150w, https:\/\/www.alovey.com\/wp-content\/uploads\/2025\/06\/10-girds-empty-eyeshadow-container-with-brush-position-3-600x600.jpg 600w, https:\/\/www.alovey.com\/wp-content\/uploads\/2025\/06\/10-girds-empty-eyeshadow-container-with-brush-position-3-100x100.jpg 100w\" sizes=\"(max-width: 750px) 100vw, 750px\" \/><\/p>\n<p><img loading=\"lazy\" decoding=\"async\" class=\"size-full wp-image-10787\" src=\"https:\/\/www.alovey.com\/wp-content\/uploads\/2025\/06\/10-girds-empty-eyeshadow-container-with-brush-position-2.jpg\" alt=\"Empty eyeshadow container\" width=\"750\" height=\"750\" srcset=\"https:\/\/www.alovey.com\/wp-content\/uploads\/2025\/06\/10-girds-empty-eyeshadow-container-with-brush-position-2.jpg 750w, https:\/\/www.alovey.com\/wp-content\/uploads\/2025\/06\/10-girds-empty-eyeshadow-container-with-brush-position-2-300x300.jpg 300w, https:\/\/www.alovey.com\/wp-content\/uploads\/2025\/06\/10-girds-empty-eyeshadow-container-with-brush-position-2-150x150.jpg 150w, https:\/\/www.alovey.com\/wp-content\/uploads\/2025\/06\/10-girds-empty-eyeshadow-container-with-brush-position-2-600x600.jpg 600w, https:\/\/www.alovey.com\/wp-content\/uploads\/2025\/06\/10-girds-empty-eyeshadow-container-with-brush-position-2-100x100.jpg 100w\" sizes=\"(max-width: 750px) 100vw, 750px\" \/><\/p>\n<p><img loading=\"lazy\" decoding=\"async\" class=\"size-full wp-image-10786\" src=\"https:\/\/www.alovey.com\/wp-content\/uploads\/2025\/06\/10-girds-empty-eyeshadow-container-with-brush-position-1.jpg\" alt=\"Empty eyeshadow container\" width=\"750\" height=\"750\" srcset=\"https:\/\/www.alovey.com\/wp-content\/uploads\/2025\/06\/10-girds-empty-eyeshadow-container-with-brush-position-1.jpg 750w, https:\/\/www.alovey.com\/wp-content\/uploads\/2025\/06\/10-girds-empty-eyeshadow-container-with-brush-position-1-300x300.jpg 300w, https:\/\/www.alovey.com\/wp-content\/uploads\/2025\/06\/10-girds-empty-eyeshadow-container-with-brush-position-1-150x150.jpg 150w, https:\/\/www.alovey.com\/wp-content\/uploads\/2025\/06\/10-girds-empty-eyeshadow-container-with-brush-position-1-600x600.jpg 600w, https:\/\/www.alovey.com\/wp-content\/uploads\/2025\/06\/10-girds-empty-eyeshadow-container-with-brush-position-1-100x100.jpg 100w\" sizes=\"(max-width: 750px) 100vw, 750px\" \/><\/p>\n<p><img loading=\"lazy\" decoding=\"async\" class=\"size-full wp-image-10785\" src=\"https:\/\/www.alovey.com\/wp-content\/uploads\/2025\/06\/10-girds-empty-eyeshadow-container-with-brush-position-6.jpg\" alt=\"Empty eyeshadow container\" width=\"750\" height=\"750\" srcset=\"https:\/\/www.alovey.com\/wp-content\/uploads\/2025\/06\/10-girds-empty-eyeshadow-container-with-brush-position-6.jpg 750w, https:\/\/www.alovey.com\/wp-content\/uploads\/2025\/06\/10-girds-empty-eyeshadow-container-with-brush-position-6-300x300.jpg 300w, https:\/\/www.alovey.com\/wp-content\/uploads\/2025\/06\/10-girds-empty-eyeshadow-container-with-brush-position-6-150x150.jpg 150w, https:\/\/www.alovey.com\/wp-content\/uploads\/2025\/06\/10-girds-empty-eyeshadow-container-with-brush-position-6-600x600.jpg 600w, https:\/\/www.alovey.com\/wp-content\/uploads\/2025\/06\/10-girds-empty-eyeshadow-container-with-brush-position-6-100x100.jpg 100w\" sizes=\"(max-width: 750px) 100vw, 750px\" \/><\/p>\n<p>&nbsp;<\/p>\n<p>&nbsp;<\/p>\n<p>&nbsp;<\/p>\n<p>&nbsp;<\/p>\n<p>&nbsp;<\/p>\n<p>&nbsp;<\/p>\n<p>&nbsp;<\/p>\n<p>&nbsp;<\/p>\n<p>&nbsp;<\/p>\n<p>&nbsp;<\/p>\n<p>&nbsp;<\/p>\n<p>&nbsp;<\/p>\n<p>&nbsp;<\/p>\n<p>&nbsp;<\/p>\n<p>&nbsp;<\/p>\n<p>&nbsp;<\/p>\n<p>&nbsp;<\/p>\n<p>&nbsp;<\/p>\n<p>&nbsp;<\/p>\n<p>&nbsp;<\/p>\n<p>&nbsp;<\/p>\n<p>&nbsp;<\/p>\n<p>&nbsp;<\/p>\n<p>&nbsp;<\/p>\n<p>&nbsp;<\/p>\n<p>&nbsp;<\/p>\n<p>&nbsp;<\/p>\n<p>&nbsp;<\/p>\n<p>&nbsp;<\/p>\n<p>&nbsp;<\/p>\n<p>&nbsp;<\/p>\n<p>&nbsp;<\/p>\n<p>&nbsp;<\/p>\n<p>&nbsp;<\/p>\n<p>&nbsp;<\/p>\n<p>&nbsp;<\/p>\n<p>&nbsp;<\/p>\n<p>&nbsp;<\/p>\n<p>&nbsp;<\/p>\n<p>&nbsp;<\/p>\n<p>&nbsp;<\/p>\n<p>&nbsp;<\/p>\n<p>&nbsp;<\/p>\n<p>&nbsp;<\/p>\n<p>&nbsp;<\/p>\n<p>&nbsp;<\/p>\n<p>&nbsp;<\/p>\n<p>&nbsp;<\/p>\n<p>&nbsp;<\/p>\n<p>&nbsp;<\/p>\n<p>&nbsp;<\/p>\n<p>&nbsp;<\/p>\n<p>&nbsp;<\/p>\n<p>&nbsp;<\/p>\n<p>&nbsp;<\/p>\n<p>&nbsp;<\/p>\n<p>&nbsp;<\/p>\n<p>&nbsp;<\/p>\n<p>&nbsp;<\/p>\n<p>&nbsp;<\/p>\n<p>&nbsp;<\/p>\n<p>&nbsp;<\/p>\n<p>&nbsp;<\/p>\n<p>&nbsp;<\/p>\n<p>&nbsp;<\/p>\n<p>&nbsp;<\/p>\n<p>&nbsp;<\/p>\n<p>&nbsp;<\/p>\n<p>&nbsp;<\/p>\n<p>&nbsp;<\/p>\n<p>&nbsp;<\/p>\n<p>&nbsp;<\/p>\n<p>&nbsp;<\/p>\n<p>&nbsp;<\/p>\n<p>&nbsp;<\/p>\n<p>&nbsp;<\/p>\n<p>&nbsp;<\/p>\n<p>&nbsp;<\/p>\n<p>&nbsp;<\/p>\n<p>&nbsp;<\/p>\n<p>&nbsp;<\/p>\n<p>&nbsp;<\/p>\n<p>&nbsp;<\/p>\n<p>&nbsp;<\/p>\n<p>&nbsp;<\/p>\n<p>&nbsp;<\/p>\n<p>&nbsp;<\/p>\n<p>&nbsp;<\/p>\n<p>&nbsp;<\/p>\n<p>&nbsp;<\/p>\n<p>&nbsp;<\/p>\n<p>&nbsp;<\/p>\n<p>&nbsp;<\/p>\n<p>&nbsp;<\/p>\n<p>&nbsp;<\/p>\n<p>&nbsp;<\/p>\n<p>&nbsp;<\/p>\n<p>&nbsp;<\/p>\n<p>&nbsp;<\/p>\n<p>&nbsp;<\/p>\n<p>&nbsp;<\/p>\n<p>&nbsp;<\/p>\n<p>&nbsp;<\/p>\n<p>&nbsp;<\/p>\n<p>&nbsp;<\/p>\n<p>&nbsp;<\/p>\n<p>&nbsp;<\/p>\n<p>&nbsp;<\/p>\n<p>&nbsp;<\/p>\n<p>&nbsp;<\/p>\n<p>&nbsp;<\/p>\n<p>&nbsp;<\/p>\n<p>&nbsp;<\/p>\n<p>&nbsp;<\/p>\n<p>&nbsp;<\/p>\n<p>&nbsp;<\/p>\n<p>&nbsp;<\/p>","protected":false},"excerpt":{"rendered":"<ul>\n<li>Item No: E-0516A<\/li>\n<li>Material:\u00a0Plastic<\/li>\n<li>Size: L121*W71*H15MM<\/li>\n<li>Anwendungen: Sch\u00f6nheitsprodukte<\/li>\n<li>MOQ: 12,000 pcs<\/li>\n<li>Farbe: Benutzerdefinierte Farbe<\/li>\n<li>Surface treatment: Injection\/Matte\/Metalization\/UV coating<\/li>\n<li>Markenname: OEM\/ODM<\/li>\n<li>Logo: Logo des Kunden<\/li>\n<li>Lieferf\u00e4higkeit: 100.000 St\u00fcck pro Monat<\/li>\n<\/ul>","protected":false},"featured_media":10789,"template":"","meta":{"_acf_changed":false},"product_brand":[],"product_cat":[378],"product_tag":[393],"class_list":{"0":"post-10784","1":"product","2":"type-product","3":"status-publish","4":"has-post-thumbnail","6":"product_cat-custom-eyeshadow-packaging","7":"product_tag-eyeshadow-case","9":"first","10":"instock","11":"shipping-taxable","12":"product-type-simple"},"acf":[],"yoast_head":"<!-- This site is optimized with the Yoast SEO plugin v24.1 - https:\/\/yoast.com\/wordpress\/plugins\/seo\/ -->\n<title>10 girds empty eyeshadow container with brush position<\/title>\n<meta name=\"description\" content=\"This empty eyeshadow container is designed with both safety and functionality in mind and crafted from high-quality, durable, and non-toxic material.\" \/>\n<meta name=\"robots\" content=\"index, follow, max-snippet:-1, max-image-preview:large, max-video-preview:-1\" \/>\n<link rel=\"canonical\" href=\"https:\/\/www.alovey.com\/de\/produkt\/10-girds-empty-eyeshadow-container-with-brush-position\/\" \/>\n<meta property=\"og:locale\" content=\"de_DE\" \/>\n<meta property=\"og:type\" content=\"article\" \/>\n<meta property=\"og:title\" content=\"10 girds empty eyeshadow container with brush position\" \/>\n<meta property=\"og:description\" content=\"This empty eyeshadow container is designed with both safety and functionality in mind and crafted from high-quality, durable, and non-toxic material.\" \/>\n<meta property=\"og:url\" content=\"https:\/\/www.alovey.com\/de\/produkt\/10-girds-empty-eyeshadow-container-with-brush-position\/\" \/>\n<meta property=\"og:site_name\" content=\"Best Cosmetic Packaging Manufacture\" \/>\n<meta property=\"article:modified_time\" content=\"2025-06-19T09:38:14+00:00\" \/>\n<meta property=\"og:image\" content=\"https:\/\/www.alovey.com\/wp-content\/uploads\/2025\/06\/10-girds-empty-eyeshadow-container-with-brush-position-4.jpg\" \/>\n\t<meta property=\"og:image:width\" content=\"750\" \/>\n\t<meta property=\"og:image:height\" content=\"750\" \/>\n\t<meta property=\"og:image:type\" content=\"image\/jpeg\" \/>\n<meta name=\"twitter:card\" content=\"summary_large_image\" \/>\n<meta name=\"twitter:label1\" content=\"Gesch\u00e4tzte Lesezeit\" \/>\n\t<meta name=\"twitter:data1\" content=\"2\u00a0Minuten\" \/>\n<script type=\"application\/ld+json\" class=\"yoast-schema-graph\">{\"@context\":\"https:\/\/schema.org\",\"@graph\":[{\"@type\":\"WebPage\",\"@id\":\"https:\/\/www.alovey.com\/product\/10-girds-empty-eyeshadow-container-with-brush-position\/\",\"url\":\"https:\/\/www.alovey.com\/product\/10-girds-empty-eyeshadow-container-with-brush-position\/\",\"name\":\"10 girds empty eyeshadow container with brush position\",\"isPartOf\":{\"@id\":\"https:\/\/www.alovey.com\/#website\"},\"primaryImageOfPage\":{\"@id\":\"https:\/\/www.alovey.com\/product\/10-girds-empty-eyeshadow-container-with-brush-position\/#primaryimage\"},\"image\":{\"@id\":\"https:\/\/www.alovey.com\/product\/10-girds-empty-eyeshadow-container-with-brush-position\/#primaryimage\"},\"thumbnailUrl\":\"https:\/\/www.alovey.com\/wp-content\/uploads\/2025\/06\/10-girds-empty-eyeshadow-container-with-brush-position-4.jpg\",\"datePublished\":\"2025-06-19T09:16:24+00:00\",\"dateModified\":\"2025-06-19T09:38:14+00:00\",\"description\":\"This empty eyeshadow container is designed with both safety and functionality in mind and crafted from high-quality, durable, and non-toxic material.\",\"breadcrumb\":{\"@id\":\"https:\/\/www.alovey.com\/product\/10-girds-empty-eyeshadow-container-with-brush-position\/#breadcrumb\"},\"inLanguage\":\"de\",\"potentialAction\":[{\"@type\":\"ReadAction\",\"target\":[\"https:\/\/www.alovey.com\/product\/10-girds-empty-eyeshadow-container-with-brush-position\/\"]}]},{\"@type\":\"ImageObject\",\"inLanguage\":\"de\",\"@id\":\"https:\/\/www.alovey.com\/product\/10-girds-empty-eyeshadow-container-with-brush-position\/#primaryimage\",\"url\":\"https:\/\/www.alovey.com\/wp-content\/uploads\/2025\/06\/10-girds-empty-eyeshadow-container-with-brush-position-4.jpg\",\"contentUrl\":\"https:\/\/www.alovey.com\/wp-content\/uploads\/2025\/06\/10-girds-empty-eyeshadow-container-with-brush-position-4.jpg\",\"width\":750,\"height\":750,\"caption\":\"10 girds empty eyeshadow container with brush position\"},{\"@type\":\"BreadcrumbList\",\"@id\":\"https:\/\/www.alovey.com\/product\/10-girds-empty-eyeshadow-container-with-brush-position\/#breadcrumb\",\"itemListElement\":[{\"@type\":\"ListItem\",\"position\":1,\"name\":\"\u9996\u9875\",\"item\":\"https:\/\/www.alovey.com\/\"},{\"@type\":\"ListItem\",\"position\":2,\"name\":\"Products\",\"item\":\"https:\/\/www.alovey.com\/products\/\"},{\"@type\":\"ListItem\",\"position\":3,\"name\":\"10 girds empty eyeshadow container with brush position\"}]},{\"@type\":\"WebSite\",\"@id\":\"https:\/\/www.alovey.com\/#website\",\"url\":\"https:\/\/www.alovey.com\/\",\"name\":\"Best Cosmetic Packaging Manufacture\",\"description\":\"Alovey Cosmetic Packaging Co.,Ltd\",\"publisher\":{\"@id\":\"https:\/\/www.alovey.com\/#organization\"},\"potentialAction\":[{\"@type\":\"SearchAction\",\"target\":{\"@type\":\"EntryPoint\",\"urlTemplate\":\"https:\/\/www.alovey.com\/?s={search_term_string}\"},\"query-input\":{\"@type\":\"PropertyValueSpecification\",\"valueRequired\":true,\"valueName\":\"search_term_string\"}}],\"inLanguage\":\"de\"},{\"@type\":\"Organization\",\"@id\":\"https:\/\/www.alovey.com\/#organization\",\"name\":\"Best Cosmetic Packaging Manufacture\",\"url\":\"https:\/\/www.alovey.com\/\",\"logo\":{\"@type\":\"ImageObject\",\"inLanguage\":\"de\",\"@id\":\"https:\/\/www.alovey.com\/#\/schema\/logo\/image\/\",\"url\":\"https:\/\/www.alovey.com\/wp-content\/uploads\/2023\/03\/logo.png\",\"contentUrl\":\"https:\/\/www.alovey.com\/wp-content\/uploads\/2023\/03\/logo.png\",\"width\":505,\"height\":180,\"caption\":\"Best  Cosmetic Packaging Manufacture\"},\"image\":{\"@id\":\"https:\/\/www.alovey.com\/#\/schema\/logo\/image\/\"}}]}<\/script>\n<!-- \/ Yoast SEO plugin. -->","yoast_head_json":{"title":"10 girds empty eyeshadow container with brush position","description":"This empty eyeshadow container is designed with both safety and functionality in mind and crafted from high-quality, durable, and non-toxic material.","robots":{"index":"index","follow":"follow","max-snippet":"max-snippet:-1","max-image-preview":"max-image-preview:large","max-video-preview":"max-video-preview:-1"},"canonical":"https:\/\/www.alovey.com\/de\/produkt\/10-girds-empty-eyeshadow-container-with-brush-position\/","og_locale":"de_DE","og_type":"article","og_title":"10 girds empty eyeshadow container with brush position","og_description":"This empty eyeshadow container is designed with both safety and functionality in mind and crafted from high-quality, durable, and non-toxic material.","og_url":"https:\/\/www.alovey.com\/de\/produkt\/10-girds-empty-eyeshadow-container-with-brush-position\/","og_site_name":"Best Cosmetic Packaging Manufacture","article_modified_time":"2025-06-19T09:38:14+00:00","og_image":[{"width":750,"height":750,"url":"https:\/\/www.alovey.com\/wp-content\/uploads\/2025\/06\/10-girds-empty-eyeshadow-container-with-brush-position-4.jpg","type":"image\/jpeg"}],"twitter_card":"summary_large_image","twitter_misc":{"Gesch\u00e4tzte Lesezeit":"2\u00a0Minuten"},"schema":{"@context":"https:\/\/schema.org","@graph":[{"@type":"WebPage","@id":"https:\/\/www.alovey.com\/product\/10-girds-empty-eyeshadow-container-with-brush-position\/","url":"https:\/\/www.alovey.com\/product\/10-girds-empty-eyeshadow-container-with-brush-position\/","name":"10 girds empty eyeshadow container with brush position","isPartOf":{"@id":"https:\/\/www.alovey.com\/#website"},"primaryImageOfPage":{"@id":"https:\/\/www.alovey.com\/product\/10-girds-empty-eyeshadow-container-with-brush-position\/#primaryimage"},"image":{"@id":"https:\/\/www.alovey.com\/product\/10-girds-empty-eyeshadow-container-with-brush-position\/#primaryimage"},"thumbnailUrl":"https:\/\/www.alovey.com\/wp-content\/uploads\/2025\/06\/10-girds-empty-eyeshadow-container-with-brush-position-4.jpg","datePublished":"2025-06-19T09:16:24+00:00","dateModified":"2025-06-19T09:38:14+00:00","description":"This empty eyeshadow container is designed with both safety and functionality in mind and crafted from high-quality, durable, and non-toxic material.","breadcrumb":{"@id":"https:\/\/www.alovey.com\/product\/10-girds-empty-eyeshadow-container-with-brush-position\/#breadcrumb"},"inLanguage":"de","potentialAction":[{"@type":"ReadAction","target":["https:\/\/www.alovey.com\/product\/10-girds-empty-eyeshadow-container-with-brush-position\/"]}]},{"@type":"ImageObject","inLanguage":"de","@id":"https:\/\/www.alovey.com\/product\/10-girds-empty-eyeshadow-container-with-brush-position\/#primaryimage","url":"https:\/\/www.alovey.com\/wp-content\/uploads\/2025\/06\/10-girds-empty-eyeshadow-container-with-brush-position-4.jpg","contentUrl":"https:\/\/www.alovey.com\/wp-content\/uploads\/2025\/06\/10-girds-empty-eyeshadow-container-with-brush-position-4.jpg","width":750,"height":750,"caption":"10 girds empty eyeshadow container with brush position"},{"@type":"BreadcrumbList","@id":"https:\/\/www.alovey.com\/product\/10-girds-empty-eyeshadow-container-with-brush-position\/#breadcrumb","itemListElement":[{"@type":"ListItem","position":1,"name":"\u9996\u9875","item":"https:\/\/www.alovey.com\/"},{"@type":"ListItem","position":2,"name":"Products","item":"https:\/\/www.alovey.com\/products\/"},{"@type":"ListItem","position":3,"name":"10 girds empty eyeshadow container with brush position"}]},{"@type":"WebSite","@id":"https:\/\/www.alovey.com\/#website","url":"https:\/\/www.alovey.com\/","name":"Best Cosmetic Packaging Manufacture","description":"Alovey Cosmetic Packaging Co.,Ltd","publisher":{"@id":"https:\/\/www.alovey.com\/#organization"},"potentialAction":[{"@type":"SearchAction","target":{"@type":"EntryPoint","urlTemplate":"https:\/\/www.alovey.com\/?s={search_term_string}"},"query-input":{"@type":"PropertyValueSpecification","valueRequired":true,"valueName":"search_term_string"}}],"inLanguage":"de"},{"@type":"Organization","@id":"https:\/\/www.alovey.com\/#organization","name":"Best Cosmetic Packaging Manufacture","url":"https:\/\/www.alovey.com\/","logo":{"@type":"ImageObject","inLanguage":"de","@id":"https:\/\/www.alovey.com\/#\/schema\/logo\/image\/","url":"https:\/\/www.alovey.com\/wp-content\/uploads\/2023\/03\/logo.png","contentUrl":"https:\/\/www.alovey.com\/wp-content\/uploads\/2023\/03\/logo.png","width":505,"height":180,"caption":"Best  Cosmetic Packaging Manufacture"},"image":{"@id":"https:\/\/www.alovey.com\/#\/schema\/logo\/image\/"}}]}},"_links":{"self":[{"href":"https:\/\/www.alovey.com\/de\/wp-json\/wp\/v2\/product\/10784"}],"collection":[{"href":"https:\/\/www.alovey.com\/de\/wp-json\/wp\/v2\/product"}],"about":[{"href":"https:\/\/www.alovey.com\/de\/wp-json\/wp\/v2\/types\/product"}],"wp:featuredmedia":[{"embeddable":true,"href":"https:\/\/www.alovey.com\/de\/wp-json\/wp\/v2\/media\/10789"}],"wp:attachment":[{"href":"https:\/\/www.alovey.com\/de\/wp-json\/wp\/v2\/media?parent=10784"}],"wp:term":[{"taxonomy":"product_brand","embeddable":true,"href":"https:\/\/www.alovey.com\/de\/wp-json\/wp\/v2\/product_brand?post=10784"},{"taxonomy":"product_cat","embeddable":true,"href":"https:\/\/www.alovey.com\/de\/wp-json\/wp\/v2\/product_cat?post=10784"},{"taxonomy":"product_tag","embeddable":true,"href":"https:\/\/www.alovey.com\/de\/wp-json\/wp\/v2\/product_tag?post=10784"}],"curies":[{"name":"wp","href":"https:\/\/api.w.org\/{rel}","templated":true}]}}