{"id":10471,"date":"2025-05-22T07:52:16","date_gmt":"2025-05-22T07:52:16","guid":{"rendered":"https:\/\/www.alovey.com\/?post_type=product&#038;p=10471"},"modified":"2025-05-22T07:58:45","modified_gmt":"2025-05-22T07:58:45","slug":"custom-makeup-powder-case-with-single-pan","status":"publish","type":"product","link":"https:\/\/www.alovey.com\/de\/produkt\/custom-makeup-powder-case-with-single-pan\/","title":{"rendered":"Custom Makeup powder case with single pan"},"content":{"rendered":"<p><strong>This makeup powder case with c<\/strong><strong>ompact<\/strong><strong>\u00a0structure and m<\/strong><strong>ulti<\/strong><strong>\u00a0f<\/strong><strong>unctional<\/strong><strong>.<\/strong><\/p>\n<p><strong>It is perfect for travel or daily use, this portable makeup powder \u00a0case is ideal for storing cosmetic samples, cream, concealer, blush, foundation, \u00a0or BB cream. Lightweight and easy to carry, it keeps your makeup accessible anytime, anywhere.<\/strong><\/p>\n<p><strong>Alovey, ein professioneller chinesischer Hersteller von Kosmetikverpackungen, produziert eine exquisite Auswahl an kundenspezifischen Kosmetikverpackungen, die sorgf\u00e4ltig hergestellt werden, um Ihre Marke aufzuwerten. Unsere vielf\u00e4ltige Auswahl an Premium-Materialien, kombiniert mit feinen Oberfl\u00e4chenveredelungstechniken wie Siebdruck, Hei\u00dfpr\u00e4gung und mattem Spr\u00fchen, macht jede Verpackung zu einem einzigartigen Meisterwerk.<\/strong><\/p>\n<p><img fetchpriority=\"high\" decoding=\"async\" class=\"size-full wp-image-10479\" src=\"https:\/\/www.alovey.com\/wp-content\/uploads\/2025\/05\/Custom-Makeup-powder-case-with-single-pan-5.jpg\" alt=\"Makeup powder case\" width=\"750\" height=\"750\" srcset=\"https:\/\/www.alovey.com\/wp-content\/uploads\/2025\/05\/Custom-Makeup-powder-case-with-single-pan-5.jpg 750w, https:\/\/www.alovey.com\/wp-content\/uploads\/2025\/05\/Custom-Makeup-powder-case-with-single-pan-5-300x300.jpg 300w, https:\/\/www.alovey.com\/wp-content\/uploads\/2025\/05\/Custom-Makeup-powder-case-with-single-pan-5-150x150.jpg 150w, https:\/\/www.alovey.com\/wp-content\/uploads\/2025\/05\/Custom-Makeup-powder-case-with-single-pan-5-600x600.jpg 600w, https:\/\/www.alovey.com\/wp-content\/uploads\/2025\/05\/Custom-Makeup-powder-case-with-single-pan-5-100x100.jpg 100w\" sizes=\"(max-width: 750px) 100vw, 750px\" \/><\/p>\n<p><img decoding=\"async\" class=\"size-full wp-image-10477\" src=\"https:\/\/www.alovey.com\/wp-content\/uploads\/2025\/05\/Custom-Makeup-powder-case-with-single-pan-3.jpg\" alt=\"Makeup powder case\" width=\"750\" height=\"750\" srcset=\"https:\/\/www.alovey.com\/wp-content\/uploads\/2025\/05\/Custom-Makeup-powder-case-with-single-pan-3.jpg 750w, https:\/\/www.alovey.com\/wp-content\/uploads\/2025\/05\/Custom-Makeup-powder-case-with-single-pan-3-300x300.jpg 300w, https:\/\/www.alovey.com\/wp-content\/uploads\/2025\/05\/Custom-Makeup-powder-case-with-single-pan-3-150x150.jpg 150w, https:\/\/www.alovey.com\/wp-content\/uploads\/2025\/05\/Custom-Makeup-powder-case-with-single-pan-3-600x600.jpg 600w, https:\/\/www.alovey.com\/wp-content\/uploads\/2025\/05\/Custom-Makeup-powder-case-with-single-pan-3-100x100.jpg 100w\" sizes=\"(max-width: 750px) 100vw, 750px\" \/><\/p>\n<p><img decoding=\"async\" class=\"size-full wp-image-10476\" src=\"https:\/\/www.alovey.com\/wp-content\/uploads\/2025\/05\/Custom-Makeup-powder-case-with-single-pan-2.jpg\" alt=\"Makeup powder case\" width=\"750\" height=\"750\" srcset=\"https:\/\/www.alovey.com\/wp-content\/uploads\/2025\/05\/Custom-Makeup-powder-case-with-single-pan-2.jpg 750w, https:\/\/www.alovey.com\/wp-content\/uploads\/2025\/05\/Custom-Makeup-powder-case-with-single-pan-2-300x300.jpg 300w, https:\/\/www.alovey.com\/wp-content\/uploads\/2025\/05\/Custom-Makeup-powder-case-with-single-pan-2-150x150.jpg 150w, https:\/\/www.alovey.com\/wp-content\/uploads\/2025\/05\/Custom-Makeup-powder-case-with-single-pan-2-600x600.jpg 600w, https:\/\/www.alovey.com\/wp-content\/uploads\/2025\/05\/Custom-Makeup-powder-case-with-single-pan-2-100x100.jpg 100w\" sizes=\"(max-width: 750px) 100vw, 750px\" \/><\/p>\n<p><img loading=\"lazy\" decoding=\"async\" class=\"size-full wp-image-10474\" src=\"https:\/\/www.alovey.com\/wp-content\/uploads\/2025\/05\/Custom-Makeup-powder-case-with-single-pan-1.jpg\" alt=\"Makeup powder case\" width=\"750\" height=\"750\" srcset=\"https:\/\/www.alovey.com\/wp-content\/uploads\/2025\/05\/Custom-Makeup-powder-case-with-single-pan-1.jpg 750w, https:\/\/www.alovey.com\/wp-content\/uploads\/2025\/05\/Custom-Makeup-powder-case-with-single-pan-1-300x300.jpg 300w, https:\/\/www.alovey.com\/wp-content\/uploads\/2025\/05\/Custom-Makeup-powder-case-with-single-pan-1-150x150.jpg 150w, https:\/\/www.alovey.com\/wp-content\/uploads\/2025\/05\/Custom-Makeup-powder-case-with-single-pan-1-600x600.jpg 600w, https:\/\/www.alovey.com\/wp-content\/uploads\/2025\/05\/Custom-Makeup-powder-case-with-single-pan-1-100x100.jpg 100w\" sizes=\"(max-width: 750px) 100vw, 750px\" \/><\/p>\n<p><img loading=\"lazy\" decoding=\"async\" class=\"size-full wp-image-10473\" src=\"https:\/\/www.alovey.com\/wp-content\/uploads\/2025\/05\/Custom-Makeup-powder-case-with-single-pan-7.jpg\" alt=\"Makeup powder case\" width=\"750\" height=\"750\" srcset=\"https:\/\/www.alovey.com\/wp-content\/uploads\/2025\/05\/Custom-Makeup-powder-case-with-single-pan-7.jpg 750w, https:\/\/www.alovey.com\/wp-content\/uploads\/2025\/05\/Custom-Makeup-powder-case-with-single-pan-7-300x300.jpg 300w, https:\/\/www.alovey.com\/wp-content\/uploads\/2025\/05\/Custom-Makeup-powder-case-with-single-pan-7-150x150.jpg 150w, https:\/\/www.alovey.com\/wp-content\/uploads\/2025\/05\/Custom-Makeup-powder-case-with-single-pan-7-600x600.jpg 600w, https:\/\/www.alovey.com\/wp-content\/uploads\/2025\/05\/Custom-Makeup-powder-case-with-single-pan-7-100x100.jpg 100w\" sizes=\"(max-width: 750px) 100vw, 750px\" \/><\/p>\n<p><img loading=\"lazy\" decoding=\"async\" class=\"size-full wp-image-10478\" src=\"https:\/\/www.alovey.com\/wp-content\/uploads\/2025\/05\/Custom-Makeup-powder-case-with-single-pan-4.jpg\" alt=\"Makeup powder case\" width=\"630\" height=\"630\" srcset=\"https:\/\/www.alovey.com\/wp-content\/uploads\/2025\/05\/Custom-Makeup-powder-case-with-single-pan-4.jpg 630w, https:\/\/www.alovey.com\/wp-content\/uploads\/2025\/05\/Custom-Makeup-powder-case-with-single-pan-4-300x300.jpg 300w, https:\/\/www.alovey.com\/wp-content\/uploads\/2025\/05\/Custom-Makeup-powder-case-with-single-pan-4-150x150.jpg 150w, https:\/\/www.alovey.com\/wp-content\/uploads\/2025\/05\/Custom-Makeup-powder-case-with-single-pan-4-600x600.jpg 600w, https:\/\/www.alovey.com\/wp-content\/uploads\/2025\/05\/Custom-Makeup-powder-case-with-single-pan-4-100x100.jpg 100w\" sizes=\"(max-width: 630px) 100vw, 630px\" \/><\/p>\n<p>&nbsp;<\/p>\n<p>&nbsp;<\/p>\n<p>&nbsp;<\/p>\n<p>&nbsp;<\/p>\n<p>&nbsp;<\/p>\n<p>&nbsp;<\/p>\n<p>&nbsp;<\/p>\n<p>&nbsp;<\/p>\n<p>&nbsp;<\/p>\n<p>&nbsp;<\/p>\n<p>&nbsp;<\/p>\n<p>&nbsp;<\/p>\n<p>&nbsp;<\/p>\n<p>&nbsp;<\/p>\n<p>&nbsp;<\/p>\n<p>&nbsp;<\/p>\n<p>&nbsp;<\/p>\n<p>&nbsp;<\/p>\n<p>&nbsp;<\/p>\n<p>&nbsp;<\/p>\n<p>&nbsp;<\/p>\n<p>&nbsp;<\/p>\n<p>&nbsp;<\/p>\n<p>&nbsp;<\/p>\n<p>&nbsp;<\/p>\n<p>&nbsp;<\/p>\n<p>&nbsp;<\/p>\n<p>&nbsp;<\/p>\n<p>&nbsp;<\/p>\n<p>&nbsp;<\/p>\n<p>&nbsp;<\/p>\n<p>&nbsp;<\/p>\n<p>&nbsp;<\/p>\n<p>&nbsp;<\/p>\n<p>&nbsp;<\/p>\n<p>&nbsp;<\/p>\n<p>&nbsp;<\/p>\n<p>&nbsp;<\/p>\n<p>&nbsp;<\/p>\n<p>&nbsp;<\/p>\n<p>&nbsp;<\/p>\n<p>&nbsp;<\/p>\n<p>&nbsp;<\/p>\n<p>&nbsp;<\/p>\n<p>&nbsp;<\/p>\n<p>&nbsp;<\/p>\n<p>&nbsp;<\/p>\n<p>&nbsp;<\/p>\n<p>&nbsp;<\/p>\n<p>&nbsp;<\/p>\n<p>&nbsp;<\/p>\n<p>&nbsp;<\/p>\n<p>&nbsp;<\/p>\n<p>&nbsp;<\/p>\n<p>&nbsp;<\/p>\n<p>&nbsp;<\/p>\n<p>&nbsp;<\/p>\n<p>&nbsp;<\/p>\n<p>&nbsp;<\/p>\n<p>&nbsp;<\/p>\n<p>&nbsp;<\/p>\n<p>&nbsp;<\/p>\n<p>&nbsp;<\/p>\n<p>&nbsp;<\/p>\n<p>&nbsp;<\/p>\n<p>&nbsp;<\/p>\n<p>&nbsp;<\/p>\n<p>&nbsp;<\/p>\n<p>&nbsp;<\/p>\n<p>&nbsp;<\/p>\n<p>&nbsp;<\/p>\n<p>&nbsp;<\/p>\n<p>&nbsp;<\/p>\n<p>&nbsp;<\/p>\n<p>&nbsp;<\/p>\n<p>&nbsp;<\/p>\n<p>&nbsp;<\/p>\n<p>&nbsp;<\/p>\n<p>&nbsp;<\/p>\n<p>&nbsp;<\/p>\n<p>&nbsp;<\/p>\n<p>&nbsp;<\/p>\n<p>&nbsp;<\/p>\n<p>&nbsp;<\/p>\n<p>&nbsp;<\/p>\n<p>&nbsp;<\/p>\n<p>&nbsp;<\/p>\n<p>&nbsp;<\/p>\n<p>&nbsp;<\/p>\n<p>&nbsp;<\/p>\n<p>&nbsp;<\/p>\n<p>&nbsp;<\/p>\n<p>&nbsp;<\/p>\n<p>&nbsp;<\/p>\n<p>&nbsp;<\/p>\n<p>&nbsp;<\/p>\n<p>&nbsp;<\/p>\n<p>&nbsp;<\/p>\n<p>&nbsp;<\/p>\n<p>&nbsp;<\/p>\n<p>&nbsp;<\/p>\n<p>&nbsp;<\/p>\n<p>&nbsp;<\/p>\n<p>&nbsp;<\/p>\n<p>&nbsp;<\/p>\n<p>&nbsp;<\/p>\n<p>&nbsp;<\/p>\n<p>&nbsp;<\/p>\n<p>&nbsp;<\/p>\n<p>&nbsp;<\/p>\n<p>&nbsp;<\/p>\n<p>&nbsp;<\/p>\n<p>&nbsp;<\/p>\n<p>&nbsp;<\/p>\n<p>&nbsp;<\/p>\n<p>&nbsp;<\/p>\n<p>&nbsp;<\/p>\n<p>&nbsp;<\/p>\n<p>&nbsp;<\/p>\n<p>&nbsp;<\/p>","protected":false},"excerpt":{"rendered":"<ul>\n<li>Item No:P-0106A<\/li>\n<li>Material:\u00a0Plastic<\/li>\n<li>Size:L83*W74*H15MM (d59)<\/li>\n<li>Anwendungen: Sch\u00f6nheitsprodukte<\/li>\n<li>MOQ: 12,000 pcs<\/li>\n<li>Farbe: Benutzerdefinierte Farbe<\/li>\n<li>Surface treatment: Injection\/Matte\/Metalization\/UV coating<\/li>\n<li>Markenname: OEM\/ODM<\/li>\n<li>Logo: Logo des Kunden<\/li>\n<li>Lieferf\u00e4higkeit: 100.000 St\u00fcck pro Monat<\/li>\n<\/ul>","protected":false},"featured_media":10473,"template":"","meta":{"_acf_changed":false},"product_brand":[],"product_cat":[380],"product_tag":[387],"class_list":{"0":"post-10471","1":"product","2":"type-product","3":"status-publish","4":"has-post-thumbnail","6":"product_cat-cosmetic-compact-powder-cases","7":"product_tag-compact-powder-case","9":"first","10":"instock","11":"shipping-taxable","12":"product-type-simple"},"acf":[],"yoast_head":"<!-- This site is optimized with the Yoast SEO plugin v24.1 - https:\/\/yoast.com\/wordpress\/plugins\/seo\/ -->\n<title>Custom Makeup powder case with single pan<\/title>\n<meta name=\"description\" content=\"This makeup powder case with compact structure and multi functional.It is perfect for travel or daily use, this portable makeup powder case\" \/>\n<meta name=\"robots\" content=\"index, follow, max-snippet:-1, max-image-preview:large, max-video-preview:-1\" \/>\n<link rel=\"canonical\" href=\"https:\/\/www.alovey.com\/de\/produkt\/custom-makeup-powder-case-with-single-pan\/\" \/>\n<meta property=\"og:locale\" content=\"de_DE\" \/>\n<meta property=\"og:type\" content=\"article\" \/>\n<meta property=\"og:title\" content=\"Custom Makeup powder case with single pan\" \/>\n<meta property=\"og:description\" content=\"This makeup powder case with compact structure and multi functional.It is perfect for travel or daily use, this portable makeup powder case\" \/>\n<meta property=\"og:url\" content=\"https:\/\/www.alovey.com\/de\/produkt\/custom-makeup-powder-case-with-single-pan\/\" \/>\n<meta property=\"og:site_name\" content=\"Best Cosmetic Packaging Manufacture\" \/>\n<meta property=\"article:modified_time\" content=\"2025-05-22T07:58:45+00:00\" \/>\n<meta property=\"og:image\" content=\"https:\/\/www.alovey.com\/wp-content\/uploads\/2025\/05\/Custom-Makeup-powder-case-with-single-pan-7.jpg\" \/>\n\t<meta property=\"og:image:width\" content=\"750\" \/>\n\t<meta property=\"og:image:height\" content=\"750\" \/>\n\t<meta property=\"og:image:type\" content=\"image\/jpeg\" \/>\n<meta name=\"twitter:card\" content=\"summary_large_image\" \/>\n<meta name=\"twitter:label1\" content=\"Gesch\u00e4tzte Lesezeit\" \/>\n\t<meta name=\"twitter:data1\" content=\"2\u00a0Minuten\" \/>\n<script type=\"application\/ld+json\" class=\"yoast-schema-graph\">{\"@context\":\"https:\/\/schema.org\",\"@graph\":[{\"@type\":\"WebPage\",\"@id\":\"https:\/\/www.alovey.com\/product\/custom-makeup-powder-case-with-single-pan\/\",\"url\":\"https:\/\/www.alovey.com\/product\/custom-makeup-powder-case-with-single-pan\/\",\"name\":\"Custom Makeup powder case with single pan\",\"isPartOf\":{\"@id\":\"https:\/\/www.alovey.com\/#website\"},\"primaryImageOfPage\":{\"@id\":\"https:\/\/www.alovey.com\/product\/custom-makeup-powder-case-with-single-pan\/#primaryimage\"},\"image\":{\"@id\":\"https:\/\/www.alovey.com\/product\/custom-makeup-powder-case-with-single-pan\/#primaryimage\"},\"thumbnailUrl\":\"https:\/\/www.alovey.com\/wp-content\/uploads\/2025\/05\/Custom-Makeup-powder-case-with-single-pan-7.jpg\",\"datePublished\":\"2025-05-22T07:52:16+00:00\",\"dateModified\":\"2025-05-22T07:58:45+00:00\",\"description\":\"This makeup powder case with compact structure and multi functional.It is perfect for travel or daily use, this portable makeup powder case\",\"breadcrumb\":{\"@id\":\"https:\/\/www.alovey.com\/product\/custom-makeup-powder-case-with-single-pan\/#breadcrumb\"},\"inLanguage\":\"de\",\"potentialAction\":[{\"@type\":\"ReadAction\",\"target\":[\"https:\/\/www.alovey.com\/product\/custom-makeup-powder-case-with-single-pan\/\"]}]},{\"@type\":\"ImageObject\",\"inLanguage\":\"de\",\"@id\":\"https:\/\/www.alovey.com\/product\/custom-makeup-powder-case-with-single-pan\/#primaryimage\",\"url\":\"https:\/\/www.alovey.com\/wp-content\/uploads\/2025\/05\/Custom-Makeup-powder-case-with-single-pan-7.jpg\",\"contentUrl\":\"https:\/\/www.alovey.com\/wp-content\/uploads\/2025\/05\/Custom-Makeup-powder-case-with-single-pan-7.jpg\",\"width\":750,\"height\":750,\"caption\":\"Custom Makeup powder case with single pan\"},{\"@type\":\"BreadcrumbList\",\"@id\":\"https:\/\/www.alovey.com\/product\/custom-makeup-powder-case-with-single-pan\/#breadcrumb\",\"itemListElement\":[{\"@type\":\"ListItem\",\"position\":1,\"name\":\"\u9996\u9875\",\"item\":\"https:\/\/www.alovey.com\/\"},{\"@type\":\"ListItem\",\"position\":2,\"name\":\"Products\",\"item\":\"https:\/\/www.alovey.com\/products\/\"},{\"@type\":\"ListItem\",\"position\":3,\"name\":\"Custom Makeup powder case with single pan\"}]},{\"@type\":\"WebSite\",\"@id\":\"https:\/\/www.alovey.com\/#website\",\"url\":\"https:\/\/www.alovey.com\/\",\"name\":\"Best Cosmetic Packaging Manufacture\",\"description\":\"Alovey Cosmetic Packaging Co.,Ltd\",\"publisher\":{\"@id\":\"https:\/\/www.alovey.com\/#organization\"},\"potentialAction\":[{\"@type\":\"SearchAction\",\"target\":{\"@type\":\"EntryPoint\",\"urlTemplate\":\"https:\/\/www.alovey.com\/?s={search_term_string}\"},\"query-input\":{\"@type\":\"PropertyValueSpecification\",\"valueRequired\":true,\"valueName\":\"search_term_string\"}}],\"inLanguage\":\"de\"},{\"@type\":\"Organization\",\"@id\":\"https:\/\/www.alovey.com\/#organization\",\"name\":\"Best Cosmetic Packaging Manufacture\",\"url\":\"https:\/\/www.alovey.com\/\",\"logo\":{\"@type\":\"ImageObject\",\"inLanguage\":\"de\",\"@id\":\"https:\/\/www.alovey.com\/#\/schema\/logo\/image\/\",\"url\":\"https:\/\/www.alovey.com\/wp-content\/uploads\/2023\/03\/logo.png\",\"contentUrl\":\"https:\/\/www.alovey.com\/wp-content\/uploads\/2023\/03\/logo.png\",\"width\":505,\"height\":180,\"caption\":\"Best  Cosmetic Packaging Manufacture\"},\"image\":{\"@id\":\"https:\/\/www.alovey.com\/#\/schema\/logo\/image\/\"}}]}<\/script>\n<!-- \/ Yoast SEO plugin. -->","yoast_head_json":{"title":"Custom Makeup powder case with single pan","description":"This makeup powder case with compact structure and multi functional.It is perfect for travel or daily use, this portable makeup powder case","robots":{"index":"index","follow":"follow","max-snippet":"max-snippet:-1","max-image-preview":"max-image-preview:large","max-video-preview":"max-video-preview:-1"},"canonical":"https:\/\/www.alovey.com\/de\/produkt\/custom-makeup-powder-case-with-single-pan\/","og_locale":"de_DE","og_type":"article","og_title":"Custom Makeup powder case with single pan","og_description":"This makeup powder case with compact structure and multi functional.It is perfect for travel or daily use, this portable makeup powder case","og_url":"https:\/\/www.alovey.com\/de\/produkt\/custom-makeup-powder-case-with-single-pan\/","og_site_name":"Best Cosmetic Packaging Manufacture","article_modified_time":"2025-05-22T07:58:45+00:00","og_image":[{"width":750,"height":750,"url":"https:\/\/www.alovey.com\/wp-content\/uploads\/2025\/05\/Custom-Makeup-powder-case-with-single-pan-7.jpg","type":"image\/jpeg"}],"twitter_card":"summary_large_image","twitter_misc":{"Gesch\u00e4tzte Lesezeit":"2\u00a0Minuten"},"schema":{"@context":"https:\/\/schema.org","@graph":[{"@type":"WebPage","@id":"https:\/\/www.alovey.com\/product\/custom-makeup-powder-case-with-single-pan\/","url":"https:\/\/www.alovey.com\/product\/custom-makeup-powder-case-with-single-pan\/","name":"Custom Makeup powder case with single pan","isPartOf":{"@id":"https:\/\/www.alovey.com\/#website"},"primaryImageOfPage":{"@id":"https:\/\/www.alovey.com\/product\/custom-makeup-powder-case-with-single-pan\/#primaryimage"},"image":{"@id":"https:\/\/www.alovey.com\/product\/custom-makeup-powder-case-with-single-pan\/#primaryimage"},"thumbnailUrl":"https:\/\/www.alovey.com\/wp-content\/uploads\/2025\/05\/Custom-Makeup-powder-case-with-single-pan-7.jpg","datePublished":"2025-05-22T07:52:16+00:00","dateModified":"2025-05-22T07:58:45+00:00","description":"This makeup powder case with compact structure and multi functional.It is perfect for travel or daily use, this portable makeup powder case","breadcrumb":{"@id":"https:\/\/www.alovey.com\/product\/custom-makeup-powder-case-with-single-pan\/#breadcrumb"},"inLanguage":"de","potentialAction":[{"@type":"ReadAction","target":["https:\/\/www.alovey.com\/product\/custom-makeup-powder-case-with-single-pan\/"]}]},{"@type":"ImageObject","inLanguage":"de","@id":"https:\/\/www.alovey.com\/product\/custom-makeup-powder-case-with-single-pan\/#primaryimage","url":"https:\/\/www.alovey.com\/wp-content\/uploads\/2025\/05\/Custom-Makeup-powder-case-with-single-pan-7.jpg","contentUrl":"https:\/\/www.alovey.com\/wp-content\/uploads\/2025\/05\/Custom-Makeup-powder-case-with-single-pan-7.jpg","width":750,"height":750,"caption":"Custom Makeup powder case with single pan"},{"@type":"BreadcrumbList","@id":"https:\/\/www.alovey.com\/product\/custom-makeup-powder-case-with-single-pan\/#breadcrumb","itemListElement":[{"@type":"ListItem","position":1,"name":"\u9996\u9875","item":"https:\/\/www.alovey.com\/"},{"@type":"ListItem","position":2,"name":"Products","item":"https:\/\/www.alovey.com\/products\/"},{"@type":"ListItem","position":3,"name":"Custom Makeup powder case with single pan"}]},{"@type":"WebSite","@id":"https:\/\/www.alovey.com\/#website","url":"https:\/\/www.alovey.com\/","name":"Best Cosmetic Packaging Manufacture","description":"Alovey Cosmetic Packaging Co.,Ltd","publisher":{"@id":"https:\/\/www.alovey.com\/#organization"},"potentialAction":[{"@type":"SearchAction","target":{"@type":"EntryPoint","urlTemplate":"https:\/\/www.alovey.com\/?s={search_term_string}"},"query-input":{"@type":"PropertyValueSpecification","valueRequired":true,"valueName":"search_term_string"}}],"inLanguage":"de"},{"@type":"Organization","@id":"https:\/\/www.alovey.com\/#organization","name":"Best Cosmetic Packaging Manufacture","url":"https:\/\/www.alovey.com\/","logo":{"@type":"ImageObject","inLanguage":"de","@id":"https:\/\/www.alovey.com\/#\/schema\/logo\/image\/","url":"https:\/\/www.alovey.com\/wp-content\/uploads\/2023\/03\/logo.png","contentUrl":"https:\/\/www.alovey.com\/wp-content\/uploads\/2023\/03\/logo.png","width":505,"height":180,"caption":"Best  Cosmetic Packaging Manufacture"},"image":{"@id":"https:\/\/www.alovey.com\/#\/schema\/logo\/image\/"}}]}},"_links":{"self":[{"href":"https:\/\/www.alovey.com\/de\/wp-json\/wp\/v2\/product\/10471"}],"collection":[{"href":"https:\/\/www.alovey.com\/de\/wp-json\/wp\/v2\/product"}],"about":[{"href":"https:\/\/www.alovey.com\/de\/wp-json\/wp\/v2\/types\/product"}],"wp:featuredmedia":[{"embeddable":true,"href":"https:\/\/www.alovey.com\/de\/wp-json\/wp\/v2\/media\/10473"}],"wp:attachment":[{"href":"https:\/\/www.alovey.com\/de\/wp-json\/wp\/v2\/media?parent=10471"}],"wp:term":[{"taxonomy":"product_brand","embeddable":true,"href":"https:\/\/www.alovey.com\/de\/wp-json\/wp\/v2\/product_brand?post=10471"},{"taxonomy":"product_cat","embeddable":true,"href":"https:\/\/www.alovey.com\/de\/wp-json\/wp\/v2\/product_cat?post=10471"},{"taxonomy":"product_tag","embeddable":true,"href":"https:\/\/www.alovey.com\/de\/wp-json\/wp\/v2\/product_tag?post=10471"}],"curies":[{"name":"wp","href":"https:\/\/api.w.org\/{rel}","templated":true}]}}